{"id":5768,"date":"2014-05-26T14:46:33","date_gmt":"2014-05-26T12:46:33","guid":{"rendered":"http:\/\/fonsvinum.com\/product\/toscana-bianco-arioso-campo-alla-sughera\/"},"modified":"2014-05-26T14:46:33","modified_gmt":"2014-05-26T12:46:33","slug":"toscana-bianco-arioso-campo-alla-sughera","status":"publish","type":"product","link":"https:\/\/fonsvinum.com\/de\/produkt\/toscana-bianco-arioso-campo-alla-sughera\/","title":{"rendered":"Toscana Bianco Arioso Campo alla Sughera"},"content":{"rendered":"<p>Toscana Bianco Arioso<a title=\"Campo alla Sughera\" href=\"https:\/\/fonsvinum.com\/produttore\/campo-sughera\/\"> Campo alla Sughera<\/a>.<\/p>\n<p>Ein ausgewogener, leuchtender strohgelber Wei\u00dfwein mit leichten gr\u00fcnen Reflexen.<\/p>\n<p>Intensive duftende Aromen von Pfirsich, Minze und Melone verw\u00f6hnen die\u00a0Nase. Im Mund ist er sehr fruchtig mit einem angenehmen lang anhaltenden Schmelz.\u00a0<\/p>\n","protected":false},"excerpt":{"rendered":"<p>Toscana Bianco Arioso Campo alla Sughera. Ein ausgewogener, leuchtender strohgelber Wei\u00dfwein mit leichten gr\u00fcnen Reflexen. Intensive duftende Aromen von Pfirsich, Minze und Melone verw\u00f6hnen die\u00a0Nase. Im Mund ist er sehr fruchtig mit einem angenehmen lang anhaltenden Schmelz.\u00a0<\/p>\n","protected":false},"featured_media":5770,"comment_status":"open","ping_status":"closed","template":"","meta":{"_acf_changed":false,"_monsterinsights_skip_tracking":false,"_monsterinsights_sitenote_active":false,"_monsterinsights_sitenote_note":"","_monsterinsights_sitenote_category":0},"product_brand":[],"product_cat":[2162],"product_tag":[],"class_list":{"0":"post-5768","1":"product","2":"type-product","3":"status-publish","4":"has-post-thumbnail","6":"product_cat-blend","7":"pa_appellation-toscana-bianco-igt-de","8":"pa_formato-0-75-l-flasche-de","9":"pa_producer-campo-alla-sughera-de","10":"pa_region-toskana-de","11":"pa_vine-50-sauvignon-50-viognier-de","12":"pa_vintage-2012-de","14":"first","15":"instock","16":"featured","17":"taxable","18":"shipping-taxable","19":"purchasable","20":"product-type-simple"},"bundled_by":[],"bundle_stock_status":"instock","bundle_stock_quantity":null,"bundle_virtual":false,"bundle_layout":"","bundle_add_to_cart_form_location":"","bundle_editable_in_cart":false,"bundle_sold_individually_context":"","bundle_item_grouping":"","bundle_min_size":"","bundle_max_size":"","bundle_price":[],"bundled_items":[],"bundle_sell_ids":[],"yoast_head":"<!-- This site is optimized with the Yoast SEO plugin v27.3 - https:\/\/yoast.com\/product\/yoast-seo-wordpress\/ -->\n<title>Buy Toscana Bianco Arioso Campo alla Sughera wine online at 18.89 \u20ac | FonsVinum<\/title>\n<meta name=\"robots\" content=\"index, follow, max-snippet:-1, max-image-preview:large, max-video-preview:-1\" \/>\n<link rel=\"canonical\" href=\"https:\/\/fonsvinum.com\/de\/produkt\/toscana-bianco-arioso-campo-alla-sughera\/\" \/>\n<meta property=\"og:locale\" content=\"de_DE\" \/>\n<meta property=\"og:type\" content=\"article\" \/>\n<meta property=\"og:title\" content=\"Buy Toscana Bianco Arioso Campo alla Sughera wine online at 18.89 \u20ac | FonsVinum\" \/>\n<meta property=\"og:description\" content=\"Toscana Bianco Arioso Campo alla Sughera. Ein ausgewogener, leuchtender strohgelber Wei\u00dfwein mit leichten gr\u00fcnen Reflexen. Intensive duftende Aromen von Pfirsich, Minze und Melone verw\u00f6hnen die\u00a0Nase. Im Mund ist er sehr fruchtig mit einem angenehmen lang anhaltenden Schmelz.\u00a0\" \/>\n<meta property=\"og:url\" content=\"https:\/\/fonsvinum.com\/de\/produkt\/toscana-bianco-arioso-campo-alla-sughera\/\" \/>\n<meta property=\"og:site_name\" content=\"Fons Vinum\" \/>\n<meta property=\"og:image\" content=\"https:\/\/fonsvinum.com\/files\/2014\/05\/toscana-bianco-arioso-campo-alla-sughera.png\" \/>\n\t<meta property=\"og:image:width\" content=\"200\" \/>\n\t<meta property=\"og:image:height\" content=\"600\" \/>\n\t<meta property=\"og:image:type\" content=\"image\/png\" \/>\n<script type=\"application\/ld+json\" class=\"yoast-schema-graph\">{\"@context\":\"https:\\\/\\\/schema.org\",\"@graph\":[{\"@type\":\"WebPage\",\"@id\":\"https:\\\/\\\/fonsvinum.com\\\/de\\\/produkt\\\/toscana-bianco-arioso-campo-alla-sughera\\\/\",\"url\":\"https:\\\/\\\/fonsvinum.com\\\/de\\\/produkt\\\/toscana-bianco-arioso-campo-alla-sughera\\\/\",\"name\":\"Buy Toscana Bianco Arioso Campo alla Sughera wine online at 18.89 \u20ac | FonsVinum\",\"isPartOf\":{\"@id\":\"https:\\\/\\\/fonsvinum.com\\\/en\\\/#website\"},\"primaryImageOfPage\":{\"@id\":\"https:\\\/\\\/fonsvinum.com\\\/de\\\/produkt\\\/toscana-bianco-arioso-campo-alla-sughera\\\/#primaryimage\"},\"image\":{\"@id\":\"https:\\\/\\\/fonsvinum.com\\\/de\\\/produkt\\\/toscana-bianco-arioso-campo-alla-sughera\\\/#primaryimage\"},\"thumbnailUrl\":\"https:\\\/\\\/fonsvinum.com\\\/files\\\/2014\\\/05\\\/toscana-bianco-arioso-campo-alla-sughera.png\",\"datePublished\":\"2014-05-26T12:46:33+00:00\",\"breadcrumb\":{\"@id\":\"https:\\\/\\\/fonsvinum.com\\\/de\\\/produkt\\\/toscana-bianco-arioso-campo-alla-sughera\\\/#breadcrumb\"},\"inLanguage\":\"de\",\"potentialAction\":[{\"@type\":\"ReadAction\",\"target\":[\"https:\\\/\\\/fonsvinum.com\\\/de\\\/produkt\\\/toscana-bianco-arioso-campo-alla-sughera\\\/\"]}]},{\"@type\":\"ImageObject\",\"inLanguage\":\"de\",\"@id\":\"https:\\\/\\\/fonsvinum.com\\\/de\\\/produkt\\\/toscana-bianco-arioso-campo-alla-sughera\\\/#primaryimage\",\"url\":\"https:\\\/\\\/fonsvinum.com\\\/files\\\/2014\\\/05\\\/toscana-bianco-arioso-campo-alla-sughera.png\",\"contentUrl\":\"https:\\\/\\\/fonsvinum.com\\\/files\\\/2014\\\/05\\\/toscana-bianco-arioso-campo-alla-sughera.png\",\"width\":200,\"height\":600},{\"@type\":\"BreadcrumbList\",\"@id\":\"https:\\\/\\\/fonsvinum.com\\\/de\\\/produkt\\\/toscana-bianco-arioso-campo-alla-sughera\\\/#breadcrumb\",\"itemListElement\":[{\"@type\":\"ListItem\",\"position\":1,\"name\":\"Startseite\",\"item\":\"https:\\\/\\\/fonsvinum.com\\\/de\\\/\"},{\"@type\":\"ListItem\",\"position\":2,\"name\":\"Shop\",\"item\":\"https:\\\/\\\/fonsvinum.com\\\/de\\\/shop\\\/\"},{\"@type\":\"ListItem\",\"position\":3,\"name\":\"Toscana Bianco Arioso Campo alla Sughera\"}]},{\"@type\":\"WebSite\",\"@id\":\"https:\\\/\\\/fonsvinum.com\\\/en\\\/#website\",\"url\":\"https:\\\/\\\/fonsvinum.com\\\/en\\\/\",\"name\":\"Fons Vinum\",\"description\":\"Vendita Vino Online\",\"publisher\":{\"@id\":\"https:\\\/\\\/fonsvinum.com\\\/en\\\/#organization\"},\"potentialAction\":[{\"@type\":\"SearchAction\",\"target\":{\"@type\":\"EntryPoint\",\"urlTemplate\":\"https:\\\/\\\/fonsvinum.com\\\/en\\\/?s={search_term_string}\"},\"query-input\":{\"@type\":\"PropertyValueSpecification\",\"valueRequired\":true,\"valueName\":\"search_term_string\"}}],\"inLanguage\":\"de\"},{\"@type\":\"Organization\",\"@id\":\"https:\\\/\\\/fonsvinum.com\\\/en\\\/#organization\",\"name\":\"Fons Vinum\",\"url\":\"https:\\\/\\\/fonsvinum.com\\\/en\\\/\",\"logo\":{\"@type\":\"ImageObject\",\"inLanguage\":\"de\",\"@id\":\"https:\\\/\\\/fonsvinum.com\\\/en\\\/#\\\/schema\\\/logo\\\/image\\\/\",\"url\":\"\",\"contentUrl\":\"\",\"caption\":\"Fons Vinum\"},\"image\":{\"@id\":\"https:\\\/\\\/fonsvinum.com\\\/en\\\/#\\\/schema\\\/logo\\\/image\\\/\"}}]}<\/script>\n<!-- \/ Yoast SEO plugin. -->","yoast_head_json":{"title":"Buy Toscana Bianco Arioso Campo alla Sughera wine online at 18.89 \u20ac | FonsVinum","robots":{"index":"index","follow":"follow","max-snippet":"max-snippet:-1","max-image-preview":"max-image-preview:large","max-video-preview":"max-video-preview:-1"},"canonical":"https:\/\/fonsvinum.com\/de\/produkt\/toscana-bianco-arioso-campo-alla-sughera\/","og_locale":"de_DE","og_type":"article","og_title":"Buy Toscana Bianco Arioso Campo alla Sughera wine online at 18.89 \u20ac | FonsVinum","og_description":"Toscana Bianco Arioso Campo alla Sughera. Ein ausgewogener, leuchtender strohgelber Wei\u00dfwein mit leichten gr\u00fcnen Reflexen. Intensive duftende Aromen von Pfirsich, Minze und Melone verw\u00f6hnen die\u00a0Nase. Im Mund ist er sehr fruchtig mit einem angenehmen lang anhaltenden Schmelz.\u00a0","og_url":"https:\/\/fonsvinum.com\/de\/produkt\/toscana-bianco-arioso-campo-alla-sughera\/","og_site_name":"Fons Vinum","og_image":[{"width":200,"height":600,"url":"https:\/\/fonsvinum.com\/files\/2014\/05\/toscana-bianco-arioso-campo-alla-sughera.png","type":"image\/png"}],"schema":{"@context":"https:\/\/schema.org","@graph":[{"@type":"WebPage","@id":"https:\/\/fonsvinum.com\/de\/produkt\/toscana-bianco-arioso-campo-alla-sughera\/","url":"https:\/\/fonsvinum.com\/de\/produkt\/toscana-bianco-arioso-campo-alla-sughera\/","name":"Buy Toscana Bianco Arioso Campo alla Sughera wine online at 18.89 \u20ac | FonsVinum","isPartOf":{"@id":"https:\/\/fonsvinum.com\/en\/#website"},"primaryImageOfPage":{"@id":"https:\/\/fonsvinum.com\/de\/produkt\/toscana-bianco-arioso-campo-alla-sughera\/#primaryimage"},"image":{"@id":"https:\/\/fonsvinum.com\/de\/produkt\/toscana-bianco-arioso-campo-alla-sughera\/#primaryimage"},"thumbnailUrl":"https:\/\/fonsvinum.com\/files\/2014\/05\/toscana-bianco-arioso-campo-alla-sughera.png","datePublished":"2014-05-26T12:46:33+00:00","breadcrumb":{"@id":"https:\/\/fonsvinum.com\/de\/produkt\/toscana-bianco-arioso-campo-alla-sughera\/#breadcrumb"},"inLanguage":"de","potentialAction":[{"@type":"ReadAction","target":["https:\/\/fonsvinum.com\/de\/produkt\/toscana-bianco-arioso-campo-alla-sughera\/"]}]},{"@type":"ImageObject","inLanguage":"de","@id":"https:\/\/fonsvinum.com\/de\/produkt\/toscana-bianco-arioso-campo-alla-sughera\/#primaryimage","url":"https:\/\/fonsvinum.com\/files\/2014\/05\/toscana-bianco-arioso-campo-alla-sughera.png","contentUrl":"https:\/\/fonsvinum.com\/files\/2014\/05\/toscana-bianco-arioso-campo-alla-sughera.png","width":200,"height":600},{"@type":"BreadcrumbList","@id":"https:\/\/fonsvinum.com\/de\/produkt\/toscana-bianco-arioso-campo-alla-sughera\/#breadcrumb","itemListElement":[{"@type":"ListItem","position":1,"name":"Startseite","item":"https:\/\/fonsvinum.com\/de\/"},{"@type":"ListItem","position":2,"name":"Shop","item":"https:\/\/fonsvinum.com\/de\/shop\/"},{"@type":"ListItem","position":3,"name":"Toscana Bianco Arioso Campo alla Sughera"}]},{"@type":"WebSite","@id":"https:\/\/fonsvinum.com\/en\/#website","url":"https:\/\/fonsvinum.com\/en\/","name":"Fons Vinum","description":"Vendita Vino Online","publisher":{"@id":"https:\/\/fonsvinum.com\/en\/#organization"},"potentialAction":[{"@type":"SearchAction","target":{"@type":"EntryPoint","urlTemplate":"https:\/\/fonsvinum.com\/en\/?s={search_term_string}"},"query-input":{"@type":"PropertyValueSpecification","valueRequired":true,"valueName":"search_term_string"}}],"inLanguage":"de"},{"@type":"Organization","@id":"https:\/\/fonsvinum.com\/en\/#organization","name":"Fons Vinum","url":"https:\/\/fonsvinum.com\/en\/","logo":{"@type":"ImageObject","inLanguage":"de","@id":"https:\/\/fonsvinum.com\/en\/#\/schema\/logo\/image\/","url":"","contentUrl":"","caption":"Fons Vinum"},"image":{"@id":"https:\/\/fonsvinum.com\/en\/#\/schema\/logo\/image\/"}}]}},"acf":[],"_links":{"self":[{"href":"https:\/\/fonsvinum.com\/de\/wp-json\/wp\/v2\/product\/5768","targetHints":{"allow":["GET"]}}],"collection":[{"href":"https:\/\/fonsvinum.com\/de\/wp-json\/wp\/v2\/product"}],"about":[{"href":"https:\/\/fonsvinum.com\/de\/wp-json\/wp\/v2\/types\/product"}],"replies":[{"embeddable":true,"href":"https:\/\/fonsvinum.com\/de\/wp-json\/wp\/v2\/comments?post=5768"}],"wp:featuredmedia":[{"embeddable":true,"href":"https:\/\/fonsvinum.com\/de\/wp-json\/wp\/v2\/media\/5770"}],"wp:attachment":[{"href":"https:\/\/fonsvinum.com\/de\/wp-json\/wp\/v2\/media?parent=5768"}],"wp:term":[{"taxonomy":"product_brand","embeddable":true,"href":"https:\/\/fonsvinum.com\/de\/wp-json\/wp\/v2\/product_brand?post=5768"},{"taxonomy":"product_cat","embeddable":true,"href":"https:\/\/fonsvinum.com\/de\/wp-json\/wp\/v2\/product_cat?post=5768"},{"taxonomy":"product_tag","embeddable":true,"href":"https:\/\/fonsvinum.com\/de\/wp-json\/wp\/v2\/product_tag?post=5768"}],"curies":[{"name":"wp","href":"https:\/\/api.w.org\/{rel}","templated":true}]}}