{"id":5732,"date":"2015-01-26T15:55:22","date_gmt":"2015-01-26T14:55:22","guid":{"rendered":"http:\/\/fonsvinum.com\/product\/amarone-della-valpolicella-2009-dal-forno-romano-2\/"},"modified":"2019-11-26T06:48:08","modified_gmt":"2019-11-26T05:48:08","slug":"amarone-della-valpolicella-2009-dal-forno-romano","status":"publish","type":"product","link":"https:\/\/fonsvinum.com\/de\/produkt\/amarone-della-valpolicella-2009-dal-forno-romano\/","title":{"rendered":"Amarone della Valpolicella 2009 &#8211; Dal Forno Romano"},"content":{"rendered":"<h1>Amarone della Valpolicella 2009 Dal Forno Romano<\/h1>\n<p class=\"full\">Die Weine Romano dal Fornos sind einzigartig, seinen Amarone zu trinken ein unvergessliches Erlebnis. Romano hat es sich auf die Fahne geschrieben, den ohnehin konzentrierten Wein &#8230;<\/p>\n<p>Der Amarone della Valpolicella besticht mit seiner dichten granatroten Farbe.<\/p>\n<p>Feinw\u00fcrzige, warme Aromen von Pflaumen, s\u00fc\u00dfen Fr\u00fcchten, Rosinen, Kaffee, Tabak und Vanille sowie eine Spur von Bitterschokolade umspielen die Nase.<br \/>\nIm komplexen, anhaltenden, weichen, vollen und nuancenreichen Mund brilliert er mit einer herzhaften Fruchtf\u00fclle und der sanften Tanninstruktur.<\/p>\n<p>Genie\u00dfen Sie ihn zu w\u00fcrzigen Kaninchenpasteten, geschmortem Wildschwein und reifen K\u00e4sesorten.<\/p>\n","protected":false},"excerpt":{"rendered":"<p>Amarone della Valpolicella 2009 Dal Forno Romano Die Weine Romano dal Fornos sind einzigartig, seinen Amarone zu trinken ein unvergessliches Erlebnis. Romano hat es sich auf die Fahne geschrieben, den ohnehin konzentrierten Wein &#8230; Der Amarone della Valpolicella besticht mit seiner dichten granatroten Farbe. Feinw\u00fcrzige, warme Aromen von Pflaumen, s\u00fc\u00dfen Fr\u00fcchten, Rosinen, Kaffee, Tabak und [&hellip;]<\/p>\n","protected":false},"featured_media":3627,"comment_status":"open","ping_status":"closed","template":"","meta":{"_acf_changed":false,"_monsterinsights_skip_tracking":false,"_monsterinsights_sitenote_active":false,"_monsterinsights_sitenote_note":"","_monsterinsights_sitenote_category":0},"product_brand":[],"product_cat":[2336],"product_tag":[1733],"class_list":{"0":"post-5732","1":"product","2":"type-product","3":"status-publish","4":"has-post-thumbnail","6":"product_cat-amarone-de","7":"product_tag-aussergewoehnliche-weine-de","8":"pa_appellation-amarone-della-valpolicella-docg-de","9":"pa_formato-0-75-l-flasche-de","10":"pa_producer-dal-forno-romano-de","11":"pa_region-venetien-de","12":"pa_vine-60-corvina-20-rondinella-10-oseleta-10-croatina-de","13":"pa_vintage-2009-de","15":"first","16":"instock","17":"taxable","18":"shipping-taxable","19":"purchasable","20":"product-type-simple"},"bundled_by":[],"bundle_stock_status":"instock","bundle_stock_quantity":4,"bundle_virtual":false,"bundle_layout":"","bundle_add_to_cart_form_location":"","bundle_editable_in_cart":false,"bundle_sold_individually_context":"","bundle_item_grouping":"","bundle_min_size":"","bundle_max_size":"","bundle_price":[],"bundled_items":[],"bundle_sell_ids":[],"yoast_head":"<!-- This site is optimized with the Yoast SEO plugin v27.3 - https:\/\/yoast.com\/product\/yoast-seo-wordpress\/ -->\n<title>Amarone della Valpolicella 2009 - Dal Forno Romano<\/title>\n<meta name=\"description\" content=\"Die Weine Romano dal Fornos sind einzigartig, seinen Amarone zu trinken ein unvergessliches Erlebnis. Romano hat es sich auf die Fahne geschrieben, den ohnehin konzentrierten Wein ...\" \/>\n<meta name=\"robots\" content=\"index, follow, max-snippet:-1, max-image-preview:large, max-video-preview:-1\" \/>\n<link rel=\"canonical\" href=\"https:\/\/fonsvinum.com\/de\/produkt\/amarone-della-valpolicella-2009-dal-forno-romano\/\" \/>\n<meta property=\"og:locale\" content=\"de_DE\" \/>\n<meta property=\"og:type\" content=\"article\" \/>\n<meta property=\"og:title\" content=\"Amarone della Valpolicella 2009 - Dal Forno Romano\" \/>\n<meta property=\"og:description\" content=\"Die Weine Romano dal Fornos sind einzigartig, seinen Amarone zu trinken ein unvergessliches Erlebnis. Romano hat es sich auf die Fahne geschrieben, den ohnehin konzentrierten Wein ...\" \/>\n<meta property=\"og:url\" content=\"https:\/\/fonsvinum.com\/de\/produkt\/amarone-della-valpolicella-2009-dal-forno-romano\/\" \/>\n<meta property=\"og:site_name\" content=\"Fons Vinum\" \/>\n<meta property=\"article:modified_time\" content=\"2019-11-26T05:48:08+00:00\" \/>\n<meta property=\"og:image\" content=\"https:\/\/fonsvinum.com\/files\/2015\/01\/amarone-dal-forno.png\" \/>\n\t<meta property=\"og:image:width\" content=\"248\" \/>\n\t<meta property=\"og:image:height\" content=\"517\" \/>\n\t<meta property=\"og:image:type\" content=\"image\/png\" \/>\n<script type=\"application\/ld+json\" class=\"yoast-schema-graph\">{\"@context\":\"https:\\\/\\\/schema.org\",\"@graph\":[{\"@type\":\"WebPage\",\"@id\":\"https:\\\/\\\/fonsvinum.com\\\/de\\\/produkt\\\/amarone-della-valpolicella-2009-dal-forno-romano\\\/\",\"url\":\"https:\\\/\\\/fonsvinum.com\\\/de\\\/produkt\\\/amarone-della-valpolicella-2009-dal-forno-romano\\\/\",\"name\":\"Amarone della Valpolicella 2009 - Dal Forno Romano\",\"isPartOf\":{\"@id\":\"https:\\\/\\\/fonsvinum.com\\\/en\\\/#website\"},\"primaryImageOfPage\":{\"@id\":\"https:\\\/\\\/fonsvinum.com\\\/de\\\/produkt\\\/amarone-della-valpolicella-2009-dal-forno-romano\\\/#primaryimage\"},\"image\":{\"@id\":\"https:\\\/\\\/fonsvinum.com\\\/de\\\/produkt\\\/amarone-della-valpolicella-2009-dal-forno-romano\\\/#primaryimage\"},\"thumbnailUrl\":\"https:\\\/\\\/fonsvinum.com\\\/files\\\/2015\\\/01\\\/amarone-dal-forno.png\",\"datePublished\":\"2015-01-26T14:55:22+00:00\",\"dateModified\":\"2019-11-26T05:48:08+00:00\",\"description\":\"Die Weine Romano dal Fornos sind einzigartig, seinen Amarone zu trinken ein unvergessliches Erlebnis. Romano hat es sich auf die Fahne geschrieben, den ohnehin konzentrierten Wein ...\",\"breadcrumb\":{\"@id\":\"https:\\\/\\\/fonsvinum.com\\\/de\\\/produkt\\\/amarone-della-valpolicella-2009-dal-forno-romano\\\/#breadcrumb\"},\"inLanguage\":\"de\",\"potentialAction\":[{\"@type\":\"ReadAction\",\"target\":[\"https:\\\/\\\/fonsvinum.com\\\/de\\\/produkt\\\/amarone-della-valpolicella-2009-dal-forno-romano\\\/\"]}]},{\"@type\":\"ImageObject\",\"inLanguage\":\"de\",\"@id\":\"https:\\\/\\\/fonsvinum.com\\\/de\\\/produkt\\\/amarone-della-valpolicella-2009-dal-forno-romano\\\/#primaryimage\",\"url\":\"https:\\\/\\\/fonsvinum.com\\\/files\\\/2015\\\/01\\\/amarone-dal-forno.png\",\"contentUrl\":\"https:\\\/\\\/fonsvinum.com\\\/files\\\/2015\\\/01\\\/amarone-dal-forno.png\",\"width\":248,\"height\":517,\"caption\":\"amarone-dal-forno\"},{\"@type\":\"BreadcrumbList\",\"@id\":\"https:\\\/\\\/fonsvinum.com\\\/de\\\/produkt\\\/amarone-della-valpolicella-2009-dal-forno-romano\\\/#breadcrumb\",\"itemListElement\":[{\"@type\":\"ListItem\",\"position\":1,\"name\":\"Startseite\",\"item\":\"https:\\\/\\\/fonsvinum.com\\\/de\\\/\"},{\"@type\":\"ListItem\",\"position\":2,\"name\":\"Shop\",\"item\":\"https:\\\/\\\/fonsvinum.com\\\/de\\\/shop\\\/\"},{\"@type\":\"ListItem\",\"position\":3,\"name\":\"Amarone della Valpolicella 2009 &#8211; Dal Forno Romano\"}]},{\"@type\":\"WebSite\",\"@id\":\"https:\\\/\\\/fonsvinum.com\\\/en\\\/#website\",\"url\":\"https:\\\/\\\/fonsvinum.com\\\/en\\\/\",\"name\":\"Fons Vinum\",\"description\":\"Vendita Vino Online\",\"publisher\":{\"@id\":\"https:\\\/\\\/fonsvinum.com\\\/en\\\/#organization\"},\"potentialAction\":[{\"@type\":\"SearchAction\",\"target\":{\"@type\":\"EntryPoint\",\"urlTemplate\":\"https:\\\/\\\/fonsvinum.com\\\/en\\\/?s={search_term_string}\"},\"query-input\":{\"@type\":\"PropertyValueSpecification\",\"valueRequired\":true,\"valueName\":\"search_term_string\"}}],\"inLanguage\":\"de\"},{\"@type\":\"Organization\",\"@id\":\"https:\\\/\\\/fonsvinum.com\\\/en\\\/#organization\",\"name\":\"Fons Vinum\",\"url\":\"https:\\\/\\\/fonsvinum.com\\\/en\\\/\",\"logo\":{\"@type\":\"ImageObject\",\"inLanguage\":\"de\",\"@id\":\"https:\\\/\\\/fonsvinum.com\\\/en\\\/#\\\/schema\\\/logo\\\/image\\\/\",\"url\":\"\",\"contentUrl\":\"\",\"caption\":\"Fons Vinum\"},\"image\":{\"@id\":\"https:\\\/\\\/fonsvinum.com\\\/en\\\/#\\\/schema\\\/logo\\\/image\\\/\"}}]}<\/script>\n<!-- \/ Yoast SEO plugin. -->","yoast_head_json":{"title":"Amarone della Valpolicella 2009 - Dal Forno Romano","description":"Die Weine Romano dal Fornos sind einzigartig, seinen Amarone zu trinken ein unvergessliches Erlebnis. Romano hat es sich auf die Fahne geschrieben, den ohnehin konzentrierten Wein ...","robots":{"index":"index","follow":"follow","max-snippet":"max-snippet:-1","max-image-preview":"max-image-preview:large","max-video-preview":"max-video-preview:-1"},"canonical":"https:\/\/fonsvinum.com\/de\/produkt\/amarone-della-valpolicella-2009-dal-forno-romano\/","og_locale":"de_DE","og_type":"article","og_title":"Amarone della Valpolicella 2009 - Dal Forno Romano","og_description":"Die Weine Romano dal Fornos sind einzigartig, seinen Amarone zu trinken ein unvergessliches Erlebnis. Romano hat es sich auf die Fahne geschrieben, den ohnehin konzentrierten Wein ...","og_url":"https:\/\/fonsvinum.com\/de\/produkt\/amarone-della-valpolicella-2009-dal-forno-romano\/","og_site_name":"Fons Vinum","article_modified_time":"2019-11-26T05:48:08+00:00","og_image":[{"width":248,"height":517,"url":"https:\/\/fonsvinum.com\/files\/2015\/01\/amarone-dal-forno.png","type":"image\/png"}],"schema":{"@context":"https:\/\/schema.org","@graph":[{"@type":"WebPage","@id":"https:\/\/fonsvinum.com\/de\/produkt\/amarone-della-valpolicella-2009-dal-forno-romano\/","url":"https:\/\/fonsvinum.com\/de\/produkt\/amarone-della-valpolicella-2009-dal-forno-romano\/","name":"Amarone della Valpolicella 2009 - Dal Forno Romano","isPartOf":{"@id":"https:\/\/fonsvinum.com\/en\/#website"},"primaryImageOfPage":{"@id":"https:\/\/fonsvinum.com\/de\/produkt\/amarone-della-valpolicella-2009-dal-forno-romano\/#primaryimage"},"image":{"@id":"https:\/\/fonsvinum.com\/de\/produkt\/amarone-della-valpolicella-2009-dal-forno-romano\/#primaryimage"},"thumbnailUrl":"https:\/\/fonsvinum.com\/files\/2015\/01\/amarone-dal-forno.png","datePublished":"2015-01-26T14:55:22+00:00","dateModified":"2019-11-26T05:48:08+00:00","description":"Die Weine Romano dal Fornos sind einzigartig, seinen Amarone zu trinken ein unvergessliches Erlebnis. Romano hat es sich auf die Fahne geschrieben, den ohnehin konzentrierten Wein ...","breadcrumb":{"@id":"https:\/\/fonsvinum.com\/de\/produkt\/amarone-della-valpolicella-2009-dal-forno-romano\/#breadcrumb"},"inLanguage":"de","potentialAction":[{"@type":"ReadAction","target":["https:\/\/fonsvinum.com\/de\/produkt\/amarone-della-valpolicella-2009-dal-forno-romano\/"]}]},{"@type":"ImageObject","inLanguage":"de","@id":"https:\/\/fonsvinum.com\/de\/produkt\/amarone-della-valpolicella-2009-dal-forno-romano\/#primaryimage","url":"https:\/\/fonsvinum.com\/files\/2015\/01\/amarone-dal-forno.png","contentUrl":"https:\/\/fonsvinum.com\/files\/2015\/01\/amarone-dal-forno.png","width":248,"height":517,"caption":"amarone-dal-forno"},{"@type":"BreadcrumbList","@id":"https:\/\/fonsvinum.com\/de\/produkt\/amarone-della-valpolicella-2009-dal-forno-romano\/#breadcrumb","itemListElement":[{"@type":"ListItem","position":1,"name":"Startseite","item":"https:\/\/fonsvinum.com\/de\/"},{"@type":"ListItem","position":2,"name":"Shop","item":"https:\/\/fonsvinum.com\/de\/shop\/"},{"@type":"ListItem","position":3,"name":"Amarone della Valpolicella 2009 &#8211; Dal Forno Romano"}]},{"@type":"WebSite","@id":"https:\/\/fonsvinum.com\/en\/#website","url":"https:\/\/fonsvinum.com\/en\/","name":"Fons Vinum","description":"Vendita Vino Online","publisher":{"@id":"https:\/\/fonsvinum.com\/en\/#organization"},"potentialAction":[{"@type":"SearchAction","target":{"@type":"EntryPoint","urlTemplate":"https:\/\/fonsvinum.com\/en\/?s={search_term_string}"},"query-input":{"@type":"PropertyValueSpecification","valueRequired":true,"valueName":"search_term_string"}}],"inLanguage":"de"},{"@type":"Organization","@id":"https:\/\/fonsvinum.com\/en\/#organization","name":"Fons Vinum","url":"https:\/\/fonsvinum.com\/en\/","logo":{"@type":"ImageObject","inLanguage":"de","@id":"https:\/\/fonsvinum.com\/en\/#\/schema\/logo\/image\/","url":"","contentUrl":"","caption":"Fons Vinum"},"image":{"@id":"https:\/\/fonsvinum.com\/en\/#\/schema\/logo\/image\/"}}]}},"acf":[],"_links":{"self":[{"href":"https:\/\/fonsvinum.com\/de\/wp-json\/wp\/v2\/product\/5732","targetHints":{"allow":["GET"]}}],"collection":[{"href":"https:\/\/fonsvinum.com\/de\/wp-json\/wp\/v2\/product"}],"about":[{"href":"https:\/\/fonsvinum.com\/de\/wp-json\/wp\/v2\/types\/product"}],"replies":[{"embeddable":true,"href":"https:\/\/fonsvinum.com\/de\/wp-json\/wp\/v2\/comments?post=5732"}],"wp:featuredmedia":[{"embeddable":true,"href":"https:\/\/fonsvinum.com\/de\/wp-json\/wp\/v2\/media\/3627"}],"wp:attachment":[{"href":"https:\/\/fonsvinum.com\/de\/wp-json\/wp\/v2\/media?parent=5732"}],"wp:term":[{"taxonomy":"product_brand","embeddable":true,"href":"https:\/\/fonsvinum.com\/de\/wp-json\/wp\/v2\/product_brand?post=5732"},{"taxonomy":"product_cat","embeddable":true,"href":"https:\/\/fonsvinum.com\/de\/wp-json\/wp\/v2\/product_cat?post=5732"},{"taxonomy":"product_tag","embeddable":true,"href":"https:\/\/fonsvinum.com\/de\/wp-json\/wp\/v2\/product_tag?post=5732"}],"curies":[{"name":"wp","href":"https:\/\/api.w.org\/{rel}","templated":true}]}}