{"id":5712,"date":"2013-04-25T16:31:10","date_gmt":"2013-04-25T14:31:10","guid":{"rendered":"http:\/\/fonsvinum.com\/product\/nebbiolo-dalba-il-principe-michele-chiarlo\/"},"modified":"2020-03-09T12:26:29","modified_gmt":"2020-03-09T11:26:29","slug":"nebbiolo-dalba-il-principe-michele-chiarlo","status":"publish","type":"product","link":"https:\/\/fonsvinum.com\/de\/produkt\/nebbiolo-dalba-il-principe-michele-chiarlo\/","title":{"rendered":"Nebbiolo d&#8217;Alba Il Principe MICHELE CHIARLO"},"content":{"rendered":"<p>Der Nebbiolo d&#8217;Alba Il Principe MICHELE CHIARLO erstrahlt im Glas in einem intensiven Granatrot.<\/p>\n<p>Die Nase umschmeichelt er mit unverwechselbaren Aromen von Waldfr\u00fcchten wie Himbeeren und Brombeeren. Dazu verschmelzen duftige Aromen, erinnernd an Veilchen und Hundsrose, mit feinen R\u00f6stnoten von Holz.<\/p>\n<p>Am Gaumen zeigt er sich schlank und w\u00fcrzig mit charakteristischer S\u00e4ure und exzellenter Struktur.<\/p>\n<p>Er passt ausgezeichnet zu Pasta mit Tr\u00fcffeln, Terrinen und Pasteten von Wild und Gefl\u00fcgel, Gerichten vom Kaninchen, Schwein, Rind, Kalb und Lamm sowie mildem Hartk\u00e4se.<\/p>\n","protected":false},"excerpt":{"rendered":"<p>Der Nebbiolo d&#8217;Alba Il Principe MICHELE CHIARLO erstrahlt im Glas in einem intensiven Granatrot. Die Nase umschmeichelt er mit unverwechselbaren Aromen von Waldfr\u00fcchten wie Himbeeren und Brombeeren. Dazu verschmelzen duftige Aromen, erinnernd an Veilchen und Hundsrose, mit feinen R\u00f6stnoten von Holz. Am Gaumen zeigt er sich schlank und w\u00fcrzig mit charakteristischer S\u00e4ure und exzellenter Struktur. [&hellip;]<\/p>\n","protected":false},"featured_media":5714,"comment_status":"open","ping_status":"closed","template":"","meta":{"_acf_changed":false,"_monsterinsights_skip_tracking":false,"_monsterinsights_sitenote_active":false,"_monsterinsights_sitenote_note":"","_monsterinsights_sitenote_category":0},"product_brand":[],"product_cat":[2356],"product_tag":[15893,15959],"class_list":{"0":"post-5712","1":"product","2":"type-product","3":"status-publish","4":"has-post-thumbnail","6":"product_cat-nebbiolo-de","7":"product_tag-piemonte-de","8":"product_tag-vino-rosso-de","9":"pa_appellation-nebbiolo-dalba-doc-de","10":"pa_formato-0-75-l-flasche-de","11":"pa_producer-michele-chiarlo-de","12":"pa_region-piemont-de","13":"pa_vine-100-nebbiolo-de","14":"pa_vintage-2017-de","16":"first","17":"outofstock","18":"taxable","19":"shipping-taxable","20":"purchasable","21":"product-type-simple"},"bundled_by":[],"bundle_stock_status":"outofstock","bundle_stock_quantity":0,"bundle_virtual":false,"bundle_layout":"","bundle_add_to_cart_form_location":"","bundle_editable_in_cart":false,"bundle_sold_individually_context":"","bundle_item_grouping":"","bundle_min_size":"","bundle_max_size":"","bundle_price":[],"bundled_items":[],"bundle_sell_ids":[],"yoast_head":"<!-- This site is optimized with the Yoast SEO plugin v27.2 - https:\/\/yoast.com\/product\/yoast-seo-wordpress\/ -->\n<title>Nebbiolo d&#039;Alba Il Principe MICHELE CHIARLO acquista online<\/title>\n<meta name=\"description\" content=\"Nebbiolo d&#039;Alba Il Principe MICHELE CHIARLO ANNATA Spedizione gratuita acquista online su Fons vinum i grandi vini piemontesi\" \/>\n<meta name=\"robots\" content=\"index, follow, max-snippet:-1, max-image-preview:large, max-video-preview:-1\" \/>\n<link rel=\"canonical\" href=\"https:\/\/fonsvinum.com\/de\/produkt\/nebbiolo-dalba-il-principe-michele-chiarlo\/\" \/>\n<meta property=\"og:locale\" content=\"de_DE\" \/>\n<meta property=\"og:type\" content=\"article\" \/>\n<meta property=\"og:title\" content=\"Nebbiolo d&#039;Alba Il Principe MICHELE CHIARLO acquista online\" \/>\n<meta property=\"og:description\" content=\"Nebbiolo d&#039;Alba Il Principe MICHELE CHIARLO ANNATA Spedizione gratuita acquista online su Fons vinum i grandi vini piemontesi\" \/>\n<meta property=\"og:url\" content=\"https:\/\/fonsvinum.com\/de\/produkt\/nebbiolo-dalba-il-principe-michele-chiarlo\/\" \/>\n<meta property=\"og:site_name\" content=\"Fons Vinum\" \/>\n<meta property=\"article:modified_time\" content=\"2020-03-09T11:26:29+00:00\" \/>\n<meta property=\"og:image\" content=\"https:\/\/fonsvinum.com\/files\/2013\/04\/nebbiolo_alba_chiarlo_il_principe.jpg\" \/>\n\t<meta property=\"og:image:width\" content=\"187\" \/>\n\t<meta property=\"og:image:height\" content=\"690\" \/>\n\t<meta property=\"og:image:type\" content=\"image\/jpeg\" \/>\n<script type=\"application\/ld+json\" class=\"yoast-schema-graph\">{\"@context\":\"https:\/\/schema.org\",\"@graph\":[{\"@type\":\"WebPage\",\"@id\":\"https:\/\/fonsvinum.com\/de\/produkt\/nebbiolo-dalba-il-principe-michele-chiarlo\/\",\"url\":\"https:\/\/fonsvinum.com\/de\/produkt\/nebbiolo-dalba-il-principe-michele-chiarlo\/\",\"name\":\"Nebbiolo d'Alba Il Principe MICHELE CHIARLO acquista online\",\"isPartOf\":{\"@id\":\"https:\/\/fonsvinum.com\/en\/#website\"},\"primaryImageOfPage\":{\"@id\":\"https:\/\/fonsvinum.com\/de\/produkt\/nebbiolo-dalba-il-principe-michele-chiarlo\/#primaryimage\"},\"image\":{\"@id\":\"https:\/\/fonsvinum.com\/de\/produkt\/nebbiolo-dalba-il-principe-michele-chiarlo\/#primaryimage\"},\"thumbnailUrl\":\"https:\/\/fonsvinum.com\/files\/2013\/04\/nebbiolo_alba_chiarlo_il_principe.jpg\",\"datePublished\":\"2013-04-25T14:31:10+00:00\",\"dateModified\":\"2020-03-09T11:26:29+00:00\",\"description\":\"Nebbiolo d'Alba Il Principe MICHELE CHIARLO ANNATA Spedizione gratuita acquista online su Fons vinum i grandi vini piemontesi\",\"breadcrumb\":{\"@id\":\"https:\/\/fonsvinum.com\/de\/produkt\/nebbiolo-dalba-il-principe-michele-chiarlo\/#breadcrumb\"},\"inLanguage\":\"de\",\"potentialAction\":[{\"@type\":\"ReadAction\",\"target\":[\"https:\/\/fonsvinum.com\/de\/produkt\/nebbiolo-dalba-il-principe-michele-chiarlo\/\"]}]},{\"@type\":\"ImageObject\",\"inLanguage\":\"de\",\"@id\":\"https:\/\/fonsvinum.com\/de\/produkt\/nebbiolo-dalba-il-principe-michele-chiarlo\/#primaryimage\",\"url\":\"https:\/\/fonsvinum.com\/files\/2013\/04\/nebbiolo_alba_chiarlo_il_principe.jpg\",\"contentUrl\":\"https:\/\/fonsvinum.com\/files\/2013\/04\/nebbiolo_alba_chiarlo_il_principe.jpg\",\"width\":187,\"height\":690},{\"@type\":\"BreadcrumbList\",\"@id\":\"https:\/\/fonsvinum.com\/de\/produkt\/nebbiolo-dalba-il-principe-michele-chiarlo\/#breadcrumb\",\"itemListElement\":[{\"@type\":\"ListItem\",\"position\":1,\"name\":\"Startseite\",\"item\":\"https:\/\/fonsvinum.com\/de\/\"},{\"@type\":\"ListItem\",\"position\":2,\"name\":\"Shop\",\"item\":\"https:\/\/fonsvinum.com\/de\/shop\/\"},{\"@type\":\"ListItem\",\"position\":3,\"name\":\"Nebbiolo d&#8217;Alba Il Principe MICHELE CHIARLO\"}]},{\"@type\":\"WebSite\",\"@id\":\"https:\/\/fonsvinum.com\/en\/#website\",\"url\":\"https:\/\/fonsvinum.com\/en\/\",\"name\":\"Fons Vinum\",\"description\":\"Vendita Vino Online\",\"publisher\":{\"@id\":\"https:\/\/fonsvinum.com\/en\/#organization\"},\"potentialAction\":[{\"@type\":\"SearchAction\",\"target\":{\"@type\":\"EntryPoint\",\"urlTemplate\":\"https:\/\/fonsvinum.com\/en\/?s={search_term_string}\"},\"query-input\":{\"@type\":\"PropertyValueSpecification\",\"valueRequired\":true,\"valueName\":\"search_term_string\"}}],\"inLanguage\":\"de\"},{\"@type\":\"Organization\",\"@id\":\"https:\/\/fonsvinum.com\/en\/#organization\",\"name\":\"Fons Vinum\",\"url\":\"https:\/\/fonsvinum.com\/en\/\",\"logo\":{\"@type\":\"ImageObject\",\"inLanguage\":\"de\",\"@id\":\"https:\/\/fonsvinum.com\/en\/#\/schema\/logo\/image\/\",\"url\":\"\",\"contentUrl\":\"\",\"caption\":\"Fons Vinum\"},\"image\":{\"@id\":\"https:\/\/fonsvinum.com\/en\/#\/schema\/logo\/image\/\"}}]}<\/script>\n<!-- \/ Yoast SEO plugin. -->","yoast_head_json":{"title":"Nebbiolo d'Alba Il Principe MICHELE CHIARLO acquista online","description":"Nebbiolo d'Alba Il Principe MICHELE CHIARLO ANNATA Spedizione gratuita acquista online su Fons vinum i grandi vini piemontesi","robots":{"index":"index","follow":"follow","max-snippet":"max-snippet:-1","max-image-preview":"max-image-preview:large","max-video-preview":"max-video-preview:-1"},"canonical":"https:\/\/fonsvinum.com\/de\/produkt\/nebbiolo-dalba-il-principe-michele-chiarlo\/","og_locale":"de_DE","og_type":"article","og_title":"Nebbiolo d'Alba Il Principe MICHELE CHIARLO acquista online","og_description":"Nebbiolo d'Alba Il Principe MICHELE CHIARLO ANNATA Spedizione gratuita acquista online su Fons vinum i grandi vini piemontesi","og_url":"https:\/\/fonsvinum.com\/de\/produkt\/nebbiolo-dalba-il-principe-michele-chiarlo\/","og_site_name":"Fons Vinum","article_modified_time":"2020-03-09T11:26:29+00:00","og_image":[{"width":187,"height":690,"url":"https:\/\/fonsvinum.com\/files\/2013\/04\/nebbiolo_alba_chiarlo_il_principe.jpg","type":"image\/jpeg"}],"schema":{"@context":"https:\/\/schema.org","@graph":[{"@type":"WebPage","@id":"https:\/\/fonsvinum.com\/de\/produkt\/nebbiolo-dalba-il-principe-michele-chiarlo\/","url":"https:\/\/fonsvinum.com\/de\/produkt\/nebbiolo-dalba-il-principe-michele-chiarlo\/","name":"Nebbiolo d'Alba Il Principe MICHELE CHIARLO acquista online","isPartOf":{"@id":"https:\/\/fonsvinum.com\/en\/#website"},"primaryImageOfPage":{"@id":"https:\/\/fonsvinum.com\/de\/produkt\/nebbiolo-dalba-il-principe-michele-chiarlo\/#primaryimage"},"image":{"@id":"https:\/\/fonsvinum.com\/de\/produkt\/nebbiolo-dalba-il-principe-michele-chiarlo\/#primaryimage"},"thumbnailUrl":"https:\/\/fonsvinum.com\/files\/2013\/04\/nebbiolo_alba_chiarlo_il_principe.jpg","datePublished":"2013-04-25T14:31:10+00:00","dateModified":"2020-03-09T11:26:29+00:00","description":"Nebbiolo d'Alba Il Principe MICHELE CHIARLO ANNATA Spedizione gratuita acquista online su Fons vinum i grandi vini piemontesi","breadcrumb":{"@id":"https:\/\/fonsvinum.com\/de\/produkt\/nebbiolo-dalba-il-principe-michele-chiarlo\/#breadcrumb"},"inLanguage":"de","potentialAction":[{"@type":"ReadAction","target":["https:\/\/fonsvinum.com\/de\/produkt\/nebbiolo-dalba-il-principe-michele-chiarlo\/"]}]},{"@type":"ImageObject","inLanguage":"de","@id":"https:\/\/fonsvinum.com\/de\/produkt\/nebbiolo-dalba-il-principe-michele-chiarlo\/#primaryimage","url":"https:\/\/fonsvinum.com\/files\/2013\/04\/nebbiolo_alba_chiarlo_il_principe.jpg","contentUrl":"https:\/\/fonsvinum.com\/files\/2013\/04\/nebbiolo_alba_chiarlo_il_principe.jpg","width":187,"height":690},{"@type":"BreadcrumbList","@id":"https:\/\/fonsvinum.com\/de\/produkt\/nebbiolo-dalba-il-principe-michele-chiarlo\/#breadcrumb","itemListElement":[{"@type":"ListItem","position":1,"name":"Startseite","item":"https:\/\/fonsvinum.com\/de\/"},{"@type":"ListItem","position":2,"name":"Shop","item":"https:\/\/fonsvinum.com\/de\/shop\/"},{"@type":"ListItem","position":3,"name":"Nebbiolo d&#8217;Alba Il Principe MICHELE CHIARLO"}]},{"@type":"WebSite","@id":"https:\/\/fonsvinum.com\/en\/#website","url":"https:\/\/fonsvinum.com\/en\/","name":"Fons Vinum","description":"Vendita Vino Online","publisher":{"@id":"https:\/\/fonsvinum.com\/en\/#organization"},"potentialAction":[{"@type":"SearchAction","target":{"@type":"EntryPoint","urlTemplate":"https:\/\/fonsvinum.com\/en\/?s={search_term_string}"},"query-input":{"@type":"PropertyValueSpecification","valueRequired":true,"valueName":"search_term_string"}}],"inLanguage":"de"},{"@type":"Organization","@id":"https:\/\/fonsvinum.com\/en\/#organization","name":"Fons Vinum","url":"https:\/\/fonsvinum.com\/en\/","logo":{"@type":"ImageObject","inLanguage":"de","@id":"https:\/\/fonsvinum.com\/en\/#\/schema\/logo\/image\/","url":"","contentUrl":"","caption":"Fons Vinum"},"image":{"@id":"https:\/\/fonsvinum.com\/en\/#\/schema\/logo\/image\/"}}]}},"acf":[],"_links":{"self":[{"href":"https:\/\/fonsvinum.com\/de\/wp-json\/wp\/v2\/product\/5712","targetHints":{"allow":["GET"]}}],"collection":[{"href":"https:\/\/fonsvinum.com\/de\/wp-json\/wp\/v2\/product"}],"about":[{"href":"https:\/\/fonsvinum.com\/de\/wp-json\/wp\/v2\/types\/product"}],"replies":[{"embeddable":true,"href":"https:\/\/fonsvinum.com\/de\/wp-json\/wp\/v2\/comments?post=5712"}],"wp:featuredmedia":[{"embeddable":true,"href":"https:\/\/fonsvinum.com\/de\/wp-json\/wp\/v2\/media\/5714"}],"wp:attachment":[{"href":"https:\/\/fonsvinum.com\/de\/wp-json\/wp\/v2\/media?parent=5712"}],"wp:term":[{"taxonomy":"product_brand","embeddable":true,"href":"https:\/\/fonsvinum.com\/de\/wp-json\/wp\/v2\/product_brand?post=5712"},{"taxonomy":"product_cat","embeddable":true,"href":"https:\/\/fonsvinum.com\/de\/wp-json\/wp\/v2\/product_cat?post=5712"},{"taxonomy":"product_tag","embeddable":true,"href":"https:\/\/fonsvinum.com\/de\/wp-json\/wp\/v2\/product_tag?post=5712"}],"curies":[{"name":"wp","href":"https:\/\/api.w.org\/{rel}","templated":true}]}}