{"id":5546,"date":"2013-04-25T15:11:33","date_gmt":"2013-04-25T13:11:33","guid":{"rendered":"http:\/\/fonsvinum.com\/product\/chardonnay-piemonte-monteriolo-coppo\/"},"modified":"2020-03-06T09:47:25","modified_gmt":"2020-03-06T08:47:25","slug":"chardonnay-piemonte-monteriolo-coppo-2015","status":"publish","type":"product","link":"https:\/\/fonsvinum.com\/de\/produkt\/chardonnay-piemonte-monteriolo-coppo-2015\/","title":{"rendered":"Chardonnay Piemonte Monteriolo COPPO 2015"},"content":{"rendered":"<h1><b>Chardonnay Piemonte Monteriolo <a title=\"coppo\" href=\"https:\/\/fonsvinum.com\/produttore\/comprare-vini-cantina-coppo-winery-canelli\/http:\/\/\" target=\"_blank\" rel=\"noopener noreferrer\">COPPO<\/a><\/b>\u00a02015<\/h1>\n<p><b>Chardonnay\u00a0Monteriolo<\/b> <b>von Coppo<\/b> zeigt sich stroh- bis goldgelb im Glas, offenbart mineralische Noten, Kamille, Zitrus und exotische Fr\u00fcchte und schmeckt w\u00fcrzig und angenehm frisch. Dieser Chardonnay passt wunderbar zu Fisch, hellem Fleisch und Ziegenk\u00e4se.<\/p>\n","protected":false},"excerpt":{"rendered":"<p>Chardonnay Piemonte Monteriolo COPPO\u00a02015 Chardonnay\u00a0Monteriolo von Coppo zeigt sich stroh- bis goldgelb im Glas, offenbart mineralische Noten, Kamille, Zitrus und exotische Fr\u00fcchte und schmeckt w\u00fcrzig und angenehm frisch. Dieser Chardonnay passt wunderbar zu Fisch, hellem Fleisch und Ziegenk\u00e4se.<\/p>\n","protected":false},"featured_media":5516,"comment_status":"open","ping_status":"closed","template":"","meta":{"_acf_changed":false,"_monsterinsights_skip_tracking":false,"_monsterinsights_sitenote_active":false,"_monsterinsights_sitenote_note":"","_monsterinsights_sitenote_category":0},"product_brand":[],"product_cat":[1778],"product_tag":[],"class_list":{"0":"post-5546","1":"product","2":"type-product","3":"status-publish","4":"has-post-thumbnail","6":"product_cat-chardonnay-de","7":"pa_appellation-chardonnay-piemonte-doc-de","8":"pa_formato-0-75-l-flasche-de","9":"pa_producer-coppo-de","10":"pa_region-piemont-de","11":"pa_vine-100-chardonnay-de","12":"pa_vintage-2015-de","14":"first","15":"instock","16":"taxable","17":"shipping-taxable","18":"purchasable","19":"product-type-simple"},"bundled_by":[],"bundle_stock_status":"instock","bundle_stock_quantity":1,"bundle_virtual":false,"bundle_layout":"","bundle_add_to_cart_form_location":"","bundle_editable_in_cart":false,"bundle_sold_individually_context":"","bundle_item_grouping":"","bundle_min_size":"","bundle_max_size":"","bundle_price":[],"bundled_items":[],"bundle_sell_ids":[],"yoast_head":"<!-- This site is optimized with the Yoast SEO plugin v27.3 - https:\/\/yoast.com\/product\/yoast-seo-wordpress\/ -->\n<title>Buy Chardonnay Piemonte Monteriolo COPPO 2015 online | FonsVinum<\/title>\n<meta name=\"description\" content=\"Buy Chardonnay Piemonte Monteriolo COPPO 2015 online | FonsVinum | Dieser Chardonnay passt wunderbar zu Fisch, hellem Fleisch und Ziegenk\u00e4se.\" \/>\n<meta name=\"robots\" content=\"index, follow, max-snippet:-1, max-image-preview:large, max-video-preview:-1\" \/>\n<link rel=\"canonical\" href=\"https:\/\/fonsvinum.com\/de\/produkt\/chardonnay-piemonte-monteriolo-coppo-2015\/\" \/>\n<meta property=\"og:locale\" content=\"de_DE\" \/>\n<meta property=\"og:type\" content=\"article\" \/>\n<meta property=\"og:title\" content=\"Buy Chardonnay Piemonte Monteriolo COPPO 2015 online | FonsVinum\" \/>\n<meta property=\"og:description\" content=\"Buy Chardonnay Piemonte Monteriolo COPPO 2015 online | FonsVinum | Dieser Chardonnay passt wunderbar zu Fisch, hellem Fleisch und Ziegenk\u00e4se.\" \/>\n<meta property=\"og:url\" content=\"https:\/\/fonsvinum.com\/de\/produkt\/chardonnay-piemonte-monteriolo-coppo-2015\/\" \/>\n<meta property=\"og:site_name\" content=\"Fons Vinum\" \/>\n<meta property=\"article:modified_time\" content=\"2020-03-06T08:47:25+00:00\" \/>\n<meta property=\"og:image\" content=\"https:\/\/fonsvinum.com\/files\/2013\/04\/chardonnay-monteriolo-coppo.png\" \/>\n\t<meta property=\"og:image:width\" content=\"226\" \/>\n\t<meta property=\"og:image:height\" content=\"674\" \/>\n\t<meta property=\"og:image:type\" content=\"image\/png\" \/>\n<script type=\"application\/ld+json\" class=\"yoast-schema-graph\">{\"@context\":\"https:\\\/\\\/schema.org\",\"@graph\":[{\"@type\":\"WebPage\",\"@id\":\"https:\\\/\\\/fonsvinum.com\\\/de\\\/produkt\\\/chardonnay-piemonte-monteriolo-coppo-2015\\\/\",\"url\":\"https:\\\/\\\/fonsvinum.com\\\/de\\\/produkt\\\/chardonnay-piemonte-monteriolo-coppo-2015\\\/\",\"name\":\"Buy Chardonnay Piemonte Monteriolo COPPO 2015 online | FonsVinum\",\"isPartOf\":{\"@id\":\"https:\\\/\\\/fonsvinum.com\\\/en\\\/#website\"},\"primaryImageOfPage\":{\"@id\":\"https:\\\/\\\/fonsvinum.com\\\/de\\\/produkt\\\/chardonnay-piemonte-monteriolo-coppo-2015\\\/#primaryimage\"},\"image\":{\"@id\":\"https:\\\/\\\/fonsvinum.com\\\/de\\\/produkt\\\/chardonnay-piemonte-monteriolo-coppo-2015\\\/#primaryimage\"},\"thumbnailUrl\":\"https:\\\/\\\/fonsvinum.com\\\/files\\\/2013\\\/04\\\/chardonnay-monteriolo-coppo.png\",\"datePublished\":\"2013-04-25T13:11:33+00:00\",\"dateModified\":\"2020-03-06T08:47:25+00:00\",\"description\":\"Buy Chardonnay Piemonte Monteriolo COPPO 2015 online | FonsVinum | Dieser Chardonnay passt wunderbar zu Fisch, hellem Fleisch und Ziegenk\u00e4se.\",\"breadcrumb\":{\"@id\":\"https:\\\/\\\/fonsvinum.com\\\/de\\\/produkt\\\/chardonnay-piemonte-monteriolo-coppo-2015\\\/#breadcrumb\"},\"inLanguage\":\"de\",\"potentialAction\":[{\"@type\":\"ReadAction\",\"target\":[\"https:\\\/\\\/fonsvinum.com\\\/de\\\/produkt\\\/chardonnay-piemonte-monteriolo-coppo-2015\\\/\"]}]},{\"@type\":\"ImageObject\",\"inLanguage\":\"de\",\"@id\":\"https:\\\/\\\/fonsvinum.com\\\/de\\\/produkt\\\/chardonnay-piemonte-monteriolo-coppo-2015\\\/#primaryimage\",\"url\":\"https:\\\/\\\/fonsvinum.com\\\/files\\\/2013\\\/04\\\/chardonnay-monteriolo-coppo.png\",\"contentUrl\":\"https:\\\/\\\/fonsvinum.com\\\/files\\\/2013\\\/04\\\/chardonnay-monteriolo-coppo.png\",\"width\":226,\"height\":674},{\"@type\":\"BreadcrumbList\",\"@id\":\"https:\\\/\\\/fonsvinum.com\\\/de\\\/produkt\\\/chardonnay-piemonte-monteriolo-coppo-2015\\\/#breadcrumb\",\"itemListElement\":[{\"@type\":\"ListItem\",\"position\":1,\"name\":\"Startseite\",\"item\":\"https:\\\/\\\/fonsvinum.com\\\/de\\\/\"},{\"@type\":\"ListItem\",\"position\":2,\"name\":\"Shop\",\"item\":\"https:\\\/\\\/fonsvinum.com\\\/de\\\/shop\\\/\"},{\"@type\":\"ListItem\",\"position\":3,\"name\":\"Chardonnay Piemonte Monteriolo COPPO 2015\"}]},{\"@type\":\"WebSite\",\"@id\":\"https:\\\/\\\/fonsvinum.com\\\/en\\\/#website\",\"url\":\"https:\\\/\\\/fonsvinum.com\\\/en\\\/\",\"name\":\"Fons Vinum\",\"description\":\"Vendita Vino Online\",\"publisher\":{\"@id\":\"https:\\\/\\\/fonsvinum.com\\\/en\\\/#organization\"},\"potentialAction\":[{\"@type\":\"SearchAction\",\"target\":{\"@type\":\"EntryPoint\",\"urlTemplate\":\"https:\\\/\\\/fonsvinum.com\\\/en\\\/?s={search_term_string}\"},\"query-input\":{\"@type\":\"PropertyValueSpecification\",\"valueRequired\":true,\"valueName\":\"search_term_string\"}}],\"inLanguage\":\"de\"},{\"@type\":\"Organization\",\"@id\":\"https:\\\/\\\/fonsvinum.com\\\/en\\\/#organization\",\"name\":\"Fons Vinum\",\"url\":\"https:\\\/\\\/fonsvinum.com\\\/en\\\/\",\"logo\":{\"@type\":\"ImageObject\",\"inLanguage\":\"de\",\"@id\":\"https:\\\/\\\/fonsvinum.com\\\/en\\\/#\\\/schema\\\/logo\\\/image\\\/\",\"url\":\"\",\"contentUrl\":\"\",\"caption\":\"Fons Vinum\"},\"image\":{\"@id\":\"https:\\\/\\\/fonsvinum.com\\\/en\\\/#\\\/schema\\\/logo\\\/image\\\/\"}}]}<\/script>\n<!-- \/ Yoast SEO plugin. -->","yoast_head_json":{"title":"Buy Chardonnay Piemonte Monteriolo COPPO 2015 online | FonsVinum","description":"Buy Chardonnay Piemonte Monteriolo COPPO 2015 online | FonsVinum | Dieser Chardonnay passt wunderbar zu Fisch, hellem Fleisch und Ziegenk\u00e4se.","robots":{"index":"index","follow":"follow","max-snippet":"max-snippet:-1","max-image-preview":"max-image-preview:large","max-video-preview":"max-video-preview:-1"},"canonical":"https:\/\/fonsvinum.com\/de\/produkt\/chardonnay-piemonte-monteriolo-coppo-2015\/","og_locale":"de_DE","og_type":"article","og_title":"Buy Chardonnay Piemonte Monteriolo COPPO 2015 online | FonsVinum","og_description":"Buy Chardonnay Piemonte Monteriolo COPPO 2015 online | FonsVinum | Dieser Chardonnay passt wunderbar zu Fisch, hellem Fleisch und Ziegenk\u00e4se.","og_url":"https:\/\/fonsvinum.com\/de\/produkt\/chardonnay-piemonte-monteriolo-coppo-2015\/","og_site_name":"Fons Vinum","article_modified_time":"2020-03-06T08:47:25+00:00","og_image":[{"width":226,"height":674,"url":"https:\/\/fonsvinum.com\/files\/2013\/04\/chardonnay-monteriolo-coppo.png","type":"image\/png"}],"schema":{"@context":"https:\/\/schema.org","@graph":[{"@type":"WebPage","@id":"https:\/\/fonsvinum.com\/de\/produkt\/chardonnay-piemonte-monteriolo-coppo-2015\/","url":"https:\/\/fonsvinum.com\/de\/produkt\/chardonnay-piemonte-monteriolo-coppo-2015\/","name":"Buy Chardonnay Piemonte Monteriolo COPPO 2015 online | FonsVinum","isPartOf":{"@id":"https:\/\/fonsvinum.com\/en\/#website"},"primaryImageOfPage":{"@id":"https:\/\/fonsvinum.com\/de\/produkt\/chardonnay-piemonte-monteriolo-coppo-2015\/#primaryimage"},"image":{"@id":"https:\/\/fonsvinum.com\/de\/produkt\/chardonnay-piemonte-monteriolo-coppo-2015\/#primaryimage"},"thumbnailUrl":"https:\/\/fonsvinum.com\/files\/2013\/04\/chardonnay-monteriolo-coppo.png","datePublished":"2013-04-25T13:11:33+00:00","dateModified":"2020-03-06T08:47:25+00:00","description":"Buy Chardonnay Piemonte Monteriolo COPPO 2015 online | FonsVinum | Dieser Chardonnay passt wunderbar zu Fisch, hellem Fleisch und Ziegenk\u00e4se.","breadcrumb":{"@id":"https:\/\/fonsvinum.com\/de\/produkt\/chardonnay-piemonte-monteriolo-coppo-2015\/#breadcrumb"},"inLanguage":"de","potentialAction":[{"@type":"ReadAction","target":["https:\/\/fonsvinum.com\/de\/produkt\/chardonnay-piemonte-monteriolo-coppo-2015\/"]}]},{"@type":"ImageObject","inLanguage":"de","@id":"https:\/\/fonsvinum.com\/de\/produkt\/chardonnay-piemonte-monteriolo-coppo-2015\/#primaryimage","url":"https:\/\/fonsvinum.com\/files\/2013\/04\/chardonnay-monteriolo-coppo.png","contentUrl":"https:\/\/fonsvinum.com\/files\/2013\/04\/chardonnay-monteriolo-coppo.png","width":226,"height":674},{"@type":"BreadcrumbList","@id":"https:\/\/fonsvinum.com\/de\/produkt\/chardonnay-piemonte-monteriolo-coppo-2015\/#breadcrumb","itemListElement":[{"@type":"ListItem","position":1,"name":"Startseite","item":"https:\/\/fonsvinum.com\/de\/"},{"@type":"ListItem","position":2,"name":"Shop","item":"https:\/\/fonsvinum.com\/de\/shop\/"},{"@type":"ListItem","position":3,"name":"Chardonnay Piemonte Monteriolo COPPO 2015"}]},{"@type":"WebSite","@id":"https:\/\/fonsvinum.com\/en\/#website","url":"https:\/\/fonsvinum.com\/en\/","name":"Fons Vinum","description":"Vendita Vino Online","publisher":{"@id":"https:\/\/fonsvinum.com\/en\/#organization"},"potentialAction":[{"@type":"SearchAction","target":{"@type":"EntryPoint","urlTemplate":"https:\/\/fonsvinum.com\/en\/?s={search_term_string}"},"query-input":{"@type":"PropertyValueSpecification","valueRequired":true,"valueName":"search_term_string"}}],"inLanguage":"de"},{"@type":"Organization","@id":"https:\/\/fonsvinum.com\/en\/#organization","name":"Fons Vinum","url":"https:\/\/fonsvinum.com\/en\/","logo":{"@type":"ImageObject","inLanguage":"de","@id":"https:\/\/fonsvinum.com\/en\/#\/schema\/logo\/image\/","url":"","contentUrl":"","caption":"Fons Vinum"},"image":{"@id":"https:\/\/fonsvinum.com\/en\/#\/schema\/logo\/image\/"}}]}},"acf":[],"_links":{"self":[{"href":"https:\/\/fonsvinum.com\/de\/wp-json\/wp\/v2\/product\/5546","targetHints":{"allow":["GET"]}}],"collection":[{"href":"https:\/\/fonsvinum.com\/de\/wp-json\/wp\/v2\/product"}],"about":[{"href":"https:\/\/fonsvinum.com\/de\/wp-json\/wp\/v2\/types\/product"}],"replies":[{"embeddable":true,"href":"https:\/\/fonsvinum.com\/de\/wp-json\/wp\/v2\/comments?post=5546"}],"wp:featuredmedia":[{"embeddable":true,"href":"https:\/\/fonsvinum.com\/de\/wp-json\/wp\/v2\/media\/5516"}],"wp:attachment":[{"href":"https:\/\/fonsvinum.com\/de\/wp-json\/wp\/v2\/media?parent=5546"}],"wp:term":[{"taxonomy":"product_brand","embeddable":true,"href":"https:\/\/fonsvinum.com\/de\/wp-json\/wp\/v2\/product_brand?post=5546"},{"taxonomy":"product_cat","embeddable":true,"href":"https:\/\/fonsvinum.com\/de\/wp-json\/wp\/v2\/product_cat?post=5546"},{"taxonomy":"product_tag","embeddable":true,"href":"https:\/\/fonsvinum.com\/de\/wp-json\/wp\/v2\/product_tag?post=5546"}],"curies":[{"name":"wp","href":"https:\/\/api.w.org\/{rel}","templated":true}]}}