{"id":5524,"date":"2013-04-25T15:11:36","date_gmt":"2013-04-25T13:11:36","guid":{"rendered":"http:\/\/fonsvinum.com\/product\/barbera-dasti-superiore-camp-du-rouss-coppo\/"},"modified":"2019-11-29T08:33:33","modified_gmt":"2019-11-29T07:33:33","slug":"barbera-dasti-superiore-camp-du-rouss-coppo","status":"publish","type":"product","link":"https:\/\/fonsvinum.com\/de\/produkt\/barbera-dasti-superiore-camp-du-rouss-coppo\/","title":{"rendered":"Barbera d&#8217;Asti Superiore Camp du Rouss COPPO"},"content":{"rendered":"<p>Barbera d\u2019Asti Superiore Camp du Rouss <a title=\"coppo\" href=\"https:\/\/fonsvinum.com\/produttore\/comprare-vini-cantina-coppo-winery-canelli\/\" target=\"_blank\">COPPO<\/a><\/p>\n<p>Der Name des Camp du Rouss bedeutet in Piemonteser Dialekt &#8222;Des Rotschopfs Feld&#8220;.\u00a0<\/p>\n<p>Rubinrot im Glas,\u00a0duftet verf\u00fchrerisch nach warmen Gew\u00fcrzen und saftigen, roten Beeren- und Steinfr\u00fcchten.<\/p>\n<p>Der reinsortige Babera ist ein feiner, gut strukturierter und eleganter Rotwein mit einem langen Nachhall, einer gut integrierten S\u00e4ure und einem vollen, fleischigen K\u00f6rper.<\/p>\n","protected":false},"excerpt":{"rendered":"<p>Barbera d\u2019Asti Superiore Camp du Rouss COPPO Der Name des Camp du Rouss bedeutet in Piemonteser Dialekt &#8222;Des Rotschopfs Feld&#8220;.\u00a0 Rubinrot im Glas,\u00a0duftet verf\u00fchrerisch nach warmen Gew\u00fcrzen und saftigen, roten Beeren- und Steinfr\u00fcchten. Der reinsortige Babera ist ein feiner, gut strukturierter und eleganter Rotwein mit einem langen Nachhall, einer gut integrierten S\u00e4ure und einem vollen, [&hellip;]<\/p>\n","protected":false},"featured_media":5428,"comment_status":"open","ping_status":"closed","template":"","meta":{"_acf_changed":false,"_monsterinsights_skip_tracking":false,"_monsterinsights_sitenote_active":false,"_monsterinsights_sitenote_note":"","_monsterinsights_sitenote_category":0},"product_brand":[],"product_cat":[2170],"product_tag":[],"class_list":{"0":"post-5524","1":"product","2":"type-product","3":"status-publish","4":"has-post-thumbnail","6":"product_cat-barbera-de","7":"pa_appellation-barbera-dasti-superiore-doc-de","8":"pa_formato-0-75-l-flasche-de","9":"pa_producer-coppo-de","10":"pa_region-piemont-de","11":"pa_vine-100-barbera-de","12":"pa_vintage-2017-de","14":"first","15":"outofstock","16":"taxable","17":"shipping-taxable","18":"purchasable","19":"product-type-simple"},"bundled_by":[],"bundle_stock_status":"outofstock","bundle_stock_quantity":0,"bundle_virtual":false,"bundle_layout":"","bundle_add_to_cart_form_location":"","bundle_editable_in_cart":false,"bundle_sold_individually_context":"","bundle_item_grouping":"","bundle_min_size":"","bundle_max_size":"","bundle_price":[],"bundled_items":[],"bundle_sell_ids":[],"yoast_head":"<!-- This site is optimized with the Yoast SEO plugin v27.2 - https:\/\/yoast.com\/product\/yoast-seo-wordpress\/ -->\n<title>Barbera d&#039;Asti Superiore Camp du Rouss COPPO<\/title>\n<meta name=\"description\" content=\"Barbera d&#039;Asti Superiore Camp du Rouss COPPO\" \/>\n<meta name=\"robots\" content=\"index, follow, max-snippet:-1, max-image-preview:large, max-video-preview:-1\" \/>\n<link rel=\"canonical\" href=\"https:\/\/fonsvinum.com\/de\/produkt\/barbera-dasti-superiore-camp-du-rouss-coppo\/\" \/>\n<meta property=\"og:locale\" content=\"de_DE\" \/>\n<meta property=\"og:type\" content=\"article\" \/>\n<meta property=\"og:title\" content=\"Barbera d&#039;Asti Superiore Camp du Rouss COPPO\" \/>\n<meta property=\"og:description\" content=\"Barbera d&#039;Asti Superiore Camp du Rouss COPPO\" \/>\n<meta property=\"og:url\" content=\"https:\/\/fonsvinum.com\/de\/produkt\/barbera-dasti-superiore-camp-du-rouss-coppo\/\" \/>\n<meta property=\"og:site_name\" content=\"Fons Vinum\" \/>\n<meta property=\"article:modified_time\" content=\"2019-11-29T07:33:33+00:00\" \/>\n<meta property=\"og:image\" content=\"https:\/\/fonsvinum.com\/files\/2013\/04\/barbera-d-asti-camp-du-rouss-coppo.jpg\" \/>\n\t<meta property=\"og:image:width\" content=\"208\" \/>\n\t<meta property=\"og:image:height\" content=\"699\" \/>\n\t<meta property=\"og:image:type\" content=\"image\/jpeg\" \/>\n<script type=\"application\/ld+json\" class=\"yoast-schema-graph\">{\"@context\":\"https:\/\/schema.org\",\"@graph\":[{\"@type\":\"WebPage\",\"@id\":\"https:\/\/fonsvinum.com\/de\/produkt\/barbera-dasti-superiore-camp-du-rouss-coppo\/\",\"url\":\"https:\/\/fonsvinum.com\/de\/produkt\/barbera-dasti-superiore-camp-du-rouss-coppo\/\",\"name\":\"Barbera d'Asti Superiore Camp du Rouss COPPO\",\"isPartOf\":{\"@id\":\"https:\/\/fonsvinum.com\/en\/#website\"},\"primaryImageOfPage\":{\"@id\":\"https:\/\/fonsvinum.com\/de\/produkt\/barbera-dasti-superiore-camp-du-rouss-coppo\/#primaryimage\"},\"image\":{\"@id\":\"https:\/\/fonsvinum.com\/de\/produkt\/barbera-dasti-superiore-camp-du-rouss-coppo\/#primaryimage\"},\"thumbnailUrl\":\"https:\/\/fonsvinum.com\/files\/2013\/04\/barbera-d-asti-camp-du-rouss-coppo.jpg\",\"datePublished\":\"2013-04-25T13:11:36+00:00\",\"dateModified\":\"2019-11-29T07:33:33+00:00\",\"description\":\"Barbera d'Asti Superiore Camp du Rouss COPPO\",\"breadcrumb\":{\"@id\":\"https:\/\/fonsvinum.com\/de\/produkt\/barbera-dasti-superiore-camp-du-rouss-coppo\/#breadcrumb\"},\"inLanguage\":\"de\",\"potentialAction\":[{\"@type\":\"ReadAction\",\"target\":[\"https:\/\/fonsvinum.com\/de\/produkt\/barbera-dasti-superiore-camp-du-rouss-coppo\/\"]}]},{\"@type\":\"ImageObject\",\"inLanguage\":\"de\",\"@id\":\"https:\/\/fonsvinum.com\/de\/produkt\/barbera-dasti-superiore-camp-du-rouss-coppo\/#primaryimage\",\"url\":\"https:\/\/fonsvinum.com\/files\/2013\/04\/barbera-d-asti-camp-du-rouss-coppo.jpg\",\"contentUrl\":\"https:\/\/fonsvinum.com\/files\/2013\/04\/barbera-d-asti-camp-du-rouss-coppo.jpg\",\"width\":208,\"height\":699},{\"@type\":\"BreadcrumbList\",\"@id\":\"https:\/\/fonsvinum.com\/de\/produkt\/barbera-dasti-superiore-camp-du-rouss-coppo\/#breadcrumb\",\"itemListElement\":[{\"@type\":\"ListItem\",\"position\":1,\"name\":\"Startseite\",\"item\":\"https:\/\/fonsvinum.com\/de\/\"},{\"@type\":\"ListItem\",\"position\":2,\"name\":\"Shop\",\"item\":\"https:\/\/fonsvinum.com\/de\/shop\/\"},{\"@type\":\"ListItem\",\"position\":3,\"name\":\"Barbera d&#8217;Asti Superiore Camp du Rouss COPPO\"}]},{\"@type\":\"WebSite\",\"@id\":\"https:\/\/fonsvinum.com\/en\/#website\",\"url\":\"https:\/\/fonsvinum.com\/en\/\",\"name\":\"Fons Vinum\",\"description\":\"Vendita Vino Online\",\"publisher\":{\"@id\":\"https:\/\/fonsvinum.com\/en\/#organization\"},\"potentialAction\":[{\"@type\":\"SearchAction\",\"target\":{\"@type\":\"EntryPoint\",\"urlTemplate\":\"https:\/\/fonsvinum.com\/en\/?s={search_term_string}\"},\"query-input\":{\"@type\":\"PropertyValueSpecification\",\"valueRequired\":true,\"valueName\":\"search_term_string\"}}],\"inLanguage\":\"de\"},{\"@type\":\"Organization\",\"@id\":\"https:\/\/fonsvinum.com\/en\/#organization\",\"name\":\"Fons Vinum\",\"url\":\"https:\/\/fonsvinum.com\/en\/\",\"logo\":{\"@type\":\"ImageObject\",\"inLanguage\":\"de\",\"@id\":\"https:\/\/fonsvinum.com\/en\/#\/schema\/logo\/image\/\",\"url\":\"\",\"contentUrl\":\"\",\"caption\":\"Fons Vinum\"},\"image\":{\"@id\":\"https:\/\/fonsvinum.com\/en\/#\/schema\/logo\/image\/\"}}]}<\/script>\n<!-- \/ Yoast SEO plugin. -->","yoast_head_json":{"title":"Barbera d'Asti Superiore Camp du Rouss COPPO","description":"Barbera d'Asti Superiore Camp du Rouss COPPO","robots":{"index":"index","follow":"follow","max-snippet":"max-snippet:-1","max-image-preview":"max-image-preview:large","max-video-preview":"max-video-preview:-1"},"canonical":"https:\/\/fonsvinum.com\/de\/produkt\/barbera-dasti-superiore-camp-du-rouss-coppo\/","og_locale":"de_DE","og_type":"article","og_title":"Barbera d'Asti Superiore Camp du Rouss COPPO","og_description":"Barbera d'Asti Superiore Camp du Rouss COPPO","og_url":"https:\/\/fonsvinum.com\/de\/produkt\/barbera-dasti-superiore-camp-du-rouss-coppo\/","og_site_name":"Fons Vinum","article_modified_time":"2019-11-29T07:33:33+00:00","og_image":[{"width":208,"height":699,"url":"https:\/\/fonsvinum.com\/files\/2013\/04\/barbera-d-asti-camp-du-rouss-coppo.jpg","type":"image\/jpeg"}],"schema":{"@context":"https:\/\/schema.org","@graph":[{"@type":"WebPage","@id":"https:\/\/fonsvinum.com\/de\/produkt\/barbera-dasti-superiore-camp-du-rouss-coppo\/","url":"https:\/\/fonsvinum.com\/de\/produkt\/barbera-dasti-superiore-camp-du-rouss-coppo\/","name":"Barbera d'Asti Superiore Camp du Rouss COPPO","isPartOf":{"@id":"https:\/\/fonsvinum.com\/en\/#website"},"primaryImageOfPage":{"@id":"https:\/\/fonsvinum.com\/de\/produkt\/barbera-dasti-superiore-camp-du-rouss-coppo\/#primaryimage"},"image":{"@id":"https:\/\/fonsvinum.com\/de\/produkt\/barbera-dasti-superiore-camp-du-rouss-coppo\/#primaryimage"},"thumbnailUrl":"https:\/\/fonsvinum.com\/files\/2013\/04\/barbera-d-asti-camp-du-rouss-coppo.jpg","datePublished":"2013-04-25T13:11:36+00:00","dateModified":"2019-11-29T07:33:33+00:00","description":"Barbera d'Asti Superiore Camp du Rouss COPPO","breadcrumb":{"@id":"https:\/\/fonsvinum.com\/de\/produkt\/barbera-dasti-superiore-camp-du-rouss-coppo\/#breadcrumb"},"inLanguage":"de","potentialAction":[{"@type":"ReadAction","target":["https:\/\/fonsvinum.com\/de\/produkt\/barbera-dasti-superiore-camp-du-rouss-coppo\/"]}]},{"@type":"ImageObject","inLanguage":"de","@id":"https:\/\/fonsvinum.com\/de\/produkt\/barbera-dasti-superiore-camp-du-rouss-coppo\/#primaryimage","url":"https:\/\/fonsvinum.com\/files\/2013\/04\/barbera-d-asti-camp-du-rouss-coppo.jpg","contentUrl":"https:\/\/fonsvinum.com\/files\/2013\/04\/barbera-d-asti-camp-du-rouss-coppo.jpg","width":208,"height":699},{"@type":"BreadcrumbList","@id":"https:\/\/fonsvinum.com\/de\/produkt\/barbera-dasti-superiore-camp-du-rouss-coppo\/#breadcrumb","itemListElement":[{"@type":"ListItem","position":1,"name":"Startseite","item":"https:\/\/fonsvinum.com\/de\/"},{"@type":"ListItem","position":2,"name":"Shop","item":"https:\/\/fonsvinum.com\/de\/shop\/"},{"@type":"ListItem","position":3,"name":"Barbera d&#8217;Asti Superiore Camp du Rouss COPPO"}]},{"@type":"WebSite","@id":"https:\/\/fonsvinum.com\/en\/#website","url":"https:\/\/fonsvinum.com\/en\/","name":"Fons Vinum","description":"Vendita Vino Online","publisher":{"@id":"https:\/\/fonsvinum.com\/en\/#organization"},"potentialAction":[{"@type":"SearchAction","target":{"@type":"EntryPoint","urlTemplate":"https:\/\/fonsvinum.com\/en\/?s={search_term_string}"},"query-input":{"@type":"PropertyValueSpecification","valueRequired":true,"valueName":"search_term_string"}}],"inLanguage":"de"},{"@type":"Organization","@id":"https:\/\/fonsvinum.com\/en\/#organization","name":"Fons Vinum","url":"https:\/\/fonsvinum.com\/en\/","logo":{"@type":"ImageObject","inLanguage":"de","@id":"https:\/\/fonsvinum.com\/en\/#\/schema\/logo\/image\/","url":"","contentUrl":"","caption":"Fons Vinum"},"image":{"@id":"https:\/\/fonsvinum.com\/en\/#\/schema\/logo\/image\/"}}]}},"acf":[],"_links":{"self":[{"href":"https:\/\/fonsvinum.com\/de\/wp-json\/wp\/v2\/product\/5524","targetHints":{"allow":["GET"]}}],"collection":[{"href":"https:\/\/fonsvinum.com\/de\/wp-json\/wp\/v2\/product"}],"about":[{"href":"https:\/\/fonsvinum.com\/de\/wp-json\/wp\/v2\/types\/product"}],"replies":[{"embeddable":true,"href":"https:\/\/fonsvinum.com\/de\/wp-json\/wp\/v2\/comments?post=5524"}],"wp:featuredmedia":[{"embeddable":true,"href":"https:\/\/fonsvinum.com\/de\/wp-json\/wp\/v2\/media\/5428"}],"wp:attachment":[{"href":"https:\/\/fonsvinum.com\/de\/wp-json\/wp\/v2\/media?parent=5524"}],"wp:term":[{"taxonomy":"product_brand","embeddable":true,"href":"https:\/\/fonsvinum.com\/de\/wp-json\/wp\/v2\/product_brand?post=5524"},{"taxonomy":"product_cat","embeddable":true,"href":"https:\/\/fonsvinum.com\/de\/wp-json\/wp\/v2\/product_cat?post=5524"},{"taxonomy":"product_tag","embeddable":true,"href":"https:\/\/fonsvinum.com\/de\/wp-json\/wp\/v2\/product_tag?post=5524"}],"curies":[{"name":"wp","href":"https:\/\/api.w.org\/{rel}","templated":true}]}}