{"id":5478,"date":"2015-10-29T07:55:00","date_gmt":"2015-10-29T06:55:00","guid":{"rendered":"http:\/\/fonsvinum.com\/?post_type=product&#038;p=5478"},"modified":"2019-12-02T16:00:42","modified_gmt":"2019-12-02T15:00:42","slug":"nebbiolo-langhe-perbacco-vietti","status":"publish","type":"product","link":"https:\/\/fonsvinum.com\/de\/produkt\/nebbiolo-langhe-perbacco-vietti\/","title":{"rendered":"Nebbiolo Langhe Perbacco Vietti 2012"},"content":{"rendered":"<p>Nebbiolo Langhe Perbacco Vietti<\/p>\n<p>Der Langhe Nebbiolo Perbacco ist ein deklassifizierter Barolo &#8211; bestes Traubenmaterial aus den Weinbergen der Familie Vietti wurde hier vinifiziert. Mit starker Struktur, Muskeln und Reife \u00fcberzeugt dieser Wein selbst die gr\u00f6\u00dften Barolo-Fans. Der Kern aus floralen Noten wird ummantelt mit einer herrlichen S\u00fc\u00dfe. Wunderbar!<\/p>\n","protected":false},"excerpt":{"rendered":"<p>Nebbiolo Langhe Perbacco Vietti Der Langhe Nebbiolo Perbacco ist ein deklassifizierter Barolo &#8211; bestes Traubenmaterial aus den Weinbergen der Familie Vietti wurde hier vinifiziert. Mit starker Struktur, Muskeln und Reife \u00fcberzeugt dieser Wein selbst die gr\u00f6\u00dften Barolo-Fans. Der Kern aus floralen Noten wird ummantelt mit einer herrlichen S\u00fc\u00dfe. Wunderbar!<\/p>\n","protected":false},"featured_media":5592,"comment_status":"open","ping_status":"closed","template":"","meta":{"_acf_changed":false,"_monsterinsights_skip_tracking":false,"_monsterinsights_sitenote_active":false,"_monsterinsights_sitenote_note":"","_monsterinsights_sitenote_category":0},"product_brand":[],"product_cat":[2356],"product_tag":[],"class_list":{"0":"post-5478","1":"product","2":"type-product","3":"status-publish","4":"has-post-thumbnail","6":"product_cat-nebbiolo-de","7":"pa_appellation-langhe-nebbiolo-doc-de","8":"pa_formato-0-75-l-flasche-de","9":"pa_producer-vietti-de","10":"pa_region-piemont-de","11":"pa_vine-nebbiolo-de","12":"pa_vintage-2012-de","14":"first","15":"outofstock","16":"taxable","17":"shipping-taxable","18":"purchasable","19":"product-type-simple"},"bundled_by":[],"bundle_stock_status":"outofstock","bundle_stock_quantity":null,"bundle_virtual":false,"bundle_layout":"","bundle_add_to_cart_form_location":"","bundle_editable_in_cart":false,"bundle_sold_individually_context":"","bundle_item_grouping":"","bundle_min_size":"","bundle_max_size":"","bundle_price":[],"bundled_items":[],"bundle_sell_ids":[],"yoast_head":"<!-- This site is optimized with the Yoast SEO plugin v27.2 - https:\/\/yoast.com\/product\/yoast-seo-wordpress\/ -->\n<title>Nebbiolo Langhe Perbacco Vietti 2012<\/title>\n<meta name=\"description\" content=\"Nebbiolo Langhe Perbacco Vietti 2012\" \/>\n<meta name=\"robots\" content=\"index, follow, max-snippet:-1, max-image-preview:large, max-video-preview:-1\" \/>\n<link rel=\"canonical\" href=\"https:\/\/fonsvinum.com\/de\/produkt\/nebbiolo-langhe-perbacco-vietti\/\" \/>\n<meta property=\"og:locale\" content=\"de_DE\" \/>\n<meta property=\"og:type\" content=\"article\" \/>\n<meta property=\"og:title\" content=\"Nebbiolo Langhe Perbacco Vietti 2012\" \/>\n<meta property=\"og:description\" content=\"Nebbiolo Langhe Perbacco Vietti 2012\" \/>\n<meta property=\"og:url\" content=\"https:\/\/fonsvinum.com\/de\/produkt\/nebbiolo-langhe-perbacco-vietti\/\" \/>\n<meta property=\"og:site_name\" content=\"Fons Vinum\" \/>\n<meta property=\"article:modified_time\" content=\"2019-12-02T15:00:42+00:00\" \/>\n<meta property=\"og:image\" content=\"https:\/\/fonsvinum.com\/files\/2015\/10\/nebbiolo-perbacco-vietti.png\" \/>\n\t<meta property=\"og:image:width\" content=\"200\" \/>\n\t<meta property=\"og:image:height\" content=\"600\" \/>\n\t<meta property=\"og:image:type\" content=\"image\/png\" \/>\n<script type=\"application\/ld+json\" class=\"yoast-schema-graph\">{\"@context\":\"https:\/\/schema.org\",\"@graph\":[{\"@type\":\"WebPage\",\"@id\":\"https:\/\/fonsvinum.com\/de\/produkt\/nebbiolo-langhe-perbacco-vietti\/\",\"url\":\"https:\/\/fonsvinum.com\/de\/produkt\/nebbiolo-langhe-perbacco-vietti\/\",\"name\":\"Nebbiolo Langhe Perbacco Vietti 2012\",\"isPartOf\":{\"@id\":\"https:\/\/fonsvinum.com\/en\/#website\"},\"primaryImageOfPage\":{\"@id\":\"https:\/\/fonsvinum.com\/de\/produkt\/nebbiolo-langhe-perbacco-vietti\/#primaryimage\"},\"image\":{\"@id\":\"https:\/\/fonsvinum.com\/de\/produkt\/nebbiolo-langhe-perbacco-vietti\/#primaryimage\"},\"thumbnailUrl\":\"https:\/\/fonsvinum.com\/files\/2015\/10\/nebbiolo-perbacco-vietti.png\",\"datePublished\":\"2015-10-29T06:55:00+00:00\",\"dateModified\":\"2019-12-02T15:00:42+00:00\",\"description\":\"Nebbiolo Langhe Perbacco Vietti 2012\",\"breadcrumb\":{\"@id\":\"https:\/\/fonsvinum.com\/de\/produkt\/nebbiolo-langhe-perbacco-vietti\/#breadcrumb\"},\"inLanguage\":\"de\",\"potentialAction\":[{\"@type\":\"ReadAction\",\"target\":[\"https:\/\/fonsvinum.com\/de\/produkt\/nebbiolo-langhe-perbacco-vietti\/\"]}]},{\"@type\":\"ImageObject\",\"inLanguage\":\"de\",\"@id\":\"https:\/\/fonsvinum.com\/de\/produkt\/nebbiolo-langhe-perbacco-vietti\/#primaryimage\",\"url\":\"https:\/\/fonsvinum.com\/files\/2015\/10\/nebbiolo-perbacco-vietti.png\",\"contentUrl\":\"https:\/\/fonsvinum.com\/files\/2015\/10\/nebbiolo-perbacco-vietti.png\",\"width\":200,\"height\":600},{\"@type\":\"BreadcrumbList\",\"@id\":\"https:\/\/fonsvinum.com\/de\/produkt\/nebbiolo-langhe-perbacco-vietti\/#breadcrumb\",\"itemListElement\":[{\"@type\":\"ListItem\",\"position\":1,\"name\":\"Startseite\",\"item\":\"https:\/\/fonsvinum.com\/de\/\"},{\"@type\":\"ListItem\",\"position\":2,\"name\":\"Shop\",\"item\":\"https:\/\/fonsvinum.com\/de\/shop\/\"},{\"@type\":\"ListItem\",\"position\":3,\"name\":\"Nebbiolo Langhe Perbacco Vietti 2012\"}]},{\"@type\":\"WebSite\",\"@id\":\"https:\/\/fonsvinum.com\/en\/#website\",\"url\":\"https:\/\/fonsvinum.com\/en\/\",\"name\":\"Fons Vinum\",\"description\":\"Vendita Vino Online\",\"publisher\":{\"@id\":\"https:\/\/fonsvinum.com\/en\/#organization\"},\"potentialAction\":[{\"@type\":\"SearchAction\",\"target\":{\"@type\":\"EntryPoint\",\"urlTemplate\":\"https:\/\/fonsvinum.com\/en\/?s={search_term_string}\"},\"query-input\":{\"@type\":\"PropertyValueSpecification\",\"valueRequired\":true,\"valueName\":\"search_term_string\"}}],\"inLanguage\":\"de\"},{\"@type\":\"Organization\",\"@id\":\"https:\/\/fonsvinum.com\/en\/#organization\",\"name\":\"Fons Vinum\",\"url\":\"https:\/\/fonsvinum.com\/en\/\",\"logo\":{\"@type\":\"ImageObject\",\"inLanguage\":\"de\",\"@id\":\"https:\/\/fonsvinum.com\/en\/#\/schema\/logo\/image\/\",\"url\":\"\",\"contentUrl\":\"\",\"caption\":\"Fons Vinum\"},\"image\":{\"@id\":\"https:\/\/fonsvinum.com\/en\/#\/schema\/logo\/image\/\"}}]}<\/script>\n<!-- \/ Yoast SEO plugin. -->","yoast_head_json":{"title":"Nebbiolo Langhe Perbacco Vietti 2012","description":"Nebbiolo Langhe Perbacco Vietti 2012","robots":{"index":"index","follow":"follow","max-snippet":"max-snippet:-1","max-image-preview":"max-image-preview:large","max-video-preview":"max-video-preview:-1"},"canonical":"https:\/\/fonsvinum.com\/de\/produkt\/nebbiolo-langhe-perbacco-vietti\/","og_locale":"de_DE","og_type":"article","og_title":"Nebbiolo Langhe Perbacco Vietti 2012","og_description":"Nebbiolo Langhe Perbacco Vietti 2012","og_url":"https:\/\/fonsvinum.com\/de\/produkt\/nebbiolo-langhe-perbacco-vietti\/","og_site_name":"Fons Vinum","article_modified_time":"2019-12-02T15:00:42+00:00","og_image":[{"width":200,"height":600,"url":"https:\/\/fonsvinum.com\/files\/2015\/10\/nebbiolo-perbacco-vietti.png","type":"image\/png"}],"schema":{"@context":"https:\/\/schema.org","@graph":[{"@type":"WebPage","@id":"https:\/\/fonsvinum.com\/de\/produkt\/nebbiolo-langhe-perbacco-vietti\/","url":"https:\/\/fonsvinum.com\/de\/produkt\/nebbiolo-langhe-perbacco-vietti\/","name":"Nebbiolo Langhe Perbacco Vietti 2012","isPartOf":{"@id":"https:\/\/fonsvinum.com\/en\/#website"},"primaryImageOfPage":{"@id":"https:\/\/fonsvinum.com\/de\/produkt\/nebbiolo-langhe-perbacco-vietti\/#primaryimage"},"image":{"@id":"https:\/\/fonsvinum.com\/de\/produkt\/nebbiolo-langhe-perbacco-vietti\/#primaryimage"},"thumbnailUrl":"https:\/\/fonsvinum.com\/files\/2015\/10\/nebbiolo-perbacco-vietti.png","datePublished":"2015-10-29T06:55:00+00:00","dateModified":"2019-12-02T15:00:42+00:00","description":"Nebbiolo Langhe Perbacco Vietti 2012","breadcrumb":{"@id":"https:\/\/fonsvinum.com\/de\/produkt\/nebbiolo-langhe-perbacco-vietti\/#breadcrumb"},"inLanguage":"de","potentialAction":[{"@type":"ReadAction","target":["https:\/\/fonsvinum.com\/de\/produkt\/nebbiolo-langhe-perbacco-vietti\/"]}]},{"@type":"ImageObject","inLanguage":"de","@id":"https:\/\/fonsvinum.com\/de\/produkt\/nebbiolo-langhe-perbacco-vietti\/#primaryimage","url":"https:\/\/fonsvinum.com\/files\/2015\/10\/nebbiolo-perbacco-vietti.png","contentUrl":"https:\/\/fonsvinum.com\/files\/2015\/10\/nebbiolo-perbacco-vietti.png","width":200,"height":600},{"@type":"BreadcrumbList","@id":"https:\/\/fonsvinum.com\/de\/produkt\/nebbiolo-langhe-perbacco-vietti\/#breadcrumb","itemListElement":[{"@type":"ListItem","position":1,"name":"Startseite","item":"https:\/\/fonsvinum.com\/de\/"},{"@type":"ListItem","position":2,"name":"Shop","item":"https:\/\/fonsvinum.com\/de\/shop\/"},{"@type":"ListItem","position":3,"name":"Nebbiolo Langhe Perbacco Vietti 2012"}]},{"@type":"WebSite","@id":"https:\/\/fonsvinum.com\/en\/#website","url":"https:\/\/fonsvinum.com\/en\/","name":"Fons Vinum","description":"Vendita Vino Online","publisher":{"@id":"https:\/\/fonsvinum.com\/en\/#organization"},"potentialAction":[{"@type":"SearchAction","target":{"@type":"EntryPoint","urlTemplate":"https:\/\/fonsvinum.com\/en\/?s={search_term_string}"},"query-input":{"@type":"PropertyValueSpecification","valueRequired":true,"valueName":"search_term_string"}}],"inLanguage":"de"},{"@type":"Organization","@id":"https:\/\/fonsvinum.com\/en\/#organization","name":"Fons Vinum","url":"https:\/\/fonsvinum.com\/en\/","logo":{"@type":"ImageObject","inLanguage":"de","@id":"https:\/\/fonsvinum.com\/en\/#\/schema\/logo\/image\/","url":"","contentUrl":"","caption":"Fons Vinum"},"image":{"@id":"https:\/\/fonsvinum.com\/en\/#\/schema\/logo\/image\/"}}]}},"acf":[],"_links":{"self":[{"href":"https:\/\/fonsvinum.com\/de\/wp-json\/wp\/v2\/product\/5478","targetHints":{"allow":["GET"]}}],"collection":[{"href":"https:\/\/fonsvinum.com\/de\/wp-json\/wp\/v2\/product"}],"about":[{"href":"https:\/\/fonsvinum.com\/de\/wp-json\/wp\/v2\/types\/product"}],"replies":[{"embeddable":true,"href":"https:\/\/fonsvinum.com\/de\/wp-json\/wp\/v2\/comments?post=5478"}],"wp:featuredmedia":[{"embeddable":true,"href":"https:\/\/fonsvinum.com\/de\/wp-json\/wp\/v2\/media\/5592"}],"wp:attachment":[{"href":"https:\/\/fonsvinum.com\/de\/wp-json\/wp\/v2\/media?parent=5478"}],"wp:term":[{"taxonomy":"product_brand","embeddable":true,"href":"https:\/\/fonsvinum.com\/de\/wp-json\/wp\/v2\/product_brand?post=5478"},{"taxonomy":"product_cat","embeddable":true,"href":"https:\/\/fonsvinum.com\/de\/wp-json\/wp\/v2\/product_cat?post=5478"},{"taxonomy":"product_tag","embeddable":true,"href":"https:\/\/fonsvinum.com\/de\/wp-json\/wp\/v2\/product_tag?post=5478"}],"curies":[{"name":"wp","href":"https:\/\/api.w.org\/{rel}","templated":true}]}}