{"id":5386,"date":"2014-10-31T16:27:14","date_gmt":"2014-10-31T15:27:14","guid":{"rendered":"http:\/\/fonsvinum.com\/product\/grappa-giulia-berta-distillerie-2\/"},"modified":"2019-02-11T11:26:16","modified_gmt":"2019-02-11T10:26:16","slug":"grappa-giulia-berta-distillerie-2","status":"publish","type":"product","link":"https:\/\/fonsvinum.com\/de\/produkt\/grappa-giulia-berta-distillerie-2\/","title":{"rendered":"Grappa Giulia &#8211; Berta Distillerie"},"content":{"rendered":"<div class=\"field field-name-field-vitigno field-type-text-long field-label-above\">\n<h1 class=\"field-label\">Grappa Giulia Berta Distillerie<\/h1>\n<div class=\"field-label\"><\/div>\n<div class=\"field-label\">Rebsorte:<\/div>\n<div class=\"field-items\">\n<div class=\"field-item even\">Chardonnay e Cortese<\/div>\n<\/div>\n<\/div>\n<div class=\"field field-name-field-sistema-distillazione field-type-text-long field-label-above\">\n<div class=\"field-label\">Distillationssystem:<\/div>\n<div class=\"field-items\">\n<div class=\"field-item even\">Diskontiniuierlich.<\/div>\n<\/div>\n<\/div>\n<div class=\"field field-name-field-impianto field-type-text-long field-label-above\">\n<div class=\"field-label\">Herstellungsverfahren:<\/div>\n<div class=\"field-items\">\n<div class=\"field-item even\">Dampfheizkesseln aus Kupfer.<\/div>\n<\/div>\n<\/div>\n<div class=\"field field-name-field-invecchiamento field-type-text-long field-label-above\">\n<div class=\"field-label\">Lagerung:<\/div>\n<div class=\"field-items\">\n<div class=\"field-item even\">Eichenf\u00e4sserrn aus Slavonien.<\/div>\n<\/div>\n<\/div>\n<div class=\"field field-name-field-colore field-type-text-long field-label-above\">\n<div class=\"field-label\">Farbe:<\/div>\n<div class=\"field-items\">\n<div class=\"field-item even\">Klare Bernsteinfarbe.<\/div>\n<\/div>\n<\/div>\n<div class=\"field field-name-field-profumo field-type-text-long field-label-above\">\n<div class=\"field-label\">Nase:<\/div>\n<div class=\"field-items\">\n<div class=\"field-item even\">Elegant, harmonisch und ausgepr\u00e4gt.<\/div>\n<\/div>\n<\/div>\n<div class=\"field field-name-field-sapore field-type-text-long field-label-above\">\n<div class=\"field-label\">Gaumen:<\/div>\n<div class=\"field-items\">\n<div class=\"field-item even\">Weiche Geschmack mit Spuren von Vanille und Tropischen Fr\u00fcchten.<\/div>\n<\/div>\n<\/div>\n<div class=\"field field-name-field-capacita-delle-bottiglie field-type-text-long field-label-above\"><\/div>\n<div class=\"field field-name-field-gradazione field-type-text-long field-label-above\">\n<div class=\"field-label\">Alkhohlgehalt:<\/div>\n<div class=\"field-items\">\n<div class=\"field-item even\">40% vol.<\/div>\n<\/div>\n<\/div>\n","protected":false},"excerpt":{"rendered":"<p>Grappa Giulia Berta Distillerie Rebsorte: Chardonnay e Cortese Distillationssystem: Diskontiniuierlich. Herstellungsverfahren: Dampfheizkesseln aus Kupfer. Lagerung: Eichenf\u00e4sserrn aus Slavonien. Farbe: Klare Bernsteinfarbe. Nase: Elegant, harmonisch und ausgepr\u00e4gt. Gaumen: Weiche Geschmack mit Spuren von Vanille und Tropischen Fr\u00fcchten. Alkhohlgehalt: 40% vol.<\/p>\n","protected":false},"featured_media":3551,"comment_status":"open","ping_status":"closed","template":"","meta":{"_acf_changed":false,"_monsterinsights_skip_tracking":false,"_monsterinsights_sitenote_active":false,"_monsterinsights_sitenote_note":"","_monsterinsights_sitenote_category":0},"product_brand":[],"product_cat":[2152],"product_tag":[2404],"class_list":{"0":"post-5386","1":"product","2":"type-product","3":"status-publish","4":"has-post-thumbnail","6":"product_cat-grappa-de","7":"product_tag-grappa-berta-de","8":"pa_appellation-grappa-de","9":"pa_formato-0-70-l-flasche-de","10":"pa_producer-berta-distillerie-de","11":"pa_region-piemont-de","12":"pa_vine-chardonnay-de","13":"pa_vintage-s-a-de","15":"first","16":"instock","17":"taxable","18":"shipping-taxable","19":"purchasable","20":"product-type-simple"},"bundled_by":[],"bundle_stock_status":"instock","bundle_stock_quantity":null,"bundle_virtual":false,"bundle_layout":"","bundle_add_to_cart_form_location":"","bundle_editable_in_cart":false,"bundle_sold_individually_context":"","bundle_item_grouping":"","bundle_min_size":"","bundle_max_size":"","bundle_price":[],"bundled_items":[],"bundle_sell_ids":[],"yoast_head":"<!-- This site is optimized with the Yoast SEO plugin v27.3 - https:\/\/yoast.com\/product\/yoast-seo-wordpress\/ -->\n<title>Grappa Giulia Berta Distillerie acquista online su FonsVinum<\/title>\n<meta name=\"description\" content=\"Grappa Giulia Berta Distillerie Rebsorte:\u00a0Chardonnay e CorteseDistillationssystem:\u00a0Diskontiniuierlich.Herstellungsverfahren:\u00a0Dampfheizkesseln aus Kupfer.\" \/>\n<meta name=\"robots\" content=\"index, follow, max-snippet:-1, max-image-preview:large, max-video-preview:-1\" \/>\n<link rel=\"canonical\" href=\"https:\/\/fonsvinum.com\/de\/produkt\/grappa-giulia-berta-distillerie-2\/\" \/>\n<meta property=\"og:locale\" content=\"de_DE\" \/>\n<meta property=\"og:type\" content=\"article\" \/>\n<meta property=\"og:title\" content=\"Grappa Giulia Berta Distillerie acquista online su FonsVinum\" \/>\n<meta property=\"og:description\" content=\"Grappa Giulia Berta Distillerie Rebsorte:\u00a0Chardonnay e CorteseDistillationssystem:\u00a0Diskontiniuierlich.Herstellungsverfahren:\u00a0Dampfheizkesseln aus Kupfer.\" \/>\n<meta property=\"og:url\" content=\"https:\/\/fonsvinum.com\/de\/produkt\/grappa-giulia-berta-distillerie-2\/\" \/>\n<meta property=\"og:site_name\" content=\"Fons Vinum\" \/>\n<meta property=\"article:modified_time\" content=\"2019-02-11T10:26:16+00:00\" \/>\n<meta property=\"og:image\" content=\"https:\/\/fonsvinum.com\/files\/2014\/10\/giulia_1.png\" \/>\n\t<meta property=\"og:image:width\" content=\"200\" \/>\n\t<meta property=\"og:image:height\" content=\"400\" \/>\n\t<meta property=\"og:image:type\" content=\"image\/png\" \/>\n<script type=\"application\/ld+json\" class=\"yoast-schema-graph\">{\"@context\":\"https:\\\/\\\/schema.org\",\"@graph\":[{\"@type\":\"WebPage\",\"@id\":\"https:\\\/\\\/fonsvinum.com\\\/de\\\/produkt\\\/grappa-giulia-berta-distillerie-2\\\/\",\"url\":\"https:\\\/\\\/fonsvinum.com\\\/de\\\/produkt\\\/grappa-giulia-berta-distillerie-2\\\/\",\"name\":\"Grappa Giulia Berta Distillerie acquista online su FonsVinum\",\"isPartOf\":{\"@id\":\"https:\\\/\\\/fonsvinum.com\\\/en\\\/#website\"},\"primaryImageOfPage\":{\"@id\":\"https:\\\/\\\/fonsvinum.com\\\/de\\\/produkt\\\/grappa-giulia-berta-distillerie-2\\\/#primaryimage\"},\"image\":{\"@id\":\"https:\\\/\\\/fonsvinum.com\\\/de\\\/produkt\\\/grappa-giulia-berta-distillerie-2\\\/#primaryimage\"},\"thumbnailUrl\":\"https:\\\/\\\/fonsvinum.com\\\/files\\\/2014\\\/10\\\/giulia_1.png\",\"datePublished\":\"2014-10-31T15:27:14+00:00\",\"dateModified\":\"2019-02-11T10:26:16+00:00\",\"description\":\"Grappa Giulia Berta Distillerie Rebsorte:\u00a0Chardonnay e CorteseDistillationssystem:\u00a0Diskontiniuierlich.Herstellungsverfahren:\u00a0Dampfheizkesseln aus Kupfer.\",\"breadcrumb\":{\"@id\":\"https:\\\/\\\/fonsvinum.com\\\/de\\\/produkt\\\/grappa-giulia-berta-distillerie-2\\\/#breadcrumb\"},\"inLanguage\":\"de\",\"potentialAction\":[{\"@type\":\"ReadAction\",\"target\":[\"https:\\\/\\\/fonsvinum.com\\\/de\\\/produkt\\\/grappa-giulia-berta-distillerie-2\\\/\"]}]},{\"@type\":\"ImageObject\",\"inLanguage\":\"de\",\"@id\":\"https:\\\/\\\/fonsvinum.com\\\/de\\\/produkt\\\/grappa-giulia-berta-distillerie-2\\\/#primaryimage\",\"url\":\"https:\\\/\\\/fonsvinum.com\\\/files\\\/2014\\\/10\\\/giulia_1.png\",\"contentUrl\":\"https:\\\/\\\/fonsvinum.com\\\/files\\\/2014\\\/10\\\/giulia_1.png\",\"width\":200,\"height\":400},{\"@type\":\"BreadcrumbList\",\"@id\":\"https:\\\/\\\/fonsvinum.com\\\/de\\\/produkt\\\/grappa-giulia-berta-distillerie-2\\\/#breadcrumb\",\"itemListElement\":[{\"@type\":\"ListItem\",\"position\":1,\"name\":\"Startseite\",\"item\":\"https:\\\/\\\/fonsvinum.com\\\/de\\\/\"},{\"@type\":\"ListItem\",\"position\":2,\"name\":\"Shop\",\"item\":\"https:\\\/\\\/fonsvinum.com\\\/de\\\/shop\\\/\"},{\"@type\":\"ListItem\",\"position\":3,\"name\":\"Grappa Giulia &#8211; Berta Distillerie\"}]},{\"@type\":\"WebSite\",\"@id\":\"https:\\\/\\\/fonsvinum.com\\\/en\\\/#website\",\"url\":\"https:\\\/\\\/fonsvinum.com\\\/en\\\/\",\"name\":\"Fons Vinum\",\"description\":\"Vendita Vino Online\",\"publisher\":{\"@id\":\"https:\\\/\\\/fonsvinum.com\\\/en\\\/#organization\"},\"potentialAction\":[{\"@type\":\"SearchAction\",\"target\":{\"@type\":\"EntryPoint\",\"urlTemplate\":\"https:\\\/\\\/fonsvinum.com\\\/en\\\/?s={search_term_string}\"},\"query-input\":{\"@type\":\"PropertyValueSpecification\",\"valueRequired\":true,\"valueName\":\"search_term_string\"}}],\"inLanguage\":\"de\"},{\"@type\":\"Organization\",\"@id\":\"https:\\\/\\\/fonsvinum.com\\\/en\\\/#organization\",\"name\":\"Fons Vinum\",\"url\":\"https:\\\/\\\/fonsvinum.com\\\/en\\\/\",\"logo\":{\"@type\":\"ImageObject\",\"inLanguage\":\"de\",\"@id\":\"https:\\\/\\\/fonsvinum.com\\\/en\\\/#\\\/schema\\\/logo\\\/image\\\/\",\"url\":\"\",\"contentUrl\":\"\",\"caption\":\"Fons Vinum\"},\"image\":{\"@id\":\"https:\\\/\\\/fonsvinum.com\\\/en\\\/#\\\/schema\\\/logo\\\/image\\\/\"}}]}<\/script>\n<!-- \/ Yoast SEO plugin. -->","yoast_head_json":{"title":"Grappa Giulia Berta Distillerie acquista online su FonsVinum","description":"Grappa Giulia Berta Distillerie Rebsorte:\u00a0Chardonnay e CorteseDistillationssystem:\u00a0Diskontiniuierlich.Herstellungsverfahren:\u00a0Dampfheizkesseln aus Kupfer.","robots":{"index":"index","follow":"follow","max-snippet":"max-snippet:-1","max-image-preview":"max-image-preview:large","max-video-preview":"max-video-preview:-1"},"canonical":"https:\/\/fonsvinum.com\/de\/produkt\/grappa-giulia-berta-distillerie-2\/","og_locale":"de_DE","og_type":"article","og_title":"Grappa Giulia Berta Distillerie acquista online su FonsVinum","og_description":"Grappa Giulia Berta Distillerie Rebsorte:\u00a0Chardonnay e CorteseDistillationssystem:\u00a0Diskontiniuierlich.Herstellungsverfahren:\u00a0Dampfheizkesseln aus Kupfer.","og_url":"https:\/\/fonsvinum.com\/de\/produkt\/grappa-giulia-berta-distillerie-2\/","og_site_name":"Fons Vinum","article_modified_time":"2019-02-11T10:26:16+00:00","og_image":[{"width":200,"height":400,"url":"https:\/\/fonsvinum.com\/files\/2014\/10\/giulia_1.png","type":"image\/png"}],"schema":{"@context":"https:\/\/schema.org","@graph":[{"@type":"WebPage","@id":"https:\/\/fonsvinum.com\/de\/produkt\/grappa-giulia-berta-distillerie-2\/","url":"https:\/\/fonsvinum.com\/de\/produkt\/grappa-giulia-berta-distillerie-2\/","name":"Grappa Giulia Berta Distillerie acquista online su FonsVinum","isPartOf":{"@id":"https:\/\/fonsvinum.com\/en\/#website"},"primaryImageOfPage":{"@id":"https:\/\/fonsvinum.com\/de\/produkt\/grappa-giulia-berta-distillerie-2\/#primaryimage"},"image":{"@id":"https:\/\/fonsvinum.com\/de\/produkt\/grappa-giulia-berta-distillerie-2\/#primaryimage"},"thumbnailUrl":"https:\/\/fonsvinum.com\/files\/2014\/10\/giulia_1.png","datePublished":"2014-10-31T15:27:14+00:00","dateModified":"2019-02-11T10:26:16+00:00","description":"Grappa Giulia Berta Distillerie Rebsorte:\u00a0Chardonnay e CorteseDistillationssystem:\u00a0Diskontiniuierlich.Herstellungsverfahren:\u00a0Dampfheizkesseln aus Kupfer.","breadcrumb":{"@id":"https:\/\/fonsvinum.com\/de\/produkt\/grappa-giulia-berta-distillerie-2\/#breadcrumb"},"inLanguage":"de","potentialAction":[{"@type":"ReadAction","target":["https:\/\/fonsvinum.com\/de\/produkt\/grappa-giulia-berta-distillerie-2\/"]}]},{"@type":"ImageObject","inLanguage":"de","@id":"https:\/\/fonsvinum.com\/de\/produkt\/grappa-giulia-berta-distillerie-2\/#primaryimage","url":"https:\/\/fonsvinum.com\/files\/2014\/10\/giulia_1.png","contentUrl":"https:\/\/fonsvinum.com\/files\/2014\/10\/giulia_1.png","width":200,"height":400},{"@type":"BreadcrumbList","@id":"https:\/\/fonsvinum.com\/de\/produkt\/grappa-giulia-berta-distillerie-2\/#breadcrumb","itemListElement":[{"@type":"ListItem","position":1,"name":"Startseite","item":"https:\/\/fonsvinum.com\/de\/"},{"@type":"ListItem","position":2,"name":"Shop","item":"https:\/\/fonsvinum.com\/de\/shop\/"},{"@type":"ListItem","position":3,"name":"Grappa Giulia &#8211; Berta Distillerie"}]},{"@type":"WebSite","@id":"https:\/\/fonsvinum.com\/en\/#website","url":"https:\/\/fonsvinum.com\/en\/","name":"Fons Vinum","description":"Vendita Vino Online","publisher":{"@id":"https:\/\/fonsvinum.com\/en\/#organization"},"potentialAction":[{"@type":"SearchAction","target":{"@type":"EntryPoint","urlTemplate":"https:\/\/fonsvinum.com\/en\/?s={search_term_string}"},"query-input":{"@type":"PropertyValueSpecification","valueRequired":true,"valueName":"search_term_string"}}],"inLanguage":"de"},{"@type":"Organization","@id":"https:\/\/fonsvinum.com\/en\/#organization","name":"Fons Vinum","url":"https:\/\/fonsvinum.com\/en\/","logo":{"@type":"ImageObject","inLanguage":"de","@id":"https:\/\/fonsvinum.com\/en\/#\/schema\/logo\/image\/","url":"","contentUrl":"","caption":"Fons Vinum"},"image":{"@id":"https:\/\/fonsvinum.com\/en\/#\/schema\/logo\/image\/"}}]}},"acf":[],"_links":{"self":[{"href":"https:\/\/fonsvinum.com\/de\/wp-json\/wp\/v2\/product\/5386","targetHints":{"allow":["GET"]}}],"collection":[{"href":"https:\/\/fonsvinum.com\/de\/wp-json\/wp\/v2\/product"}],"about":[{"href":"https:\/\/fonsvinum.com\/de\/wp-json\/wp\/v2\/types\/product"}],"replies":[{"embeddable":true,"href":"https:\/\/fonsvinum.com\/de\/wp-json\/wp\/v2\/comments?post=5386"}],"wp:featuredmedia":[{"embeddable":true,"href":"https:\/\/fonsvinum.com\/de\/wp-json\/wp\/v2\/media\/3551"}],"wp:attachment":[{"href":"https:\/\/fonsvinum.com\/de\/wp-json\/wp\/v2\/media?parent=5386"}],"wp:term":[{"taxonomy":"product_brand","embeddable":true,"href":"https:\/\/fonsvinum.com\/de\/wp-json\/wp\/v2\/product_brand?post=5386"},{"taxonomy":"product_cat","embeddable":true,"href":"https:\/\/fonsvinum.com\/de\/wp-json\/wp\/v2\/product_cat?post=5386"},{"taxonomy":"product_tag","embeddable":true,"href":"https:\/\/fonsvinum.com\/de\/wp-json\/wp\/v2\/product_tag?post=5386"}],"curies":[{"name":"wp","href":"https:\/\/api.w.org\/{rel}","templated":true}]}}