{"id":5380,"date":"2015-01-26T10:54:53","date_gmt":"2015-01-26T09:54:53","guid":{"rendered":"http:\/\/fonsvinum.com\/product\/grappa-tre-soli-tre-berta-distillerie\/"},"modified":"2025-07-28T16:03:02","modified_gmt":"2025-07-28T14:03:02","slug":"grappa-tre-soli-tre-berta-distillerie","status":"publish","type":"product","link":"https:\/\/fonsvinum.com\/de\/produkt\/grappa-tre-soli-tre-berta-distillerie\/","title":{"rendered":"Grappa &#8222;Tre soli Tre&#8220; Berta Distillerie"},"content":{"rendered":"<div class=\"field field-name-field-vitigno field-type-text-long field-label-above\">\n<div class=\"field-label\">Grappa Tre soli Tre Berta Distillerie<\/div>\n<div class=\"field-label\">Rebsorte:<\/div>\n<div class=\"field-items\">\n<div class=\"field-item even\">Nebbiolo<\/div>\n<\/div>\n<\/div>\n<div class=\"field field-name-field-sistema-distillazione field-type-text-long field-label-above\">\n<div class=\"field-label\">Distillationssystem:<\/div>\n<div class=\"field-items\">\n<div class=\"field-item even\">Diskontiniuierlich.<\/div>\n<\/div>\n<\/div>\n<div class=\"field field-name-field-impianto field-type-text-long field-label-above\">\n<div class=\"field-label\">Herstellungsverfahren:<\/div>\n<div class=\"field-items\">\n<div class=\"field-item even\">Dampfheizkesseln aus Kupfer.<\/div>\n<\/div>\n<\/div>\n<div class=\"field field-name-field-invecchiamento field-type-text-long field-label-above\">\n<div class=\"field-label\">Lagerung:<\/div>\n<div class=\"field-items\">\n<div class=\"field-item even\">H\u00f6lzer mit verschiedener Essenzen und R\u00f6stungsgrades.<\/div>\n<\/div>\n<\/div>\n<div class=\"field field-name-field-colore field-type-text-long field-label-above\">\n<div class=\"field-label\">Farbe:<\/div>\n<div class=\"field-items\">\n<div class=\"field-item even\">Bernsteinfarbe.<\/div>\n<\/div>\n<\/div>\n<div class=\"field field-name-field-profumo field-type-text-long field-label-above\">\n<div class=\"field-label\">Nase:<\/div>\n<div class=\"field-items\">\n<div class=\"field-item even\">Komplex, weich, faszinierend mit gro\u00dfer Pers\u00f6nlichkeit. Herrliches Konzert der Gef\u00fchle in dem das reife Obst (Johannisbeere, Aprikose, Sauerkirsche), der Kakao und die Vanille hervorstechen.<\/div>\n<\/div>\n<\/div>\n<div class=\"field field-name-field-sapore field-type-text-long field-label-above\">\n<div class=\"field-label\">Gamen:<\/div>\n<div class=\"field-items\">\n<div class=\"field-item even\">Die verlockende Gef\u00fchle best\u00e4tigen sich, die bei dem Duft gesp\u00fcrt wurden.<\/div>\n<\/div>\n<\/div>\n<div class=\"field field-name-field-capacita-delle-bottiglie field-type-text-long field-label-above\">\n<div class=\"field-label\">Flascheninhalt:<\/div>\n<div class=\"field-items\">\n<div class=\"field-item even\">Cl. 70<\/div>\n<\/div>\n<\/div>\n<div class=\"field field-name-field-gradazione field-type-text-long field-label-above\">\n<div class=\"field-label\">Alkhohlgehalt:<\/div>\n<div class=\"field-items\">\n<div class=\"field-item even\">43% Vol.<\/div>\n<\/div>\n<\/div>\n","protected":false},"excerpt":{"rendered":"<p>Grappa Tre soli Tre Berta Distillerie Rebsorte: Nebbiolo Distillationssystem: Diskontiniuierlich. Herstellungsverfahren: Dampfheizkesseln aus Kupfer. Lagerung: H\u00f6lzer mit verschiedener Essenzen und R\u00f6stungsgrades. Farbe: Bernsteinfarbe. Nase: Komplex, weich, faszinierend mit gro\u00dfer Pers\u00f6nlichkeit. Herrliches Konzert der Gef\u00fchle in dem das reife Obst (Johannisbeere, Aprikose, Sauerkirsche), der Kakao und die Vanille hervorstechen. Gamen: Die verlockende Gef\u00fchle best\u00e4tigen sich, die [&hellip;]<\/p>\n","protected":false},"featured_media":3585,"comment_status":"open","ping_status":"closed","template":"","meta":{"_acf_changed":false,"_monsterinsights_skip_tracking":false,"_monsterinsights_sitenote_active":false,"_monsterinsights_sitenote_note":"","_monsterinsights_sitenote_category":0},"product_brand":[],"product_cat":[2152],"product_tag":[2404],"class_list":{"0":"post-5380","1":"product","2":"type-product","3":"status-publish","4":"has-post-thumbnail","6":"product_cat-grappa-de","7":"product_tag-grappa-berta-de","8":"pa_appellation-grappa-de","9":"pa_formato-0-70-l-flasche-de","10":"pa_producer-berta-distillerie-de","11":"pa_region-piemont-de","12":"pa_vine-nebbiolo-nebbiolo-aus-barolo-und-nebbiolo-aus-barbaresco-de","13":"pa_vintage-2017-de","15":"first","16":"outofstock","17":"taxable","18":"shipping-taxable","19":"purchasable","20":"product-type-simple"},"bundled_by":[],"bundle_stock_status":"outofstock","bundle_stock_quantity":null,"bundle_virtual":false,"bundle_layout":"","bundle_add_to_cart_form_location":"","bundle_editable_in_cart":false,"bundle_sold_individually_context":"","bundle_item_grouping":"","bundle_min_size":"","bundle_max_size":"","bundle_price":[],"bundled_items":[],"bundle_sell_ids":[],"yoast_head":"<!-- This site is optimized with the Yoast SEO plugin v27.2 - https:\/\/yoast.com\/product\/yoast-seo-wordpress\/ -->\n<title>Acquista on line Grappa Tre soli Tre Berta Distillerie<\/title>\n<meta name=\"description\" content=\"Grappa Tre soli Tre Berta Distillerie . Tre soli Tre nasce dalle vinacce di Nebbiolo, Nebbiolo da Barolo e Nebbiolo da Barbaresco, selezionate dai migliori produttori nelle zone tipiche di produzione.\" \/>\n<meta name=\"robots\" content=\"index, follow, max-snippet:-1, max-image-preview:large, max-video-preview:-1\" \/>\n<link rel=\"canonical\" href=\"https:\/\/fonsvinum.com\/de\/produkt\/grappa-tre-soli-tre-berta-distillerie\/\" \/>\n<meta property=\"og:locale\" content=\"de_DE\" \/>\n<meta property=\"og:type\" content=\"article\" \/>\n<meta property=\"og:title\" content=\"Acquista on line Grappa Tre soli Tre Berta Distillerie\" \/>\n<meta property=\"og:description\" content=\"Grappa Tre soli Tre Berta Distillerie . Tre soli Tre nasce dalle vinacce di Nebbiolo, Nebbiolo da Barolo e Nebbiolo da Barbaresco, selezionate dai migliori produttori nelle zone tipiche di produzione.\" \/>\n<meta property=\"og:url\" content=\"https:\/\/fonsvinum.com\/de\/produkt\/grappa-tre-soli-tre-berta-distillerie\/\" \/>\n<meta property=\"og:site_name\" content=\"Fons Vinum\" \/>\n<meta property=\"article:modified_time\" content=\"2025-07-28T14:03:02+00:00\" \/>\n<meta property=\"og:image\" content=\"https:\/\/fonsvinum.com\/files\/2015\/01\/grappa-3soli3-berta.png\" \/>\n\t<meta property=\"og:image:width\" content=\"575\" \/>\n\t<meta property=\"og:image:height\" content=\"519\" \/>\n\t<meta property=\"og:image:type\" content=\"image\/png\" \/>\n<meta name=\"twitter:label1\" content=\"Gesch\u00e4tzte Lesezeit\" \/>\n\t<meta name=\"twitter:data1\" content=\"1\u00a0Minute\" \/>\n<script type=\"application\/ld+json\" class=\"yoast-schema-graph\">{\"@context\":\"https:\/\/schema.org\",\"@graph\":[{\"@type\":\"WebPage\",\"@id\":\"https:\/\/fonsvinum.com\/de\/produkt\/grappa-tre-soli-tre-berta-distillerie\/\",\"url\":\"https:\/\/fonsvinum.com\/de\/produkt\/grappa-tre-soli-tre-berta-distillerie\/\",\"name\":\"Acquista on line Grappa Tre soli Tre Berta Distillerie\",\"isPartOf\":{\"@id\":\"https:\/\/fonsvinum.com\/en\/#website\"},\"primaryImageOfPage\":{\"@id\":\"https:\/\/fonsvinum.com\/de\/produkt\/grappa-tre-soli-tre-berta-distillerie\/#primaryimage\"},\"image\":{\"@id\":\"https:\/\/fonsvinum.com\/de\/produkt\/grappa-tre-soli-tre-berta-distillerie\/#primaryimage\"},\"thumbnailUrl\":\"https:\/\/fonsvinum.com\/files\/2015\/01\/grappa-3soli3-berta.png\",\"datePublished\":\"2015-01-26T09:54:53+00:00\",\"dateModified\":\"2025-07-28T14:03:02+00:00\",\"description\":\"Grappa Tre soli Tre Berta Distillerie . Tre soli Tre nasce dalle vinacce di Nebbiolo, Nebbiolo da Barolo e Nebbiolo da Barbaresco, selezionate dai migliori produttori nelle zone tipiche di produzione.\",\"breadcrumb\":{\"@id\":\"https:\/\/fonsvinum.com\/de\/produkt\/grappa-tre-soli-tre-berta-distillerie\/#breadcrumb\"},\"inLanguage\":\"de\",\"potentialAction\":[{\"@type\":\"ReadAction\",\"target\":[\"https:\/\/fonsvinum.com\/de\/produkt\/grappa-tre-soli-tre-berta-distillerie\/\"]}]},{\"@type\":\"ImageObject\",\"inLanguage\":\"de\",\"@id\":\"https:\/\/fonsvinum.com\/de\/produkt\/grappa-tre-soli-tre-berta-distillerie\/#primaryimage\",\"url\":\"https:\/\/fonsvinum.com\/files\/2015\/01\/grappa-3soli3-berta.png\",\"contentUrl\":\"https:\/\/fonsvinum.com\/files\/2015\/01\/grappa-3soli3-berta.png\",\"width\":575,\"height\":519},{\"@type\":\"BreadcrumbList\",\"@id\":\"https:\/\/fonsvinum.com\/de\/produkt\/grappa-tre-soli-tre-berta-distillerie\/#breadcrumb\",\"itemListElement\":[{\"@type\":\"ListItem\",\"position\":1,\"name\":\"Startseite\",\"item\":\"https:\/\/fonsvinum.com\/de\/\"},{\"@type\":\"ListItem\",\"position\":2,\"name\":\"Shop\",\"item\":\"https:\/\/fonsvinum.com\/de\/shop\/\"},{\"@type\":\"ListItem\",\"position\":3,\"name\":\"Grappa &#8220;Tre soli Tre&#8221; Berta Distillerie\"}]},{\"@type\":\"WebSite\",\"@id\":\"https:\/\/fonsvinum.com\/en\/#website\",\"url\":\"https:\/\/fonsvinum.com\/en\/\",\"name\":\"Fons Vinum\",\"description\":\"Vendita Vino Online\",\"publisher\":{\"@id\":\"https:\/\/fonsvinum.com\/en\/#organization\"},\"potentialAction\":[{\"@type\":\"SearchAction\",\"target\":{\"@type\":\"EntryPoint\",\"urlTemplate\":\"https:\/\/fonsvinum.com\/en\/?s={search_term_string}\"},\"query-input\":{\"@type\":\"PropertyValueSpecification\",\"valueRequired\":true,\"valueName\":\"search_term_string\"}}],\"inLanguage\":\"de\"},{\"@type\":\"Organization\",\"@id\":\"https:\/\/fonsvinum.com\/en\/#organization\",\"name\":\"Fons Vinum\",\"url\":\"https:\/\/fonsvinum.com\/en\/\",\"logo\":{\"@type\":\"ImageObject\",\"inLanguage\":\"de\",\"@id\":\"https:\/\/fonsvinum.com\/en\/#\/schema\/logo\/image\/\",\"url\":\"\",\"contentUrl\":\"\",\"caption\":\"Fons Vinum\"},\"image\":{\"@id\":\"https:\/\/fonsvinum.com\/en\/#\/schema\/logo\/image\/\"}}]}<\/script>\n<!-- \/ Yoast SEO plugin. -->","yoast_head_json":{"title":"Acquista on line Grappa Tre soli Tre Berta Distillerie","description":"Grappa Tre soli Tre Berta Distillerie . Tre soli Tre nasce dalle vinacce di Nebbiolo, Nebbiolo da Barolo e Nebbiolo da Barbaresco, selezionate dai migliori produttori nelle zone tipiche di produzione.","robots":{"index":"index","follow":"follow","max-snippet":"max-snippet:-1","max-image-preview":"max-image-preview:large","max-video-preview":"max-video-preview:-1"},"canonical":"https:\/\/fonsvinum.com\/de\/produkt\/grappa-tre-soli-tre-berta-distillerie\/","og_locale":"de_DE","og_type":"article","og_title":"Acquista on line Grappa Tre soli Tre Berta Distillerie","og_description":"Grappa Tre soli Tre Berta Distillerie . Tre soli Tre nasce dalle vinacce di Nebbiolo, Nebbiolo da Barolo e Nebbiolo da Barbaresco, selezionate dai migliori produttori nelle zone tipiche di produzione.","og_url":"https:\/\/fonsvinum.com\/de\/produkt\/grappa-tre-soli-tre-berta-distillerie\/","og_site_name":"Fons Vinum","article_modified_time":"2025-07-28T14:03:02+00:00","og_image":[{"width":575,"height":519,"url":"https:\/\/fonsvinum.com\/files\/2015\/01\/grappa-3soli3-berta.png","type":"image\/png"}],"twitter_misc":{"Gesch\u00e4tzte Lesezeit":"1\u00a0Minute"},"schema":{"@context":"https:\/\/schema.org","@graph":[{"@type":"WebPage","@id":"https:\/\/fonsvinum.com\/de\/produkt\/grappa-tre-soli-tre-berta-distillerie\/","url":"https:\/\/fonsvinum.com\/de\/produkt\/grappa-tre-soli-tre-berta-distillerie\/","name":"Acquista on line Grappa Tre soli Tre Berta Distillerie","isPartOf":{"@id":"https:\/\/fonsvinum.com\/en\/#website"},"primaryImageOfPage":{"@id":"https:\/\/fonsvinum.com\/de\/produkt\/grappa-tre-soli-tre-berta-distillerie\/#primaryimage"},"image":{"@id":"https:\/\/fonsvinum.com\/de\/produkt\/grappa-tre-soli-tre-berta-distillerie\/#primaryimage"},"thumbnailUrl":"https:\/\/fonsvinum.com\/files\/2015\/01\/grappa-3soli3-berta.png","datePublished":"2015-01-26T09:54:53+00:00","dateModified":"2025-07-28T14:03:02+00:00","description":"Grappa Tre soli Tre Berta Distillerie . Tre soli Tre nasce dalle vinacce di Nebbiolo, Nebbiolo da Barolo e Nebbiolo da Barbaresco, selezionate dai migliori produttori nelle zone tipiche di produzione.","breadcrumb":{"@id":"https:\/\/fonsvinum.com\/de\/produkt\/grappa-tre-soli-tre-berta-distillerie\/#breadcrumb"},"inLanguage":"de","potentialAction":[{"@type":"ReadAction","target":["https:\/\/fonsvinum.com\/de\/produkt\/grappa-tre-soli-tre-berta-distillerie\/"]}]},{"@type":"ImageObject","inLanguage":"de","@id":"https:\/\/fonsvinum.com\/de\/produkt\/grappa-tre-soli-tre-berta-distillerie\/#primaryimage","url":"https:\/\/fonsvinum.com\/files\/2015\/01\/grappa-3soli3-berta.png","contentUrl":"https:\/\/fonsvinum.com\/files\/2015\/01\/grappa-3soli3-berta.png","width":575,"height":519},{"@type":"BreadcrumbList","@id":"https:\/\/fonsvinum.com\/de\/produkt\/grappa-tre-soli-tre-berta-distillerie\/#breadcrumb","itemListElement":[{"@type":"ListItem","position":1,"name":"Startseite","item":"https:\/\/fonsvinum.com\/de\/"},{"@type":"ListItem","position":2,"name":"Shop","item":"https:\/\/fonsvinum.com\/de\/shop\/"},{"@type":"ListItem","position":3,"name":"Grappa &#8220;Tre soli Tre&#8221; Berta Distillerie"}]},{"@type":"WebSite","@id":"https:\/\/fonsvinum.com\/en\/#website","url":"https:\/\/fonsvinum.com\/en\/","name":"Fons Vinum","description":"Vendita Vino Online","publisher":{"@id":"https:\/\/fonsvinum.com\/en\/#organization"},"potentialAction":[{"@type":"SearchAction","target":{"@type":"EntryPoint","urlTemplate":"https:\/\/fonsvinum.com\/en\/?s={search_term_string}"},"query-input":{"@type":"PropertyValueSpecification","valueRequired":true,"valueName":"search_term_string"}}],"inLanguage":"de"},{"@type":"Organization","@id":"https:\/\/fonsvinum.com\/en\/#organization","name":"Fons Vinum","url":"https:\/\/fonsvinum.com\/en\/","logo":{"@type":"ImageObject","inLanguage":"de","@id":"https:\/\/fonsvinum.com\/en\/#\/schema\/logo\/image\/","url":"","contentUrl":"","caption":"Fons Vinum"},"image":{"@id":"https:\/\/fonsvinum.com\/en\/#\/schema\/logo\/image\/"}}]}},"acf":[],"_links":{"self":[{"href":"https:\/\/fonsvinum.com\/de\/wp-json\/wp\/v2\/product\/5380","targetHints":{"allow":["GET"]}}],"collection":[{"href":"https:\/\/fonsvinum.com\/de\/wp-json\/wp\/v2\/product"}],"about":[{"href":"https:\/\/fonsvinum.com\/de\/wp-json\/wp\/v2\/types\/product"}],"replies":[{"embeddable":true,"href":"https:\/\/fonsvinum.com\/de\/wp-json\/wp\/v2\/comments?post=5380"}],"wp:featuredmedia":[{"embeddable":true,"href":"https:\/\/fonsvinum.com\/de\/wp-json\/wp\/v2\/media\/3585"}],"wp:attachment":[{"href":"https:\/\/fonsvinum.com\/de\/wp-json\/wp\/v2\/media?parent=5380"}],"wp:term":[{"taxonomy":"product_brand","embeddable":true,"href":"https:\/\/fonsvinum.com\/de\/wp-json\/wp\/v2\/product_brand?post=5380"},{"taxonomy":"product_cat","embeddable":true,"href":"https:\/\/fonsvinum.com\/de\/wp-json\/wp\/v2\/product_cat?post=5380"},{"taxonomy":"product_tag","embeddable":true,"href":"https:\/\/fonsvinum.com\/de\/wp-json\/wp\/v2\/product_tag?post=5380"}],"curies":[{"name":"wp","href":"https:\/\/api.w.org\/{rel}","templated":true}]}}