{"id":5378,"date":"2015-01-26T11:44:55","date_gmt":"2015-01-26T10:44:55","guid":{"rendered":"http:\/\/fonsvinum.com\/product\/grappa-dilidia-2\/"},"modified":"2019-02-11T09:53:08","modified_gmt":"2019-02-11T08:53:08","slug":"grappa-dilidia-2","status":"publish","type":"product","link":"https:\/\/fonsvinum.com\/de\/produkt\/grappa-dilidia-2\/","title":{"rendered":"Grappa DiLidia"},"content":{"rendered":"<h1>Grappa DiLidia<\/h1>\n<p>Die DiLidia Riserva ist ein Grappa Stravecchia, der aus der sorgf\u00e4ltigen Mischung des Tresters von Territorium geboren ist, werden mit der diskontinuierlichen traditionellen Methode mit dem Dampf destilliert, geschickt in den F\u00e4sser gelagert, die den Marsala und anderen aromatischen Weinen aus dem piemontischen Gebiet wiegen.<\/p>\n<p>Eine Tradition, die sich erneuert, die ersten H\u00f6lzer f\u00fcr die Lagerung unserer Destillate waren die, die in den f\u00fcnfziger und sechziger Jahren bei der Weinbaufirmen von Canelli aus Sizilien f\u00fcr die Marsala mit Ei Produktion angekommen waren.<\/p>\n<p>Die entleerten F\u00e4sser konnte man nicht mehr f\u00fcr die Lagerung anderer Weinen benutzen, die waren mit den aromatischen Marsala Noten durchgetr\u00e4nkt, so hatte unsere Mutter Lidia die Intuition, sie ist aus Canelli, diese F\u00e4sser f\u00fcr die Lagerung der Grappe benutzen, die der Mann Paolo destillierte.<\/p>\n<p>Aus dieser Vereinigung ist ein Destillat geboren, mit komplexen und verlockenden Geschmack, der die Sonne von Marsala mit der klassischen Traunbenauslese Noten, mit dem einzigartigen aromatischen Moscato verbindet, alles mit dem typischen strukturierten Barbera untergest\u00fctzt.<\/p>\n","protected":false},"excerpt":{"rendered":"<p>Grappa DiLidia Die DiLidia Riserva ist ein Grappa Stravecchia, der aus der sorgf\u00e4ltigen Mischung des Tresters von Territorium geboren ist, werden mit der diskontinuierlichen traditionellen Methode mit dem Dampf destilliert, geschickt in den F\u00e4sser gelagert, die den Marsala und anderen aromatischen Weinen aus dem piemontischen Gebiet wiegen. Eine Tradition, die sich erneuert, die ersten H\u00f6lzer [&hellip;]<\/p>\n","protected":false},"featured_media":14963,"comment_status":"open","ping_status":"closed","template":"","meta":{"_acf_changed":false,"_monsterinsights_skip_tracking":false,"_monsterinsights_sitenote_active":false,"_monsterinsights_sitenote_note":"","_monsterinsights_sitenote_category":0},"product_brand":[],"product_cat":[2152],"product_tag":[2404],"class_list":{"0":"post-5378","1":"product","2":"type-product","3":"status-publish","4":"has-post-thumbnail","6":"product_cat-grappa-de","7":"product_tag-grappa-berta-de","8":"pa_appellation-grappa-de","9":"pa_formato-0-70-l-flasche-de","10":"pa_producer-berta-distillerie-de","11":"pa_region-piemont-de","12":"pa_vine-grappa-blend-aus-barbera-und-moscato","13":"pa_vintage-s-a-de","15":"first","16":"instock","17":"taxable","18":"shipping-taxable","19":"purchasable","20":"product-type-simple"},"bundled_by":[],"bundle_stock_status":"instock","bundle_stock_quantity":null,"bundle_virtual":false,"bundle_layout":"","bundle_add_to_cart_form_location":"","bundle_editable_in_cart":false,"bundle_sold_individually_context":"","bundle_item_grouping":"","bundle_min_size":"","bundle_max_size":"","bundle_price":[],"bundled_items":[],"bundle_sell_ids":[],"yoast_head":"<!-- This site is optimized with the Yoast SEO plugin v27.3 - https:\/\/yoast.com\/product\/yoast-seo-wordpress\/ -->\n<title>Grappa DiLidia<\/title>\n<meta name=\"description\" content=\"Grappa DiLidia\" \/>\n<meta name=\"robots\" content=\"index, follow, max-snippet:-1, max-image-preview:large, max-video-preview:-1\" \/>\n<link rel=\"canonical\" href=\"https:\/\/fonsvinum.com\/de\/produkt\/grappa-dilidia-2\/\" \/>\n<meta property=\"og:locale\" content=\"de_DE\" \/>\n<meta property=\"og:type\" content=\"article\" \/>\n<meta property=\"og:title\" content=\"Grappa DiLidia\" \/>\n<meta property=\"og:description\" content=\"Grappa DiLidia\" \/>\n<meta property=\"og:url\" content=\"https:\/\/fonsvinum.com\/de\/produkt\/grappa-dilidia-2\/\" \/>\n<meta property=\"og:site_name\" content=\"Fons Vinum\" \/>\n<meta property=\"article:modified_time\" content=\"2019-02-11T08:53:08+00:00\" \/>\n<meta property=\"og:image\" content=\"https:\/\/fonsvinum.com\/files\/2015\/01\/oltre-il-dilidia.jpg\" \/>\n\t<meta property=\"og:image:width\" content=\"980\" \/>\n\t<meta property=\"og:image:height\" content=\"980\" \/>\n\t<meta property=\"og:image:type\" content=\"image\/jpeg\" \/>\n<meta name=\"twitter:label1\" content=\"Gesch\u00e4tzte Lesezeit\" \/>\n\t<meta name=\"twitter:data1\" content=\"1\u00a0Minute\" \/>\n<script type=\"application\/ld+json\" class=\"yoast-schema-graph\">{\"@context\":\"https:\\\/\\\/schema.org\",\"@graph\":[{\"@type\":\"WebPage\",\"@id\":\"https:\\\/\\\/fonsvinum.com\\\/de\\\/produkt\\\/grappa-dilidia-2\\\/\",\"url\":\"https:\\\/\\\/fonsvinum.com\\\/de\\\/produkt\\\/grappa-dilidia-2\\\/\",\"name\":\"Grappa DiLidia\",\"isPartOf\":{\"@id\":\"https:\\\/\\\/fonsvinum.com\\\/en\\\/#website\"},\"primaryImageOfPage\":{\"@id\":\"https:\\\/\\\/fonsvinum.com\\\/de\\\/produkt\\\/grappa-dilidia-2\\\/#primaryimage\"},\"image\":{\"@id\":\"https:\\\/\\\/fonsvinum.com\\\/de\\\/produkt\\\/grappa-dilidia-2\\\/#primaryimage\"},\"thumbnailUrl\":\"https:\\\/\\\/fonsvinum.com\\\/files\\\/2015\\\/01\\\/oltre-il-dilidia.jpg\",\"datePublished\":\"2015-01-26T10:44:55+00:00\",\"dateModified\":\"2019-02-11T08:53:08+00:00\",\"description\":\"Grappa DiLidia\",\"breadcrumb\":{\"@id\":\"https:\\\/\\\/fonsvinum.com\\\/de\\\/produkt\\\/grappa-dilidia-2\\\/#breadcrumb\"},\"inLanguage\":\"de\",\"potentialAction\":[{\"@type\":\"ReadAction\",\"target\":[\"https:\\\/\\\/fonsvinum.com\\\/de\\\/produkt\\\/grappa-dilidia-2\\\/\"]}]},{\"@type\":\"ImageObject\",\"inLanguage\":\"de\",\"@id\":\"https:\\\/\\\/fonsvinum.com\\\/de\\\/produkt\\\/grappa-dilidia-2\\\/#primaryimage\",\"url\":\"https:\\\/\\\/fonsvinum.com\\\/files\\\/2015\\\/01\\\/oltre-il-dilidia.jpg\",\"contentUrl\":\"https:\\\/\\\/fonsvinum.com\\\/files\\\/2015\\\/01\\\/oltre-il-dilidia.jpg\",\"width\":980,\"height\":980},{\"@type\":\"BreadcrumbList\",\"@id\":\"https:\\\/\\\/fonsvinum.com\\\/de\\\/produkt\\\/grappa-dilidia-2\\\/#breadcrumb\",\"itemListElement\":[{\"@type\":\"ListItem\",\"position\":1,\"name\":\"Startseite\",\"item\":\"https:\\\/\\\/fonsvinum.com\\\/de\\\/\"},{\"@type\":\"ListItem\",\"position\":2,\"name\":\"Shop\",\"item\":\"https:\\\/\\\/fonsvinum.com\\\/de\\\/shop\\\/\"},{\"@type\":\"ListItem\",\"position\":3,\"name\":\"Grappa DiLidia\"}]},{\"@type\":\"WebSite\",\"@id\":\"https:\\\/\\\/fonsvinum.com\\\/en\\\/#website\",\"url\":\"https:\\\/\\\/fonsvinum.com\\\/en\\\/\",\"name\":\"Fons Vinum\",\"description\":\"Vendita Vino Online\",\"publisher\":{\"@id\":\"https:\\\/\\\/fonsvinum.com\\\/en\\\/#organization\"},\"potentialAction\":[{\"@type\":\"SearchAction\",\"target\":{\"@type\":\"EntryPoint\",\"urlTemplate\":\"https:\\\/\\\/fonsvinum.com\\\/en\\\/?s={search_term_string}\"},\"query-input\":{\"@type\":\"PropertyValueSpecification\",\"valueRequired\":true,\"valueName\":\"search_term_string\"}}],\"inLanguage\":\"de\"},{\"@type\":\"Organization\",\"@id\":\"https:\\\/\\\/fonsvinum.com\\\/en\\\/#organization\",\"name\":\"Fons Vinum\",\"url\":\"https:\\\/\\\/fonsvinum.com\\\/en\\\/\",\"logo\":{\"@type\":\"ImageObject\",\"inLanguage\":\"de\",\"@id\":\"https:\\\/\\\/fonsvinum.com\\\/en\\\/#\\\/schema\\\/logo\\\/image\\\/\",\"url\":\"\",\"contentUrl\":\"\",\"caption\":\"Fons Vinum\"},\"image\":{\"@id\":\"https:\\\/\\\/fonsvinum.com\\\/en\\\/#\\\/schema\\\/logo\\\/image\\\/\"}}]}<\/script>\n<!-- \/ Yoast SEO plugin. -->","yoast_head_json":{"title":"Grappa DiLidia","description":"Grappa DiLidia","robots":{"index":"index","follow":"follow","max-snippet":"max-snippet:-1","max-image-preview":"max-image-preview:large","max-video-preview":"max-video-preview:-1"},"canonical":"https:\/\/fonsvinum.com\/de\/produkt\/grappa-dilidia-2\/","og_locale":"de_DE","og_type":"article","og_title":"Grappa DiLidia","og_description":"Grappa DiLidia","og_url":"https:\/\/fonsvinum.com\/de\/produkt\/grappa-dilidia-2\/","og_site_name":"Fons Vinum","article_modified_time":"2019-02-11T08:53:08+00:00","og_image":[{"width":980,"height":980,"url":"https:\/\/fonsvinum.com\/files\/2015\/01\/oltre-il-dilidia.jpg","type":"image\/jpeg"}],"twitter_misc":{"Gesch\u00e4tzte Lesezeit":"1\u00a0Minute"},"schema":{"@context":"https:\/\/schema.org","@graph":[{"@type":"WebPage","@id":"https:\/\/fonsvinum.com\/de\/produkt\/grappa-dilidia-2\/","url":"https:\/\/fonsvinum.com\/de\/produkt\/grappa-dilidia-2\/","name":"Grappa DiLidia","isPartOf":{"@id":"https:\/\/fonsvinum.com\/en\/#website"},"primaryImageOfPage":{"@id":"https:\/\/fonsvinum.com\/de\/produkt\/grappa-dilidia-2\/#primaryimage"},"image":{"@id":"https:\/\/fonsvinum.com\/de\/produkt\/grappa-dilidia-2\/#primaryimage"},"thumbnailUrl":"https:\/\/fonsvinum.com\/files\/2015\/01\/oltre-il-dilidia.jpg","datePublished":"2015-01-26T10:44:55+00:00","dateModified":"2019-02-11T08:53:08+00:00","description":"Grappa DiLidia","breadcrumb":{"@id":"https:\/\/fonsvinum.com\/de\/produkt\/grappa-dilidia-2\/#breadcrumb"},"inLanguage":"de","potentialAction":[{"@type":"ReadAction","target":["https:\/\/fonsvinum.com\/de\/produkt\/grappa-dilidia-2\/"]}]},{"@type":"ImageObject","inLanguage":"de","@id":"https:\/\/fonsvinum.com\/de\/produkt\/grappa-dilidia-2\/#primaryimage","url":"https:\/\/fonsvinum.com\/files\/2015\/01\/oltre-il-dilidia.jpg","contentUrl":"https:\/\/fonsvinum.com\/files\/2015\/01\/oltre-il-dilidia.jpg","width":980,"height":980},{"@type":"BreadcrumbList","@id":"https:\/\/fonsvinum.com\/de\/produkt\/grappa-dilidia-2\/#breadcrumb","itemListElement":[{"@type":"ListItem","position":1,"name":"Startseite","item":"https:\/\/fonsvinum.com\/de\/"},{"@type":"ListItem","position":2,"name":"Shop","item":"https:\/\/fonsvinum.com\/de\/shop\/"},{"@type":"ListItem","position":3,"name":"Grappa DiLidia"}]},{"@type":"WebSite","@id":"https:\/\/fonsvinum.com\/en\/#website","url":"https:\/\/fonsvinum.com\/en\/","name":"Fons Vinum","description":"Vendita Vino Online","publisher":{"@id":"https:\/\/fonsvinum.com\/en\/#organization"},"potentialAction":[{"@type":"SearchAction","target":{"@type":"EntryPoint","urlTemplate":"https:\/\/fonsvinum.com\/en\/?s={search_term_string}"},"query-input":{"@type":"PropertyValueSpecification","valueRequired":true,"valueName":"search_term_string"}}],"inLanguage":"de"},{"@type":"Organization","@id":"https:\/\/fonsvinum.com\/en\/#organization","name":"Fons Vinum","url":"https:\/\/fonsvinum.com\/en\/","logo":{"@type":"ImageObject","inLanguage":"de","@id":"https:\/\/fonsvinum.com\/en\/#\/schema\/logo\/image\/","url":"","contentUrl":"","caption":"Fons Vinum"},"image":{"@id":"https:\/\/fonsvinum.com\/en\/#\/schema\/logo\/image\/"}}]}},"acf":[],"_links":{"self":[{"href":"https:\/\/fonsvinum.com\/de\/wp-json\/wp\/v2\/product\/5378","targetHints":{"allow":["GET"]}}],"collection":[{"href":"https:\/\/fonsvinum.com\/de\/wp-json\/wp\/v2\/product"}],"about":[{"href":"https:\/\/fonsvinum.com\/de\/wp-json\/wp\/v2\/types\/product"}],"replies":[{"embeddable":true,"href":"https:\/\/fonsvinum.com\/de\/wp-json\/wp\/v2\/comments?post=5378"}],"wp:featuredmedia":[{"embeddable":true,"href":"https:\/\/fonsvinum.com\/de\/wp-json\/wp\/v2\/media\/14963"}],"wp:attachment":[{"href":"https:\/\/fonsvinum.com\/de\/wp-json\/wp\/v2\/media?parent=5378"}],"wp:term":[{"taxonomy":"product_brand","embeddable":true,"href":"https:\/\/fonsvinum.com\/de\/wp-json\/wp\/v2\/product_brand?post=5378"},{"taxonomy":"product_cat","embeddable":true,"href":"https:\/\/fonsvinum.com\/de\/wp-json\/wp\/v2\/product_cat?post=5378"},{"taxonomy":"product_tag","embeddable":true,"href":"https:\/\/fonsvinum.com\/de\/wp-json\/wp\/v2\/product_tag?post=5378"}],"curies":[{"name":"wp","href":"https:\/\/api.w.org\/{rel}","templated":true}]}}