{"id":5372,"date":"2015-01-26T14:47:19","date_gmt":"2015-01-26T13:47:19","guid":{"rendered":"http:\/\/fonsvinum.com\/product\/grappa-magia-berta-distillerie-2\/"},"modified":"2022-01-17T10:17:07","modified_gmt":"2022-01-17T09:17:07","slug":"grappa-magia-berta-distillerie-2011","status":"publish","type":"product","link":"https:\/\/fonsvinum.com\/de\/produkt\/grappa-magia-berta-distillerie-2011\/","title":{"rendered":"Grappa Magia &#8211; Berta Distillerie"},"content":{"rendered":"<div class=\"field field-name-field-provenienza-uva field-type-text-long field-label-above\">\n<h1 class=\"field-label\">Grappa Magia Berta Distillerie<\/h1>\n<div class=\"field-label\"><\/div>\n<div class=\"field-label\">Ursprung vom Trester:<\/div>\n<div class=\"field-items\">\n<div class=\"field-item even\">Berta Selektion<\/div>\n<\/div>\n<\/div>\n<div class=\"field field-name-field-sistema-distillazione field-type-text-long field-label-above\">\n<div class=\"field-label\">Distillationssystem:<\/div>\n<div class=\"field-items\">\n<div class=\"field-item even\">Mit Dampfstrom<\/div>\n<\/div>\n<\/div>\n<div class=\"field field-name-field-legni-utilizzati field-type-text-long field-label-above\">\n<div class=\"field-label\">Holzart:<\/div>\n<div class=\"field-items\">\n<div class=\"field-item even\">Verschiedene H\u00f6lzer<\/div>\n<\/div>\n<\/div>\n<div class=\"field field-name-field-tostatura-legno field-type-text-long field-label-above\">\n<div class=\"field-label\">R\u00f6stufe Holz:<\/div>\n<div class=\"field-items\">\n<div class=\"field-item even\">Verschiedene R\u00f6ststufen<\/div>\n<\/div>\n<\/div>\n<div class=\"field field-name-field-colore field-type-text-long field-label-above\">\n<div class=\"field-label\">Farbe:<\/div>\n<div class=\"field-items\">\n<div class=\"field-item even\">Bernsteinfarben.<\/div>\n<\/div>\n<\/div>\n<div class=\"field field-name-field-profumo field-type-text-long field-label-above\">\n<div class=\"field-label\">Nase:<\/div>\n<div class=\"field-items\">\n<div class=\"field-item even\">Strukturiert, kraftvoll, warm. Mit Noten von Orangenbl\u00fcten, Orangenschalen.<\/div>\n<\/div>\n<\/div>\n<div class=\"field field-name-field-sapore field-type-text-long field-label-above\">\n<div class=\"field-label\">Gaumen:<\/div>\n<div class=\"field-items\">\n<div class=\"field-item even\">Der erste Eindruck in der Nase wird am Gaumen reichlich best\u00e4tigt.<\/div>\n<\/div>\n<\/div>\n<div class=\"field field-name-field-capacita-delle-bottiglie field-type-text-long field-label-above\">\n<div class=\"field-label\">Flascheninhalt:<\/div>\n<div class=\"field-items\">\n<div class=\"field-item even\">cl. 70<\/div>\n<\/div>\n<\/div>\n<div class=\"field field-name-field-gradazione field-type-text-long field-label-above\">\n<div class=\"field-label\">Alkhohlgehalt:<\/div>\n<div class=\"field-items\">\n<div class=\"field-item even\">43% Vol.<\/div>\n<\/div>\n<\/div>\n","protected":false},"excerpt":{"rendered":"<p>Grappa Magia Berta Distillerie Ursprung vom Trester: Berta Selektion Distillationssystem: Mit Dampfstrom Holzart: Verschiedene H\u00f6lzer R\u00f6stufe Holz: Verschiedene R\u00f6ststufen Farbe: Bernsteinfarben. Nase: Strukturiert, kraftvoll, warm. Mit Noten von Orangenbl\u00fcten, Orangenschalen. Gaumen: Der erste Eindruck in der Nase wird am Gaumen reichlich best\u00e4tigt. Flascheninhalt: cl. 70 Alkhohlgehalt: 43% Vol.<\/p>\n","protected":false},"featured_media":3572,"comment_status":"open","ping_status":"closed","template":"","meta":{"_acf_changed":false,"_monsterinsights_skip_tracking":false,"_monsterinsights_sitenote_active":false,"_monsterinsights_sitenote_note":"","_monsterinsights_sitenote_category":0},"product_brand":[],"product_cat":[2152],"product_tag":[2404],"class_list":{"0":"post-5372","1":"product","2":"type-product","3":"status-publish","4":"has-post-thumbnail","6":"product_cat-grappa-de","7":"product_tag-grappa-berta-de","8":"pa_appellation-grappa-de","9":"pa_formato-0-70-l-flasche-de","10":"pa_producer-berta-distillerie-de","11":"pa_region-piemont-de","12":"pa_vine-blend","13":"pa_vintage-2011-de","15":"first","16":"instock","17":"taxable","18":"shipping-taxable","19":"purchasable","20":"product-type-simple"},"bundled_by":[],"bundle_stock_status":"instock","bundle_stock_quantity":3,"bundle_virtual":false,"bundle_layout":"","bundle_add_to_cart_form_location":"","bundle_editable_in_cart":false,"bundle_sold_individually_context":"","bundle_item_grouping":"","bundle_min_size":"","bundle_max_size":"","bundle_price":[],"bundled_items":[],"bundle_sell_ids":[],"yoast_head":"<!-- This site is optimized with the Yoast SEO plugin v27.3 - https:\/\/yoast.com\/product\/yoast-seo-wordpress\/ -->\n<title>Grappa Magia Berta Distillerie 2011<\/title>\n<meta name=\"description\" content=\"Grappa Magia Berta Distillerie Nase:\u00a0Strukturiert, kraftvoll, warm. Mit Noten von Orangenbl\u00fcten, Orangenschalen.Gaumen:\u00a0Der erste Eindruck in der Nase\" \/>\n<meta name=\"robots\" content=\"index, follow, max-snippet:-1, max-image-preview:large, max-video-preview:-1\" \/>\n<link rel=\"canonical\" href=\"https:\/\/fonsvinum.com\/de\/produkt\/grappa-magia-berta-distillerie-2011\/\" \/>\n<meta property=\"og:locale\" content=\"de_DE\" \/>\n<meta property=\"og:type\" content=\"article\" \/>\n<meta property=\"og:title\" content=\"Grappa Magia Berta Distillerie 2011\" \/>\n<meta property=\"og:description\" content=\"Grappa Magia Berta Distillerie Nase:\u00a0Strukturiert, kraftvoll, warm. Mit Noten von Orangenbl\u00fcten, Orangenschalen.Gaumen:\u00a0Der erste Eindruck in der Nase\" \/>\n<meta property=\"og:url\" content=\"https:\/\/fonsvinum.com\/de\/produkt\/grappa-magia-berta-distillerie-2011\/\" \/>\n<meta property=\"og:site_name\" content=\"Fons Vinum\" \/>\n<meta property=\"article:modified_time\" content=\"2022-01-17T09:17:07+00:00\" \/>\n<meta property=\"og:image\" content=\"https:\/\/fonsvinum.com\/files\/2015\/01\/grappa-berta-magia.png\" \/>\n\t<meta property=\"og:image:width\" content=\"575\" \/>\n\t<meta property=\"og:image:height\" content=\"519\" \/>\n\t<meta property=\"og:image:type\" content=\"image\/png\" \/>\n<script type=\"application\/ld+json\" class=\"yoast-schema-graph\">{\"@context\":\"https:\\\/\\\/schema.org\",\"@graph\":[{\"@type\":\"WebPage\",\"@id\":\"https:\\\/\\\/fonsvinum.com\\\/de\\\/produkt\\\/grappa-magia-berta-distillerie-2011\\\/\",\"url\":\"https:\\\/\\\/fonsvinum.com\\\/de\\\/produkt\\\/grappa-magia-berta-distillerie-2011\\\/\",\"name\":\"Grappa Magia Berta Distillerie 2011\",\"isPartOf\":{\"@id\":\"https:\\\/\\\/fonsvinum.com\\\/en\\\/#website\"},\"primaryImageOfPage\":{\"@id\":\"https:\\\/\\\/fonsvinum.com\\\/de\\\/produkt\\\/grappa-magia-berta-distillerie-2011\\\/#primaryimage\"},\"image\":{\"@id\":\"https:\\\/\\\/fonsvinum.com\\\/de\\\/produkt\\\/grappa-magia-berta-distillerie-2011\\\/#primaryimage\"},\"thumbnailUrl\":\"https:\\\/\\\/fonsvinum.com\\\/files\\\/2015\\\/01\\\/grappa-berta-magia.png\",\"datePublished\":\"2015-01-26T13:47:19+00:00\",\"dateModified\":\"2022-01-17T09:17:07+00:00\",\"description\":\"Grappa Magia Berta Distillerie Nase:\u00a0Strukturiert, kraftvoll, warm. Mit Noten von Orangenbl\u00fcten, Orangenschalen.Gaumen:\u00a0Der erste Eindruck in der Nase\",\"breadcrumb\":{\"@id\":\"https:\\\/\\\/fonsvinum.com\\\/de\\\/produkt\\\/grappa-magia-berta-distillerie-2011\\\/#breadcrumb\"},\"inLanguage\":\"de\",\"potentialAction\":[{\"@type\":\"ReadAction\",\"target\":[\"https:\\\/\\\/fonsvinum.com\\\/de\\\/produkt\\\/grappa-magia-berta-distillerie-2011\\\/\"]}]},{\"@type\":\"ImageObject\",\"inLanguage\":\"de\",\"@id\":\"https:\\\/\\\/fonsvinum.com\\\/de\\\/produkt\\\/grappa-magia-berta-distillerie-2011\\\/#primaryimage\",\"url\":\"https:\\\/\\\/fonsvinum.com\\\/files\\\/2015\\\/01\\\/grappa-berta-magia.png\",\"contentUrl\":\"https:\\\/\\\/fonsvinum.com\\\/files\\\/2015\\\/01\\\/grappa-berta-magia.png\",\"width\":575,\"height\":519},{\"@type\":\"BreadcrumbList\",\"@id\":\"https:\\\/\\\/fonsvinum.com\\\/de\\\/produkt\\\/grappa-magia-berta-distillerie-2011\\\/#breadcrumb\",\"itemListElement\":[{\"@type\":\"ListItem\",\"position\":1,\"name\":\"Startseite\",\"item\":\"https:\\\/\\\/fonsvinum.com\\\/de\\\/\"},{\"@type\":\"ListItem\",\"position\":2,\"name\":\"Shop\",\"item\":\"https:\\\/\\\/fonsvinum.com\\\/de\\\/shop\\\/\"},{\"@type\":\"ListItem\",\"position\":3,\"name\":\"Grappa Magia &#8211; Berta Distillerie\"}]},{\"@type\":\"WebSite\",\"@id\":\"https:\\\/\\\/fonsvinum.com\\\/en\\\/#website\",\"url\":\"https:\\\/\\\/fonsvinum.com\\\/en\\\/\",\"name\":\"Fons Vinum\",\"description\":\"Vendita Vino Online\",\"publisher\":{\"@id\":\"https:\\\/\\\/fonsvinum.com\\\/en\\\/#organization\"},\"potentialAction\":[{\"@type\":\"SearchAction\",\"target\":{\"@type\":\"EntryPoint\",\"urlTemplate\":\"https:\\\/\\\/fonsvinum.com\\\/en\\\/?s={search_term_string}\"},\"query-input\":{\"@type\":\"PropertyValueSpecification\",\"valueRequired\":true,\"valueName\":\"search_term_string\"}}],\"inLanguage\":\"de\"},{\"@type\":\"Organization\",\"@id\":\"https:\\\/\\\/fonsvinum.com\\\/en\\\/#organization\",\"name\":\"Fons Vinum\",\"url\":\"https:\\\/\\\/fonsvinum.com\\\/en\\\/\",\"logo\":{\"@type\":\"ImageObject\",\"inLanguage\":\"de\",\"@id\":\"https:\\\/\\\/fonsvinum.com\\\/en\\\/#\\\/schema\\\/logo\\\/image\\\/\",\"url\":\"\",\"contentUrl\":\"\",\"caption\":\"Fons Vinum\"},\"image\":{\"@id\":\"https:\\\/\\\/fonsvinum.com\\\/en\\\/#\\\/schema\\\/logo\\\/image\\\/\"}}]}<\/script>\n<!-- \/ Yoast SEO plugin. -->","yoast_head_json":{"title":"Grappa Magia Berta Distillerie 2011","description":"Grappa Magia Berta Distillerie Nase:\u00a0Strukturiert, kraftvoll, warm. Mit Noten von Orangenbl\u00fcten, Orangenschalen.Gaumen:\u00a0Der erste Eindruck in der Nase","robots":{"index":"index","follow":"follow","max-snippet":"max-snippet:-1","max-image-preview":"max-image-preview:large","max-video-preview":"max-video-preview:-1"},"canonical":"https:\/\/fonsvinum.com\/de\/produkt\/grappa-magia-berta-distillerie-2011\/","og_locale":"de_DE","og_type":"article","og_title":"Grappa Magia Berta Distillerie 2011","og_description":"Grappa Magia Berta Distillerie Nase:\u00a0Strukturiert, kraftvoll, warm. Mit Noten von Orangenbl\u00fcten, Orangenschalen.Gaumen:\u00a0Der erste Eindruck in der Nase","og_url":"https:\/\/fonsvinum.com\/de\/produkt\/grappa-magia-berta-distillerie-2011\/","og_site_name":"Fons Vinum","article_modified_time":"2022-01-17T09:17:07+00:00","og_image":[{"width":575,"height":519,"url":"https:\/\/fonsvinum.com\/files\/2015\/01\/grappa-berta-magia.png","type":"image\/png"}],"schema":{"@context":"https:\/\/schema.org","@graph":[{"@type":"WebPage","@id":"https:\/\/fonsvinum.com\/de\/produkt\/grappa-magia-berta-distillerie-2011\/","url":"https:\/\/fonsvinum.com\/de\/produkt\/grappa-magia-berta-distillerie-2011\/","name":"Grappa Magia Berta Distillerie 2011","isPartOf":{"@id":"https:\/\/fonsvinum.com\/en\/#website"},"primaryImageOfPage":{"@id":"https:\/\/fonsvinum.com\/de\/produkt\/grappa-magia-berta-distillerie-2011\/#primaryimage"},"image":{"@id":"https:\/\/fonsvinum.com\/de\/produkt\/grappa-magia-berta-distillerie-2011\/#primaryimage"},"thumbnailUrl":"https:\/\/fonsvinum.com\/files\/2015\/01\/grappa-berta-magia.png","datePublished":"2015-01-26T13:47:19+00:00","dateModified":"2022-01-17T09:17:07+00:00","description":"Grappa Magia Berta Distillerie Nase:\u00a0Strukturiert, kraftvoll, warm. Mit Noten von Orangenbl\u00fcten, Orangenschalen.Gaumen:\u00a0Der erste Eindruck in der Nase","breadcrumb":{"@id":"https:\/\/fonsvinum.com\/de\/produkt\/grappa-magia-berta-distillerie-2011\/#breadcrumb"},"inLanguage":"de","potentialAction":[{"@type":"ReadAction","target":["https:\/\/fonsvinum.com\/de\/produkt\/grappa-magia-berta-distillerie-2011\/"]}]},{"@type":"ImageObject","inLanguage":"de","@id":"https:\/\/fonsvinum.com\/de\/produkt\/grappa-magia-berta-distillerie-2011\/#primaryimage","url":"https:\/\/fonsvinum.com\/files\/2015\/01\/grappa-berta-magia.png","contentUrl":"https:\/\/fonsvinum.com\/files\/2015\/01\/grappa-berta-magia.png","width":575,"height":519},{"@type":"BreadcrumbList","@id":"https:\/\/fonsvinum.com\/de\/produkt\/grappa-magia-berta-distillerie-2011\/#breadcrumb","itemListElement":[{"@type":"ListItem","position":1,"name":"Startseite","item":"https:\/\/fonsvinum.com\/de\/"},{"@type":"ListItem","position":2,"name":"Shop","item":"https:\/\/fonsvinum.com\/de\/shop\/"},{"@type":"ListItem","position":3,"name":"Grappa Magia &#8211; Berta Distillerie"}]},{"@type":"WebSite","@id":"https:\/\/fonsvinum.com\/en\/#website","url":"https:\/\/fonsvinum.com\/en\/","name":"Fons Vinum","description":"Vendita Vino Online","publisher":{"@id":"https:\/\/fonsvinum.com\/en\/#organization"},"potentialAction":[{"@type":"SearchAction","target":{"@type":"EntryPoint","urlTemplate":"https:\/\/fonsvinum.com\/en\/?s={search_term_string}"},"query-input":{"@type":"PropertyValueSpecification","valueRequired":true,"valueName":"search_term_string"}}],"inLanguage":"de"},{"@type":"Organization","@id":"https:\/\/fonsvinum.com\/en\/#organization","name":"Fons Vinum","url":"https:\/\/fonsvinum.com\/en\/","logo":{"@type":"ImageObject","inLanguage":"de","@id":"https:\/\/fonsvinum.com\/en\/#\/schema\/logo\/image\/","url":"","contentUrl":"","caption":"Fons Vinum"},"image":{"@id":"https:\/\/fonsvinum.com\/en\/#\/schema\/logo\/image\/"}}]}},"acf":[],"_links":{"self":[{"href":"https:\/\/fonsvinum.com\/de\/wp-json\/wp\/v2\/product\/5372","targetHints":{"allow":["GET"]}}],"collection":[{"href":"https:\/\/fonsvinum.com\/de\/wp-json\/wp\/v2\/product"}],"about":[{"href":"https:\/\/fonsvinum.com\/de\/wp-json\/wp\/v2\/types\/product"}],"replies":[{"embeddable":true,"href":"https:\/\/fonsvinum.com\/de\/wp-json\/wp\/v2\/comments?post=5372"}],"wp:featuredmedia":[{"embeddable":true,"href":"https:\/\/fonsvinum.com\/de\/wp-json\/wp\/v2\/media\/3572"}],"wp:attachment":[{"href":"https:\/\/fonsvinum.com\/de\/wp-json\/wp\/v2\/media?parent=5372"}],"wp:term":[{"taxonomy":"product_brand","embeddable":true,"href":"https:\/\/fonsvinum.com\/de\/wp-json\/wp\/v2\/product_brand?post=5372"},{"taxonomy":"product_cat","embeddable":true,"href":"https:\/\/fonsvinum.com\/de\/wp-json\/wp\/v2\/product_cat?post=5372"},{"taxonomy":"product_tag","embeddable":true,"href":"https:\/\/fonsvinum.com\/de\/wp-json\/wp\/v2\/product_tag?post=5372"}],"curies":[{"name":"wp","href":"https:\/\/api.w.org\/{rel}","templated":true}]}}