{"id":5370,"date":"2015-01-26T15:00:33","date_gmt":"2015-01-26T14:00:33","guid":{"rendered":"http:\/\/fonsvinum.com\/product\/grappa-roccanivo-berta-distillerie-2\/"},"modified":"2019-02-08T11:07:44","modified_gmt":"2019-02-08T10:07:44","slug":"grappa-roccanivo-berta-distillerie","status":"publish","type":"product","link":"https:\/\/fonsvinum.com\/de\/produkt\/grappa-roccanivo-berta-distillerie\/","title":{"rendered":"Grappa Roccanivo &#8211; Berta Distillerie"},"content":{"rendered":"<p>Grappa Roccanivo Berta Distillerie<\/p>\n<div class=\"field field-name-field-vitigno field-type-text-long field-label-above\">\n<div class=\"field-label\">Rebsorte:<\/div>\n<div class=\"field-items\">\n<div class=\"field-item even\">Barbera &#8211; Sorgf\u00e4ltige Selektion aus der typischen Produktionsgebiete.<\/div>\n<\/div>\n<\/div>\n<div class=\"field field-name-field-sistema-distillazione field-type-text-long field-label-above\">\n<div class=\"field-label\">Distillationssystem:<\/div>\n<div class=\"field-items\">\n<div class=\"field-item even\">Diskontiniuierlich.<\/div>\n<\/div>\n<\/div>\n<div class=\"field field-name-field-impianto field-type-text-long field-label-above\">\n<div class=\"field-label\">Herstellungsverfahren:<\/div>\n<div class=\"field-items\">\n<div class=\"field-item even\">Dampfheizkesseln aus Kupfer.<\/div>\n<\/div>\n<\/div>\n<div class=\"field field-name-field-invecchiamento field-type-text-long field-label-above\">\n<div class=\"field-label\">Lagerung:<\/div>\n<div class=\"field-items\">\n<div class=\"field-item even\">H\u00f6lzer mit verschiedener Essenzen und R\u00f6stungsgrades.<\/div>\n<\/div>\n<\/div>\n<div class=\"field field-name-field-colore field-type-text-long field-label-above\">\n<div class=\"field-label\">Farbe:<\/div>\n<div class=\"field-items\">\n<div class=\"field-item even\">Bernsteinfarbe.<\/div>\n<\/div>\n<\/div>\n<div class=\"field field-name-field-profumo field-type-text-long field-label-above\">\n<div class=\"field-label\">Nase:<\/div>\n<div class=\"field-items\">\n<div class=\"field-item even\">Komplex, weich, faszinierend mit grosser Pers\u00f6nlichkeit Unter der vielf\u00e4ltigen Geschm\u00e4cker stechen die Sauerkirsche, die kleine Waldfr\u00fcchte, die Schokolade und die Vanille hervor.<\/div>\n<\/div>\n<\/div>\n<div class=\"field field-name-field-capacita-delle-bottiglie field-type-text-long field-label-above\">\n<div class=\"field-label\">Flascheninhalt:<\/div>\n<div class=\"field-items\">\n<div class=\"field-item even\">Cl. 70<\/div>\n<\/div>\n<\/div>\n<div class=\"field field-name-field-gradazione field-type-text-long field-label-above\">\n<div class=\"field-label\">Alkhohlgehalt:<\/div>\n<div class=\"field-items\">\n<div class=\"field-item even\">43% vol.<\/div>\n<\/div>\n<\/div>\n","protected":false},"excerpt":{"rendered":"<p>Grappa Roccanivo Berta Distillerie Rebsorte: Barbera &#8211; Sorgf\u00e4ltige Selektion aus der typischen Produktionsgebiete. Distillationssystem: Diskontiniuierlich. Herstellungsverfahren: Dampfheizkesseln aus Kupfer. Lagerung: H\u00f6lzer mit verschiedener Essenzen und R\u00f6stungsgrades. Farbe: Bernsteinfarbe. Nase: Komplex, weich, faszinierend mit grosser Pers\u00f6nlichkeit Unter der vielf\u00e4ltigen Geschm\u00e4cker stechen die Sauerkirsche, die kleine Waldfr\u00fcchte, die Schokolade und die Vanille hervor. Flascheninhalt: Cl. 70 Alkhohlgehalt: [&hellip;]<\/p>\n","protected":false},"featured_media":3577,"comment_status":"open","ping_status":"closed","template":"","meta":{"_acf_changed":false,"_monsterinsights_skip_tracking":false,"_monsterinsights_sitenote_active":false,"_monsterinsights_sitenote_note":"","_monsterinsights_sitenote_category":0},"product_brand":[],"product_cat":[2152],"product_tag":[2404],"class_list":{"0":"post-5370","1":"product","2":"type-product","3":"status-publish","4":"has-post-thumbnail","6":"product_cat-grappa-de","7":"product_tag-grappa-berta-de","8":"pa_appellation-grappa-de","9":"pa_formato-0-70-l-flasche-de","10":"pa_producer-berta-distillerie-de","11":"pa_region-piemont-de","12":"pa_vine-barbera-de","13":"pa_vintage-2016-de","15":"first","16":"instock","17":"taxable","18":"shipping-taxable","19":"purchasable","20":"product-type-simple"},"bundled_by":[],"bundle_stock_status":"instock","bundle_stock_quantity":null,"bundle_virtual":false,"bundle_layout":"","bundle_add_to_cart_form_location":"","bundle_editable_in_cart":false,"bundle_sold_individually_context":"","bundle_item_grouping":"","bundle_min_size":"","bundle_max_size":"","bundle_price":[],"bundled_items":[],"bundle_sell_ids":[],"yoast_head":"<!-- This site is optimized with the Yoast SEO plugin v27.3 - https:\/\/yoast.com\/product\/yoast-seo-wordpress\/ -->\n<title>Buy Grappa Roccanivo - Berta Distillerie wine online at FonsVinum<\/title>\n<meta name=\"description\" content=\"Grappa Roccanivo - Berta Distillerie\" \/>\n<meta name=\"robots\" content=\"index, follow, max-snippet:-1, max-image-preview:large, max-video-preview:-1\" \/>\n<link rel=\"canonical\" href=\"https:\/\/fonsvinum.com\/de\/produkt\/grappa-roccanivo-berta-distillerie\/\" \/>\n<meta property=\"og:locale\" content=\"de_DE\" \/>\n<meta property=\"og:type\" content=\"article\" \/>\n<meta property=\"og:title\" content=\"Buy Grappa Roccanivo - Berta Distillerie wine online at FonsVinum\" \/>\n<meta property=\"og:description\" content=\"Grappa Roccanivo - Berta Distillerie\" \/>\n<meta property=\"og:url\" content=\"https:\/\/fonsvinum.com\/de\/produkt\/grappa-roccanivo-berta-distillerie\/\" \/>\n<meta property=\"og:site_name\" content=\"Fons Vinum\" \/>\n<meta property=\"article:modified_time\" content=\"2019-02-08T10:07:44+00:00\" \/>\n<meta property=\"og:image\" content=\"https:\/\/fonsvinum.com\/files\/2015\/01\/grappa-roccanivo-berta.png\" \/>\n\t<meta property=\"og:image:width\" content=\"575\" \/>\n\t<meta property=\"og:image:height\" content=\"519\" \/>\n\t<meta property=\"og:image:type\" content=\"image\/png\" \/>\n<script type=\"application\/ld+json\" class=\"yoast-schema-graph\">{\"@context\":\"https:\\\/\\\/schema.org\",\"@graph\":[{\"@type\":\"WebPage\",\"@id\":\"https:\\\/\\\/fonsvinum.com\\\/de\\\/produkt\\\/grappa-roccanivo-berta-distillerie\\\/\",\"url\":\"https:\\\/\\\/fonsvinum.com\\\/de\\\/produkt\\\/grappa-roccanivo-berta-distillerie\\\/\",\"name\":\"Buy Grappa Roccanivo - Berta Distillerie wine online at FonsVinum\",\"isPartOf\":{\"@id\":\"https:\\\/\\\/fonsvinum.com\\\/en\\\/#website\"},\"primaryImageOfPage\":{\"@id\":\"https:\\\/\\\/fonsvinum.com\\\/de\\\/produkt\\\/grappa-roccanivo-berta-distillerie\\\/#primaryimage\"},\"image\":{\"@id\":\"https:\\\/\\\/fonsvinum.com\\\/de\\\/produkt\\\/grappa-roccanivo-berta-distillerie\\\/#primaryimage\"},\"thumbnailUrl\":\"https:\\\/\\\/fonsvinum.com\\\/files\\\/2015\\\/01\\\/grappa-roccanivo-berta.png\",\"datePublished\":\"2015-01-26T14:00:33+00:00\",\"dateModified\":\"2019-02-08T10:07:44+00:00\",\"description\":\"Grappa Roccanivo - Berta Distillerie\",\"breadcrumb\":{\"@id\":\"https:\\\/\\\/fonsvinum.com\\\/de\\\/produkt\\\/grappa-roccanivo-berta-distillerie\\\/#breadcrumb\"},\"inLanguage\":\"de\",\"potentialAction\":[{\"@type\":\"ReadAction\",\"target\":[\"https:\\\/\\\/fonsvinum.com\\\/de\\\/produkt\\\/grappa-roccanivo-berta-distillerie\\\/\"]}]},{\"@type\":\"ImageObject\",\"inLanguage\":\"de\",\"@id\":\"https:\\\/\\\/fonsvinum.com\\\/de\\\/produkt\\\/grappa-roccanivo-berta-distillerie\\\/#primaryimage\",\"url\":\"https:\\\/\\\/fonsvinum.com\\\/files\\\/2015\\\/01\\\/grappa-roccanivo-berta.png\",\"contentUrl\":\"https:\\\/\\\/fonsvinum.com\\\/files\\\/2015\\\/01\\\/grappa-roccanivo-berta.png\",\"width\":575,\"height\":519},{\"@type\":\"BreadcrumbList\",\"@id\":\"https:\\\/\\\/fonsvinum.com\\\/de\\\/produkt\\\/grappa-roccanivo-berta-distillerie\\\/#breadcrumb\",\"itemListElement\":[{\"@type\":\"ListItem\",\"position\":1,\"name\":\"Startseite\",\"item\":\"https:\\\/\\\/fonsvinum.com\\\/de\\\/\"},{\"@type\":\"ListItem\",\"position\":2,\"name\":\"Shop\",\"item\":\"https:\\\/\\\/fonsvinum.com\\\/de\\\/shop\\\/\"},{\"@type\":\"ListItem\",\"position\":3,\"name\":\"Grappa Roccanivo &#8211; Berta Distillerie\"}]},{\"@type\":\"WebSite\",\"@id\":\"https:\\\/\\\/fonsvinum.com\\\/en\\\/#website\",\"url\":\"https:\\\/\\\/fonsvinum.com\\\/en\\\/\",\"name\":\"Fons Vinum\",\"description\":\"Vendita Vino Online\",\"publisher\":{\"@id\":\"https:\\\/\\\/fonsvinum.com\\\/en\\\/#organization\"},\"potentialAction\":[{\"@type\":\"SearchAction\",\"target\":{\"@type\":\"EntryPoint\",\"urlTemplate\":\"https:\\\/\\\/fonsvinum.com\\\/en\\\/?s={search_term_string}\"},\"query-input\":{\"@type\":\"PropertyValueSpecification\",\"valueRequired\":true,\"valueName\":\"search_term_string\"}}],\"inLanguage\":\"de\"},{\"@type\":\"Organization\",\"@id\":\"https:\\\/\\\/fonsvinum.com\\\/en\\\/#organization\",\"name\":\"Fons Vinum\",\"url\":\"https:\\\/\\\/fonsvinum.com\\\/en\\\/\",\"logo\":{\"@type\":\"ImageObject\",\"inLanguage\":\"de\",\"@id\":\"https:\\\/\\\/fonsvinum.com\\\/en\\\/#\\\/schema\\\/logo\\\/image\\\/\",\"url\":\"\",\"contentUrl\":\"\",\"caption\":\"Fons Vinum\"},\"image\":{\"@id\":\"https:\\\/\\\/fonsvinum.com\\\/en\\\/#\\\/schema\\\/logo\\\/image\\\/\"}}]}<\/script>\n<!-- \/ Yoast SEO plugin. -->","yoast_head_json":{"title":"Buy Grappa Roccanivo - Berta Distillerie wine online at FonsVinum","description":"Grappa Roccanivo - Berta Distillerie","robots":{"index":"index","follow":"follow","max-snippet":"max-snippet:-1","max-image-preview":"max-image-preview:large","max-video-preview":"max-video-preview:-1"},"canonical":"https:\/\/fonsvinum.com\/de\/produkt\/grappa-roccanivo-berta-distillerie\/","og_locale":"de_DE","og_type":"article","og_title":"Buy Grappa Roccanivo - Berta Distillerie wine online at FonsVinum","og_description":"Grappa Roccanivo - Berta Distillerie","og_url":"https:\/\/fonsvinum.com\/de\/produkt\/grappa-roccanivo-berta-distillerie\/","og_site_name":"Fons Vinum","article_modified_time":"2019-02-08T10:07:44+00:00","og_image":[{"width":575,"height":519,"url":"https:\/\/fonsvinum.com\/files\/2015\/01\/grappa-roccanivo-berta.png","type":"image\/png"}],"schema":{"@context":"https:\/\/schema.org","@graph":[{"@type":"WebPage","@id":"https:\/\/fonsvinum.com\/de\/produkt\/grappa-roccanivo-berta-distillerie\/","url":"https:\/\/fonsvinum.com\/de\/produkt\/grappa-roccanivo-berta-distillerie\/","name":"Buy Grappa Roccanivo - Berta Distillerie wine online at FonsVinum","isPartOf":{"@id":"https:\/\/fonsvinum.com\/en\/#website"},"primaryImageOfPage":{"@id":"https:\/\/fonsvinum.com\/de\/produkt\/grappa-roccanivo-berta-distillerie\/#primaryimage"},"image":{"@id":"https:\/\/fonsvinum.com\/de\/produkt\/grappa-roccanivo-berta-distillerie\/#primaryimage"},"thumbnailUrl":"https:\/\/fonsvinum.com\/files\/2015\/01\/grappa-roccanivo-berta.png","datePublished":"2015-01-26T14:00:33+00:00","dateModified":"2019-02-08T10:07:44+00:00","description":"Grappa Roccanivo - Berta Distillerie","breadcrumb":{"@id":"https:\/\/fonsvinum.com\/de\/produkt\/grappa-roccanivo-berta-distillerie\/#breadcrumb"},"inLanguage":"de","potentialAction":[{"@type":"ReadAction","target":["https:\/\/fonsvinum.com\/de\/produkt\/grappa-roccanivo-berta-distillerie\/"]}]},{"@type":"ImageObject","inLanguage":"de","@id":"https:\/\/fonsvinum.com\/de\/produkt\/grappa-roccanivo-berta-distillerie\/#primaryimage","url":"https:\/\/fonsvinum.com\/files\/2015\/01\/grappa-roccanivo-berta.png","contentUrl":"https:\/\/fonsvinum.com\/files\/2015\/01\/grappa-roccanivo-berta.png","width":575,"height":519},{"@type":"BreadcrumbList","@id":"https:\/\/fonsvinum.com\/de\/produkt\/grappa-roccanivo-berta-distillerie\/#breadcrumb","itemListElement":[{"@type":"ListItem","position":1,"name":"Startseite","item":"https:\/\/fonsvinum.com\/de\/"},{"@type":"ListItem","position":2,"name":"Shop","item":"https:\/\/fonsvinum.com\/de\/shop\/"},{"@type":"ListItem","position":3,"name":"Grappa Roccanivo &#8211; Berta Distillerie"}]},{"@type":"WebSite","@id":"https:\/\/fonsvinum.com\/en\/#website","url":"https:\/\/fonsvinum.com\/en\/","name":"Fons Vinum","description":"Vendita Vino Online","publisher":{"@id":"https:\/\/fonsvinum.com\/en\/#organization"},"potentialAction":[{"@type":"SearchAction","target":{"@type":"EntryPoint","urlTemplate":"https:\/\/fonsvinum.com\/en\/?s={search_term_string}"},"query-input":{"@type":"PropertyValueSpecification","valueRequired":true,"valueName":"search_term_string"}}],"inLanguage":"de"},{"@type":"Organization","@id":"https:\/\/fonsvinum.com\/en\/#organization","name":"Fons Vinum","url":"https:\/\/fonsvinum.com\/en\/","logo":{"@type":"ImageObject","inLanguage":"de","@id":"https:\/\/fonsvinum.com\/en\/#\/schema\/logo\/image\/","url":"","contentUrl":"","caption":"Fons Vinum"},"image":{"@id":"https:\/\/fonsvinum.com\/en\/#\/schema\/logo\/image\/"}}]}},"acf":[],"_links":{"self":[{"href":"https:\/\/fonsvinum.com\/de\/wp-json\/wp\/v2\/product\/5370","targetHints":{"allow":["GET"]}}],"collection":[{"href":"https:\/\/fonsvinum.com\/de\/wp-json\/wp\/v2\/product"}],"about":[{"href":"https:\/\/fonsvinum.com\/de\/wp-json\/wp\/v2\/types\/product"}],"replies":[{"embeddable":true,"href":"https:\/\/fonsvinum.com\/de\/wp-json\/wp\/v2\/comments?post=5370"}],"wp:featuredmedia":[{"embeddable":true,"href":"https:\/\/fonsvinum.com\/de\/wp-json\/wp\/v2\/media\/3577"}],"wp:attachment":[{"href":"https:\/\/fonsvinum.com\/de\/wp-json\/wp\/v2\/media?parent=5370"}],"wp:term":[{"taxonomy":"product_brand","embeddable":true,"href":"https:\/\/fonsvinum.com\/de\/wp-json\/wp\/v2\/product_brand?post=5370"},{"taxonomy":"product_cat","embeddable":true,"href":"https:\/\/fonsvinum.com\/de\/wp-json\/wp\/v2\/product_cat?post=5370"},{"taxonomy":"product_tag","embeddable":true,"href":"https:\/\/fonsvinum.com\/de\/wp-json\/wp\/v2\/product_tag?post=5370"}],"curies":[{"name":"wp","href":"https:\/\/api.w.org\/{rel}","templated":true}]}}