{"id":5368,"date":"2015-01-26T15:09:32","date_gmt":"2015-01-26T14:09:32","guid":{"rendered":"http:\/\/fonsvinum.com\/product\/grappa-bric-del-gaian-berta-distillerie-2\/"},"modified":"2015-01-26T15:09:32","modified_gmt":"2015-01-26T14:09:32","slug":"grappa-bric-del-gaian-berta-distillerie-2","status":"publish","type":"product","link":"https:\/\/fonsvinum.com\/de\/produkt\/grappa-bric-del-gaian-berta-distillerie-2\/","title":{"rendered":"Grappa Bric del Gaian &#8211; Berta Distillerie"},"content":{"rendered":"<p>Grappa Bric del Gaian \u2013 Berta Distillerie<\/p>\n<div class=\"field field-name-field-vitigno field-type-text-long field-label-above\">\n<div class=\"field-label\">Rebsorte:\u00a0<\/div>\n<div class=\"field-items\">\n<div class=\"field-item even\">Moscato aus der Sorgf\u00e4ltige Selektion aus der typischen Gebiete der Produktion.<\/div>\n<\/div>\n<\/div>\n<div class=\"field field-name-field-sistema-distillazione field-type-text-long field-label-above\">\n<div class=\"field-label\">Distillationssystem:\u00a0<\/div>\n<div class=\"field-items\">\n<div class=\"field-item even\">Diskontiniuierlich.<\/div>\n<\/div>\n<\/div>\n<div class=\"field field-name-field-impianto field-type-text-long field-label-above\">\n<div class=\"field-label\">Herstellungsverfahren:\u00a0<\/div>\n<div class=\"field-items\">\n<div class=\"field-item even\">Dampfheizkesseln aus Kupfer.<\/div>\n<\/div>\n<\/div>\n<div class=\"field field-name-field-invecchiamento field-type-text-long field-label-above\">\n<div class=\"field-label\">Lagerung:\u00a0<\/div>\n<div class=\"field-items\">\n<div class=\"field-item even\">H\u00f6lzer mit verschiedener Essenzen und R\u00f6stungsgrades.<\/div>\n<\/div>\n<\/div>\n<div class=\"field field-name-field-colore field-type-text-long field-label-above\">\n<div class=\"field-label\">Farbe:\u00a0<\/div>\n<div class=\"field-items\">\n<div class=\"field-item even\">Bernsteinfarbe.<\/div>\n<\/div>\n<\/div>\n<div class=\"field field-name-field-profumo field-type-text-long field-label-above\">\n<div class=\"field-label\">Nase:\u00a0<\/div>\n<div class=\"field-items\">\n<div class=\"field-item even\">Komplex, weich, faszinierend mit gro\u00dfer Pers\u00f6nlichkeit Unter der vielf\u00e4ltigen gesp\u00fcrten Gef\u00fchle stechen der Muskatellersalbei, die kleine Waldfr\u00fcchte, die Grapefruit, die Vanille hervor.<\/div>\n<\/div>\n<\/div>\n<div class=\"field field-name-field-sapore field-type-text-long field-label-above\">\n<div class=\"field-label\">Gamen:\u00a0<\/div>\n<div class=\"field-items\">\n<div class=\"field-item even\">Reich und faszinierend. Hat einen seidigen Geschmack, der lange im Mund bleibt und auch von Anf\u00e4nger gesch\u00e4tzt sein kann.<\/div>\n<\/div>\n<\/div>\n<div class=\"field field-name-field-capacita-delle-bottiglie field-type-text-long field-label-above\">\n<div class=\"field-label\">Flascheninhalt:\u00a0<\/div>\n<div class=\"field-items\">\n<div class=\"field-item even\">Cl. 70<\/div>\n<\/div>\n<\/div>\n<div class=\"field field-name-field-gradazione field-type-text-long field-label-above\">\n<div class=\"field-label\">Alkhohlgehalt:\u00a0<\/div>\n<div class=\"field-items\">\n<div class=\"field-item even\">43% vol.<\/div>\n<\/div>\n<\/div>\n","protected":false},"excerpt":{"rendered":"<p>Grappa Bric del Gaian \u2013 Berta Distillerie Rebsorte:\u00a0 Moscato aus der Sorgf\u00e4ltige Selektion aus der typischen Gebiete der Produktion. Distillationssystem:\u00a0 Diskontiniuierlich. Herstellungsverfahren:\u00a0 Dampfheizkesseln aus Kupfer. Lagerung:\u00a0 H\u00f6lzer mit verschiedener Essenzen und R\u00f6stungsgrades. Farbe:\u00a0 Bernsteinfarbe. Nase:\u00a0 Komplex, weich, faszinierend mit gro\u00dfer Pers\u00f6nlichkeit Unter der vielf\u00e4ltigen gesp\u00fcrten Gef\u00fchle stechen der Muskatellersalbei, die kleine Waldfr\u00fcchte, die Grapefruit, die [&hellip;]<\/p>\n","protected":false},"featured_media":3581,"comment_status":"open","ping_status":"closed","template":"","meta":{"_acf_changed":false,"_monsterinsights_skip_tracking":false,"_monsterinsights_sitenote_active":false,"_monsterinsights_sitenote_note":"","_monsterinsights_sitenote_category":0},"product_brand":[],"product_cat":[2152],"product_tag":[2404],"class_list":{"0":"post-5368","1":"product","2":"type-product","3":"status-publish","4":"has-post-thumbnail","6":"product_cat-grappa-de","7":"product_tag-grappa-berta-de","8":"pa_appellation-grappa-de","9":"pa_formato-0-70-l-flasche-de","10":"pa_producer-berta-distillerie-de","11":"pa_region-piemont-de","12":"pa_vintage-2016-de","14":"first","15":"instock","16":"taxable","17":"shipping-taxable","18":"purchasable","19":"product-type-simple"},"bundled_by":[],"bundle_stock_status":"instock","bundle_stock_quantity":1,"bundle_virtual":false,"bundle_layout":"","bundle_add_to_cart_form_location":"","bundle_editable_in_cart":false,"bundle_sold_individually_context":"","bundle_item_grouping":"","bundle_min_size":"","bundle_max_size":"","bundle_price":[],"bundled_items":[],"bundle_sell_ids":[],"yoast_head":"<!-- This site is optimized with the Yoast SEO plugin v27.3 - https:\/\/yoast.com\/product\/yoast-seo-wordpress\/ -->\n<title>Buy Grappa Bric del Gaian - Berta Distillerie wine online at 125 \u20ac | FonsVinum<\/title>\n<meta name=\"robots\" content=\"index, follow, max-snippet:-1, max-image-preview:large, max-video-preview:-1\" \/>\n<link rel=\"canonical\" href=\"https:\/\/fonsvinum.com\/de\/produkt\/grappa-bric-del-gaian-berta-distillerie-2\/\" \/>\n<meta property=\"og:locale\" content=\"de_DE\" \/>\n<meta property=\"og:type\" content=\"article\" \/>\n<meta property=\"og:title\" content=\"Buy Grappa Bric del Gaian - Berta Distillerie wine online at 125 \u20ac | FonsVinum\" \/>\n<meta property=\"og:description\" content=\"Grappa Bric del Gaian \u2013 Berta Distillerie Rebsorte:\u00a0 Moscato aus der Sorgf\u00e4ltige Selektion aus der typischen Gebiete der Produktion. Distillationssystem:\u00a0 Diskontiniuierlich. Herstellungsverfahren:\u00a0 Dampfheizkesseln aus Kupfer. Lagerung:\u00a0 H\u00f6lzer mit verschiedener Essenzen und R\u00f6stungsgrades. Farbe:\u00a0 Bernsteinfarbe. Nase:\u00a0 Komplex, weich, faszinierend mit gro\u00dfer Pers\u00f6nlichkeit Unter der vielf\u00e4ltigen gesp\u00fcrten Gef\u00fchle stechen der Muskatellersalbei, die kleine Waldfr\u00fcchte, die Grapefruit, die [&hellip;]\" \/>\n<meta property=\"og:url\" content=\"https:\/\/fonsvinum.com\/de\/produkt\/grappa-bric-del-gaian-berta-distillerie-2\/\" \/>\n<meta property=\"og:site_name\" content=\"Fons Vinum\" \/>\n<meta property=\"og:image\" content=\"https:\/\/fonsvinum.com\/files\/2015\/01\/grappa-bric-del-gaian-bertapng.png\" \/>\n\t<meta property=\"og:image:width\" content=\"575\" \/>\n\t<meta property=\"og:image:height\" content=\"519\" \/>\n\t<meta property=\"og:image:type\" content=\"image\/png\" \/>\n<script type=\"application\/ld+json\" class=\"yoast-schema-graph\">{\"@context\":\"https:\\\/\\\/schema.org\",\"@graph\":[{\"@type\":\"WebPage\",\"@id\":\"https:\\\/\\\/fonsvinum.com\\\/de\\\/produkt\\\/grappa-bric-del-gaian-berta-distillerie-2\\\/\",\"url\":\"https:\\\/\\\/fonsvinum.com\\\/de\\\/produkt\\\/grappa-bric-del-gaian-berta-distillerie-2\\\/\",\"name\":\"Buy Grappa Bric del Gaian - Berta Distillerie wine online at 125 \u20ac | FonsVinum\",\"isPartOf\":{\"@id\":\"https:\\\/\\\/fonsvinum.com\\\/en\\\/#website\"},\"primaryImageOfPage\":{\"@id\":\"https:\\\/\\\/fonsvinum.com\\\/de\\\/produkt\\\/grappa-bric-del-gaian-berta-distillerie-2\\\/#primaryimage\"},\"image\":{\"@id\":\"https:\\\/\\\/fonsvinum.com\\\/de\\\/produkt\\\/grappa-bric-del-gaian-berta-distillerie-2\\\/#primaryimage\"},\"thumbnailUrl\":\"https:\\\/\\\/fonsvinum.com\\\/files\\\/2015\\\/01\\\/grappa-bric-del-gaian-bertapng.png\",\"datePublished\":\"2015-01-26T14:09:32+00:00\",\"breadcrumb\":{\"@id\":\"https:\\\/\\\/fonsvinum.com\\\/de\\\/produkt\\\/grappa-bric-del-gaian-berta-distillerie-2\\\/#breadcrumb\"},\"inLanguage\":\"de\",\"potentialAction\":[{\"@type\":\"ReadAction\",\"target\":[\"https:\\\/\\\/fonsvinum.com\\\/de\\\/produkt\\\/grappa-bric-del-gaian-berta-distillerie-2\\\/\"]}]},{\"@type\":\"ImageObject\",\"inLanguage\":\"de\",\"@id\":\"https:\\\/\\\/fonsvinum.com\\\/de\\\/produkt\\\/grappa-bric-del-gaian-berta-distillerie-2\\\/#primaryimage\",\"url\":\"https:\\\/\\\/fonsvinum.com\\\/files\\\/2015\\\/01\\\/grappa-bric-del-gaian-bertapng.png\",\"contentUrl\":\"https:\\\/\\\/fonsvinum.com\\\/files\\\/2015\\\/01\\\/grappa-bric-del-gaian-bertapng.png\",\"width\":575,\"height\":519},{\"@type\":\"BreadcrumbList\",\"@id\":\"https:\\\/\\\/fonsvinum.com\\\/de\\\/produkt\\\/grappa-bric-del-gaian-berta-distillerie-2\\\/#breadcrumb\",\"itemListElement\":[{\"@type\":\"ListItem\",\"position\":1,\"name\":\"Startseite\",\"item\":\"https:\\\/\\\/fonsvinum.com\\\/de\\\/\"},{\"@type\":\"ListItem\",\"position\":2,\"name\":\"Shop\",\"item\":\"https:\\\/\\\/fonsvinum.com\\\/de\\\/shop\\\/\"},{\"@type\":\"ListItem\",\"position\":3,\"name\":\"Grappa Bric del Gaian &#8211; Berta Distillerie\"}]},{\"@type\":\"WebSite\",\"@id\":\"https:\\\/\\\/fonsvinum.com\\\/en\\\/#website\",\"url\":\"https:\\\/\\\/fonsvinum.com\\\/en\\\/\",\"name\":\"Fons Vinum\",\"description\":\"Vendita Vino Online\",\"publisher\":{\"@id\":\"https:\\\/\\\/fonsvinum.com\\\/en\\\/#organization\"},\"potentialAction\":[{\"@type\":\"SearchAction\",\"target\":{\"@type\":\"EntryPoint\",\"urlTemplate\":\"https:\\\/\\\/fonsvinum.com\\\/en\\\/?s={search_term_string}\"},\"query-input\":{\"@type\":\"PropertyValueSpecification\",\"valueRequired\":true,\"valueName\":\"search_term_string\"}}],\"inLanguage\":\"de\"},{\"@type\":\"Organization\",\"@id\":\"https:\\\/\\\/fonsvinum.com\\\/en\\\/#organization\",\"name\":\"Fons Vinum\",\"url\":\"https:\\\/\\\/fonsvinum.com\\\/en\\\/\",\"logo\":{\"@type\":\"ImageObject\",\"inLanguage\":\"de\",\"@id\":\"https:\\\/\\\/fonsvinum.com\\\/en\\\/#\\\/schema\\\/logo\\\/image\\\/\",\"url\":\"\",\"contentUrl\":\"\",\"caption\":\"Fons Vinum\"},\"image\":{\"@id\":\"https:\\\/\\\/fonsvinum.com\\\/en\\\/#\\\/schema\\\/logo\\\/image\\\/\"}}]}<\/script>\n<!-- \/ Yoast SEO plugin. -->","yoast_head_json":{"title":"Buy Grappa Bric del Gaian - Berta Distillerie wine online at 125 \u20ac | FonsVinum","robots":{"index":"index","follow":"follow","max-snippet":"max-snippet:-1","max-image-preview":"max-image-preview:large","max-video-preview":"max-video-preview:-1"},"canonical":"https:\/\/fonsvinum.com\/de\/produkt\/grappa-bric-del-gaian-berta-distillerie-2\/","og_locale":"de_DE","og_type":"article","og_title":"Buy Grappa Bric del Gaian - Berta Distillerie wine online at 125 \u20ac | FonsVinum","og_description":"Grappa Bric del Gaian \u2013 Berta Distillerie Rebsorte:\u00a0 Moscato aus der Sorgf\u00e4ltige Selektion aus der typischen Gebiete der Produktion. Distillationssystem:\u00a0 Diskontiniuierlich. Herstellungsverfahren:\u00a0 Dampfheizkesseln aus Kupfer. Lagerung:\u00a0 H\u00f6lzer mit verschiedener Essenzen und R\u00f6stungsgrades. Farbe:\u00a0 Bernsteinfarbe. Nase:\u00a0 Komplex, weich, faszinierend mit gro\u00dfer Pers\u00f6nlichkeit Unter der vielf\u00e4ltigen gesp\u00fcrten Gef\u00fchle stechen der Muskatellersalbei, die kleine Waldfr\u00fcchte, die Grapefruit, die [&hellip;]","og_url":"https:\/\/fonsvinum.com\/de\/produkt\/grappa-bric-del-gaian-berta-distillerie-2\/","og_site_name":"Fons Vinum","og_image":[{"width":575,"height":519,"url":"https:\/\/fonsvinum.com\/files\/2015\/01\/grappa-bric-del-gaian-bertapng.png","type":"image\/png"}],"schema":{"@context":"https:\/\/schema.org","@graph":[{"@type":"WebPage","@id":"https:\/\/fonsvinum.com\/de\/produkt\/grappa-bric-del-gaian-berta-distillerie-2\/","url":"https:\/\/fonsvinum.com\/de\/produkt\/grappa-bric-del-gaian-berta-distillerie-2\/","name":"Buy Grappa Bric del Gaian - Berta Distillerie wine online at 125 \u20ac | FonsVinum","isPartOf":{"@id":"https:\/\/fonsvinum.com\/en\/#website"},"primaryImageOfPage":{"@id":"https:\/\/fonsvinum.com\/de\/produkt\/grappa-bric-del-gaian-berta-distillerie-2\/#primaryimage"},"image":{"@id":"https:\/\/fonsvinum.com\/de\/produkt\/grappa-bric-del-gaian-berta-distillerie-2\/#primaryimage"},"thumbnailUrl":"https:\/\/fonsvinum.com\/files\/2015\/01\/grappa-bric-del-gaian-bertapng.png","datePublished":"2015-01-26T14:09:32+00:00","breadcrumb":{"@id":"https:\/\/fonsvinum.com\/de\/produkt\/grappa-bric-del-gaian-berta-distillerie-2\/#breadcrumb"},"inLanguage":"de","potentialAction":[{"@type":"ReadAction","target":["https:\/\/fonsvinum.com\/de\/produkt\/grappa-bric-del-gaian-berta-distillerie-2\/"]}]},{"@type":"ImageObject","inLanguage":"de","@id":"https:\/\/fonsvinum.com\/de\/produkt\/grappa-bric-del-gaian-berta-distillerie-2\/#primaryimage","url":"https:\/\/fonsvinum.com\/files\/2015\/01\/grappa-bric-del-gaian-bertapng.png","contentUrl":"https:\/\/fonsvinum.com\/files\/2015\/01\/grappa-bric-del-gaian-bertapng.png","width":575,"height":519},{"@type":"BreadcrumbList","@id":"https:\/\/fonsvinum.com\/de\/produkt\/grappa-bric-del-gaian-berta-distillerie-2\/#breadcrumb","itemListElement":[{"@type":"ListItem","position":1,"name":"Startseite","item":"https:\/\/fonsvinum.com\/de\/"},{"@type":"ListItem","position":2,"name":"Shop","item":"https:\/\/fonsvinum.com\/de\/shop\/"},{"@type":"ListItem","position":3,"name":"Grappa Bric del Gaian &#8211; Berta Distillerie"}]},{"@type":"WebSite","@id":"https:\/\/fonsvinum.com\/en\/#website","url":"https:\/\/fonsvinum.com\/en\/","name":"Fons Vinum","description":"Vendita Vino Online","publisher":{"@id":"https:\/\/fonsvinum.com\/en\/#organization"},"potentialAction":[{"@type":"SearchAction","target":{"@type":"EntryPoint","urlTemplate":"https:\/\/fonsvinum.com\/en\/?s={search_term_string}"},"query-input":{"@type":"PropertyValueSpecification","valueRequired":true,"valueName":"search_term_string"}}],"inLanguage":"de"},{"@type":"Organization","@id":"https:\/\/fonsvinum.com\/en\/#organization","name":"Fons Vinum","url":"https:\/\/fonsvinum.com\/en\/","logo":{"@type":"ImageObject","inLanguage":"de","@id":"https:\/\/fonsvinum.com\/en\/#\/schema\/logo\/image\/","url":"","contentUrl":"","caption":"Fons Vinum"},"image":{"@id":"https:\/\/fonsvinum.com\/en\/#\/schema\/logo\/image\/"}}]}},"acf":[],"_links":{"self":[{"href":"https:\/\/fonsvinum.com\/de\/wp-json\/wp\/v2\/product\/5368","targetHints":{"allow":["GET"]}}],"collection":[{"href":"https:\/\/fonsvinum.com\/de\/wp-json\/wp\/v2\/product"}],"about":[{"href":"https:\/\/fonsvinum.com\/de\/wp-json\/wp\/v2\/types\/product"}],"replies":[{"embeddable":true,"href":"https:\/\/fonsvinum.com\/de\/wp-json\/wp\/v2\/comments?post=5368"}],"wp:featuredmedia":[{"embeddable":true,"href":"https:\/\/fonsvinum.com\/de\/wp-json\/wp\/v2\/media\/3581"}],"wp:attachment":[{"href":"https:\/\/fonsvinum.com\/de\/wp-json\/wp\/v2\/media?parent=5368"}],"wp:term":[{"taxonomy":"product_brand","embeddable":true,"href":"https:\/\/fonsvinum.com\/de\/wp-json\/wp\/v2\/product_brand?post=5368"},{"taxonomy":"product_cat","embeddable":true,"href":"https:\/\/fonsvinum.com\/de\/wp-json\/wp\/v2\/product_cat?post=5368"},{"taxonomy":"product_tag","embeddable":true,"href":"https:\/\/fonsvinum.com\/de\/wp-json\/wp\/v2\/product_tag?post=5368"}],"curies":[{"name":"wp","href":"https:\/\/api.w.org\/{rel}","templated":true}]}}