{"id":49827,"date":"2026-05-13T11:25:27","date_gmt":"2026-05-13T09:25:27","guid":{"rendered":"https:\/\/fonsvinum.com\/?post_type=product&#038;p=49827"},"modified":"2026-05-13T11:48:11","modified_gmt":"2026-05-13T09:48:11","slug":"masciarelli-marina-cvetic-colline-teatine-chardonnay-2022","status":"publish","type":"product","link":"https:\/\/fonsvinum.com\/de\/produkt\/masciarelli-marina-cvetic-colline-teatine-chardonnay-2022\/","title":{"rendered":"MASCIARELLI Marina Cvetic Colline Teatine Chardonnay 2022"},"content":{"rendered":"<h2>MASCIARELLI Marina Cvetic Colline Teatine Chardonnay 2022<\/h2>\n<p>MASCIARELLI Marina Cvetic Colline Teatine Chardonnay 2022<\/p>\n<h2>DAS WEINGUT <a href=\"https:\/\/fonsvinum.com\/de\/attributes\/producer\/masciarelli-de\/\">MASCIARELLI<\/a><\/h2>\n<h3 class=\"vc_custom_heading vc_custom_1554325745524\">Die Wurzeln in der Region<\/h3>\n<div class=\"wpb_text_column wpb_content_element vc_custom_1554326030023 text-justify\">\n<div class=\"wpb_wrapper\">\n<p><strong>MASCIARELLI Tenute Agricole<\/strong> wurde 1981 aus der unternehmerischen Intuition von <strong>Gianni Masciarelli<\/strong> geboren, einer Symbolfigur der italienischen Weinwelt und Protagonist des Erfolgs des modernen abruzzesischen Weinbaus. Das pulsierende Herz der Kellerei ist San Martino sulla Marrucina in der Provinz Chieti, mit eigenen Weinbergen und Olivenhainen in den <strong>4 Provinzen<\/strong> der Abruzzen<strong>.<\/strong><\/p>\n<p>Die Weinproduktion \u2013 erg\u00e4nzt durch eine kleine Produktion von nativem Oliven\u00f6l extra \u2013 umfasst heute 18 Etiketten und 5 Produktlinien: Linea Classica, Gianni Masciarelli, Villa Gemma, Marina Cvetic und Castello di Semivicoli.<\/p>\n<p>Im Zeichen st\u00e4ndiger Innovation bei gleichzeitigem Respekt vor Umwelt und Tradition hat das Weingut Masciarelli nach einer langen, konservativen Restaurierung das Castello di Semivicoli eingeweiht, einen Adelspalast aus dem 17. Jahrhundert, der heute als Relais de Charme inmitten der Weinberge ein Zentrum des Weintourismus in der Region ist.<\/p>\n<h2>COLLINE TEATINE CHARDONNAY<\/h2>\n<h3 class=\"vc_custom_heading\"><a href=\"https:\/\/fonsvinum.com\/?s=Marina+Cvetic&amp;post_type=product\">Marina Cvetic<\/a><\/h3>\n<div class=\"wpb_text_column wpb_content_element vc_custom_1554219968556 text-justify\">\n<div class=\"wpb_wrapper\">\n<p>Im \u201eHerzen\u201c der Geschichte von Masciarelli. Aus der privaten und beruflichen Verbindung zwischen Gianni und Marina entstand 1991 die Produktlinie, die ihren Namen tr\u00e4gt. Die Linie Marina Cvetic besteht aus 6 Referenzen und zeichnet sich durch den reinsortigen Ausbau internationaler Rebsorten (Merlot, Cabernet Sauvignon, Chardonnay) neben Montepulciano und Trebbiano aus. Die Interpretation ist originell und charakterstark: Die strukturierten und eleganten <a href=\"https:\/\/www.shopinlanghe.com\/sellers?render_type=sellerview&amp;id_seller=5\">Weine<\/a> von Marina Cvetic sind eine \u201eStimme au\u00dferhalb des Chores\u201c f\u00fcr anspruchsvollste Gaumen.<\/p>\n<p>Die erste internationale Rebsorte <a href=\"https:\/\/fonsvinum.com\/de\/produkt-kategorie\/weissweine-de\/?filter_appellation=chardonnay-igt-abruzzo\">Chardonnay<\/a>, die von Masciarelli in den Abruzzen in den Gemeinden Bucchianico und San Martino sulla Marrucina am Fu\u00dfe der Majella angepflanzt wurde, profitiert vom starken Einfluss von Meer und Bergen, die zur vollen phenolischen Reife der Trauben beitragen. In der Nase florale Noten von Ginster und Jasmin sowie fruchtige Ankl\u00e4nge von Mispel. Am Gaumen sehr schmackhaft und fast butterig, mit fleischigen tropischen Fr\u00fcchten, die eine echte Textur erzeugen. Eine markante S\u00e4ure f\u00fchrt in den langen Abgang.<\/p>\n<h3>Beschreibung und Eigenschaften<\/h3>\n<p>Brillant, kr\u00e4ftiges Goldgelb. Intensives, komplexes Bouquet \u2013 florale Noten von Ginster und Jasmin sowie fruchtige Ankl\u00e4nge von Mispel. Florale Noten von Ginster und Jasmin sowie fruchtige Ankl\u00e4nge von Mispel. Am Gaumen sehr w\u00fcrzig und anhaltend, mit tropischen Fr\u00fcchten.<\/p>\n<p>Kaltmazeration in der Presse f\u00fcr 12 Stunden und G\u00e4rung in Barriques aus franz\u00f6sischer Eiche. Reifung auf der Hefe w\u00e4hrend der gesamten Zeit mit h\u00e4ufiger Batonnage, gefolgt von der Flaschenreifung.<\/p>\n<div class=\"nectar-fancy-ul\" data-list-icon=\"none\" data-animation=\"false\" data-animation-delay=\"0\" data-color=\"accent-color\" data-alignment=\"left\">Dieser Wein hat ein hervorragendes Alterungspotenzial<\/div>\n<\/div>\n<div data-list-icon=\"none\" data-animation=\"false\" data-animation-delay=\"0\" data-color=\"accent-color\" data-alignment=\"left\">Jahrgang 2022: 91 Falstaff-Punkte.<\/div>\n<\/div>\n<\/div>\n<\/div>\n","protected":false},"excerpt":{"rendered":"<p>MASCIARELLI Marina Cvetic Colline Teatine Chardonnay 2022 MASCIARELLI Marina Cvetic Colline Teatine Chardonnay 2022 DAS WEINGUT MASCIARELLI Die Wurzeln in der Region MASCIARELLI Tenute Agricole wurde 1981 aus der unternehmerischen Intuition von Gianni Masciarelli geboren, einer Symbolfigur der italienischen Weinwelt und Protagonist des Erfolgs des modernen abruzzesischen Weinbaus. Das pulsierende Herz der Kellerei ist San [&hellip;]<\/p>\n","protected":false},"featured_media":27074,"comment_status":"open","ping_status":"closed","template":"","meta":{"_acf_changed":false,"_monsterinsights_skip_tracking":false,"_monsterinsights_sitenote_active":false,"_monsterinsights_sitenote_note":"","_monsterinsights_sitenote_category":0},"product_brand":[],"product_cat":[1778],"product_tag":[1751,17742],"class_list":{"0":"post-49827","1":"product","2":"type-product","3":"status-publish","4":"has-post-thumbnail","6":"product_cat-chardonnay-de","7":"product_tag-aussergewoehnliche-weine-aus-italien-de","8":"product_tag-vino-bianco-de","9":"pa_appellation-chardonnay-igt-colline-teatine","10":"pa_formato-0-75-l-flasche-de","11":"pa_producer-masciarelli-de","12":"pa_region-abruzzen-de","13":"pa_vine-100-chardonnay-de","14":"pa_vintage-18397","16":"first","17":"instock","18":"sale","19":"taxable","20":"shipping-taxable","21":"purchasable","22":"product-type-simple"},"bundled_by":[],"bundle_stock_status":"instock","bundle_stock_quantity":6,"bundle_virtual":false,"bundle_layout":"","bundle_add_to_cart_form_location":"","bundle_editable_in_cart":false,"bundle_sold_individually_context":"","bundle_item_grouping":"","bundle_min_size":"","bundle_max_size":"","bundle_price":[],"bundled_items":[],"bundle_sell_ids":[],"yoast_head":"<!-- This site is optimized with the Yoast SEO plugin v27.3 - https:\/\/yoast.com\/product\/yoast-seo-wordpress\/ -->\n<title>MASCIARELLI Marina Cvetic Colline Teatine Chardonnay 2022<\/title>\n<meta name=\"description\" content=\"Kaufen Sie MASCIARELLI Marina Cvetic Colline Teatine Chardonnay 2022 online bei Fons Vinum \u2013 intensiv, reichhaltig und best\u00e4ndig, im Holz ausgebaut und...\" \/>\n<meta name=\"robots\" content=\"index, follow, max-snippet:-1, max-image-preview:large, max-video-preview:-1\" \/>\n<link rel=\"canonical\" href=\"https:\/\/fonsvinum.com\/de\/produkt\/masciarelli-marina-cvetic-colline-teatine-chardonnay-2022\/\" \/>\n<meta property=\"og:locale\" content=\"de_DE\" \/>\n<meta property=\"og:type\" content=\"article\" \/>\n<meta property=\"og:title\" content=\"MASCIARELLI Marina Cvetic Colline Teatine Chardonnay 2022\" \/>\n<meta property=\"og:description\" content=\"Kaufen Sie MASCIARELLI Marina Cvetic Colline Teatine Chardonnay 2022 online bei Fons Vinum \u2013 intensiv, reichhaltig und best\u00e4ndig, im Holz ausgebaut und...\" \/>\n<meta property=\"og:url\" content=\"https:\/\/fonsvinum.com\/de\/produkt\/masciarelli-marina-cvetic-colline-teatine-chardonnay-2022\/\" \/>\n<meta property=\"og:site_name\" content=\"Fons Vinum\" \/>\n<meta property=\"article:modified_time\" content=\"2026-05-13T09:48:11+00:00\" \/>\n<meta property=\"og:image\" content=\"https:\/\/fonsvinum.com\/files\/2020\/10\/chardonnay-marina-cvetic-masciarelli.jpg\" \/>\n\t<meta property=\"og:image:width\" content=\"200\" \/>\n\t<meta property=\"og:image:height\" content=\"600\" \/>\n\t<meta property=\"og:image:type\" content=\"image\/jpeg\" \/>\n<meta name=\"twitter:label1\" content=\"Gesch\u00e4tzte Lesezeit\" \/>\n\t<meta name=\"twitter:data1\" content=\"3\u00a0Minuten\" \/>\n<script type=\"application\/ld+json\" class=\"yoast-schema-graph\">{\"@context\":\"https:\\\/\\\/schema.org\",\"@graph\":[{\"@type\":\"WebPage\",\"@id\":\"https:\\\/\\\/fonsvinum.com\\\/de\\\/produkt\\\/masciarelli-marina-cvetic-colline-teatine-chardonnay-2022\\\/\",\"url\":\"https:\\\/\\\/fonsvinum.com\\\/de\\\/produkt\\\/masciarelli-marina-cvetic-colline-teatine-chardonnay-2022\\\/\",\"name\":\"MASCIARELLI Marina Cvetic Colline Teatine Chardonnay 2022\",\"isPartOf\":{\"@id\":\"https:\\\/\\\/fonsvinum.com\\\/en\\\/#website\"},\"primaryImageOfPage\":{\"@id\":\"https:\\\/\\\/fonsvinum.com\\\/de\\\/produkt\\\/masciarelli-marina-cvetic-colline-teatine-chardonnay-2022\\\/#primaryimage\"},\"image\":{\"@id\":\"https:\\\/\\\/fonsvinum.com\\\/de\\\/produkt\\\/masciarelli-marina-cvetic-colline-teatine-chardonnay-2022\\\/#primaryimage\"},\"thumbnailUrl\":\"https:\\\/\\\/fonsvinum.com\\\/files\\\/2020\\\/10\\\/chardonnay-marina-cvetic-masciarelli.jpg\",\"datePublished\":\"2026-05-13T09:25:27+00:00\",\"dateModified\":\"2026-05-13T09:48:11+00:00\",\"description\":\"Kaufen Sie MASCIARELLI Marina Cvetic Colline Teatine Chardonnay 2022 online bei Fons Vinum \u2013 intensiv, reichhaltig und best\u00e4ndig, im Holz ausgebaut und...\",\"breadcrumb\":{\"@id\":\"https:\\\/\\\/fonsvinum.com\\\/de\\\/produkt\\\/masciarelli-marina-cvetic-colline-teatine-chardonnay-2022\\\/#breadcrumb\"},\"inLanguage\":\"de\",\"potentialAction\":[{\"@type\":\"ReadAction\",\"target\":[\"https:\\\/\\\/fonsvinum.com\\\/de\\\/produkt\\\/masciarelli-marina-cvetic-colline-teatine-chardonnay-2022\\\/\"]}]},{\"@type\":\"ImageObject\",\"inLanguage\":\"de\",\"@id\":\"https:\\\/\\\/fonsvinum.com\\\/de\\\/produkt\\\/masciarelli-marina-cvetic-colline-teatine-chardonnay-2022\\\/#primaryimage\",\"url\":\"https:\\\/\\\/fonsvinum.com\\\/files\\\/2020\\\/10\\\/chardonnay-marina-cvetic-masciarelli.jpg\",\"contentUrl\":\"https:\\\/\\\/fonsvinum.com\\\/files\\\/2020\\\/10\\\/chardonnay-marina-cvetic-masciarelli.jpg\",\"width\":200,\"height\":600},{\"@type\":\"BreadcrumbList\",\"@id\":\"https:\\\/\\\/fonsvinum.com\\\/de\\\/produkt\\\/masciarelli-marina-cvetic-colline-teatine-chardonnay-2022\\\/#breadcrumb\",\"itemListElement\":[{\"@type\":\"ListItem\",\"position\":1,\"name\":\"Startseite\",\"item\":\"https:\\\/\\\/fonsvinum.com\\\/de\\\/\"},{\"@type\":\"ListItem\",\"position\":2,\"name\":\"Shop\",\"item\":\"https:\\\/\\\/fonsvinum.com\\\/de\\\/shop\\\/\"},{\"@type\":\"ListItem\",\"position\":3,\"name\":\"MASCIARELLI Marina Cvetic Colline Teatine Chardonnay 2022\"}]},{\"@type\":\"WebSite\",\"@id\":\"https:\\\/\\\/fonsvinum.com\\\/en\\\/#website\",\"url\":\"https:\\\/\\\/fonsvinum.com\\\/en\\\/\",\"name\":\"Fons Vinum\",\"description\":\"Vendita Vino Online\",\"publisher\":{\"@id\":\"https:\\\/\\\/fonsvinum.com\\\/en\\\/#organization\"},\"potentialAction\":[{\"@type\":\"SearchAction\",\"target\":{\"@type\":\"EntryPoint\",\"urlTemplate\":\"https:\\\/\\\/fonsvinum.com\\\/en\\\/?s={search_term_string}\"},\"query-input\":{\"@type\":\"PropertyValueSpecification\",\"valueRequired\":true,\"valueName\":\"search_term_string\"}}],\"inLanguage\":\"de\"},{\"@type\":\"Organization\",\"@id\":\"https:\\\/\\\/fonsvinum.com\\\/en\\\/#organization\",\"name\":\"Fons Vinum\",\"url\":\"https:\\\/\\\/fonsvinum.com\\\/en\\\/\",\"logo\":{\"@type\":\"ImageObject\",\"inLanguage\":\"de\",\"@id\":\"https:\\\/\\\/fonsvinum.com\\\/en\\\/#\\\/schema\\\/logo\\\/image\\\/\",\"url\":\"\",\"contentUrl\":\"\",\"caption\":\"Fons Vinum\"},\"image\":{\"@id\":\"https:\\\/\\\/fonsvinum.com\\\/en\\\/#\\\/schema\\\/logo\\\/image\\\/\"}}]}<\/script>\n<!-- \/ Yoast SEO plugin. -->","yoast_head_json":{"title":"MASCIARELLI Marina Cvetic Colline Teatine Chardonnay 2022","description":"Kaufen Sie MASCIARELLI Marina Cvetic Colline Teatine Chardonnay 2022 online bei Fons Vinum \u2013 intensiv, reichhaltig und best\u00e4ndig, im Holz ausgebaut und...","robots":{"index":"index","follow":"follow","max-snippet":"max-snippet:-1","max-image-preview":"max-image-preview:large","max-video-preview":"max-video-preview:-1"},"canonical":"https:\/\/fonsvinum.com\/de\/produkt\/masciarelli-marina-cvetic-colline-teatine-chardonnay-2022\/","og_locale":"de_DE","og_type":"article","og_title":"MASCIARELLI Marina Cvetic Colline Teatine Chardonnay 2022","og_description":"Kaufen Sie MASCIARELLI Marina Cvetic Colline Teatine Chardonnay 2022 online bei Fons Vinum \u2013 intensiv, reichhaltig und best\u00e4ndig, im Holz ausgebaut und...","og_url":"https:\/\/fonsvinum.com\/de\/produkt\/masciarelli-marina-cvetic-colline-teatine-chardonnay-2022\/","og_site_name":"Fons Vinum","article_modified_time":"2026-05-13T09:48:11+00:00","og_image":[{"width":200,"height":600,"url":"https:\/\/fonsvinum.com\/files\/2020\/10\/chardonnay-marina-cvetic-masciarelli.jpg","type":"image\/jpeg"}],"twitter_misc":{"Gesch\u00e4tzte Lesezeit":"3\u00a0Minuten"},"schema":{"@context":"https:\/\/schema.org","@graph":[{"@type":"WebPage","@id":"https:\/\/fonsvinum.com\/de\/produkt\/masciarelli-marina-cvetic-colline-teatine-chardonnay-2022\/","url":"https:\/\/fonsvinum.com\/de\/produkt\/masciarelli-marina-cvetic-colline-teatine-chardonnay-2022\/","name":"MASCIARELLI Marina Cvetic Colline Teatine Chardonnay 2022","isPartOf":{"@id":"https:\/\/fonsvinum.com\/en\/#website"},"primaryImageOfPage":{"@id":"https:\/\/fonsvinum.com\/de\/produkt\/masciarelli-marina-cvetic-colline-teatine-chardonnay-2022\/#primaryimage"},"image":{"@id":"https:\/\/fonsvinum.com\/de\/produkt\/masciarelli-marina-cvetic-colline-teatine-chardonnay-2022\/#primaryimage"},"thumbnailUrl":"https:\/\/fonsvinum.com\/files\/2020\/10\/chardonnay-marina-cvetic-masciarelli.jpg","datePublished":"2026-05-13T09:25:27+00:00","dateModified":"2026-05-13T09:48:11+00:00","description":"Kaufen Sie MASCIARELLI Marina Cvetic Colline Teatine Chardonnay 2022 online bei Fons Vinum \u2013 intensiv, reichhaltig und best\u00e4ndig, im Holz ausgebaut und...","breadcrumb":{"@id":"https:\/\/fonsvinum.com\/de\/produkt\/masciarelli-marina-cvetic-colline-teatine-chardonnay-2022\/#breadcrumb"},"inLanguage":"de","potentialAction":[{"@type":"ReadAction","target":["https:\/\/fonsvinum.com\/de\/produkt\/masciarelli-marina-cvetic-colline-teatine-chardonnay-2022\/"]}]},{"@type":"ImageObject","inLanguage":"de","@id":"https:\/\/fonsvinum.com\/de\/produkt\/masciarelli-marina-cvetic-colline-teatine-chardonnay-2022\/#primaryimage","url":"https:\/\/fonsvinum.com\/files\/2020\/10\/chardonnay-marina-cvetic-masciarelli.jpg","contentUrl":"https:\/\/fonsvinum.com\/files\/2020\/10\/chardonnay-marina-cvetic-masciarelli.jpg","width":200,"height":600},{"@type":"BreadcrumbList","@id":"https:\/\/fonsvinum.com\/de\/produkt\/masciarelli-marina-cvetic-colline-teatine-chardonnay-2022\/#breadcrumb","itemListElement":[{"@type":"ListItem","position":1,"name":"Startseite","item":"https:\/\/fonsvinum.com\/de\/"},{"@type":"ListItem","position":2,"name":"Shop","item":"https:\/\/fonsvinum.com\/de\/shop\/"},{"@type":"ListItem","position":3,"name":"MASCIARELLI Marina Cvetic Colline Teatine Chardonnay 2022"}]},{"@type":"WebSite","@id":"https:\/\/fonsvinum.com\/en\/#website","url":"https:\/\/fonsvinum.com\/en\/","name":"Fons Vinum","description":"Vendita Vino Online","publisher":{"@id":"https:\/\/fonsvinum.com\/en\/#organization"},"potentialAction":[{"@type":"SearchAction","target":{"@type":"EntryPoint","urlTemplate":"https:\/\/fonsvinum.com\/en\/?s={search_term_string}"},"query-input":{"@type":"PropertyValueSpecification","valueRequired":true,"valueName":"search_term_string"}}],"inLanguage":"de"},{"@type":"Organization","@id":"https:\/\/fonsvinum.com\/en\/#organization","name":"Fons Vinum","url":"https:\/\/fonsvinum.com\/en\/","logo":{"@type":"ImageObject","inLanguage":"de","@id":"https:\/\/fonsvinum.com\/en\/#\/schema\/logo\/image\/","url":"","contentUrl":"","caption":"Fons Vinum"},"image":{"@id":"https:\/\/fonsvinum.com\/en\/#\/schema\/logo\/image\/"}}]}},"acf":[],"_links":{"self":[{"href":"https:\/\/fonsvinum.com\/de\/wp-json\/wp\/v2\/product\/49827","targetHints":{"allow":["GET"]}}],"collection":[{"href":"https:\/\/fonsvinum.com\/de\/wp-json\/wp\/v2\/product"}],"about":[{"href":"https:\/\/fonsvinum.com\/de\/wp-json\/wp\/v2\/types\/product"}],"replies":[{"embeddable":true,"href":"https:\/\/fonsvinum.com\/de\/wp-json\/wp\/v2\/comments?post=49827"}],"wp:featuredmedia":[{"embeddable":true,"href":"https:\/\/fonsvinum.com\/de\/wp-json\/wp\/v2\/media\/27074"}],"wp:attachment":[{"href":"https:\/\/fonsvinum.com\/de\/wp-json\/wp\/v2\/media?parent=49827"}],"wp:term":[{"taxonomy":"product_brand","embeddable":true,"href":"https:\/\/fonsvinum.com\/de\/wp-json\/wp\/v2\/product_brand?post=49827"},{"taxonomy":"product_cat","embeddable":true,"href":"https:\/\/fonsvinum.com\/de\/wp-json\/wp\/v2\/product_cat?post=49827"},{"taxonomy":"product_tag","embeddable":true,"href":"https:\/\/fonsvinum.com\/de\/wp-json\/wp\/v2\/product_tag?post=49827"}],"curies":[{"name":"wp","href":"https:\/\/api.w.org\/{rel}","templated":true}]}}