{"id":49793,"date":"2026-05-07T11:51:02","date_gmt":"2026-05-07T09:51:02","guid":{"rendered":"https:\/\/fonsvinum.com\/?post_type=product&#038;p=49793"},"modified":"2026-05-07T12:16:19","modified_gmt":"2026-05-07T10:16:19","slug":"produttori-del-barbaresco-riserva-rio-sordo-barbaresco-2021","status":"publish","type":"product","link":"https:\/\/fonsvinum.com\/de\/produkt\/produttori-del-barbaresco-riserva-rio-sordo-barbaresco-2021\/","title":{"rendered":"PRODUTTORI DEL BARBARESCO Riserva Rio Sordo Barbaresco 2021"},"content":{"rendered":"<h1>PRODUTTORI DEL BARBARESCO <a href=\"https:\/\/fonsvinum.com\/?s=rio+sordo&amp;post_type=product\">Riserva Rio Sordo<\/a> Barbaresco 2021<\/h1>\n<p>PRODUTTORI DEL BARBARESCO Riserva Rio Sordo Barbaresco 2021<\/p>\n<h2>DAS WEINGUT <a href=\"https:\/\/fonsvinum.com\/de\/attributes\/producer\/produttori-del-barbaresco-de\/\">PRODUTTORI DEL BARBARESCO<\/a><\/h2>\n<p>1958 gegr\u00fcndet, z\u00e4hlt es heute 50 Mitglieder mit einer Rebfl\u00e4che, die 2020 auf 783 Hektar Nebbiolo-Weinberge angewachsen ist und einen Gro\u00dfteil der historischen \u201eCrus\u201c der Zone kontrolliert. Produttori del Barbaresco keltert ausschlie\u00dflich Nebbiolo-Trauben und produziert einen Barbaresco D.O.C.G. aus verschiedenen Weinbergen des Ursprungsgebiets sowie einen Nebbiolo Langhe D.O.C. aus Trauben derselben Weinberge, die als weniger geeignet f\u00fcr einen lagerf\u00e4higen <a href=\"https:\/\/www.shopinlanghe.com\/sellers?render_type=sellerview&amp;id_seller=5\">Wein<\/a> eingestuft wurden \u2013 einfacher und fr\u00fcher trinkreif.<\/p>\n<p>In gro\u00dfen Jahrg\u00e4ngen werden 9 Barbaresco aus spezifischen Lagen produziert und als Barbaresco Riserva vermarktet: Asili, Rabaj\u00e0, Rio Sordo, Ovello, Montestefano, Paj\u00e9, Muncagota, Montefico, Pora \u2013 Gebiete, die seit jeher f\u00fcr die Erzeugung besonders wertvoller Trauben bekannt sind. Seit dem Jahrgang 2007 sind sie offiziell als \u201eMenzioni Geografiche Aggiuntive\u201c anerkannt. Der Name des Crus und der Weinbergbesitzer sind auf den nummerierten Etiketten aufgef\u00fchrt.<\/p>\n<h2>BARBARESCO Rio Sordo<\/h2>\n<p><strong>Weinberg: <\/strong>Rio Sordo<\/p>\n<p>Der Barbaresco Riserva \u201eRio Sordo\u201c der Kellerei Produttori del Barbaresco ist ein eleganter Rotwein von gro\u00dfer Aromatik, mit ausgewogenen Tanninen, intensiv und strukturiert, erzeugt auf den pr\u00e4chtigen und faszinierenden H\u00fcgeln von Barbaresco im Piemont. Dieses Etikett wird aus reinen Nebbiolo-Trauben der Cru-Lage Rio Sordo gewonnen; einem einzelnen Weinberg auf einem nach Westen und S\u00fcdwesten ausgerichteten H\u00fcgel in etwa 250 Metern H\u00f6he.<\/p>\n<p>Der Rio Sordo ist nach einer gewissen Reifezeit besonders ansprechend, wenn der Wein noch einen fruchtigen und frischen Gaumen bewahrt.<\/p>\n<h2>Vinifizierung:<\/h2>\n<p>G\u00e4rung im Edelstahltank bei 30 \u00b0C, 28 Tage Maischestandzeit, abgeschlossene malolaktische G\u00e4rung<\/p>\n<p>Ausbau: in Eichenf\u00e4ssern von 25\u201350 hl f\u00fcr mindestens 30 Monate<\/p>\n<p>Gesamtproduktion: 10.000 Flaschen<\/p>\n","protected":false},"excerpt":{"rendered":"<p>PRODUTTORI DEL BARBARESCO Riserva Rio Sordo Barbaresco 2021 PRODUTTORI DEL BARBARESCO Riserva Rio Sordo Barbaresco 2021 DAS WEINGUT PRODUTTORI DEL BARBARESCO 1958 gegr\u00fcndet, z\u00e4hlt es heute 50 Mitglieder mit einer Rebfl\u00e4che, die 2020 auf 783 Hektar Nebbiolo-Weinberge angewachsen ist und einen Gro\u00dfteil der historischen \u201eCrus\u201c der Zone kontrolliert. Produttori del Barbaresco keltert ausschlie\u00dflich Nebbiolo-Trauben und [&hellip;]<\/p>\n","protected":false},"featured_media":7933,"comment_status":"open","ping_status":"closed","template":"","meta":{"_acf_changed":false,"_monsterinsights_skip_tracking":false,"_monsterinsights_sitenote_active":false,"_monsterinsights_sitenote_note":"","_monsterinsights_sitenote_category":0},"product_brand":[],"product_cat":[1773],"product_tag":[1751,15895,18450,15893,15959],"class_list":{"0":"post-49793","1":"product","2":"type-product","3":"status-publish","4":"has-post-thumbnail","6":"product_cat-barbaresco-de","7":"product_tag-aussergewoehnliche-weine-aus-italien-de","8":"product_tag-barbaresco-de-2","9":"product_tag-langhe-weine","10":"product_tag-piemonte-de","11":"product_tag-vino-rosso-de","12":"pa_appellation-barbaresco-docg-de","13":"pa_formato-0-75-l-flasche-de","14":"pa_producer-produttori-del-barbaresco-de","15":"pa_region-piemont-de","16":"pa_vine-100-nebbiolo-de","17":"pa_vintage-18393","19":"first","20":"instock","21":"taxable","22":"shipping-taxable","23":"purchasable","24":"product-type-simple"},"bundled_by":[],"bundle_stock_status":"instock","bundle_stock_quantity":12,"bundle_virtual":false,"bundle_layout":"","bundle_add_to_cart_form_location":"","bundle_editable_in_cart":false,"bundle_sold_individually_context":"","bundle_item_grouping":"","bundle_min_size":"","bundle_max_size":"","bundle_price":[],"bundled_items":[],"bundle_sell_ids":[6574],"yoast_head":"<!-- This site is optimized with the Yoast SEO plugin v27.3 - https:\/\/yoast.com\/product\/yoast-seo-wordpress\/ -->\n<title>PRODUTTORI DEL BARBARESCO Riserva Rio Sordo Barbaresco 2021<\/title>\n<meta name=\"description\" content=\"Kaufen Sie online bei Fons Vinum PRODUTTORI DEL BARBARESCO Riserva Rio Sordo Barbaresco, der soeben erschienene neue Jahrgang 2021!\" \/>\n<meta name=\"robots\" content=\"index, follow, max-snippet:-1, max-image-preview:large, max-video-preview:-1\" \/>\n<link rel=\"canonical\" href=\"https:\/\/fonsvinum.com\/de\/produkt\/produttori-del-barbaresco-riserva-rio-sordo-barbaresco-2021\/\" \/>\n<meta property=\"og:locale\" content=\"de_DE\" \/>\n<meta property=\"og:type\" content=\"article\" \/>\n<meta property=\"og:title\" content=\"PRODUTTORI DEL BARBARESCO Riserva Rio Sordo Barbaresco 2021\" \/>\n<meta property=\"og:description\" content=\"Kaufen Sie online bei Fons Vinum PRODUTTORI DEL BARBARESCO Riserva Rio Sordo Barbaresco, der soeben erschienene neue Jahrgang 2021!\" \/>\n<meta property=\"og:url\" content=\"https:\/\/fonsvinum.com\/de\/produkt\/produttori-del-barbaresco-riserva-rio-sordo-barbaresco-2021\/\" \/>\n<meta property=\"og:site_name\" content=\"Fons Vinum\" \/>\n<meta property=\"article:modified_time\" content=\"2026-05-07T10:16:19+00:00\" \/>\n<meta property=\"og:image\" content=\"https:\/\/fonsvinum.com\/files\/2013\/04\/barbaresco_produttori_riosordo.jpg\" \/>\n\t<meta property=\"og:image:width\" content=\"225\" \/>\n\t<meta property=\"og:image:height\" content=\"540\" \/>\n\t<meta property=\"og:image:type\" content=\"image\/jpeg\" \/>\n<meta name=\"twitter:label1\" content=\"Gesch\u00e4tzte Lesezeit\" \/>\n\t<meta name=\"twitter:data1\" content=\"2\u00a0Minuten\" \/>\n<script type=\"application\/ld+json\" class=\"yoast-schema-graph\">{\"@context\":\"https:\\\/\\\/schema.org\",\"@graph\":[{\"@type\":\"WebPage\",\"@id\":\"https:\\\/\\\/fonsvinum.com\\\/de\\\/produkt\\\/produttori-del-barbaresco-riserva-rio-sordo-barbaresco-2021\\\/\",\"url\":\"https:\\\/\\\/fonsvinum.com\\\/de\\\/produkt\\\/produttori-del-barbaresco-riserva-rio-sordo-barbaresco-2021\\\/\",\"name\":\"PRODUTTORI DEL BARBARESCO Riserva Rio Sordo Barbaresco 2021\",\"isPartOf\":{\"@id\":\"https:\\\/\\\/fonsvinum.com\\\/en\\\/#website\"},\"primaryImageOfPage\":{\"@id\":\"https:\\\/\\\/fonsvinum.com\\\/de\\\/produkt\\\/produttori-del-barbaresco-riserva-rio-sordo-barbaresco-2021\\\/#primaryimage\"},\"image\":{\"@id\":\"https:\\\/\\\/fonsvinum.com\\\/de\\\/produkt\\\/produttori-del-barbaresco-riserva-rio-sordo-barbaresco-2021\\\/#primaryimage\"},\"thumbnailUrl\":\"https:\\\/\\\/fonsvinum.com\\\/files\\\/2013\\\/04\\\/barbaresco_produttori_riosordo.jpg\",\"datePublished\":\"2026-05-07T09:51:02+00:00\",\"dateModified\":\"2026-05-07T10:16:19+00:00\",\"description\":\"Kaufen Sie online bei Fons Vinum PRODUTTORI DEL BARBARESCO Riserva Rio Sordo Barbaresco, der soeben erschienene neue Jahrgang 2021!\",\"breadcrumb\":{\"@id\":\"https:\\\/\\\/fonsvinum.com\\\/de\\\/produkt\\\/produttori-del-barbaresco-riserva-rio-sordo-barbaresco-2021\\\/#breadcrumb\"},\"inLanguage\":\"de\",\"potentialAction\":[{\"@type\":\"ReadAction\",\"target\":[\"https:\\\/\\\/fonsvinum.com\\\/de\\\/produkt\\\/produttori-del-barbaresco-riserva-rio-sordo-barbaresco-2021\\\/\"]}]},{\"@type\":\"ImageObject\",\"inLanguage\":\"de\",\"@id\":\"https:\\\/\\\/fonsvinum.com\\\/de\\\/produkt\\\/produttori-del-barbaresco-riserva-rio-sordo-barbaresco-2021\\\/#primaryimage\",\"url\":\"https:\\\/\\\/fonsvinum.com\\\/files\\\/2013\\\/04\\\/barbaresco_produttori_riosordo.jpg\",\"contentUrl\":\"https:\\\/\\\/fonsvinum.com\\\/files\\\/2013\\\/04\\\/barbaresco_produttori_riosordo.jpg\",\"width\":225,\"height\":540,\"caption\":\"Barbaresco Rio Sordo PRODUTTORI DEL BARBARESCO\"},{\"@type\":\"BreadcrumbList\",\"@id\":\"https:\\\/\\\/fonsvinum.com\\\/de\\\/produkt\\\/produttori-del-barbaresco-riserva-rio-sordo-barbaresco-2021\\\/#breadcrumb\",\"itemListElement\":[{\"@type\":\"ListItem\",\"position\":1,\"name\":\"Startseite\",\"item\":\"https:\\\/\\\/fonsvinum.com\\\/de\\\/\"},{\"@type\":\"ListItem\",\"position\":2,\"name\":\"Shop\",\"item\":\"https:\\\/\\\/fonsvinum.com\\\/de\\\/shop\\\/\"},{\"@type\":\"ListItem\",\"position\":3,\"name\":\"PRODUTTORI DEL BARBARESCO Riserva Rio Sordo Barbaresco 2021\"}]},{\"@type\":\"WebSite\",\"@id\":\"https:\\\/\\\/fonsvinum.com\\\/en\\\/#website\",\"url\":\"https:\\\/\\\/fonsvinum.com\\\/en\\\/\",\"name\":\"Fons Vinum\",\"description\":\"Vendita Vino Online\",\"publisher\":{\"@id\":\"https:\\\/\\\/fonsvinum.com\\\/en\\\/#organization\"},\"potentialAction\":[{\"@type\":\"SearchAction\",\"target\":{\"@type\":\"EntryPoint\",\"urlTemplate\":\"https:\\\/\\\/fonsvinum.com\\\/en\\\/?s={search_term_string}\"},\"query-input\":{\"@type\":\"PropertyValueSpecification\",\"valueRequired\":true,\"valueName\":\"search_term_string\"}}],\"inLanguage\":\"de\"},{\"@type\":\"Organization\",\"@id\":\"https:\\\/\\\/fonsvinum.com\\\/en\\\/#organization\",\"name\":\"Fons Vinum\",\"url\":\"https:\\\/\\\/fonsvinum.com\\\/en\\\/\",\"logo\":{\"@type\":\"ImageObject\",\"inLanguage\":\"de\",\"@id\":\"https:\\\/\\\/fonsvinum.com\\\/en\\\/#\\\/schema\\\/logo\\\/image\\\/\",\"url\":\"\",\"contentUrl\":\"\",\"caption\":\"Fons Vinum\"},\"image\":{\"@id\":\"https:\\\/\\\/fonsvinum.com\\\/en\\\/#\\\/schema\\\/logo\\\/image\\\/\"}}]}<\/script>\n<!-- \/ Yoast SEO plugin. -->","yoast_head_json":{"title":"PRODUTTORI DEL BARBARESCO Riserva Rio Sordo Barbaresco 2021","description":"Kaufen Sie online bei Fons Vinum PRODUTTORI DEL BARBARESCO Riserva Rio Sordo Barbaresco, der soeben erschienene neue Jahrgang 2021!","robots":{"index":"index","follow":"follow","max-snippet":"max-snippet:-1","max-image-preview":"max-image-preview:large","max-video-preview":"max-video-preview:-1"},"canonical":"https:\/\/fonsvinum.com\/de\/produkt\/produttori-del-barbaresco-riserva-rio-sordo-barbaresco-2021\/","og_locale":"de_DE","og_type":"article","og_title":"PRODUTTORI DEL BARBARESCO Riserva Rio Sordo Barbaresco 2021","og_description":"Kaufen Sie online bei Fons Vinum PRODUTTORI DEL BARBARESCO Riserva Rio Sordo Barbaresco, der soeben erschienene neue Jahrgang 2021!","og_url":"https:\/\/fonsvinum.com\/de\/produkt\/produttori-del-barbaresco-riserva-rio-sordo-barbaresco-2021\/","og_site_name":"Fons Vinum","article_modified_time":"2026-05-07T10:16:19+00:00","og_image":[{"width":225,"height":540,"url":"https:\/\/fonsvinum.com\/files\/2013\/04\/barbaresco_produttori_riosordo.jpg","type":"image\/jpeg"}],"twitter_misc":{"Gesch\u00e4tzte Lesezeit":"2\u00a0Minuten"},"schema":{"@context":"https:\/\/schema.org","@graph":[{"@type":"WebPage","@id":"https:\/\/fonsvinum.com\/de\/produkt\/produttori-del-barbaresco-riserva-rio-sordo-barbaresco-2021\/","url":"https:\/\/fonsvinum.com\/de\/produkt\/produttori-del-barbaresco-riserva-rio-sordo-barbaresco-2021\/","name":"PRODUTTORI DEL BARBARESCO Riserva Rio Sordo Barbaresco 2021","isPartOf":{"@id":"https:\/\/fonsvinum.com\/en\/#website"},"primaryImageOfPage":{"@id":"https:\/\/fonsvinum.com\/de\/produkt\/produttori-del-barbaresco-riserva-rio-sordo-barbaresco-2021\/#primaryimage"},"image":{"@id":"https:\/\/fonsvinum.com\/de\/produkt\/produttori-del-barbaresco-riserva-rio-sordo-barbaresco-2021\/#primaryimage"},"thumbnailUrl":"https:\/\/fonsvinum.com\/files\/2013\/04\/barbaresco_produttori_riosordo.jpg","datePublished":"2026-05-07T09:51:02+00:00","dateModified":"2026-05-07T10:16:19+00:00","description":"Kaufen Sie online bei Fons Vinum PRODUTTORI DEL BARBARESCO Riserva Rio Sordo Barbaresco, der soeben erschienene neue Jahrgang 2021!","breadcrumb":{"@id":"https:\/\/fonsvinum.com\/de\/produkt\/produttori-del-barbaresco-riserva-rio-sordo-barbaresco-2021\/#breadcrumb"},"inLanguage":"de","potentialAction":[{"@type":"ReadAction","target":["https:\/\/fonsvinum.com\/de\/produkt\/produttori-del-barbaresco-riserva-rio-sordo-barbaresco-2021\/"]}]},{"@type":"ImageObject","inLanguage":"de","@id":"https:\/\/fonsvinum.com\/de\/produkt\/produttori-del-barbaresco-riserva-rio-sordo-barbaresco-2021\/#primaryimage","url":"https:\/\/fonsvinum.com\/files\/2013\/04\/barbaresco_produttori_riosordo.jpg","contentUrl":"https:\/\/fonsvinum.com\/files\/2013\/04\/barbaresco_produttori_riosordo.jpg","width":225,"height":540,"caption":"Barbaresco Rio Sordo PRODUTTORI DEL BARBARESCO"},{"@type":"BreadcrumbList","@id":"https:\/\/fonsvinum.com\/de\/produkt\/produttori-del-barbaresco-riserva-rio-sordo-barbaresco-2021\/#breadcrumb","itemListElement":[{"@type":"ListItem","position":1,"name":"Startseite","item":"https:\/\/fonsvinum.com\/de\/"},{"@type":"ListItem","position":2,"name":"Shop","item":"https:\/\/fonsvinum.com\/de\/shop\/"},{"@type":"ListItem","position":3,"name":"PRODUTTORI DEL BARBARESCO Riserva Rio Sordo Barbaresco 2021"}]},{"@type":"WebSite","@id":"https:\/\/fonsvinum.com\/en\/#website","url":"https:\/\/fonsvinum.com\/en\/","name":"Fons Vinum","description":"Vendita Vino Online","publisher":{"@id":"https:\/\/fonsvinum.com\/en\/#organization"},"potentialAction":[{"@type":"SearchAction","target":{"@type":"EntryPoint","urlTemplate":"https:\/\/fonsvinum.com\/en\/?s={search_term_string}"},"query-input":{"@type":"PropertyValueSpecification","valueRequired":true,"valueName":"search_term_string"}}],"inLanguage":"de"},{"@type":"Organization","@id":"https:\/\/fonsvinum.com\/en\/#organization","name":"Fons Vinum","url":"https:\/\/fonsvinum.com\/en\/","logo":{"@type":"ImageObject","inLanguage":"de","@id":"https:\/\/fonsvinum.com\/en\/#\/schema\/logo\/image\/","url":"","contentUrl":"","caption":"Fons Vinum"},"image":{"@id":"https:\/\/fonsvinum.com\/en\/#\/schema\/logo\/image\/"}}]}},"acf":[],"_links":{"self":[{"href":"https:\/\/fonsvinum.com\/de\/wp-json\/wp\/v2\/product\/49793","targetHints":{"allow":["GET"]}}],"collection":[{"href":"https:\/\/fonsvinum.com\/de\/wp-json\/wp\/v2\/product"}],"about":[{"href":"https:\/\/fonsvinum.com\/de\/wp-json\/wp\/v2\/types\/product"}],"replies":[{"embeddable":true,"href":"https:\/\/fonsvinum.com\/de\/wp-json\/wp\/v2\/comments?post=49793"}],"wp:featuredmedia":[{"embeddable":true,"href":"https:\/\/fonsvinum.com\/de\/wp-json\/wp\/v2\/media\/7933"}],"wp:attachment":[{"href":"https:\/\/fonsvinum.com\/de\/wp-json\/wp\/v2\/media?parent=49793"}],"wp:term":[{"taxonomy":"product_brand","embeddable":true,"href":"https:\/\/fonsvinum.com\/de\/wp-json\/wp\/v2\/product_brand?post=49793"},{"taxonomy":"product_cat","embeddable":true,"href":"https:\/\/fonsvinum.com\/de\/wp-json\/wp\/v2\/product_cat?post=49793"},{"taxonomy":"product_tag","embeddable":true,"href":"https:\/\/fonsvinum.com\/de\/wp-json\/wp\/v2\/product_tag?post=49793"}],"curies":[{"name":"wp","href":"https:\/\/api.w.org\/{rel}","templated":true}]}}