{"id":49775,"date":"2026-05-07T10:03:30","date_gmt":"2026-05-07T08:03:30","guid":{"rendered":"https:\/\/fonsvinum.com\/?post_type=product&#038;p=49775"},"modified":"2026-05-07T10:29:18","modified_gmt":"2026-05-07T08:29:18","slug":"nervi-conterno-rosato-2025","status":"publish","type":"product","link":"https:\/\/fonsvinum.com\/de\/produkt\/nervi-conterno-rosato-2025\/","title":{"rendered":"NERVI CONTERNO Rosato 2025"},"content":{"rendered":"<p>NERVI CONTERNO <a href=\"https:\/\/fonsvinum.com\/?s=ROSE+&amp;post_type=product\">Rosato <\/a>2025<\/p>\n<h3><a href=\"https:\/\/fonsvinum.com\/de\/attributes\/producer\/giacomo-conterno-de\/\">NERVI CONTERNO<\/a> Rosato 2025<\/h3>\n<h2>WEINGUT NERVI<\/h2>\n<p>Dieses im Jahr 1906 von Luigi Nervi gegr\u00fcndete Weingut befindet sich in Gattinara im oberen Valferana am Fu\u00dfe des Monte Rosa \u2013 eine Region, die bereits Anfang des 20. Jahrhunderts sehr ber\u00fchmt war, als die Langhe und ihre Weine noch nicht den heutigen Stellenwert besa\u00dfen. Das Weingut erstreckt sich \u00fcber 27 Hektar, darunter die ber\u00fchmten Crus Valferana, Garavoglie und Molsino, im vulkanischen Gebiet des oberen Vercellese. Die h\u00fcgeligen Lagen sind im Norden durch das Monte-Rosa-Massiv gesch\u00fctzt. Hier wird Spanna (wie der Nebbiolo dort genannt wird) unter idealen Boden- und Mikroklimabedingungen angebaut. Die Familie Conterno \u00fcbernahm diesen Traditionsbetrieb im Jahr 2015 mit dem Ziel, die besten Nebbiolo-Weine aus dieser Zone im oberen Piemont zu erzeugen. Die Gattinara-Weine von Nervi sind mineralisch, elegant, tiefgr\u00fcndig und von einer f\u00fcr den traditionellen Stil typischen, markanten Austerit\u00e4t gepr\u00e4gt.<\/p>\n<h2><a href=\"https:\/\/fonsvinum.com\/?s=ROSE+&amp;post_type=product\">ROSATO<\/a><\/h2>\n<p>Ein Rosato, der ausschlie\u00dflich aus Nebbiolo-Trauben gewonnen wird. Seine zarte Farbe und die feine Rests\u00fc\u00dfe machen ihn angenehm frisch \u2013 ein idealer Begleiter f\u00fcr jedes Sommergericht.<\/p>\n<h3>-Verkostungsnotizen-<\/h3>\n<p>Zartes Rosa. In der Nase dominieren Zitrusaromen und florale Noten. Am Gaumen zeigt er sich reichhaltig und lebendig; besticht durch angenehme Frische und ein hervorragendes, klares Finale.<\/p>\n<h3>-Speiseempfehlung-<\/h3>\n<p>Hervorragend zu Krustentieren und frittierten Sardellen; passt zudem sehr gut zu Aufschnitt und mittelreifem K\u00e4se.<\/p>\n","protected":false},"excerpt":{"rendered":"<p>NERVI CONTERNO Rosato 2025 NERVI CONTERNO Rosato 2025 WEINGUT NERVI Dieses im Jahr 1906 von Luigi Nervi gegr\u00fcndete Weingut befindet sich in Gattinara im oberen Valferana am Fu\u00dfe des Monte Rosa \u2013 eine Region, die bereits Anfang des 20. Jahrhunderts sehr ber\u00fchmt war, als die Langhe und ihre Weine noch nicht den heutigen Stellenwert besa\u00dfen. [&hellip;]<\/p>\n","protected":false},"featured_media":34477,"comment_status":"open","ping_status":"closed","template":"","meta":{"_acf_changed":false,"_monsterinsights_skip_tracking":false,"_monsterinsights_sitenote_active":false,"_monsterinsights_sitenote_note":"","_monsterinsights_sitenote_category":0},"product_brand":[],"product_cat":[2356,17976],"product_tag":[15941,15893,18037],"class_list":{"0":"post-49775","1":"product","2":"type-product","3":"status-publish","4":"has-post-thumbnail","6":"product_cat-nebbiolo-de","7":"product_cat-roseweine","8":"product_tag-nebbiolo-de","9":"product_tag-piemonte-de","10":"product_tag-rose-de","11":"pa_appellation-rose-docg-de","12":"pa_formato-0-75-l-flasche-de","13":"pa_producer-giacomo-conterno-de","14":"pa_region-piemont-de","15":"pa_vine-100-nebbiolo-de","16":"pa_vintage-18409","18":"first","19":"instock","20":"taxable","21":"shipping-taxable","22":"purchasable","23":"product-type-simple"},"bundled_by":[],"bundle_stock_status":"instock","bundle_stock_quantity":30,"bundle_virtual":false,"bundle_layout":"","bundle_add_to_cart_form_location":"","bundle_editable_in_cart":false,"bundle_sold_individually_context":"","bundle_item_grouping":"","bundle_min_size":"","bundle_max_size":"","bundle_price":[],"bundled_items":[],"bundle_sell_ids":[],"yoast_head":"<!-- This site is optimized with the Yoast SEO plugin v27.3 - https:\/\/yoast.com\/product\/yoast-seo-wordpress\/ -->\n<title>Kaufen Sie NERVI CONTERNO Rosato 2025<\/title>\n<meta name=\"description\" content=\"Kaufen Sie NERVI CONTERNO Rosato 2025 online bei FonsVinum, einen Wein mit einer Rests\u00fc\u00dfe, die ihn angenehm frisch macht...\" \/>\n<meta name=\"robots\" content=\"index, follow, max-snippet:-1, max-image-preview:large, max-video-preview:-1\" \/>\n<link rel=\"canonical\" href=\"https:\/\/fonsvinum.com\/de\/produkt\/nervi-conterno-rosato-2025\/\" \/>\n<meta property=\"og:locale\" content=\"de_DE\" \/>\n<meta property=\"og:type\" content=\"article\" \/>\n<meta property=\"og:title\" content=\"Kaufen Sie NERVI CONTERNO Rosato 2025\" \/>\n<meta property=\"og:description\" content=\"Kaufen Sie NERVI CONTERNO Rosato 2025 online bei FonsVinum, einen Wein mit einer Rests\u00fc\u00dfe, die ihn angenehm frisch macht...\" \/>\n<meta property=\"og:url\" content=\"https:\/\/fonsvinum.com\/de\/produkt\/nervi-conterno-rosato-2025\/\" \/>\n<meta property=\"og:site_name\" content=\"Fons Vinum\" \/>\n<meta property=\"article:modified_time\" content=\"2026-05-07T08:29:18+00:00\" \/>\n<meta property=\"og:image\" content=\"https:\/\/fonsvinum.com\/files\/2021\/07\/nervi-conterno-rosato.jpg\" \/>\n\t<meta property=\"og:image:width\" content=\"200\" \/>\n\t<meta property=\"og:image:height\" content=\"600\" \/>\n\t<meta property=\"og:image:type\" content=\"image\/jpeg\" \/>\n<meta name=\"twitter:label1\" content=\"Gesch\u00e4tzte Lesezeit\" \/>\n\t<meta name=\"twitter:data1\" content=\"2\u00a0Minuten\" \/>\n<script type=\"application\/ld+json\" class=\"yoast-schema-graph\">{\"@context\":\"https:\\\/\\\/schema.org\",\"@graph\":[{\"@type\":\"WebPage\",\"@id\":\"https:\\\/\\\/fonsvinum.com\\\/de\\\/produkt\\\/nervi-conterno-rosato-2025\\\/\",\"url\":\"https:\\\/\\\/fonsvinum.com\\\/de\\\/produkt\\\/nervi-conterno-rosato-2025\\\/\",\"name\":\"Kaufen Sie NERVI CONTERNO Rosato 2025\",\"isPartOf\":{\"@id\":\"https:\\\/\\\/fonsvinum.com\\\/en\\\/#website\"},\"primaryImageOfPage\":{\"@id\":\"https:\\\/\\\/fonsvinum.com\\\/de\\\/produkt\\\/nervi-conterno-rosato-2025\\\/#primaryimage\"},\"image\":{\"@id\":\"https:\\\/\\\/fonsvinum.com\\\/de\\\/produkt\\\/nervi-conterno-rosato-2025\\\/#primaryimage\"},\"thumbnailUrl\":\"https:\\\/\\\/fonsvinum.com\\\/files\\\/2021\\\/07\\\/nervi-conterno-rosato.jpg\",\"datePublished\":\"2026-05-07T08:03:30+00:00\",\"dateModified\":\"2026-05-07T08:29:18+00:00\",\"description\":\"Kaufen Sie NERVI CONTERNO Rosato 2025 online bei FonsVinum, einen Wein mit einer Rests\u00fc\u00dfe, die ihn angenehm frisch macht...\",\"breadcrumb\":{\"@id\":\"https:\\\/\\\/fonsvinum.com\\\/de\\\/produkt\\\/nervi-conterno-rosato-2025\\\/#breadcrumb\"},\"inLanguage\":\"de\",\"potentialAction\":[{\"@type\":\"ReadAction\",\"target\":[\"https:\\\/\\\/fonsvinum.com\\\/de\\\/produkt\\\/nervi-conterno-rosato-2025\\\/\"]}]},{\"@type\":\"ImageObject\",\"inLanguage\":\"de\",\"@id\":\"https:\\\/\\\/fonsvinum.com\\\/de\\\/produkt\\\/nervi-conterno-rosato-2025\\\/#primaryimage\",\"url\":\"https:\\\/\\\/fonsvinum.com\\\/files\\\/2021\\\/07\\\/nervi-conterno-rosato.jpg\",\"contentUrl\":\"https:\\\/\\\/fonsvinum.com\\\/files\\\/2021\\\/07\\\/nervi-conterno-rosato.jpg\",\"width\":200,\"height\":600},{\"@type\":\"BreadcrumbList\",\"@id\":\"https:\\\/\\\/fonsvinum.com\\\/de\\\/produkt\\\/nervi-conterno-rosato-2025\\\/#breadcrumb\",\"itemListElement\":[{\"@type\":\"ListItem\",\"position\":1,\"name\":\"Startseite\",\"item\":\"https:\\\/\\\/fonsvinum.com\\\/de\\\/\"},{\"@type\":\"ListItem\",\"position\":2,\"name\":\"Shop\",\"item\":\"https:\\\/\\\/fonsvinum.com\\\/de\\\/shop\\\/\"},{\"@type\":\"ListItem\",\"position\":3,\"name\":\"NERVI CONTERNO Rosato 2025\"}]},{\"@type\":\"WebSite\",\"@id\":\"https:\\\/\\\/fonsvinum.com\\\/en\\\/#website\",\"url\":\"https:\\\/\\\/fonsvinum.com\\\/en\\\/\",\"name\":\"Fons Vinum\",\"description\":\"Vendita Vino Online\",\"publisher\":{\"@id\":\"https:\\\/\\\/fonsvinum.com\\\/en\\\/#organization\"},\"potentialAction\":[{\"@type\":\"SearchAction\",\"target\":{\"@type\":\"EntryPoint\",\"urlTemplate\":\"https:\\\/\\\/fonsvinum.com\\\/en\\\/?s={search_term_string}\"},\"query-input\":{\"@type\":\"PropertyValueSpecification\",\"valueRequired\":true,\"valueName\":\"search_term_string\"}}],\"inLanguage\":\"de\"},{\"@type\":\"Organization\",\"@id\":\"https:\\\/\\\/fonsvinum.com\\\/en\\\/#organization\",\"name\":\"Fons Vinum\",\"url\":\"https:\\\/\\\/fonsvinum.com\\\/en\\\/\",\"logo\":{\"@type\":\"ImageObject\",\"inLanguage\":\"de\",\"@id\":\"https:\\\/\\\/fonsvinum.com\\\/en\\\/#\\\/schema\\\/logo\\\/image\\\/\",\"url\":\"\",\"contentUrl\":\"\",\"caption\":\"Fons Vinum\"},\"image\":{\"@id\":\"https:\\\/\\\/fonsvinum.com\\\/en\\\/#\\\/schema\\\/logo\\\/image\\\/\"}}]}<\/script>\n<!-- \/ Yoast SEO plugin. -->","yoast_head_json":{"title":"Kaufen Sie NERVI CONTERNO Rosato 2025","description":"Kaufen Sie NERVI CONTERNO Rosato 2025 online bei FonsVinum, einen Wein mit einer Rests\u00fc\u00dfe, die ihn angenehm frisch macht...","robots":{"index":"index","follow":"follow","max-snippet":"max-snippet:-1","max-image-preview":"max-image-preview:large","max-video-preview":"max-video-preview:-1"},"canonical":"https:\/\/fonsvinum.com\/de\/produkt\/nervi-conterno-rosato-2025\/","og_locale":"de_DE","og_type":"article","og_title":"Kaufen Sie NERVI CONTERNO Rosato 2025","og_description":"Kaufen Sie NERVI CONTERNO Rosato 2025 online bei FonsVinum, einen Wein mit einer Rests\u00fc\u00dfe, die ihn angenehm frisch macht...","og_url":"https:\/\/fonsvinum.com\/de\/produkt\/nervi-conterno-rosato-2025\/","og_site_name":"Fons Vinum","article_modified_time":"2026-05-07T08:29:18+00:00","og_image":[{"width":200,"height":600,"url":"https:\/\/fonsvinum.com\/files\/2021\/07\/nervi-conterno-rosato.jpg","type":"image\/jpeg"}],"twitter_misc":{"Gesch\u00e4tzte Lesezeit":"2\u00a0Minuten"},"schema":{"@context":"https:\/\/schema.org","@graph":[{"@type":"WebPage","@id":"https:\/\/fonsvinum.com\/de\/produkt\/nervi-conterno-rosato-2025\/","url":"https:\/\/fonsvinum.com\/de\/produkt\/nervi-conterno-rosato-2025\/","name":"Kaufen Sie NERVI CONTERNO Rosato 2025","isPartOf":{"@id":"https:\/\/fonsvinum.com\/en\/#website"},"primaryImageOfPage":{"@id":"https:\/\/fonsvinum.com\/de\/produkt\/nervi-conterno-rosato-2025\/#primaryimage"},"image":{"@id":"https:\/\/fonsvinum.com\/de\/produkt\/nervi-conterno-rosato-2025\/#primaryimage"},"thumbnailUrl":"https:\/\/fonsvinum.com\/files\/2021\/07\/nervi-conterno-rosato.jpg","datePublished":"2026-05-07T08:03:30+00:00","dateModified":"2026-05-07T08:29:18+00:00","description":"Kaufen Sie NERVI CONTERNO Rosato 2025 online bei FonsVinum, einen Wein mit einer Rests\u00fc\u00dfe, die ihn angenehm frisch macht...","breadcrumb":{"@id":"https:\/\/fonsvinum.com\/de\/produkt\/nervi-conterno-rosato-2025\/#breadcrumb"},"inLanguage":"de","potentialAction":[{"@type":"ReadAction","target":["https:\/\/fonsvinum.com\/de\/produkt\/nervi-conterno-rosato-2025\/"]}]},{"@type":"ImageObject","inLanguage":"de","@id":"https:\/\/fonsvinum.com\/de\/produkt\/nervi-conterno-rosato-2025\/#primaryimage","url":"https:\/\/fonsvinum.com\/files\/2021\/07\/nervi-conterno-rosato.jpg","contentUrl":"https:\/\/fonsvinum.com\/files\/2021\/07\/nervi-conterno-rosato.jpg","width":200,"height":600},{"@type":"BreadcrumbList","@id":"https:\/\/fonsvinum.com\/de\/produkt\/nervi-conterno-rosato-2025\/#breadcrumb","itemListElement":[{"@type":"ListItem","position":1,"name":"Startseite","item":"https:\/\/fonsvinum.com\/de\/"},{"@type":"ListItem","position":2,"name":"Shop","item":"https:\/\/fonsvinum.com\/de\/shop\/"},{"@type":"ListItem","position":3,"name":"NERVI CONTERNO Rosato 2025"}]},{"@type":"WebSite","@id":"https:\/\/fonsvinum.com\/en\/#website","url":"https:\/\/fonsvinum.com\/en\/","name":"Fons Vinum","description":"Vendita Vino Online","publisher":{"@id":"https:\/\/fonsvinum.com\/en\/#organization"},"potentialAction":[{"@type":"SearchAction","target":{"@type":"EntryPoint","urlTemplate":"https:\/\/fonsvinum.com\/en\/?s={search_term_string}"},"query-input":{"@type":"PropertyValueSpecification","valueRequired":true,"valueName":"search_term_string"}}],"inLanguage":"de"},{"@type":"Organization","@id":"https:\/\/fonsvinum.com\/en\/#organization","name":"Fons Vinum","url":"https:\/\/fonsvinum.com\/en\/","logo":{"@type":"ImageObject","inLanguage":"de","@id":"https:\/\/fonsvinum.com\/en\/#\/schema\/logo\/image\/","url":"","contentUrl":"","caption":"Fons Vinum"},"image":{"@id":"https:\/\/fonsvinum.com\/en\/#\/schema\/logo\/image\/"}}]}},"acf":[],"_links":{"self":[{"href":"https:\/\/fonsvinum.com\/de\/wp-json\/wp\/v2\/product\/49775","targetHints":{"allow":["GET"]}}],"collection":[{"href":"https:\/\/fonsvinum.com\/de\/wp-json\/wp\/v2\/product"}],"about":[{"href":"https:\/\/fonsvinum.com\/de\/wp-json\/wp\/v2\/types\/product"}],"replies":[{"embeddable":true,"href":"https:\/\/fonsvinum.com\/de\/wp-json\/wp\/v2\/comments?post=49775"}],"wp:featuredmedia":[{"embeddable":true,"href":"https:\/\/fonsvinum.com\/de\/wp-json\/wp\/v2\/media\/34477"}],"wp:attachment":[{"href":"https:\/\/fonsvinum.com\/de\/wp-json\/wp\/v2\/media?parent=49775"}],"wp:term":[{"taxonomy":"product_brand","embeddable":true,"href":"https:\/\/fonsvinum.com\/de\/wp-json\/wp\/v2\/product_brand?post=49775"},{"taxonomy":"product_cat","embeddable":true,"href":"https:\/\/fonsvinum.com\/de\/wp-json\/wp\/v2\/product_cat?post=49775"},{"taxonomy":"product_tag","embeddable":true,"href":"https:\/\/fonsvinum.com\/de\/wp-json\/wp\/v2\/product_tag?post=49775"}],"curies":[{"name":"wp","href":"https:\/\/api.w.org\/{rel}","templated":true}]}}