{"id":49769,"date":"2026-05-07T07:33:25","date_gmt":"2026-05-07T05:33:25","guid":{"rendered":"https:\/\/fonsvinum.com\/?post_type=product&#038;p=49769"},"modified":"2026-05-07T07:44:51","modified_gmt":"2026-05-07T05:44:51","slug":"poderi-colla-tenuta-roncaglia-barbaresco-roncaglie-2021","status":"publish","type":"product","link":"https:\/\/fonsvinum.com\/de\/produkt\/poderi-colla-tenuta-roncaglia-barbaresco-roncaglie-2021\/","title":{"rendered":"PODERI COLLA Tenuta Roncaglia Barbaresco Roncaglie 2021"},"content":{"rendered":"<h1>PODERI COLLA Tenuta Roncaglia <a href=\"https:\/\/fonsvinum.com\/de\/produkt-kategorie\/rotweine-de\/barbaresco-de\/\">Barbaresco<\/a> Roncaglie 2021<\/h1>\n<h3><a href=\"https:\/\/fonsvinum.com\/de\/attributes\/region\/piemont-de\/\">Barbaresco<\/a> Poderi Colla Tenuta Roncaglie 2021<\/h3>\n<p>Der Barbaresco Roncaglie stellt eine der ersten echten Crus des Barbaresco dar, die in der pragmatischen b\u00e4uerlichen Geschichte als eine der am besten f\u00fcr die Erzeugung von Barbaresco geeigneten Lagen anerkannt ist.<\/p>\n<p>Im s\u00fcdlichen Teil der <strong>Gemeinde Barbaresco<\/strong> gelegen, galt Roncaglie schon immer als ein Gebiet mit hoher Berufung, das zu den wichtigsten und qualifiziertesten f\u00fcr die Erzeugung gro\u00dfer Barbarescos z\u00e4hlt.<\/p>\n<p>Der \u201eklassische\u201c Barbaresco wie aus dem Bilderbuch, ideal um die Zug\u00e4nglichkeit des Barbaresco in seinen ersten Jahren im Vergleich zur Strenge eines Barolo zu verstehen. <strong>Fein und weit gef\u00e4chert in der Nase,<\/strong> voller <strong>Kirschen und Waldbeerkonfit\u00fcre,<\/strong> Himbeerbonbons, s\u00fc\u00dfen Gew\u00fcrzen, Vanille und mineralischen Noten. Am Gaumen ausgewogen und von gro\u00dfer Klasse, mit hervorragender Tanninfeinheit, verf\u00fcgt er \u00fcber ein perfektes <strong>S\u00e4ure-Salz-Verh\u00e4ltnis<\/strong> und eine unendliche Nachhaltigkeit \u2013 jung zu genie\u00dfen, aber mit einer <strong>Struktur f\u00fcr extrem lange Lagerung.<\/strong><\/p>\n<p>Die Geschichte schreibt den Trauben dieses Weinguts einen h\u00f6heren Wert zu als denen anderer Parzellen. Der Grund liegt in der besonderen Eignung der Lagen, jedes Jahr ausgewogene und perfekte Trauben hervorzubringen, die einen Barbaresco erm\u00f6glichen, der genau jene Eleganz und Harmonie verk\u00f6rpert, die diesen Wein auszeichnen.<\/p>\n<h2 class=\"brand__banner__content--title\"><a href=\"https:\/\/www.podericolla.it\/\">Poderi Colla<\/a><\/h2>\n<div class=\"brand__banner__content--paragraphs first-paragraph\">\n<p>Die Geschichte der Familie Colla ist tief mit der des piemontesischen Weins verwoben. Sie beginnt mit Dokumenten aus dem fr\u00fchen 18. Jahrhundert, als sie <strong>in Santo Stefano Belbo<\/strong> \u201ebottelli di rosatello\u201c und \u201ebrente di vino Negro\u201c verkauften, und reicht bis in die j\u00fcngere Zeit mit Beppe Colla, der 1956 die Firma Prunotto in Alba \u00fcbernahm und sie zu einem Unternehmen machte, das weltweit als Synonym f\u00fcr <strong>h\u00f6chste Qualit\u00e4t bekannt ist.<\/strong> Mit au\u00dfergew\u00f6hnlichem Gaumen sowie scharfem und innovativem Verstand experimentierte und erzeugte er nicht nur herausragende Weine, sondern setzte sich auch mit Hingabe und Uneigenn\u00fctzigkeit f\u00fcr die Region ein. Als Erster in der Langa begann er 1961, die Trauben der besten Lagen separat zu vinifizieren und den Namen des Anbaugebiets auf dem Etikett anzugeben, womit er das <strong>Konzept des Cru<\/strong> einf\u00fchrte.<\/p>\n<\/div>\n<h3><span style=\"font-size: 16px\">Verkostungsnotizen<\/span><\/h3>\n<p><span style=\"font-size: 16px\"> PODERI COLLA Tenuta Roncaglia Barbaresco Roncaglie 2021. Tiefes Granatrot, \u00fcberschw\u00e4ngliche und komplexe Aromen von Brombeeren, Gew\u00fcrzen, Unterholz, Hagebutte und Veilchen. Ein \u201eklassischer\u201c Barbaresco mit der Eleganz der Cru Roncaglie: im Mund reichhaltig, einh\u00fcllend und intensiv. Pers\u00f6nlichkeit und Genuss mit einem sehr langen Abgang von samtigen Tanninen und gro\u00dfem Alterungspotenzial. Er ist ein hervorragender Speisebegleiter und passt am besten zu rotem Fleisch und Federwild. <\/span><\/p>\n<h3><strong>Vinifikation<\/strong><\/h3>\n<p>Manuelle Lese, Entrappen, Pressen, Maischeg\u00e4rung f\u00fcr 12 bis 15 Tage bei einer maximalen Temperatur von ca. 30 \u00b0C, vollst\u00e4ndiger biologischer S\u00e4ureabbau vor dem Winter. Im Fr\u00fchjahr erfolgt der Ausbau in F\u00e4ssern aus slawonischer Eiche f\u00fcr einen Zeitraum von 12 bis 14 Monaten.<\/p>\n<p><strong>Serviertemperatur<\/strong>: 15\u201317 \u00b0C. Sehr gro\u00dfes Glas<\/p>\n","protected":false},"excerpt":{"rendered":"<p>PODERI COLLA Tenuta Roncaglia Barbaresco Roncaglie 2021 Barbaresco Poderi Colla Tenuta Roncaglie 2021 Der Barbaresco Roncaglie stellt eine der ersten echten Crus des Barbaresco dar, die in der pragmatischen b\u00e4uerlichen Geschichte als eine der am besten f\u00fcr die Erzeugung von Barbaresco geeigneten Lagen anerkannt ist. Im s\u00fcdlichen Teil der Gemeinde Barbaresco gelegen, galt Roncaglie schon [&hellip;]<\/p>\n","protected":false},"featured_media":39713,"comment_status":"open","ping_status":"closed","template":"","meta":{"_acf_changed":false,"_monsterinsights_skip_tracking":false,"_monsterinsights_sitenote_active":false,"_monsterinsights_sitenote_note":"","_monsterinsights_sitenote_category":0},"product_brand":[],"product_cat":[1773],"product_tag":[1751,15895],"class_list":{"0":"post-49769","1":"product","2":"type-product","3":"status-publish","4":"has-post-thumbnail","6":"product_cat-barbaresco-de","7":"product_tag-aussergewoehnliche-weine-aus-italien-de","8":"product_tag-barbaresco-de-2","9":"pa_appellation-barbaresco-docg-de","10":"pa_formato-0-75-l-flasche-de","11":"pa_producer-poderi-colla","12":"pa_region-piemont-de","13":"pa_vine-100-nebbiolo-de","14":"pa_vintage-18393","16":"first","17":"instock","18":"taxable","19":"shipping-taxable","20":"purchasable","21":"product-type-simple"},"bundled_by":[],"bundle_stock_status":"instock","bundle_stock_quantity":9,"bundle_virtual":false,"bundle_layout":"","bundle_add_to_cart_form_location":"","bundle_editable_in_cart":false,"bundle_sold_individually_context":"","bundle_item_grouping":"","bundle_min_size":"","bundle_max_size":"","bundle_price":[],"bundled_items":[],"bundle_sell_ids":[],"yoast_head":"<!-- This site is optimized with the Yoast SEO plugin v27.3 - https:\/\/yoast.com\/product\/yoast-seo-wordpress\/ -->\n<title>PODERI COLLA Tenuta Roncaglia Barbaresco Roncaglie 2021<\/title>\n<meta name=\"description\" content=\"PODERI COLLA Tenuta Roncaglia Barbaresco Roncaglie 2021, kaufen Sie edle Weine online bei Fons Vinum \u2013 ab 6 Flaschen ist der Versand kostenlos!\" \/>\n<meta name=\"robots\" content=\"index, follow, max-snippet:-1, max-image-preview:large, max-video-preview:-1\" \/>\n<link rel=\"canonical\" href=\"https:\/\/fonsvinum.com\/de\/produkt\/poderi-colla-tenuta-roncaglia-barbaresco-roncaglie-2021\/\" \/>\n<meta property=\"og:locale\" content=\"de_DE\" \/>\n<meta property=\"og:type\" content=\"article\" \/>\n<meta property=\"og:title\" content=\"PODERI COLLA Tenuta Roncaglia Barbaresco Roncaglie 2021\" \/>\n<meta property=\"og:description\" content=\"PODERI COLLA Tenuta Roncaglia Barbaresco Roncaglie 2021, kaufen Sie edle Weine online bei Fons Vinum \u2013 ab 6 Flaschen ist der Versand kostenlos!\" \/>\n<meta property=\"og:url\" content=\"https:\/\/fonsvinum.com\/de\/produkt\/poderi-colla-tenuta-roncaglia-barbaresco-roncaglie-2021\/\" \/>\n<meta property=\"og:site_name\" content=\"Fons Vinum\" \/>\n<meta property=\"article:modified_time\" content=\"2026-05-07T05:44:51+00:00\" \/>\n<meta property=\"og:image\" content=\"https:\/\/fonsvinum.com\/files\/2023\/02\/poderi-colla-barbaresco-roncaglie-2019.png\" \/>\n\t<meta property=\"og:image:width\" content=\"200\" \/>\n\t<meta property=\"og:image:height\" content=\"600\" \/>\n\t<meta property=\"og:image:type\" content=\"image\/png\" \/>\n<meta name=\"twitter:label1\" content=\"Gesch\u00e4tzte Lesezeit\" \/>\n\t<meta name=\"twitter:data1\" content=\"3\u00a0Minuten\" \/>\n<script type=\"application\/ld+json\" class=\"yoast-schema-graph\">{\"@context\":\"https:\\\/\\\/schema.org\",\"@graph\":[{\"@type\":\"WebPage\",\"@id\":\"https:\\\/\\\/fonsvinum.com\\\/de\\\/produkt\\\/poderi-colla-tenuta-roncaglia-barbaresco-roncaglie-2021\\\/\",\"url\":\"https:\\\/\\\/fonsvinum.com\\\/de\\\/produkt\\\/poderi-colla-tenuta-roncaglia-barbaresco-roncaglie-2021\\\/\",\"name\":\"PODERI COLLA Tenuta Roncaglia Barbaresco Roncaglie 2021\",\"isPartOf\":{\"@id\":\"https:\\\/\\\/fonsvinum.com\\\/en\\\/#website\"},\"primaryImageOfPage\":{\"@id\":\"https:\\\/\\\/fonsvinum.com\\\/de\\\/produkt\\\/poderi-colla-tenuta-roncaglia-barbaresco-roncaglie-2021\\\/#primaryimage\"},\"image\":{\"@id\":\"https:\\\/\\\/fonsvinum.com\\\/de\\\/produkt\\\/poderi-colla-tenuta-roncaglia-barbaresco-roncaglie-2021\\\/#primaryimage\"},\"thumbnailUrl\":\"https:\\\/\\\/fonsvinum.com\\\/files\\\/2023\\\/02\\\/poderi-colla-barbaresco-roncaglie-2019.png\",\"datePublished\":\"2026-05-07T05:33:25+00:00\",\"dateModified\":\"2026-05-07T05:44:51+00:00\",\"description\":\"PODERI COLLA Tenuta Roncaglia Barbaresco Roncaglie 2021, kaufen Sie edle Weine online bei Fons Vinum \u2013 ab 6 Flaschen ist der Versand kostenlos!\",\"breadcrumb\":{\"@id\":\"https:\\\/\\\/fonsvinum.com\\\/de\\\/produkt\\\/poderi-colla-tenuta-roncaglia-barbaresco-roncaglie-2021\\\/#breadcrumb\"},\"inLanguage\":\"de\",\"potentialAction\":[{\"@type\":\"ReadAction\",\"target\":[\"https:\\\/\\\/fonsvinum.com\\\/de\\\/produkt\\\/poderi-colla-tenuta-roncaglia-barbaresco-roncaglie-2021\\\/\"]}]},{\"@type\":\"ImageObject\",\"inLanguage\":\"de\",\"@id\":\"https:\\\/\\\/fonsvinum.com\\\/de\\\/produkt\\\/poderi-colla-tenuta-roncaglia-barbaresco-roncaglie-2021\\\/#primaryimage\",\"url\":\"https:\\\/\\\/fonsvinum.com\\\/files\\\/2023\\\/02\\\/poderi-colla-barbaresco-roncaglie-2019.png\",\"contentUrl\":\"https:\\\/\\\/fonsvinum.com\\\/files\\\/2023\\\/02\\\/poderi-colla-barbaresco-roncaglie-2019.png\",\"width\":200,\"height\":600},{\"@type\":\"BreadcrumbList\",\"@id\":\"https:\\\/\\\/fonsvinum.com\\\/de\\\/produkt\\\/poderi-colla-tenuta-roncaglia-barbaresco-roncaglie-2021\\\/#breadcrumb\",\"itemListElement\":[{\"@type\":\"ListItem\",\"position\":1,\"name\":\"Startseite\",\"item\":\"https:\\\/\\\/fonsvinum.com\\\/de\\\/\"},{\"@type\":\"ListItem\",\"position\":2,\"name\":\"Shop\",\"item\":\"https:\\\/\\\/fonsvinum.com\\\/de\\\/shop\\\/\"},{\"@type\":\"ListItem\",\"position\":3,\"name\":\"PODERI COLLA Tenuta Roncaglia Barbaresco Roncaglie 2021\"}]},{\"@type\":\"WebSite\",\"@id\":\"https:\\\/\\\/fonsvinum.com\\\/en\\\/#website\",\"url\":\"https:\\\/\\\/fonsvinum.com\\\/en\\\/\",\"name\":\"Fons Vinum\",\"description\":\"Vendita Vino Online\",\"publisher\":{\"@id\":\"https:\\\/\\\/fonsvinum.com\\\/en\\\/#organization\"},\"potentialAction\":[{\"@type\":\"SearchAction\",\"target\":{\"@type\":\"EntryPoint\",\"urlTemplate\":\"https:\\\/\\\/fonsvinum.com\\\/en\\\/?s={search_term_string}\"},\"query-input\":{\"@type\":\"PropertyValueSpecification\",\"valueRequired\":true,\"valueName\":\"search_term_string\"}}],\"inLanguage\":\"de\"},{\"@type\":\"Organization\",\"@id\":\"https:\\\/\\\/fonsvinum.com\\\/en\\\/#organization\",\"name\":\"Fons Vinum\",\"url\":\"https:\\\/\\\/fonsvinum.com\\\/en\\\/\",\"logo\":{\"@type\":\"ImageObject\",\"inLanguage\":\"de\",\"@id\":\"https:\\\/\\\/fonsvinum.com\\\/en\\\/#\\\/schema\\\/logo\\\/image\\\/\",\"url\":\"\",\"contentUrl\":\"\",\"caption\":\"Fons Vinum\"},\"image\":{\"@id\":\"https:\\\/\\\/fonsvinum.com\\\/en\\\/#\\\/schema\\\/logo\\\/image\\\/\"}}]}<\/script>\n<!-- \/ Yoast SEO plugin. -->","yoast_head_json":{"title":"PODERI COLLA Tenuta Roncaglia Barbaresco Roncaglie 2021","description":"PODERI COLLA Tenuta Roncaglia Barbaresco Roncaglie 2021, kaufen Sie edle Weine online bei Fons Vinum \u2013 ab 6 Flaschen ist der Versand kostenlos!","robots":{"index":"index","follow":"follow","max-snippet":"max-snippet:-1","max-image-preview":"max-image-preview:large","max-video-preview":"max-video-preview:-1"},"canonical":"https:\/\/fonsvinum.com\/de\/produkt\/poderi-colla-tenuta-roncaglia-barbaresco-roncaglie-2021\/","og_locale":"de_DE","og_type":"article","og_title":"PODERI COLLA Tenuta Roncaglia Barbaresco Roncaglie 2021","og_description":"PODERI COLLA Tenuta Roncaglia Barbaresco Roncaglie 2021, kaufen Sie edle Weine online bei Fons Vinum \u2013 ab 6 Flaschen ist der Versand kostenlos!","og_url":"https:\/\/fonsvinum.com\/de\/produkt\/poderi-colla-tenuta-roncaglia-barbaresco-roncaglie-2021\/","og_site_name":"Fons Vinum","article_modified_time":"2026-05-07T05:44:51+00:00","og_image":[{"width":200,"height":600,"url":"https:\/\/fonsvinum.com\/files\/2023\/02\/poderi-colla-barbaresco-roncaglie-2019.png","type":"image\/png"}],"twitter_misc":{"Gesch\u00e4tzte Lesezeit":"3\u00a0Minuten"},"schema":{"@context":"https:\/\/schema.org","@graph":[{"@type":"WebPage","@id":"https:\/\/fonsvinum.com\/de\/produkt\/poderi-colla-tenuta-roncaglia-barbaresco-roncaglie-2021\/","url":"https:\/\/fonsvinum.com\/de\/produkt\/poderi-colla-tenuta-roncaglia-barbaresco-roncaglie-2021\/","name":"PODERI COLLA Tenuta Roncaglia Barbaresco Roncaglie 2021","isPartOf":{"@id":"https:\/\/fonsvinum.com\/en\/#website"},"primaryImageOfPage":{"@id":"https:\/\/fonsvinum.com\/de\/produkt\/poderi-colla-tenuta-roncaglia-barbaresco-roncaglie-2021\/#primaryimage"},"image":{"@id":"https:\/\/fonsvinum.com\/de\/produkt\/poderi-colla-tenuta-roncaglia-barbaresco-roncaglie-2021\/#primaryimage"},"thumbnailUrl":"https:\/\/fonsvinum.com\/files\/2023\/02\/poderi-colla-barbaresco-roncaglie-2019.png","datePublished":"2026-05-07T05:33:25+00:00","dateModified":"2026-05-07T05:44:51+00:00","description":"PODERI COLLA Tenuta Roncaglia Barbaresco Roncaglie 2021, kaufen Sie edle Weine online bei Fons Vinum \u2013 ab 6 Flaschen ist der Versand kostenlos!","breadcrumb":{"@id":"https:\/\/fonsvinum.com\/de\/produkt\/poderi-colla-tenuta-roncaglia-barbaresco-roncaglie-2021\/#breadcrumb"},"inLanguage":"de","potentialAction":[{"@type":"ReadAction","target":["https:\/\/fonsvinum.com\/de\/produkt\/poderi-colla-tenuta-roncaglia-barbaresco-roncaglie-2021\/"]}]},{"@type":"ImageObject","inLanguage":"de","@id":"https:\/\/fonsvinum.com\/de\/produkt\/poderi-colla-tenuta-roncaglia-barbaresco-roncaglie-2021\/#primaryimage","url":"https:\/\/fonsvinum.com\/files\/2023\/02\/poderi-colla-barbaresco-roncaglie-2019.png","contentUrl":"https:\/\/fonsvinum.com\/files\/2023\/02\/poderi-colla-barbaresco-roncaglie-2019.png","width":200,"height":600},{"@type":"BreadcrumbList","@id":"https:\/\/fonsvinum.com\/de\/produkt\/poderi-colla-tenuta-roncaglia-barbaresco-roncaglie-2021\/#breadcrumb","itemListElement":[{"@type":"ListItem","position":1,"name":"Startseite","item":"https:\/\/fonsvinum.com\/de\/"},{"@type":"ListItem","position":2,"name":"Shop","item":"https:\/\/fonsvinum.com\/de\/shop\/"},{"@type":"ListItem","position":3,"name":"PODERI COLLA Tenuta Roncaglia Barbaresco Roncaglie 2021"}]},{"@type":"WebSite","@id":"https:\/\/fonsvinum.com\/en\/#website","url":"https:\/\/fonsvinum.com\/en\/","name":"Fons Vinum","description":"Vendita Vino Online","publisher":{"@id":"https:\/\/fonsvinum.com\/en\/#organization"},"potentialAction":[{"@type":"SearchAction","target":{"@type":"EntryPoint","urlTemplate":"https:\/\/fonsvinum.com\/en\/?s={search_term_string}"},"query-input":{"@type":"PropertyValueSpecification","valueRequired":true,"valueName":"search_term_string"}}],"inLanguage":"de"},{"@type":"Organization","@id":"https:\/\/fonsvinum.com\/en\/#organization","name":"Fons Vinum","url":"https:\/\/fonsvinum.com\/en\/","logo":{"@type":"ImageObject","inLanguage":"de","@id":"https:\/\/fonsvinum.com\/en\/#\/schema\/logo\/image\/","url":"","contentUrl":"","caption":"Fons Vinum"},"image":{"@id":"https:\/\/fonsvinum.com\/en\/#\/schema\/logo\/image\/"}}]}},"acf":[],"_links":{"self":[{"href":"https:\/\/fonsvinum.com\/de\/wp-json\/wp\/v2\/product\/49769","targetHints":{"allow":["GET"]}}],"collection":[{"href":"https:\/\/fonsvinum.com\/de\/wp-json\/wp\/v2\/product"}],"about":[{"href":"https:\/\/fonsvinum.com\/de\/wp-json\/wp\/v2\/types\/product"}],"replies":[{"embeddable":true,"href":"https:\/\/fonsvinum.com\/de\/wp-json\/wp\/v2\/comments?post=49769"}],"wp:featuredmedia":[{"embeddable":true,"href":"https:\/\/fonsvinum.com\/de\/wp-json\/wp\/v2\/media\/39713"}],"wp:attachment":[{"href":"https:\/\/fonsvinum.com\/de\/wp-json\/wp\/v2\/media?parent=49769"}],"wp:term":[{"taxonomy":"product_brand","embeddable":true,"href":"https:\/\/fonsvinum.com\/de\/wp-json\/wp\/v2\/product_brand?post=49769"},{"taxonomy":"product_cat","embeddable":true,"href":"https:\/\/fonsvinum.com\/de\/wp-json\/wp\/v2\/product_cat?post=49769"},{"taxonomy":"product_tag","embeddable":true,"href":"https:\/\/fonsvinum.com\/de\/wp-json\/wp\/v2\/product_tag?post=49769"}],"curies":[{"name":"wp","href":"https:\/\/api.w.org\/{rel}","templated":true}]}}