{"id":49734,"date":"2026-04-29T10:31:58","date_gmt":"2026-04-29T08:31:58","guid":{"rendered":"https:\/\/fonsvinum.com\/?post_type=product&#038;p=49734"},"modified":"2026-04-29T15:30:45","modified_gmt":"2026-04-29T13:30:45","slug":"cordero-di-montezemolo-monfalletto-barolo-2022","status":"publish","type":"product","link":"https:\/\/fonsvinum.com\/de\/produkt\/cordero-di-montezemolo-monfalletto-barolo-2022\/","title":{"rendered":"CORDERO DI MONTEZEMOLO Monfalletto Barolo 2022"},"content":{"rendered":"<h1><a href=\"https:\/\/fonsvinum.com\/?s=CORDERO+DI+MONTEZEMOLO&amp;post_type=product\">CORDERO DI MONTEZEMOLO<\/a> Monfalletto <a href=\"https:\/\/fonsvinum.com\/?s=Barolo&amp;post_type=product\">Barolo<\/a> 2022<\/h1>\n<h2>CORDERO DI MONTEZEMOLO<\/h2>\n<p>Das Weingut Monfalletto blickt auf eine \u00fcber sechshundertj\u00e4hrige Geschichte zur\u00fcck.<\/p>\n<p>Einst im Besitz der Adelsfamilie Falletti, geh\u00f6rt es heute Giovanni Cordero di Montezemolo und seiner Familie.<\/p>\n<p>Die Kellerei befindet sich in der fabelhaften Region Langhe, im Herzen des Barolo-Gebiets, das f\u00fcr die Erzeugung jener Weine bekannt ist, die das Piemont weltweit ber\u00fchmt gemacht haben.<\/p>\n<p>Die kontinuierliche Forschung und das Experimentieren mit modernen Weinbereitungstechniken sowie der Respekt vor der Umwelt und der Artenvielfalt der Region sind die Werte, die diesen Betrieb best\u00e4ndig leiten.<\/p>\n<p>Die Weine von Cordero di Montezemolo wurden im Laufe der Jahre in die ganze Welt exportiert und gesch\u00e4tzt. Sie repr\u00e4sentieren perfekt die Realit\u00e4t des Barolo-Gebiets.<\/p>\n<h2><a href=\"https:\/\/fonsvinum.com\/?s=monfalletto&amp;post_type=product\">BAROLO MONFALLETTO<\/a> BIOLOGISCH 2022<\/h2>\n<p>Der gro\u00dfe Wein, den viele als Kunstwerk bezeichnen, ist dennoch ein Werk der Natur, ein Werk der Sonne, des Klimas und des Bodens.<\/p>\n<p>Mit diesen Worten lie\u00dfe sich die vollst\u00e4ndige Definition des Barolo geben \u2013 ein einzigartiger und unnachahmlicher Wein, der in den Langhe sein ideales Terroir findet.<\/p>\n<p>Ein wahres Juwel, das Kraft und Anmut zugleich vereint, mit exquisiten und komplexen geschmacklich-olfaktorischen Empfindungen, die wahrhaft einzigartig sind.<\/p>\n<h3>\u2013 Sensorische Noten und Infos \u2013<\/h3>\n<p><strong>Vinifikation<\/strong><\/p>\n<p>Jeder Weinberg mit einheitlichen Merkmalen (Lage, Alter, Boden, Pflanzabstand, Klone \u2026) wird separat geerntet und vinifiziert.<br \/>\nDie gesamte Mazeration von 4 bis 5 Tagen erfolgt in Edelstahltanks, ebenso wie der Abschluss der G\u00e4rung f\u00fcr die folgenden 10 bis 12 Tage. Der Wein wird dann in F\u00e4sser verschiedener Gr\u00f6\u00dfe und Art umgef\u00fcllt, wo die malolaktische G\u00e4rung stattfindet.<\/p>\n<p><strong>Ausbau<\/strong><\/p>\n<p>Alle verschiedenen Partien durchlaufen eine Ausbauzeit in verschiedenen Holzarten, franz\u00f6sischer Eiche und slawonischer Eiche, f\u00fcr einen Zeitraum zwischen 18 und 24 Monaten, wonach die endg\u00fcltige Assemblage und die Abf\u00fcllung erfolgen. Nach einem Jahr sind die Flaschen bereit f\u00fcr den Verkauf.<\/p>\n<p><strong>Organoleptische Eigenschaften<\/strong><\/p>\n<p>Intensives Granatrot; in der Nase zeigen sich perfekt vermischte florale und w\u00fcrzige Noten: Tabak, in Alkohol eingelegte Kirschen, Kakao und frische Himbeeren treten hervor; am Gaumen pr\u00e4sentiert er sich reichhaltig, vollmundig und elegant.<\/p>\n<p><strong>Lagerf\u00e4higkeit des Weins<\/strong><\/p>\n<p>Ein langlebiger Wein, der langsam und stetig in der Flasche reift.<br \/>\nGro\u00dfartige Ausdruckskraft auch nach mehreren Jahrzehnten. Ewig.<\/p>\n<p><strong>Gastronomische Kombinationen<\/strong><\/p>\n<p>Ein aristokratischer Wein, der seine ideale Verbindung mit Wildbret und Federwild findet: Hasenpfeffer, Schmorbraten vom Rind, G\u00e4mse, Rehr\u00fccken, Wildschwein, Hirsch und Rebh\u00fchner.<br \/>\nHervorragend zu Gerichten mit wei\u00dfem Tr\u00fcffel aus Alba: Distelkuchen mit Fonduta und Enten-Ravioli.<\/p>\n","protected":false},"excerpt":{"rendered":"<p>CORDERO DI MONTEZEMOLO Monfalletto Barolo 2022 CORDERO DI MONTEZEMOLO Das Weingut Monfalletto blickt auf eine \u00fcber sechshundertj\u00e4hrige Geschichte zur\u00fcck. Einst im Besitz der Adelsfamilie Falletti, geh\u00f6rt es heute Giovanni Cordero di Montezemolo und seiner Familie. Die Kellerei befindet sich in der fabelhaften Region Langhe, im Herzen des Barolo-Gebiets, das f\u00fcr die Erzeugung jener Weine bekannt [&hellip;]<\/p>\n","protected":false},"featured_media":6148,"comment_status":"open","ping_status":"closed","template":"","meta":{"_acf_changed":false,"_monsterinsights_skip_tracking":false,"_monsterinsights_sitenote_active":false,"_monsterinsights_sitenote_note":"","_monsterinsights_sitenote_category":0},"product_brand":[],"product_cat":[1824,2332],"product_tag":[15903,15893],"class_list":{"0":"post-49734","1":"product","2":"type-product","3":"status-publish","4":"has-post-thumbnail","6":"product_cat-barolo-de","7":"product_cat-rotweine-de","8":"product_tag-barolo-de","9":"product_tag-piemonte-de","10":"pa_appellation-barolo-docg-de","11":"pa_formato-0-75-l-flasche-de","12":"pa_producer-cordero-di-montezemolo-de","13":"pa_region-piemont-de","14":"pa_vine-100-nebbiolo-de","15":"pa_vintage-18397","17":"first","18":"instock","19":"taxable","20":"shipping-taxable","21":"purchasable","22":"product-type-simple"},"bundled_by":[],"bundle_stock_status":"instock","bundle_stock_quantity":5,"bundle_virtual":false,"bundle_layout":"","bundle_add_to_cart_form_location":"","bundle_editable_in_cart":false,"bundle_sold_individually_context":"","bundle_item_grouping":"","bundle_min_size":"","bundle_max_size":"","bundle_price":[],"bundled_items":[],"bundle_sell_ids":[],"yoast_head":"<!-- This site is optimized with the Yoast SEO plugin v27.3 - https:\/\/yoast.com\/product\/yoast-seo-wordpress\/ -->\n<title>CORDERO DI MONTEZEMOLO Barolo Monfalletto 2022<\/title>\n<meta name=\"description\" content=\"CORDERO DI MONTEZEMOLO Barolo Monfalletto 2022 \u2013 Viele nennen diesen Wein ein \u201eKunstwerk\u201c, doch er ist ein Werk der Natur und der Sonne.\" \/>\n<meta name=\"robots\" content=\"index, follow, max-snippet:-1, max-image-preview:large, max-video-preview:-1\" \/>\n<link rel=\"canonical\" href=\"https:\/\/fonsvinum.com\/de\/produkt\/cordero-di-montezemolo-monfalletto-barolo-2022\/\" \/>\n<meta property=\"og:locale\" content=\"de_DE\" \/>\n<meta property=\"og:type\" content=\"article\" \/>\n<meta property=\"og:title\" content=\"CORDERO DI MONTEZEMOLO Barolo Monfalletto 2022\" \/>\n<meta property=\"og:description\" content=\"CORDERO DI MONTEZEMOLO Barolo Monfalletto 2022 \u2013 Viele nennen diesen Wein ein \u201eKunstwerk\u201c, doch er ist ein Werk der Natur und der Sonne.\" \/>\n<meta property=\"og:url\" content=\"https:\/\/fonsvinum.com\/de\/produkt\/cordero-di-montezemolo-monfalletto-barolo-2022\/\" \/>\n<meta property=\"og:site_name\" content=\"Fons Vinum\" \/>\n<meta property=\"article:modified_time\" content=\"2026-04-29T13:30:45+00:00\" \/>\n<meta property=\"og:image\" content=\"https:\/\/fonsvinum.com\/files\/2013\/06\/barolo_monfalletto-cordero-montezemolo.jpg\" \/>\n\t<meta property=\"og:image:width\" content=\"160\" \/>\n\t<meta property=\"og:image:height\" content=\"600\" \/>\n\t<meta property=\"og:image:type\" content=\"image\/jpeg\" \/>\n<meta name=\"twitter:label1\" content=\"Gesch\u00e4tzte Lesezeit\" \/>\n\t<meta name=\"twitter:data1\" content=\"3\u00a0Minuten\" \/>\n<script type=\"application\/ld+json\" class=\"yoast-schema-graph\">{\"@context\":\"https:\\\/\\\/schema.org\",\"@graph\":[{\"@type\":\"WebPage\",\"@id\":\"https:\\\/\\\/fonsvinum.com\\\/de\\\/produkt\\\/cordero-di-montezemolo-monfalletto-barolo-2022\\\/\",\"url\":\"https:\\\/\\\/fonsvinum.com\\\/de\\\/produkt\\\/cordero-di-montezemolo-monfalletto-barolo-2022\\\/\",\"name\":\"CORDERO DI MONTEZEMOLO Barolo Monfalletto 2022\",\"isPartOf\":{\"@id\":\"https:\\\/\\\/fonsvinum.com\\\/en\\\/#website\"},\"primaryImageOfPage\":{\"@id\":\"https:\\\/\\\/fonsvinum.com\\\/de\\\/produkt\\\/cordero-di-montezemolo-monfalletto-barolo-2022\\\/#primaryimage\"},\"image\":{\"@id\":\"https:\\\/\\\/fonsvinum.com\\\/de\\\/produkt\\\/cordero-di-montezemolo-monfalletto-barolo-2022\\\/#primaryimage\"},\"thumbnailUrl\":\"https:\\\/\\\/fonsvinum.com\\\/files\\\/2013\\\/06\\\/barolo_monfalletto-cordero-montezemolo.jpg\",\"datePublished\":\"2026-04-29T08:31:58+00:00\",\"dateModified\":\"2026-04-29T13:30:45+00:00\",\"description\":\"CORDERO DI MONTEZEMOLO Barolo Monfalletto 2022 \u2013 Viele nennen diesen Wein ein \u201eKunstwerk\u201c, doch er ist ein Werk der Natur und der Sonne.\",\"breadcrumb\":{\"@id\":\"https:\\\/\\\/fonsvinum.com\\\/de\\\/produkt\\\/cordero-di-montezemolo-monfalletto-barolo-2022\\\/#breadcrumb\"},\"inLanguage\":\"de\",\"potentialAction\":[{\"@type\":\"ReadAction\",\"target\":[\"https:\\\/\\\/fonsvinum.com\\\/de\\\/produkt\\\/cordero-di-montezemolo-monfalletto-barolo-2022\\\/\"]}]},{\"@type\":\"ImageObject\",\"inLanguage\":\"de\",\"@id\":\"https:\\\/\\\/fonsvinum.com\\\/de\\\/produkt\\\/cordero-di-montezemolo-monfalletto-barolo-2022\\\/#primaryimage\",\"url\":\"https:\\\/\\\/fonsvinum.com\\\/files\\\/2013\\\/06\\\/barolo_monfalletto-cordero-montezemolo.jpg\",\"contentUrl\":\"https:\\\/\\\/fonsvinum.com\\\/files\\\/2013\\\/06\\\/barolo_monfalletto-cordero-montezemolo.jpg\",\"width\":160,\"height\":600,\"caption\":\"Barolo Monfalletto CORDERO DI MONTEZEMOLO\"},{\"@type\":\"BreadcrumbList\",\"@id\":\"https:\\\/\\\/fonsvinum.com\\\/de\\\/produkt\\\/cordero-di-montezemolo-monfalletto-barolo-2022\\\/#breadcrumb\",\"itemListElement\":[{\"@type\":\"ListItem\",\"position\":1,\"name\":\"Startseite\",\"item\":\"https:\\\/\\\/fonsvinum.com\\\/de\\\/\"},{\"@type\":\"ListItem\",\"position\":2,\"name\":\"Shop\",\"item\":\"https:\\\/\\\/fonsvinum.com\\\/de\\\/shop\\\/\"},{\"@type\":\"ListItem\",\"position\":3,\"name\":\"CORDERO DI MONTEZEMOLO Monfalletto Barolo 2022\"}]},{\"@type\":\"WebSite\",\"@id\":\"https:\\\/\\\/fonsvinum.com\\\/en\\\/#website\",\"url\":\"https:\\\/\\\/fonsvinum.com\\\/en\\\/\",\"name\":\"Fons Vinum\",\"description\":\"Vendita Vino Online\",\"publisher\":{\"@id\":\"https:\\\/\\\/fonsvinum.com\\\/en\\\/#organization\"},\"potentialAction\":[{\"@type\":\"SearchAction\",\"target\":{\"@type\":\"EntryPoint\",\"urlTemplate\":\"https:\\\/\\\/fonsvinum.com\\\/en\\\/?s={search_term_string}\"},\"query-input\":{\"@type\":\"PropertyValueSpecification\",\"valueRequired\":true,\"valueName\":\"search_term_string\"}}],\"inLanguage\":\"de\"},{\"@type\":\"Organization\",\"@id\":\"https:\\\/\\\/fonsvinum.com\\\/en\\\/#organization\",\"name\":\"Fons Vinum\",\"url\":\"https:\\\/\\\/fonsvinum.com\\\/en\\\/\",\"logo\":{\"@type\":\"ImageObject\",\"inLanguage\":\"de\",\"@id\":\"https:\\\/\\\/fonsvinum.com\\\/en\\\/#\\\/schema\\\/logo\\\/image\\\/\",\"url\":\"\",\"contentUrl\":\"\",\"caption\":\"Fons Vinum\"},\"image\":{\"@id\":\"https:\\\/\\\/fonsvinum.com\\\/en\\\/#\\\/schema\\\/logo\\\/image\\\/\"}}]}<\/script>\n<!-- \/ Yoast SEO plugin. -->","yoast_head_json":{"title":"CORDERO DI MONTEZEMOLO Barolo Monfalletto 2022","description":"CORDERO DI MONTEZEMOLO Barolo Monfalletto 2022 \u2013 Viele nennen diesen Wein ein \u201eKunstwerk\u201c, doch er ist ein Werk der Natur und der Sonne.","robots":{"index":"index","follow":"follow","max-snippet":"max-snippet:-1","max-image-preview":"max-image-preview:large","max-video-preview":"max-video-preview:-1"},"canonical":"https:\/\/fonsvinum.com\/de\/produkt\/cordero-di-montezemolo-monfalletto-barolo-2022\/","og_locale":"de_DE","og_type":"article","og_title":"CORDERO DI MONTEZEMOLO Barolo Monfalletto 2022","og_description":"CORDERO DI MONTEZEMOLO Barolo Monfalletto 2022 \u2013 Viele nennen diesen Wein ein \u201eKunstwerk\u201c, doch er ist ein Werk der Natur und der Sonne.","og_url":"https:\/\/fonsvinum.com\/de\/produkt\/cordero-di-montezemolo-monfalletto-barolo-2022\/","og_site_name":"Fons Vinum","article_modified_time":"2026-04-29T13:30:45+00:00","og_image":[{"width":160,"height":600,"url":"https:\/\/fonsvinum.com\/files\/2013\/06\/barolo_monfalletto-cordero-montezemolo.jpg","type":"image\/jpeg"}],"twitter_misc":{"Gesch\u00e4tzte Lesezeit":"3\u00a0Minuten"},"schema":{"@context":"https:\/\/schema.org","@graph":[{"@type":"WebPage","@id":"https:\/\/fonsvinum.com\/de\/produkt\/cordero-di-montezemolo-monfalletto-barolo-2022\/","url":"https:\/\/fonsvinum.com\/de\/produkt\/cordero-di-montezemolo-monfalletto-barolo-2022\/","name":"CORDERO DI MONTEZEMOLO Barolo Monfalletto 2022","isPartOf":{"@id":"https:\/\/fonsvinum.com\/en\/#website"},"primaryImageOfPage":{"@id":"https:\/\/fonsvinum.com\/de\/produkt\/cordero-di-montezemolo-monfalletto-barolo-2022\/#primaryimage"},"image":{"@id":"https:\/\/fonsvinum.com\/de\/produkt\/cordero-di-montezemolo-monfalletto-barolo-2022\/#primaryimage"},"thumbnailUrl":"https:\/\/fonsvinum.com\/files\/2013\/06\/barolo_monfalletto-cordero-montezemolo.jpg","datePublished":"2026-04-29T08:31:58+00:00","dateModified":"2026-04-29T13:30:45+00:00","description":"CORDERO DI MONTEZEMOLO Barolo Monfalletto 2022 \u2013 Viele nennen diesen Wein ein \u201eKunstwerk\u201c, doch er ist ein Werk der Natur und der Sonne.","breadcrumb":{"@id":"https:\/\/fonsvinum.com\/de\/produkt\/cordero-di-montezemolo-monfalletto-barolo-2022\/#breadcrumb"},"inLanguage":"de","potentialAction":[{"@type":"ReadAction","target":["https:\/\/fonsvinum.com\/de\/produkt\/cordero-di-montezemolo-monfalletto-barolo-2022\/"]}]},{"@type":"ImageObject","inLanguage":"de","@id":"https:\/\/fonsvinum.com\/de\/produkt\/cordero-di-montezemolo-monfalletto-barolo-2022\/#primaryimage","url":"https:\/\/fonsvinum.com\/files\/2013\/06\/barolo_monfalletto-cordero-montezemolo.jpg","contentUrl":"https:\/\/fonsvinum.com\/files\/2013\/06\/barolo_monfalletto-cordero-montezemolo.jpg","width":160,"height":600,"caption":"Barolo Monfalletto CORDERO DI MONTEZEMOLO"},{"@type":"BreadcrumbList","@id":"https:\/\/fonsvinum.com\/de\/produkt\/cordero-di-montezemolo-monfalletto-barolo-2022\/#breadcrumb","itemListElement":[{"@type":"ListItem","position":1,"name":"Startseite","item":"https:\/\/fonsvinum.com\/de\/"},{"@type":"ListItem","position":2,"name":"Shop","item":"https:\/\/fonsvinum.com\/de\/shop\/"},{"@type":"ListItem","position":3,"name":"CORDERO DI MONTEZEMOLO Monfalletto Barolo 2022"}]},{"@type":"WebSite","@id":"https:\/\/fonsvinum.com\/en\/#website","url":"https:\/\/fonsvinum.com\/en\/","name":"Fons Vinum","description":"Vendita Vino Online","publisher":{"@id":"https:\/\/fonsvinum.com\/en\/#organization"},"potentialAction":[{"@type":"SearchAction","target":{"@type":"EntryPoint","urlTemplate":"https:\/\/fonsvinum.com\/en\/?s={search_term_string}"},"query-input":{"@type":"PropertyValueSpecification","valueRequired":true,"valueName":"search_term_string"}}],"inLanguage":"de"},{"@type":"Organization","@id":"https:\/\/fonsvinum.com\/en\/#organization","name":"Fons Vinum","url":"https:\/\/fonsvinum.com\/en\/","logo":{"@type":"ImageObject","inLanguage":"de","@id":"https:\/\/fonsvinum.com\/en\/#\/schema\/logo\/image\/","url":"","contentUrl":"","caption":"Fons Vinum"},"image":{"@id":"https:\/\/fonsvinum.com\/en\/#\/schema\/logo\/image\/"}}]}},"acf":[],"_links":{"self":[{"href":"https:\/\/fonsvinum.com\/de\/wp-json\/wp\/v2\/product\/49734","targetHints":{"allow":["GET"]}}],"collection":[{"href":"https:\/\/fonsvinum.com\/de\/wp-json\/wp\/v2\/product"}],"about":[{"href":"https:\/\/fonsvinum.com\/de\/wp-json\/wp\/v2\/types\/product"}],"replies":[{"embeddable":true,"href":"https:\/\/fonsvinum.com\/de\/wp-json\/wp\/v2\/comments?post=49734"}],"wp:featuredmedia":[{"embeddable":true,"href":"https:\/\/fonsvinum.com\/de\/wp-json\/wp\/v2\/media\/6148"}],"wp:attachment":[{"href":"https:\/\/fonsvinum.com\/de\/wp-json\/wp\/v2\/media?parent=49734"}],"wp:term":[{"taxonomy":"product_brand","embeddable":true,"href":"https:\/\/fonsvinum.com\/de\/wp-json\/wp\/v2\/product_brand?post=49734"},{"taxonomy":"product_cat","embeddable":true,"href":"https:\/\/fonsvinum.com\/de\/wp-json\/wp\/v2\/product_cat?post=49734"},{"taxonomy":"product_tag","embeddable":true,"href":"https:\/\/fonsvinum.com\/de\/wp-json\/wp\/v2\/product_tag?post=49734"}],"curies":[{"name":"wp","href":"https:\/\/api.w.org\/{rel}","templated":true}]}}