{"id":49728,"date":"2026-04-28T16:55:39","date_gmt":"2026-04-28T14:55:39","guid":{"rendered":"https:\/\/fonsvinum.com\/?post_type=product&#038;p=49728"},"modified":"2026-04-28T17:08:24","modified_gmt":"2026-04-28T15:08:24","slug":"elio-grasso-barbera-dalba-vigna-martina-2023","status":"publish","type":"product","link":"https:\/\/fonsvinum.com\/de\/produkt\/elio-grasso-barbera-dalba-vigna-martina-2023\/","title":{"rendered":"ELIO GRASSO Vigna Martina Barbera d&#8217;Alba 2023"},"content":{"rendered":"<h2><a href=\"https:\/\/fonsvinum.com\/de\/shop\/?filter_producer=elio-grasso\">Elio Grasso<\/a> <a href=\"https:\/\/fonsvinum.com\/de\/produkt-kategorie\/rotweine-de\/barbera-de\/\">Barbera<\/a> d&#8217;Alba Vigna Martina 2023<\/h2>\n<h2><a href=\"https:\/\/fonsvinum.com\/de\/shop\/?filter_producer=elio-grasso\">ELIO GRASSO<\/a><\/h2>\n<div class=\"desk__w\">\n<div class=\"sectionHeader\">\n<p class=\"sectionHeader__subtitle\">\u201eWir m\u00f6chten in erster Linie als Bauern und erst dann als Erzeuger wahrgenommen werden: Es ist unsere Art, die Arbeit derer zu ehren und fortzuf\u00fchren, die vor uns die typischen Schwierigkeiten der Arbeit mit der Natur und dem Wein gemeistert haben.\u201c: Dies ist die Philosophie, auf der das familiengef\u00fchrte Weingut Elio Grasso basiert.<br \/>\nIn Monforte d&#8217;Alba gelegen, werden hier auf 18 Hektar betriebseigenen Fl\u00e4chen die Rebsorten Nebbiolo, Barbera, Dolcetto und Chardonnay angebaut. Daraus entstehen Weine, die als Konzentrat aus Kultur, Terroir und Tradition bezeichnet werden k\u00f6nnen.<\/p>\n<p class=\"sectionHeader__subtitle\">Bei einer durchschnittlichen Jahresproduktion von etwa 90.000 Flaschen wird jeder Produktionsprozess akribisch kontrolliert, von der \u00dcberwachung der Arbeit im Weinberg bis zur abschlie\u00dfenden Abf\u00fcllung. Im Keller ist die technologische Ausstattung modernst, doch die F\u00fchrung bleibt rein handwerklich gepr\u00e4gt.<br \/>\nSo entstehen Weine, die Charakter und Ausgewogenheit, Solidit\u00e4t und territoriale Verbundenheit vereinen; Etiketten, die das Weingut Elio Grasso seit Jahren zu einer der autorit\u00e4rsten und prestigetr\u00e4chtigsten Realit\u00e4ten des Langhe-Gebiets gemacht haben.<\/p>\n<h2><a href=\"https:\/\/fonsvinum.com\/de\/produkt-kategorie\/rotweine-de\/barbera-de\/\">BARBERA<\/a> D&#8217;ALBA VIGNA MARTINA<\/h2>\n<p><strong>Erster Produktionsjahrgang:<\/strong> 1988<\/p>\n<p><strong>Zeitpunkt und Durchf\u00fchrung der Weinlese:<\/strong> drittes Septemberdrittel, erste Oktoberwoche mit Handlese<\/p>\n<p>\u201eVigna Martina\u201c ist der Name, den das Weingut Elio Grasso einem besonderen Barbera d\u2019Alba gibt, der genau auf der Parzelle Gestalt annimmt, die dem Etikett seinen Namen verleiht. Ein kleines St\u00fcck Land, etwas mehr als drei Hektar gro\u00df, nach S\u00fcden und S\u00fcdwesten ausgerichtet, auf etwa 380 Metern \u00fcber dem Meeresspiegel gelegen und durch einen kalkhaltigen, sandigen Untergrund charakterisiert.<\/p>\n<\/div>\n<\/div>\n<section>\n<h3 class=\"w\">Vinifizierung und Ausbau<\/h3>\n<\/section>\n<p>Die Vinifizierung des Barbera d\u2019Alba Vigna Martina sieht die alkoholische G\u00e4rung in Edelstahltanks bei kontrollierter Temperatur mit t\u00e4glichem Umpumpen vor. Der Ausbau hingegen erfolgt \u00fcber 12 Monate in neuen und gebrauchten Barriques aus Eichenholz, gefolgt von einer mindestens 8-monatigen Flaschenruhe.<\/p>\n<h3>Verkostungsnotizen<\/h3>\n<ul>\n<li><span class=\"prodotto__descrizione__content__attributi__title\"><strong>Farbe:<\/strong> <\/span><span class=\"prodotto__descrizione__content__attributi__text\">Rubinrot<\/span><\/li>\n<li><span class=\"prodotto__descrizione__content__attributi__title\"><strong>Duft:<\/strong> <\/span><span class=\"prodotto__descrizione__content__attributi__text\">Typisch und intensiv mit Noten von Waldfr\u00fcchten, Unterholz, schwarzem Pfeffer und Tabak<\/span><\/li>\n<li><span class=\"prodotto__descrizione__content__attributi__title\"><strong>Geschmack:<\/strong> <\/span><span class=\"prodotto__descrizione__content__attributi__text\">Tiefgr\u00fcndig und lang, saftig und voll, mit einer leichten Mineralit\u00e4t, exzellenter Frische und einem gesetzten Tannin<\/span><\/li>\n<\/ul>\n","protected":false},"excerpt":{"rendered":"<p>Elio Grasso Barbera d&#8217;Alba Vigna Martina 2023 ELIO GRASSO \u201eWir m\u00f6chten in erster Linie als Bauern und erst dann als Erzeuger wahrgenommen werden: Es ist unsere Art, die Arbeit derer zu ehren und fortzuf\u00fchren, die vor uns die typischen Schwierigkeiten der Arbeit mit der Natur und dem Wein gemeistert haben.\u201c: Dies ist die Philosophie, auf [&hellip;]<\/p>\n","protected":false},"featured_media":27444,"comment_status":"open","ping_status":"closed","template":"","meta":{"_acf_changed":false,"_monsterinsights_skip_tracking":false,"_monsterinsights_sitenote_active":false,"_monsterinsights_sitenote_note":"","_monsterinsights_sitenote_category":0},"product_brand":[],"product_cat":[2170],"product_tag":[18450,15893,15959],"class_list":{"0":"post-49728","1":"product","2":"type-product","3":"status-publish","4":"has-post-thumbnail","6":"product_cat-barbera-de","7":"product_tag-langhe-weine","8":"product_tag-piemonte-de","9":"product_tag-vino-rosso-de","10":"pa_appellation-barbera-dalba-doc-de","11":"pa_formato-0-75-l-flasche-de","12":"pa_producer-elio-grasso-de-3","13":"pa_region-piemont-de","14":"pa_vine-100-barbera-de","15":"pa_vintage-18401","17":"first","18":"instock","19":"taxable","20":"shipping-taxable","21":"purchasable","22":"product-type-simple"},"bundled_by":[],"bundle_stock_status":"instock","bundle_stock_quantity":12,"bundle_virtual":false,"bundle_layout":"","bundle_add_to_cart_form_location":"","bundle_editable_in_cart":false,"bundle_sold_individually_context":"","bundle_item_grouping":"","bundle_min_size":"","bundle_max_size":"","bundle_price":[],"bundled_items":[],"bundle_sell_ids":[48413],"yoast_head":"<!-- This site is optimized with the Yoast SEO plugin v27.3 - https:\/\/yoast.com\/product\/yoast-seo-wordpress\/ -->\n<title>ELIO GRASSO Vigna Martina Barbera d&#039;Alba 2023 online kaufen<\/title>\n<meta name=\"description\" content=\"Kaufen Sie ELIO GRASSO Vigna Martina Barbera d&#039;Alba 2023 online bei Fons Vinum \u2013 ein tiefgr\u00fcndiger Barbera, gepr\u00e4gt von exzellenter Frische...\" \/>\n<meta name=\"robots\" content=\"index, follow, max-snippet:-1, max-image-preview:large, max-video-preview:-1\" \/>\n<link rel=\"canonical\" href=\"https:\/\/fonsvinum.com\/de\/produkt\/elio-grasso-barbera-dalba-vigna-martina-2023\/\" \/>\n<meta property=\"og:locale\" content=\"de_DE\" \/>\n<meta property=\"og:type\" content=\"article\" \/>\n<meta property=\"og:title\" content=\"ELIO GRASSO Vigna Martina Barbera d&#039;Alba 2023 online kaufen\" \/>\n<meta property=\"og:description\" content=\"Kaufen Sie ELIO GRASSO Vigna Martina Barbera d&#039;Alba 2023 online bei Fons Vinum \u2013 ein tiefgr\u00fcndiger Barbera, gepr\u00e4gt von exzellenter Frische...\" \/>\n<meta property=\"og:url\" content=\"https:\/\/fonsvinum.com\/de\/produkt\/elio-grasso-barbera-dalba-vigna-martina-2023\/\" \/>\n<meta property=\"og:site_name\" content=\"Fons Vinum\" \/>\n<meta property=\"article:modified_time\" content=\"2026-04-28T15:08:24+00:00\" \/>\n<meta property=\"og:image\" content=\"https:\/\/fonsvinum.com\/files\/2020\/10\/barbera-d-alba-vigna-martina-elio-grasso.jpg\" \/>\n\t<meta property=\"og:image:width\" content=\"200\" \/>\n\t<meta property=\"og:image:height\" content=\"600\" \/>\n\t<meta property=\"og:image:type\" content=\"image\/jpeg\" \/>\n<meta name=\"twitter:label1\" content=\"Gesch\u00e4tzte Lesezeit\" \/>\n\t<meta name=\"twitter:data1\" content=\"2\u00a0Minuten\" \/>\n<script type=\"application\/ld+json\" class=\"yoast-schema-graph\">{\"@context\":\"https:\\\/\\\/schema.org\",\"@graph\":[{\"@type\":\"WebPage\",\"@id\":\"https:\\\/\\\/fonsvinum.com\\\/de\\\/produkt\\\/elio-grasso-barbera-dalba-vigna-martina-2023\\\/\",\"url\":\"https:\\\/\\\/fonsvinum.com\\\/de\\\/produkt\\\/elio-grasso-barbera-dalba-vigna-martina-2023\\\/\",\"name\":\"ELIO GRASSO Vigna Martina Barbera d'Alba 2023 online kaufen\",\"isPartOf\":{\"@id\":\"https:\\\/\\\/fonsvinum.com\\\/en\\\/#website\"},\"primaryImageOfPage\":{\"@id\":\"https:\\\/\\\/fonsvinum.com\\\/de\\\/produkt\\\/elio-grasso-barbera-dalba-vigna-martina-2023\\\/#primaryimage\"},\"image\":{\"@id\":\"https:\\\/\\\/fonsvinum.com\\\/de\\\/produkt\\\/elio-grasso-barbera-dalba-vigna-martina-2023\\\/#primaryimage\"},\"thumbnailUrl\":\"https:\\\/\\\/fonsvinum.com\\\/files\\\/2020\\\/10\\\/barbera-d-alba-vigna-martina-elio-grasso.jpg\",\"datePublished\":\"2026-04-28T14:55:39+00:00\",\"dateModified\":\"2026-04-28T15:08:24+00:00\",\"description\":\"Kaufen Sie ELIO GRASSO Vigna Martina Barbera d'Alba 2023 online bei Fons Vinum \u2013 ein tiefgr\u00fcndiger Barbera, gepr\u00e4gt von exzellenter Frische...\",\"breadcrumb\":{\"@id\":\"https:\\\/\\\/fonsvinum.com\\\/de\\\/produkt\\\/elio-grasso-barbera-dalba-vigna-martina-2023\\\/#breadcrumb\"},\"inLanguage\":\"de\",\"potentialAction\":[{\"@type\":\"ReadAction\",\"target\":[\"https:\\\/\\\/fonsvinum.com\\\/de\\\/produkt\\\/elio-grasso-barbera-dalba-vigna-martina-2023\\\/\"]}]},{\"@type\":\"ImageObject\",\"inLanguage\":\"de\",\"@id\":\"https:\\\/\\\/fonsvinum.com\\\/de\\\/produkt\\\/elio-grasso-barbera-dalba-vigna-martina-2023\\\/#primaryimage\",\"url\":\"https:\\\/\\\/fonsvinum.com\\\/files\\\/2020\\\/10\\\/barbera-d-alba-vigna-martina-elio-grasso.jpg\",\"contentUrl\":\"https:\\\/\\\/fonsvinum.com\\\/files\\\/2020\\\/10\\\/barbera-d-alba-vigna-martina-elio-grasso.jpg\",\"width\":200,\"height\":600},{\"@type\":\"BreadcrumbList\",\"@id\":\"https:\\\/\\\/fonsvinum.com\\\/de\\\/produkt\\\/elio-grasso-barbera-dalba-vigna-martina-2023\\\/#breadcrumb\",\"itemListElement\":[{\"@type\":\"ListItem\",\"position\":1,\"name\":\"Startseite\",\"item\":\"https:\\\/\\\/fonsvinum.com\\\/de\\\/\"},{\"@type\":\"ListItem\",\"position\":2,\"name\":\"Shop\",\"item\":\"https:\\\/\\\/fonsvinum.com\\\/de\\\/shop\\\/\"},{\"@type\":\"ListItem\",\"position\":3,\"name\":\"ELIO GRASSO Vigna Martina Barbera d&#8217;Alba 2023\"}]},{\"@type\":\"WebSite\",\"@id\":\"https:\\\/\\\/fonsvinum.com\\\/en\\\/#website\",\"url\":\"https:\\\/\\\/fonsvinum.com\\\/en\\\/\",\"name\":\"Fons Vinum\",\"description\":\"Vendita Vino Online\",\"publisher\":{\"@id\":\"https:\\\/\\\/fonsvinum.com\\\/en\\\/#organization\"},\"potentialAction\":[{\"@type\":\"SearchAction\",\"target\":{\"@type\":\"EntryPoint\",\"urlTemplate\":\"https:\\\/\\\/fonsvinum.com\\\/en\\\/?s={search_term_string}\"},\"query-input\":{\"@type\":\"PropertyValueSpecification\",\"valueRequired\":true,\"valueName\":\"search_term_string\"}}],\"inLanguage\":\"de\"},{\"@type\":\"Organization\",\"@id\":\"https:\\\/\\\/fonsvinum.com\\\/en\\\/#organization\",\"name\":\"Fons Vinum\",\"url\":\"https:\\\/\\\/fonsvinum.com\\\/en\\\/\",\"logo\":{\"@type\":\"ImageObject\",\"inLanguage\":\"de\",\"@id\":\"https:\\\/\\\/fonsvinum.com\\\/en\\\/#\\\/schema\\\/logo\\\/image\\\/\",\"url\":\"\",\"contentUrl\":\"\",\"caption\":\"Fons Vinum\"},\"image\":{\"@id\":\"https:\\\/\\\/fonsvinum.com\\\/en\\\/#\\\/schema\\\/logo\\\/image\\\/\"}}]}<\/script>\n<!-- \/ Yoast SEO plugin. -->","yoast_head_json":{"title":"ELIO GRASSO Vigna Martina Barbera d'Alba 2023 online kaufen","description":"Kaufen Sie ELIO GRASSO Vigna Martina Barbera d'Alba 2023 online bei Fons Vinum \u2013 ein tiefgr\u00fcndiger Barbera, gepr\u00e4gt von exzellenter Frische...","robots":{"index":"index","follow":"follow","max-snippet":"max-snippet:-1","max-image-preview":"max-image-preview:large","max-video-preview":"max-video-preview:-1"},"canonical":"https:\/\/fonsvinum.com\/de\/produkt\/elio-grasso-barbera-dalba-vigna-martina-2023\/","og_locale":"de_DE","og_type":"article","og_title":"ELIO GRASSO Vigna Martina Barbera d'Alba 2023 online kaufen","og_description":"Kaufen Sie ELIO GRASSO Vigna Martina Barbera d'Alba 2023 online bei Fons Vinum \u2013 ein tiefgr\u00fcndiger Barbera, gepr\u00e4gt von exzellenter Frische...","og_url":"https:\/\/fonsvinum.com\/de\/produkt\/elio-grasso-barbera-dalba-vigna-martina-2023\/","og_site_name":"Fons Vinum","article_modified_time":"2026-04-28T15:08:24+00:00","og_image":[{"width":200,"height":600,"url":"https:\/\/fonsvinum.com\/files\/2020\/10\/barbera-d-alba-vigna-martina-elio-grasso.jpg","type":"image\/jpeg"}],"twitter_misc":{"Gesch\u00e4tzte Lesezeit":"2\u00a0Minuten"},"schema":{"@context":"https:\/\/schema.org","@graph":[{"@type":"WebPage","@id":"https:\/\/fonsvinum.com\/de\/produkt\/elio-grasso-barbera-dalba-vigna-martina-2023\/","url":"https:\/\/fonsvinum.com\/de\/produkt\/elio-grasso-barbera-dalba-vigna-martina-2023\/","name":"ELIO GRASSO Vigna Martina Barbera d'Alba 2023 online kaufen","isPartOf":{"@id":"https:\/\/fonsvinum.com\/en\/#website"},"primaryImageOfPage":{"@id":"https:\/\/fonsvinum.com\/de\/produkt\/elio-grasso-barbera-dalba-vigna-martina-2023\/#primaryimage"},"image":{"@id":"https:\/\/fonsvinum.com\/de\/produkt\/elio-grasso-barbera-dalba-vigna-martina-2023\/#primaryimage"},"thumbnailUrl":"https:\/\/fonsvinum.com\/files\/2020\/10\/barbera-d-alba-vigna-martina-elio-grasso.jpg","datePublished":"2026-04-28T14:55:39+00:00","dateModified":"2026-04-28T15:08:24+00:00","description":"Kaufen Sie ELIO GRASSO Vigna Martina Barbera d'Alba 2023 online bei Fons Vinum \u2013 ein tiefgr\u00fcndiger Barbera, gepr\u00e4gt von exzellenter Frische...","breadcrumb":{"@id":"https:\/\/fonsvinum.com\/de\/produkt\/elio-grasso-barbera-dalba-vigna-martina-2023\/#breadcrumb"},"inLanguage":"de","potentialAction":[{"@type":"ReadAction","target":["https:\/\/fonsvinum.com\/de\/produkt\/elio-grasso-barbera-dalba-vigna-martina-2023\/"]}]},{"@type":"ImageObject","inLanguage":"de","@id":"https:\/\/fonsvinum.com\/de\/produkt\/elio-grasso-barbera-dalba-vigna-martina-2023\/#primaryimage","url":"https:\/\/fonsvinum.com\/files\/2020\/10\/barbera-d-alba-vigna-martina-elio-grasso.jpg","contentUrl":"https:\/\/fonsvinum.com\/files\/2020\/10\/barbera-d-alba-vigna-martina-elio-grasso.jpg","width":200,"height":600},{"@type":"BreadcrumbList","@id":"https:\/\/fonsvinum.com\/de\/produkt\/elio-grasso-barbera-dalba-vigna-martina-2023\/#breadcrumb","itemListElement":[{"@type":"ListItem","position":1,"name":"Startseite","item":"https:\/\/fonsvinum.com\/de\/"},{"@type":"ListItem","position":2,"name":"Shop","item":"https:\/\/fonsvinum.com\/de\/shop\/"},{"@type":"ListItem","position":3,"name":"ELIO GRASSO Vigna Martina Barbera d&#8217;Alba 2023"}]},{"@type":"WebSite","@id":"https:\/\/fonsvinum.com\/en\/#website","url":"https:\/\/fonsvinum.com\/en\/","name":"Fons Vinum","description":"Vendita Vino Online","publisher":{"@id":"https:\/\/fonsvinum.com\/en\/#organization"},"potentialAction":[{"@type":"SearchAction","target":{"@type":"EntryPoint","urlTemplate":"https:\/\/fonsvinum.com\/en\/?s={search_term_string}"},"query-input":{"@type":"PropertyValueSpecification","valueRequired":true,"valueName":"search_term_string"}}],"inLanguage":"de"},{"@type":"Organization","@id":"https:\/\/fonsvinum.com\/en\/#organization","name":"Fons Vinum","url":"https:\/\/fonsvinum.com\/en\/","logo":{"@type":"ImageObject","inLanguage":"de","@id":"https:\/\/fonsvinum.com\/en\/#\/schema\/logo\/image\/","url":"","contentUrl":"","caption":"Fons Vinum"},"image":{"@id":"https:\/\/fonsvinum.com\/en\/#\/schema\/logo\/image\/"}}]}},"acf":[],"_links":{"self":[{"href":"https:\/\/fonsvinum.com\/de\/wp-json\/wp\/v2\/product\/49728","targetHints":{"allow":["GET"]}}],"collection":[{"href":"https:\/\/fonsvinum.com\/de\/wp-json\/wp\/v2\/product"}],"about":[{"href":"https:\/\/fonsvinum.com\/de\/wp-json\/wp\/v2\/types\/product"}],"replies":[{"embeddable":true,"href":"https:\/\/fonsvinum.com\/de\/wp-json\/wp\/v2\/comments?post=49728"}],"wp:featuredmedia":[{"embeddable":true,"href":"https:\/\/fonsvinum.com\/de\/wp-json\/wp\/v2\/media\/27444"}],"wp:attachment":[{"href":"https:\/\/fonsvinum.com\/de\/wp-json\/wp\/v2\/media?parent=49728"}],"wp:term":[{"taxonomy":"product_brand","embeddable":true,"href":"https:\/\/fonsvinum.com\/de\/wp-json\/wp\/v2\/product_brand?post=49728"},{"taxonomy":"product_cat","embeddable":true,"href":"https:\/\/fonsvinum.com\/de\/wp-json\/wp\/v2\/product_cat?post=49728"},{"taxonomy":"product_tag","embeddable":true,"href":"https:\/\/fonsvinum.com\/de\/wp-json\/wp\/v2\/product_tag?post=49728"}],"curies":[{"name":"wp","href":"https:\/\/api.w.org\/{rel}","templated":true}]}}