{"id":49706,"date":"2026-04-27T06:39:47","date_gmt":"2026-04-27T04:39:47","guid":{"rendered":"https:\/\/fonsvinum.com\/?post_type=product&#038;p=49706"},"modified":"2026-04-27T06:43:59","modified_gmt":"2026-04-27T04:43:59","slug":"prunotto-barbaresco-2017","status":"publish","type":"product","link":"https:\/\/fonsvinum.com\/de\/produkt\/prunotto-barbaresco-2017\/","title":{"rendered":"PRUNOTTO Barbaresco 2017"},"content":{"rendered":"<h1><a href=\"https:\/\/www.prunotto.it\/\">PRUNOTTO<\/a> <a href=\"https:\/\/fonsvinum.com\/categoria-prodotto\/vini-rossi\/barbaresco\/\">Barbaresco <\/a>2017<\/h1>\n<h2>DAS WEINGUT &#8211; <a href=\"https:\/\/fonsvinum.com\/attributi\/producer\/prunotto\/\">PRUNOTTO<\/a><\/h2>\n<p>Prunotto befindet sich in Alba, dem wichtigsten Zentrum der Langhe, gleich weit entfernt von Barbaresco und Barolo; am rechten Ufer des Flusses Tanaro, auf einer sanften Ebene, umgeben von den Weinbergen der Langhe und des Roero.<\/p>\n<p>Die Familie Antinori, fasziniert von einem so bezaubernden Umfeld wie Alba und den umliegenden Gebieten mit ihren besonderen Weinbergen und B\u00f6den, beschlie\u00dft, sich mit diesem <em>Terroir<\/em> auseinanderzusetzen, in der \u00dcberzeugung, einen Weg zu beginnen, der Prunotto zu einem der bedeutendsten Weing\u00fcter im Panorama der piemontesischen Weinproduktion machen w\u00fcrde.<\/p>\n<p>Die Weinberge von Prunotto erstrecken sich \u00fcber insgesamt etwa 50 Hektar im Gebiet der Langhe und des Monferrato.<\/p>\n<p>Das Weingut f\u00fchrt Studien und Forschungen durch und experimentiert in den Weinbergen, ohne eine vorgegebene Formel anzuwenden, sondern bewertet jedes Jahr Art und Zeitpunkt der Pflege der Reben und der Produktion jedes einzelnen Weins, wobei dessen Eigenschaften respektiert und sein bestes Potenzial hervorgehoben werden.<\/p>\n<p>Unter den eigenen Weinbergen zeichnen sich die von Bussia, Bric Turot und Costamiole aus, aber auch die Reben, aus denen Mompertone und Bricco Colma erzeugt werden.<\/p>\n<h3>Jahrgang 2017<\/h3>\n<p>PRUNOTTO Barbaresco 2017. <span style=\"font-size: 16px\">Die G\u00e4rung verlief in etwa 10 Tagen bei einer H\u00f6chsttemperatur von 30 \u00b0C. Der malolaktische G\u00e4rung war vor dem Winter abgeschlossen. Der Wein reifte mindestens 12 Monate in Eichenf\u00e4ssern unterschiedlicher Gr\u00f6\u00dfe. Anschlie\u00dfend verfeinerte er etwa 1 Jahr in der Flasche, bevor er auf den Markt kam. <\/span><\/p>\n<div id=\"page\" class=\"hfeed site \">\n<div class=\"site-content\">\n<div class=\"default-content\">\n<div class=\"wine-box\">\n<div class=\"section-wrapper\">\n<section class=\"special-wine\">\n<section class=\"wine-bottle\">\n<div class=\"wine-bottle-copy-wrapper\">\n<div class=\"wine-bottle-copy\">\n<div class=\"row\">\n<div class=\"col-lg-6 col-xs-12 wine-tab\">\n<div class=\"wine-tab-text text-container wow fadeIn animated\">\n<p class=\"article paragraph \">Die gro\u00dfe Vielfalt der Ausrichtung der Weinberge aufgrund der Beschaffenheit des Bricco, H\u00fcgel im piemontesischen Dialekt, und die spezifische Klonselektion vereinen sich mit der Reifung in gro\u00dfen F\u00e4ssern unterschiedlicher Gr\u00f6\u00dfe zu einem ausgewogenen und angenehmen Barbaresco.<\/p>\n<h2>-Verkostungsnotizen-<\/h2>\n<p class=\"article paragraph \">Intensive, lebendige und brillante granatrot Farbe. In der Nase zeigt er intensive Noten von Veilchen und Rosenbl\u00e4ttern, begleitet von Ankl\u00e4ngen an Konfit\u00fcre, Bergheu und w\u00fcrzigen Empfindungen. Am Gaumen ist er umh\u00fcllend, voll, harmonisch und samtig; er offenbart intensive balsamische Noten und eine lange geschmacklich-olfaktorische Persistenz<\/p>\n<h3>Ausdruck eines geschichtstr\u00e4chtigen Landes<\/h3>\n<\/div>\n<\/div>\n<\/div>\n<\/div>\n<\/div>\n<\/section>\n<\/section>\n<\/div>\n<\/div>\n<div class=\"wine-extra white-section\">\n<div class=\"section-wrapper video-section\">\n<section class=\"video-section\">\n<div class=\"video-section-wrapper\">\n<div class=\"video-section__elements row align-items-center\">\n<div class=\"text-section text-wrapper col-md-4 col-sm-6\">\n<p class=\"article paragraph text-animated \">Der Barbaresco von Prunotto stammt aus den Weinbergen in der Zone von Barbaresco, Treiso und Neive, aus der elegantesten Ausdrucksform des Nebbiolo. Ein aristokratischer, aber zug\u00e4nglicher und angenehmer Wein, mit Reifung in gro\u00dfen F\u00e4ssern unterschiedlicher Gr\u00f6\u00dfe, um seine Harmonie und Geschmeidigkeit am Gaumen hervorzuheben.<\/p>\n<\/div>\n<\/div>\n<\/div>\n<\/section>\n<\/div>\n<\/div>\n<\/div>\n<\/div>\n<\/div>\n<div id=\"page\" class=\"hfeed site \">\n<div class=\"site-content\">\n<div class=\"default-content\">\n<div class=\"wine-box\">\n<div class=\"section-wrapper\">\n<section class=\"special-wine\">\n<section class=\"wine-bottle\">\n<div class=\"wine-bottle-copy-wrapper\">\n<div class=\"wine-bottle-copy\">\n<div class=\"row\"><\/div>\n<\/div>\n<\/div>\n<\/section>\n<\/section>\n<\/div>\n<\/div>\n<\/div>\n<\/div>\n<\/div>\n","protected":false},"excerpt":{"rendered":"<p>PRUNOTTO Barbaresco 2017 DAS WEINGUT &#8211; PRUNOTTO Prunotto befindet sich in Alba, dem wichtigsten Zentrum der Langhe, gleich weit entfernt von Barbaresco und Barolo; am rechten Ufer des Flusses Tanaro, auf einer sanften Ebene, umgeben von den Weinbergen der Langhe und des Roero. Die Familie Antinori, fasziniert von einem so bezaubernden Umfeld wie Alba und [&hellip;]<\/p>\n","protected":false},"featured_media":41145,"comment_status":"open","ping_status":"closed","template":"","meta":{"_acf_changed":false,"_monsterinsights_skip_tracking":false,"_monsterinsights_sitenote_active":false,"_monsterinsights_sitenote_note":"","_monsterinsights_sitenote_category":0},"product_brand":[],"product_cat":[1773],"product_tag":[15895,15893,15959],"class_list":{"0":"post-49706","1":"product","2":"type-product","3":"status-publish","4":"has-post-thumbnail","6":"product_cat-barbaresco-de","7":"product_tag-barbaresco-de-2","8":"product_tag-piemonte-de","9":"product_tag-vino-rosso-de","10":"pa_appellation-barbaresco-docg-de","11":"pa_formato-0-75-l-flasche-de","12":"pa_producer-prunotto-de","13":"pa_region-piemont-de","14":"pa_vine-100-nebbiolo-de","15":"pa_vintage-2017-de","17":"first","18":"instock","19":"taxable","20":"shipping-taxable","21":"purchasable","22":"product-type-simple"},"bundled_by":[],"bundle_stock_status":"instock","bundle_stock_quantity":12,"bundle_virtual":false,"bundle_layout":"","bundle_add_to_cart_form_location":"","bundle_editable_in_cart":false,"bundle_sold_individually_context":"","bundle_item_grouping":"","bundle_min_size":"","bundle_max_size":"","bundle_price":[],"bundled_items":[],"bundle_sell_ids":[],"yoast_head":"<!-- This site is optimized with the Yoast SEO plugin v27.3 - https:\/\/yoast.com\/product\/yoast-seo-wordpress\/ -->\n<title>PRUNOTTO Barbaresco 2017 bei Fons Vinum kaufen<\/title>\n<meta name=\"description\" content=\"Kaufen Sie PRUNOTTO Barbaresco 2017 online bei Fons Vinum, einen ausgewogenen und angenehmen Barbaresco; volle und einh\u00fcllende Tannine...\" \/>\n<meta name=\"robots\" content=\"index, follow, max-snippet:-1, max-image-preview:large, max-video-preview:-1\" \/>\n<link rel=\"canonical\" href=\"https:\/\/fonsvinum.com\/de\/produkt\/prunotto-barbaresco-2017\/\" \/>\n<meta property=\"og:locale\" content=\"de_DE\" \/>\n<meta property=\"og:type\" content=\"article\" \/>\n<meta property=\"og:title\" content=\"PRUNOTTO Barbaresco 2017 bei Fons Vinum kaufen\" \/>\n<meta property=\"og:description\" content=\"Kaufen Sie PRUNOTTO Barbaresco 2017 online bei Fons Vinum, einen ausgewogenen und angenehmen Barbaresco; volle und einh\u00fcllende Tannine...\" \/>\n<meta property=\"og:url\" content=\"https:\/\/fonsvinum.com\/de\/produkt\/prunotto-barbaresco-2017\/\" \/>\n<meta property=\"og:site_name\" content=\"Fons Vinum\" \/>\n<meta property=\"article:modified_time\" content=\"2026-04-27T04:43:59+00:00\" \/>\n<meta property=\"og:image\" content=\"https:\/\/fonsvinum.com\/files\/2023\/06\/prunotto-Barbaresco.png\" \/>\n\t<meta property=\"og:image:width\" content=\"210\" \/>\n\t<meta property=\"og:image:height\" content=\"600\" \/>\n\t<meta property=\"og:image:type\" content=\"image\/png\" \/>\n<meta name=\"twitter:label1\" content=\"Gesch\u00e4tzte Lesezeit\" \/>\n\t<meta name=\"twitter:data1\" content=\"3\u00a0Minuten\" \/>\n<script type=\"application\/ld+json\" class=\"yoast-schema-graph\">{\"@context\":\"https:\\\/\\\/schema.org\",\"@graph\":[{\"@type\":\"WebPage\",\"@id\":\"https:\\\/\\\/fonsvinum.com\\\/de\\\/produkt\\\/prunotto-barbaresco-2017\\\/\",\"url\":\"https:\\\/\\\/fonsvinum.com\\\/de\\\/produkt\\\/prunotto-barbaresco-2017\\\/\",\"name\":\"PRUNOTTO Barbaresco 2017 bei Fons Vinum kaufen\",\"isPartOf\":{\"@id\":\"https:\\\/\\\/fonsvinum.com\\\/en\\\/#website\"},\"primaryImageOfPage\":{\"@id\":\"https:\\\/\\\/fonsvinum.com\\\/de\\\/produkt\\\/prunotto-barbaresco-2017\\\/#primaryimage\"},\"image\":{\"@id\":\"https:\\\/\\\/fonsvinum.com\\\/de\\\/produkt\\\/prunotto-barbaresco-2017\\\/#primaryimage\"},\"thumbnailUrl\":\"https:\\\/\\\/fonsvinum.com\\\/files\\\/2023\\\/06\\\/prunotto-Barbaresco.png\",\"datePublished\":\"2026-04-27T04:39:47+00:00\",\"dateModified\":\"2026-04-27T04:43:59+00:00\",\"description\":\"Kaufen Sie PRUNOTTO Barbaresco 2017 online bei Fons Vinum, einen ausgewogenen und angenehmen Barbaresco; volle und einh\u00fcllende Tannine...\",\"breadcrumb\":{\"@id\":\"https:\\\/\\\/fonsvinum.com\\\/de\\\/produkt\\\/prunotto-barbaresco-2017\\\/#breadcrumb\"},\"inLanguage\":\"de\",\"potentialAction\":[{\"@type\":\"ReadAction\",\"target\":[\"https:\\\/\\\/fonsvinum.com\\\/de\\\/produkt\\\/prunotto-barbaresco-2017\\\/\"]}]},{\"@type\":\"ImageObject\",\"inLanguage\":\"de\",\"@id\":\"https:\\\/\\\/fonsvinum.com\\\/de\\\/produkt\\\/prunotto-barbaresco-2017\\\/#primaryimage\",\"url\":\"https:\\\/\\\/fonsvinum.com\\\/files\\\/2023\\\/06\\\/prunotto-Barbaresco.png\",\"contentUrl\":\"https:\\\/\\\/fonsvinum.com\\\/files\\\/2023\\\/06\\\/prunotto-Barbaresco.png\",\"width\":210,\"height\":600},{\"@type\":\"BreadcrumbList\",\"@id\":\"https:\\\/\\\/fonsvinum.com\\\/de\\\/produkt\\\/prunotto-barbaresco-2017\\\/#breadcrumb\",\"itemListElement\":[{\"@type\":\"ListItem\",\"position\":1,\"name\":\"Startseite\",\"item\":\"https:\\\/\\\/fonsvinum.com\\\/de\\\/\"},{\"@type\":\"ListItem\",\"position\":2,\"name\":\"Shop\",\"item\":\"https:\\\/\\\/fonsvinum.com\\\/de\\\/shop\\\/\"},{\"@type\":\"ListItem\",\"position\":3,\"name\":\"PRUNOTTO Barbaresco 2017\"}]},{\"@type\":\"WebSite\",\"@id\":\"https:\\\/\\\/fonsvinum.com\\\/en\\\/#website\",\"url\":\"https:\\\/\\\/fonsvinum.com\\\/en\\\/\",\"name\":\"Fons Vinum\",\"description\":\"Vendita Vino Online\",\"publisher\":{\"@id\":\"https:\\\/\\\/fonsvinum.com\\\/en\\\/#organization\"},\"potentialAction\":[{\"@type\":\"SearchAction\",\"target\":{\"@type\":\"EntryPoint\",\"urlTemplate\":\"https:\\\/\\\/fonsvinum.com\\\/en\\\/?s={search_term_string}\"},\"query-input\":{\"@type\":\"PropertyValueSpecification\",\"valueRequired\":true,\"valueName\":\"search_term_string\"}}],\"inLanguage\":\"de\"},{\"@type\":\"Organization\",\"@id\":\"https:\\\/\\\/fonsvinum.com\\\/en\\\/#organization\",\"name\":\"Fons Vinum\",\"url\":\"https:\\\/\\\/fonsvinum.com\\\/en\\\/\",\"logo\":{\"@type\":\"ImageObject\",\"inLanguage\":\"de\",\"@id\":\"https:\\\/\\\/fonsvinum.com\\\/en\\\/#\\\/schema\\\/logo\\\/image\\\/\",\"url\":\"\",\"contentUrl\":\"\",\"caption\":\"Fons Vinum\"},\"image\":{\"@id\":\"https:\\\/\\\/fonsvinum.com\\\/en\\\/#\\\/schema\\\/logo\\\/image\\\/\"}}]}<\/script>\n<!-- \/ Yoast SEO plugin. -->","yoast_head_json":{"title":"PRUNOTTO Barbaresco 2017 bei Fons Vinum kaufen","description":"Kaufen Sie PRUNOTTO Barbaresco 2017 online bei Fons Vinum, einen ausgewogenen und angenehmen Barbaresco; volle und einh\u00fcllende Tannine...","robots":{"index":"index","follow":"follow","max-snippet":"max-snippet:-1","max-image-preview":"max-image-preview:large","max-video-preview":"max-video-preview:-1"},"canonical":"https:\/\/fonsvinum.com\/de\/produkt\/prunotto-barbaresco-2017\/","og_locale":"de_DE","og_type":"article","og_title":"PRUNOTTO Barbaresco 2017 bei Fons Vinum kaufen","og_description":"Kaufen Sie PRUNOTTO Barbaresco 2017 online bei Fons Vinum, einen ausgewogenen und angenehmen Barbaresco; volle und einh\u00fcllende Tannine...","og_url":"https:\/\/fonsvinum.com\/de\/produkt\/prunotto-barbaresco-2017\/","og_site_name":"Fons Vinum","article_modified_time":"2026-04-27T04:43:59+00:00","og_image":[{"width":210,"height":600,"url":"https:\/\/fonsvinum.com\/files\/2023\/06\/prunotto-Barbaresco.png","type":"image\/png"}],"twitter_misc":{"Gesch\u00e4tzte Lesezeit":"3\u00a0Minuten"},"schema":{"@context":"https:\/\/schema.org","@graph":[{"@type":"WebPage","@id":"https:\/\/fonsvinum.com\/de\/produkt\/prunotto-barbaresco-2017\/","url":"https:\/\/fonsvinum.com\/de\/produkt\/prunotto-barbaresco-2017\/","name":"PRUNOTTO Barbaresco 2017 bei Fons Vinum kaufen","isPartOf":{"@id":"https:\/\/fonsvinum.com\/en\/#website"},"primaryImageOfPage":{"@id":"https:\/\/fonsvinum.com\/de\/produkt\/prunotto-barbaresco-2017\/#primaryimage"},"image":{"@id":"https:\/\/fonsvinum.com\/de\/produkt\/prunotto-barbaresco-2017\/#primaryimage"},"thumbnailUrl":"https:\/\/fonsvinum.com\/files\/2023\/06\/prunotto-Barbaresco.png","datePublished":"2026-04-27T04:39:47+00:00","dateModified":"2026-04-27T04:43:59+00:00","description":"Kaufen Sie PRUNOTTO Barbaresco 2017 online bei Fons Vinum, einen ausgewogenen und angenehmen Barbaresco; volle und einh\u00fcllende Tannine...","breadcrumb":{"@id":"https:\/\/fonsvinum.com\/de\/produkt\/prunotto-barbaresco-2017\/#breadcrumb"},"inLanguage":"de","potentialAction":[{"@type":"ReadAction","target":["https:\/\/fonsvinum.com\/de\/produkt\/prunotto-barbaresco-2017\/"]}]},{"@type":"ImageObject","inLanguage":"de","@id":"https:\/\/fonsvinum.com\/de\/produkt\/prunotto-barbaresco-2017\/#primaryimage","url":"https:\/\/fonsvinum.com\/files\/2023\/06\/prunotto-Barbaresco.png","contentUrl":"https:\/\/fonsvinum.com\/files\/2023\/06\/prunotto-Barbaresco.png","width":210,"height":600},{"@type":"BreadcrumbList","@id":"https:\/\/fonsvinum.com\/de\/produkt\/prunotto-barbaresco-2017\/#breadcrumb","itemListElement":[{"@type":"ListItem","position":1,"name":"Startseite","item":"https:\/\/fonsvinum.com\/de\/"},{"@type":"ListItem","position":2,"name":"Shop","item":"https:\/\/fonsvinum.com\/de\/shop\/"},{"@type":"ListItem","position":3,"name":"PRUNOTTO Barbaresco 2017"}]},{"@type":"WebSite","@id":"https:\/\/fonsvinum.com\/en\/#website","url":"https:\/\/fonsvinum.com\/en\/","name":"Fons Vinum","description":"Vendita Vino Online","publisher":{"@id":"https:\/\/fonsvinum.com\/en\/#organization"},"potentialAction":[{"@type":"SearchAction","target":{"@type":"EntryPoint","urlTemplate":"https:\/\/fonsvinum.com\/en\/?s={search_term_string}"},"query-input":{"@type":"PropertyValueSpecification","valueRequired":true,"valueName":"search_term_string"}}],"inLanguage":"de"},{"@type":"Organization","@id":"https:\/\/fonsvinum.com\/en\/#organization","name":"Fons Vinum","url":"https:\/\/fonsvinum.com\/en\/","logo":{"@type":"ImageObject","inLanguage":"de","@id":"https:\/\/fonsvinum.com\/en\/#\/schema\/logo\/image\/","url":"","contentUrl":"","caption":"Fons Vinum"},"image":{"@id":"https:\/\/fonsvinum.com\/en\/#\/schema\/logo\/image\/"}}]}},"acf":[],"_links":{"self":[{"href":"https:\/\/fonsvinum.com\/de\/wp-json\/wp\/v2\/product\/49706","targetHints":{"allow":["GET"]}}],"collection":[{"href":"https:\/\/fonsvinum.com\/de\/wp-json\/wp\/v2\/product"}],"about":[{"href":"https:\/\/fonsvinum.com\/de\/wp-json\/wp\/v2\/types\/product"}],"replies":[{"embeddable":true,"href":"https:\/\/fonsvinum.com\/de\/wp-json\/wp\/v2\/comments?post=49706"}],"wp:featuredmedia":[{"embeddable":true,"href":"https:\/\/fonsvinum.com\/de\/wp-json\/wp\/v2\/media\/41145"}],"wp:attachment":[{"href":"https:\/\/fonsvinum.com\/de\/wp-json\/wp\/v2\/media?parent=49706"}],"wp:term":[{"taxonomy":"product_brand","embeddable":true,"href":"https:\/\/fonsvinum.com\/de\/wp-json\/wp\/v2\/product_brand?post=49706"},{"taxonomy":"product_cat","embeddable":true,"href":"https:\/\/fonsvinum.com\/de\/wp-json\/wp\/v2\/product_cat?post=49706"},{"taxonomy":"product_tag","embeddable":true,"href":"https:\/\/fonsvinum.com\/de\/wp-json\/wp\/v2\/product_tag?post=49706"}],"curies":[{"name":"wp","href":"https:\/\/api.w.org\/{rel}","templated":true}]}}