{"id":49694,"date":"2026-04-25T07:35:38","date_gmt":"2026-04-25T05:35:38","guid":{"rendered":"https:\/\/fonsvinum.com\/?post_type=product&#038;p=49694"},"modified":"2026-04-25T07:50:37","modified_gmt":"2026-04-25T05:50:37","slug":"giuseppe-cortese-barbaresco-rabaja-riserva-2016","status":"publish","type":"product","link":"https:\/\/fonsvinum.com\/de\/produkt\/giuseppe-cortese-barbaresco-rabaja-riserva-2016\/","title":{"rendered":"GIUSEPPE CORTESE Barbaresco Rabaja Riserva 2016"},"content":{"rendered":"<h2><a href=\"https:\/\/cortesegiuseppe.it\/\">GIUSEPPE CORTESE<\/a> <a href=\"https:\/\/fonsvinum.com\/de\/produkt-kategorie\/rotweine-de\/barbaresco-de\/\">Barbaresco<\/a> Rabaja Riserva 2016<\/h2>\n<h2 class=\"lead\">WEINGUT <a href=\"https:\/\/fonsvinum.com\/de\/attributes\/producer\/giuseppe-cortese-de\/\">GIUSEPPE CORTESE<\/a><\/h2>\n<div class=\"col-md-12\">\n<p>Das Weingut von Giuseppe Cortese befindet sich in der Strada Rabaj\u00e0 in Barbaresco, einem Dorf im <strong>Herzen der Langhe<\/strong>, auf der Kuppe eines sanften H\u00fcgels, an dessen Fu\u00df der Fluss Tanaro flie\u00dft. Die Familie Cortese, die diese Weinberge seit drei Generationen bewirtschaftet, besitzt acht Hektar Rebfl\u00e4che mitten in Rabaj\u00e0, <strong>einer der besten Lagen f\u00fcr die Produktion von Barbaresco<\/strong>, dank der g\u00fcnstigen S\u00fcdwest-Exposition, der 40 Jahre alten Reben und einer perfekten Drainage.<\/p>\n<p>Das Weingut Cortese beweist seit jeher eine gro\u00dfe Liebe und eine starke Verbundenheit zu seinem Land, dem es aufmerksame Pflege und Respekt widmet. In seinen Weinbergen <strong>verzichtet das Weingut Cortese auf chemische Herbizide oder invasive Behandlungen<\/strong>. Vor kurzem haben Pier Carlo und Tiziana, die Kinder von Giuseppe, den alten Keller renoviert. In den weitl\u00e4ufigen, vollst\u00e4ndig unterirdischen R\u00e4umen ruht der Wein nun in gro\u00dfen F\u00e4ssern aus slawonischer oder franz\u00f6sischer Eiche sowie in Barriques (30 % neu) und findet dort die ideale Feuchtigkeit und Temperatur f\u00fcr eine optimale Reifung, die ihm die typischen Merkmale gro\u00dfer Komplexit\u00e4t und Eleganz verleiht.<\/p>\n<p>Im Laufe der Zeit hat sich die Marke Giuseppe Cortese bei Liebhabern durch den echten und lebendigen Charakter eines klassischen Barbaresco nach alter Tradition etabliert. Neben der Produktion des Barbaresco Rabaj\u00e0, der auch als Riserva angeboten wird, sind weitere typische Weine der Region hinzugekommen: <strong>brillante und elegante Interpretationen<\/strong>, das Ergebnis einer einzigartigen Liebe zum eigenen Land.<\/p>\n<h2><a href=\"https:\/\/fonsvinum.com\/?s=BARBARESCO&amp;post_type=product\">BARBARESCO <\/a>Rabaja Riserva 2016<\/h2>\n<p>GIUSEPPE CORTESE Barbaresco Rabaja Riserva 2016. Der Barbaresco DOCG \u201eRabaj\u00e0\u201c Riserva 2016 von Giuseppe Cortese ist ein Wein von h\u00f6chstem Prestige und gilt als einer der H\u00f6hepunkte der Appellation. Seine Charakteristik, der Herstellungsprozess und die Kritikerbewertungen best\u00e4tigen seine Rolle als \u201eAusnahmewein\u201c im Panorama der gro\u00dfen piemontesischen Rotweine.<\/p>\n<p>Der Barbaresco Riserva von Giuseppe Cortese entsteht aus einer strengen Auswahl der besten Nebbiolo-Trauben aus den \u00fcber 70 Jahre alten historischen Weinbergen der Cru Rabaj\u00e0 in S\u00fcd-S\u00fcdwest-Lage. Dieser Wein wird nur in als au\u00dfergew\u00f6hnlich geltenden Jahrg\u00e4ngen produziert. Der Vinifikationsprozess folgt der Tradition:<\/p>\n<h3>Die Weinlese.<\/h3>\n<p>Die Weinlese erfolgt von Hand. Die G\u00e4rung findet in Zement- oder Edelstahltanks \u00fcber etwa 30-35 Tage statt.<br \/>\nDer Ausbau ist lang und sorgf\u00e4ltig: 40 Monate in gro\u00dfen F\u00e4ssern aus slawonischer Eiche, gefolgt von mindestens 3 Jahren Flaschenreife vor der Vermarktung. Dieser Ansatz erm\u00f6glicht es dem Wein, Komplexit\u00e4t und Struktur zu entwickeln und dabei die Integrit\u00e4t der Frucht zu bewahren.<\/p>\n<h3>Verkostungsnotizen<\/h3>\n<p>Dieser Barbaresco Riserva pr\u00e4sentiert sich mit einer intensiven granatrot Farbe. In der Nase ist das Bouquet komplex und entwickelt sich st\u00e4ndig weiter, mit Noten von Kirsche, Sauerkirsche, Pflaume und terti\u00e4ren Ankl\u00e4ngen von Gew\u00fcrzen, Leder, Unterholz und Tabak.<\/p>\n<p>Auch florale Nuancen wie welke Rosenbl\u00e4tter sind wahrnehmbar. Am Gaumen ist er majest\u00e4tisch und tiefgr\u00fcndig, mit einem imposanten K\u00f6rper, feinen und seidigen Tanninen und bemerkenswerter Frische. Die Harmonie zwischen Frucht und Tanninstruktur macht den Trunk ausgewogen, mit einem langen und anhaltenden Finale, das einen mineralischen und mentholartigen Nachgeschmack hinterl\u00e4sst.<\/p>\n<h3>Bewertung der Kritiker<\/h3>\n<p>Der Jahrgang 2016 des Barbaresco \u201eRabaj\u00e0\u201c Riserva wurde von der internationalen Weinkritik f\u00fcr seine Eleganz, Kraft und Langlebigkeit gefeiert. Er erhielt H\u00f6chstbewertungen, die sein gro\u00dfes Reifepotenzial unterstreichen.<\/p>\n<ul>\n<li>Robert Parker&#8217;s Wine Advocate: 95\/100<\/li>\n<li>James Suckling: 94\/100<\/li>\n<li>Wine Spectator: 94\/100<\/li>\n<li>Guida Vini Vitae (AIS): Quattro Viti (h\u00f6chste Auszeichnung)<\/li>\n<li>Gambero Rosso: 3 Bicchieri (h\u00f6chste Auszeichnung)<\/li>\n<\/ul>\n<p>Die Kritiker sind sich einig, dass 2016 ein Sammlungsjahrgang ist, ein Wein, der zwar bereits genie\u00dfbar ist, aber nach vielen Jahren Kellerruhe sein Bestes geben wird. Die Rezensionen heben seine Tiefe, aromatische Komplexit\u00e4t und die F\u00e4higkeit hervor, das Terroir des Rabaj\u00e0 zu erz\u00e4hlen.<\/p>\n<\/div>\n","protected":false},"excerpt":{"rendered":"<p>GIUSEPPE CORTESE Barbaresco Rabaja Riserva 2016 WEINGUT GIUSEPPE CORTESE Das Weingut von Giuseppe Cortese befindet sich in der Strada Rabaj\u00e0 in Barbaresco, einem Dorf im Herzen der Langhe, auf der Kuppe eines sanften H\u00fcgels, an dessen Fu\u00df der Fluss Tanaro flie\u00dft. Die Familie Cortese, die diese Weinberge seit drei Generationen bewirtschaftet, besitzt acht Hektar Rebfl\u00e4che [&hellip;]<\/p>\n","protected":false},"featured_media":49690,"comment_status":"open","ping_status":"closed","template":"","meta":{"_acf_changed":false,"_monsterinsights_skip_tracking":false,"_monsterinsights_sitenote_active":false,"_monsterinsights_sitenote_note":"","_monsterinsights_sitenote_category":0},"product_brand":[],"product_cat":[1773],"product_tag":[1751,15895],"class_list":{"0":"post-49694","1":"product","2":"type-product","3":"status-publish","4":"has-post-thumbnail","6":"product_cat-barbaresco-de","7":"product_tag-aussergewoehnliche-weine-aus-italien-de","8":"product_tag-barbaresco-de-2","9":"pa_appellation-barbaresco-docg-de","10":"pa_formato-0-75-l-flasche-de","11":"pa_producer-giuseppe-cortese-de","12":"pa_region-piemont-de","13":"pa_vine-100-nebbiolo-de","14":"pa_vintage-2016-de","16":"first","17":"instock","18":"taxable","19":"shipping-taxable","20":"purchasable","21":"product-type-simple"},"bundled_by":[],"bundle_stock_status":"instock","bundle_stock_quantity":6,"bundle_virtual":false,"bundle_layout":"","bundle_add_to_cart_form_location":"","bundle_editable_in_cart":false,"bundle_sold_individually_context":"","bundle_item_grouping":"","bundle_min_size":"","bundle_max_size":"","bundle_price":[],"bundled_items":[],"bundle_sell_ids":[],"yoast_head":"<!-- This site is optimized with the Yoast SEO plugin v27.3 - https:\/\/yoast.com\/product\/yoast-seo-wordpress\/ -->\n<title>GIUSEPPE CORTESE Barbaresco Rabaja Riserva 2016<\/title>\n<meta name=\"description\" content=\"GIUSEPPE CORTESE Barbaresco Rabaja Riserva 2016 kaufen - Ein Wein, dem man Respekt zollen muss, ein Wein von bew\u00e4hrtem Stil, kraftvoll, vollmundig, einzigartig\" \/>\n<meta name=\"robots\" content=\"index, follow, max-snippet:-1, max-image-preview:large, max-video-preview:-1\" \/>\n<link rel=\"canonical\" href=\"https:\/\/fonsvinum.com\/de\/produkt\/giuseppe-cortese-barbaresco-rabaja-riserva-2016\/\" \/>\n<meta property=\"og:locale\" content=\"de_DE\" \/>\n<meta property=\"og:type\" content=\"article\" \/>\n<meta property=\"og:title\" content=\"GIUSEPPE CORTESE Barbaresco Rabaja Riserva 2016\" \/>\n<meta property=\"og:description\" content=\"GIUSEPPE CORTESE Barbaresco Rabaja Riserva 2016 kaufen - Ein Wein, dem man Respekt zollen muss, ein Wein von bew\u00e4hrtem Stil, kraftvoll, vollmundig, einzigartig\" \/>\n<meta property=\"og:url\" content=\"https:\/\/fonsvinum.com\/de\/produkt\/giuseppe-cortese-barbaresco-rabaja-riserva-2016\/\" \/>\n<meta property=\"og:site_name\" content=\"Fons Vinum\" \/>\n<meta property=\"article:modified_time\" content=\"2026-04-25T05:50:37+00:00\" \/>\n<meta property=\"og:image\" content=\"https:\/\/fonsvinum.com\/files\/2026\/04\/giuseppe-cortese-barbaresco-1.png\" \/>\n\t<meta property=\"og:image:width\" content=\"200\" \/>\n\t<meta property=\"og:image:height\" content=\"600\" \/>\n\t<meta property=\"og:image:type\" content=\"image\/png\" \/>\n<meta name=\"twitter:label1\" content=\"Gesch\u00e4tzte Lesezeit\" \/>\n\t<meta name=\"twitter:data1\" content=\"4\u00a0Minuten\" \/>\n<script type=\"application\/ld+json\" class=\"yoast-schema-graph\">{\"@context\":\"https:\\\/\\\/schema.org\",\"@graph\":[{\"@type\":\"WebPage\",\"@id\":\"https:\\\/\\\/fonsvinum.com\\\/de\\\/produkt\\\/giuseppe-cortese-barbaresco-rabaja-riserva-2016\\\/\",\"url\":\"https:\\\/\\\/fonsvinum.com\\\/de\\\/produkt\\\/giuseppe-cortese-barbaresco-rabaja-riserva-2016\\\/\",\"name\":\"GIUSEPPE CORTESE Barbaresco Rabaja Riserva 2016\",\"isPartOf\":{\"@id\":\"https:\\\/\\\/fonsvinum.com\\\/en\\\/#website\"},\"primaryImageOfPage\":{\"@id\":\"https:\\\/\\\/fonsvinum.com\\\/de\\\/produkt\\\/giuseppe-cortese-barbaresco-rabaja-riserva-2016\\\/#primaryimage\"},\"image\":{\"@id\":\"https:\\\/\\\/fonsvinum.com\\\/de\\\/produkt\\\/giuseppe-cortese-barbaresco-rabaja-riserva-2016\\\/#primaryimage\"},\"thumbnailUrl\":\"https:\\\/\\\/fonsvinum.com\\\/files\\\/2026\\\/04\\\/giuseppe-cortese-barbaresco-1.png\",\"datePublished\":\"2026-04-25T05:35:38+00:00\",\"dateModified\":\"2026-04-25T05:50:37+00:00\",\"description\":\"GIUSEPPE CORTESE Barbaresco Rabaja Riserva 2016 kaufen - Ein Wein, dem man Respekt zollen muss, ein Wein von bew\u00e4hrtem Stil, kraftvoll, vollmundig, einzigartig\",\"breadcrumb\":{\"@id\":\"https:\\\/\\\/fonsvinum.com\\\/de\\\/produkt\\\/giuseppe-cortese-barbaresco-rabaja-riserva-2016\\\/#breadcrumb\"},\"inLanguage\":\"de\",\"potentialAction\":[{\"@type\":\"ReadAction\",\"target\":[\"https:\\\/\\\/fonsvinum.com\\\/de\\\/produkt\\\/giuseppe-cortese-barbaresco-rabaja-riserva-2016\\\/\"]}]},{\"@type\":\"ImageObject\",\"inLanguage\":\"de\",\"@id\":\"https:\\\/\\\/fonsvinum.com\\\/de\\\/produkt\\\/giuseppe-cortese-barbaresco-rabaja-riserva-2016\\\/#primaryimage\",\"url\":\"https:\\\/\\\/fonsvinum.com\\\/files\\\/2026\\\/04\\\/giuseppe-cortese-barbaresco-1.png\",\"contentUrl\":\"https:\\\/\\\/fonsvinum.com\\\/files\\\/2026\\\/04\\\/giuseppe-cortese-barbaresco-1.png\",\"width\":200,\"height\":600,\"caption\":\"giuseppe-cortese-barbaresco\"},{\"@type\":\"BreadcrumbList\",\"@id\":\"https:\\\/\\\/fonsvinum.com\\\/de\\\/produkt\\\/giuseppe-cortese-barbaresco-rabaja-riserva-2016\\\/#breadcrumb\",\"itemListElement\":[{\"@type\":\"ListItem\",\"position\":1,\"name\":\"Startseite\",\"item\":\"https:\\\/\\\/fonsvinum.com\\\/de\\\/\"},{\"@type\":\"ListItem\",\"position\":2,\"name\":\"Shop\",\"item\":\"https:\\\/\\\/fonsvinum.com\\\/de\\\/shop\\\/\"},{\"@type\":\"ListItem\",\"position\":3,\"name\":\"GIUSEPPE CORTESE Barbaresco Rabaja Riserva 2016\"}]},{\"@type\":\"WebSite\",\"@id\":\"https:\\\/\\\/fonsvinum.com\\\/en\\\/#website\",\"url\":\"https:\\\/\\\/fonsvinum.com\\\/en\\\/\",\"name\":\"Fons Vinum\",\"description\":\"Vendita Vino Online\",\"publisher\":{\"@id\":\"https:\\\/\\\/fonsvinum.com\\\/en\\\/#organization\"},\"potentialAction\":[{\"@type\":\"SearchAction\",\"target\":{\"@type\":\"EntryPoint\",\"urlTemplate\":\"https:\\\/\\\/fonsvinum.com\\\/en\\\/?s={search_term_string}\"},\"query-input\":{\"@type\":\"PropertyValueSpecification\",\"valueRequired\":true,\"valueName\":\"search_term_string\"}}],\"inLanguage\":\"de\"},{\"@type\":\"Organization\",\"@id\":\"https:\\\/\\\/fonsvinum.com\\\/en\\\/#organization\",\"name\":\"Fons Vinum\",\"url\":\"https:\\\/\\\/fonsvinum.com\\\/en\\\/\",\"logo\":{\"@type\":\"ImageObject\",\"inLanguage\":\"de\",\"@id\":\"https:\\\/\\\/fonsvinum.com\\\/en\\\/#\\\/schema\\\/logo\\\/image\\\/\",\"url\":\"\",\"contentUrl\":\"\",\"caption\":\"Fons Vinum\"},\"image\":{\"@id\":\"https:\\\/\\\/fonsvinum.com\\\/en\\\/#\\\/schema\\\/logo\\\/image\\\/\"}}]}<\/script>\n<!-- \/ Yoast SEO plugin. -->","yoast_head_json":{"title":"GIUSEPPE CORTESE Barbaresco Rabaja Riserva 2016","description":"GIUSEPPE CORTESE Barbaresco Rabaja Riserva 2016 kaufen - Ein Wein, dem man Respekt zollen muss, ein Wein von bew\u00e4hrtem Stil, kraftvoll, vollmundig, einzigartig","robots":{"index":"index","follow":"follow","max-snippet":"max-snippet:-1","max-image-preview":"max-image-preview:large","max-video-preview":"max-video-preview:-1"},"canonical":"https:\/\/fonsvinum.com\/de\/produkt\/giuseppe-cortese-barbaresco-rabaja-riserva-2016\/","og_locale":"de_DE","og_type":"article","og_title":"GIUSEPPE CORTESE Barbaresco Rabaja Riserva 2016","og_description":"GIUSEPPE CORTESE Barbaresco Rabaja Riserva 2016 kaufen - Ein Wein, dem man Respekt zollen muss, ein Wein von bew\u00e4hrtem Stil, kraftvoll, vollmundig, einzigartig","og_url":"https:\/\/fonsvinum.com\/de\/produkt\/giuseppe-cortese-barbaresco-rabaja-riserva-2016\/","og_site_name":"Fons Vinum","article_modified_time":"2026-04-25T05:50:37+00:00","og_image":[{"width":200,"height":600,"url":"https:\/\/fonsvinum.com\/files\/2026\/04\/giuseppe-cortese-barbaresco-1.png","type":"image\/png"}],"twitter_misc":{"Gesch\u00e4tzte Lesezeit":"4\u00a0Minuten"},"schema":{"@context":"https:\/\/schema.org","@graph":[{"@type":"WebPage","@id":"https:\/\/fonsvinum.com\/de\/produkt\/giuseppe-cortese-barbaresco-rabaja-riserva-2016\/","url":"https:\/\/fonsvinum.com\/de\/produkt\/giuseppe-cortese-barbaresco-rabaja-riserva-2016\/","name":"GIUSEPPE CORTESE Barbaresco Rabaja Riserva 2016","isPartOf":{"@id":"https:\/\/fonsvinum.com\/en\/#website"},"primaryImageOfPage":{"@id":"https:\/\/fonsvinum.com\/de\/produkt\/giuseppe-cortese-barbaresco-rabaja-riserva-2016\/#primaryimage"},"image":{"@id":"https:\/\/fonsvinum.com\/de\/produkt\/giuseppe-cortese-barbaresco-rabaja-riserva-2016\/#primaryimage"},"thumbnailUrl":"https:\/\/fonsvinum.com\/files\/2026\/04\/giuseppe-cortese-barbaresco-1.png","datePublished":"2026-04-25T05:35:38+00:00","dateModified":"2026-04-25T05:50:37+00:00","description":"GIUSEPPE CORTESE Barbaresco Rabaja Riserva 2016 kaufen - Ein Wein, dem man Respekt zollen muss, ein Wein von bew\u00e4hrtem Stil, kraftvoll, vollmundig, einzigartig","breadcrumb":{"@id":"https:\/\/fonsvinum.com\/de\/produkt\/giuseppe-cortese-barbaresco-rabaja-riserva-2016\/#breadcrumb"},"inLanguage":"de","potentialAction":[{"@type":"ReadAction","target":["https:\/\/fonsvinum.com\/de\/produkt\/giuseppe-cortese-barbaresco-rabaja-riserva-2016\/"]}]},{"@type":"ImageObject","inLanguage":"de","@id":"https:\/\/fonsvinum.com\/de\/produkt\/giuseppe-cortese-barbaresco-rabaja-riserva-2016\/#primaryimage","url":"https:\/\/fonsvinum.com\/files\/2026\/04\/giuseppe-cortese-barbaresco-1.png","contentUrl":"https:\/\/fonsvinum.com\/files\/2026\/04\/giuseppe-cortese-barbaresco-1.png","width":200,"height":600,"caption":"giuseppe-cortese-barbaresco"},{"@type":"BreadcrumbList","@id":"https:\/\/fonsvinum.com\/de\/produkt\/giuseppe-cortese-barbaresco-rabaja-riserva-2016\/#breadcrumb","itemListElement":[{"@type":"ListItem","position":1,"name":"Startseite","item":"https:\/\/fonsvinum.com\/de\/"},{"@type":"ListItem","position":2,"name":"Shop","item":"https:\/\/fonsvinum.com\/de\/shop\/"},{"@type":"ListItem","position":3,"name":"GIUSEPPE CORTESE Barbaresco Rabaja Riserva 2016"}]},{"@type":"WebSite","@id":"https:\/\/fonsvinum.com\/en\/#website","url":"https:\/\/fonsvinum.com\/en\/","name":"Fons Vinum","description":"Vendita Vino Online","publisher":{"@id":"https:\/\/fonsvinum.com\/en\/#organization"},"potentialAction":[{"@type":"SearchAction","target":{"@type":"EntryPoint","urlTemplate":"https:\/\/fonsvinum.com\/en\/?s={search_term_string}"},"query-input":{"@type":"PropertyValueSpecification","valueRequired":true,"valueName":"search_term_string"}}],"inLanguage":"de"},{"@type":"Organization","@id":"https:\/\/fonsvinum.com\/en\/#organization","name":"Fons Vinum","url":"https:\/\/fonsvinum.com\/en\/","logo":{"@type":"ImageObject","inLanguage":"de","@id":"https:\/\/fonsvinum.com\/en\/#\/schema\/logo\/image\/","url":"","contentUrl":"","caption":"Fons Vinum"},"image":{"@id":"https:\/\/fonsvinum.com\/en\/#\/schema\/logo\/image\/"}}]}},"acf":[],"_links":{"self":[{"href":"https:\/\/fonsvinum.com\/de\/wp-json\/wp\/v2\/product\/49694","targetHints":{"allow":["GET"]}}],"collection":[{"href":"https:\/\/fonsvinum.com\/de\/wp-json\/wp\/v2\/product"}],"about":[{"href":"https:\/\/fonsvinum.com\/de\/wp-json\/wp\/v2\/types\/product"}],"replies":[{"embeddable":true,"href":"https:\/\/fonsvinum.com\/de\/wp-json\/wp\/v2\/comments?post=49694"}],"wp:featuredmedia":[{"embeddable":true,"href":"https:\/\/fonsvinum.com\/de\/wp-json\/wp\/v2\/media\/49690"}],"wp:attachment":[{"href":"https:\/\/fonsvinum.com\/de\/wp-json\/wp\/v2\/media?parent=49694"}],"wp:term":[{"taxonomy":"product_brand","embeddable":true,"href":"https:\/\/fonsvinum.com\/de\/wp-json\/wp\/v2\/product_brand?post=49694"},{"taxonomy":"product_cat","embeddable":true,"href":"https:\/\/fonsvinum.com\/de\/wp-json\/wp\/v2\/product_cat?post=49694"},{"taxonomy":"product_tag","embeddable":true,"href":"https:\/\/fonsvinum.com\/de\/wp-json\/wp\/v2\/product_tag?post=49694"}],"curies":[{"name":"wp","href":"https:\/\/api.w.org\/{rel}","templated":true}]}}