{"id":49676,"date":"2026-04-25T07:06:08","date_gmt":"2026-04-25T05:06:08","guid":{"rendered":"https:\/\/fonsvinum.com\/?post_type=product&#038;p=49676"},"modified":"2026-04-25T07:30:42","modified_gmt":"2026-04-25T05:30:42","slug":"giuseppe-cortese-barbaresco-2021","status":"publish","type":"product","link":"https:\/\/fonsvinum.com\/de\/produkt\/giuseppe-cortese-barbaresco-2021\/","title":{"rendered":"GIUSEPPE CORTESE Barbaresco 2021"},"content":{"rendered":"<h2><a href=\"https:\/\/cortesegiuseppe.it\/\">GIUSEPPE CORTESE<\/a> <a href=\"https:\/\/fonsvinum.com\/de\/produkt-kategorie\/rotweine-de\/barbaresco-de\/\">Barbaresco<\/a> 2021<\/h2>\n<h2 class=\"lead\">WEINGUT <a href=\"https:\/\/fonsvinum.com\/de\/attributes\/producer\/giuseppe-cortese-de\/\">GIUSEPPE CORTESE<\/a><\/h2>\n<div class=\"col-md-12\">\n<p>Das Weingut von Giuseppe Cortese befindet sich in der Strada Rabaj\u00e0 in Barbaresco, einem Dorf im <strong>Herzen der Langhe<\/strong>, auf der Kuppe eines sanften H\u00fcgels, an dessen Fu\u00df der Fluss Tanaro flie\u00dft. Die Familie Cortese, die diese Weinberge seit drei Generationen bewirtschaftet, besitzt acht Hektar Rebfl\u00e4che mitten in Rabaj\u00e0, <strong>einer der besten Lagen f\u00fcr die Produktion von Barbaresco<\/strong>, dank der g\u00fcnstigen S\u00fcdwest-Exposition, der 40 Jahre alten Reben und einer perfekten Drainage.<\/p>\n<p>Das Weingut Cortese beweist seit jeher eine gro\u00dfe Liebe und eine starke Verbundenheit zu seinem Land, dem es aufmerksame Pflege und Respekt widmet. In seinen Weinbergen <strong>verzichtet das Weingut Cortese auf chemische Herbizide oder invasive Behandlungen<\/strong>. Vor kurzem haben Pier Carlo und Tiziana, die Kinder von Giuseppe, den alten Keller renoviert. In den weitl\u00e4ufigen, vollst\u00e4ndig unterirdischen R\u00e4umen ruht der Wein nun in gro\u00dfen F\u00e4ssern aus slawonischer oder franz\u00f6sischer Eiche sowie in Barriques (30 % neu) und findet dort die ideale Feuchtigkeit und Temperatur f\u00fcr eine optimale Reifung, die ihm die typischen Merkmale gro\u00dfer Komplexit\u00e4t und Eleganz verleiht.<\/p>\n<p>Im Laufe der Zeit hat sich die Marke Giuseppe Cortese bei Liebhabern durch den echten und lebendigen Charakter eines klassischen Barbaresco nach alter Tradition etabliert. Neben der Produktion des Barbaresco Rabaj\u00e0, der auch als Riserva angeboten wird, sind weitere typische Weine der Region hinzugekommen: <strong>brillante und elegante Interpretationen<\/strong>, das Ergebnis einer einzigartigen Liebe zum eigenen Land.<\/p>\n<h2><a href=\"https:\/\/fonsvinum.com\/?s=BARBARESCO&amp;post_type=product\">BARBARESCO<\/a><\/h2>\n<p>GIUSEPPE CORTESE Barbaresco 2021. Dieser Barbaresco entstand aus der Idee, die Weinberge von Rabaj\u00e0 optimal zu nutzen: Je nach Witterungsverlauf der einzelnen Jahrg\u00e4nge bringen jene Parzellen, die nicht f\u00fcr das Spitzenetikett verwendet werden, dennoch einen BARBARESCO hervor, der die Appellation voll widerspiegelt: Frische, Mineralit\u00e4t, Komplexit\u00e4t und exzellenter Trinkfluss.<\/p>\n<h2>Ausbau<\/h2>\n<p>Etwa 18\u201322 Monate in gro\u00dfen F\u00e4ssern aus slawonischer Eiche, gefolgt von mindestens 10 Monaten Flaschenreife. Diese Methode betont die Reinheit der Frucht und die Eleganz.<\/p>\n<h2>Verkostung<\/h2>\n<ul>\n<li>Aussehen: Er pr\u00e4sentiert sich in einem brillanten Granatrot.<\/li>\n<li>Geruch: In der Nase zeigen sich Aromen von frischen roten Fr\u00fcchten wie Kirsche und Himbeere, begleitet von floralen Noten von Rose und Veilchen. Subtile w\u00fcrzige Nuancen und eine feine Mineralit\u00e4t sind ebenfalls wahrnehmbar. Einige Beschreibungen enthalten auch Noten von Wildkr\u00e4utern.<\/li>\n<li>Geschmack: Am Gaumen zeigt sich der Wein mit einer guten Balance zwischen S\u00e4ure, Alkohol und Tanninen. Die Tannine werden als pr\u00e4sent, aber gut integriert beschrieben, was dem Wein eine gute Struktur verleiht. Der Abgang ist harmonisch und langanhaltend, mit einer R\u00fcckkehr der fruchtigen Noten. Er wird oft als trinkreif beschrieben, verf\u00fcgt jedoch \u00fcber ein mittelfristiges Lagerpotenzial.<\/li>\n<\/ul>\n<h2>Bewertungen:<\/h2>\n<p>James Suckling: 93\/100<br \/>\nWine Enthusiast: 91\/100 (Editors\u2019 Choice)<br \/>\nCellar Tracker: 93\/100<br \/>\nAntonio Galloni\u2019s Vinous: 94\/100<br \/>\nRaffaele Vecchione \u2013 WinesCritic.com: 92\/100<\/p>\n<\/div>\n","protected":false},"excerpt":{"rendered":"<p>GIUSEPPE CORTESE Barbaresco 2021 WEINGUT GIUSEPPE CORTESE Das Weingut von Giuseppe Cortese befindet sich in der Strada Rabaj\u00e0 in Barbaresco, einem Dorf im Herzen der Langhe, auf der Kuppe eines sanften H\u00fcgels, an dessen Fu\u00df der Fluss Tanaro flie\u00dft. Die Familie Cortese, die diese Weinberge seit drei Generationen bewirtschaftet, besitzt acht Hektar Rebfl\u00e4che mitten in [&hellip;]<\/p>\n","protected":false},"featured_media":49690,"comment_status":"open","ping_status":"closed","template":"","meta":{"_acf_changed":false,"_monsterinsights_skip_tracking":false,"_monsterinsights_sitenote_active":false,"_monsterinsights_sitenote_note":"","_monsterinsights_sitenote_category":0},"product_brand":[],"product_cat":[1773],"product_tag":[1751,15895],"class_list":{"0":"post-49676","1":"product","2":"type-product","3":"status-publish","4":"has-post-thumbnail","6":"product_cat-barbaresco-de","7":"product_tag-aussergewoehnliche-weine-aus-italien-de","8":"product_tag-barbaresco-de-2","9":"pa_appellation-barbaresco-docg-de","10":"pa_formato-0-75-l-flasche-de","11":"pa_producer-giuseppe-cortese-de","12":"pa_region-piemont-de","13":"pa_vine-100-nebbiolo-de","14":"pa_vintage-18393","16":"first","17":"instock","18":"taxable","19":"shipping-taxable","20":"purchasable","21":"product-type-simple"},"bundled_by":[],"bundle_stock_status":"instock","bundle_stock_quantity":6,"bundle_virtual":false,"bundle_layout":"","bundle_add_to_cart_form_location":"","bundle_editable_in_cart":false,"bundle_sold_individually_context":"","bundle_item_grouping":"","bundle_min_size":"","bundle_max_size":"","bundle_price":[],"bundled_items":[],"bundle_sell_ids":[],"yoast_head":"<!-- This site is optimized with the Yoast SEO plugin v27.3 - https:\/\/yoast.com\/product\/yoast-seo-wordpress\/ -->\n<title>Barbaresco Giuseppe Cortese 2021 kaufen | FonsVinum<\/title>\n<meta name=\"description\" content=\"Barbaresco Giuseppe Cortese 2021 kaufen - FonsVinum - Ein Wein, dem man Respekt zollt; ein Wein von gefestigtem Stil, widerstandsf\u00e4hig, vollmundig und einzigartig\" \/>\n<meta name=\"robots\" content=\"index, follow, max-snippet:-1, max-image-preview:large, max-video-preview:-1\" \/>\n<link rel=\"canonical\" href=\"https:\/\/fonsvinum.com\/de\/produkt\/giuseppe-cortese-barbaresco-2021\/\" \/>\n<meta property=\"og:locale\" content=\"de_DE\" \/>\n<meta property=\"og:type\" content=\"article\" \/>\n<meta property=\"og:title\" content=\"Barbaresco Giuseppe Cortese 2021 kaufen | FonsVinum\" \/>\n<meta property=\"og:description\" content=\"Barbaresco Giuseppe Cortese 2021 kaufen - FonsVinum - Ein Wein, dem man Respekt zollt; ein Wein von gefestigtem Stil, widerstandsf\u00e4hig, vollmundig und einzigartig\" \/>\n<meta property=\"og:url\" content=\"https:\/\/fonsvinum.com\/de\/produkt\/giuseppe-cortese-barbaresco-2021\/\" \/>\n<meta property=\"og:site_name\" content=\"Fons Vinum\" \/>\n<meta property=\"article:modified_time\" content=\"2026-04-25T05:30:42+00:00\" \/>\n<meta property=\"og:image\" content=\"https:\/\/fonsvinum.com\/files\/2026\/04\/giuseppe-cortese-barbaresco-1.png\" \/>\n\t<meta property=\"og:image:width\" content=\"200\" \/>\n\t<meta property=\"og:image:height\" content=\"600\" \/>\n\t<meta property=\"og:image:type\" content=\"image\/png\" \/>\n<meta name=\"twitter:label1\" content=\"Gesch\u00e4tzte Lesezeit\" \/>\n\t<meta name=\"twitter:data1\" content=\"3\u00a0Minuten\" \/>\n<script type=\"application\/ld+json\" class=\"yoast-schema-graph\">{\"@context\":\"https:\\\/\\\/schema.org\",\"@graph\":[{\"@type\":\"WebPage\",\"@id\":\"https:\\\/\\\/fonsvinum.com\\\/de\\\/produkt\\\/giuseppe-cortese-barbaresco-2021\\\/\",\"url\":\"https:\\\/\\\/fonsvinum.com\\\/de\\\/produkt\\\/giuseppe-cortese-barbaresco-2021\\\/\",\"name\":\"Barbaresco Giuseppe Cortese 2021 kaufen | FonsVinum\",\"isPartOf\":{\"@id\":\"https:\\\/\\\/fonsvinum.com\\\/en\\\/#website\"},\"primaryImageOfPage\":{\"@id\":\"https:\\\/\\\/fonsvinum.com\\\/de\\\/produkt\\\/giuseppe-cortese-barbaresco-2021\\\/#primaryimage\"},\"image\":{\"@id\":\"https:\\\/\\\/fonsvinum.com\\\/de\\\/produkt\\\/giuseppe-cortese-barbaresco-2021\\\/#primaryimage\"},\"thumbnailUrl\":\"https:\\\/\\\/fonsvinum.com\\\/files\\\/2026\\\/04\\\/giuseppe-cortese-barbaresco-1.png\",\"datePublished\":\"2026-04-25T05:06:08+00:00\",\"dateModified\":\"2026-04-25T05:30:42+00:00\",\"description\":\"Barbaresco Giuseppe Cortese 2021 kaufen - FonsVinum - Ein Wein, dem man Respekt zollt; ein Wein von gefestigtem Stil, widerstandsf\u00e4hig, vollmundig und einzigartig\",\"breadcrumb\":{\"@id\":\"https:\\\/\\\/fonsvinum.com\\\/de\\\/produkt\\\/giuseppe-cortese-barbaresco-2021\\\/#breadcrumb\"},\"inLanguage\":\"de\",\"potentialAction\":[{\"@type\":\"ReadAction\",\"target\":[\"https:\\\/\\\/fonsvinum.com\\\/de\\\/produkt\\\/giuseppe-cortese-barbaresco-2021\\\/\"]}]},{\"@type\":\"ImageObject\",\"inLanguage\":\"de\",\"@id\":\"https:\\\/\\\/fonsvinum.com\\\/de\\\/produkt\\\/giuseppe-cortese-barbaresco-2021\\\/#primaryimage\",\"url\":\"https:\\\/\\\/fonsvinum.com\\\/files\\\/2026\\\/04\\\/giuseppe-cortese-barbaresco-1.png\",\"contentUrl\":\"https:\\\/\\\/fonsvinum.com\\\/files\\\/2026\\\/04\\\/giuseppe-cortese-barbaresco-1.png\",\"width\":200,\"height\":600,\"caption\":\"giuseppe-cortese-barbaresco\"},{\"@type\":\"BreadcrumbList\",\"@id\":\"https:\\\/\\\/fonsvinum.com\\\/de\\\/produkt\\\/giuseppe-cortese-barbaresco-2021\\\/#breadcrumb\",\"itemListElement\":[{\"@type\":\"ListItem\",\"position\":1,\"name\":\"Startseite\",\"item\":\"https:\\\/\\\/fonsvinum.com\\\/de\\\/\"},{\"@type\":\"ListItem\",\"position\":2,\"name\":\"Shop\",\"item\":\"https:\\\/\\\/fonsvinum.com\\\/de\\\/shop\\\/\"},{\"@type\":\"ListItem\",\"position\":3,\"name\":\"GIUSEPPE CORTESE Barbaresco 2021\"}]},{\"@type\":\"WebSite\",\"@id\":\"https:\\\/\\\/fonsvinum.com\\\/en\\\/#website\",\"url\":\"https:\\\/\\\/fonsvinum.com\\\/en\\\/\",\"name\":\"Fons Vinum\",\"description\":\"Vendita Vino Online\",\"publisher\":{\"@id\":\"https:\\\/\\\/fonsvinum.com\\\/en\\\/#organization\"},\"potentialAction\":[{\"@type\":\"SearchAction\",\"target\":{\"@type\":\"EntryPoint\",\"urlTemplate\":\"https:\\\/\\\/fonsvinum.com\\\/en\\\/?s={search_term_string}\"},\"query-input\":{\"@type\":\"PropertyValueSpecification\",\"valueRequired\":true,\"valueName\":\"search_term_string\"}}],\"inLanguage\":\"de\"},{\"@type\":\"Organization\",\"@id\":\"https:\\\/\\\/fonsvinum.com\\\/en\\\/#organization\",\"name\":\"Fons Vinum\",\"url\":\"https:\\\/\\\/fonsvinum.com\\\/en\\\/\",\"logo\":{\"@type\":\"ImageObject\",\"inLanguage\":\"de\",\"@id\":\"https:\\\/\\\/fonsvinum.com\\\/en\\\/#\\\/schema\\\/logo\\\/image\\\/\",\"url\":\"\",\"contentUrl\":\"\",\"caption\":\"Fons Vinum\"},\"image\":{\"@id\":\"https:\\\/\\\/fonsvinum.com\\\/en\\\/#\\\/schema\\\/logo\\\/image\\\/\"}}]}<\/script>\n<!-- \/ Yoast SEO plugin. -->","yoast_head_json":{"title":"Barbaresco Giuseppe Cortese 2021 kaufen | FonsVinum","description":"Barbaresco Giuseppe Cortese 2021 kaufen - FonsVinum - Ein Wein, dem man Respekt zollt; ein Wein von gefestigtem Stil, widerstandsf\u00e4hig, vollmundig und einzigartig","robots":{"index":"index","follow":"follow","max-snippet":"max-snippet:-1","max-image-preview":"max-image-preview:large","max-video-preview":"max-video-preview:-1"},"canonical":"https:\/\/fonsvinum.com\/de\/produkt\/giuseppe-cortese-barbaresco-2021\/","og_locale":"de_DE","og_type":"article","og_title":"Barbaresco Giuseppe Cortese 2021 kaufen | FonsVinum","og_description":"Barbaresco Giuseppe Cortese 2021 kaufen - FonsVinum - Ein Wein, dem man Respekt zollt; ein Wein von gefestigtem Stil, widerstandsf\u00e4hig, vollmundig und einzigartig","og_url":"https:\/\/fonsvinum.com\/de\/produkt\/giuseppe-cortese-barbaresco-2021\/","og_site_name":"Fons Vinum","article_modified_time":"2026-04-25T05:30:42+00:00","og_image":[{"width":200,"height":600,"url":"https:\/\/fonsvinum.com\/files\/2026\/04\/giuseppe-cortese-barbaresco-1.png","type":"image\/png"}],"twitter_misc":{"Gesch\u00e4tzte Lesezeit":"3\u00a0Minuten"},"schema":{"@context":"https:\/\/schema.org","@graph":[{"@type":"WebPage","@id":"https:\/\/fonsvinum.com\/de\/produkt\/giuseppe-cortese-barbaresco-2021\/","url":"https:\/\/fonsvinum.com\/de\/produkt\/giuseppe-cortese-barbaresco-2021\/","name":"Barbaresco Giuseppe Cortese 2021 kaufen | FonsVinum","isPartOf":{"@id":"https:\/\/fonsvinum.com\/en\/#website"},"primaryImageOfPage":{"@id":"https:\/\/fonsvinum.com\/de\/produkt\/giuseppe-cortese-barbaresco-2021\/#primaryimage"},"image":{"@id":"https:\/\/fonsvinum.com\/de\/produkt\/giuseppe-cortese-barbaresco-2021\/#primaryimage"},"thumbnailUrl":"https:\/\/fonsvinum.com\/files\/2026\/04\/giuseppe-cortese-barbaresco-1.png","datePublished":"2026-04-25T05:06:08+00:00","dateModified":"2026-04-25T05:30:42+00:00","description":"Barbaresco Giuseppe Cortese 2021 kaufen - FonsVinum - Ein Wein, dem man Respekt zollt; ein Wein von gefestigtem Stil, widerstandsf\u00e4hig, vollmundig und einzigartig","breadcrumb":{"@id":"https:\/\/fonsvinum.com\/de\/produkt\/giuseppe-cortese-barbaresco-2021\/#breadcrumb"},"inLanguage":"de","potentialAction":[{"@type":"ReadAction","target":["https:\/\/fonsvinum.com\/de\/produkt\/giuseppe-cortese-barbaresco-2021\/"]}]},{"@type":"ImageObject","inLanguage":"de","@id":"https:\/\/fonsvinum.com\/de\/produkt\/giuseppe-cortese-barbaresco-2021\/#primaryimage","url":"https:\/\/fonsvinum.com\/files\/2026\/04\/giuseppe-cortese-barbaresco-1.png","contentUrl":"https:\/\/fonsvinum.com\/files\/2026\/04\/giuseppe-cortese-barbaresco-1.png","width":200,"height":600,"caption":"giuseppe-cortese-barbaresco"},{"@type":"BreadcrumbList","@id":"https:\/\/fonsvinum.com\/de\/produkt\/giuseppe-cortese-barbaresco-2021\/#breadcrumb","itemListElement":[{"@type":"ListItem","position":1,"name":"Startseite","item":"https:\/\/fonsvinum.com\/de\/"},{"@type":"ListItem","position":2,"name":"Shop","item":"https:\/\/fonsvinum.com\/de\/shop\/"},{"@type":"ListItem","position":3,"name":"GIUSEPPE CORTESE Barbaresco 2021"}]},{"@type":"WebSite","@id":"https:\/\/fonsvinum.com\/en\/#website","url":"https:\/\/fonsvinum.com\/en\/","name":"Fons Vinum","description":"Vendita Vino Online","publisher":{"@id":"https:\/\/fonsvinum.com\/en\/#organization"},"potentialAction":[{"@type":"SearchAction","target":{"@type":"EntryPoint","urlTemplate":"https:\/\/fonsvinum.com\/en\/?s={search_term_string}"},"query-input":{"@type":"PropertyValueSpecification","valueRequired":true,"valueName":"search_term_string"}}],"inLanguage":"de"},{"@type":"Organization","@id":"https:\/\/fonsvinum.com\/en\/#organization","name":"Fons Vinum","url":"https:\/\/fonsvinum.com\/en\/","logo":{"@type":"ImageObject","inLanguage":"de","@id":"https:\/\/fonsvinum.com\/en\/#\/schema\/logo\/image\/","url":"","contentUrl":"","caption":"Fons Vinum"},"image":{"@id":"https:\/\/fonsvinum.com\/en\/#\/schema\/logo\/image\/"}}]}},"acf":[],"_links":{"self":[{"href":"https:\/\/fonsvinum.com\/de\/wp-json\/wp\/v2\/product\/49676","targetHints":{"allow":["GET"]}}],"collection":[{"href":"https:\/\/fonsvinum.com\/de\/wp-json\/wp\/v2\/product"}],"about":[{"href":"https:\/\/fonsvinum.com\/de\/wp-json\/wp\/v2\/types\/product"}],"replies":[{"embeddable":true,"href":"https:\/\/fonsvinum.com\/de\/wp-json\/wp\/v2\/comments?post=49676"}],"wp:featuredmedia":[{"embeddable":true,"href":"https:\/\/fonsvinum.com\/de\/wp-json\/wp\/v2\/media\/49690"}],"wp:attachment":[{"href":"https:\/\/fonsvinum.com\/de\/wp-json\/wp\/v2\/media?parent=49676"}],"wp:term":[{"taxonomy":"product_brand","embeddable":true,"href":"https:\/\/fonsvinum.com\/de\/wp-json\/wp\/v2\/product_brand?post=49676"},{"taxonomy":"product_cat","embeddable":true,"href":"https:\/\/fonsvinum.com\/de\/wp-json\/wp\/v2\/product_cat?post=49676"},{"taxonomy":"product_tag","embeddable":true,"href":"https:\/\/fonsvinum.com\/de\/wp-json\/wp\/v2\/product_tag?post=49676"}],"curies":[{"name":"wp","href":"https:\/\/api.w.org\/{rel}","templated":true}]}}