{"id":49662,"date":"2026-04-24T07:14:54","date_gmt":"2026-04-24T05:14:54","guid":{"rendered":"https:\/\/fonsvinum.com\/?post_type=product&#038;p=49662"},"modified":"2026-04-24T07:19:19","modified_gmt":"2026-04-24T05:19:19","slug":"barbaresco-asili-ceretto-2020","status":"publish","type":"product","link":"https:\/\/fonsvinum.com\/de\/produkt\/barbaresco-asili-ceretto-2020\/","title":{"rendered":"BARBARESCO ASILI CERETTO 2020"},"content":{"rendered":"<h1><a href=\"https:\/\/fonsvinum.com\/categoria-prodotto\/vini-rossi\/barbaresco\/\">BARBARESCO<\/a> ASILI <a href=\"https:\/\/www.ceretto.com\/it\">CERETTO<\/a> 2020<\/h1>\n<div id=\"ultimate-heading-5695e8d86c013e4b\" class=\"uvc-heading ult-adjust-bottom-margin ultimate-heading-5695e8d86c013e4b uvc-2515 \" data-hspacer=\"no_spacer\" data-halign=\"left\">\n<div class=\"uvc-sub-heading ult-responsive\" data-ultimate-target=\".uvc-heading.ultimate-heading-5695e8d86c013e4b .uvc-sub-heading \" data-responsive-json-new=\"{\">\n<div data-hide-row=\" uvc_hidden-sm uvc_hidden-xs uvc_hidden-xsl \" data-rtl=\"false\" data-row-effect-mobile-disable=\"true\">\n<div class=\"aio-icon-component style_1\">\n<div id=\"Info-box-wrap-1093\" class=\"aio-icon-box left-icon\">\n<div class=\"aio-ibd-block\">\n<h3>CERETTO Die Gr\u00fcnder<\/h3>\n<p><strong><em>Auf der Suche nach den Crus, eine geniale Intuition<\/em><\/strong><br \/>\nDie Auswahl der Weinberge in den historisch wertvollsten Lagen war das Ziel der beiden Br\u00fcder Bruno und Marcello Ceretto. Diese Idee, die auf eine Reise in das Burgund zur\u00fcckging, sollte der Familie recht geben und die Weine Barolo und Barbaresco zu den am meisten gesch\u00e4tzten der Welt machen.<\/p>\n<p>Eine Revolution f\u00fcr die damalige Zeit in einem Gebiet, in dem das Konzept der Cru v\u00f6llig unbekannt war, aber vor allem eine geniale Intuition. Ein wahrer Kampf, den sie mit ihrem Vater Riccardo ausfochten, der die Trauben kaufte, um sie dann zu vinifizieren. \u201eIhr beginnt einen schwierigen Weg, die Erde hat noch niemanden reich gemacht\u201c, behauptete Riccardo, doch die hartn\u00e4ckigen Bruno und Marcello hatten keine Zweifel: \u201eWir sind zu einhundert Prozent f\u00fcr das Land; der Keller z\u00e4hlt sicher ein wenig, aber gro\u00dfe Weine werden aus Trauben gemacht.\u201c<\/p>\n<p>So begannen sie von Etiketten zu tr\u00e4umen, die den Namen des Weinbergs tragen und auf denen auch dessen Foto zu sehen ist: \u201eSo hat derjenige, der diesen Wein trinkt, den Weinberg vor Augen, aus dem er stammt. Der Weinberg ist Geschichte, die Namen der H\u00fcgel bleiben \u00fcber die Zeit bestehen, sie \u00e4ndern sich nicht, und das st\u00e4rkt die Qualit\u00e4t und Glaubw\u00fcrdigkeit der hier erzeugten Weine. Einen Weinberg kann man suchen, besuchen und ber\u00fchren, immer.\u201c<\/p>\n<h3>CERETTO Weingut<\/h3>\n<p>1986 brachte der Wine Spectator, die wohl einflussreichste amerikanische Weinzeitschrift, die beiden Br\u00fcder aus der Langa auf das Titelblatt und nannte sie \u201eBarolo Brothers\u201c. Bruno und Marcello sind noch keine 50 Jahre alt, lassen sich aber nicht von dieser offiziellen Anerkennung \u00fcberw\u00e4ltigen, die alle anstreben, aber nur wenige erreichen.<\/p>\n<p>Heute sind sie sich selbst treu geblieben, sie haben nicht aufgeh\u00f6rt zu tr\u00e4umen und f\u00fcr ein gerechtes Ziel zu k\u00e4mpfen. In der Zwischenzeit ist die Langa mit ihnen gewachsen und mit jenen, die wie sie den Namen des Landes, in dem sie geboren wurden und das sie ihr ganzes Leben lang begleitet hat, vor ihren eigenen Namen stellen.<\/p>\n<p><em>Vor kurzem hat das Unternehmen eine sehr wichtige Entscheidung getroffen: auf jegliche Chemikalien zu verzichten, um einen so naturbelassenen Wein wie m\u00f6glich zu erzeugen. <\/em><\/p>\n<h3><i>Unsere Philosophie<\/i><\/h3>\n<blockquote><p>\u201eUnsere Arbeit ist mehr ein Vergn\u00fcgen als ein Beruf. Eine Gewissheit ist die von meinem Vater etablierte Methode: unseren Kunden unsere Kultur n\u00e4herzubringen und sie die Sch\u00f6nheit unserer Region, der Langhe, erleben zu lassen.\u201c<\/p>\n<p>Federico Ceretto<\/p><\/blockquote>\n<h2>BARBARESCO ASILI<\/h2>\n<h3>Kellerei Bricco Asili<\/h3>\n<p>BARBARESCO ASILI CERETTO 2020. Bricco Asili ist das <strong>erste Weingut<\/strong>, das von Bruno und Marcello Ceretto <strong>1973<\/strong> errichtet wurde. Die Idee war, einen Ort zu schaffen, der der Vinifikation und Reifung gewidmet ist, <strong>indem man ihn direkt am Ursprungsort der Trauben errichtete<\/strong>, nach dem Vorbild der franz\u00f6sischen Ch\u00e2teaux. Derzeit werden in diesem Weingut die Trauben von zwei au\u00dfergew\u00f6hnlichen Climats verarbeitet: dem Bernadot von Treiso und dem Asili von Barbaresco.<\/p>\n<h3>Der Wein<\/h3>\n<section id=\"block-system-main\" class=\"block block-system clearfix\">\n<article id=\"node-62\" class=\"node node-wine clearfix section pattern-section\">\n<div class=\"container\">\n<div class=\"col-sm-4 txt-wine\" data-mh=\"col-wine\">\n<div class=\"field field-name-body field-type-text-with-summary field-label-hidden\">\n<div class=\"field-items\">\n<div class=\"field-item even\">\n<p>Er ist einer der repr\u00e4sentativsten Climats der Appellation und ein Symbol f\u00fcr die Gemeinde Barbaresco selbst, f\u00e4hig, durch Finesse und Kraft sowie durch entwaffnende Eleganz und Langlebigkeit zu beeindrucken. Die Rebfl\u00e4che erstreckt sich bis zum Fu\u00dfe des H\u00fcgels und reicht von 290 Metern am Gipfel bis zu 200 Metern im Talgrund. Die B\u00f6den sind gepr\u00e4gt von Sant&#8217;Agata-Fossilien-Mergel, und die Ausrichtung ist S\u00fcd\/S\u00fcdwest. Ceretto besitzt die Kuppe des H\u00fcgels (etwas mehr als ein Hektar), die aufgrund ihrer besonderen Nuancen fast als eigenst\u00e4ndiger Produktionskontext betrachtet werden kann. Die <a href=\"https:\/\/fonsvinum.com\/categoria-prodotto\/vini-rossi\/nebbiolo\/\">Trauben<\/a> dieses Weinbergs werden seit der ersten H\u00e4lfte der 1970er-Jahre sortenrein vinifiziert.<\/p>\n<p>&nbsp;<\/p>\n<p>&nbsp;<\/p>\n<\/div>\n<\/div>\n<\/div>\n<\/div>\n<\/div>\n<\/article>\n<\/section>\n<\/div>\n<\/div>\n<\/div>\n<\/div>\n<\/div>\n<\/div>\n","protected":false},"excerpt":{"rendered":"<p>BARBARESCO ASILI CERETTO 2020 CERETTO Die Gr\u00fcnder Auf der Suche nach den Crus, eine geniale Intuition Die Auswahl der Weinberge in den historisch wertvollsten Lagen war das Ziel der beiden Br\u00fcder Bruno und Marcello Ceretto. Diese Idee, die auf eine Reise in das Burgund zur\u00fcckging, sollte der Familie recht geben und die Weine Barolo und [&hellip;]<\/p>\n","protected":false},"featured_media":23600,"comment_status":"open","ping_status":"closed","template":"","meta":{"_acf_changed":false,"_monsterinsights_skip_tracking":false,"_monsterinsights_sitenote_active":false,"_monsterinsights_sitenote_note":"","_monsterinsights_sitenote_category":0},"product_brand":[],"product_cat":[1773],"product_tag":[15895,15959],"class_list":{"0":"post-49662","1":"product","2":"type-product","3":"status-publish","4":"has-post-thumbnail","6":"product_cat-barbaresco-de","7":"product_tag-barbaresco-de-2","8":"product_tag-vino-rosso-de","9":"pa_appellation-barbaresco-docg-de","10":"pa_formato-0-75-l-flasche-de","11":"pa_producer-ceretto-de","12":"pa_region-piemont-de","13":"pa_vine-100-nebbiolo-de","14":"pa_vintage-2020-de","16":"first","17":"instock","18":"taxable","19":"shipping-taxable","20":"purchasable","21":"product-type-simple"},"bundled_by":[],"bundle_stock_status":"instock","bundle_stock_quantity":9,"bundle_virtual":false,"bundle_layout":"","bundle_add_to_cart_form_location":"","bundle_editable_in_cart":false,"bundle_sold_individually_context":"","bundle_item_grouping":"","bundle_min_size":"","bundle_max_size":"","bundle_price":[],"bundled_items":[],"bundle_sell_ids":[],"yoast_head":"<!-- This site is optimized with the Yoast SEO plugin v27.3 - https:\/\/yoast.com\/product\/yoast-seo-wordpress\/ -->\n<title>BARBARESCO ASILI CERETTO 2020 online kaufen - FonsVinum<\/title>\n<meta name=\"description\" content=\"BARBARESCO ASILI CERETTO 2020 kaufen -FonsVinum- Symbol des Barbaresco, beeindruckend durch Finesse und Kraft, durch entwaffnende Eleganz und Langlebigkeit...\" \/>\n<meta name=\"robots\" content=\"index, follow, max-snippet:-1, max-image-preview:large, max-video-preview:-1\" \/>\n<link rel=\"canonical\" href=\"https:\/\/fonsvinum.com\/de\/produkt\/barbaresco-asili-ceretto-2020\/\" \/>\n<meta property=\"og:locale\" content=\"de_DE\" \/>\n<meta property=\"og:type\" content=\"article\" \/>\n<meta property=\"og:title\" content=\"BARBARESCO ASILI CERETTO 2020 online kaufen - FonsVinum\" \/>\n<meta property=\"og:description\" content=\"BARBARESCO ASILI CERETTO 2020 kaufen -FonsVinum- Symbol des Barbaresco, beeindruckend durch Finesse und Kraft, durch entwaffnende Eleganz und Langlebigkeit...\" \/>\n<meta property=\"og:url\" content=\"https:\/\/fonsvinum.com\/de\/produkt\/barbaresco-asili-ceretto-2020\/\" \/>\n<meta property=\"og:site_name\" content=\"Fons Vinum\" \/>\n<meta property=\"article:modified_time\" content=\"2026-04-24T05:19:19+00:00\" \/>\n<meta property=\"og:image\" content=\"https:\/\/fonsvinum.com\/files\/2020\/04\/barbaresco-asili-ceretto.jpg\" \/>\n\t<meta property=\"og:image:width\" content=\"200\" \/>\n\t<meta property=\"og:image:height\" content=\"600\" \/>\n\t<meta property=\"og:image:type\" content=\"image\/jpeg\" \/>\n<meta name=\"twitter:label1\" content=\"Gesch\u00e4tzte Lesezeit\" \/>\n\t<meta name=\"twitter:data1\" content=\"4\u00a0Minuten\" \/>\n<script type=\"application\/ld+json\" class=\"yoast-schema-graph\">{\"@context\":\"https:\\\/\\\/schema.org\",\"@graph\":[{\"@type\":\"WebPage\",\"@id\":\"https:\\\/\\\/fonsvinum.com\\\/de\\\/produkt\\\/barbaresco-asili-ceretto-2020\\\/\",\"url\":\"https:\\\/\\\/fonsvinum.com\\\/de\\\/produkt\\\/barbaresco-asili-ceretto-2020\\\/\",\"name\":\"BARBARESCO ASILI CERETTO 2020 online kaufen - FonsVinum\",\"isPartOf\":{\"@id\":\"https:\\\/\\\/fonsvinum.com\\\/en\\\/#website\"},\"primaryImageOfPage\":{\"@id\":\"https:\\\/\\\/fonsvinum.com\\\/de\\\/produkt\\\/barbaresco-asili-ceretto-2020\\\/#primaryimage\"},\"image\":{\"@id\":\"https:\\\/\\\/fonsvinum.com\\\/de\\\/produkt\\\/barbaresco-asili-ceretto-2020\\\/#primaryimage\"},\"thumbnailUrl\":\"https:\\\/\\\/fonsvinum.com\\\/files\\\/2020\\\/04\\\/barbaresco-asili-ceretto.jpg\",\"datePublished\":\"2026-04-24T05:14:54+00:00\",\"dateModified\":\"2026-04-24T05:19:19+00:00\",\"description\":\"BARBARESCO ASILI CERETTO 2020 kaufen -FonsVinum- Symbol des Barbaresco, beeindruckend durch Finesse und Kraft, durch entwaffnende Eleganz und Langlebigkeit...\",\"breadcrumb\":{\"@id\":\"https:\\\/\\\/fonsvinum.com\\\/de\\\/produkt\\\/barbaresco-asili-ceretto-2020\\\/#breadcrumb\"},\"inLanguage\":\"de\",\"potentialAction\":[{\"@type\":\"ReadAction\",\"target\":[\"https:\\\/\\\/fonsvinum.com\\\/de\\\/produkt\\\/barbaresco-asili-ceretto-2020\\\/\"]}]},{\"@type\":\"ImageObject\",\"inLanguage\":\"de\",\"@id\":\"https:\\\/\\\/fonsvinum.com\\\/de\\\/produkt\\\/barbaresco-asili-ceretto-2020\\\/#primaryimage\",\"url\":\"https:\\\/\\\/fonsvinum.com\\\/files\\\/2020\\\/04\\\/barbaresco-asili-ceretto.jpg\",\"contentUrl\":\"https:\\\/\\\/fonsvinum.com\\\/files\\\/2020\\\/04\\\/barbaresco-asili-ceretto.jpg\",\"width\":200,\"height\":600},{\"@type\":\"BreadcrumbList\",\"@id\":\"https:\\\/\\\/fonsvinum.com\\\/de\\\/produkt\\\/barbaresco-asili-ceretto-2020\\\/#breadcrumb\",\"itemListElement\":[{\"@type\":\"ListItem\",\"position\":1,\"name\":\"Startseite\",\"item\":\"https:\\\/\\\/fonsvinum.com\\\/de\\\/\"},{\"@type\":\"ListItem\",\"position\":2,\"name\":\"Shop\",\"item\":\"https:\\\/\\\/fonsvinum.com\\\/de\\\/shop\\\/\"},{\"@type\":\"ListItem\",\"position\":3,\"name\":\"BARBARESCO ASILI CERETTO 2020\"}]},{\"@type\":\"WebSite\",\"@id\":\"https:\\\/\\\/fonsvinum.com\\\/en\\\/#website\",\"url\":\"https:\\\/\\\/fonsvinum.com\\\/en\\\/\",\"name\":\"Fons Vinum\",\"description\":\"Vendita Vino Online\",\"publisher\":{\"@id\":\"https:\\\/\\\/fonsvinum.com\\\/en\\\/#organization\"},\"potentialAction\":[{\"@type\":\"SearchAction\",\"target\":{\"@type\":\"EntryPoint\",\"urlTemplate\":\"https:\\\/\\\/fonsvinum.com\\\/en\\\/?s={search_term_string}\"},\"query-input\":{\"@type\":\"PropertyValueSpecification\",\"valueRequired\":true,\"valueName\":\"search_term_string\"}}],\"inLanguage\":\"de\"},{\"@type\":\"Organization\",\"@id\":\"https:\\\/\\\/fonsvinum.com\\\/en\\\/#organization\",\"name\":\"Fons Vinum\",\"url\":\"https:\\\/\\\/fonsvinum.com\\\/en\\\/\",\"logo\":{\"@type\":\"ImageObject\",\"inLanguage\":\"de\",\"@id\":\"https:\\\/\\\/fonsvinum.com\\\/en\\\/#\\\/schema\\\/logo\\\/image\\\/\",\"url\":\"\",\"contentUrl\":\"\",\"caption\":\"Fons Vinum\"},\"image\":{\"@id\":\"https:\\\/\\\/fonsvinum.com\\\/en\\\/#\\\/schema\\\/logo\\\/image\\\/\"}}]}<\/script>\n<!-- \/ Yoast SEO plugin. -->","yoast_head_json":{"title":"BARBARESCO ASILI CERETTO 2020 online kaufen - FonsVinum","description":"BARBARESCO ASILI CERETTO 2020 kaufen -FonsVinum- Symbol des Barbaresco, beeindruckend durch Finesse und Kraft, durch entwaffnende Eleganz und Langlebigkeit...","robots":{"index":"index","follow":"follow","max-snippet":"max-snippet:-1","max-image-preview":"max-image-preview:large","max-video-preview":"max-video-preview:-1"},"canonical":"https:\/\/fonsvinum.com\/de\/produkt\/barbaresco-asili-ceretto-2020\/","og_locale":"de_DE","og_type":"article","og_title":"BARBARESCO ASILI CERETTO 2020 online kaufen - FonsVinum","og_description":"BARBARESCO ASILI CERETTO 2020 kaufen -FonsVinum- Symbol des Barbaresco, beeindruckend durch Finesse und Kraft, durch entwaffnende Eleganz und Langlebigkeit...","og_url":"https:\/\/fonsvinum.com\/de\/produkt\/barbaresco-asili-ceretto-2020\/","og_site_name":"Fons Vinum","article_modified_time":"2026-04-24T05:19:19+00:00","og_image":[{"width":200,"height":600,"url":"https:\/\/fonsvinum.com\/files\/2020\/04\/barbaresco-asili-ceretto.jpg","type":"image\/jpeg"}],"twitter_misc":{"Gesch\u00e4tzte Lesezeit":"4\u00a0Minuten"},"schema":{"@context":"https:\/\/schema.org","@graph":[{"@type":"WebPage","@id":"https:\/\/fonsvinum.com\/de\/produkt\/barbaresco-asili-ceretto-2020\/","url":"https:\/\/fonsvinum.com\/de\/produkt\/barbaresco-asili-ceretto-2020\/","name":"BARBARESCO ASILI CERETTO 2020 online kaufen - FonsVinum","isPartOf":{"@id":"https:\/\/fonsvinum.com\/en\/#website"},"primaryImageOfPage":{"@id":"https:\/\/fonsvinum.com\/de\/produkt\/barbaresco-asili-ceretto-2020\/#primaryimage"},"image":{"@id":"https:\/\/fonsvinum.com\/de\/produkt\/barbaresco-asili-ceretto-2020\/#primaryimage"},"thumbnailUrl":"https:\/\/fonsvinum.com\/files\/2020\/04\/barbaresco-asili-ceretto.jpg","datePublished":"2026-04-24T05:14:54+00:00","dateModified":"2026-04-24T05:19:19+00:00","description":"BARBARESCO ASILI CERETTO 2020 kaufen -FonsVinum- Symbol des Barbaresco, beeindruckend durch Finesse und Kraft, durch entwaffnende Eleganz und Langlebigkeit...","breadcrumb":{"@id":"https:\/\/fonsvinum.com\/de\/produkt\/barbaresco-asili-ceretto-2020\/#breadcrumb"},"inLanguage":"de","potentialAction":[{"@type":"ReadAction","target":["https:\/\/fonsvinum.com\/de\/produkt\/barbaresco-asili-ceretto-2020\/"]}]},{"@type":"ImageObject","inLanguage":"de","@id":"https:\/\/fonsvinum.com\/de\/produkt\/barbaresco-asili-ceretto-2020\/#primaryimage","url":"https:\/\/fonsvinum.com\/files\/2020\/04\/barbaresco-asili-ceretto.jpg","contentUrl":"https:\/\/fonsvinum.com\/files\/2020\/04\/barbaresco-asili-ceretto.jpg","width":200,"height":600},{"@type":"BreadcrumbList","@id":"https:\/\/fonsvinum.com\/de\/produkt\/barbaresco-asili-ceretto-2020\/#breadcrumb","itemListElement":[{"@type":"ListItem","position":1,"name":"Startseite","item":"https:\/\/fonsvinum.com\/de\/"},{"@type":"ListItem","position":2,"name":"Shop","item":"https:\/\/fonsvinum.com\/de\/shop\/"},{"@type":"ListItem","position":3,"name":"BARBARESCO ASILI CERETTO 2020"}]},{"@type":"WebSite","@id":"https:\/\/fonsvinum.com\/en\/#website","url":"https:\/\/fonsvinum.com\/en\/","name":"Fons Vinum","description":"Vendita Vino Online","publisher":{"@id":"https:\/\/fonsvinum.com\/en\/#organization"},"potentialAction":[{"@type":"SearchAction","target":{"@type":"EntryPoint","urlTemplate":"https:\/\/fonsvinum.com\/en\/?s={search_term_string}"},"query-input":{"@type":"PropertyValueSpecification","valueRequired":true,"valueName":"search_term_string"}}],"inLanguage":"de"},{"@type":"Organization","@id":"https:\/\/fonsvinum.com\/en\/#organization","name":"Fons Vinum","url":"https:\/\/fonsvinum.com\/en\/","logo":{"@type":"ImageObject","inLanguage":"de","@id":"https:\/\/fonsvinum.com\/en\/#\/schema\/logo\/image\/","url":"","contentUrl":"","caption":"Fons Vinum"},"image":{"@id":"https:\/\/fonsvinum.com\/en\/#\/schema\/logo\/image\/"}}]}},"acf":[],"_links":{"self":[{"href":"https:\/\/fonsvinum.com\/de\/wp-json\/wp\/v2\/product\/49662","targetHints":{"allow":["GET"]}}],"collection":[{"href":"https:\/\/fonsvinum.com\/de\/wp-json\/wp\/v2\/product"}],"about":[{"href":"https:\/\/fonsvinum.com\/de\/wp-json\/wp\/v2\/types\/product"}],"replies":[{"embeddable":true,"href":"https:\/\/fonsvinum.com\/de\/wp-json\/wp\/v2\/comments?post=49662"}],"wp:featuredmedia":[{"embeddable":true,"href":"https:\/\/fonsvinum.com\/de\/wp-json\/wp\/v2\/media\/23600"}],"wp:attachment":[{"href":"https:\/\/fonsvinum.com\/de\/wp-json\/wp\/v2\/media?parent=49662"}],"wp:term":[{"taxonomy":"product_brand","embeddable":true,"href":"https:\/\/fonsvinum.com\/de\/wp-json\/wp\/v2\/product_brand?post=49662"},{"taxonomy":"product_cat","embeddable":true,"href":"https:\/\/fonsvinum.com\/de\/wp-json\/wp\/v2\/product_cat?post=49662"},{"taxonomy":"product_tag","embeddable":true,"href":"https:\/\/fonsvinum.com\/de\/wp-json\/wp\/v2\/product_tag?post=49662"}],"curies":[{"name":"wp","href":"https:\/\/api.w.org\/{rel}","templated":true}]}}