{"id":49652,"date":"2026-04-23T15:49:29","date_gmt":"2026-04-23T13:49:29","guid":{"rendered":"https:\/\/fonsvinum.com\/?post_type=product&#038;p=49652"},"modified":"2026-04-23T15:58:13","modified_gmt":"2026-04-23T13:58:13","slug":"baricci-colombaio-montosoli-brunello-di-montalcino-2021","status":"publish","type":"product","link":"https:\/\/fonsvinum.com\/de\/produkt\/baricci-colombaio-montosoli-brunello-di-montalcino-2021\/","title":{"rendered":"BARICCI COLOMBAIO MONTOSOLI Brunello di Montalcino 2021"},"content":{"rendered":"<h2><a href=\"https:\/\/fonsvinum.com\/de\/attributes\/producer\/baricci-colombaio-montosoli-de\/\">BARICCI COLOMBAIO MONTOSOLI<\/a> Brunello di Montalcino 2021<\/h2>\n<p>BARICCI COLOMBAIO MONTOSOLI Brunello di Montalcino 2021<\/p>\n<h2>DAS WEINGUT BARICCI<\/h2>\n<p>Das Weingut Baricci wird einstimmig als typische, traditionsreiche Realit\u00e4t Montalcinos anerkannt. Einer der sogenannten &#8222;kleinen Produzenten&#8220;, die zweifellos dazu beigetragen haben, den Brunello Di Montalcino gro\u00df zu machen. <\/p>\n<p>Das Weingut entstand 1955, als die Familie Baricci, eine Bauernfamilie, nach langen Jahren k\u00f6rperlicher und finanzieller Entbehrungen das kleine Anwesen namens<strong> Colombaio di Montosoli<\/strong> erwerben konnte.<br \/>\nZu jener Zeit war Brunello ein unbekannter Wein, der nur in kleinen Mengen und von wenigen Enthusiasten produziert wurde.<\/p>\n<p>Die Jahre vergehen und 1967 gr\u00fcndet Nello Baricci zusammen mit einigen anderen Produzenten das &#8222;Consorzio del <a href=\"https:\/\/www.shopinlanghe.com\/sellers?render_type=sellerview&amp;id_seller=5\">Vino<\/a> Brunello di Montalcino&#8220;, eine freie Vereinigung von Produzenten mit dem Ziel, jenen Wein zu sch\u00fctzen, zu verteidigen und zu f\u00f6rdern, dessen Prestige stetig wuchs.<br \/>\nDer erste Brunello Baricci im Handel stammt aus dem Jahr 1971, w\u00e4hrend die erste Flasche Rosso di Montalcino aus dem Jahr 1968 ist. Heute f\u00fchren die Enkel Federico und Francesco den Namen der Familie fort, der seit jeher ein Synonym f\u00fcr Tradition, Leidenschaft und Seriosit\u00e4t ist. Die Unterst\u00fctzung des Gro\u00dfvaters durch die dritte Generation ist heute ein Beweis f\u00fcr eine &#8222;gegen den Strom&#8220; gerichtete berufliche T\u00e4tigkeit der neuen Generationen sowie die Fortsetzung einer ehrlichen und engagierten Arbeitsweise.  <\/p>\n<p>Anzahl produzierter Flaschen: 12.000<\/p>\n<h2><a href=\"https:\/\/fonsvinum.com\/de\/attributes\/region\/toskana-de\/?filter_appellation=brunello-di-montalcino-docg\">BRUNELLO DI MONTALCINO<\/a><\/h2>\n<p>Der Brunello di Montalcino Baricci zeichnet sich besonders durch seine mineralische Seite aus (mit mergeligen B\u00f6den, marinen Fossilien, Quarzschiefer und Galestro), und genau das ist die Magie dieses Weines.<\/p>\n<ul>\n<li><strong>Farbe:<\/strong> Rubinrot mit granatfarbenen Nuancen.<\/li>\n<li><strong>Duft:<\/strong> \u00c4therisch und komplex mit deutlichen Noten von roten Beeren.<\/li>\n<li><strong>Geschmack:<\/strong> Aromatische Persistenz, bedeutende Struktur, elegant und verf\u00fchrerisch.<\/li>\n<li><strong>In der K\u00fcche:<\/strong> Geschmacksintensive Gerichte mit rotem Fleisch, Wild, Gegrilltem, gemischten Braten. Gereifte und w\u00fcrzige K\u00e4se. <\/li>\n<li><strong>Service:<\/strong> Einige Stunden vor dem Genuss entkorken, bei 18\u00b0 in Kristall-Ballongl\u00e4sern servieren.<\/li>\n<\/ul>\n","protected":false},"excerpt":{"rendered":"<p>BARICCI COLOMBAIO MONTOSOLI Brunello di Montalcino 2021 BARICCI COLOMBAIO MONTOSOLI Brunello di Montalcino 2021 DAS WEINGUT BARICCI Das Weingut Baricci wird einstimmig als typische, traditionsreiche Realit\u00e4t Montalcinos anerkannt. Einer der sogenannten &#8222;kleinen Produzenten&#8220;, die zweifellos dazu beigetragen haben, den Brunello Di Montalcino gro\u00df zu machen. Das Weingut entstand 1955, als die Familie Baricci, eine Bauernfamilie, [&hellip;]<\/p>\n","protected":false},"featured_media":36738,"comment_status":"open","ping_status":"closed","template":"","meta":{"_acf_changed":false,"_monsterinsights_skip_tracking":false,"_monsterinsights_sitenote_active":false,"_monsterinsights_sitenote_note":"","_monsterinsights_sitenote_category":0},"product_brand":[],"product_cat":[1762],"product_tag":[15911,15959,3583],"class_list":{"0":"post-49652","1":"product","2":"type-product","3":"status-publish","4":"has-post-thumbnail","6":"product_cat-brunello-de","7":"product_tag-brunello-de-2","8":"product_tag-vino-rosso-de","9":"product_tag-vini-toscani-de","10":"pa_appellation-brunello-di-montalcino-docg-de","11":"pa_formato-0-75-l-flasche-de","12":"pa_producer-baricci-colombaio-montosoli-de","13":"pa_region-toskana-de","14":"pa_vine-100-sangiovese-de","15":"pa_vintage-18393","17":"first","18":"instock","19":"taxable","20":"shipping-taxable","21":"purchasable","22":"product-type-simple"},"bundled_by":[],"bundle_stock_status":"instock","bundle_stock_quantity":18,"bundle_virtual":false,"bundle_layout":"","bundle_add_to_cart_form_location":"","bundle_editable_in_cart":false,"bundle_sold_individually_context":"","bundle_item_grouping":"","bundle_min_size":"","bundle_max_size":"","bundle_price":[],"bundled_items":[],"bundle_sell_ids":[],"yoast_head":"<!-- This site is optimized with the Yoast SEO plugin v27.3 - https:\/\/yoast.com\/product\/yoast-seo-wordpress\/ -->\n<title>BARICCI COLOMBAIO MONTOSOLI Brunello di Montalcino 2021<\/title>\n<meta name=\"description\" content=\"Kaufen Sie online bei FonsVinum BARICCI COLOMBAIO MONTOSOLI Brunello di Montalcino 2021, der sich besonders durch seine mineralische Seite auszeichnet.\" \/>\n<meta name=\"robots\" content=\"index, follow, max-snippet:-1, max-image-preview:large, max-video-preview:-1\" \/>\n<link rel=\"canonical\" href=\"https:\/\/fonsvinum.com\/de\/produkt\/baricci-colombaio-montosoli-brunello-di-montalcino-2021\/\" \/>\n<meta property=\"og:locale\" content=\"de_DE\" \/>\n<meta property=\"og:type\" content=\"article\" \/>\n<meta property=\"og:title\" content=\"BARICCI COLOMBAIO MONTOSOLI Brunello di Montalcino 2021\" \/>\n<meta property=\"og:description\" content=\"Kaufen Sie online bei FonsVinum BARICCI COLOMBAIO MONTOSOLI Brunello di Montalcino 2021, der sich besonders durch seine mineralische Seite auszeichnet.\" \/>\n<meta property=\"og:url\" content=\"https:\/\/fonsvinum.com\/de\/produkt\/baricci-colombaio-montosoli-brunello-di-montalcino-2021\/\" \/>\n<meta property=\"og:site_name\" content=\"Fons Vinum\" \/>\n<meta property=\"article:modified_time\" content=\"2026-04-23T13:58:13+00:00\" \/>\n<meta property=\"og:image\" content=\"https:\/\/fonsvinum.com\/files\/2022\/02\/baricci-colombaio-montosoli-brunello.jpg\" \/>\n\t<meta property=\"og:image:width\" content=\"200\" \/>\n\t<meta property=\"og:image:height\" content=\"600\" \/>\n\t<meta property=\"og:image:type\" content=\"image\/jpeg\" \/>\n<meta name=\"twitter:label1\" content=\"Gesch\u00e4tzte Lesezeit\" \/>\n\t<meta name=\"twitter:data1\" content=\"2\u00a0Minuten\" \/>\n<script type=\"application\/ld+json\" class=\"yoast-schema-graph\">{\"@context\":\"https:\\\/\\\/schema.org\",\"@graph\":[{\"@type\":\"WebPage\",\"@id\":\"https:\\\/\\\/fonsvinum.com\\\/de\\\/produkt\\\/baricci-colombaio-montosoli-brunello-di-montalcino-2021\\\/\",\"url\":\"https:\\\/\\\/fonsvinum.com\\\/de\\\/produkt\\\/baricci-colombaio-montosoli-brunello-di-montalcino-2021\\\/\",\"name\":\"BARICCI COLOMBAIO MONTOSOLI Brunello di Montalcino 2021\",\"isPartOf\":{\"@id\":\"https:\\\/\\\/fonsvinum.com\\\/en\\\/#website\"},\"primaryImageOfPage\":{\"@id\":\"https:\\\/\\\/fonsvinum.com\\\/de\\\/produkt\\\/baricci-colombaio-montosoli-brunello-di-montalcino-2021\\\/#primaryimage\"},\"image\":{\"@id\":\"https:\\\/\\\/fonsvinum.com\\\/de\\\/produkt\\\/baricci-colombaio-montosoli-brunello-di-montalcino-2021\\\/#primaryimage\"},\"thumbnailUrl\":\"https:\\\/\\\/fonsvinum.com\\\/files\\\/2022\\\/02\\\/baricci-colombaio-montosoli-brunello.jpg\",\"datePublished\":\"2026-04-23T13:49:29+00:00\",\"dateModified\":\"2026-04-23T13:58:13+00:00\",\"description\":\"Kaufen Sie online bei FonsVinum BARICCI COLOMBAIO MONTOSOLI Brunello di Montalcino 2021, der sich besonders durch seine mineralische Seite auszeichnet.\",\"breadcrumb\":{\"@id\":\"https:\\\/\\\/fonsvinum.com\\\/de\\\/produkt\\\/baricci-colombaio-montosoli-brunello-di-montalcino-2021\\\/#breadcrumb\"},\"inLanguage\":\"de\",\"potentialAction\":[{\"@type\":\"ReadAction\",\"target\":[\"https:\\\/\\\/fonsvinum.com\\\/de\\\/produkt\\\/baricci-colombaio-montosoli-brunello-di-montalcino-2021\\\/\"]}]},{\"@type\":\"ImageObject\",\"inLanguage\":\"de\",\"@id\":\"https:\\\/\\\/fonsvinum.com\\\/de\\\/produkt\\\/baricci-colombaio-montosoli-brunello-di-montalcino-2021\\\/#primaryimage\",\"url\":\"https:\\\/\\\/fonsvinum.com\\\/files\\\/2022\\\/02\\\/baricci-colombaio-montosoli-brunello.jpg\",\"contentUrl\":\"https:\\\/\\\/fonsvinum.com\\\/files\\\/2022\\\/02\\\/baricci-colombaio-montosoli-brunello.jpg\",\"width\":200,\"height\":600},{\"@type\":\"BreadcrumbList\",\"@id\":\"https:\\\/\\\/fonsvinum.com\\\/de\\\/produkt\\\/baricci-colombaio-montosoli-brunello-di-montalcino-2021\\\/#breadcrumb\",\"itemListElement\":[{\"@type\":\"ListItem\",\"position\":1,\"name\":\"Startseite\",\"item\":\"https:\\\/\\\/fonsvinum.com\\\/de\\\/\"},{\"@type\":\"ListItem\",\"position\":2,\"name\":\"Shop\",\"item\":\"https:\\\/\\\/fonsvinum.com\\\/de\\\/shop\\\/\"},{\"@type\":\"ListItem\",\"position\":3,\"name\":\"BARICCI COLOMBAIO MONTOSOLI Brunello di Montalcino 2021\"}]},{\"@type\":\"WebSite\",\"@id\":\"https:\\\/\\\/fonsvinum.com\\\/en\\\/#website\",\"url\":\"https:\\\/\\\/fonsvinum.com\\\/en\\\/\",\"name\":\"Fons Vinum\",\"description\":\"Vendita Vino Online\",\"publisher\":{\"@id\":\"https:\\\/\\\/fonsvinum.com\\\/en\\\/#organization\"},\"potentialAction\":[{\"@type\":\"SearchAction\",\"target\":{\"@type\":\"EntryPoint\",\"urlTemplate\":\"https:\\\/\\\/fonsvinum.com\\\/en\\\/?s={search_term_string}\"},\"query-input\":{\"@type\":\"PropertyValueSpecification\",\"valueRequired\":true,\"valueName\":\"search_term_string\"}}],\"inLanguage\":\"de\"},{\"@type\":\"Organization\",\"@id\":\"https:\\\/\\\/fonsvinum.com\\\/en\\\/#organization\",\"name\":\"Fons Vinum\",\"url\":\"https:\\\/\\\/fonsvinum.com\\\/en\\\/\",\"logo\":{\"@type\":\"ImageObject\",\"inLanguage\":\"de\",\"@id\":\"https:\\\/\\\/fonsvinum.com\\\/en\\\/#\\\/schema\\\/logo\\\/image\\\/\",\"url\":\"\",\"contentUrl\":\"\",\"caption\":\"Fons Vinum\"},\"image\":{\"@id\":\"https:\\\/\\\/fonsvinum.com\\\/en\\\/#\\\/schema\\\/logo\\\/image\\\/\"}}]}<\/script>\n<!-- \/ Yoast SEO plugin. -->","yoast_head_json":{"title":"BARICCI COLOMBAIO MONTOSOLI Brunello di Montalcino 2021","description":"Kaufen Sie online bei FonsVinum BARICCI COLOMBAIO MONTOSOLI Brunello di Montalcino 2021, der sich besonders durch seine mineralische Seite auszeichnet.","robots":{"index":"index","follow":"follow","max-snippet":"max-snippet:-1","max-image-preview":"max-image-preview:large","max-video-preview":"max-video-preview:-1"},"canonical":"https:\/\/fonsvinum.com\/de\/produkt\/baricci-colombaio-montosoli-brunello-di-montalcino-2021\/","og_locale":"de_DE","og_type":"article","og_title":"BARICCI COLOMBAIO MONTOSOLI Brunello di Montalcino 2021","og_description":"Kaufen Sie online bei FonsVinum BARICCI COLOMBAIO MONTOSOLI Brunello di Montalcino 2021, der sich besonders durch seine mineralische Seite auszeichnet.","og_url":"https:\/\/fonsvinum.com\/de\/produkt\/baricci-colombaio-montosoli-brunello-di-montalcino-2021\/","og_site_name":"Fons Vinum","article_modified_time":"2026-04-23T13:58:13+00:00","og_image":[{"width":200,"height":600,"url":"https:\/\/fonsvinum.com\/files\/2022\/02\/baricci-colombaio-montosoli-brunello.jpg","type":"image\/jpeg"}],"twitter_misc":{"Gesch\u00e4tzte Lesezeit":"2\u00a0Minuten"},"schema":{"@context":"https:\/\/schema.org","@graph":[{"@type":"WebPage","@id":"https:\/\/fonsvinum.com\/de\/produkt\/baricci-colombaio-montosoli-brunello-di-montalcino-2021\/","url":"https:\/\/fonsvinum.com\/de\/produkt\/baricci-colombaio-montosoli-brunello-di-montalcino-2021\/","name":"BARICCI COLOMBAIO MONTOSOLI Brunello di Montalcino 2021","isPartOf":{"@id":"https:\/\/fonsvinum.com\/en\/#website"},"primaryImageOfPage":{"@id":"https:\/\/fonsvinum.com\/de\/produkt\/baricci-colombaio-montosoli-brunello-di-montalcino-2021\/#primaryimage"},"image":{"@id":"https:\/\/fonsvinum.com\/de\/produkt\/baricci-colombaio-montosoli-brunello-di-montalcino-2021\/#primaryimage"},"thumbnailUrl":"https:\/\/fonsvinum.com\/files\/2022\/02\/baricci-colombaio-montosoli-brunello.jpg","datePublished":"2026-04-23T13:49:29+00:00","dateModified":"2026-04-23T13:58:13+00:00","description":"Kaufen Sie online bei FonsVinum BARICCI COLOMBAIO MONTOSOLI Brunello di Montalcino 2021, der sich besonders durch seine mineralische Seite auszeichnet.","breadcrumb":{"@id":"https:\/\/fonsvinum.com\/de\/produkt\/baricci-colombaio-montosoli-brunello-di-montalcino-2021\/#breadcrumb"},"inLanguage":"de","potentialAction":[{"@type":"ReadAction","target":["https:\/\/fonsvinum.com\/de\/produkt\/baricci-colombaio-montosoli-brunello-di-montalcino-2021\/"]}]},{"@type":"ImageObject","inLanguage":"de","@id":"https:\/\/fonsvinum.com\/de\/produkt\/baricci-colombaio-montosoli-brunello-di-montalcino-2021\/#primaryimage","url":"https:\/\/fonsvinum.com\/files\/2022\/02\/baricci-colombaio-montosoli-brunello.jpg","contentUrl":"https:\/\/fonsvinum.com\/files\/2022\/02\/baricci-colombaio-montosoli-brunello.jpg","width":200,"height":600},{"@type":"BreadcrumbList","@id":"https:\/\/fonsvinum.com\/de\/produkt\/baricci-colombaio-montosoli-brunello-di-montalcino-2021\/#breadcrumb","itemListElement":[{"@type":"ListItem","position":1,"name":"Startseite","item":"https:\/\/fonsvinum.com\/de\/"},{"@type":"ListItem","position":2,"name":"Shop","item":"https:\/\/fonsvinum.com\/de\/shop\/"},{"@type":"ListItem","position":3,"name":"BARICCI COLOMBAIO MONTOSOLI Brunello di Montalcino 2021"}]},{"@type":"WebSite","@id":"https:\/\/fonsvinum.com\/en\/#website","url":"https:\/\/fonsvinum.com\/en\/","name":"Fons Vinum","description":"Vendita Vino Online","publisher":{"@id":"https:\/\/fonsvinum.com\/en\/#organization"},"potentialAction":[{"@type":"SearchAction","target":{"@type":"EntryPoint","urlTemplate":"https:\/\/fonsvinum.com\/en\/?s={search_term_string}"},"query-input":{"@type":"PropertyValueSpecification","valueRequired":true,"valueName":"search_term_string"}}],"inLanguage":"de"},{"@type":"Organization","@id":"https:\/\/fonsvinum.com\/en\/#organization","name":"Fons Vinum","url":"https:\/\/fonsvinum.com\/en\/","logo":{"@type":"ImageObject","inLanguage":"de","@id":"https:\/\/fonsvinum.com\/en\/#\/schema\/logo\/image\/","url":"","contentUrl":"","caption":"Fons Vinum"},"image":{"@id":"https:\/\/fonsvinum.com\/en\/#\/schema\/logo\/image\/"}}]}},"acf":[],"_links":{"self":[{"href":"https:\/\/fonsvinum.com\/de\/wp-json\/wp\/v2\/product\/49652","targetHints":{"allow":["GET"]}}],"collection":[{"href":"https:\/\/fonsvinum.com\/de\/wp-json\/wp\/v2\/product"}],"about":[{"href":"https:\/\/fonsvinum.com\/de\/wp-json\/wp\/v2\/types\/product"}],"replies":[{"embeddable":true,"href":"https:\/\/fonsvinum.com\/de\/wp-json\/wp\/v2\/comments?post=49652"}],"wp:featuredmedia":[{"embeddable":true,"href":"https:\/\/fonsvinum.com\/de\/wp-json\/wp\/v2\/media\/36738"}],"wp:attachment":[{"href":"https:\/\/fonsvinum.com\/de\/wp-json\/wp\/v2\/media?parent=49652"}],"wp:term":[{"taxonomy":"product_brand","embeddable":true,"href":"https:\/\/fonsvinum.com\/de\/wp-json\/wp\/v2\/product_brand?post=49652"},{"taxonomy":"product_cat","embeddable":true,"href":"https:\/\/fonsvinum.com\/de\/wp-json\/wp\/v2\/product_cat?post=49652"},{"taxonomy":"product_tag","embeddable":true,"href":"https:\/\/fonsvinum.com\/de\/wp-json\/wp\/v2\/product_tag?post=49652"}],"curies":[{"name":"wp","href":"https:\/\/api.w.org\/{rel}","templated":true}]}}