{"id":49636,"date":"2026-04-23T12:30:08","date_gmt":"2026-04-23T10:30:08","guid":{"rendered":"https:\/\/fonsvinum.com\/?post_type=product&#038;p=49636"},"modified":"2026-04-23T12:40:59","modified_gmt":"2026-04-23T10:40:59","slug":"arnaldo-collepiano-sagrantino-di-montefalco-2021","status":"publish","type":"product","link":"https:\/\/fonsvinum.com\/de\/produkt\/arnaldo-collepiano-sagrantino-di-montefalco-2021\/","title":{"rendered":"ARNALDO CAPRAI Collepiano Sagrantino di Montefalco 2021"},"content":{"rendered":"<h1>ARNALDO CAPRAI Collepiano Sagrantino di Montefalco 2021<\/h1>\n<p>ARNALDO CAPRAI Collepiano Sagrantino di Montefalco 2021<\/p>\n<h2>Das Weingut &#8211; Arnaldo <a href=\"https:\/\/fonsvinum.com\/?s=caprai&amp;post_type=product\" target=\"_blank\" rel=\"noopener noreferrer\">Caprai<\/a><\/h2>\n<div class=\"desk__w\">\n<div class=\"sectionHeader\">\n<p class=\"sectionHeader__subtitle\">Kaum ein anderes Weingut in Italien identifiziert sich so tief mit dem Sagrantino di Montefalco wie Arnaldo Caprai. Eine einzigartige Realit\u00e4t, Synonym f\u00fcr italienische Exzellenz, die au\u00dfergew\u00f6hnliche Weine von Tiefe, Eleganz und Langlebigkeit schafft.<\/p>\n<p class=\"sectionHeader__subtitle\">Dieses Abenteuer begann in den achtziger Jahren mit Marco Caprai, dem Sohn von Arnaldo. Er war es, der an den Reichtum des Sagrantino glaubte und ihn durch modernste Produktions- und Betriebsf\u00fchrungsmethoden zeitgem\u00e4\u00df neu interpretierte.<\/p>\n<p class=\"sectionHeader__subtitle\">Unter den herausragenden Erzeugnissen dieses Weinguts ist der <strong>Sagrantino di Montefalco DOCG \u201e25 Anni\u201c<\/strong> zweifellos der repr\u00e4sentativste Wein, von der Fachwelt gefeiert. Er hat das Potenzial dieser edlen Rebsorte eindrucksvoll bewiesen: komplex, kraftvoll und \u00fcber zwanzig Jahre lagerf\u00e4hig.<\/p>\n<p class=\"sectionHeader__subtitle\">Ein gro\u00dfes Weingut, Arnaldo Caprai, das eine gr\u00fcne Seele bewahrt und Themen wie Nachhaltigkeit, Schutz und Erhaltung der Umwelt als grundlegend betrachtet. Der Blickwinkel bleibt stets derselbe: im Einklang mit den nat\u00fcrlichen Entwicklungszyklen zu handeln und das Gebiet, in dem man t\u00e4tig ist, zu bewahren und aufzuwerten. Daher hat das Weingut beschlossen, ein Umweltmanagementsystem gem\u00e4\u00df internationaler Normen zu schaffen und ein freiwilliges territoriales Protokoll f\u00fcr \u00f6kologische, wirtschaftliche und soziale Nachhaltigkeit des Produktionsprozesses zu entwickeln. In diesem einzigartigen Kontext entstehen Weine von unvergesslicher Klasse, komplex und elegant, die das Beste einer ganzen Region, Umbrien, zu erz\u00e4hlen verm\u00f6gen.<\/p>\n<h2>COLLEPIANO SAGRANTINO DI MONTEFALCO<\/h2>\n<\/div>\n<\/div>\n<p>Weniger strukturiert als der 25 Anni, aber ebenso elegant, wei\u00df der Sagrantino di Montefalco DOCG Collepiano von Arnaldo Caprai durch Detailreichtum und Finesse zu begeistern. Ein Sagrantino von gro\u00dfem Gleichgewicht, Ergebnis einer etwa 22-monatigen Reifung in Barriques, der im Glas die ganze Tiefe der Typologie offenbart. Bereits heute au\u00dfergew\u00f6hnlich, wird er noch viele Jahre lang Emotionen schenken.<\/p>\n<ul>\n<li><b>Erster produzierter Jahrgang: <\/b>1979<\/li>\n<li><b>Erziehungsmethode:<\/b> Cordon mit Pflanzdichte von 6.000 Rebst\u00f6cken<\/li>\n<li><b>Ausbau: <\/b>22 Monate in franz\u00f6sischen Eichenbarriques und mindestens 6 Monate in der Flasche<\/li>\n<li><b>Aroma:<\/b> Brombeerkonfit\u00fcre, Pfeffer, Gew\u00fcrznelke und Vanille, eine balsamische Note und ein Hauch von Puder<\/li>\n<li><b>Geschmack:<\/b> Kraftvoll und zugleich elegant, gro\u00dfes Tannin, das an die Zukunft denken l\u00e4sst<\/li>\n<li><b>Speiseempfehlung:<\/b> Gebratenes Fleisch vorzugsweise mit gutem Fettgehalt, Schmorgerichte und Wild. Bei 18\u201320 \u00b0C servieren<\/li>\n<\/ul>\n","protected":false},"excerpt":{"rendered":"<p>ARNALDO CAPRAI Collepiano Sagrantino di Montefalco 2021 ARNALDO CAPRAI Collepiano Sagrantino di Montefalco 2021 Das Weingut &#8211; Arnaldo Caprai Kaum ein anderes Weingut in Italien identifiziert sich so tief mit dem Sagrantino di Montefalco wie Arnaldo Caprai. Eine einzigartige Realit\u00e4t, Synonym f\u00fcr italienische Exzellenz, die au\u00dfergew\u00f6hnliche Weine von Tiefe, Eleganz und Langlebigkeit schafft. Dieses Abenteuer [&hellip;]<\/p>\n","protected":false},"featured_media":46587,"comment_status":"open","ping_status":"closed","template":"","meta":{"_acf_changed":false,"_monsterinsights_skip_tracking":false,"_monsterinsights_sitenote_active":false,"_monsterinsights_sitenote_note":"","_monsterinsights_sitenote_category":0},"product_brand":[],"product_cat":[2370],"product_tag":[15959,17744],"class_list":{"0":"post-49636","1":"product","2":"type-product","3":"status-publish","4":"has-post-thumbnail","6":"product_cat-sagrantino-de","7":"product_tag-vino-rosso-de","8":"product_tag-vino-umbro-de","9":"pa_appellation-sagrantino-di-montefalco-docg-de-2","10":"pa_formato-0-75-l-flasche-de","11":"pa_producer-arnaldo-caprai-de","12":"pa_region-umbrien-de","13":"pa_vine-100-sagrantino-de","14":"pa_vintage-18393","16":"first","17":"instock","18":"taxable","19":"shipping-taxable","20":"purchasable","21":"product-type-simple"},"bundled_by":[],"bundle_stock_status":"instock","bundle_stock_quantity":24,"bundle_virtual":false,"bundle_layout":"","bundle_add_to_cart_form_location":"","bundle_editable_in_cart":false,"bundle_sold_individually_context":"","bundle_item_grouping":"","bundle_min_size":"","bundle_max_size":"","bundle_price":[],"bundled_items":[],"bundle_sell_ids":[],"yoast_head":"<!-- This site is optimized with the Yoast SEO plugin v27.3 - https:\/\/yoast.com\/product\/yoast-seo-wordpress\/ -->\n<title>ARNALDO CAPRAI Collepiano Sagrantino di Montefalco 2021<\/title>\n<meta name=\"description\" content=\"Kaufen Sie online bei FonsVinum ARNALDO CAPRAI Collepiano Sagrantino di Montefalco 2021: mit weichem, verf\u00fchrerischem Geschmack, der niemals endet.\" \/>\n<meta name=\"robots\" content=\"index, follow, max-snippet:-1, max-image-preview:large, max-video-preview:-1\" \/>\n<link rel=\"canonical\" href=\"https:\/\/fonsvinum.com\/de\/produkt\/arnaldo-collepiano-sagrantino-di-montefalco-2021\/\" \/>\n<meta property=\"og:locale\" content=\"de_DE\" \/>\n<meta property=\"og:type\" content=\"article\" \/>\n<meta property=\"og:title\" content=\"ARNALDO CAPRAI Collepiano Sagrantino di Montefalco 2021\" \/>\n<meta property=\"og:description\" content=\"Kaufen Sie online bei FonsVinum ARNALDO CAPRAI Collepiano Sagrantino di Montefalco 2021: mit weichem, verf\u00fchrerischem Geschmack, der niemals endet.\" \/>\n<meta property=\"og:url\" content=\"https:\/\/fonsvinum.com\/de\/produkt\/arnaldo-collepiano-sagrantino-di-montefalco-2021\/\" \/>\n<meta property=\"og:site_name\" content=\"Fons Vinum\" \/>\n<meta property=\"article:modified_time\" content=\"2026-04-23T10:40:59+00:00\" \/>\n<meta property=\"og:image\" content=\"https:\/\/fonsvinum.com\/files\/2025\/06\/arnaldo-collepiano-ms2020.png\" \/>\n\t<meta property=\"og:image:width\" content=\"400\" \/>\n\t<meta property=\"og:image:height\" content=\"600\" \/>\n\t<meta property=\"og:image:type\" content=\"image\/png\" \/>\n<meta name=\"twitter:label1\" content=\"Gesch\u00e4tzte Lesezeit\" \/>\n\t<meta name=\"twitter:data1\" content=\"3\u00a0Minuten\" \/>\n<script type=\"application\/ld+json\" class=\"yoast-schema-graph\">{\"@context\":\"https:\\\/\\\/schema.org\",\"@graph\":[{\"@type\":\"WebPage\",\"@id\":\"https:\\\/\\\/fonsvinum.com\\\/de\\\/produkt\\\/arnaldo-collepiano-sagrantino-di-montefalco-2021\\\/\",\"url\":\"https:\\\/\\\/fonsvinum.com\\\/de\\\/produkt\\\/arnaldo-collepiano-sagrantino-di-montefalco-2021\\\/\",\"name\":\"ARNALDO CAPRAI Collepiano Sagrantino di Montefalco 2021\",\"isPartOf\":{\"@id\":\"https:\\\/\\\/fonsvinum.com\\\/en\\\/#website\"},\"primaryImageOfPage\":{\"@id\":\"https:\\\/\\\/fonsvinum.com\\\/de\\\/produkt\\\/arnaldo-collepiano-sagrantino-di-montefalco-2021\\\/#primaryimage\"},\"image\":{\"@id\":\"https:\\\/\\\/fonsvinum.com\\\/de\\\/produkt\\\/arnaldo-collepiano-sagrantino-di-montefalco-2021\\\/#primaryimage\"},\"thumbnailUrl\":\"https:\\\/\\\/fonsvinum.com\\\/files\\\/2025\\\/06\\\/arnaldo-collepiano-ms2020.png\",\"datePublished\":\"2026-04-23T10:30:08+00:00\",\"dateModified\":\"2026-04-23T10:40:59+00:00\",\"description\":\"Kaufen Sie online bei FonsVinum ARNALDO CAPRAI Collepiano Sagrantino di Montefalco 2021: mit weichem, verf\u00fchrerischem Geschmack, der niemals endet.\",\"breadcrumb\":{\"@id\":\"https:\\\/\\\/fonsvinum.com\\\/de\\\/produkt\\\/arnaldo-collepiano-sagrantino-di-montefalco-2021\\\/#breadcrumb\"},\"inLanguage\":\"de\",\"potentialAction\":[{\"@type\":\"ReadAction\",\"target\":[\"https:\\\/\\\/fonsvinum.com\\\/de\\\/produkt\\\/arnaldo-collepiano-sagrantino-di-montefalco-2021\\\/\"]}]},{\"@type\":\"ImageObject\",\"inLanguage\":\"de\",\"@id\":\"https:\\\/\\\/fonsvinum.com\\\/de\\\/produkt\\\/arnaldo-collepiano-sagrantino-di-montefalco-2021\\\/#primaryimage\",\"url\":\"https:\\\/\\\/fonsvinum.com\\\/files\\\/2025\\\/06\\\/arnaldo-collepiano-ms2020.png\",\"contentUrl\":\"https:\\\/\\\/fonsvinum.com\\\/files\\\/2025\\\/06\\\/arnaldo-collepiano-ms2020.png\",\"width\":400,\"height\":600,\"caption\":\"arnaldo caprai sagrantino di montefalco collepiano\"},{\"@type\":\"BreadcrumbList\",\"@id\":\"https:\\\/\\\/fonsvinum.com\\\/de\\\/produkt\\\/arnaldo-collepiano-sagrantino-di-montefalco-2021\\\/#breadcrumb\",\"itemListElement\":[{\"@type\":\"ListItem\",\"position\":1,\"name\":\"Startseite\",\"item\":\"https:\\\/\\\/fonsvinum.com\\\/de\\\/\"},{\"@type\":\"ListItem\",\"position\":2,\"name\":\"Shop\",\"item\":\"https:\\\/\\\/fonsvinum.com\\\/de\\\/shop\\\/\"},{\"@type\":\"ListItem\",\"position\":3,\"name\":\"ARNALDO CAPRAI Collepiano Sagrantino di Montefalco 2021\"}]},{\"@type\":\"WebSite\",\"@id\":\"https:\\\/\\\/fonsvinum.com\\\/en\\\/#website\",\"url\":\"https:\\\/\\\/fonsvinum.com\\\/en\\\/\",\"name\":\"Fons Vinum\",\"description\":\"Vendita Vino Online\",\"publisher\":{\"@id\":\"https:\\\/\\\/fonsvinum.com\\\/en\\\/#organization\"},\"potentialAction\":[{\"@type\":\"SearchAction\",\"target\":{\"@type\":\"EntryPoint\",\"urlTemplate\":\"https:\\\/\\\/fonsvinum.com\\\/en\\\/?s={search_term_string}\"},\"query-input\":{\"@type\":\"PropertyValueSpecification\",\"valueRequired\":true,\"valueName\":\"search_term_string\"}}],\"inLanguage\":\"de\"},{\"@type\":\"Organization\",\"@id\":\"https:\\\/\\\/fonsvinum.com\\\/en\\\/#organization\",\"name\":\"Fons Vinum\",\"url\":\"https:\\\/\\\/fonsvinum.com\\\/en\\\/\",\"logo\":{\"@type\":\"ImageObject\",\"inLanguage\":\"de\",\"@id\":\"https:\\\/\\\/fonsvinum.com\\\/en\\\/#\\\/schema\\\/logo\\\/image\\\/\",\"url\":\"\",\"contentUrl\":\"\",\"caption\":\"Fons Vinum\"},\"image\":{\"@id\":\"https:\\\/\\\/fonsvinum.com\\\/en\\\/#\\\/schema\\\/logo\\\/image\\\/\"}}]}<\/script>\n<!-- \/ Yoast SEO plugin. -->","yoast_head_json":{"title":"ARNALDO CAPRAI Collepiano Sagrantino di Montefalco 2021","description":"Kaufen Sie online bei FonsVinum ARNALDO CAPRAI Collepiano Sagrantino di Montefalco 2021: mit weichem, verf\u00fchrerischem Geschmack, der niemals endet.","robots":{"index":"index","follow":"follow","max-snippet":"max-snippet:-1","max-image-preview":"max-image-preview:large","max-video-preview":"max-video-preview:-1"},"canonical":"https:\/\/fonsvinum.com\/de\/produkt\/arnaldo-collepiano-sagrantino-di-montefalco-2021\/","og_locale":"de_DE","og_type":"article","og_title":"ARNALDO CAPRAI Collepiano Sagrantino di Montefalco 2021","og_description":"Kaufen Sie online bei FonsVinum ARNALDO CAPRAI Collepiano Sagrantino di Montefalco 2021: mit weichem, verf\u00fchrerischem Geschmack, der niemals endet.","og_url":"https:\/\/fonsvinum.com\/de\/produkt\/arnaldo-collepiano-sagrantino-di-montefalco-2021\/","og_site_name":"Fons Vinum","article_modified_time":"2026-04-23T10:40:59+00:00","og_image":[{"width":400,"height":600,"url":"https:\/\/fonsvinum.com\/files\/2025\/06\/arnaldo-collepiano-ms2020.png","type":"image\/png"}],"twitter_misc":{"Gesch\u00e4tzte Lesezeit":"3\u00a0Minuten"},"schema":{"@context":"https:\/\/schema.org","@graph":[{"@type":"WebPage","@id":"https:\/\/fonsvinum.com\/de\/produkt\/arnaldo-collepiano-sagrantino-di-montefalco-2021\/","url":"https:\/\/fonsvinum.com\/de\/produkt\/arnaldo-collepiano-sagrantino-di-montefalco-2021\/","name":"ARNALDO CAPRAI Collepiano Sagrantino di Montefalco 2021","isPartOf":{"@id":"https:\/\/fonsvinum.com\/en\/#website"},"primaryImageOfPage":{"@id":"https:\/\/fonsvinum.com\/de\/produkt\/arnaldo-collepiano-sagrantino-di-montefalco-2021\/#primaryimage"},"image":{"@id":"https:\/\/fonsvinum.com\/de\/produkt\/arnaldo-collepiano-sagrantino-di-montefalco-2021\/#primaryimage"},"thumbnailUrl":"https:\/\/fonsvinum.com\/files\/2025\/06\/arnaldo-collepiano-ms2020.png","datePublished":"2026-04-23T10:30:08+00:00","dateModified":"2026-04-23T10:40:59+00:00","description":"Kaufen Sie online bei FonsVinum ARNALDO CAPRAI Collepiano Sagrantino di Montefalco 2021: mit weichem, verf\u00fchrerischem Geschmack, der niemals endet.","breadcrumb":{"@id":"https:\/\/fonsvinum.com\/de\/produkt\/arnaldo-collepiano-sagrantino-di-montefalco-2021\/#breadcrumb"},"inLanguage":"de","potentialAction":[{"@type":"ReadAction","target":["https:\/\/fonsvinum.com\/de\/produkt\/arnaldo-collepiano-sagrantino-di-montefalco-2021\/"]}]},{"@type":"ImageObject","inLanguage":"de","@id":"https:\/\/fonsvinum.com\/de\/produkt\/arnaldo-collepiano-sagrantino-di-montefalco-2021\/#primaryimage","url":"https:\/\/fonsvinum.com\/files\/2025\/06\/arnaldo-collepiano-ms2020.png","contentUrl":"https:\/\/fonsvinum.com\/files\/2025\/06\/arnaldo-collepiano-ms2020.png","width":400,"height":600,"caption":"arnaldo caprai sagrantino di montefalco collepiano"},{"@type":"BreadcrumbList","@id":"https:\/\/fonsvinum.com\/de\/produkt\/arnaldo-collepiano-sagrantino-di-montefalco-2021\/#breadcrumb","itemListElement":[{"@type":"ListItem","position":1,"name":"Startseite","item":"https:\/\/fonsvinum.com\/de\/"},{"@type":"ListItem","position":2,"name":"Shop","item":"https:\/\/fonsvinum.com\/de\/shop\/"},{"@type":"ListItem","position":3,"name":"ARNALDO CAPRAI Collepiano Sagrantino di Montefalco 2021"}]},{"@type":"WebSite","@id":"https:\/\/fonsvinum.com\/en\/#website","url":"https:\/\/fonsvinum.com\/en\/","name":"Fons Vinum","description":"Vendita Vino Online","publisher":{"@id":"https:\/\/fonsvinum.com\/en\/#organization"},"potentialAction":[{"@type":"SearchAction","target":{"@type":"EntryPoint","urlTemplate":"https:\/\/fonsvinum.com\/en\/?s={search_term_string}"},"query-input":{"@type":"PropertyValueSpecification","valueRequired":true,"valueName":"search_term_string"}}],"inLanguage":"de"},{"@type":"Organization","@id":"https:\/\/fonsvinum.com\/en\/#organization","name":"Fons Vinum","url":"https:\/\/fonsvinum.com\/en\/","logo":{"@type":"ImageObject","inLanguage":"de","@id":"https:\/\/fonsvinum.com\/en\/#\/schema\/logo\/image\/","url":"","contentUrl":"","caption":"Fons Vinum"},"image":{"@id":"https:\/\/fonsvinum.com\/en\/#\/schema\/logo\/image\/"}}]}},"acf":[],"_links":{"self":[{"href":"https:\/\/fonsvinum.com\/de\/wp-json\/wp\/v2\/product\/49636","targetHints":{"allow":["GET"]}}],"collection":[{"href":"https:\/\/fonsvinum.com\/de\/wp-json\/wp\/v2\/product"}],"about":[{"href":"https:\/\/fonsvinum.com\/de\/wp-json\/wp\/v2\/types\/product"}],"replies":[{"embeddable":true,"href":"https:\/\/fonsvinum.com\/de\/wp-json\/wp\/v2\/comments?post=49636"}],"wp:featuredmedia":[{"embeddable":true,"href":"https:\/\/fonsvinum.com\/de\/wp-json\/wp\/v2\/media\/46587"}],"wp:attachment":[{"href":"https:\/\/fonsvinum.com\/de\/wp-json\/wp\/v2\/media?parent=49636"}],"wp:term":[{"taxonomy":"product_brand","embeddable":true,"href":"https:\/\/fonsvinum.com\/de\/wp-json\/wp\/v2\/product_brand?post=49636"},{"taxonomy":"product_cat","embeddable":true,"href":"https:\/\/fonsvinum.com\/de\/wp-json\/wp\/v2\/product_cat?post=49636"},{"taxonomy":"product_tag","embeddable":true,"href":"https:\/\/fonsvinum.com\/de\/wp-json\/wp\/v2\/product_tag?post=49636"}],"curies":[{"name":"wp","href":"https:\/\/api.w.org\/{rel}","templated":true}]}}