{"id":49630,"date":"2026-04-23T12:02:52","date_gmt":"2026-04-23T10:02:52","guid":{"rendered":"https:\/\/fonsvinum.com\/?post_type=product&#038;p=49630"},"modified":"2026-04-23T12:23:11","modified_gmt":"2026-04-23T10:23:11","slug":"marchesi-antinori-tenuta-tignanello-ris-chianti-classico-2023","status":"publish","type":"product","link":"https:\/\/fonsvinum.com\/de\/produkt\/marchesi-antinori-tenuta-tignanello-ris-chianti-classico-2023\/","title":{"rendered":"MARCHESI ANTINORI Tenuta Tignanello Riserva Chianti Classico 2023"},"content":{"rendered":"<h2>DIE FAMILIE &#8211; <a href=\"https:\/\/fonsvinum.com\/de\/attributes\/producer\/marchesi-antinori-de\/\">MARCHESI ANTINORI<\/a><\/h2>\n<h3 class=\"heading heading--h2 heading--popup\">-Eine Leidenschaft, die seit 26 Generationen weitergegeben wird-<\/h3>\n<p class=\"article paragraph with-decoration \">Die Familie Antinori widmet sich seit \u00fcber sechshundert Jahren der Weinproduktion: seit 1385, als Giovanni di Piero Antinori der Arte Fiorentina dei Vinattieri beitrat. In ihrer gesamten langen Geschichte hat die Familie \u00fcber 26 Generationen hinweg diese T\u00e4tigkeit stets direkt geleitet, mit innovativen und manchmal mutigen Entscheidungen, dabei jedoch immer den Respekt vor den Traditionen und dem Terroir bewahrend.<\/p>\n<p>Heute wird das Unternehmen von Albiera Antinori geleitet, unterst\u00fctzt von ihren beiden Schwestern Allegra und Alessia, die pers\u00f6nlich in die Unternehmensaktivit\u00e4ten eingebunden sind. Ihr Vater, Marchese Piero Antinori, ist derzeit Ehrenpr\u00e4sident des Unternehmens. Tradition, Leidenschaft und Intuition waren die treibenden Qualit\u00e4ten, die die Marchesi Antinori zu einem der f\u00fchrenden italienischen Produzenten hochwertiger Weine gemacht haben.<\/p>\n<h3 class=\"heading heading--h3 text-animated text-animated--active\">-Alte Wurzeln-<\/h3>\n<p class=\"article paragraph text-animated text-animated--active\">Jeder Jahrgang, jeder Boden, jede Idee ist ein neuer Anfang, ein neues Streben nach immer h\u00f6heren Qualit\u00e4tsma\u00dfst\u00e4ben. Wie Marchese Piero gerne sagt: \u201eDie antiken Wurzeln spielen eine wichtige Rolle in unserer Philosophie, doch sie haben unseren Innovationsgeist nie gebremst.\u201c<\/p>\n<h2>TENUTA TIGNANELLO <a href=\"https:\/\/fonsvinum.com\/?s=chianti&amp;post_type=product\">CHIANTI<\/a> CLASSICO<\/h2>\n<div class=\"simple-wine__category-wrapper\">\n<div class=\"simple-wine__category\">\n<div class=\"wine-bottle__category-text\">\n<div class=\"simple-wine__category-wrapper\">\n<div class=\"simple-wine__category\">\n<div class=\"wine-bottle__category-text\">\n<div class=\"simple-wine__category-wrapper\">\n<div class=\"simple-wine__category\">\n<div class=\"wine-bottle__category-text\">\n<div class=\"simple-wine__category-wrapper\">\n<div class=\"simple-wine__category\">\n<div class=\"wine-bottle__category-text\">\n<p class=\"article paragraph \">Ein historischer Wein des Hauses Antinori, der seit dem Jahrgang 2011 aus Trauben des Weinguts Tignanello erzeugt wird. Er besteht fast vollst\u00e4ndig aus Sangiovese-Trauben, erg\u00e4nzt durch einen kleinen Anteil anderer komplement\u00e4rer Rebsorten. Ein Wein, der sich als vollendeter Ausdruck von Qualit\u00e4t und Eleganz des Sangiovese dieser Region pr\u00e4sentiert.<\/p>\n<h3 class=\"heading heading--h3 text-animated text-animated--active\">-Tenuta Tignanello-<\/h3>\n<p class=\"article paragraph text-animated text-animated--active\">Die Tenuta Tignanello liegt im Herzen des Chianti Classico auf den sanften H\u00fcgeln zwischen den T\u00e4lern der Greve und der Pesa. Das Anwesen umfasst 319 Hektar Land, davon etwa 130 Hektar Weinberge. Unter den Weinbergen befinden sich zwei Sch\u00e4tze: Tignanello und Solaia. Sie liegen auf demselben H\u00fcgel auf B\u00f6den aus plioz\u00e4nem Meeresmergel mit Kalkstein und Schiefer und profitieren w\u00e4hrend der Wachstumsperiode von warmen Tagen und k\u00fchlen N\u00e4chten.<\/p>\n<\/div>\n<\/div>\n<\/div>\n<\/div>\n<\/div>\n<\/div>\n<\/div>\n<\/div>\n<\/div>\n<div class=\"simple-wine__category\">\n<div class=\"wine-bottle__category-text\">\n<h3 class=\"heading heading--h3 \"><a href=\"https:\/\/fonsvinum.com\/?s=2023&amp;post_type=product\">-Jahrgang 2023-<\/a><\/h3>\n<p>Das Weinjahr 2023 im Chianti Classico begann mit einem durchschnittlich kalten und trockenen Winter, insbesondere Ende M\u00e4rz, was den regul\u00e4ren Austrieb der Reben beg\u00fcnstigte. Von Ende April bis Mitte Juni war das Klima allgemein k\u00fchl und regnerisch, w\u00e4hrend der tendenziell warme, trockene Sommer ohne extreme Hitzespitzen ein hervorragendes vegetativ-generatives Gleichgewicht der Pflanzen f\u00f6rderte. Die m\u00e4\u00dfigen Regenf\u00e4lle im August und der regul\u00e4re Saisonverlauf im September und Oktober erm\u00f6glichten es den Trauben, den Reifeprozess optimal zu durchlaufen; die Lese begann Mitte September mit dem Sangiovese und endete Anfang Oktober mit den Cabernet-Sorten.<\/p>\n<p class=\"heading heading--h3 \"><em><strong>Verkostungs-<\/strong> <strong>notizen<\/strong><\/em><\/p>\n<div class=\"simple-wine__category-wrapper\">\n<div class=\"simple-wine__category\">\n<div class=\"wine-bottle__category-text\">\n<div class=\"simple-wine__category\">\n<div class=\"wine-bottle__category-text\">\n<div class=\"simple-wine__category\">\n<div class=\"wine-bottle__category-text\">\n<div class=\"simple-wine__category\">\n<div class=\"wine-bottle__category-text\">\n<ul>\n<li class=\"article paragraph \">Marchese Antinori pr\u00e4sentiert sich in rubinroter <strong>Farbe<\/strong>.<\/li>\n<li class=\"article paragraph \">In der <strong>Nase<\/strong> wechseln sich intensive Noten von Sauerkirsche, Veilchen und Lavendel mit feinen, f\u00fcr Sangiovese typischen mineralischen Nuancen sowie w\u00fcrzigen Ankl\u00e4ngen von Tabak und Leder ab; zarte Noten von Vanille und Kakaopulver vervollst\u00e4ndigen das Bouquet.<\/li>\n<li class=\"article paragraph \">Am <strong>Gaumen<\/strong> ist er einh\u00fcllend und voll, mit einer exzellenten Dichte der Tanninstruktur und einer guten Lebendigkeit, die ihn lang und anhaltend machen. Hervorragend ist der Nachhall, der von roten Fr\u00fcchten und Lakritz gepr\u00e4gt ist.<\/li>\n<\/ul>\n<\/div>\n<\/div>\n<\/div>\n<\/div>\n<\/div>\n<\/div>\n<\/div>\n<\/div>\n<\/div>\n<\/div>\n<\/div>\n<div class=\"simple-wine__category\">\n<div class=\"wine-bottle__category-text\"><\/div>\n<\/div>\n<\/div>\n<\/div>\n<\/div>\n","protected":false},"excerpt":{"rendered":"<p>DIE FAMILIE &#8211; MARCHESI ANTINORI -Eine Leidenschaft, die seit 26 Generationen weitergegeben wird- Die Familie Antinori widmet sich seit \u00fcber sechshundert Jahren der Weinproduktion: seit 1385, als Giovanni di Piero Antinori der Arte Fiorentina dei Vinattieri beitrat. In ihrer gesamten langen Geschichte hat die Familie \u00fcber 26 Generationen hinweg diese T\u00e4tigkeit stets direkt geleitet, mit [&hellip;]<\/p>\n","protected":false},"featured_media":26531,"comment_status":"open","ping_status":"closed","template":"","meta":{"_acf_changed":false,"_monsterinsights_skip_tracking":false,"_monsterinsights_sitenote_active":false,"_monsterinsights_sitenote_note":"","_monsterinsights_sitenote_category":0},"product_brand":[],"product_cat":[15737],"product_tag":[15959,1745,3583],"class_list":{"0":"post-49630","1":"product","2":"type-product","3":"status-publish","4":"has-post-thumbnail","6":"product_cat-chianti-classico-docg-de","7":"product_tag-vino-rosso-de","8":"product_tag-super-tuscan-de","9":"product_tag-vini-toscani-de","10":"pa_appellation-chianti-classico-docg-de","11":"pa_formato-0-75-l-flasche-de","12":"pa_producer-marchesi-antinori-de","13":"pa_region-toskana-de","14":"pa_vine-90-sangiovese-10-cabernet-sauvignon-de","15":"pa_vintage-18401","17":"first","18":"instock","19":"taxable","20":"shipping-taxable","21":"purchasable","22":"product-type-simple"},"bundled_by":[],"bundle_stock_status":"instock","bundle_stock_quantity":6,"bundle_virtual":false,"bundle_layout":"","bundle_add_to_cart_form_location":"","bundle_editable_in_cart":false,"bundle_sold_individually_context":"","bundle_item_grouping":"","bundle_min_size":"","bundle_max_size":"","bundle_price":[],"bundled_items":[],"bundle_sell_ids":[],"yoast_head":"<!-- This site is optimized with the Yoast SEO plugin v27.3 - https:\/\/yoast.com\/product\/yoast-seo-wordpress\/ -->\n<title>MARCHESI ANTINORI Tenuta Tignanello Ris. Chianti Classico 2023<\/title>\n<meta name=\"description\" content=\"MARCHESI ANTINORI Tenuta Tignanello Marchese Antinori Ris. Chianti Classico 2023 -FonsVinum- Ein charaktervoller Wein mit einer exzellenten Identit\u00e4t...\" \/>\n<meta name=\"robots\" content=\"index, follow, max-snippet:-1, max-image-preview:large, max-video-preview:-1\" \/>\n<link rel=\"canonical\" href=\"https:\/\/fonsvinum.com\/de\/produkt\/marchesi-antinori-tenuta-tignanello-ris-chianti-classico-2023\/\" \/>\n<meta property=\"og:locale\" content=\"de_DE\" \/>\n<meta property=\"og:type\" content=\"article\" \/>\n<meta property=\"og:title\" content=\"MARCHESI ANTINORI Tenuta Tignanello Ris. Chianti Classico 2023\" \/>\n<meta property=\"og:description\" content=\"MARCHESI ANTINORI Tenuta Tignanello Marchese Antinori Ris. Chianti Classico 2023 -FonsVinum- Ein charaktervoller Wein mit einer exzellenten Identit\u00e4t...\" \/>\n<meta property=\"og:url\" content=\"https:\/\/fonsvinum.com\/de\/produkt\/marchesi-antinori-tenuta-tignanello-ris-chianti-classico-2023\/\" \/>\n<meta property=\"og:site_name\" content=\"Fons Vinum\" \/>\n<meta property=\"article:modified_time\" content=\"2026-04-23T10:23:11+00:00\" \/>\n<meta property=\"og:image\" content=\"https:\/\/fonsvinum.com\/files\/2020\/09\/chianti-classico-ris-marchese-antinori-tenuta-tignanello-marchesi-antinori.jpg\" \/>\n\t<meta property=\"og:image:width\" content=\"200\" \/>\n\t<meta property=\"og:image:height\" content=\"600\" \/>\n\t<meta property=\"og:image:type\" content=\"image\/jpeg\" \/>\n<meta name=\"twitter:label1\" content=\"Gesch\u00e4tzte Lesezeit\" \/>\n\t<meta name=\"twitter:data1\" content=\"3\u00a0Minuten\" \/>\n<script type=\"application\/ld+json\" class=\"yoast-schema-graph\">{\"@context\":\"https:\\\/\\\/schema.org\",\"@graph\":[{\"@type\":\"WebPage\",\"@id\":\"https:\\\/\\\/fonsvinum.com\\\/de\\\/produkt\\\/marchesi-antinori-tenuta-tignanello-ris-chianti-classico-2023\\\/\",\"url\":\"https:\\\/\\\/fonsvinum.com\\\/de\\\/produkt\\\/marchesi-antinori-tenuta-tignanello-ris-chianti-classico-2023\\\/\",\"name\":\"MARCHESI ANTINORI Tenuta Tignanello Ris. Chianti Classico 2023\",\"isPartOf\":{\"@id\":\"https:\\\/\\\/fonsvinum.com\\\/en\\\/#website\"},\"primaryImageOfPage\":{\"@id\":\"https:\\\/\\\/fonsvinum.com\\\/de\\\/produkt\\\/marchesi-antinori-tenuta-tignanello-ris-chianti-classico-2023\\\/#primaryimage\"},\"image\":{\"@id\":\"https:\\\/\\\/fonsvinum.com\\\/de\\\/produkt\\\/marchesi-antinori-tenuta-tignanello-ris-chianti-classico-2023\\\/#primaryimage\"},\"thumbnailUrl\":\"https:\\\/\\\/fonsvinum.com\\\/files\\\/2020\\\/09\\\/chianti-classico-ris-marchese-antinori-tenuta-tignanello-marchesi-antinori.jpg\",\"datePublished\":\"2026-04-23T10:02:52+00:00\",\"dateModified\":\"2026-04-23T10:23:11+00:00\",\"description\":\"MARCHESI ANTINORI Tenuta Tignanello Marchese Antinori Ris. Chianti Classico 2023 -FonsVinum- Ein charaktervoller Wein mit einer exzellenten Identit\u00e4t...\",\"breadcrumb\":{\"@id\":\"https:\\\/\\\/fonsvinum.com\\\/de\\\/produkt\\\/marchesi-antinori-tenuta-tignanello-ris-chianti-classico-2023\\\/#breadcrumb\"},\"inLanguage\":\"de\",\"potentialAction\":[{\"@type\":\"ReadAction\",\"target\":[\"https:\\\/\\\/fonsvinum.com\\\/de\\\/produkt\\\/marchesi-antinori-tenuta-tignanello-ris-chianti-classico-2023\\\/\"]}]},{\"@type\":\"ImageObject\",\"inLanguage\":\"de\",\"@id\":\"https:\\\/\\\/fonsvinum.com\\\/de\\\/produkt\\\/marchesi-antinori-tenuta-tignanello-ris-chianti-classico-2023\\\/#primaryimage\",\"url\":\"https:\\\/\\\/fonsvinum.com\\\/files\\\/2020\\\/09\\\/chianti-classico-ris-marchese-antinori-tenuta-tignanello-marchesi-antinori.jpg\",\"contentUrl\":\"https:\\\/\\\/fonsvinum.com\\\/files\\\/2020\\\/09\\\/chianti-classico-ris-marchese-antinori-tenuta-tignanello-marchesi-antinori.jpg\",\"width\":200,\"height\":600},{\"@type\":\"BreadcrumbList\",\"@id\":\"https:\\\/\\\/fonsvinum.com\\\/de\\\/produkt\\\/marchesi-antinori-tenuta-tignanello-ris-chianti-classico-2023\\\/#breadcrumb\",\"itemListElement\":[{\"@type\":\"ListItem\",\"position\":1,\"name\":\"Startseite\",\"item\":\"https:\\\/\\\/fonsvinum.com\\\/de\\\/\"},{\"@type\":\"ListItem\",\"position\":2,\"name\":\"Shop\",\"item\":\"https:\\\/\\\/fonsvinum.com\\\/de\\\/shop\\\/\"},{\"@type\":\"ListItem\",\"position\":3,\"name\":\"MARCHESI ANTINORI Tenuta Tignanello Riserva Chianti Classico 2023\"}]},{\"@type\":\"WebSite\",\"@id\":\"https:\\\/\\\/fonsvinum.com\\\/en\\\/#website\",\"url\":\"https:\\\/\\\/fonsvinum.com\\\/en\\\/\",\"name\":\"Fons Vinum\",\"description\":\"Vendita Vino Online\",\"publisher\":{\"@id\":\"https:\\\/\\\/fonsvinum.com\\\/en\\\/#organization\"},\"potentialAction\":[{\"@type\":\"SearchAction\",\"target\":{\"@type\":\"EntryPoint\",\"urlTemplate\":\"https:\\\/\\\/fonsvinum.com\\\/en\\\/?s={search_term_string}\"},\"query-input\":{\"@type\":\"PropertyValueSpecification\",\"valueRequired\":true,\"valueName\":\"search_term_string\"}}],\"inLanguage\":\"de\"},{\"@type\":\"Organization\",\"@id\":\"https:\\\/\\\/fonsvinum.com\\\/en\\\/#organization\",\"name\":\"Fons Vinum\",\"url\":\"https:\\\/\\\/fonsvinum.com\\\/en\\\/\",\"logo\":{\"@type\":\"ImageObject\",\"inLanguage\":\"de\",\"@id\":\"https:\\\/\\\/fonsvinum.com\\\/en\\\/#\\\/schema\\\/logo\\\/image\\\/\",\"url\":\"\",\"contentUrl\":\"\",\"caption\":\"Fons Vinum\"},\"image\":{\"@id\":\"https:\\\/\\\/fonsvinum.com\\\/en\\\/#\\\/schema\\\/logo\\\/image\\\/\"}}]}<\/script>\n<!-- \/ Yoast SEO plugin. -->","yoast_head_json":{"title":"MARCHESI ANTINORI Tenuta Tignanello Ris. Chianti Classico 2023","description":"MARCHESI ANTINORI Tenuta Tignanello Marchese Antinori Ris. Chianti Classico 2023 -FonsVinum- Ein charaktervoller Wein mit einer exzellenten Identit\u00e4t...","robots":{"index":"index","follow":"follow","max-snippet":"max-snippet:-1","max-image-preview":"max-image-preview:large","max-video-preview":"max-video-preview:-1"},"canonical":"https:\/\/fonsvinum.com\/de\/produkt\/marchesi-antinori-tenuta-tignanello-ris-chianti-classico-2023\/","og_locale":"de_DE","og_type":"article","og_title":"MARCHESI ANTINORI Tenuta Tignanello Ris. Chianti Classico 2023","og_description":"MARCHESI ANTINORI Tenuta Tignanello Marchese Antinori Ris. Chianti Classico 2023 -FonsVinum- Ein charaktervoller Wein mit einer exzellenten Identit\u00e4t...","og_url":"https:\/\/fonsvinum.com\/de\/produkt\/marchesi-antinori-tenuta-tignanello-ris-chianti-classico-2023\/","og_site_name":"Fons Vinum","article_modified_time":"2026-04-23T10:23:11+00:00","og_image":[{"width":200,"height":600,"url":"https:\/\/fonsvinum.com\/files\/2020\/09\/chianti-classico-ris-marchese-antinori-tenuta-tignanello-marchesi-antinori.jpg","type":"image\/jpeg"}],"twitter_misc":{"Gesch\u00e4tzte Lesezeit":"3\u00a0Minuten"},"schema":{"@context":"https:\/\/schema.org","@graph":[{"@type":"WebPage","@id":"https:\/\/fonsvinum.com\/de\/produkt\/marchesi-antinori-tenuta-tignanello-ris-chianti-classico-2023\/","url":"https:\/\/fonsvinum.com\/de\/produkt\/marchesi-antinori-tenuta-tignanello-ris-chianti-classico-2023\/","name":"MARCHESI ANTINORI Tenuta Tignanello Ris. Chianti Classico 2023","isPartOf":{"@id":"https:\/\/fonsvinum.com\/en\/#website"},"primaryImageOfPage":{"@id":"https:\/\/fonsvinum.com\/de\/produkt\/marchesi-antinori-tenuta-tignanello-ris-chianti-classico-2023\/#primaryimage"},"image":{"@id":"https:\/\/fonsvinum.com\/de\/produkt\/marchesi-antinori-tenuta-tignanello-ris-chianti-classico-2023\/#primaryimage"},"thumbnailUrl":"https:\/\/fonsvinum.com\/files\/2020\/09\/chianti-classico-ris-marchese-antinori-tenuta-tignanello-marchesi-antinori.jpg","datePublished":"2026-04-23T10:02:52+00:00","dateModified":"2026-04-23T10:23:11+00:00","description":"MARCHESI ANTINORI Tenuta Tignanello Marchese Antinori Ris. Chianti Classico 2023 -FonsVinum- Ein charaktervoller Wein mit einer exzellenten Identit\u00e4t...","breadcrumb":{"@id":"https:\/\/fonsvinum.com\/de\/produkt\/marchesi-antinori-tenuta-tignanello-ris-chianti-classico-2023\/#breadcrumb"},"inLanguage":"de","potentialAction":[{"@type":"ReadAction","target":["https:\/\/fonsvinum.com\/de\/produkt\/marchesi-antinori-tenuta-tignanello-ris-chianti-classico-2023\/"]}]},{"@type":"ImageObject","inLanguage":"de","@id":"https:\/\/fonsvinum.com\/de\/produkt\/marchesi-antinori-tenuta-tignanello-ris-chianti-classico-2023\/#primaryimage","url":"https:\/\/fonsvinum.com\/files\/2020\/09\/chianti-classico-ris-marchese-antinori-tenuta-tignanello-marchesi-antinori.jpg","contentUrl":"https:\/\/fonsvinum.com\/files\/2020\/09\/chianti-classico-ris-marchese-antinori-tenuta-tignanello-marchesi-antinori.jpg","width":200,"height":600},{"@type":"BreadcrumbList","@id":"https:\/\/fonsvinum.com\/de\/produkt\/marchesi-antinori-tenuta-tignanello-ris-chianti-classico-2023\/#breadcrumb","itemListElement":[{"@type":"ListItem","position":1,"name":"Startseite","item":"https:\/\/fonsvinum.com\/de\/"},{"@type":"ListItem","position":2,"name":"Shop","item":"https:\/\/fonsvinum.com\/de\/shop\/"},{"@type":"ListItem","position":3,"name":"MARCHESI ANTINORI Tenuta Tignanello Riserva Chianti Classico 2023"}]},{"@type":"WebSite","@id":"https:\/\/fonsvinum.com\/en\/#website","url":"https:\/\/fonsvinum.com\/en\/","name":"Fons Vinum","description":"Vendita Vino Online","publisher":{"@id":"https:\/\/fonsvinum.com\/en\/#organization"},"potentialAction":[{"@type":"SearchAction","target":{"@type":"EntryPoint","urlTemplate":"https:\/\/fonsvinum.com\/en\/?s={search_term_string}"},"query-input":{"@type":"PropertyValueSpecification","valueRequired":true,"valueName":"search_term_string"}}],"inLanguage":"de"},{"@type":"Organization","@id":"https:\/\/fonsvinum.com\/en\/#organization","name":"Fons Vinum","url":"https:\/\/fonsvinum.com\/en\/","logo":{"@type":"ImageObject","inLanguage":"de","@id":"https:\/\/fonsvinum.com\/en\/#\/schema\/logo\/image\/","url":"","contentUrl":"","caption":"Fons Vinum"},"image":{"@id":"https:\/\/fonsvinum.com\/en\/#\/schema\/logo\/image\/"}}]}},"acf":[],"_links":{"self":[{"href":"https:\/\/fonsvinum.com\/de\/wp-json\/wp\/v2\/product\/49630","targetHints":{"allow":["GET"]}}],"collection":[{"href":"https:\/\/fonsvinum.com\/de\/wp-json\/wp\/v2\/product"}],"about":[{"href":"https:\/\/fonsvinum.com\/de\/wp-json\/wp\/v2\/types\/product"}],"replies":[{"embeddable":true,"href":"https:\/\/fonsvinum.com\/de\/wp-json\/wp\/v2\/comments?post=49630"}],"wp:featuredmedia":[{"embeddable":true,"href":"https:\/\/fonsvinum.com\/de\/wp-json\/wp\/v2\/media\/26531"}],"wp:attachment":[{"href":"https:\/\/fonsvinum.com\/de\/wp-json\/wp\/v2\/media?parent=49630"}],"wp:term":[{"taxonomy":"product_brand","embeddable":true,"href":"https:\/\/fonsvinum.com\/de\/wp-json\/wp\/v2\/product_brand?post=49630"},{"taxonomy":"product_cat","embeddable":true,"href":"https:\/\/fonsvinum.com\/de\/wp-json\/wp\/v2\/product_cat?post=49630"},{"taxonomy":"product_tag","embeddable":true,"href":"https:\/\/fonsvinum.com\/de\/wp-json\/wp\/v2\/product_tag?post=49630"}],"curies":[{"name":"wp","href":"https:\/\/api.w.org\/{rel}","templated":true}]}}