{"id":49624,"date":"2026-04-23T11:40:24","date_gmt":"2026-04-23T09:40:24","guid":{"rendered":"https:\/\/fonsvinum.com\/?post_type=product&#038;p=49624"},"modified":"2026-04-23T11:57:38","modified_gmt":"2026-04-23T09:57:38","slug":"marchesi-antinori-gran-selezione-badia-a-passignano-chianti-classico-2022","status":"publish","type":"product","link":"https:\/\/fonsvinum.com\/de\/produkt\/marchesi-antinori-gran-selezione-badia-a-passignano-chianti-classico-2022\/","title":{"rendered":"MARCHESI ANTINORI Gran Selezione Badia a Passignano Chianti Classico 2022"},"content":{"rendered":"<h1><a href=\"https:\/\/www.antinori.it\/it\/\">MARCHESI ANTINORI<\/a> Gran Selezione Badia a Passignano Chianti Classico 2022<\/h1>\n<h2>DIE FAMILIE &#8211; <a title=\"Antinori\" href=\"https:\/\/fonsvinum.com\/produttore\/marchesi-antinori-vendita-vino-2\/\" target=\"_blank\" rel=\"noopener noreferrer\">MARCHESI ANTINORI<\/a><\/h2>\n<h3 class=\"heading heading--h2 heading--popup\">Eine Leidenschaft, die seit 26 Generationen weitergegeben wird<\/h3>\n<p class=\"article paragraph with-decoration \">Die Familie Antinori widmet sich seit \u00fcber sechshundert Jahren der Weinproduktion: seit 1385, als Giovanni di Piero Antinori der Arte Fiorentina dei Vinattieri beitrat. In ihrer gesamten langen Geschichte hat die Familie \u00fcber 26 Generationen hinweg diese T\u00e4tigkeit stets direkt geleitet, mit innovativen und manchmal mutigen Entscheidungen, dabei jedoch immer den Respekt vor den Traditionen und dem Terroir bewahrend.<\/p>\n<p>Heute wird das Unternehmen von Albiera Antinori geleitet, unterst\u00fctzt von ihren beiden Schwestern Allegra und Alessia, die pers\u00f6nlich in die Unternehmensaktivit\u00e4ten eingebunden sind. Ihr Vater, Marchese Piero Antinori, ist derzeit Ehrenpr\u00e4sident des Unternehmens. Tradition, Leidenschaft und Intuition waren die treibenden Qualit\u00e4ten, die die Marchesi Antinori zu einem der f\u00fchrenden italienischen Produzenten hochwertiger Weine gemacht haben.<\/p>\n<h3 class=\"heading heading--h3 text-animated text-animated--active\">Alte Wurzeln<\/h3>\n<p class=\"article paragraph text-animated text-animated--active\">Jeder Jahrgang, jeder Boden, jede Idee ist ein neuer Anfang, ein neues Streben nach immer h\u00f6heren Qualit\u00e4tsma\u00dfst\u00e4ben. Wie Marchese Piero gerne sagt: \u201eDie antiken Wurzeln spielen eine wichtige Rolle in unserer Philosophie, doch sie haben unseren Innovationsgeist nie gebremst.\u201c<\/p>\n<h2><a href=\"https:\/\/fonsvinum.com\/?s=badia+a+passignano&amp;post_type=product\">GRAN SELEZIONE BADIA A PASSIGNANO CHIANTI CLASSICO<\/a><\/h2>\n<h3 class=\"heading heading--h3 text-animated text-animated--active\">Badia a Passignano<\/h3>\n<p class=\"article paragraph text-animated text-animated--active\">Badia a Passignano liegt oberhalb von Sambuca Val di Pesa, 3 km s\u00fcdlich der Tenuta Tignanello; seine 223 Hektar, davon 65 mit Reben bepflanzt, erstrecken sich auf kalkhaltigem Boden und erreichen eine H\u00f6he von 250 bis 300 Metern in einem der sch\u00f6nsten und am besten geeigneten Gebiete des Chianti Classico. Seine grundlegende Bedeutung in der Geschichte des Chianti wird in Hunderten von B\u00e4nden dokumentiert, die heute im Staatsarchiv von Florenz aufbewahrt werden und \u00fcber die Sangiovese-Weinberge und den Anbau in der Region berichten. Best\u00e4tigt wurde dies 1983, als auf dem Gel\u00e4nde rund um Badia a Passignano eine tausendj\u00e4hrige Vitis-vinifera-Pflanze gefunden wurde.<\/p>\n<div class=\"simple-wine__category-wrapper\">\n<div class=\"simple-wine__category\">\n<div class=\"wine-bottle__category-text\">\n<p class=\"article paragraph \">Badia a Passignano Gran Selezione wird ausschlie\u00dflich aus einer Auswahl der besten Sangiovese-Trauben des gleichnamigen Weinguts im Herzen des Chianti Classico erzeugt. Das Gebiet ist seit dem Jahr 1000 f\u00fcr seine Weinproduktion bekannt. Die Weinberge erstrecken sich auf einem kalksteinreichen Boden mit mittlerem Tonanteil in einer H\u00f6he von etwa 300 m \u00fc. d. M. Der Ausbau erfolgt in den historischen Kellern der Badia di Passignano aus dem 10. Jahrhundert.<\/p>\n<div class=\"simple-wine__category\">\n<div class=\"wine-bottle__category-text\">\n<h3 class=\"heading heading--h3 \">JAHRGANG 2022<\/h3>\n<p>Der Jahrgang 2022 im Chianti Classico war bis August durch unterdurchschnittliche Niederschl\u00e4ge und einen tendenziell warmen Fr\u00fchling und Sommer gepr\u00e4gt, wobei die Monate Juni und Juli durch Temperaturen \u00fcber den historischen Werten der Region hervorstachen; die Pflanzen konnten sich unter diesen klimatischen Bedingungen selbst regulieren, was einen gleichm\u00e4\u00dfigen Austrieb und eine gleichm\u00e4\u00dfige Bl\u00fcte garantierte. So \u00fcberstanden sie die hei\u00dfesten Monate bestens und pr\u00e4sentierten sich zu Beginn der Reifephase in einem optimalen vegetativ-produktiven Zustand. Die Regenf\u00e4lle und der damit verbundene Temperaturr\u00fcckgang Mitte August beg\u00fcnstigten erhebliche Temperaturschwankungen zwischen Tag und Nacht, was den Beginn der Reifung optimierte. Die Herbstmonate waren ideal und garantierten eine qualitativ hochwertige Ernte, die in der letzten Septemberwoche begann und in der ersten Oktoberwoche endete.<\/p>\n<p class=\"heading heading--h3 \"><em><strong>Verkostungs-<\/strong> <strong>notizen<\/strong><\/em><\/p>\n<div class=\"simple-wine__category\">\n<div class=\"wine-bottle__category-text\">\n<div class=\"simple-wine__category\">\n<div class=\"wine-bottle__category-text\">\n<ul>\n<li class=\"article paragraph \">Badia a Passignano 2015 pr\u00e4sentiert sich in einer intensiven rubinroten <strong>Farbe<\/strong>.<\/li>\n<li>In der <strong>Nase<\/strong> verbinden sich ausgepr\u00e4gte Noten von reifen roten Fr\u00fcchten und intensive Ankl\u00e4nge von Waldbeeren und in Alkohol eingelegten Kirschen mit balsamischen und w\u00fcrzigen Empfindungen.<\/li>\n<li>Am <strong>Gaumen<\/strong> ist der Wein einh\u00fcllend, mit weichen und samtigen Tanninen; hervorragend sind die Frische, die Finesse und die Nachhaltigkeit im Geschmack<\/li>\n<\/ul>\n<\/div>\n<\/div>\n<\/div>\n<\/div>\n<\/div>\n<\/div>\n<div class=\"simple-wine__category\">\n<div class=\"wine-bottle__category-text\"><\/div>\n<\/div>\n<\/div>\n<\/div>\n<\/div>\n<div class=\"simple-wine__category\">\n<div class=\"wine-bottle__category-text\">\n<div class=\"simple-wine__category\">\n<div class=\"wine-bottle__category-text\">\n<div class=\"simple-wine__category-wrapper\">\n<div class=\"simple-wine__category\">\n<div class=\"wine-bottle__category-text\">\n<div class=\"simple-wine__category\">\n<div class=\"wine-bottle__category-text\"><\/div>\n<\/div>\n<\/div>\n<\/div>\n<\/div>\n<\/div>\n<\/div>\n<\/div>\n<\/div>\n","protected":false},"excerpt":{"rendered":"<p>MARCHESI ANTINORI Gran Selezione Badia a Passignano Chianti Classico 2022 DIE FAMILIE &#8211; MARCHESI ANTINORI Eine Leidenschaft, die seit 26 Generationen weitergegeben wird Die Familie Antinori widmet sich seit \u00fcber sechshundert Jahren der Weinproduktion: seit 1385, als Giovanni di Piero Antinori der Arte Fiorentina dei Vinattieri beitrat. In ihrer gesamten langen Geschichte hat die Familie [&hellip;]<\/p>\n","protected":false},"featured_media":26489,"comment_status":"open","ping_status":"closed","template":"","meta":{"_acf_changed":false,"_monsterinsights_skip_tracking":false,"_monsterinsights_sitenote_active":false,"_monsterinsights_sitenote_note":"","_monsterinsights_sitenote_category":0},"product_brand":[],"product_cat":[15737,2332],"product_tag":[15959,1745,3583],"class_list":{"0":"post-49624","1":"product","2":"type-product","3":"status-publish","4":"has-post-thumbnail","6":"product_cat-chianti-classico-docg-de","7":"product_cat-rotweine-de","8":"product_tag-vino-rosso-de","9":"product_tag-super-tuscan-de","10":"product_tag-vini-toscani-de","11":"pa_appellation-chianti-classico-docg-de","12":"pa_formato-0-75-l-flasche-de","13":"pa_producer-marchesi-antinori-de","14":"pa_region-toskana-de","15":"pa_vine-100-sangiovese-de","16":"pa_vintage-18397","18":"first","19":"instock","20":"sale","21":"taxable","22":"shipping-taxable","23":"purchasable","24":"product-type-simple"},"bundled_by":[],"bundle_stock_status":"instock","bundle_stock_quantity":6,"bundle_virtual":false,"bundle_layout":"","bundle_add_to_cart_form_location":"","bundle_editable_in_cart":false,"bundle_sold_individually_context":"","bundle_item_grouping":"","bundle_min_size":"","bundle_max_size":"","bundle_price":[],"bundled_items":[],"bundle_sell_ids":[],"yoast_head":"<!-- This site is optimized with the Yoast SEO plugin v27.3 - https:\/\/yoast.com\/product\/yoast-seo-wordpress\/ -->\n<title>ANTINORI Gran Selezione Badia a Passignano Chianti Classico 2022<\/title>\n<meta name=\"description\" content=\"MARCHESI ANTINORI Gran Selezione Badia a Passignano Chianti Classico 2022 -FonsVinum-... der Wein ist einh\u00fcllend, mit weichen und samtigen Tanninen\" \/>\n<meta name=\"robots\" content=\"index, follow, max-snippet:-1, max-image-preview:large, max-video-preview:-1\" \/>\n<link rel=\"canonical\" href=\"https:\/\/fonsvinum.com\/de\/produkt\/marchesi-antinori-gran-selezione-badia-a-passignano-chianti-classico-2022\/\" \/>\n<meta property=\"og:locale\" content=\"de_DE\" \/>\n<meta property=\"og:type\" content=\"article\" \/>\n<meta property=\"og:title\" content=\"ANTINORI Gran Selezione Badia a Passignano Chianti Classico 2022\" \/>\n<meta property=\"og:description\" content=\"MARCHESI ANTINORI Gran Selezione Badia a Passignano Chianti Classico 2022 -FonsVinum-... der Wein ist einh\u00fcllend, mit weichen und samtigen Tanninen\" \/>\n<meta property=\"og:url\" content=\"https:\/\/fonsvinum.com\/de\/produkt\/marchesi-antinori-gran-selezione-badia-a-passignano-chianti-classico-2022\/\" \/>\n<meta property=\"og:site_name\" content=\"Fons Vinum\" \/>\n<meta property=\"article:modified_time\" content=\"2026-04-23T09:57:38+00:00\" \/>\n<meta property=\"og:image\" content=\"https:\/\/fonsvinum.com\/files\/2020\/09\/chianti-classico-badia-passignano-gran-selezione-marchesi-antinori.jpg\" \/>\n\t<meta property=\"og:image:width\" content=\"200\" \/>\n\t<meta property=\"og:image:height\" content=\"600\" \/>\n\t<meta property=\"og:image:type\" content=\"image\/jpeg\" \/>\n<meta name=\"twitter:label1\" content=\"Gesch\u00e4tzte Lesezeit\" \/>\n\t<meta name=\"twitter:data1\" content=\"4\u00a0Minuten\" \/>\n<script type=\"application\/ld+json\" class=\"yoast-schema-graph\">{\"@context\":\"https:\\\/\\\/schema.org\",\"@graph\":[{\"@type\":\"WebPage\",\"@id\":\"https:\\\/\\\/fonsvinum.com\\\/de\\\/produkt\\\/marchesi-antinori-gran-selezione-badia-a-passignano-chianti-classico-2022\\\/\",\"url\":\"https:\\\/\\\/fonsvinum.com\\\/de\\\/produkt\\\/marchesi-antinori-gran-selezione-badia-a-passignano-chianti-classico-2022\\\/\",\"name\":\"ANTINORI Gran Selezione Badia a Passignano Chianti Classico 2022\",\"isPartOf\":{\"@id\":\"https:\\\/\\\/fonsvinum.com\\\/en\\\/#website\"},\"primaryImageOfPage\":{\"@id\":\"https:\\\/\\\/fonsvinum.com\\\/de\\\/produkt\\\/marchesi-antinori-gran-selezione-badia-a-passignano-chianti-classico-2022\\\/#primaryimage\"},\"image\":{\"@id\":\"https:\\\/\\\/fonsvinum.com\\\/de\\\/produkt\\\/marchesi-antinori-gran-selezione-badia-a-passignano-chianti-classico-2022\\\/#primaryimage\"},\"thumbnailUrl\":\"https:\\\/\\\/fonsvinum.com\\\/files\\\/2020\\\/09\\\/chianti-classico-badia-passignano-gran-selezione-marchesi-antinori.jpg\",\"datePublished\":\"2026-04-23T09:40:24+00:00\",\"dateModified\":\"2026-04-23T09:57:38+00:00\",\"description\":\"MARCHESI ANTINORI Gran Selezione Badia a Passignano Chianti Classico 2022 -FonsVinum-... der Wein ist einh\u00fcllend, mit weichen und samtigen Tanninen\",\"breadcrumb\":{\"@id\":\"https:\\\/\\\/fonsvinum.com\\\/de\\\/produkt\\\/marchesi-antinori-gran-selezione-badia-a-passignano-chianti-classico-2022\\\/#breadcrumb\"},\"inLanguage\":\"de\",\"potentialAction\":[{\"@type\":\"ReadAction\",\"target\":[\"https:\\\/\\\/fonsvinum.com\\\/de\\\/produkt\\\/marchesi-antinori-gran-selezione-badia-a-passignano-chianti-classico-2022\\\/\"]}]},{\"@type\":\"ImageObject\",\"inLanguage\":\"de\",\"@id\":\"https:\\\/\\\/fonsvinum.com\\\/de\\\/produkt\\\/marchesi-antinori-gran-selezione-badia-a-passignano-chianti-classico-2022\\\/#primaryimage\",\"url\":\"https:\\\/\\\/fonsvinum.com\\\/files\\\/2020\\\/09\\\/chianti-classico-badia-passignano-gran-selezione-marchesi-antinori.jpg\",\"contentUrl\":\"https:\\\/\\\/fonsvinum.com\\\/files\\\/2020\\\/09\\\/chianti-classico-badia-passignano-gran-selezione-marchesi-antinori.jpg\",\"width\":200,\"height\":600},{\"@type\":\"BreadcrumbList\",\"@id\":\"https:\\\/\\\/fonsvinum.com\\\/de\\\/produkt\\\/marchesi-antinori-gran-selezione-badia-a-passignano-chianti-classico-2022\\\/#breadcrumb\",\"itemListElement\":[{\"@type\":\"ListItem\",\"position\":1,\"name\":\"Startseite\",\"item\":\"https:\\\/\\\/fonsvinum.com\\\/de\\\/\"},{\"@type\":\"ListItem\",\"position\":2,\"name\":\"Shop\",\"item\":\"https:\\\/\\\/fonsvinum.com\\\/de\\\/shop\\\/\"},{\"@type\":\"ListItem\",\"position\":3,\"name\":\"MARCHESI ANTINORI Gran Selezione Badia a Passignano Chianti Classico 2022\"}]},{\"@type\":\"WebSite\",\"@id\":\"https:\\\/\\\/fonsvinum.com\\\/en\\\/#website\",\"url\":\"https:\\\/\\\/fonsvinum.com\\\/en\\\/\",\"name\":\"Fons Vinum\",\"description\":\"Vendita Vino Online\",\"publisher\":{\"@id\":\"https:\\\/\\\/fonsvinum.com\\\/en\\\/#organization\"},\"potentialAction\":[{\"@type\":\"SearchAction\",\"target\":{\"@type\":\"EntryPoint\",\"urlTemplate\":\"https:\\\/\\\/fonsvinum.com\\\/en\\\/?s={search_term_string}\"},\"query-input\":{\"@type\":\"PropertyValueSpecification\",\"valueRequired\":true,\"valueName\":\"search_term_string\"}}],\"inLanguage\":\"de\"},{\"@type\":\"Organization\",\"@id\":\"https:\\\/\\\/fonsvinum.com\\\/en\\\/#organization\",\"name\":\"Fons Vinum\",\"url\":\"https:\\\/\\\/fonsvinum.com\\\/en\\\/\",\"logo\":{\"@type\":\"ImageObject\",\"inLanguage\":\"de\",\"@id\":\"https:\\\/\\\/fonsvinum.com\\\/en\\\/#\\\/schema\\\/logo\\\/image\\\/\",\"url\":\"\",\"contentUrl\":\"\",\"caption\":\"Fons Vinum\"},\"image\":{\"@id\":\"https:\\\/\\\/fonsvinum.com\\\/en\\\/#\\\/schema\\\/logo\\\/image\\\/\"}}]}<\/script>\n<!-- \/ Yoast SEO plugin. -->","yoast_head_json":{"title":"ANTINORI Gran Selezione Badia a Passignano Chianti Classico 2022","description":"MARCHESI ANTINORI Gran Selezione Badia a Passignano Chianti Classico 2022 -FonsVinum-... der Wein ist einh\u00fcllend, mit weichen und samtigen Tanninen","robots":{"index":"index","follow":"follow","max-snippet":"max-snippet:-1","max-image-preview":"max-image-preview:large","max-video-preview":"max-video-preview:-1"},"canonical":"https:\/\/fonsvinum.com\/de\/produkt\/marchesi-antinori-gran-selezione-badia-a-passignano-chianti-classico-2022\/","og_locale":"de_DE","og_type":"article","og_title":"ANTINORI Gran Selezione Badia a Passignano Chianti Classico 2022","og_description":"MARCHESI ANTINORI Gran Selezione Badia a Passignano Chianti Classico 2022 -FonsVinum-... der Wein ist einh\u00fcllend, mit weichen und samtigen Tanninen","og_url":"https:\/\/fonsvinum.com\/de\/produkt\/marchesi-antinori-gran-selezione-badia-a-passignano-chianti-classico-2022\/","og_site_name":"Fons Vinum","article_modified_time":"2026-04-23T09:57:38+00:00","og_image":[{"width":200,"height":600,"url":"https:\/\/fonsvinum.com\/files\/2020\/09\/chianti-classico-badia-passignano-gran-selezione-marchesi-antinori.jpg","type":"image\/jpeg"}],"twitter_misc":{"Gesch\u00e4tzte Lesezeit":"4\u00a0Minuten"},"schema":{"@context":"https:\/\/schema.org","@graph":[{"@type":"WebPage","@id":"https:\/\/fonsvinum.com\/de\/produkt\/marchesi-antinori-gran-selezione-badia-a-passignano-chianti-classico-2022\/","url":"https:\/\/fonsvinum.com\/de\/produkt\/marchesi-antinori-gran-selezione-badia-a-passignano-chianti-classico-2022\/","name":"ANTINORI Gran Selezione Badia a Passignano Chianti Classico 2022","isPartOf":{"@id":"https:\/\/fonsvinum.com\/en\/#website"},"primaryImageOfPage":{"@id":"https:\/\/fonsvinum.com\/de\/produkt\/marchesi-antinori-gran-selezione-badia-a-passignano-chianti-classico-2022\/#primaryimage"},"image":{"@id":"https:\/\/fonsvinum.com\/de\/produkt\/marchesi-antinori-gran-selezione-badia-a-passignano-chianti-classico-2022\/#primaryimage"},"thumbnailUrl":"https:\/\/fonsvinum.com\/files\/2020\/09\/chianti-classico-badia-passignano-gran-selezione-marchesi-antinori.jpg","datePublished":"2026-04-23T09:40:24+00:00","dateModified":"2026-04-23T09:57:38+00:00","description":"MARCHESI ANTINORI Gran Selezione Badia a Passignano Chianti Classico 2022 -FonsVinum-... der Wein ist einh\u00fcllend, mit weichen und samtigen Tanninen","breadcrumb":{"@id":"https:\/\/fonsvinum.com\/de\/produkt\/marchesi-antinori-gran-selezione-badia-a-passignano-chianti-classico-2022\/#breadcrumb"},"inLanguage":"de","potentialAction":[{"@type":"ReadAction","target":["https:\/\/fonsvinum.com\/de\/produkt\/marchesi-antinori-gran-selezione-badia-a-passignano-chianti-classico-2022\/"]}]},{"@type":"ImageObject","inLanguage":"de","@id":"https:\/\/fonsvinum.com\/de\/produkt\/marchesi-antinori-gran-selezione-badia-a-passignano-chianti-classico-2022\/#primaryimage","url":"https:\/\/fonsvinum.com\/files\/2020\/09\/chianti-classico-badia-passignano-gran-selezione-marchesi-antinori.jpg","contentUrl":"https:\/\/fonsvinum.com\/files\/2020\/09\/chianti-classico-badia-passignano-gran-selezione-marchesi-antinori.jpg","width":200,"height":600},{"@type":"BreadcrumbList","@id":"https:\/\/fonsvinum.com\/de\/produkt\/marchesi-antinori-gran-selezione-badia-a-passignano-chianti-classico-2022\/#breadcrumb","itemListElement":[{"@type":"ListItem","position":1,"name":"Startseite","item":"https:\/\/fonsvinum.com\/de\/"},{"@type":"ListItem","position":2,"name":"Shop","item":"https:\/\/fonsvinum.com\/de\/shop\/"},{"@type":"ListItem","position":3,"name":"MARCHESI ANTINORI Gran Selezione Badia a Passignano Chianti Classico 2022"}]},{"@type":"WebSite","@id":"https:\/\/fonsvinum.com\/en\/#website","url":"https:\/\/fonsvinum.com\/en\/","name":"Fons Vinum","description":"Vendita Vino Online","publisher":{"@id":"https:\/\/fonsvinum.com\/en\/#organization"},"potentialAction":[{"@type":"SearchAction","target":{"@type":"EntryPoint","urlTemplate":"https:\/\/fonsvinum.com\/en\/?s={search_term_string}"},"query-input":{"@type":"PropertyValueSpecification","valueRequired":true,"valueName":"search_term_string"}}],"inLanguage":"de"},{"@type":"Organization","@id":"https:\/\/fonsvinum.com\/en\/#organization","name":"Fons Vinum","url":"https:\/\/fonsvinum.com\/en\/","logo":{"@type":"ImageObject","inLanguage":"de","@id":"https:\/\/fonsvinum.com\/en\/#\/schema\/logo\/image\/","url":"","contentUrl":"","caption":"Fons Vinum"},"image":{"@id":"https:\/\/fonsvinum.com\/en\/#\/schema\/logo\/image\/"}}]}},"acf":[],"_links":{"self":[{"href":"https:\/\/fonsvinum.com\/de\/wp-json\/wp\/v2\/product\/49624","targetHints":{"allow":["GET"]}}],"collection":[{"href":"https:\/\/fonsvinum.com\/de\/wp-json\/wp\/v2\/product"}],"about":[{"href":"https:\/\/fonsvinum.com\/de\/wp-json\/wp\/v2\/types\/product"}],"replies":[{"embeddable":true,"href":"https:\/\/fonsvinum.com\/de\/wp-json\/wp\/v2\/comments?post=49624"}],"wp:featuredmedia":[{"embeddable":true,"href":"https:\/\/fonsvinum.com\/de\/wp-json\/wp\/v2\/media\/26489"}],"wp:attachment":[{"href":"https:\/\/fonsvinum.com\/de\/wp-json\/wp\/v2\/media?parent=49624"}],"wp:term":[{"taxonomy":"product_brand","embeddable":true,"href":"https:\/\/fonsvinum.com\/de\/wp-json\/wp\/v2\/product_brand?post=49624"},{"taxonomy":"product_cat","embeddable":true,"href":"https:\/\/fonsvinum.com\/de\/wp-json\/wp\/v2\/product_cat?post=49624"},{"taxonomy":"product_tag","embeddable":true,"href":"https:\/\/fonsvinum.com\/de\/wp-json\/wp\/v2\/product_tag?post=49624"}],"curies":[{"name":"wp","href":"https:\/\/api.w.org\/{rel}","templated":true}]}}