{"id":49620,"date":"2018-01-24T17:56:00","date_gmt":"2018-01-24T16:56:00","guid":{"rendered":"https:\/\/fonsvinum.com\/product\/brunello-di-montalcino-montosoli-2013-altesino\/"},"modified":"2018-01-24T17:56:00","modified_gmt":"2018-01-24T16:56:00","slug":"brunello-di-montalcino-montosoli-2013-altesino","status":"publish","type":"product","link":"https:\/\/fonsvinum.com\/de\/produkt\/brunello-di-montalcino-montosoli-2013-altesino\/","title":{"rendered":"Brunello di Montalcino Montosoli 2013 Altesino"},"content":{"rendered":"<h1>Brunello di Montalcino Montosoli 2013 <a href=\"http:\/\/www.vinodalproduttore.it\">Altesino<\/a><\/h1>\n<p>Der Brunello di Montalcino Montosoli 2013 Altesino, ein Botschafter der hohen Qualit\u00e4t der italienischen \u00d6nologie weltweit, war der erste Wein, der die DOCG-Anerkennung erhielt.<\/p>\n<p>Der Brunello di Montalcino Montosoli 2013 Altesino pr\u00e4sentiert sich in einem brillanten Rubinrot, das mit zunehmender Reife zu Granatrot neigt.<\/p>\n<p>Breit gef\u00e4chert, \u00e4therisch und komplex, mit Noten von Sauerkirsche, Brombeere, Himbeere, Veilchen, Lakritz, Vanille und einem Hauch von rosa Pfeffer.<\/p>\n<p>Am Gaumen zeigt er eine hervorragende \u00dcbereinstimmung mit der Nase; trocken, warm, gut ausbalanciert, mit reichem K\u00f6rper und exzellenter Rasse.<\/p>\n<p>Der Brunello di Montalcino Montosoli 2013 Altesino reift 4 Jahre lang, davon mindestens 2 Jahre in F\u00e4ssern aus slawonischer Eiche und anschlie\u00dfend 3 bis 4 Monate in Allier-Barriques mit mittlerer Toastung.<\/p>\n<p>Er verfeinert sich 4 Monate in der Flasche.<\/p>\n<p>Ideal zu rotem Fleisch, Braten, edlem Wild und mittelreifem K\u00e4se.<\/p>\n<p>Die Einf\u00fchrung des \u201eCru\u201c-Konzepts (Montosoli) im Jahr 1975, die ersten Experimente mit Barriques im Jahr 1979, die Herstellung des ersten Grappa di Fattoria im Jahr 1977 und die ersten f\u00fcr den Brunello 1985 gedruckten Futures (En-Primeur-Verkauf) sind Meilensteine, die ma\u00dfgeblich zum weltweiten Erfolg des Weinguts aus Montalcino beigetragen haben.<\/p>\n<p>Hinzu kommt die intensive Beziehung, die in vierzig Jahren zu diesem geschichtstr\u00e4chtigen Territorium entstanden ist \u2013 einer Sch\u00f6nheit, die nicht statisch, sondern fast sinnlich und physisch sp\u00fcrbar ist.<\/p>\n<p>Diskreter Charme, der die Seele ber\u00fchrt, ohne den K\u00f6rper zu vergessen \u2013 das ist die Philosophie, die Altesino bei der Weinherstellung und der Bewahrung seiner Kultur leitet.<\/p>\n<h1>Das Weingut:<\/h1>\n<p>Die strengen Mauern des Palazzo Altesi im Zentrum des Weinguts wurden Mitte des 15. Jahrhunderts von der adligen toskanischen Familie Tricerchi errichtet.<\/p>\n<p>In den fr\u00fchen 1970er-Jahren von Mail\u00e4nder Unternehmern erworben und renoviert, brachte Altesino modernes Unternehmertum in ein wirtschaftliches Gef\u00fcge nach der Halbpacht ein. Aus dieser Begegnung entstand und etablierte sich eine neue Art der Weinherstellung und -auffassung.<\/p>\n<p>Das Weingut Altesino ist ein Vorreiter der verschiedenen bedeutenden Innovationen in der Produktion des Sangiovese di Montalcino und hat sich als herausragender Akteur und Bezugspunkt f\u00fcr die gesamte Region etabliert.<\/p>\n<p>Die Societ\u00e0 Agricola Altesino befindet sich in Montalcino, im Herzen der s\u00fcdlichen Toskana.<\/p>\n<p>Die Weinberge erstrecken sich \u00fcber 44 Hektar und sind in die Crus Altesino, Macina, Castelnuovo dell&#8217;Abate, Pianezzine und Montosoli unterteilt.<\/p>\n<p>&nbsp;<\/p>\n<p>Neben dem Sangiovese di Montalcino, der den Gro\u00dfteil der Anpflanzungen ausmacht, werden Cabernet Sauvignon und Merlot, Trebbiano und Malvasia, Vermentino, Chardonnay sowie Viognier angebaut.<\/p>\n<p>&nbsp;<\/p>\n<p>Dank des enthusiastischen und rationalen Entwicklungsprogramms der Eigent\u00fcmer wurde Altesino mit modernen und funktionalen Anlagen f\u00fcr die Weinbereitung, den Ausbau und die Abf\u00fcllung ausgestattet.<\/p>\n","protected":false},"excerpt":{"rendered":"<p>Brunello di Montalcino Montosoli 2013 Altesino Der Brunello di Montalcino Montosoli 2013 Altesino, ein Botschafter der hohen Qualit\u00e4t der italienischen \u00d6nologie weltweit, war der erste Wein, der die DOCG-Anerkennung erhielt. Der Brunello di Montalcino Montosoli 2013 Altesino pr\u00e4sentiert sich in einem brillanten Rubinrot, das mit zunehmender Reife zu Granatrot neigt. Breit gef\u00e4chert, \u00e4therisch und komplex, [&hellip;]<\/p>\n","protected":false},"featured_media":12656,"comment_status":"open","ping_status":"closed","template":"","meta":{"_acf_changed":false,"_monsterinsights_skip_tracking":false,"_monsterinsights_sitenote_active":false,"_monsterinsights_sitenote_note":"","_monsterinsights_sitenote_category":0},"product_brand":[],"product_cat":[1772],"product_tag":[15929,3583],"class_list":{"0":"post-49620","1":"product","2":"type-product","3":"status-publish","4":"has-post-thumbnail","6":"product_cat-sangiovese-de","7":"product_tag-metodo-classico-extra-brut-de","8":"product_tag-vini-toscani-de","9":"pa_appellation-brunello-di-montalcino-docg-de","10":"pa_formato-0-75-l-flasche-de","11":"pa_producer-societa-agricola-altesino-de","12":"pa_region-toskana-de","13":"pa_vine-100-sangiovese-de","14":"pa_vintage-2013-de","16":"first","17":"instock","18":"taxable","19":"shipping-taxable","20":"purchasable","21":"product-type-simple"},"bundled_by":[],"bundle_stock_status":"instock","bundle_stock_quantity":2,"bundle_virtual":false,"bundle_layout":"","bundle_add_to_cart_form_location":"","bundle_editable_in_cart":false,"bundle_sold_individually_context":"","bundle_item_grouping":"","bundle_min_size":"","bundle_max_size":"","bundle_price":[],"bundled_items":[],"bundle_sell_ids":[],"yoast_head":"<!-- This site is optimized with the Yoast SEO plugin v27.3 - https:\/\/yoast.com\/product\/yoast-seo-wordpress\/ -->\n<title>Brunello di Montalcino Montosoli 2013 Weingut Altesino<\/title>\n<meta name=\"description\" content=\"Brunello di Montalcino Montosoli 2013 Altesino. Das Weingut ist ein Vorreiter der verschiedenen bedeutenden Innovationen in der Produktion des Sangiovese di Montalcino und hat sich als herausragender Akteur und Bezugspunkt f\u00fcr die gesamte Region etabliert.\" \/>\n<meta name=\"robots\" content=\"index, follow, max-snippet:-1, max-image-preview:large, max-video-preview:-1\" \/>\n<link rel=\"canonical\" href=\"https:\/\/fonsvinum.com\/de\/produkt\/brunello-di-montalcino-montosoli-2013-altesino\/\" \/>\n<meta property=\"og:locale\" content=\"de_DE\" \/>\n<meta property=\"og:type\" content=\"article\" \/>\n<meta property=\"og:title\" content=\"Brunello di Montalcino Montosoli 2013 Weingut Altesino\" \/>\n<meta property=\"og:description\" content=\"Brunello di Montalcino Montosoli 2013 Altesino. Das Weingut ist ein Vorreiter der verschiedenen bedeutenden Innovationen in der Produktion des Sangiovese di Montalcino und hat sich als herausragender Akteur und Bezugspunkt f\u00fcr die gesamte Region etabliert.\" \/>\n<meta property=\"og:url\" content=\"https:\/\/fonsvinum.com\/de\/produkt\/brunello-di-montalcino-montosoli-2013-altesino\/\" \/>\n<meta property=\"og:site_name\" content=\"Fons Vinum\" \/>\n<meta property=\"og:image\" content=\"https:\/\/fonsvinum.com\/files\/2018\/01\/Brunello-di-Montalcino-Montosoli-Altesino.jpg\" \/>\n\t<meta property=\"og:image:width\" content=\"200\" \/>\n\t<meta property=\"og:image:height\" content=\"600\" \/>\n\t<meta property=\"og:image:type\" content=\"image\/jpeg\" \/>\n<meta name=\"twitter:label1\" content=\"Gesch\u00e4tzte Lesezeit\" \/>\n\t<meta name=\"twitter:data1\" content=\"2\u00a0Minuten\" \/>\n<script type=\"application\/ld+json\" class=\"yoast-schema-graph\">{\"@context\":\"https:\\\/\\\/schema.org\",\"@graph\":[{\"@type\":\"WebPage\",\"@id\":\"https:\\\/\\\/fonsvinum.com\\\/de\\\/produkt\\\/brunello-di-montalcino-montosoli-2013-altesino\\\/\",\"url\":\"https:\\\/\\\/fonsvinum.com\\\/de\\\/produkt\\\/brunello-di-montalcino-montosoli-2013-altesino\\\/\",\"name\":\"Brunello di Montalcino Montosoli 2013 Weingut Altesino\",\"isPartOf\":{\"@id\":\"https:\\\/\\\/fonsvinum.com\\\/en\\\/#website\"},\"primaryImageOfPage\":{\"@id\":\"https:\\\/\\\/fonsvinum.com\\\/de\\\/produkt\\\/brunello-di-montalcino-montosoli-2013-altesino\\\/#primaryimage\"},\"image\":{\"@id\":\"https:\\\/\\\/fonsvinum.com\\\/de\\\/produkt\\\/brunello-di-montalcino-montosoli-2013-altesino\\\/#primaryimage\"},\"thumbnailUrl\":\"https:\\\/\\\/fonsvinum.com\\\/files\\\/2018\\\/01\\\/Brunello-di-Montalcino-Montosoli-Altesino.jpg\",\"datePublished\":\"2018-01-24T16:56:00+00:00\",\"description\":\"Brunello di Montalcino Montosoli 2013 Altesino. Das Weingut ist ein Vorreiter der verschiedenen bedeutenden Innovationen in der Produktion des Sangiovese di Montalcino und hat sich als herausragender Akteur und Bezugspunkt f\u00fcr die gesamte Region etabliert.\",\"breadcrumb\":{\"@id\":\"https:\\\/\\\/fonsvinum.com\\\/de\\\/produkt\\\/brunello-di-montalcino-montosoli-2013-altesino\\\/#breadcrumb\"},\"inLanguage\":\"de\",\"potentialAction\":[{\"@type\":\"ReadAction\",\"target\":[\"https:\\\/\\\/fonsvinum.com\\\/de\\\/produkt\\\/brunello-di-montalcino-montosoli-2013-altesino\\\/\"]}]},{\"@type\":\"ImageObject\",\"inLanguage\":\"de\",\"@id\":\"https:\\\/\\\/fonsvinum.com\\\/de\\\/produkt\\\/brunello-di-montalcino-montosoli-2013-altesino\\\/#primaryimage\",\"url\":\"https:\\\/\\\/fonsvinum.com\\\/files\\\/2018\\\/01\\\/Brunello-di-Montalcino-Montosoli-Altesino.jpg\",\"contentUrl\":\"https:\\\/\\\/fonsvinum.com\\\/files\\\/2018\\\/01\\\/Brunello-di-Montalcino-Montosoli-Altesino.jpg\",\"width\":200,\"height\":600,\"caption\":\"Brunello di Montalcino Montosoli 2013 Altesino\"},{\"@type\":\"BreadcrumbList\",\"@id\":\"https:\\\/\\\/fonsvinum.com\\\/de\\\/produkt\\\/brunello-di-montalcino-montosoli-2013-altesino\\\/#breadcrumb\",\"itemListElement\":[{\"@type\":\"ListItem\",\"position\":1,\"name\":\"Startseite\",\"item\":\"https:\\\/\\\/fonsvinum.com\\\/de\\\/\"},{\"@type\":\"ListItem\",\"position\":2,\"name\":\"Shop\",\"item\":\"https:\\\/\\\/fonsvinum.com\\\/de\\\/shop\\\/\"},{\"@type\":\"ListItem\",\"position\":3,\"name\":\"Brunello di Montalcino Montosoli 2013 Altesino\"}]},{\"@type\":\"WebSite\",\"@id\":\"https:\\\/\\\/fonsvinum.com\\\/en\\\/#website\",\"url\":\"https:\\\/\\\/fonsvinum.com\\\/en\\\/\",\"name\":\"Fons Vinum\",\"description\":\"Vendita Vino Online\",\"publisher\":{\"@id\":\"https:\\\/\\\/fonsvinum.com\\\/en\\\/#organization\"},\"potentialAction\":[{\"@type\":\"SearchAction\",\"target\":{\"@type\":\"EntryPoint\",\"urlTemplate\":\"https:\\\/\\\/fonsvinum.com\\\/en\\\/?s={search_term_string}\"},\"query-input\":{\"@type\":\"PropertyValueSpecification\",\"valueRequired\":true,\"valueName\":\"search_term_string\"}}],\"inLanguage\":\"de\"},{\"@type\":\"Organization\",\"@id\":\"https:\\\/\\\/fonsvinum.com\\\/en\\\/#organization\",\"name\":\"Fons Vinum\",\"url\":\"https:\\\/\\\/fonsvinum.com\\\/en\\\/\",\"logo\":{\"@type\":\"ImageObject\",\"inLanguage\":\"de\",\"@id\":\"https:\\\/\\\/fonsvinum.com\\\/en\\\/#\\\/schema\\\/logo\\\/image\\\/\",\"url\":\"\",\"contentUrl\":\"\",\"caption\":\"Fons Vinum\"},\"image\":{\"@id\":\"https:\\\/\\\/fonsvinum.com\\\/en\\\/#\\\/schema\\\/logo\\\/image\\\/\"}}]}<\/script>\n<!-- \/ Yoast SEO plugin. -->","yoast_head_json":{"title":"Brunello di Montalcino Montosoli 2013 Weingut Altesino","description":"Brunello di Montalcino Montosoli 2013 Altesino. Das Weingut ist ein Vorreiter der verschiedenen bedeutenden Innovationen in der Produktion des Sangiovese di Montalcino und hat sich als herausragender Akteur und Bezugspunkt f\u00fcr die gesamte Region etabliert.","robots":{"index":"index","follow":"follow","max-snippet":"max-snippet:-1","max-image-preview":"max-image-preview:large","max-video-preview":"max-video-preview:-1"},"canonical":"https:\/\/fonsvinum.com\/de\/produkt\/brunello-di-montalcino-montosoli-2013-altesino\/","og_locale":"de_DE","og_type":"article","og_title":"Brunello di Montalcino Montosoli 2013 Weingut Altesino","og_description":"Brunello di Montalcino Montosoli 2013 Altesino. Das Weingut ist ein Vorreiter der verschiedenen bedeutenden Innovationen in der Produktion des Sangiovese di Montalcino und hat sich als herausragender Akteur und Bezugspunkt f\u00fcr die gesamte Region etabliert.","og_url":"https:\/\/fonsvinum.com\/de\/produkt\/brunello-di-montalcino-montosoli-2013-altesino\/","og_site_name":"Fons Vinum","og_image":[{"width":200,"height":600,"url":"https:\/\/fonsvinum.com\/files\/2018\/01\/Brunello-di-Montalcino-Montosoli-Altesino.jpg","type":"image\/jpeg"}],"twitter_misc":{"Gesch\u00e4tzte Lesezeit":"2\u00a0Minuten"},"schema":{"@context":"https:\/\/schema.org","@graph":[{"@type":"WebPage","@id":"https:\/\/fonsvinum.com\/de\/produkt\/brunello-di-montalcino-montosoli-2013-altesino\/","url":"https:\/\/fonsvinum.com\/de\/produkt\/brunello-di-montalcino-montosoli-2013-altesino\/","name":"Brunello di Montalcino Montosoli 2013 Weingut Altesino","isPartOf":{"@id":"https:\/\/fonsvinum.com\/en\/#website"},"primaryImageOfPage":{"@id":"https:\/\/fonsvinum.com\/de\/produkt\/brunello-di-montalcino-montosoli-2013-altesino\/#primaryimage"},"image":{"@id":"https:\/\/fonsvinum.com\/de\/produkt\/brunello-di-montalcino-montosoli-2013-altesino\/#primaryimage"},"thumbnailUrl":"https:\/\/fonsvinum.com\/files\/2018\/01\/Brunello-di-Montalcino-Montosoli-Altesino.jpg","datePublished":"2018-01-24T16:56:00+00:00","description":"Brunello di Montalcino Montosoli 2013 Altesino. Das Weingut ist ein Vorreiter der verschiedenen bedeutenden Innovationen in der Produktion des Sangiovese di Montalcino und hat sich als herausragender Akteur und Bezugspunkt f\u00fcr die gesamte Region etabliert.","breadcrumb":{"@id":"https:\/\/fonsvinum.com\/de\/produkt\/brunello-di-montalcino-montosoli-2013-altesino\/#breadcrumb"},"inLanguage":"de","potentialAction":[{"@type":"ReadAction","target":["https:\/\/fonsvinum.com\/de\/produkt\/brunello-di-montalcino-montosoli-2013-altesino\/"]}]},{"@type":"ImageObject","inLanguage":"de","@id":"https:\/\/fonsvinum.com\/de\/produkt\/brunello-di-montalcino-montosoli-2013-altesino\/#primaryimage","url":"https:\/\/fonsvinum.com\/files\/2018\/01\/Brunello-di-Montalcino-Montosoli-Altesino.jpg","contentUrl":"https:\/\/fonsvinum.com\/files\/2018\/01\/Brunello-di-Montalcino-Montosoli-Altesino.jpg","width":200,"height":600,"caption":"Brunello di Montalcino Montosoli 2013 Altesino"},{"@type":"BreadcrumbList","@id":"https:\/\/fonsvinum.com\/de\/produkt\/brunello-di-montalcino-montosoli-2013-altesino\/#breadcrumb","itemListElement":[{"@type":"ListItem","position":1,"name":"Startseite","item":"https:\/\/fonsvinum.com\/de\/"},{"@type":"ListItem","position":2,"name":"Shop","item":"https:\/\/fonsvinum.com\/de\/shop\/"},{"@type":"ListItem","position":3,"name":"Brunello di Montalcino Montosoli 2013 Altesino"}]},{"@type":"WebSite","@id":"https:\/\/fonsvinum.com\/en\/#website","url":"https:\/\/fonsvinum.com\/en\/","name":"Fons Vinum","description":"Vendita Vino Online","publisher":{"@id":"https:\/\/fonsvinum.com\/en\/#organization"},"potentialAction":[{"@type":"SearchAction","target":{"@type":"EntryPoint","urlTemplate":"https:\/\/fonsvinum.com\/en\/?s={search_term_string}"},"query-input":{"@type":"PropertyValueSpecification","valueRequired":true,"valueName":"search_term_string"}}],"inLanguage":"de"},{"@type":"Organization","@id":"https:\/\/fonsvinum.com\/en\/#organization","name":"Fons Vinum","url":"https:\/\/fonsvinum.com\/en\/","logo":{"@type":"ImageObject","inLanguage":"de","@id":"https:\/\/fonsvinum.com\/en\/#\/schema\/logo\/image\/","url":"","contentUrl":"","caption":"Fons Vinum"},"image":{"@id":"https:\/\/fonsvinum.com\/en\/#\/schema\/logo\/image\/"}}]}},"acf":[],"_links":{"self":[{"href":"https:\/\/fonsvinum.com\/de\/wp-json\/wp\/v2\/product\/49620","targetHints":{"allow":["GET"]}}],"collection":[{"href":"https:\/\/fonsvinum.com\/de\/wp-json\/wp\/v2\/product"}],"about":[{"href":"https:\/\/fonsvinum.com\/de\/wp-json\/wp\/v2\/types\/product"}],"replies":[{"embeddable":true,"href":"https:\/\/fonsvinum.com\/de\/wp-json\/wp\/v2\/comments?post=49620"}],"wp:featuredmedia":[{"embeddable":true,"href":"https:\/\/fonsvinum.com\/de\/wp-json\/wp\/v2\/media\/12656"}],"wp:attachment":[{"href":"https:\/\/fonsvinum.com\/de\/wp-json\/wp\/v2\/media?parent=49620"}],"wp:term":[{"taxonomy":"product_brand","embeddable":true,"href":"https:\/\/fonsvinum.com\/de\/wp-json\/wp\/v2\/product_brand?post=49620"},{"taxonomy":"product_cat","embeddable":true,"href":"https:\/\/fonsvinum.com\/de\/wp-json\/wp\/v2\/product_cat?post=49620"},{"taxonomy":"product_tag","embeddable":true,"href":"https:\/\/fonsvinum.com\/de\/wp-json\/wp\/v2\/product_tag?post=49620"}],"curies":[{"name":"wp","href":"https:\/\/api.w.org\/{rel}","templated":true}]}}