{"id":49616,"date":"2026-04-23T11:20:40","date_gmt":"2026-04-23T09:20:40","guid":{"rendered":"https:\/\/fonsvinum.com\/?post_type=product&#038;p=49616"},"modified":"2026-04-23T11:34:53","modified_gmt":"2026-04-23T09:34:53","slug":"altesino-montosoli-brunello-di-montalcino-2021","status":"publish","type":"product","link":"https:\/\/fonsvinum.com\/de\/produkt\/altesino-montosoli-brunello-di-montalcino-2021\/","title":{"rendered":"ALTESINO Montosoli Brunello di Montalcino 2021"},"content":{"rendered":"<h2>DAS WEINGUT <a href=\"https:\/\/fonsvinum.com\/?filter_producer=societa-agricola-altesino&amp;s=ALTESINO&amp;post_type=product\">ALTESINO<\/a><\/h2>\n<p>Die strengen Mauern des Palazzo Altesi, im Zentrum des Weinguts, wurden Mitte des 15. Jahrhunderts von der toskanischen Adelsfamilie Tricerchi errichtet. In den 70er Jahren erwarben Mail\u00e4nder Unternehmer den Palazzo Altesi und restaurierten ihn.<\/p>\n<p>Altesino brachte modernes Unternehmertum in ein post-feudales Wirtschaftsgef\u00fcge, und aus dieser Begegnung entstand, wuchs und etablierte sich eine neue Art, Wein zu machen und zu verstehen. Das Weingut Altesino ist Vorreiter der verschiedenen wichtigen Innovationen in der Produktion des Sangiovese di Montalcino und hat sich als herausragende Realit\u00e4t und Bezugspunkt f\u00fcr das gesamte Gebiet etabliert.<\/p>\n<p>Die Societ\u00e0 Agricola Altesino befindet sich in Montalcino, im Herzen der s\u00fcdlichen Toskana.<\/p>\n<p>Die Weinberge erstrecken sich \u00fcber 44 Hektar, aufgeteilt in die Crus Altesino, Macina, Castelnuovo dell&#8217;Abate, Pianezzine und Montosoli. Neben dem Sangiovese di Montalcino, der den Gro\u00dfteil der Rebfl\u00e4chen ausmacht, werden Cabernet Sauvignon und Merlot, Trebbiano und Malvasia, Vermentino, Chardonnay und Viognier produziert.<\/p>\n<p>Dank des enthusiastischen und rationalen Entwicklungsprogramms verf\u00fcgt Altesino heute \u00fcber moderne und funktionale Anlagen f\u00fcr Vinifikation, Ausbau und Abf\u00fcllung.<\/p>\n<h2><a href=\"https:\/\/fonsvinum.com\/?s=brunello+di+montalcino&amp;post_type=product\">BRUNELLO DI MONTALCINO<\/a> <a href=\"https:\/\/fonsvinum.com\/?s=montosoli&amp;post_type=product\">MONTOSOLI<\/a><\/h2>\n<p><!--more--><\/p>\n<div class=\"wpb_text_column wpb_content_element \">\n<div class=\"wpb_wrapper\">\n<p>Der Brunello di Montalcino, Botschafter der hohen Qualit\u00e4t der italienischen \u00d6nologie in der Welt, war der erste Wein, der die DOCG-Anerkennung erhielt.<\/p>\n<p>REIFUNG: Mindestens 2 Jahre in Eichenf\u00e4ssern<br \/>\nAUSBAU: Mindestens 4 Monate in der Flasche<\/p>\n<h3>-Organoleptische Eigenschaften-<\/h3>\n<ul>\n<li><strong>Farbe:<\/strong> rubinrot, mit der Reifung zu granatrot tendierend.<\/li>\n<li><strong>Duft:<\/strong> breites und intensives Bouquet mit Noten von Veilchen und angenehmen Ankl\u00e4ngen an Unterholz.<\/li>\n<li><strong>Geschmack:<\/strong> trocken, warm und samtig. Opulent, aber von au\u00dfergew\u00f6hnlicher Eleganz.<\/li>\n<li><strong>Serviertemperatur:<\/strong> 18-20 \u00b0C<\/li>\n<li><strong>Empfohlene Speisen:<\/strong> rotes Fleisch, Braten, Wild und gereifte K\u00e4se.<\/li>\n<\/ul>\n<\/div>\n<\/div>\n","protected":false},"excerpt":{"rendered":"<p>DAS WEINGUT ALTESINO Die strengen Mauern des Palazzo Altesi, im Zentrum des Weinguts, wurden Mitte des 15. Jahrhunderts von der toskanischen Adelsfamilie Tricerchi errichtet. In den 70er Jahren erwarben Mail\u00e4nder Unternehmer den Palazzo Altesi und restaurierten ihn. Altesino brachte modernes Unternehmertum in ein post-feudales Wirtschaftsgef\u00fcge, und aus dieser Begegnung entstand, wuchs und etablierte sich eine [&hellip;]<\/p>\n","protected":false},"featured_media":12656,"comment_status":"open","ping_status":"closed","template":"","meta":{"_acf_changed":false,"_monsterinsights_skip_tracking":false,"_monsterinsights_sitenote_active":false,"_monsterinsights_sitenote_note":"","_monsterinsights_sitenote_category":0},"product_brand":[],"product_cat":[1762],"product_tag":[15911,15959,3583],"class_list":{"0":"post-49616","1":"product","2":"type-product","3":"status-publish","4":"has-post-thumbnail","6":"product_cat-brunello-de","7":"product_tag-brunello-de-2","8":"product_tag-vino-rosso-de","9":"product_tag-vini-toscani-de","10":"pa_appellation-brunello-di-montalcino-docg-de","11":"pa_formato-0-75-l-flasche-de","12":"pa_producer-societa-agricola-altesino-de","13":"pa_region-toskana-de","14":"pa_vine-100-sangiovese-de","15":"pa_vintage-18393","17":"first","18":"instock","19":"taxable","20":"shipping-taxable","21":"purchasable","22":"product-type-simple"},"bundled_by":[],"bundle_stock_status":"instock","bundle_stock_quantity":6,"bundle_virtual":false,"bundle_layout":"","bundle_add_to_cart_form_location":"","bundle_editable_in_cart":false,"bundle_sold_individually_context":"","bundle_item_grouping":"","bundle_min_size":"","bundle_max_size":"","bundle_price":[],"bundled_items":[],"bundle_sell_ids":[],"yoast_head":"<!-- This site is optimized with the Yoast SEO plugin v27.3 - https:\/\/yoast.com\/product\/yoast-seo-wordpress\/ -->\n<title>ALTESINO Montosoli Brunello di Montalcino 2021 online kaufen<\/title>\n<meta name=\"description\" content=\"Kaufen Sie online bei Fons Vinum ALTESINO Montosoli Brunello di Montalcino 2021, der erste Wein, der die DOCG-Anerkennung erhielt.\" \/>\n<meta name=\"robots\" content=\"index, follow, max-snippet:-1, max-image-preview:large, max-video-preview:-1\" \/>\n<link rel=\"canonical\" href=\"https:\/\/fonsvinum.com\/de\/produkt\/altesino-montosoli-brunello-di-montalcino-2021\/\" \/>\n<meta property=\"og:locale\" content=\"de_DE\" \/>\n<meta property=\"og:type\" content=\"article\" \/>\n<meta property=\"og:title\" content=\"ALTESINO Montosoli Brunello di Montalcino 2021 online kaufen\" \/>\n<meta property=\"og:description\" content=\"Kaufen Sie online bei Fons Vinum ALTESINO Montosoli Brunello di Montalcino 2021, der erste Wein, der die DOCG-Anerkennung erhielt.\" \/>\n<meta property=\"og:url\" content=\"https:\/\/fonsvinum.com\/de\/produkt\/altesino-montosoli-brunello-di-montalcino-2021\/\" \/>\n<meta property=\"og:site_name\" content=\"Fons Vinum\" \/>\n<meta property=\"article:modified_time\" content=\"2026-04-23T09:34:53+00:00\" \/>\n<meta property=\"og:image\" content=\"https:\/\/fonsvinum.com\/files\/2018\/01\/Brunello-di-Montalcino-Montosoli-Altesino.jpg\" \/>\n\t<meta property=\"og:image:width\" content=\"200\" \/>\n\t<meta property=\"og:image:height\" content=\"600\" \/>\n\t<meta property=\"og:image:type\" content=\"image\/jpeg\" \/>\n<meta name=\"twitter:label1\" content=\"Gesch\u00e4tzte Lesezeit\" \/>\n\t<meta name=\"twitter:data1\" content=\"2\u00a0Minuten\" \/>\n<script type=\"application\/ld+json\" class=\"yoast-schema-graph\">{\"@context\":\"https:\\\/\\\/schema.org\",\"@graph\":[{\"@type\":\"WebPage\",\"@id\":\"https:\\\/\\\/fonsvinum.com\\\/de\\\/produkt\\\/altesino-montosoli-brunello-di-montalcino-2021\\\/\",\"url\":\"https:\\\/\\\/fonsvinum.com\\\/de\\\/produkt\\\/altesino-montosoli-brunello-di-montalcino-2021\\\/\",\"name\":\"ALTESINO Montosoli Brunello di Montalcino 2021 online kaufen\",\"isPartOf\":{\"@id\":\"https:\\\/\\\/fonsvinum.com\\\/en\\\/#website\"},\"primaryImageOfPage\":{\"@id\":\"https:\\\/\\\/fonsvinum.com\\\/de\\\/produkt\\\/altesino-montosoli-brunello-di-montalcino-2021\\\/#primaryimage\"},\"image\":{\"@id\":\"https:\\\/\\\/fonsvinum.com\\\/de\\\/produkt\\\/altesino-montosoli-brunello-di-montalcino-2021\\\/#primaryimage\"},\"thumbnailUrl\":\"https:\\\/\\\/fonsvinum.com\\\/files\\\/2018\\\/01\\\/Brunello-di-Montalcino-Montosoli-Altesino.jpg\",\"datePublished\":\"2026-04-23T09:20:40+00:00\",\"dateModified\":\"2026-04-23T09:34:53+00:00\",\"description\":\"Kaufen Sie online bei Fons Vinum ALTESINO Montosoli Brunello di Montalcino 2021, der erste Wein, der die DOCG-Anerkennung erhielt.\",\"breadcrumb\":{\"@id\":\"https:\\\/\\\/fonsvinum.com\\\/de\\\/produkt\\\/altesino-montosoli-brunello-di-montalcino-2021\\\/#breadcrumb\"},\"inLanguage\":\"de\",\"potentialAction\":[{\"@type\":\"ReadAction\",\"target\":[\"https:\\\/\\\/fonsvinum.com\\\/de\\\/produkt\\\/altesino-montosoli-brunello-di-montalcino-2021\\\/\"]}]},{\"@type\":\"ImageObject\",\"inLanguage\":\"de\",\"@id\":\"https:\\\/\\\/fonsvinum.com\\\/de\\\/produkt\\\/altesino-montosoli-brunello-di-montalcino-2021\\\/#primaryimage\",\"url\":\"https:\\\/\\\/fonsvinum.com\\\/files\\\/2018\\\/01\\\/Brunello-di-Montalcino-Montosoli-Altesino.jpg\",\"contentUrl\":\"https:\\\/\\\/fonsvinum.com\\\/files\\\/2018\\\/01\\\/Brunello-di-Montalcino-Montosoli-Altesino.jpg\",\"width\":200,\"height\":600,\"caption\":\"Brunello di Montalcino Montosoli 2013 Altesino\"},{\"@type\":\"BreadcrumbList\",\"@id\":\"https:\\\/\\\/fonsvinum.com\\\/de\\\/produkt\\\/altesino-montosoli-brunello-di-montalcino-2021\\\/#breadcrumb\",\"itemListElement\":[{\"@type\":\"ListItem\",\"position\":1,\"name\":\"Startseite\",\"item\":\"https:\\\/\\\/fonsvinum.com\\\/de\\\/\"},{\"@type\":\"ListItem\",\"position\":2,\"name\":\"Shop\",\"item\":\"https:\\\/\\\/fonsvinum.com\\\/de\\\/shop\\\/\"},{\"@type\":\"ListItem\",\"position\":3,\"name\":\"ALTESINO Montosoli Brunello di Montalcino 2021\"}]},{\"@type\":\"WebSite\",\"@id\":\"https:\\\/\\\/fonsvinum.com\\\/en\\\/#website\",\"url\":\"https:\\\/\\\/fonsvinum.com\\\/en\\\/\",\"name\":\"Fons Vinum\",\"description\":\"Vendita Vino Online\",\"publisher\":{\"@id\":\"https:\\\/\\\/fonsvinum.com\\\/en\\\/#organization\"},\"potentialAction\":[{\"@type\":\"SearchAction\",\"target\":{\"@type\":\"EntryPoint\",\"urlTemplate\":\"https:\\\/\\\/fonsvinum.com\\\/en\\\/?s={search_term_string}\"},\"query-input\":{\"@type\":\"PropertyValueSpecification\",\"valueRequired\":true,\"valueName\":\"search_term_string\"}}],\"inLanguage\":\"de\"},{\"@type\":\"Organization\",\"@id\":\"https:\\\/\\\/fonsvinum.com\\\/en\\\/#organization\",\"name\":\"Fons Vinum\",\"url\":\"https:\\\/\\\/fonsvinum.com\\\/en\\\/\",\"logo\":{\"@type\":\"ImageObject\",\"inLanguage\":\"de\",\"@id\":\"https:\\\/\\\/fonsvinum.com\\\/en\\\/#\\\/schema\\\/logo\\\/image\\\/\",\"url\":\"\",\"contentUrl\":\"\",\"caption\":\"Fons Vinum\"},\"image\":{\"@id\":\"https:\\\/\\\/fonsvinum.com\\\/en\\\/#\\\/schema\\\/logo\\\/image\\\/\"}}]}<\/script>\n<!-- \/ Yoast SEO plugin. -->","yoast_head_json":{"title":"ALTESINO Montosoli Brunello di Montalcino 2021 online kaufen","description":"Kaufen Sie online bei Fons Vinum ALTESINO Montosoli Brunello di Montalcino 2021, der erste Wein, der die DOCG-Anerkennung erhielt.","robots":{"index":"index","follow":"follow","max-snippet":"max-snippet:-1","max-image-preview":"max-image-preview:large","max-video-preview":"max-video-preview:-1"},"canonical":"https:\/\/fonsvinum.com\/de\/produkt\/altesino-montosoli-brunello-di-montalcino-2021\/","og_locale":"de_DE","og_type":"article","og_title":"ALTESINO Montosoli Brunello di Montalcino 2021 online kaufen","og_description":"Kaufen Sie online bei Fons Vinum ALTESINO Montosoli Brunello di Montalcino 2021, der erste Wein, der die DOCG-Anerkennung erhielt.","og_url":"https:\/\/fonsvinum.com\/de\/produkt\/altesino-montosoli-brunello-di-montalcino-2021\/","og_site_name":"Fons Vinum","article_modified_time":"2026-04-23T09:34:53+00:00","og_image":[{"width":200,"height":600,"url":"https:\/\/fonsvinum.com\/files\/2018\/01\/Brunello-di-Montalcino-Montosoli-Altesino.jpg","type":"image\/jpeg"}],"twitter_misc":{"Gesch\u00e4tzte Lesezeit":"2\u00a0Minuten"},"schema":{"@context":"https:\/\/schema.org","@graph":[{"@type":"WebPage","@id":"https:\/\/fonsvinum.com\/de\/produkt\/altesino-montosoli-brunello-di-montalcino-2021\/","url":"https:\/\/fonsvinum.com\/de\/produkt\/altesino-montosoli-brunello-di-montalcino-2021\/","name":"ALTESINO Montosoli Brunello di Montalcino 2021 online kaufen","isPartOf":{"@id":"https:\/\/fonsvinum.com\/en\/#website"},"primaryImageOfPage":{"@id":"https:\/\/fonsvinum.com\/de\/produkt\/altesino-montosoli-brunello-di-montalcino-2021\/#primaryimage"},"image":{"@id":"https:\/\/fonsvinum.com\/de\/produkt\/altesino-montosoli-brunello-di-montalcino-2021\/#primaryimage"},"thumbnailUrl":"https:\/\/fonsvinum.com\/files\/2018\/01\/Brunello-di-Montalcino-Montosoli-Altesino.jpg","datePublished":"2026-04-23T09:20:40+00:00","dateModified":"2026-04-23T09:34:53+00:00","description":"Kaufen Sie online bei Fons Vinum ALTESINO Montosoli Brunello di Montalcino 2021, der erste Wein, der die DOCG-Anerkennung erhielt.","breadcrumb":{"@id":"https:\/\/fonsvinum.com\/de\/produkt\/altesino-montosoli-brunello-di-montalcino-2021\/#breadcrumb"},"inLanguage":"de","potentialAction":[{"@type":"ReadAction","target":["https:\/\/fonsvinum.com\/de\/produkt\/altesino-montosoli-brunello-di-montalcino-2021\/"]}]},{"@type":"ImageObject","inLanguage":"de","@id":"https:\/\/fonsvinum.com\/de\/produkt\/altesino-montosoli-brunello-di-montalcino-2021\/#primaryimage","url":"https:\/\/fonsvinum.com\/files\/2018\/01\/Brunello-di-Montalcino-Montosoli-Altesino.jpg","contentUrl":"https:\/\/fonsvinum.com\/files\/2018\/01\/Brunello-di-Montalcino-Montosoli-Altesino.jpg","width":200,"height":600,"caption":"Brunello di Montalcino Montosoli 2013 Altesino"},{"@type":"BreadcrumbList","@id":"https:\/\/fonsvinum.com\/de\/produkt\/altesino-montosoli-brunello-di-montalcino-2021\/#breadcrumb","itemListElement":[{"@type":"ListItem","position":1,"name":"Startseite","item":"https:\/\/fonsvinum.com\/de\/"},{"@type":"ListItem","position":2,"name":"Shop","item":"https:\/\/fonsvinum.com\/de\/shop\/"},{"@type":"ListItem","position":3,"name":"ALTESINO Montosoli Brunello di Montalcino 2021"}]},{"@type":"WebSite","@id":"https:\/\/fonsvinum.com\/en\/#website","url":"https:\/\/fonsvinum.com\/en\/","name":"Fons Vinum","description":"Vendita Vino Online","publisher":{"@id":"https:\/\/fonsvinum.com\/en\/#organization"},"potentialAction":[{"@type":"SearchAction","target":{"@type":"EntryPoint","urlTemplate":"https:\/\/fonsvinum.com\/en\/?s={search_term_string}"},"query-input":{"@type":"PropertyValueSpecification","valueRequired":true,"valueName":"search_term_string"}}],"inLanguage":"de"},{"@type":"Organization","@id":"https:\/\/fonsvinum.com\/en\/#organization","name":"Fons Vinum","url":"https:\/\/fonsvinum.com\/en\/","logo":{"@type":"ImageObject","inLanguage":"de","@id":"https:\/\/fonsvinum.com\/en\/#\/schema\/logo\/image\/","url":"","contentUrl":"","caption":"Fons Vinum"},"image":{"@id":"https:\/\/fonsvinum.com\/en\/#\/schema\/logo\/image\/"}}]}},"acf":[],"_links":{"self":[{"href":"https:\/\/fonsvinum.com\/de\/wp-json\/wp\/v2\/product\/49616","targetHints":{"allow":["GET"]}}],"collection":[{"href":"https:\/\/fonsvinum.com\/de\/wp-json\/wp\/v2\/product"}],"about":[{"href":"https:\/\/fonsvinum.com\/de\/wp-json\/wp\/v2\/types\/product"}],"replies":[{"embeddable":true,"href":"https:\/\/fonsvinum.com\/de\/wp-json\/wp\/v2\/comments?post=49616"}],"wp:featuredmedia":[{"embeddable":true,"href":"https:\/\/fonsvinum.com\/de\/wp-json\/wp\/v2\/media\/12656"}],"wp:attachment":[{"href":"https:\/\/fonsvinum.com\/de\/wp-json\/wp\/v2\/media?parent=49616"}],"wp:term":[{"taxonomy":"product_brand","embeddable":true,"href":"https:\/\/fonsvinum.com\/de\/wp-json\/wp\/v2\/product_brand?post=49616"},{"taxonomy":"product_cat","embeddable":true,"href":"https:\/\/fonsvinum.com\/de\/wp-json\/wp\/v2\/product_cat?post=49616"},{"taxonomy":"product_tag","embeddable":true,"href":"https:\/\/fonsvinum.com\/de\/wp-json\/wp\/v2\/product_tag?post=49616"}],"curies":[{"name":"wp","href":"https:\/\/api.w.org\/{rel}","templated":true}]}}