{"id":49598,"date":"2026-04-23T10:54:06","date_gmt":"2026-04-23T08:54:06","guid":{"rendered":"https:\/\/fonsvinum.com\/?post_type=product&#038;p=49598"},"modified":"2026-04-23T11:01:09","modified_gmt":"2026-04-23T09:01:09","slug":"aldo-conterno-bussia-cicala-barolo-2021","status":"publish","type":"product","link":"https:\/\/fonsvinum.com\/de\/produkt\/aldo-conterno-bussia-cicala-barolo-2021\/","title":{"rendered":"ALDO CONTERNO Bussia Cicala Barolo 2021"},"content":{"rendered":"<h2>ALDO CONTERNO Bussia Cicala Barolo 2021<\/h2>\n<p>ALDO CONTERNO Bussia Cicala Barolo 2021<\/p>\n<h2><a href=\"https:\/\/fonsvinum.com\/de\/attributes\/producer\/aldo-conterno-de\/\">PODERI ALDO CONTERNO<\/a><\/h2>\n<p>Das Weingut &#8222;Poderi Aldo Conterno&#8220; befindet sich in Monforte d&#8217;Alba in der Lage Bussia, im Herzen der typischen Barolo-Zone.<\/p>\n<p>Die Familie, die das Weingut bildet, steht im Mittelpunkt aller Dynamiken der Betriebsabl\u00e4ufe.<br \/>\nF\u00fcnf Generationen leidenschaftlicher Hingabe an den Wein haben der Familie tiefen Respekt f\u00fcr die Identit\u00e4t eines Terroirs und eine entschiedene Charakterisierung ihrer Produkte eingefl\u00f6\u00dft.<\/p>\n<p>Was sie bieten m\u00f6chten, ist schlicht die Interpretation eines Terroirs durch ihre tiefsten \u00dcberzeugungen.<br \/>\nIhre Weine suchen niemals bedingungslose Zustimmung, ebenso wenig neigt ihr Charakter zu einfachen Kompromissen.<\/p>\n<h2><a href=\"https:\/\/fonsvinum.com\/?s=BAROLO&amp;post_type=product\">BAROLO<\/a> BUSSIA <a href=\"https:\/\/fonsvinum.com\/?s=barolo+bussia+cicala&amp;post_type=product\">CICALA<\/a><\/h2>\n<p>Der <a href=\"https:\/\/www.shopinlanghe.com\/sellers?render_type=sellerview&amp;id_seller=5\">Barolo<\/a> Bussia &#8222;Cicala&#8220; ist ein <strong>robuster, dichter, stofflicher und gro\u00dfartiger Wein, sehr strukturiert, aber auch reich an Tanninen, einer der langlebigsten der Appellation.<\/strong> Ein gro\u00dfer Barolo, den man jahrelang im Keller reifen lassen sollte.<\/p>\n<p>Der Barolo Bussia &#8222;Cicala&#8220; von Poderi Aldo Conterno ist ein gro\u00dfer Ausdruck des Barolo, eine klassische, alte und traditionelle Interpretation. Er stammt aus dem legend\u00e4ren Weinberg Cicala der Cru Bussia und wird unter vollst\u00e4ndiger Einhaltung der \u00e4ltesten \u00f6nologischen Praktiken der Langhe erzeugt.<\/p>\n<h3>-Vinifikation, G\u00e4rung und Ausbau-<\/h3>\n<p>VINIFIKATION: Rotweinbereitung mit Maischestandzeit in Edelstahltanks.<br \/>\nG\u00c4RUNGSZEITEN: Der Most bleibt 30 Tage in Kontakt mit den Schalen, w\u00e4hrend derer die alkoholische G\u00e4rung vollst\u00e4ndig abl\u00e4uft.<br \/>\nG\u00c4RUNGSTEMPERATUREN: variabel mit H\u00f6chstwerten von 32 Grad Celsius.<br \/>\nKELLERAUSBAU: Der junge Wein wird mehrmals umgef\u00fcllt, bevor er in Eichenf\u00e4sser kommt, wo er reift und sich verfeinert.<\/p>\n<h3>-Verkostungsnotizen-<\/h3>\n<div class=\"prodotto__descrizione__content__attributi\">\n<ul class=\"prodotto__abbinamento__list\">\n<li><span class=\"prodotto__descrizione__content__attributi__title\"><strong>Farbe<\/strong>: <\/span><span class=\"prodotto__descrizione__content__attributi__text\">Sehr intensives Granatrot<\/span><\/li>\n<li><span class=\"prodotto__descrizione__content__attributi__title\"><strong>Duft<\/strong>: <\/span><span class=\"prodotto__descrizione__content__attributi__text\">Kompakt und sehr intensiv, mit Noten von Waldbeeren, Veilchen, getrockneten Bl\u00fcten und Lakritze<\/span><\/li>\n<li><span class=\"prodotto__descrizione__content__attributi__title\"><strong>Geschmack<\/strong>: <\/span><span class=\"prodotto__descrizione__content__attributi__text\">Kraftvoll, potent, robust und strukturiert, von gro\u00dfer Wirkung und sehr langem Abgang<\/span><\/li>\n<li><strong>Perfekt zu genie\u00dfen mit: g<\/strong><span class=\"prodotto__abbinamento__item__text\">ebratenem-gegrilltem Fleisch, g<\/span><span class=\"prodotto__abbinamento__item__text\">eschmortem rotem Fleisch, aber auch <\/span><span class=\"prodotto__abbinamento__item__text\">Zartbitterschokolade, W<\/span><span class=\"prodotto__abbinamento__item__text\">ild, g<\/span><span class=\"prodotto__abbinamento__item__text\">ereiftem K\u00e4se<\/span><\/li>\n<\/ul>\n<\/div>\n","protected":false},"excerpt":{"rendered":"<p>ALDO CONTERNO Bussia Cicala Barolo 2021 ALDO CONTERNO Bussia Cicala Barolo 2021 PODERI ALDO CONTERNO Das Weingut &#8222;Poderi Aldo Conterno&#8220; befindet sich in Monforte d&#8217;Alba in der Lage Bussia, im Herzen der typischen Barolo-Zone. Die Familie, die das Weingut bildet, steht im Mittelpunkt aller Dynamiken der Betriebsabl\u00e4ufe. F\u00fcnf Generationen leidenschaftlicher Hingabe an den Wein haben [&hellip;]<\/p>\n","protected":false},"featured_media":35668,"comment_status":"open","ping_status":"closed","template":"","meta":{"_acf_changed":false,"_monsterinsights_skip_tracking":false,"_monsterinsights_sitenote_active":false,"_monsterinsights_sitenote_note":"","_monsterinsights_sitenote_category":0},"product_brand":[],"product_cat":[1824],"product_tag":[15903,15893,15959],"class_list":{"0":"post-49598","1":"product","2":"type-product","3":"status-publish","4":"has-post-thumbnail","6":"product_cat-barolo-de","7":"product_tag-barolo-de","8":"product_tag-piemonte-de","9":"product_tag-vino-rosso-de","10":"pa_appellation-barolo-docg-de","11":"pa_formato-0-75-l-flasche-de","12":"pa_producer-aldo-conterno-de","13":"pa_region-piemont-de","14":"pa_vine-100-nebbiolo-de","15":"pa_vintage-18393","17":"first","18":"instock","19":"sale","20":"taxable","21":"shipping-taxable","22":"purchasable","23":"product-type-simple"},"bundled_by":[],"bundle_stock_status":"instock","bundle_stock_quantity":6,"bundle_virtual":false,"bundle_layout":"","bundle_add_to_cart_form_location":"","bundle_editable_in_cart":false,"bundle_sold_individually_context":"","bundle_item_grouping":"","bundle_min_size":"","bundle_max_size":"","bundle_price":[],"bundled_items":[],"bundle_sell_ids":[],"yoast_head":"<!-- This site is optimized with the Yoast SEO plugin v27.3 - https:\/\/yoast.com\/product\/yoast-seo-wordpress\/ -->\n<title>ALDO CONTERNO Bussia Cicala Barolo 2021 kaufen<\/title>\n<meta name=\"description\" content=\"Kaufen Sie online bei Fons Vinum ALDO CONTERNO Bussia Cicala Barolo 2021, ein robuster, dichter Wein... einer der langlebigsten der Appellation...\" \/>\n<meta name=\"robots\" content=\"index, follow, max-snippet:-1, max-image-preview:large, max-video-preview:-1\" \/>\n<link rel=\"canonical\" href=\"https:\/\/fonsvinum.com\/de\/produkt\/aldo-conterno-bussia-cicala-barolo-2021\/\" \/>\n<meta property=\"og:locale\" content=\"de_DE\" \/>\n<meta property=\"og:type\" content=\"article\" \/>\n<meta property=\"og:title\" content=\"ALDO CONTERNO Bussia Cicala Barolo 2021 kaufen\" \/>\n<meta property=\"og:description\" content=\"Kaufen Sie online bei Fons Vinum ALDO CONTERNO Bussia Cicala Barolo 2021, ein robuster, dichter Wein... einer der langlebigsten der Appellation...\" \/>\n<meta property=\"og:url\" content=\"https:\/\/fonsvinum.com\/de\/produkt\/aldo-conterno-bussia-cicala-barolo-2021\/\" \/>\n<meta property=\"og:site_name\" content=\"Fons Vinum\" \/>\n<meta property=\"article:modified_time\" content=\"2026-04-23T09:01:09+00:00\" \/>\n<meta property=\"og:image\" content=\"https:\/\/fonsvinum.com\/files\/2021\/10\/barolo-cicala-aldo-conterno.jpg\" \/>\n\t<meta property=\"og:image:width\" content=\"200\" \/>\n\t<meta property=\"og:image:height\" content=\"600\" \/>\n\t<meta property=\"og:image:type\" content=\"image\/jpeg\" \/>\n<meta name=\"twitter:label1\" content=\"Gesch\u00e4tzte Lesezeit\" \/>\n\t<meta name=\"twitter:data1\" content=\"2\u00a0Minuten\" \/>\n<script type=\"application\/ld+json\" class=\"yoast-schema-graph\">{\"@context\":\"https:\\\/\\\/schema.org\",\"@graph\":[{\"@type\":\"WebPage\",\"@id\":\"https:\\\/\\\/fonsvinum.com\\\/de\\\/produkt\\\/aldo-conterno-bussia-cicala-barolo-2021\\\/\",\"url\":\"https:\\\/\\\/fonsvinum.com\\\/de\\\/produkt\\\/aldo-conterno-bussia-cicala-barolo-2021\\\/\",\"name\":\"ALDO CONTERNO Bussia Cicala Barolo 2021 kaufen\",\"isPartOf\":{\"@id\":\"https:\\\/\\\/fonsvinum.com\\\/en\\\/#website\"},\"primaryImageOfPage\":{\"@id\":\"https:\\\/\\\/fonsvinum.com\\\/de\\\/produkt\\\/aldo-conterno-bussia-cicala-barolo-2021\\\/#primaryimage\"},\"image\":{\"@id\":\"https:\\\/\\\/fonsvinum.com\\\/de\\\/produkt\\\/aldo-conterno-bussia-cicala-barolo-2021\\\/#primaryimage\"},\"thumbnailUrl\":\"https:\\\/\\\/fonsvinum.com\\\/files\\\/2021\\\/10\\\/barolo-cicala-aldo-conterno.jpg\",\"datePublished\":\"2026-04-23T08:54:06+00:00\",\"dateModified\":\"2026-04-23T09:01:09+00:00\",\"description\":\"Kaufen Sie online bei Fons Vinum ALDO CONTERNO Bussia Cicala Barolo 2021, ein robuster, dichter Wein... einer der langlebigsten der Appellation...\",\"breadcrumb\":{\"@id\":\"https:\\\/\\\/fonsvinum.com\\\/de\\\/produkt\\\/aldo-conterno-bussia-cicala-barolo-2021\\\/#breadcrumb\"},\"inLanguage\":\"de\",\"potentialAction\":[{\"@type\":\"ReadAction\",\"target\":[\"https:\\\/\\\/fonsvinum.com\\\/de\\\/produkt\\\/aldo-conterno-bussia-cicala-barolo-2021\\\/\"]}]},{\"@type\":\"ImageObject\",\"inLanguage\":\"de\",\"@id\":\"https:\\\/\\\/fonsvinum.com\\\/de\\\/produkt\\\/aldo-conterno-bussia-cicala-barolo-2021\\\/#primaryimage\",\"url\":\"https:\\\/\\\/fonsvinum.com\\\/files\\\/2021\\\/10\\\/barolo-cicala-aldo-conterno.jpg\",\"contentUrl\":\"https:\\\/\\\/fonsvinum.com\\\/files\\\/2021\\\/10\\\/barolo-cicala-aldo-conterno.jpg\",\"width\":200,\"height\":600},{\"@type\":\"BreadcrumbList\",\"@id\":\"https:\\\/\\\/fonsvinum.com\\\/de\\\/produkt\\\/aldo-conterno-bussia-cicala-barolo-2021\\\/#breadcrumb\",\"itemListElement\":[{\"@type\":\"ListItem\",\"position\":1,\"name\":\"Startseite\",\"item\":\"https:\\\/\\\/fonsvinum.com\\\/de\\\/\"},{\"@type\":\"ListItem\",\"position\":2,\"name\":\"Shop\",\"item\":\"https:\\\/\\\/fonsvinum.com\\\/de\\\/shop\\\/\"},{\"@type\":\"ListItem\",\"position\":3,\"name\":\"ALDO CONTERNO Bussia Cicala Barolo 2021\"}]},{\"@type\":\"WebSite\",\"@id\":\"https:\\\/\\\/fonsvinum.com\\\/en\\\/#website\",\"url\":\"https:\\\/\\\/fonsvinum.com\\\/en\\\/\",\"name\":\"Fons Vinum\",\"description\":\"Vendita Vino Online\",\"publisher\":{\"@id\":\"https:\\\/\\\/fonsvinum.com\\\/en\\\/#organization\"},\"potentialAction\":[{\"@type\":\"SearchAction\",\"target\":{\"@type\":\"EntryPoint\",\"urlTemplate\":\"https:\\\/\\\/fonsvinum.com\\\/en\\\/?s={search_term_string}\"},\"query-input\":{\"@type\":\"PropertyValueSpecification\",\"valueRequired\":true,\"valueName\":\"search_term_string\"}}],\"inLanguage\":\"de\"},{\"@type\":\"Organization\",\"@id\":\"https:\\\/\\\/fonsvinum.com\\\/en\\\/#organization\",\"name\":\"Fons Vinum\",\"url\":\"https:\\\/\\\/fonsvinum.com\\\/en\\\/\",\"logo\":{\"@type\":\"ImageObject\",\"inLanguage\":\"de\",\"@id\":\"https:\\\/\\\/fonsvinum.com\\\/en\\\/#\\\/schema\\\/logo\\\/image\\\/\",\"url\":\"\",\"contentUrl\":\"\",\"caption\":\"Fons Vinum\"},\"image\":{\"@id\":\"https:\\\/\\\/fonsvinum.com\\\/en\\\/#\\\/schema\\\/logo\\\/image\\\/\"}}]}<\/script>\n<!-- \/ Yoast SEO plugin. -->","yoast_head_json":{"title":"ALDO CONTERNO Bussia Cicala Barolo 2021 kaufen","description":"Kaufen Sie online bei Fons Vinum ALDO CONTERNO Bussia Cicala Barolo 2021, ein robuster, dichter Wein... einer der langlebigsten der Appellation...","robots":{"index":"index","follow":"follow","max-snippet":"max-snippet:-1","max-image-preview":"max-image-preview:large","max-video-preview":"max-video-preview:-1"},"canonical":"https:\/\/fonsvinum.com\/de\/produkt\/aldo-conterno-bussia-cicala-barolo-2021\/","og_locale":"de_DE","og_type":"article","og_title":"ALDO CONTERNO Bussia Cicala Barolo 2021 kaufen","og_description":"Kaufen Sie online bei Fons Vinum ALDO CONTERNO Bussia Cicala Barolo 2021, ein robuster, dichter Wein... einer der langlebigsten der Appellation...","og_url":"https:\/\/fonsvinum.com\/de\/produkt\/aldo-conterno-bussia-cicala-barolo-2021\/","og_site_name":"Fons Vinum","article_modified_time":"2026-04-23T09:01:09+00:00","og_image":[{"width":200,"height":600,"url":"https:\/\/fonsvinum.com\/files\/2021\/10\/barolo-cicala-aldo-conterno.jpg","type":"image\/jpeg"}],"twitter_misc":{"Gesch\u00e4tzte Lesezeit":"2\u00a0Minuten"},"schema":{"@context":"https:\/\/schema.org","@graph":[{"@type":"WebPage","@id":"https:\/\/fonsvinum.com\/de\/produkt\/aldo-conterno-bussia-cicala-barolo-2021\/","url":"https:\/\/fonsvinum.com\/de\/produkt\/aldo-conterno-bussia-cicala-barolo-2021\/","name":"ALDO CONTERNO Bussia Cicala Barolo 2021 kaufen","isPartOf":{"@id":"https:\/\/fonsvinum.com\/en\/#website"},"primaryImageOfPage":{"@id":"https:\/\/fonsvinum.com\/de\/produkt\/aldo-conterno-bussia-cicala-barolo-2021\/#primaryimage"},"image":{"@id":"https:\/\/fonsvinum.com\/de\/produkt\/aldo-conterno-bussia-cicala-barolo-2021\/#primaryimage"},"thumbnailUrl":"https:\/\/fonsvinum.com\/files\/2021\/10\/barolo-cicala-aldo-conterno.jpg","datePublished":"2026-04-23T08:54:06+00:00","dateModified":"2026-04-23T09:01:09+00:00","description":"Kaufen Sie online bei Fons Vinum ALDO CONTERNO Bussia Cicala Barolo 2021, ein robuster, dichter Wein... einer der langlebigsten der Appellation...","breadcrumb":{"@id":"https:\/\/fonsvinum.com\/de\/produkt\/aldo-conterno-bussia-cicala-barolo-2021\/#breadcrumb"},"inLanguage":"de","potentialAction":[{"@type":"ReadAction","target":["https:\/\/fonsvinum.com\/de\/produkt\/aldo-conterno-bussia-cicala-barolo-2021\/"]}]},{"@type":"ImageObject","inLanguage":"de","@id":"https:\/\/fonsvinum.com\/de\/produkt\/aldo-conterno-bussia-cicala-barolo-2021\/#primaryimage","url":"https:\/\/fonsvinum.com\/files\/2021\/10\/barolo-cicala-aldo-conterno.jpg","contentUrl":"https:\/\/fonsvinum.com\/files\/2021\/10\/barolo-cicala-aldo-conterno.jpg","width":200,"height":600},{"@type":"BreadcrumbList","@id":"https:\/\/fonsvinum.com\/de\/produkt\/aldo-conterno-bussia-cicala-barolo-2021\/#breadcrumb","itemListElement":[{"@type":"ListItem","position":1,"name":"Startseite","item":"https:\/\/fonsvinum.com\/de\/"},{"@type":"ListItem","position":2,"name":"Shop","item":"https:\/\/fonsvinum.com\/de\/shop\/"},{"@type":"ListItem","position":3,"name":"ALDO CONTERNO Bussia Cicala Barolo 2021"}]},{"@type":"WebSite","@id":"https:\/\/fonsvinum.com\/en\/#website","url":"https:\/\/fonsvinum.com\/en\/","name":"Fons Vinum","description":"Vendita Vino Online","publisher":{"@id":"https:\/\/fonsvinum.com\/en\/#organization"},"potentialAction":[{"@type":"SearchAction","target":{"@type":"EntryPoint","urlTemplate":"https:\/\/fonsvinum.com\/en\/?s={search_term_string}"},"query-input":{"@type":"PropertyValueSpecification","valueRequired":true,"valueName":"search_term_string"}}],"inLanguage":"de"},{"@type":"Organization","@id":"https:\/\/fonsvinum.com\/en\/#organization","name":"Fons Vinum","url":"https:\/\/fonsvinum.com\/en\/","logo":{"@type":"ImageObject","inLanguage":"de","@id":"https:\/\/fonsvinum.com\/en\/#\/schema\/logo\/image\/","url":"","contentUrl":"","caption":"Fons Vinum"},"image":{"@id":"https:\/\/fonsvinum.com\/en\/#\/schema\/logo\/image\/"}}]}},"acf":[],"_links":{"self":[{"href":"https:\/\/fonsvinum.com\/de\/wp-json\/wp\/v2\/product\/49598","targetHints":{"allow":["GET"]}}],"collection":[{"href":"https:\/\/fonsvinum.com\/de\/wp-json\/wp\/v2\/product"}],"about":[{"href":"https:\/\/fonsvinum.com\/de\/wp-json\/wp\/v2\/types\/product"}],"replies":[{"embeddable":true,"href":"https:\/\/fonsvinum.com\/de\/wp-json\/wp\/v2\/comments?post=49598"}],"wp:featuredmedia":[{"embeddable":true,"href":"https:\/\/fonsvinum.com\/de\/wp-json\/wp\/v2\/media\/35668"}],"wp:attachment":[{"href":"https:\/\/fonsvinum.com\/de\/wp-json\/wp\/v2\/media?parent=49598"}],"wp:term":[{"taxonomy":"product_brand","embeddable":true,"href":"https:\/\/fonsvinum.com\/de\/wp-json\/wp\/v2\/product_brand?post=49598"},{"taxonomy":"product_cat","embeddable":true,"href":"https:\/\/fonsvinum.com\/de\/wp-json\/wp\/v2\/product_cat?post=49598"},{"taxonomy":"product_tag","embeddable":true,"href":"https:\/\/fonsvinum.com\/de\/wp-json\/wp\/v2\/product_tag?post=49598"}],"curies":[{"name":"wp","href":"https:\/\/api.w.org\/{rel}","templated":true}]}}