{"id":49592,"date":"2026-04-23T10:36:45","date_gmt":"2026-04-23T08:36:45","guid":{"rendered":"https:\/\/fonsvinum.com\/?post_type=product&#038;p=49592"},"modified":"2026-04-23T10:46:14","modified_gmt":"2026-04-23T08:46:14","slug":"aldo-conterno-bussia-barolo-2021","status":"publish","type":"product","link":"https:\/\/fonsvinum.com\/de\/produkt\/aldo-conterno-bussia-barolo-2021\/","title":{"rendered":"ALDO CONTERNO Bussia Barolo 2021"},"content":{"rendered":"<h1>ALDO CONTERNO Bussia Barolo 2021<\/h1>\n<p>ALDO CONTERNO Bussia <a href=\"https:\/\/www.shopinlanghe.com\/sellers?render_type=sellerview&amp;id_seller=5\">Barolo<\/a> 2021<\/p>\n<h2>DAS WEINGUT <a href=\"https:\/\/fonsvinum.com\/attributi\/producer\/poderi-aldo-conterno\/\">ALDO CONTERNO<\/a><\/h2>\n<p>Das Weingut &#8222;Poderi Aldo Conterno&#8220; befindet sich in Monforte d&#8217;Alba in der Lage Bussia, im Herzen der typischen Barolo-Zone.<br \/>\nDas Weingut, das ausschlie\u00dflich eigene Trauben vinifiziert, umfasst 25 Hektar Rebfl\u00e4che.<\/p>\n<p>Der gr\u00f6\u00dfte Teil des Gel\u00e4ndes, das sich auf einer H\u00f6he von etwa 350\u2013400 m \u00fc. d. M. befindet, hat eine S\u00fcd-\/S\u00fcdwest-Ausrichtung und besteht aus ton- und kalkhaltigen Mergelb\u00f6den mit Sandschichten.<br \/>\nDie Ertr\u00e4ge pro Hektar sind sehr niedrig und die Gesamtproduktion betr\u00e4gt etwa 80.000 Flaschen pro Jahr.<br \/>\nDie vollst\u00e4ndig manuelle Weinlese beginnt in der Regel Mitte September mit einer \u00e4u\u00dferst sorgf\u00e4ltigen Selektion der geernteten Trauben.<br \/>\nSeit jeher werden die Rotweine gem\u00e4\u00df strenger Familientradition weder gesch\u00f6nt noch filtriert.<\/p>\n<h2><a href=\"https:\/\/fonsvinum.com\/categoria-prodotto\/vini-rossi\/barolo\/\">BAROLO<\/a> <a href=\"https:\/\/fonsvinum.com\/?s=barolo+bussia&amp;post_type=product\">BUSSIA<\/a><\/h2>\n<p>Der Barolo Bussia von Aldo Conterno ist ein facettenreicher, vollst\u00e4ndiger, authentischer und emotionaler Ausdruck einer der ber\u00fchmtesten Cru-Lagen des Barolo, der Bussia.<\/p>\n<p><strong>Rebsorte:<\/strong> Nebbiolo in den Variet\u00e4ten Michet und Lampia.<br \/>\n<strong>Weinberge:<\/strong> verschiedene Weinberge in Bussia (Monforte d&#8217;Alba).<br \/>\n<strong>Weinlese:<\/strong> manuell mit Traubenselektion im Weinberg.<\/p>\n<h3><strong>&#8211; Vinifikation &#8211;<\/strong><\/h3>\n<p>Rotweinvinifikation mit Maischestandzeit in Edelstahltanks.<\/p>\n<p>G\u00e4rdauer: Der Most bleibt 20\u201330 Tage in Kontakt mit den Schalen, w\u00e4hrend derer die alkoholische G\u00e4rung abgeschlossen wird. G\u00e4rtemperatur: variabel mit H\u00f6chstwerten von 32 Grad Celsius.<\/p>\n<p>Ausbau: Der junge Wein wird mehrmals umgef\u00fcllt, bevor er in Eichenf\u00e4sser kommt, wo er reift und verfeinert wird.<\/p>\n<h3>-Verkostungsnotizen-<\/h3>\n<ul>\n<li><strong>Farbe:<\/strong> Granatrot<\/li>\n<li><strong>Duft:<\/strong> reich und elegant mit Noten von reifen roten Fr\u00fcchten, getrockneten Bl\u00fcten, aromatischen Gew\u00fcrzen und Ankl\u00e4ngen von Leder und Kakao<\/li>\n<li><strong>Geschmack:<\/strong> kraftvoll und intensiv, k\u00f6rperreich und kompakt, mit gut strukturierten Tanninen und langem Abgang<\/li>\n<\/ul>\n","protected":false},"excerpt":{"rendered":"<p>ALDO CONTERNO Bussia Barolo 2021 ALDO CONTERNO Bussia Barolo 2021 DAS WEINGUT ALDO CONTERNO Das Weingut &#8222;Poderi Aldo Conterno&#8220; befindet sich in Monforte d&#8217;Alba in der Lage Bussia, im Herzen der typischen Barolo-Zone. Das Weingut, das ausschlie\u00dflich eigene Trauben vinifiziert, umfasst 25 Hektar Rebfl\u00e4che. Der gr\u00f6\u00dfte Teil des Gel\u00e4ndes, das sich auf einer H\u00f6he von [&hellip;]<\/p>\n","protected":false},"featured_media":7311,"comment_status":"open","ping_status":"closed","template":"","meta":{"_acf_changed":false,"_monsterinsights_skip_tracking":false,"_monsterinsights_sitenote_active":false,"_monsterinsights_sitenote_note":"","_monsterinsights_sitenote_category":0},"product_brand":[],"product_cat":[1824],"product_tag":[15903,18450,15893,15959],"class_list":{"0":"post-49592","1":"product","2":"type-product","3":"status-publish","4":"has-post-thumbnail","6":"product_cat-barolo-de","7":"product_tag-barolo-de","8":"product_tag-langhe-weine","9":"product_tag-piemonte-de","10":"product_tag-vino-rosso-de","11":"pa_appellation-barolo-docg-de","12":"pa_formato-0-75-l-flasche-de","13":"pa_producer-aldo-conterno-de","14":"pa_region-piemont-de","15":"pa_vine-100-nebbiolo-de","16":"pa_vintage-18393","18":"first","19":"instock","20":"taxable","21":"shipping-taxable","22":"purchasable","23":"product-type-simple"},"bundled_by":[],"bundle_stock_status":"instock","bundle_stock_quantity":6,"bundle_virtual":false,"bundle_layout":"","bundle_add_to_cart_form_location":"","bundle_editable_in_cart":false,"bundle_sold_individually_context":"","bundle_item_grouping":"","bundle_min_size":"","bundle_max_size":"","bundle_price":[],"bundled_items":[],"bundle_sell_ids":[],"yoast_head":"<!-- This site is optimized with the Yoast SEO plugin v27.3 - https:\/\/yoast.com\/product\/yoast-seo-wordpress\/ -->\n<title>Kaufen Sie bei FonsVinum ALDO CONTERNO Bussia Barolo 2021<\/title>\n<meta name=\"description\" content=\"Kaufen Sie online bei FonsVinum ALDO CONTERNO Bussia Barolo 2021, einen facettenreichen, vollst\u00e4ndigen, authentischen und emotionalen Ausdruck.\" \/>\n<meta name=\"robots\" content=\"index, follow, max-snippet:-1, max-image-preview:large, max-video-preview:-1\" \/>\n<link rel=\"canonical\" href=\"https:\/\/fonsvinum.com\/de\/produkt\/aldo-conterno-bussia-barolo-2021\/\" \/>\n<meta property=\"og:locale\" content=\"de_DE\" \/>\n<meta property=\"og:type\" content=\"article\" \/>\n<meta property=\"og:title\" content=\"Kaufen Sie bei FonsVinum ALDO CONTERNO Bussia Barolo 2021\" \/>\n<meta property=\"og:description\" content=\"Kaufen Sie online bei FonsVinum ALDO CONTERNO Bussia Barolo 2021, einen facettenreichen, vollst\u00e4ndigen, authentischen und emotionalen Ausdruck.\" \/>\n<meta property=\"og:url\" content=\"https:\/\/fonsvinum.com\/de\/produkt\/aldo-conterno-bussia-barolo-2021\/\" \/>\n<meta property=\"og:site_name\" content=\"Fons Vinum\" \/>\n<meta property=\"article:modified_time\" content=\"2026-04-23T08:46:14+00:00\" \/>\n<meta property=\"og:image\" content=\"https:\/\/fonsvinum.com\/files\/2013\/10\/barolo-bussia-aldo-conterno.png\" \/>\n\t<meta property=\"og:image:width\" content=\"200\" \/>\n\t<meta property=\"og:image:height\" content=\"600\" \/>\n\t<meta property=\"og:image:type\" content=\"image\/png\" \/>\n<meta name=\"twitter:label1\" content=\"Gesch\u00e4tzte Lesezeit\" \/>\n\t<meta name=\"twitter:data1\" content=\"2\u00a0Minuten\" \/>\n<script type=\"application\/ld+json\" class=\"yoast-schema-graph\">{\"@context\":\"https:\\\/\\\/schema.org\",\"@graph\":[{\"@type\":\"WebPage\",\"@id\":\"https:\\\/\\\/fonsvinum.com\\\/de\\\/produkt\\\/aldo-conterno-bussia-barolo-2021\\\/\",\"url\":\"https:\\\/\\\/fonsvinum.com\\\/de\\\/produkt\\\/aldo-conterno-bussia-barolo-2021\\\/\",\"name\":\"Kaufen Sie bei FonsVinum ALDO CONTERNO Bussia Barolo 2021\",\"isPartOf\":{\"@id\":\"https:\\\/\\\/fonsvinum.com\\\/en\\\/#website\"},\"primaryImageOfPage\":{\"@id\":\"https:\\\/\\\/fonsvinum.com\\\/de\\\/produkt\\\/aldo-conterno-bussia-barolo-2021\\\/#primaryimage\"},\"image\":{\"@id\":\"https:\\\/\\\/fonsvinum.com\\\/de\\\/produkt\\\/aldo-conterno-bussia-barolo-2021\\\/#primaryimage\"},\"thumbnailUrl\":\"https:\\\/\\\/fonsvinum.com\\\/files\\\/2013\\\/10\\\/barolo-bussia-aldo-conterno.png\",\"datePublished\":\"2026-04-23T08:36:45+00:00\",\"dateModified\":\"2026-04-23T08:46:14+00:00\",\"description\":\"Kaufen Sie online bei FonsVinum ALDO CONTERNO Bussia Barolo 2021, einen facettenreichen, vollst\u00e4ndigen, authentischen und emotionalen Ausdruck.\",\"breadcrumb\":{\"@id\":\"https:\\\/\\\/fonsvinum.com\\\/de\\\/produkt\\\/aldo-conterno-bussia-barolo-2021\\\/#breadcrumb\"},\"inLanguage\":\"de\",\"potentialAction\":[{\"@type\":\"ReadAction\",\"target\":[\"https:\\\/\\\/fonsvinum.com\\\/de\\\/produkt\\\/aldo-conterno-bussia-barolo-2021\\\/\"]}]},{\"@type\":\"ImageObject\",\"inLanguage\":\"de\",\"@id\":\"https:\\\/\\\/fonsvinum.com\\\/de\\\/produkt\\\/aldo-conterno-bussia-barolo-2021\\\/#primaryimage\",\"url\":\"https:\\\/\\\/fonsvinum.com\\\/files\\\/2013\\\/10\\\/barolo-bussia-aldo-conterno.png\",\"contentUrl\":\"https:\\\/\\\/fonsvinum.com\\\/files\\\/2013\\\/10\\\/barolo-bussia-aldo-conterno.png\",\"width\":200,\"height\":600,\"caption\":\"barolo bussia aldo conterno\"},{\"@type\":\"BreadcrumbList\",\"@id\":\"https:\\\/\\\/fonsvinum.com\\\/de\\\/produkt\\\/aldo-conterno-bussia-barolo-2021\\\/#breadcrumb\",\"itemListElement\":[{\"@type\":\"ListItem\",\"position\":1,\"name\":\"Startseite\",\"item\":\"https:\\\/\\\/fonsvinum.com\\\/de\\\/\"},{\"@type\":\"ListItem\",\"position\":2,\"name\":\"Shop\",\"item\":\"https:\\\/\\\/fonsvinum.com\\\/de\\\/shop\\\/\"},{\"@type\":\"ListItem\",\"position\":3,\"name\":\"ALDO CONTERNO Bussia Barolo 2021\"}]},{\"@type\":\"WebSite\",\"@id\":\"https:\\\/\\\/fonsvinum.com\\\/en\\\/#website\",\"url\":\"https:\\\/\\\/fonsvinum.com\\\/en\\\/\",\"name\":\"Fons Vinum\",\"description\":\"Vendita Vino Online\",\"publisher\":{\"@id\":\"https:\\\/\\\/fonsvinum.com\\\/en\\\/#organization\"},\"potentialAction\":[{\"@type\":\"SearchAction\",\"target\":{\"@type\":\"EntryPoint\",\"urlTemplate\":\"https:\\\/\\\/fonsvinum.com\\\/en\\\/?s={search_term_string}\"},\"query-input\":{\"@type\":\"PropertyValueSpecification\",\"valueRequired\":true,\"valueName\":\"search_term_string\"}}],\"inLanguage\":\"de\"},{\"@type\":\"Organization\",\"@id\":\"https:\\\/\\\/fonsvinum.com\\\/en\\\/#organization\",\"name\":\"Fons Vinum\",\"url\":\"https:\\\/\\\/fonsvinum.com\\\/en\\\/\",\"logo\":{\"@type\":\"ImageObject\",\"inLanguage\":\"de\",\"@id\":\"https:\\\/\\\/fonsvinum.com\\\/en\\\/#\\\/schema\\\/logo\\\/image\\\/\",\"url\":\"\",\"contentUrl\":\"\",\"caption\":\"Fons Vinum\"},\"image\":{\"@id\":\"https:\\\/\\\/fonsvinum.com\\\/en\\\/#\\\/schema\\\/logo\\\/image\\\/\"}}]}<\/script>\n<!-- \/ Yoast SEO plugin. -->","yoast_head_json":{"title":"Kaufen Sie bei FonsVinum ALDO CONTERNO Bussia Barolo 2021","description":"Kaufen Sie online bei FonsVinum ALDO CONTERNO Bussia Barolo 2021, einen facettenreichen, vollst\u00e4ndigen, authentischen und emotionalen Ausdruck.","robots":{"index":"index","follow":"follow","max-snippet":"max-snippet:-1","max-image-preview":"max-image-preview:large","max-video-preview":"max-video-preview:-1"},"canonical":"https:\/\/fonsvinum.com\/de\/produkt\/aldo-conterno-bussia-barolo-2021\/","og_locale":"de_DE","og_type":"article","og_title":"Kaufen Sie bei FonsVinum ALDO CONTERNO Bussia Barolo 2021","og_description":"Kaufen Sie online bei FonsVinum ALDO CONTERNO Bussia Barolo 2021, einen facettenreichen, vollst\u00e4ndigen, authentischen und emotionalen Ausdruck.","og_url":"https:\/\/fonsvinum.com\/de\/produkt\/aldo-conterno-bussia-barolo-2021\/","og_site_name":"Fons Vinum","article_modified_time":"2026-04-23T08:46:14+00:00","og_image":[{"width":200,"height":600,"url":"https:\/\/fonsvinum.com\/files\/2013\/10\/barolo-bussia-aldo-conterno.png","type":"image\/png"}],"twitter_misc":{"Gesch\u00e4tzte Lesezeit":"2\u00a0Minuten"},"schema":{"@context":"https:\/\/schema.org","@graph":[{"@type":"WebPage","@id":"https:\/\/fonsvinum.com\/de\/produkt\/aldo-conterno-bussia-barolo-2021\/","url":"https:\/\/fonsvinum.com\/de\/produkt\/aldo-conterno-bussia-barolo-2021\/","name":"Kaufen Sie bei FonsVinum ALDO CONTERNO Bussia Barolo 2021","isPartOf":{"@id":"https:\/\/fonsvinum.com\/en\/#website"},"primaryImageOfPage":{"@id":"https:\/\/fonsvinum.com\/de\/produkt\/aldo-conterno-bussia-barolo-2021\/#primaryimage"},"image":{"@id":"https:\/\/fonsvinum.com\/de\/produkt\/aldo-conterno-bussia-barolo-2021\/#primaryimage"},"thumbnailUrl":"https:\/\/fonsvinum.com\/files\/2013\/10\/barolo-bussia-aldo-conterno.png","datePublished":"2026-04-23T08:36:45+00:00","dateModified":"2026-04-23T08:46:14+00:00","description":"Kaufen Sie online bei FonsVinum ALDO CONTERNO Bussia Barolo 2021, einen facettenreichen, vollst\u00e4ndigen, authentischen und emotionalen Ausdruck.","breadcrumb":{"@id":"https:\/\/fonsvinum.com\/de\/produkt\/aldo-conterno-bussia-barolo-2021\/#breadcrumb"},"inLanguage":"de","potentialAction":[{"@type":"ReadAction","target":["https:\/\/fonsvinum.com\/de\/produkt\/aldo-conterno-bussia-barolo-2021\/"]}]},{"@type":"ImageObject","inLanguage":"de","@id":"https:\/\/fonsvinum.com\/de\/produkt\/aldo-conterno-bussia-barolo-2021\/#primaryimage","url":"https:\/\/fonsvinum.com\/files\/2013\/10\/barolo-bussia-aldo-conterno.png","contentUrl":"https:\/\/fonsvinum.com\/files\/2013\/10\/barolo-bussia-aldo-conterno.png","width":200,"height":600,"caption":"barolo bussia aldo conterno"},{"@type":"BreadcrumbList","@id":"https:\/\/fonsvinum.com\/de\/produkt\/aldo-conterno-bussia-barolo-2021\/#breadcrumb","itemListElement":[{"@type":"ListItem","position":1,"name":"Startseite","item":"https:\/\/fonsvinum.com\/de\/"},{"@type":"ListItem","position":2,"name":"Shop","item":"https:\/\/fonsvinum.com\/de\/shop\/"},{"@type":"ListItem","position":3,"name":"ALDO CONTERNO Bussia Barolo 2021"}]},{"@type":"WebSite","@id":"https:\/\/fonsvinum.com\/en\/#website","url":"https:\/\/fonsvinum.com\/en\/","name":"Fons Vinum","description":"Vendita Vino Online","publisher":{"@id":"https:\/\/fonsvinum.com\/en\/#organization"},"potentialAction":[{"@type":"SearchAction","target":{"@type":"EntryPoint","urlTemplate":"https:\/\/fonsvinum.com\/en\/?s={search_term_string}"},"query-input":{"@type":"PropertyValueSpecification","valueRequired":true,"valueName":"search_term_string"}}],"inLanguage":"de"},{"@type":"Organization","@id":"https:\/\/fonsvinum.com\/en\/#organization","name":"Fons Vinum","url":"https:\/\/fonsvinum.com\/en\/","logo":{"@type":"ImageObject","inLanguage":"de","@id":"https:\/\/fonsvinum.com\/en\/#\/schema\/logo\/image\/","url":"","contentUrl":"","caption":"Fons Vinum"},"image":{"@id":"https:\/\/fonsvinum.com\/en\/#\/schema\/logo\/image\/"}}]}},"acf":[],"_links":{"self":[{"href":"https:\/\/fonsvinum.com\/de\/wp-json\/wp\/v2\/product\/49592","targetHints":{"allow":["GET"]}}],"collection":[{"href":"https:\/\/fonsvinum.com\/de\/wp-json\/wp\/v2\/product"}],"about":[{"href":"https:\/\/fonsvinum.com\/de\/wp-json\/wp\/v2\/types\/product"}],"replies":[{"embeddable":true,"href":"https:\/\/fonsvinum.com\/de\/wp-json\/wp\/v2\/comments?post=49592"}],"wp:featuredmedia":[{"embeddable":true,"href":"https:\/\/fonsvinum.com\/de\/wp-json\/wp\/v2\/media\/7311"}],"wp:attachment":[{"href":"https:\/\/fonsvinum.com\/de\/wp-json\/wp\/v2\/media?parent=49592"}],"wp:term":[{"taxonomy":"product_brand","embeddable":true,"href":"https:\/\/fonsvinum.com\/de\/wp-json\/wp\/v2\/product_brand?post=49592"},{"taxonomy":"product_cat","embeddable":true,"href":"https:\/\/fonsvinum.com\/de\/wp-json\/wp\/v2\/product_cat?post=49592"},{"taxonomy":"product_tag","embeddable":true,"href":"https:\/\/fonsvinum.com\/de\/wp-json\/wp\/v2\/product_tag?post=49592"}],"curies":[{"name":"wp","href":"https:\/\/api.w.org\/{rel}","templated":true}]}}