{"id":49578,"date":"2026-04-22T11:47:14","date_gmt":"2026-04-22T09:47:14","guid":{"rendered":"https:\/\/fonsvinum.com\/?post_type=product&#038;p=49578"},"modified":"2026-04-22T11:58:35","modified_gmt":"2026-04-22T09:58:35","slug":"marchesi-antinori-guado-al-tasso-2021","status":"publish","type":"product","link":"https:\/\/fonsvinum.com\/de\/produkt\/marchesi-antinori-guado-al-tasso-2021\/","title":{"rendered":"MARCHESI ANTINORI Guado al Tasso 2021"},"content":{"rendered":"<h2>MARCHESI ANTINORI Guado al Tasso 2021<\/h2>\n<p>MARCHESI ANTINORI Guado al Tasso 2021<\/p>\n<p><em>Bolgheri <a href=\"https:\/\/www.shopinlanghe.com\/sellers?render_type=sellerview&amp;id_seller=5\">Rosso<\/a> Superiore<\/em><\/p>\n<h2><a href=\"https:\/\/fonsvinum.com\/de\/attributes\/producer\/marchesi-antinori-de\/\">MARCHESI ANTINORI<\/a><\/h2>\n<p class=\"heading heading--h3 text-animated text-animated--active\"><em>Eine Leidenschaft, die seit 26 Generationen weitergegeben wird<\/em><\/p>\n<p class=\"article paragraph text-animated text-animated--active\">Die Familie Antinori widmet sich seit mehr als sechshundert Jahren der Weinproduktion: seit Giovanni di Piero Antinori im Jahr 1385 Mitglied der Florentiner Arte dei Vinattieri wurde. W\u00e4hrend ihrer gesamten langen Geschichte hat die Familie \u00fcber 26 Generationen hinweg diese T\u00e4tigkeit stets direkt geleitet, mit innovativen und manchmal mutigen Entscheidungen, dabei jedoch immer den Respekt vor den Traditionen und dem Terroir bewahrt.<\/p>\n<h3 class=\"heading heading--h3 text-animated text-animated--active\">Alte Wurzeln<\/h3>\n<p class=\"article paragraph text-animated text-animated--active\">Jeder Jahrgang, jeder Boden, jede Idee ist ein neuer Anfang, ein neues Streben nach immer h\u00f6heren Qualit\u00e4tsma\u00dfst\u00e4ben. Wie Marchese Piero gerne sagt: \u201eDie antiken Wurzeln spielen eine wichtige Rolle in unserer Philosophie, doch sie haben unseren Innovationsgeist nie gebremst.\u201c<\/p>\n<h3>Tenuta Guado al Tasso<\/h3>\n<p>Die Tenuta Guado al Tasso liegt in der kleinen und prestigetr\u00e4chtigen DOC Bolgheri an der K\u00fcste der Alta Maremma, etwa hundert Kilometer s\u00fcdwestlich von Florenz. Diese Appellation hat eine relativ kurze Geschichte (sie entstand 1995), genie\u00dft jedoch internationalen Ruhm als neuer Bezugspunkt im weltweiten Weinpanorama.<\/p>\n<h2><a href=\"https:\/\/fonsvinum.com\/?s=GUADO+AL+TASSO&amp;post_type=product\">GUADO AL TASSO<\/a><\/h2>\n<p>Cabernet Sauvignon, Merlot, Cabernet Franc und manchmal ein kleiner Anteil Petit Verdot, um die Eleganz, Komplexit\u00e4t und Struktur des Bolgheri-Terroirs zu repr\u00e4sentieren. Wird seit 1990 aus Weinbergen auf alluvialem Boden produziert, von tonig-sandig bis tonig-schluffig, mit Vorkommen von Bolgheri-Konglomerat (Skelett).<\/p>\n<p>Der Bolgheri Superiore der Tenuta Guado al Tasso der Marchesi Antinori ist ein prestigetr\u00e4chtiger <strong>toskanischer Supertuscan<\/strong>, Symbol schlechthin f\u00fcr das Bolgheri-Terroir und den italienischen Rotwein. Es handelt sich um eine der Speerspitzen des gesamten <strong>Maremma-Gebiets<\/strong>, das dank seiner Eleganz und seines Charmes zu einer Flagge der \u00f6nologischen Produktion unserer Halbinsel geworden ist.<\/p>\n<h3>Verkostungsnotizen Jahrgang 2021<\/h3>\n<p>Guado al Tasso 2021 pr\u00e4sentiert sich in intensivem Rubinrot. Am Gaumen ist er intensiv und komplex, mit schmeichelnden Aromen von Johannisbeere, Brombeere und Blutorange, begleitet von w\u00fcrzigen Noten, Tabak, Lakritz und R\u00f6stkaffee. Er zeigt sich einh\u00fcllend, langanhaltend und reich an lebendigen, seidigen Tanninen. Es ist ein kraftvoller und eleganter Jahrgang mit gro\u00dfem Reifepotenzial.<\/p>\n","protected":false},"excerpt":{"rendered":"<p>MARCHESI ANTINORI Guado al Tasso 2021 MARCHESI ANTINORI Guado al Tasso 2021 Bolgheri Rosso Superiore MARCHESI ANTINORI Eine Leidenschaft, die seit 26 Generationen weitergegeben wird Die Familie Antinori widmet sich seit mehr als sechshundert Jahren der Weinproduktion: seit Giovanni di Piero Antinori im Jahr 1385 Mitglied der Florentiner Arte dei Vinattieri wurde. W\u00e4hrend ihrer gesamten [&hellip;]<\/p>\n","protected":false},"featured_media":7563,"comment_status":"open","ping_status":"closed","template":"","meta":{"_acf_changed":false,"_monsterinsights_skip_tracking":false,"_monsterinsights_sitenote_active":false,"_monsterinsights_sitenote_note":"","_monsterinsights_sitenote_category":0},"product_brand":[],"product_cat":[1693],"product_tag":[1751,1745,3583],"class_list":{"0":"post-49578","1":"product","2":"type-product","3":"status-publish","4":"has-post-thumbnail","6":"product_cat-blend-2-de","7":"product_tag-aussergewoehnliche-weine-aus-italien-de","8":"product_tag-super-tuscan-de","9":"product_tag-vini-toscani-de","10":"pa_appellation-bolgheri-superiore-doc-de","11":"pa_formato-0-75-l-flasche-de","12":"pa_producer-marchesi-antinori-de","13":"pa_region-toskana-de","14":"pa_vine-62-cabernet-sauvignon-18-merlot-18-cabernet-franc-2-petit-verdot-de","15":"pa_vintage-18393","17":"first","18":"instock","19":"sale","20":"taxable","21":"shipping-taxable","22":"purchasable","23":"product-type-simple"},"bundled_by":[],"bundle_stock_status":"instock","bundle_stock_quantity":12,"bundle_virtual":false,"bundle_layout":"","bundle_add_to_cart_form_location":"","bundle_editable_in_cart":false,"bundle_sold_individually_context":"","bundle_item_grouping":"","bundle_min_size":"","bundle_max_size":"","bundle_price":[],"bundled_items":[],"bundle_sell_ids":[],"yoast_head":"<!-- This site is optimized with the Yoast SEO plugin v27.3 - https:\/\/yoast.com\/product\/yoast-seo-wordpress\/ -->\n<title>MARCHESI ANTINORI Guado al Tasso 2021 Bolgheri Rosso<\/title>\n<meta name=\"description\" content=\"Kaufen Sie MARCHESI ANTINORI Guado al Tasso 2021 Bolgheri Rosso Superiore online \u2013 ein Wein von gro\u00dfer Balance, Gef\u00e4lligkeit und Harmonie\" \/>\n<meta name=\"robots\" content=\"index, follow, max-snippet:-1, max-image-preview:large, max-video-preview:-1\" \/>\n<link rel=\"canonical\" href=\"https:\/\/fonsvinum.com\/de\/produkt\/marchesi-antinori-guado-al-tasso-2021\/\" \/>\n<meta property=\"og:locale\" content=\"de_DE\" \/>\n<meta property=\"og:type\" content=\"article\" \/>\n<meta property=\"og:title\" content=\"MARCHESI ANTINORI Guado al Tasso 2021 Bolgheri Rosso\" \/>\n<meta property=\"og:description\" content=\"Kaufen Sie MARCHESI ANTINORI Guado al Tasso 2021 Bolgheri Rosso Superiore online \u2013 ein Wein von gro\u00dfer Balance, Gef\u00e4lligkeit und Harmonie\" \/>\n<meta property=\"og:url\" content=\"https:\/\/fonsvinum.com\/de\/produkt\/marchesi-antinori-guado-al-tasso-2021\/\" \/>\n<meta property=\"og:site_name\" content=\"Fons Vinum\" \/>\n<meta property=\"article:modified_time\" content=\"2026-04-22T09:58:35+00:00\" \/>\n<meta property=\"og:image\" content=\"https:\/\/fonsvinum.com\/files\/2013\/04\/bolgheri-guado-al-tasso-marchesi-antinori.png\" \/>\n\t<meta property=\"og:image:width\" content=\"219\" \/>\n\t<meta property=\"og:image:height\" content=\"627\" \/>\n\t<meta property=\"og:image:type\" content=\"image\/png\" \/>\n<meta name=\"twitter:label1\" content=\"Gesch\u00e4tzte Lesezeit\" \/>\n\t<meta name=\"twitter:data1\" content=\"2\u00a0Minuten\" \/>\n<script type=\"application\/ld+json\" class=\"yoast-schema-graph\">{\"@context\":\"https:\\\/\\\/schema.org\",\"@graph\":[{\"@type\":\"WebPage\",\"@id\":\"https:\\\/\\\/fonsvinum.com\\\/de\\\/produkt\\\/marchesi-antinori-guado-al-tasso-2021\\\/\",\"url\":\"https:\\\/\\\/fonsvinum.com\\\/de\\\/produkt\\\/marchesi-antinori-guado-al-tasso-2021\\\/\",\"name\":\"MARCHESI ANTINORI Guado al Tasso 2021 Bolgheri Rosso\",\"isPartOf\":{\"@id\":\"https:\\\/\\\/fonsvinum.com\\\/en\\\/#website\"},\"primaryImageOfPage\":{\"@id\":\"https:\\\/\\\/fonsvinum.com\\\/de\\\/produkt\\\/marchesi-antinori-guado-al-tasso-2021\\\/#primaryimage\"},\"image\":{\"@id\":\"https:\\\/\\\/fonsvinum.com\\\/de\\\/produkt\\\/marchesi-antinori-guado-al-tasso-2021\\\/#primaryimage\"},\"thumbnailUrl\":\"https:\\\/\\\/fonsvinum.com\\\/files\\\/2013\\\/04\\\/bolgheri-guado-al-tasso-marchesi-antinori.png\",\"datePublished\":\"2026-04-22T09:47:14+00:00\",\"dateModified\":\"2026-04-22T09:58:35+00:00\",\"description\":\"Kaufen Sie MARCHESI ANTINORI Guado al Tasso 2021 Bolgheri Rosso Superiore online \u2013 ein Wein von gro\u00dfer Balance, Gef\u00e4lligkeit und Harmonie\",\"breadcrumb\":{\"@id\":\"https:\\\/\\\/fonsvinum.com\\\/de\\\/produkt\\\/marchesi-antinori-guado-al-tasso-2021\\\/#breadcrumb\"},\"inLanguage\":\"de\",\"potentialAction\":[{\"@type\":\"ReadAction\",\"target\":[\"https:\\\/\\\/fonsvinum.com\\\/de\\\/produkt\\\/marchesi-antinori-guado-al-tasso-2021\\\/\"]}]},{\"@type\":\"ImageObject\",\"inLanguage\":\"de\",\"@id\":\"https:\\\/\\\/fonsvinum.com\\\/de\\\/produkt\\\/marchesi-antinori-guado-al-tasso-2021\\\/#primaryimage\",\"url\":\"https:\\\/\\\/fonsvinum.com\\\/files\\\/2013\\\/04\\\/bolgheri-guado-al-tasso-marchesi-antinori.png\",\"contentUrl\":\"https:\\\/\\\/fonsvinum.com\\\/files\\\/2013\\\/04\\\/bolgheri-guado-al-tasso-marchesi-antinori.png\",\"width\":219,\"height\":627,\"caption\":\"Bolgheri Superiore Guado al Tasso MARCHESI ANTINORI 2008\"},{\"@type\":\"BreadcrumbList\",\"@id\":\"https:\\\/\\\/fonsvinum.com\\\/de\\\/produkt\\\/marchesi-antinori-guado-al-tasso-2021\\\/#breadcrumb\",\"itemListElement\":[{\"@type\":\"ListItem\",\"position\":1,\"name\":\"Startseite\",\"item\":\"https:\\\/\\\/fonsvinum.com\\\/de\\\/\"},{\"@type\":\"ListItem\",\"position\":2,\"name\":\"Shop\",\"item\":\"https:\\\/\\\/fonsvinum.com\\\/de\\\/shop\\\/\"},{\"@type\":\"ListItem\",\"position\":3,\"name\":\"MARCHESI ANTINORI Guado al Tasso 2021\"}]},{\"@type\":\"WebSite\",\"@id\":\"https:\\\/\\\/fonsvinum.com\\\/en\\\/#website\",\"url\":\"https:\\\/\\\/fonsvinum.com\\\/en\\\/\",\"name\":\"Fons Vinum\",\"description\":\"Vendita Vino Online\",\"publisher\":{\"@id\":\"https:\\\/\\\/fonsvinum.com\\\/en\\\/#organization\"},\"potentialAction\":[{\"@type\":\"SearchAction\",\"target\":{\"@type\":\"EntryPoint\",\"urlTemplate\":\"https:\\\/\\\/fonsvinum.com\\\/en\\\/?s={search_term_string}\"},\"query-input\":{\"@type\":\"PropertyValueSpecification\",\"valueRequired\":true,\"valueName\":\"search_term_string\"}}],\"inLanguage\":\"de\"},{\"@type\":\"Organization\",\"@id\":\"https:\\\/\\\/fonsvinum.com\\\/en\\\/#organization\",\"name\":\"Fons Vinum\",\"url\":\"https:\\\/\\\/fonsvinum.com\\\/en\\\/\",\"logo\":{\"@type\":\"ImageObject\",\"inLanguage\":\"de\",\"@id\":\"https:\\\/\\\/fonsvinum.com\\\/en\\\/#\\\/schema\\\/logo\\\/image\\\/\",\"url\":\"\",\"contentUrl\":\"\",\"caption\":\"Fons Vinum\"},\"image\":{\"@id\":\"https:\\\/\\\/fonsvinum.com\\\/en\\\/#\\\/schema\\\/logo\\\/image\\\/\"}}]}<\/script>\n<!-- \/ Yoast SEO plugin. -->","yoast_head_json":{"title":"MARCHESI ANTINORI Guado al Tasso 2021 Bolgheri Rosso","description":"Kaufen Sie MARCHESI ANTINORI Guado al Tasso 2021 Bolgheri Rosso Superiore online \u2013 ein Wein von gro\u00dfer Balance, Gef\u00e4lligkeit und Harmonie","robots":{"index":"index","follow":"follow","max-snippet":"max-snippet:-1","max-image-preview":"max-image-preview:large","max-video-preview":"max-video-preview:-1"},"canonical":"https:\/\/fonsvinum.com\/de\/produkt\/marchesi-antinori-guado-al-tasso-2021\/","og_locale":"de_DE","og_type":"article","og_title":"MARCHESI ANTINORI Guado al Tasso 2021 Bolgheri Rosso","og_description":"Kaufen Sie MARCHESI ANTINORI Guado al Tasso 2021 Bolgheri Rosso Superiore online \u2013 ein Wein von gro\u00dfer Balance, Gef\u00e4lligkeit und Harmonie","og_url":"https:\/\/fonsvinum.com\/de\/produkt\/marchesi-antinori-guado-al-tasso-2021\/","og_site_name":"Fons Vinum","article_modified_time":"2026-04-22T09:58:35+00:00","og_image":[{"width":219,"height":627,"url":"https:\/\/fonsvinum.com\/files\/2013\/04\/bolgheri-guado-al-tasso-marchesi-antinori.png","type":"image\/png"}],"twitter_misc":{"Gesch\u00e4tzte Lesezeit":"2\u00a0Minuten"},"schema":{"@context":"https:\/\/schema.org","@graph":[{"@type":"WebPage","@id":"https:\/\/fonsvinum.com\/de\/produkt\/marchesi-antinori-guado-al-tasso-2021\/","url":"https:\/\/fonsvinum.com\/de\/produkt\/marchesi-antinori-guado-al-tasso-2021\/","name":"MARCHESI ANTINORI Guado al Tasso 2021 Bolgheri Rosso","isPartOf":{"@id":"https:\/\/fonsvinum.com\/en\/#website"},"primaryImageOfPage":{"@id":"https:\/\/fonsvinum.com\/de\/produkt\/marchesi-antinori-guado-al-tasso-2021\/#primaryimage"},"image":{"@id":"https:\/\/fonsvinum.com\/de\/produkt\/marchesi-antinori-guado-al-tasso-2021\/#primaryimage"},"thumbnailUrl":"https:\/\/fonsvinum.com\/files\/2013\/04\/bolgheri-guado-al-tasso-marchesi-antinori.png","datePublished":"2026-04-22T09:47:14+00:00","dateModified":"2026-04-22T09:58:35+00:00","description":"Kaufen Sie MARCHESI ANTINORI Guado al Tasso 2021 Bolgheri Rosso Superiore online \u2013 ein Wein von gro\u00dfer Balance, Gef\u00e4lligkeit und Harmonie","breadcrumb":{"@id":"https:\/\/fonsvinum.com\/de\/produkt\/marchesi-antinori-guado-al-tasso-2021\/#breadcrumb"},"inLanguage":"de","potentialAction":[{"@type":"ReadAction","target":["https:\/\/fonsvinum.com\/de\/produkt\/marchesi-antinori-guado-al-tasso-2021\/"]}]},{"@type":"ImageObject","inLanguage":"de","@id":"https:\/\/fonsvinum.com\/de\/produkt\/marchesi-antinori-guado-al-tasso-2021\/#primaryimage","url":"https:\/\/fonsvinum.com\/files\/2013\/04\/bolgheri-guado-al-tasso-marchesi-antinori.png","contentUrl":"https:\/\/fonsvinum.com\/files\/2013\/04\/bolgheri-guado-al-tasso-marchesi-antinori.png","width":219,"height":627,"caption":"Bolgheri Superiore Guado al Tasso MARCHESI ANTINORI 2008"},{"@type":"BreadcrumbList","@id":"https:\/\/fonsvinum.com\/de\/produkt\/marchesi-antinori-guado-al-tasso-2021\/#breadcrumb","itemListElement":[{"@type":"ListItem","position":1,"name":"Startseite","item":"https:\/\/fonsvinum.com\/de\/"},{"@type":"ListItem","position":2,"name":"Shop","item":"https:\/\/fonsvinum.com\/de\/shop\/"},{"@type":"ListItem","position":3,"name":"MARCHESI ANTINORI Guado al Tasso 2021"}]},{"@type":"WebSite","@id":"https:\/\/fonsvinum.com\/en\/#website","url":"https:\/\/fonsvinum.com\/en\/","name":"Fons Vinum","description":"Vendita Vino Online","publisher":{"@id":"https:\/\/fonsvinum.com\/en\/#organization"},"potentialAction":[{"@type":"SearchAction","target":{"@type":"EntryPoint","urlTemplate":"https:\/\/fonsvinum.com\/en\/?s={search_term_string}"},"query-input":{"@type":"PropertyValueSpecification","valueRequired":true,"valueName":"search_term_string"}}],"inLanguage":"de"},{"@type":"Organization","@id":"https:\/\/fonsvinum.com\/en\/#organization","name":"Fons Vinum","url":"https:\/\/fonsvinum.com\/en\/","logo":{"@type":"ImageObject","inLanguage":"de","@id":"https:\/\/fonsvinum.com\/en\/#\/schema\/logo\/image\/","url":"","contentUrl":"","caption":"Fons Vinum"},"image":{"@id":"https:\/\/fonsvinum.com\/en\/#\/schema\/logo\/image\/"}}]}},"acf":[],"_links":{"self":[{"href":"https:\/\/fonsvinum.com\/de\/wp-json\/wp\/v2\/product\/49578","targetHints":{"allow":["GET"]}}],"collection":[{"href":"https:\/\/fonsvinum.com\/de\/wp-json\/wp\/v2\/product"}],"about":[{"href":"https:\/\/fonsvinum.com\/de\/wp-json\/wp\/v2\/types\/product"}],"replies":[{"embeddable":true,"href":"https:\/\/fonsvinum.com\/de\/wp-json\/wp\/v2\/comments?post=49578"}],"wp:featuredmedia":[{"embeddable":true,"href":"https:\/\/fonsvinum.com\/de\/wp-json\/wp\/v2\/media\/7563"}],"wp:attachment":[{"href":"https:\/\/fonsvinum.com\/de\/wp-json\/wp\/v2\/media?parent=49578"}],"wp:term":[{"taxonomy":"product_brand","embeddable":true,"href":"https:\/\/fonsvinum.com\/de\/wp-json\/wp\/v2\/product_brand?post=49578"},{"taxonomy":"product_cat","embeddable":true,"href":"https:\/\/fonsvinum.com\/de\/wp-json\/wp\/v2\/product_cat?post=49578"},{"taxonomy":"product_tag","embeddable":true,"href":"https:\/\/fonsvinum.com\/de\/wp-json\/wp\/v2\/product_tag?post=49578"}],"curies":[{"name":"wp","href":"https:\/\/api.w.org\/{rel}","templated":true}]}}