{"id":49572,"date":"2026-04-22T11:29:59","date_gmt":"2026-04-22T09:29:59","guid":{"rendered":"https:\/\/fonsvinum.com\/?post_type=product&#038;p=49572"},"modified":"2026-04-22T11:38:29","modified_gmt":"2026-04-22T09:38:29","slug":"marchesi-antinori-pinot-nero-della-sala-2023","status":"publish","type":"product","link":"https:\/\/fonsvinum.com\/de\/produkt\/marchesi-antinori-pinot-nero-della-sala-2023\/","title":{"rendered":"MARCHESI ANTINORI Pinot Nero della Sala 2023"},"content":{"rendered":"<h2><a href=\"https:\/\/fonsvinum.com\/attributi\/producer\/marchesi-antinori\/\">MARCHESI ANTINORI<\/a> Pinot Nero della Sala 2023<\/h2>\n<p>MARCHESI ANTINORI Pinot Nero della Sala 2023<\/p>\n<h2>Castello della Sala<\/h2>\n<div class=\"desk__w\">\n<div class=\"sectionHeader\">\n<p class=\"sectionHeader__subtitle\">Das pr\u00e4chtige Castello della Sala, das renommierte umbrische Weingut der Familie Antinori, liegt auf einem Ausl\u00e4ufer des umbrischen Apennins. Ein Ort von unglaublicher Sch\u00f6nheit und Faszination. Seit Jahrzehnten bildet es das Herzst\u00fcck der Produktion der besten Wei\u00dfweine aus dem Hause Antinori.<br \/>\nIm Fr\u00fchjahr 1979 kam Renzo Cotarella auf das Castello, ein junger Agronom, der in weniger als zehn Jahren die Symbolweine des Gutes kreieren sollte. In jenen Jahren begann man sofort mit der Arbeit an einem ehrgeizigen Projekt zur Neuausrichtung der Rebsorten. Ziel war es, Wei\u00dfweine mit einer st\u00e4rkeren Pers\u00f6nlichkeit zu erzeugen als jene, die im Gebiet des Orvieto Classico produziert wurden. Man arbeitete mit Chardonnay und vertiefte die Kenntnisse \u00fcber den Grechetto. Die Suche nach einem gro\u00dfen Wein, der durch Charakter und Pers\u00f6nlichkeit besticht, wurde fast zur Obsession.<br \/>\n1985 entstand der Cervaro della Sala, einer der weltweit bekanntesten und am meisten gesch\u00e4tzten italienischen Weine.<\/p>\n<h2><a href=\"https:\/\/www.shopinlanghe.com\/sellers?render_type=sellerview&amp;id_seller=5\">PINOT NERO<\/a> DELLA SALA<\/h2>\n<div class=\"wine-bottle__copy-wrapper\">\n<div class=\"sticky-element\">\n<div class=\"wine-bottle__copy\">\n<div class=\"wine-bottle__category-wrapper\">\n<div class=\"wine-bottle__category wine-bottle__category--active\">\n<div class=\"wine-bottle__category-text\">\n<div class=\"prodotto__descrizione__breve formatted-content\">\n<p>Der PINOT NERO des Castello della Sala, ein Weingut im Besitz der Marchesi Antinori, ist ein weicher und eleganter Rotwein, der 10 Monate in Barriques gereift ist.<\/p>\n<\/div>\n<div class=\"prodotto__box-acquista\">\n<div class=\"grid prodotto__box-acquista__grid\">\n<div class=\"grid__item tab-11-12\">Seit 1990 ausschlie\u00dflich aus Pinot-Nero-Trauben gekeltert, ist er in gewisser Weise das \u201eAlter Ego\u201c des Cervaro: Gemeinsam verk\u00f6rpern sie die zwei verschiedenen Facetten der <strong>komplexen und raffinierten Seele<\/strong> des Castello della Sala. Die 4 Hektar Weinberge, auf denen er erzeugt wird, liegen auf \u00fcber 400 m \u00fc. d. M. auf kalkhaltigen, fossilienreichen B\u00f6den mit Sedimentgestein aus dem Plioz\u00e4n.<\/div>\n<div>\n<p>Dieser Pinot Nero ist auch Ausdruck eines Stils \u2013 jenes der Marchesi Antinori, die allem, was sie abf\u00fcllen, stets eine vornehme Note verleihen. Deshalb versteht es der Pinot Nero des Castello della Sala, Finesse und Klasse mit Intensit\u00e4t und R\u00fcckgrat zu vereinen. Es handelt sich um einen facettenreichen und komplexen Rotwein, veredelt durch Elemente, die direkt aus seinem Terroir stammen und ihm eine besonders identit\u00e4tsstiftende Nuance verleihen.<\/p>\n<h3>-Verkostungsnotizen-<\/h3>\n<div class=\"prodotto__descrizione__content__attributi\">\n<ul>\n<li><span class=\"prodotto__descrizione__content__attributi__title\"><strong>Farbe:<\/strong> <\/span><span class=\"prodotto__descrizione__content__attributi__text\">Rubinrot mit den f\u00fcr Pinot Nero typischen Nuancen<\/span><\/li>\n<li><span class=\"prodotto__descrizione__content__attributi__title\"><strong>Duft:<\/strong> <\/span><span class=\"prodotto__descrizione__content__attributi__text\">intensiv, reich an Noten von Kirsche und Waldbeeren wie Heidelbeere, Himbeere und Erdbeere<\/span><\/li>\n<li><span class=\"prodotto__descrizione__content__attributi__title\"><strong>Geschmack:<\/strong> <\/span><span class=\"prodotto__descrizione__content__attributi__text\">Ausgewogen und elegant, weich und raffiniert<\/span><\/li>\n<\/ul>\n<\/div>\n<\/div>\n<\/div>\n<\/div>\n<\/div>\n<\/div>\n<\/div>\n<\/div>\n<\/div>\n<\/div>\n<\/div>\n<\/div>\n<section>\n<div class=\"w\"><\/div>\n<\/section>\n","protected":false},"excerpt":{"rendered":"<p>MARCHESI ANTINORI Pinot Nero della Sala 2023 MARCHESI ANTINORI Pinot Nero della Sala 2023 Castello della Sala Das pr\u00e4chtige Castello della Sala, das renommierte umbrische Weingut der Familie Antinori, liegt auf einem Ausl\u00e4ufer des umbrischen Apennins. Ein Ort von unglaublicher Sch\u00f6nheit und Faszination. Seit Jahrzehnten bildet es das Herzst\u00fcck der Produktion der besten Wei\u00dfweine aus [&hellip;]<\/p>\n","protected":false},"featured_media":21770,"comment_status":"open","ping_status":"closed","template":"","meta":{"_acf_changed":false,"_monsterinsights_skip_tracking":false,"_monsterinsights_sitenote_active":false,"_monsterinsights_sitenote_note":"","_monsterinsights_sitenote_category":0},"product_brand":[],"product_cat":[2362],"product_tag":[15959,17744],"class_list":{"0":"post-49572","1":"product","2":"type-product","3":"status-publish","4":"has-post-thumbnail","6":"product_cat-pinot-nero-de","7":"product_tag-vino-rosso-de","8":"product_tag-vino-umbro-de","9":"pa_appellation-igt-umbria-de","10":"pa_formato-0-75-l-flasche-de","11":"pa_producer-marchesi-antinori-de","12":"pa_region-umbrien-de","13":"pa_vine-100-pinot-nero-de-de","14":"pa_vintage-18401","16":"first","17":"instock","18":"taxable","19":"shipping-taxable","20":"purchasable","21":"product-type-simple"},"bundled_by":[],"bundle_stock_status":"instock","bundle_stock_quantity":6,"bundle_virtual":false,"bundle_layout":"","bundle_add_to_cart_form_location":"","bundle_editable_in_cart":false,"bundle_sold_individually_context":"","bundle_item_grouping":"","bundle_min_size":"","bundle_max_size":"","bundle_price":[],"bundled_items":[],"bundle_sell_ids":[],"yoast_head":"<!-- This site is optimized with the Yoast SEO plugin v27.3 - https:\/\/yoast.com\/product\/yoast-seo-wordpress\/ -->\n<title>MARCHESI ANTINORI Pinot Nero della Sala 2023 | FonsVinum<\/title>\n<meta name=\"description\" content=\"MARCHESI ANTINORI Pinot Nero della Sala 2023, weicher und eleganter Rotwein mit einer komplexen und raffinierten Seele, 10 Monate in Barriques gereift\" \/>\n<meta name=\"robots\" content=\"index, follow, max-snippet:-1, max-image-preview:large, max-video-preview:-1\" \/>\n<link rel=\"canonical\" href=\"https:\/\/fonsvinum.com\/de\/produkt\/marchesi-antinori-pinot-nero-della-sala-2023\/\" \/>\n<meta property=\"og:locale\" content=\"de_DE\" \/>\n<meta property=\"og:type\" content=\"article\" \/>\n<meta property=\"og:title\" content=\"MARCHESI ANTINORI Pinot Nero della Sala 2023 | FonsVinum\" \/>\n<meta property=\"og:description\" content=\"MARCHESI ANTINORI Pinot Nero della Sala 2023, weicher und eleganter Rotwein mit einer komplexen und raffinierten Seele, 10 Monate in Barriques gereift\" \/>\n<meta property=\"og:url\" content=\"https:\/\/fonsvinum.com\/de\/produkt\/marchesi-antinori-pinot-nero-della-sala-2023\/\" \/>\n<meta property=\"og:site_name\" content=\"Fons Vinum\" \/>\n<meta property=\"article:modified_time\" content=\"2026-04-22T09:38:29+00:00\" \/>\n<meta property=\"og:image\" content=\"https:\/\/fonsvinum.com\/files\/2020\/01\/Pinot-Nero-della-sala-marchesi-antinori.jpg\" \/>\n\t<meta property=\"og:image:width\" content=\"200\" \/>\n\t<meta property=\"og:image:height\" content=\"600\" \/>\n\t<meta property=\"og:image:type\" content=\"image\/jpeg\" \/>\n<meta name=\"twitter:label1\" content=\"Gesch\u00e4tzte Lesezeit\" \/>\n\t<meta name=\"twitter:data1\" content=\"3\u00a0Minuten\" \/>\n<script type=\"application\/ld+json\" class=\"yoast-schema-graph\">{\"@context\":\"https:\\\/\\\/schema.org\",\"@graph\":[{\"@type\":\"WebPage\",\"@id\":\"https:\\\/\\\/fonsvinum.com\\\/de\\\/produkt\\\/marchesi-antinori-pinot-nero-della-sala-2023\\\/\",\"url\":\"https:\\\/\\\/fonsvinum.com\\\/de\\\/produkt\\\/marchesi-antinori-pinot-nero-della-sala-2023\\\/\",\"name\":\"MARCHESI ANTINORI Pinot Nero della Sala 2023 | FonsVinum\",\"isPartOf\":{\"@id\":\"https:\\\/\\\/fonsvinum.com\\\/en\\\/#website\"},\"primaryImageOfPage\":{\"@id\":\"https:\\\/\\\/fonsvinum.com\\\/de\\\/produkt\\\/marchesi-antinori-pinot-nero-della-sala-2023\\\/#primaryimage\"},\"image\":{\"@id\":\"https:\\\/\\\/fonsvinum.com\\\/de\\\/produkt\\\/marchesi-antinori-pinot-nero-della-sala-2023\\\/#primaryimage\"},\"thumbnailUrl\":\"https:\\\/\\\/fonsvinum.com\\\/files\\\/2020\\\/01\\\/Pinot-Nero-della-sala-marchesi-antinori.jpg\",\"datePublished\":\"2026-04-22T09:29:59+00:00\",\"dateModified\":\"2026-04-22T09:38:29+00:00\",\"description\":\"MARCHESI ANTINORI Pinot Nero della Sala 2023, weicher und eleganter Rotwein mit einer komplexen und raffinierten Seele, 10 Monate in Barriques gereift\",\"breadcrumb\":{\"@id\":\"https:\\\/\\\/fonsvinum.com\\\/de\\\/produkt\\\/marchesi-antinori-pinot-nero-della-sala-2023\\\/#breadcrumb\"},\"inLanguage\":\"de\",\"potentialAction\":[{\"@type\":\"ReadAction\",\"target\":[\"https:\\\/\\\/fonsvinum.com\\\/de\\\/produkt\\\/marchesi-antinori-pinot-nero-della-sala-2023\\\/\"]}]},{\"@type\":\"ImageObject\",\"inLanguage\":\"de\",\"@id\":\"https:\\\/\\\/fonsvinum.com\\\/de\\\/produkt\\\/marchesi-antinori-pinot-nero-della-sala-2023\\\/#primaryimage\",\"url\":\"https:\\\/\\\/fonsvinum.com\\\/files\\\/2020\\\/01\\\/Pinot-Nero-della-sala-marchesi-antinori.jpg\",\"contentUrl\":\"https:\\\/\\\/fonsvinum.com\\\/files\\\/2020\\\/01\\\/Pinot-Nero-della-sala-marchesi-antinori.jpg\",\"width\":200,\"height\":600},{\"@type\":\"BreadcrumbList\",\"@id\":\"https:\\\/\\\/fonsvinum.com\\\/de\\\/produkt\\\/marchesi-antinori-pinot-nero-della-sala-2023\\\/#breadcrumb\",\"itemListElement\":[{\"@type\":\"ListItem\",\"position\":1,\"name\":\"Startseite\",\"item\":\"https:\\\/\\\/fonsvinum.com\\\/de\\\/\"},{\"@type\":\"ListItem\",\"position\":2,\"name\":\"Shop\",\"item\":\"https:\\\/\\\/fonsvinum.com\\\/de\\\/shop\\\/\"},{\"@type\":\"ListItem\",\"position\":3,\"name\":\"MARCHESI ANTINORI Pinot Nero della Sala 2023\"}]},{\"@type\":\"WebSite\",\"@id\":\"https:\\\/\\\/fonsvinum.com\\\/en\\\/#website\",\"url\":\"https:\\\/\\\/fonsvinum.com\\\/en\\\/\",\"name\":\"Fons Vinum\",\"description\":\"Vendita Vino Online\",\"publisher\":{\"@id\":\"https:\\\/\\\/fonsvinum.com\\\/en\\\/#organization\"},\"potentialAction\":[{\"@type\":\"SearchAction\",\"target\":{\"@type\":\"EntryPoint\",\"urlTemplate\":\"https:\\\/\\\/fonsvinum.com\\\/en\\\/?s={search_term_string}\"},\"query-input\":{\"@type\":\"PropertyValueSpecification\",\"valueRequired\":true,\"valueName\":\"search_term_string\"}}],\"inLanguage\":\"de\"},{\"@type\":\"Organization\",\"@id\":\"https:\\\/\\\/fonsvinum.com\\\/en\\\/#organization\",\"name\":\"Fons Vinum\",\"url\":\"https:\\\/\\\/fonsvinum.com\\\/en\\\/\",\"logo\":{\"@type\":\"ImageObject\",\"inLanguage\":\"de\",\"@id\":\"https:\\\/\\\/fonsvinum.com\\\/en\\\/#\\\/schema\\\/logo\\\/image\\\/\",\"url\":\"\",\"contentUrl\":\"\",\"caption\":\"Fons Vinum\"},\"image\":{\"@id\":\"https:\\\/\\\/fonsvinum.com\\\/en\\\/#\\\/schema\\\/logo\\\/image\\\/\"}}]}<\/script>\n<!-- \/ Yoast SEO plugin. -->","yoast_head_json":{"title":"MARCHESI ANTINORI Pinot Nero della Sala 2023 | FonsVinum","description":"MARCHESI ANTINORI Pinot Nero della Sala 2023, weicher und eleganter Rotwein mit einer komplexen und raffinierten Seele, 10 Monate in Barriques gereift","robots":{"index":"index","follow":"follow","max-snippet":"max-snippet:-1","max-image-preview":"max-image-preview:large","max-video-preview":"max-video-preview:-1"},"canonical":"https:\/\/fonsvinum.com\/de\/produkt\/marchesi-antinori-pinot-nero-della-sala-2023\/","og_locale":"de_DE","og_type":"article","og_title":"MARCHESI ANTINORI Pinot Nero della Sala 2023 | FonsVinum","og_description":"MARCHESI ANTINORI Pinot Nero della Sala 2023, weicher und eleganter Rotwein mit einer komplexen und raffinierten Seele, 10 Monate in Barriques gereift","og_url":"https:\/\/fonsvinum.com\/de\/produkt\/marchesi-antinori-pinot-nero-della-sala-2023\/","og_site_name":"Fons Vinum","article_modified_time":"2026-04-22T09:38:29+00:00","og_image":[{"width":200,"height":600,"url":"https:\/\/fonsvinum.com\/files\/2020\/01\/Pinot-Nero-della-sala-marchesi-antinori.jpg","type":"image\/jpeg"}],"twitter_misc":{"Gesch\u00e4tzte Lesezeit":"3\u00a0Minuten"},"schema":{"@context":"https:\/\/schema.org","@graph":[{"@type":"WebPage","@id":"https:\/\/fonsvinum.com\/de\/produkt\/marchesi-antinori-pinot-nero-della-sala-2023\/","url":"https:\/\/fonsvinum.com\/de\/produkt\/marchesi-antinori-pinot-nero-della-sala-2023\/","name":"MARCHESI ANTINORI Pinot Nero della Sala 2023 | FonsVinum","isPartOf":{"@id":"https:\/\/fonsvinum.com\/en\/#website"},"primaryImageOfPage":{"@id":"https:\/\/fonsvinum.com\/de\/produkt\/marchesi-antinori-pinot-nero-della-sala-2023\/#primaryimage"},"image":{"@id":"https:\/\/fonsvinum.com\/de\/produkt\/marchesi-antinori-pinot-nero-della-sala-2023\/#primaryimage"},"thumbnailUrl":"https:\/\/fonsvinum.com\/files\/2020\/01\/Pinot-Nero-della-sala-marchesi-antinori.jpg","datePublished":"2026-04-22T09:29:59+00:00","dateModified":"2026-04-22T09:38:29+00:00","description":"MARCHESI ANTINORI Pinot Nero della Sala 2023, weicher und eleganter Rotwein mit einer komplexen und raffinierten Seele, 10 Monate in Barriques gereift","breadcrumb":{"@id":"https:\/\/fonsvinum.com\/de\/produkt\/marchesi-antinori-pinot-nero-della-sala-2023\/#breadcrumb"},"inLanguage":"de","potentialAction":[{"@type":"ReadAction","target":["https:\/\/fonsvinum.com\/de\/produkt\/marchesi-antinori-pinot-nero-della-sala-2023\/"]}]},{"@type":"ImageObject","inLanguage":"de","@id":"https:\/\/fonsvinum.com\/de\/produkt\/marchesi-antinori-pinot-nero-della-sala-2023\/#primaryimage","url":"https:\/\/fonsvinum.com\/files\/2020\/01\/Pinot-Nero-della-sala-marchesi-antinori.jpg","contentUrl":"https:\/\/fonsvinum.com\/files\/2020\/01\/Pinot-Nero-della-sala-marchesi-antinori.jpg","width":200,"height":600},{"@type":"BreadcrumbList","@id":"https:\/\/fonsvinum.com\/de\/produkt\/marchesi-antinori-pinot-nero-della-sala-2023\/#breadcrumb","itemListElement":[{"@type":"ListItem","position":1,"name":"Startseite","item":"https:\/\/fonsvinum.com\/de\/"},{"@type":"ListItem","position":2,"name":"Shop","item":"https:\/\/fonsvinum.com\/de\/shop\/"},{"@type":"ListItem","position":3,"name":"MARCHESI ANTINORI Pinot Nero della Sala 2023"}]},{"@type":"WebSite","@id":"https:\/\/fonsvinum.com\/en\/#website","url":"https:\/\/fonsvinum.com\/en\/","name":"Fons Vinum","description":"Vendita Vino Online","publisher":{"@id":"https:\/\/fonsvinum.com\/en\/#organization"},"potentialAction":[{"@type":"SearchAction","target":{"@type":"EntryPoint","urlTemplate":"https:\/\/fonsvinum.com\/en\/?s={search_term_string}"},"query-input":{"@type":"PropertyValueSpecification","valueRequired":true,"valueName":"search_term_string"}}],"inLanguage":"de"},{"@type":"Organization","@id":"https:\/\/fonsvinum.com\/en\/#organization","name":"Fons Vinum","url":"https:\/\/fonsvinum.com\/en\/","logo":{"@type":"ImageObject","inLanguage":"de","@id":"https:\/\/fonsvinum.com\/en\/#\/schema\/logo\/image\/","url":"","contentUrl":"","caption":"Fons Vinum"},"image":{"@id":"https:\/\/fonsvinum.com\/en\/#\/schema\/logo\/image\/"}}]}},"acf":[],"_links":{"self":[{"href":"https:\/\/fonsvinum.com\/de\/wp-json\/wp\/v2\/product\/49572","targetHints":{"allow":["GET"]}}],"collection":[{"href":"https:\/\/fonsvinum.com\/de\/wp-json\/wp\/v2\/product"}],"about":[{"href":"https:\/\/fonsvinum.com\/de\/wp-json\/wp\/v2\/types\/product"}],"replies":[{"embeddable":true,"href":"https:\/\/fonsvinum.com\/de\/wp-json\/wp\/v2\/comments?post=49572"}],"wp:featuredmedia":[{"embeddable":true,"href":"https:\/\/fonsvinum.com\/de\/wp-json\/wp\/v2\/media\/21770"}],"wp:attachment":[{"href":"https:\/\/fonsvinum.com\/de\/wp-json\/wp\/v2\/media?parent=49572"}],"wp:term":[{"taxonomy":"product_brand","embeddable":true,"href":"https:\/\/fonsvinum.com\/de\/wp-json\/wp\/v2\/product_brand?post=49572"},{"taxonomy":"product_cat","embeddable":true,"href":"https:\/\/fonsvinum.com\/de\/wp-json\/wp\/v2\/product_cat?post=49572"},{"taxonomy":"product_tag","embeddable":true,"href":"https:\/\/fonsvinum.com\/de\/wp-json\/wp\/v2\/product_tag?post=49572"}],"curies":[{"name":"wp","href":"https:\/\/api.w.org\/{rel}","templated":true}]}}