{"id":49566,"date":"2026-04-22T11:11:36","date_gmt":"2026-04-22T09:11:36","guid":{"rendered":"https:\/\/fonsvinum.com\/?post_type=product&#038;p=49566"},"modified":"2026-04-22T11:27:17","modified_gmt":"2026-04-22T09:27:17","slug":"marchesi-antinori-pian-delle-vigne-brunello-di-montalcino-2020","status":"publish","type":"product","link":"https:\/\/fonsvinum.com\/de\/produkt\/marchesi-antinori-pian-delle-vigne-brunello-di-montalcino-2020\/","title":{"rendered":"MARCHESI ANTINORI Pian delle Vigne Brunello di Montalcino 2020"},"content":{"rendered":"<h1><a href=\"https:\/\/www.antinori.it\/it\/\">MARCHESI ANTINORI<\/a> Pian delle Vigne Brunello di Montalcino 2020<\/h1>\n<h2>DIE FAMILIE &#8211; <a title=\"Antinori\" href=\"https:\/\/fonsvinum.com\/produttore\/marchesi-antinori-vendita-vino-2\/\" target=\"_blank\" rel=\"noopener noreferrer\">MARCHESI ANTINORI<\/a><\/h2>\n<h3 class=\"heading heading--h2 heading--popup\">Eine Leidenschaft, die seit 26 Generationen weitergegeben wird<\/h3>\n<p class=\"article paragraph with-decoration \">Die Familie Antinori widmet sich seit \u00fcber sechshundert Jahren der Weinproduktion: seit 1385, als Giovanni di Piero Antinori der Arte Fiorentina dei Vinattieri beitrat. In ihrer gesamten langen Geschichte hat die Familie \u00fcber 26 Generationen hinweg diese T\u00e4tigkeit stets direkt geleitet, mit innovativen und manchmal mutigen Entscheidungen, dabei jedoch immer den Respekt vor den Traditionen und dem Terroir bewahrend.<\/p>\n<p>Heute wird das Unternehmen von Albiera Antinori geleitet, unterst\u00fctzt von ihren beiden Schwestern Allegra und Alessia, die pers\u00f6nlich in die Unternehmensaktivit\u00e4ten eingebunden sind. Ihr Vater, Marchese Piero Antinori, ist derzeit Ehrenpr\u00e4sident des Unternehmens. Tradition, Leidenschaft und Intuition waren die treibenden Qualit\u00e4ten, die die Marchesi Antinori zu einem der f\u00fchrenden italienischen Produzenten hochwertiger Weine gemacht haben.<\/p>\n<h3 class=\"heading heading--h3 text-animated text-animated--active\">Alte Wurzeln<\/h3>\n<p class=\"article paragraph text-animated text-animated--active\">Jeder Jahrgang, jeder Boden, jede Idee ist ein neuer Anfang, ein neues Streben nach immer h\u00f6heren Qualit\u00e4tsma\u00dfst\u00e4ben. Wie Marchese Piero gerne sagt: \u201eDie antiken Wurzeln spielen eine wichtige Rolle in unserer Philosophie, doch sie haben unseren Innovationsgeist nie gebremst.\u201c<\/p>\n<h2><a href=\"https:\/\/fonsvinum.com\/?s=PIAN+DELLE+VIGNE&amp;post_type=product\">PIAN DELLE VIGNE<\/a> BRUNELLO DI MONTALCINO<\/h2>\n<div class=\"wine-bottle__copy-wrapper\">\n<div class=\"sticky-element\">\n<div class=\"wine-bottle__copy\">\n<div class=\"wine-bottle__category-wrapper\">\n<div class=\"wine-bottle__category wine-bottle__category--active\">\n<div class=\"wine-bottle__category-text\">\n<div class=\"simple-wine__category-wrapper\">\n<div class=\"simple-wine__category\">\n<div class=\"wine-bottle__category-text\">\n<p class=\"article paragraph \">Die Philosophie, die auf gro\u00dfe F\u00e4sser setzt und die au\u00dfergew\u00f6hnliche Fruchtintegrit\u00e4t des Sangiovese bewahrt und dem Brunello seine charakteristische vibrierende Eleganz verleiht, findet im Brunello Pian delle Vigne einen au\u00dfergew\u00f6hnlichen Ausdruck.<\/p>\n<\/div>\n<\/div>\n<\/div>\n<\/div>\n<\/div>\n<\/div>\n<\/div>\n<\/div>\n<\/div>\n<h3 class=\"heading heading--h3 text-animated text-animated--active\">Tenuta Pian delle Vigne<\/h3>\n<p class=\"article paragraph text-animated text-animated--active\">Die Tenuta Pian delle Vigne, 6 km s\u00fcdwestlich von Montalcino gelegen, ist nach der gleichnamigen Ortschaft benannt, in der sich ein charakteristischer Bahnhof aus dem 19. Jahrhundert befindet. Das Weingut umfasst 184 Hektar, davon 65 Hektar Rebfl\u00e4che in S\u00fcdwestlage auf einer H\u00f6he von etwa 130 m \u00fc. d. M. Pian delle Vigne repr\u00e4sentiert die pers\u00f6nliche und tiefgr\u00fcndige Interpretation eines prestigetr\u00e4chtigen und traditionellen Weins wie des Brunello durch die Marchesi Antinori. Das Weingut befindet sich seit 1995, dem Jahr der ersten Lese des Brunello Pian delle Vigne, im Besitz der Familie Antinori.<\/p>\n<h3>Jahrgang 2020<\/h3>\n<p><em><strong>Verkostungsnotizen<\/strong><\/em><\/p>\n<div class=\"simple-wine__category\">\n<div class=\"wine-bottle__category-text\">\n<div class=\"simple-wine__category\">\n<div class=\"wine-bottle__category-text\">\n<p>Pian delle Vigne Brunello di Montalcino 2020 pr\u00e4sentiert sich in rubinroter Farbe. In der Nase vereinen sich frische und duftende Zitrusnoten von Blutorange und Pflaume mit balsamischen und vanilligen Nuancen.<br \/>\nAm Gaumen ist er fein, vibrierend, gepr\u00e4gt von w\u00fcrzigen Tanninen, getragen von ausgezeichneter Frische. Lang und anhaltend das Finale, charakterisiert durch fruchtige, w\u00fcrzige und Vanillearomen.<\/p>\n<\/div>\n<\/div>\n<\/div>\n<\/div>\n","protected":false},"excerpt":{"rendered":"<p>MARCHESI ANTINORI Pian delle Vigne Brunello di Montalcino 2020 DIE FAMILIE &#8211; MARCHESI ANTINORI Eine Leidenschaft, die seit 26 Generationen weitergegeben wird Die Familie Antinori widmet sich seit \u00fcber sechshundert Jahren der Weinproduktion: seit 1385, als Giovanni di Piero Antinori der Arte Fiorentina dei Vinattieri beitrat. In ihrer gesamten langen Geschichte hat die Familie \u00fcber [&hellip;]<\/p>\n","protected":false},"featured_media":26445,"comment_status":"open","ping_status":"closed","template":"","meta":{"_acf_changed":false,"_monsterinsights_skip_tracking":false,"_monsterinsights_sitenote_active":false,"_monsterinsights_sitenote_note":"","_monsterinsights_sitenote_category":0},"product_brand":[],"product_cat":[1762,2332],"product_tag":[15911,15959,3583],"class_list":{"0":"post-49566","1":"product","2":"type-product","3":"status-publish","4":"has-post-thumbnail","6":"product_cat-brunello-de","7":"product_cat-rotweine-de","8":"product_tag-brunello-de-2","9":"product_tag-vino-rosso-de","10":"product_tag-vini-toscani-de","11":"pa_appellation-brunello-di-montalcino-docg-de","12":"pa_formato-0-75-l-flasche-de","13":"pa_producer-marchesi-antinori-de","14":"pa_region-toskana-de","15":"pa_vine-100-sangiovese-de","16":"pa_vintage-2020-de","18":"first","19":"instock","20":"taxable","21":"shipping-taxable","22":"purchasable","23":"product-type-simple"},"bundled_by":[],"bundle_stock_status":"instock","bundle_stock_quantity":6,"bundle_virtual":false,"bundle_layout":"","bundle_add_to_cart_form_location":"","bundle_editable_in_cart":false,"bundle_sold_individually_context":"","bundle_item_grouping":"","bundle_min_size":"","bundle_max_size":"","bundle_price":[],"bundled_items":[],"bundle_sell_ids":[],"yoast_head":"<!-- This site is optimized with the Yoast SEO plugin v27.3 - https:\/\/yoast.com\/product\/yoast-seo-wordpress\/ -->\n<title>ANTINORI Pian delle Vigne Brunello di Montalcino 2020<\/title>\n<meta name=\"description\" content=\"ANTINORI Pian delle Vigne Brunello di Montalcino 2020-Fons Vinum- Am Gaumen elegant, reichhaltig und komplex, mit weichen und saftigen Tanninen\" \/>\n<meta name=\"robots\" content=\"index, follow, max-snippet:-1, max-image-preview:large, max-video-preview:-1\" \/>\n<link rel=\"canonical\" href=\"https:\/\/fonsvinum.com\/de\/produkt\/marchesi-antinori-pian-delle-vigne-brunello-di-montalcino-2020\/\" \/>\n<meta property=\"og:locale\" content=\"de_DE\" \/>\n<meta property=\"og:type\" content=\"article\" \/>\n<meta property=\"og:title\" content=\"ANTINORI Pian delle Vigne Brunello di Montalcino 2020\" \/>\n<meta property=\"og:description\" content=\"ANTINORI Pian delle Vigne Brunello di Montalcino 2020-Fons Vinum- Am Gaumen elegant, reichhaltig und komplex, mit weichen und saftigen Tanninen\" \/>\n<meta property=\"og:url\" content=\"https:\/\/fonsvinum.com\/de\/produkt\/marchesi-antinori-pian-delle-vigne-brunello-di-montalcino-2020\/\" \/>\n<meta property=\"og:site_name\" content=\"Fons Vinum\" \/>\n<meta property=\"article:modified_time\" content=\"2026-04-22T09:27:17+00:00\" \/>\n<meta property=\"og:image\" content=\"https:\/\/fonsvinum.com\/files\/2020\/09\/brunello-montalcino-pian-delle-vigne-marchesi-antinori.jpg\" \/>\n\t<meta property=\"og:image:width\" content=\"200\" \/>\n\t<meta property=\"og:image:height\" content=\"600\" \/>\n\t<meta property=\"og:image:type\" content=\"image\/jpeg\" \/>\n<meta name=\"twitter:label1\" content=\"Gesch\u00e4tzte Lesezeit\" \/>\n\t<meta name=\"twitter:data1\" content=\"3\u00a0Minuten\" \/>\n<script type=\"application\/ld+json\" class=\"yoast-schema-graph\">{\"@context\":\"https:\\\/\\\/schema.org\",\"@graph\":[{\"@type\":\"WebPage\",\"@id\":\"https:\\\/\\\/fonsvinum.com\\\/de\\\/produkt\\\/marchesi-antinori-pian-delle-vigne-brunello-di-montalcino-2020\\\/\",\"url\":\"https:\\\/\\\/fonsvinum.com\\\/de\\\/produkt\\\/marchesi-antinori-pian-delle-vigne-brunello-di-montalcino-2020\\\/\",\"name\":\"ANTINORI Pian delle Vigne Brunello di Montalcino 2020\",\"isPartOf\":{\"@id\":\"https:\\\/\\\/fonsvinum.com\\\/en\\\/#website\"},\"primaryImageOfPage\":{\"@id\":\"https:\\\/\\\/fonsvinum.com\\\/de\\\/produkt\\\/marchesi-antinori-pian-delle-vigne-brunello-di-montalcino-2020\\\/#primaryimage\"},\"image\":{\"@id\":\"https:\\\/\\\/fonsvinum.com\\\/de\\\/produkt\\\/marchesi-antinori-pian-delle-vigne-brunello-di-montalcino-2020\\\/#primaryimage\"},\"thumbnailUrl\":\"https:\\\/\\\/fonsvinum.com\\\/files\\\/2020\\\/09\\\/brunello-montalcino-pian-delle-vigne-marchesi-antinori.jpg\",\"datePublished\":\"2026-04-22T09:11:36+00:00\",\"dateModified\":\"2026-04-22T09:27:17+00:00\",\"description\":\"ANTINORI Pian delle Vigne Brunello di Montalcino 2020-Fons Vinum- Am Gaumen elegant, reichhaltig und komplex, mit weichen und saftigen Tanninen\",\"breadcrumb\":{\"@id\":\"https:\\\/\\\/fonsvinum.com\\\/de\\\/produkt\\\/marchesi-antinori-pian-delle-vigne-brunello-di-montalcino-2020\\\/#breadcrumb\"},\"inLanguage\":\"de\",\"potentialAction\":[{\"@type\":\"ReadAction\",\"target\":[\"https:\\\/\\\/fonsvinum.com\\\/de\\\/produkt\\\/marchesi-antinori-pian-delle-vigne-brunello-di-montalcino-2020\\\/\"]}]},{\"@type\":\"ImageObject\",\"inLanguage\":\"de\",\"@id\":\"https:\\\/\\\/fonsvinum.com\\\/de\\\/produkt\\\/marchesi-antinori-pian-delle-vigne-brunello-di-montalcino-2020\\\/#primaryimage\",\"url\":\"https:\\\/\\\/fonsvinum.com\\\/files\\\/2020\\\/09\\\/brunello-montalcino-pian-delle-vigne-marchesi-antinori.jpg\",\"contentUrl\":\"https:\\\/\\\/fonsvinum.com\\\/files\\\/2020\\\/09\\\/brunello-montalcino-pian-delle-vigne-marchesi-antinori.jpg\",\"width\":200,\"height\":600},{\"@type\":\"BreadcrumbList\",\"@id\":\"https:\\\/\\\/fonsvinum.com\\\/de\\\/produkt\\\/marchesi-antinori-pian-delle-vigne-brunello-di-montalcino-2020\\\/#breadcrumb\",\"itemListElement\":[{\"@type\":\"ListItem\",\"position\":1,\"name\":\"Startseite\",\"item\":\"https:\\\/\\\/fonsvinum.com\\\/de\\\/\"},{\"@type\":\"ListItem\",\"position\":2,\"name\":\"Shop\",\"item\":\"https:\\\/\\\/fonsvinum.com\\\/de\\\/shop\\\/\"},{\"@type\":\"ListItem\",\"position\":3,\"name\":\"MARCHESI ANTINORI Pian delle Vigne Brunello di Montalcino 2020\"}]},{\"@type\":\"WebSite\",\"@id\":\"https:\\\/\\\/fonsvinum.com\\\/en\\\/#website\",\"url\":\"https:\\\/\\\/fonsvinum.com\\\/en\\\/\",\"name\":\"Fons Vinum\",\"description\":\"Vendita Vino Online\",\"publisher\":{\"@id\":\"https:\\\/\\\/fonsvinum.com\\\/en\\\/#organization\"},\"potentialAction\":[{\"@type\":\"SearchAction\",\"target\":{\"@type\":\"EntryPoint\",\"urlTemplate\":\"https:\\\/\\\/fonsvinum.com\\\/en\\\/?s={search_term_string}\"},\"query-input\":{\"@type\":\"PropertyValueSpecification\",\"valueRequired\":true,\"valueName\":\"search_term_string\"}}],\"inLanguage\":\"de\"},{\"@type\":\"Organization\",\"@id\":\"https:\\\/\\\/fonsvinum.com\\\/en\\\/#organization\",\"name\":\"Fons Vinum\",\"url\":\"https:\\\/\\\/fonsvinum.com\\\/en\\\/\",\"logo\":{\"@type\":\"ImageObject\",\"inLanguage\":\"de\",\"@id\":\"https:\\\/\\\/fonsvinum.com\\\/en\\\/#\\\/schema\\\/logo\\\/image\\\/\",\"url\":\"\",\"contentUrl\":\"\",\"caption\":\"Fons Vinum\"},\"image\":{\"@id\":\"https:\\\/\\\/fonsvinum.com\\\/en\\\/#\\\/schema\\\/logo\\\/image\\\/\"}}]}<\/script>\n<!-- \/ Yoast SEO plugin. -->","yoast_head_json":{"title":"ANTINORI Pian delle Vigne Brunello di Montalcino 2020","description":"ANTINORI Pian delle Vigne Brunello di Montalcino 2020-Fons Vinum- Am Gaumen elegant, reichhaltig und komplex, mit weichen und saftigen Tanninen","robots":{"index":"index","follow":"follow","max-snippet":"max-snippet:-1","max-image-preview":"max-image-preview:large","max-video-preview":"max-video-preview:-1"},"canonical":"https:\/\/fonsvinum.com\/de\/produkt\/marchesi-antinori-pian-delle-vigne-brunello-di-montalcino-2020\/","og_locale":"de_DE","og_type":"article","og_title":"ANTINORI Pian delle Vigne Brunello di Montalcino 2020","og_description":"ANTINORI Pian delle Vigne Brunello di Montalcino 2020-Fons Vinum- Am Gaumen elegant, reichhaltig und komplex, mit weichen und saftigen Tanninen","og_url":"https:\/\/fonsvinum.com\/de\/produkt\/marchesi-antinori-pian-delle-vigne-brunello-di-montalcino-2020\/","og_site_name":"Fons Vinum","article_modified_time":"2026-04-22T09:27:17+00:00","og_image":[{"width":200,"height":600,"url":"https:\/\/fonsvinum.com\/files\/2020\/09\/brunello-montalcino-pian-delle-vigne-marchesi-antinori.jpg","type":"image\/jpeg"}],"twitter_misc":{"Gesch\u00e4tzte Lesezeit":"3\u00a0Minuten"},"schema":{"@context":"https:\/\/schema.org","@graph":[{"@type":"WebPage","@id":"https:\/\/fonsvinum.com\/de\/produkt\/marchesi-antinori-pian-delle-vigne-brunello-di-montalcino-2020\/","url":"https:\/\/fonsvinum.com\/de\/produkt\/marchesi-antinori-pian-delle-vigne-brunello-di-montalcino-2020\/","name":"ANTINORI Pian delle Vigne Brunello di Montalcino 2020","isPartOf":{"@id":"https:\/\/fonsvinum.com\/en\/#website"},"primaryImageOfPage":{"@id":"https:\/\/fonsvinum.com\/de\/produkt\/marchesi-antinori-pian-delle-vigne-brunello-di-montalcino-2020\/#primaryimage"},"image":{"@id":"https:\/\/fonsvinum.com\/de\/produkt\/marchesi-antinori-pian-delle-vigne-brunello-di-montalcino-2020\/#primaryimage"},"thumbnailUrl":"https:\/\/fonsvinum.com\/files\/2020\/09\/brunello-montalcino-pian-delle-vigne-marchesi-antinori.jpg","datePublished":"2026-04-22T09:11:36+00:00","dateModified":"2026-04-22T09:27:17+00:00","description":"ANTINORI Pian delle Vigne Brunello di Montalcino 2020-Fons Vinum- Am Gaumen elegant, reichhaltig und komplex, mit weichen und saftigen Tanninen","breadcrumb":{"@id":"https:\/\/fonsvinum.com\/de\/produkt\/marchesi-antinori-pian-delle-vigne-brunello-di-montalcino-2020\/#breadcrumb"},"inLanguage":"de","potentialAction":[{"@type":"ReadAction","target":["https:\/\/fonsvinum.com\/de\/produkt\/marchesi-antinori-pian-delle-vigne-brunello-di-montalcino-2020\/"]}]},{"@type":"ImageObject","inLanguage":"de","@id":"https:\/\/fonsvinum.com\/de\/produkt\/marchesi-antinori-pian-delle-vigne-brunello-di-montalcino-2020\/#primaryimage","url":"https:\/\/fonsvinum.com\/files\/2020\/09\/brunello-montalcino-pian-delle-vigne-marchesi-antinori.jpg","contentUrl":"https:\/\/fonsvinum.com\/files\/2020\/09\/brunello-montalcino-pian-delle-vigne-marchesi-antinori.jpg","width":200,"height":600},{"@type":"BreadcrumbList","@id":"https:\/\/fonsvinum.com\/de\/produkt\/marchesi-antinori-pian-delle-vigne-brunello-di-montalcino-2020\/#breadcrumb","itemListElement":[{"@type":"ListItem","position":1,"name":"Startseite","item":"https:\/\/fonsvinum.com\/de\/"},{"@type":"ListItem","position":2,"name":"Shop","item":"https:\/\/fonsvinum.com\/de\/shop\/"},{"@type":"ListItem","position":3,"name":"MARCHESI ANTINORI Pian delle Vigne Brunello di Montalcino 2020"}]},{"@type":"WebSite","@id":"https:\/\/fonsvinum.com\/en\/#website","url":"https:\/\/fonsvinum.com\/en\/","name":"Fons Vinum","description":"Vendita Vino Online","publisher":{"@id":"https:\/\/fonsvinum.com\/en\/#organization"},"potentialAction":[{"@type":"SearchAction","target":{"@type":"EntryPoint","urlTemplate":"https:\/\/fonsvinum.com\/en\/?s={search_term_string}"},"query-input":{"@type":"PropertyValueSpecification","valueRequired":true,"valueName":"search_term_string"}}],"inLanguage":"de"},{"@type":"Organization","@id":"https:\/\/fonsvinum.com\/en\/#organization","name":"Fons Vinum","url":"https:\/\/fonsvinum.com\/en\/","logo":{"@type":"ImageObject","inLanguage":"de","@id":"https:\/\/fonsvinum.com\/en\/#\/schema\/logo\/image\/","url":"","contentUrl":"","caption":"Fons Vinum"},"image":{"@id":"https:\/\/fonsvinum.com\/en\/#\/schema\/logo\/image\/"}}]}},"acf":[],"_links":{"self":[{"href":"https:\/\/fonsvinum.com\/de\/wp-json\/wp\/v2\/product\/49566","targetHints":{"allow":["GET"]}}],"collection":[{"href":"https:\/\/fonsvinum.com\/de\/wp-json\/wp\/v2\/product"}],"about":[{"href":"https:\/\/fonsvinum.com\/de\/wp-json\/wp\/v2\/types\/product"}],"replies":[{"embeddable":true,"href":"https:\/\/fonsvinum.com\/de\/wp-json\/wp\/v2\/comments?post=49566"}],"wp:featuredmedia":[{"embeddable":true,"href":"https:\/\/fonsvinum.com\/de\/wp-json\/wp\/v2\/media\/26445"}],"wp:attachment":[{"href":"https:\/\/fonsvinum.com\/de\/wp-json\/wp\/v2\/media?parent=49566"}],"wp:term":[{"taxonomy":"product_brand","embeddable":true,"href":"https:\/\/fonsvinum.com\/de\/wp-json\/wp\/v2\/product_brand?post=49566"},{"taxonomy":"product_cat","embeddable":true,"href":"https:\/\/fonsvinum.com\/de\/wp-json\/wp\/v2\/product_cat?post=49566"},{"taxonomy":"product_tag","embeddable":true,"href":"https:\/\/fonsvinum.com\/de\/wp-json\/wp\/v2\/product_tag?post=49566"}],"curies":[{"name":"wp","href":"https:\/\/api.w.org\/{rel}","templated":true}]}}