{"id":49558,"date":"2026-04-22T09:37:36","date_gmt":"2026-04-22T07:37:36","guid":{"rendered":"https:\/\/fonsvinum.com\/?post_type=product&#038;p=49558"},"modified":"2026-04-22T09:54:12","modified_gmt":"2026-04-22T07:54:12","slug":"sottimano-langhe-nebbiolo-2024","status":"publish","type":"product","link":"https:\/\/fonsvinum.com\/de\/produkt\/sottimano-langhe-nebbiolo-2024\/","title":{"rendered":"SOTTIMANO Langhe Nebbiolo 2024"},"content":{"rendered":"<h2>SOTTIMANO Langhe Nebbiolo 2024<\/h2>\n<p>AZ. AGRICOLA SOTTIMANO Langhe Nebbiolo 2024<\/p>\n<h2>DAS WEINGUT SOTTIMANO<\/h2>\n<p>Das Weingut Sottimano hat stets die gute Landwirtschaft in den Mittelpunkt seines <em>modus operandi<\/em> gestellt. Seit mehreren Jahren hat es den Kreis mit immer reineren und authentischeren Weinen geschlossen, w\u00fcrdige Botschafter eines besonderen Terroirs.<\/p>\n<p>Andrea Sottimano hat von seinem Vater Rino, der stets unerm\u00fcdlich in den Rebzeilen arbeitete, eine au\u00dfergew\u00f6hnliche landwirtschaftliche Sensibilit\u00e4t geerbt. Hinter den Kulissen, aber ebenso grundlegend, die akribische Arbeit von Elena und Claudia, Andreas Schwestern. Rino ist nie in die Falle der falschen Versprechen der Pflanzenschutzindustrie getappt: Hier wurde stets hart mit Kupfer, Schwefel, Hacke und viel Schwei\u00df gearbeitet. Heute gibt es gl\u00fccklicherweise weniger anstrengende und immer weniger belastende L\u00f6sungen, die Andrea weiterhin erforscht und anwendet \u2013 die beste M\u00f6glichkeit, ein wirklich herausragendes und vielf\u00e4ltiges Cru-Erbe zu w\u00fcrdigen und zu bewahren.<\/p>\n<h2>Langhe nebbiolo<\/h2>\n<p>Sein Terroir und die H\u00f6henlage verleihen dem Wein w\u00fcrzige Noten sowie eine gro\u00dfe Komplexit\u00e4t. Der Langhe DOC Nebbiolo ist frisch und lebendig. S\u00fc\u00dfe florale Noten und rote Fr\u00fcchte stehen im Mittelpunkt seiner Struktur, zusammen mit Nuancen von Rosenbl\u00e4ttern. Am Gaumen finden sich Minze und Lakritze, die zum Finale hin noch pr\u00e4senter werden.<\/p>\n<h3>&#8211; VINIFIKATION UND REIFUNG &#8211;<\/h3>\n<p>Nach einer sorgf\u00e4ltigen Auswahl der Trauben erfolgt die alkoholische G\u00e4rung spontan. Auf die Maischeg\u00e4rung folgt die spontane malolaktische G\u00e4rung. Der Ausbau erfolgt im Fass.<\/p>\n<h3>&#8211; ORGANOLEPTISCHE EIGENSCHAFTEN &#8211;<\/h3>\n<p>Ausgestattet mit gro\u00dfer Struktur und seidigen, umh\u00fcllenden Tanninen; warm und elegant schlie\u00dft er mit einem Finale ab, das an die typischen balsamischen Noten der Gemeinde Neive erinnert, seinem Herkunftsterroir.<\/p>\n<p>Ideal zu Fleischgerichten, Wild, gereiften K\u00e4sesorten und w\u00fcrzigen Nudelgerichten, passt er perfekt auch zur typisch piemontesischen K\u00fcche.<\/p>\n<h3><\/h3>\n<p>&nbsp;<\/p>\n","protected":false},"excerpt":{"rendered":"<p>SOTTIMANO Langhe Nebbiolo 2024 AZ. AGRICOLA SOTTIMANO Langhe Nebbiolo 2024 DAS WEINGUT SOTTIMANO Das Weingut Sottimano hat stets die gute Landwirtschaft in den Mittelpunkt seines modus operandi gestellt. Seit mehreren Jahren hat es den Kreis mit immer reineren und authentischeren Weinen geschlossen, w\u00fcrdige Botschafter eines besonderen Terroirs. Andrea Sottimano hat von seinem Vater Rino, der [&hellip;]<\/p>\n","protected":false},"featured_media":45474,"comment_status":"open","ping_status":"closed","template":"","meta":{"_acf_changed":false,"_monsterinsights_skip_tracking":false,"_monsterinsights_sitenote_active":false,"_monsterinsights_sitenote_note":"","_monsterinsights_sitenote_category":0},"product_brand":[],"product_cat":[2356],"product_tag":[18450,15941,15959],"class_list":{"0":"post-49558","1":"product","2":"type-product","3":"status-publish","4":"has-post-thumbnail","6":"product_cat-nebbiolo-de","7":"product_tag-langhe-weine","8":"product_tag-nebbiolo-de","9":"product_tag-vino-rosso-de","10":"pa_appellation-langhe-nebbiolo-doc-de","11":"pa_formato-0-75-l-flasche-de","12":"pa_producer-az-agricola-sottimano","13":"pa_region-piemont-de","14":"pa_vine-100-nebbiolo-de","15":"pa_vintage-18405","17":"first","18":"instock","19":"taxable","20":"shipping-taxable","21":"purchasable","22":"product-type-simple"},"bundled_by":[],"bundle_stock_status":"instock","bundle_stock_quantity":12,"bundle_virtual":false,"bundle_layout":"","bundle_add_to_cart_form_location":"","bundle_editable_in_cart":false,"bundle_sold_individually_context":"","bundle_item_grouping":"","bundle_min_size":"","bundle_max_size":"","bundle_price":[],"bundled_items":[],"bundle_sell_ids":[],"yoast_head":"<!-- This site is optimized with the Yoast SEO plugin v27.3 - https:\/\/yoast.com\/product\/yoast-seo-wordpress\/ -->\n<title>SOTTIMANO Langhe Nebbiolo 2024<\/title>\n<meta name=\"description\" content=\"Kaufen Sie bei FonsVinum den SOTTIMANO Langhe Nebbiolo 2024 \u2013 ein Wein, der ein w\u00fcrdiger Botschafter eines so besonderen Terroirs ist wie die Crus von Barbaresco\" \/>\n<meta name=\"robots\" content=\"index, follow, max-snippet:-1, max-image-preview:large, max-video-preview:-1\" \/>\n<link rel=\"canonical\" href=\"https:\/\/fonsvinum.com\/de\/produkt\/sottimano-langhe-nebbiolo-2024\/\" \/>\n<meta property=\"og:locale\" content=\"de_DE\" \/>\n<meta property=\"og:type\" content=\"article\" \/>\n<meta property=\"og:title\" content=\"SOTTIMANO Langhe Nebbiolo 2024\" \/>\n<meta property=\"og:description\" content=\"Kaufen Sie bei FonsVinum den SOTTIMANO Langhe Nebbiolo 2024 \u2013 ein Wein, der ein w\u00fcrdiger Botschafter eines so besonderen Terroirs ist wie die Crus von Barbaresco\" \/>\n<meta property=\"og:url\" content=\"https:\/\/fonsvinum.com\/de\/produkt\/sottimano-langhe-nebbiolo-2024\/\" \/>\n<meta property=\"og:site_name\" content=\"Fons Vinum\" \/>\n<meta property=\"article:modified_time\" content=\"2026-04-22T07:54:12+00:00\" \/>\n<meta property=\"og:image\" content=\"https:\/\/fonsvinum.com\/files\/2025\/02\/sottimano-nebbiolo.png\" \/>\n\t<meta property=\"og:image:width\" content=\"200\" \/>\n\t<meta property=\"og:image:height\" content=\"600\" \/>\n\t<meta property=\"og:image:type\" content=\"image\/png\" \/>\n<meta name=\"twitter:label1\" content=\"Gesch\u00e4tzte Lesezeit\" \/>\n\t<meta name=\"twitter:data1\" content=\"2\u00a0Minuten\" \/>\n<script type=\"application\/ld+json\" class=\"yoast-schema-graph\">{\"@context\":\"https:\\\/\\\/schema.org\",\"@graph\":[{\"@type\":\"WebPage\",\"@id\":\"https:\\\/\\\/fonsvinum.com\\\/de\\\/produkt\\\/sottimano-langhe-nebbiolo-2024\\\/\",\"url\":\"https:\\\/\\\/fonsvinum.com\\\/de\\\/produkt\\\/sottimano-langhe-nebbiolo-2024\\\/\",\"name\":\"SOTTIMANO Langhe Nebbiolo 2024\",\"isPartOf\":{\"@id\":\"https:\\\/\\\/fonsvinum.com\\\/en\\\/#website\"},\"primaryImageOfPage\":{\"@id\":\"https:\\\/\\\/fonsvinum.com\\\/de\\\/produkt\\\/sottimano-langhe-nebbiolo-2024\\\/#primaryimage\"},\"image\":{\"@id\":\"https:\\\/\\\/fonsvinum.com\\\/de\\\/produkt\\\/sottimano-langhe-nebbiolo-2024\\\/#primaryimage\"},\"thumbnailUrl\":\"https:\\\/\\\/fonsvinum.com\\\/files\\\/2025\\\/02\\\/sottimano-nebbiolo.png\",\"datePublished\":\"2026-04-22T07:37:36+00:00\",\"dateModified\":\"2026-04-22T07:54:12+00:00\",\"description\":\"Kaufen Sie bei FonsVinum den SOTTIMANO Langhe Nebbiolo 2024 \u2013 ein Wein, der ein w\u00fcrdiger Botschafter eines so besonderen Terroirs ist wie die Crus von Barbaresco\",\"breadcrumb\":{\"@id\":\"https:\\\/\\\/fonsvinum.com\\\/de\\\/produkt\\\/sottimano-langhe-nebbiolo-2024\\\/#breadcrumb\"},\"inLanguage\":\"de\",\"potentialAction\":[{\"@type\":\"ReadAction\",\"target\":[\"https:\\\/\\\/fonsvinum.com\\\/de\\\/produkt\\\/sottimano-langhe-nebbiolo-2024\\\/\"]}]},{\"@type\":\"ImageObject\",\"inLanguage\":\"de\",\"@id\":\"https:\\\/\\\/fonsvinum.com\\\/de\\\/produkt\\\/sottimano-langhe-nebbiolo-2024\\\/#primaryimage\",\"url\":\"https:\\\/\\\/fonsvinum.com\\\/files\\\/2025\\\/02\\\/sottimano-nebbiolo.png\",\"contentUrl\":\"https:\\\/\\\/fonsvinum.com\\\/files\\\/2025\\\/02\\\/sottimano-nebbiolo.png\",\"width\":200,\"height\":600,\"caption\":\"sottimano nebbiolo\"},{\"@type\":\"BreadcrumbList\",\"@id\":\"https:\\\/\\\/fonsvinum.com\\\/de\\\/produkt\\\/sottimano-langhe-nebbiolo-2024\\\/#breadcrumb\",\"itemListElement\":[{\"@type\":\"ListItem\",\"position\":1,\"name\":\"Startseite\",\"item\":\"https:\\\/\\\/fonsvinum.com\\\/de\\\/\"},{\"@type\":\"ListItem\",\"position\":2,\"name\":\"Shop\",\"item\":\"https:\\\/\\\/fonsvinum.com\\\/de\\\/shop\\\/\"},{\"@type\":\"ListItem\",\"position\":3,\"name\":\"SOTTIMANO Langhe Nebbiolo 2024\"}]},{\"@type\":\"WebSite\",\"@id\":\"https:\\\/\\\/fonsvinum.com\\\/en\\\/#website\",\"url\":\"https:\\\/\\\/fonsvinum.com\\\/en\\\/\",\"name\":\"Fons Vinum\",\"description\":\"Vendita Vino Online\",\"publisher\":{\"@id\":\"https:\\\/\\\/fonsvinum.com\\\/en\\\/#organization\"},\"potentialAction\":[{\"@type\":\"SearchAction\",\"target\":{\"@type\":\"EntryPoint\",\"urlTemplate\":\"https:\\\/\\\/fonsvinum.com\\\/en\\\/?s={search_term_string}\"},\"query-input\":{\"@type\":\"PropertyValueSpecification\",\"valueRequired\":true,\"valueName\":\"search_term_string\"}}],\"inLanguage\":\"de\"},{\"@type\":\"Organization\",\"@id\":\"https:\\\/\\\/fonsvinum.com\\\/en\\\/#organization\",\"name\":\"Fons Vinum\",\"url\":\"https:\\\/\\\/fonsvinum.com\\\/en\\\/\",\"logo\":{\"@type\":\"ImageObject\",\"inLanguage\":\"de\",\"@id\":\"https:\\\/\\\/fonsvinum.com\\\/en\\\/#\\\/schema\\\/logo\\\/image\\\/\",\"url\":\"\",\"contentUrl\":\"\",\"caption\":\"Fons Vinum\"},\"image\":{\"@id\":\"https:\\\/\\\/fonsvinum.com\\\/en\\\/#\\\/schema\\\/logo\\\/image\\\/\"}}]}<\/script>\n<!-- \/ Yoast SEO plugin. -->","yoast_head_json":{"title":"SOTTIMANO Langhe Nebbiolo 2024","description":"Kaufen Sie bei FonsVinum den SOTTIMANO Langhe Nebbiolo 2024 \u2013 ein Wein, der ein w\u00fcrdiger Botschafter eines so besonderen Terroirs ist wie die Crus von Barbaresco","robots":{"index":"index","follow":"follow","max-snippet":"max-snippet:-1","max-image-preview":"max-image-preview:large","max-video-preview":"max-video-preview:-1"},"canonical":"https:\/\/fonsvinum.com\/de\/produkt\/sottimano-langhe-nebbiolo-2024\/","og_locale":"de_DE","og_type":"article","og_title":"SOTTIMANO Langhe Nebbiolo 2024","og_description":"Kaufen Sie bei FonsVinum den SOTTIMANO Langhe Nebbiolo 2024 \u2013 ein Wein, der ein w\u00fcrdiger Botschafter eines so besonderen Terroirs ist wie die Crus von Barbaresco","og_url":"https:\/\/fonsvinum.com\/de\/produkt\/sottimano-langhe-nebbiolo-2024\/","og_site_name":"Fons Vinum","article_modified_time":"2026-04-22T07:54:12+00:00","og_image":[{"width":200,"height":600,"url":"https:\/\/fonsvinum.com\/files\/2025\/02\/sottimano-nebbiolo.png","type":"image\/png"}],"twitter_misc":{"Gesch\u00e4tzte Lesezeit":"2\u00a0Minuten"},"schema":{"@context":"https:\/\/schema.org","@graph":[{"@type":"WebPage","@id":"https:\/\/fonsvinum.com\/de\/produkt\/sottimano-langhe-nebbiolo-2024\/","url":"https:\/\/fonsvinum.com\/de\/produkt\/sottimano-langhe-nebbiolo-2024\/","name":"SOTTIMANO Langhe Nebbiolo 2024","isPartOf":{"@id":"https:\/\/fonsvinum.com\/en\/#website"},"primaryImageOfPage":{"@id":"https:\/\/fonsvinum.com\/de\/produkt\/sottimano-langhe-nebbiolo-2024\/#primaryimage"},"image":{"@id":"https:\/\/fonsvinum.com\/de\/produkt\/sottimano-langhe-nebbiolo-2024\/#primaryimage"},"thumbnailUrl":"https:\/\/fonsvinum.com\/files\/2025\/02\/sottimano-nebbiolo.png","datePublished":"2026-04-22T07:37:36+00:00","dateModified":"2026-04-22T07:54:12+00:00","description":"Kaufen Sie bei FonsVinum den SOTTIMANO Langhe Nebbiolo 2024 \u2013 ein Wein, der ein w\u00fcrdiger Botschafter eines so besonderen Terroirs ist wie die Crus von Barbaresco","breadcrumb":{"@id":"https:\/\/fonsvinum.com\/de\/produkt\/sottimano-langhe-nebbiolo-2024\/#breadcrumb"},"inLanguage":"de","potentialAction":[{"@type":"ReadAction","target":["https:\/\/fonsvinum.com\/de\/produkt\/sottimano-langhe-nebbiolo-2024\/"]}]},{"@type":"ImageObject","inLanguage":"de","@id":"https:\/\/fonsvinum.com\/de\/produkt\/sottimano-langhe-nebbiolo-2024\/#primaryimage","url":"https:\/\/fonsvinum.com\/files\/2025\/02\/sottimano-nebbiolo.png","contentUrl":"https:\/\/fonsvinum.com\/files\/2025\/02\/sottimano-nebbiolo.png","width":200,"height":600,"caption":"sottimano nebbiolo"},{"@type":"BreadcrumbList","@id":"https:\/\/fonsvinum.com\/de\/produkt\/sottimano-langhe-nebbiolo-2024\/#breadcrumb","itemListElement":[{"@type":"ListItem","position":1,"name":"Startseite","item":"https:\/\/fonsvinum.com\/de\/"},{"@type":"ListItem","position":2,"name":"Shop","item":"https:\/\/fonsvinum.com\/de\/shop\/"},{"@type":"ListItem","position":3,"name":"SOTTIMANO Langhe Nebbiolo 2024"}]},{"@type":"WebSite","@id":"https:\/\/fonsvinum.com\/en\/#website","url":"https:\/\/fonsvinum.com\/en\/","name":"Fons Vinum","description":"Vendita Vino Online","publisher":{"@id":"https:\/\/fonsvinum.com\/en\/#organization"},"potentialAction":[{"@type":"SearchAction","target":{"@type":"EntryPoint","urlTemplate":"https:\/\/fonsvinum.com\/en\/?s={search_term_string}"},"query-input":{"@type":"PropertyValueSpecification","valueRequired":true,"valueName":"search_term_string"}}],"inLanguage":"de"},{"@type":"Organization","@id":"https:\/\/fonsvinum.com\/en\/#organization","name":"Fons Vinum","url":"https:\/\/fonsvinum.com\/en\/","logo":{"@type":"ImageObject","inLanguage":"de","@id":"https:\/\/fonsvinum.com\/en\/#\/schema\/logo\/image\/","url":"","contentUrl":"","caption":"Fons Vinum"},"image":{"@id":"https:\/\/fonsvinum.com\/en\/#\/schema\/logo\/image\/"}}]}},"acf":[],"_links":{"self":[{"href":"https:\/\/fonsvinum.com\/de\/wp-json\/wp\/v2\/product\/49558","targetHints":{"allow":["GET"]}}],"collection":[{"href":"https:\/\/fonsvinum.com\/de\/wp-json\/wp\/v2\/product"}],"about":[{"href":"https:\/\/fonsvinum.com\/de\/wp-json\/wp\/v2\/types\/product"}],"replies":[{"embeddable":true,"href":"https:\/\/fonsvinum.com\/de\/wp-json\/wp\/v2\/comments?post=49558"}],"wp:featuredmedia":[{"embeddable":true,"href":"https:\/\/fonsvinum.com\/de\/wp-json\/wp\/v2\/media\/45474"}],"wp:attachment":[{"href":"https:\/\/fonsvinum.com\/de\/wp-json\/wp\/v2\/media?parent=49558"}],"wp:term":[{"taxonomy":"product_brand","embeddable":true,"href":"https:\/\/fonsvinum.com\/de\/wp-json\/wp\/v2\/product_brand?post=49558"},{"taxonomy":"product_cat","embeddable":true,"href":"https:\/\/fonsvinum.com\/de\/wp-json\/wp\/v2\/product_cat?post=49558"},{"taxonomy":"product_tag","embeddable":true,"href":"https:\/\/fonsvinum.com\/de\/wp-json\/wp\/v2\/product_tag?post=49558"}],"curies":[{"name":"wp","href":"https:\/\/api.w.org\/{rel}","templated":true}]}}