{"id":49550,"date":"2026-04-22T09:05:55","date_gmt":"2026-04-22T07:05:55","guid":{"rendered":"https:\/\/fonsvinum.com\/?post_type=product&#038;p=49550"},"modified":"2026-04-22T09:14:09","modified_gmt":"2026-04-22T07:14:09","slug":"oddero-barolo-2022","status":"publish","type":"product","link":"https:\/\/fonsvinum.com\/de\/produkt\/oddero-barolo-2022\/","title":{"rendered":"ODDERO Barolo 2022"},"content":{"rendered":"<h2>ODDERO Barolo 2022<\/h2>\n<p>ODDERO <a href=\"https:\/\/www.shopinlanghe.com\/sellers?render_type=sellerview&amp;id_seller=5\">Barolo<\/a> 2022<\/p>\n<h2><a href=\"https:\/\/fonsvinum.com\/de\/attributes\/producer\/poderi-e-cantine-oddero-de-2\/\">PODERI E CANTINE ODDERO<\/a><\/h2>\n<div class=\"desk__w\">\n<div class=\"sectionHeader\">\n<p class=\"sectionHeader__subtitle\">Wie eine nat\u00fcrliche Terrasse blickt das Weingut Poderi e Cantine Oddero auf die piemontesischen H\u00fcgel der Langhe, das seit jeher ausschlie\u00dflich die Trauben der eigenen Weinberge vinifiziert.<br \/>\nDer Besitz der Weinberge und Gutsh\u00f6fe geh\u00f6rt der Familie Oddero seit vor 1700. Heute ist es eine historische Marke unter den Barolo-Erzeugern. Giacomo Oddero war eine ber\u00fchmte Pers\u00f6nlichkeit in der Langa und dar\u00fcber hinaus.<\/p>\n<p>Eines der Barolo-Weing\u00fcter mit rasantem Aufstieg in Bezug auf Qualit\u00e4t und Prestige, Oddero ist ein Gut, das derzeit gro\u00dfe Anerkennung seitens der Kritiker erntet.<\/p>\n<p>Mit Sitz in La Morra produzieren Isabella und Pietro Oddero &#8211; die siebte Generation &#8211; Weine, die mit den Gro\u00dfen des Barolo konkurrieren k\u00f6nnen, denn Antonio Galloni schreibt: &#8222;was die Odderos in den letzten Jahren geleistet haben, um die Qualit\u00e4t ihrer Weine zu steigern, ist schlichtweg bemerkenswert&#8220;.<\/p>\n<p>Das Weingut ist herrlich auf den H\u00fcgeln der Langhe gelegen. Die Familie nutzt die Kenntnis der Region perfekt und hat 2008 die gesamte Bewirtschaftung der Weinberge auf biologische Praktiken umgestellt. Nun verf\u00fcgen sie \u00fcber mehr als 18 Hektar als biologisch zertifizierte Weinberge.<\/p>\n<p class=\"sectionHeader__subtitle\">Diese schenken Trauben, aus denen einige der besten Weine der Langa entstehen, die aus \u00fcber zwei Jahrhunderten Geschichte hervorgehen: ein Beispiel daf\u00fcr, wie man aus der Vergangenheit sch\u00f6pfen kann, um die Gegenwart zu gestalten und die Grundlagen f\u00fcr die Zukunft zu legen, dank der Achtung der Traditionen und der \u00e4u\u00dfersten Sorgfalt und Aufmerksamkeit, die den Weinbergen und Weinen gewidmet wird. An diesen Orten verbindet sich also altes Wissen mit modernen Techniken. Zudem wird jeder Produktionsschritt mit Geduld und Beharrlichkeit verfolgt.<\/p>\n<h2><a href=\"https:\/\/fonsvinum.com\/de\/produkt-kategorie\/rotweine-de\/barolo-de\/\">BAROLO<\/a> ODDERO<\/h2>\n<h3 class=\"soluzioni\">Gewonnen aus dem Weinberg &#8211; BRICCO CHIESA<\/h3>\n<p><em>Gemeinde La Morra, Ortsteil Santa Maria &#8211; 2,56 ha &#8211; Geografische Angabe des Barolo<\/em><\/p>\n<div class=\"gk-cols vertical-centerp\" data-cols=\"2\">\n<div class=\"testo\">Bricco Chiesa ist der historische Produktionskern unseres Weinguts, &#8222;der Hausweinberg&#8220; sozusagen. Zu F\u00fc\u00dfen der Kirche Santa Maria della Neve, die im 15. Jahrhundert als Sancta Maria de Marcenasco bezeichnet wurde, ist es eine sch\u00f6ne Abfolge regelm\u00e4\u00dfiger Rebzeilen, in voller S\u00fcdlage, von 210 bis 290 m \u00fc. d. M. Der Boden weist einen Anteil an feinen Tonen auf, mit Sand und Kalziumkarbonat.<\/div>\n<div class=\"testo\">Hier, beim h\u00e4ndischen Graben f\u00fcr den Bau eines Brunnens, in 9 Metern Tiefe, im oberen Teil, wo heute die Stra\u00dfe nach La Morra verl\u00e4uft, kam 1928 ein perfekt erhaltenes Fischskelett aus dem Tortonium des Mioz\u00e4ns zum Vorschein, das heute in unserem Weinkeller ausgestellt ist, als freundliche Leihgabe des Museums F. Eusebio von Alba.<\/div>\n<\/div>\n<h3><strong>Vinifikation<\/strong><\/h3>\n<p>Strenge manuelle Auslese der Trauben im Weinberg. Die G\u00e4rung und Mazeration in Edelstahltanks f\u00fcr 20 Tage bei kontrollierter Temperatur von 28-29 \u00b0C erfolgen getrennt f\u00fcr die drei Weinberge, ebenso wie der malolaktische G\u00e4rung.<\/p>\n<h3><strong>Ausbau<\/strong><\/h3>\n<p>Getrennte Reifung der Barolo aus den verschiedenen Weinbergen in F\u00e4ssern aus \u00f6sterreichischer Eiche und Slawonien, von 40-60 und 75 hl, f\u00fcr eine Dauer von 30 Monaten. Assemblage im Fr\u00fchjahr, Abf\u00fcllung Ende Sommer, weitere Reifung in der Flasche vor der Vermarktung f\u00fcr einen Zeitraum von sechs Monaten.<\/p>\n<h3><strong>Organoleptische Eigenschaften<\/strong><\/h3>\n<ul>\n<li><strong>Farbe<\/strong> leuchtendes Granatrot, mit w\u00e4rmeren Reflexen im Laufe der Zeit.<\/li>\n<li><strong>Duft<\/strong> unverwechselbar, \u00e4u\u00dferst angenehm, intensiv und \u00e4therisch, sehr persistent, manchmal w\u00fcrzig, mit Noten von Tr\u00fcffel, Lakritz, verwelkten Bl\u00fcten.<\/li>\n<li><strong>Geschmack<\/strong> trocken, mit bedeutenden und vollen Tanninen.<\/li>\n<\/ul>\n<\/div>\n<\/div>\n<p><iframe loading=\"lazy\" title=\"Talking with  Isabella Oddero at Vinitaly 2012\" width=\"500\" height=\"281\" src=\"https:\/\/www.youtube.com\/embed\/yNhemgybwes?feature=oembed\" frameborder=\"0\" allow=\"accelerometer; autoplay; clipboard-write; encrypted-media; gyroscope; picture-in-picture; web-share\" referrerpolicy=\"strict-origin-when-cross-origin\" allowfullscreen><\/iframe><\/p>\n","protected":false},"excerpt":{"rendered":"<p>ODDERO Barolo 2022 ODDERO Barolo 2022 PODERI E CANTINE ODDERO Wie eine nat\u00fcrliche Terrasse blickt das Weingut Poderi e Cantine Oddero auf die piemontesischen H\u00fcgel der Langhe, das seit jeher ausschlie\u00dflich die Trauben der eigenen Weinberge vinifiziert. Der Besitz der Weinberge und Gutsh\u00f6fe geh\u00f6rt der Familie Oddero seit vor 1700. Heute ist es eine historische [&hellip;]<\/p>\n","protected":false},"featured_media":7209,"comment_status":"open","ping_status":"closed","template":"","meta":{"_acf_changed":false,"_monsterinsights_skip_tracking":false,"_monsterinsights_sitenote_active":false,"_monsterinsights_sitenote_note":"","_monsterinsights_sitenote_category":0},"product_brand":[],"product_cat":[1824],"product_tag":[15903,18450,15893,15959],"class_list":{"0":"post-49550","1":"product","2":"type-product","3":"status-publish","4":"has-post-thumbnail","6":"product_cat-barolo-de","7":"product_tag-barolo-de","8":"product_tag-langhe-weine","9":"product_tag-piemonte-de","10":"product_tag-vino-rosso-de","11":"pa_appellation-barolo-docg-de","12":"pa_formato-0-75-l-flasche-de","13":"pa_producer-poderi-e-cantine-oddero-de-2","14":"pa_region-piemont-de","15":"pa_vine-100-nebbiolo-de","16":"pa_vintage-18397","18":"first","19":"instock","20":"taxable","21":"shipping-taxable","22":"purchasable","23":"product-type-simple"},"bundled_by":[],"bundle_stock_status":"instock","bundle_stock_quantity":6,"bundle_virtual":false,"bundle_layout":"","bundle_add_to_cart_form_location":"","bundle_editable_in_cart":false,"bundle_sold_individually_context":"","bundle_item_grouping":"","bundle_min_size":"","bundle_max_size":"","bundle_price":[],"bundled_items":[],"bundle_sell_ids":[],"yoast_head":"<!-- This site is optimized with the Yoast SEO plugin v27.3 - https:\/\/yoast.com\/product\/yoast-seo-wordpress\/ -->\n<title>ODDERO Barolo 2022 online kaufen | FonsVinum<\/title>\n<meta name=\"description\" content=\"Kaufen Sie bei FonsVinum online ODDERO Barolo 2022: mit unverwechselbarem Duft, \u00e4u\u00dferst angenehm, intensiv und \u00e4therisch, sehr persistent.\" \/>\n<meta name=\"robots\" content=\"index, follow, max-snippet:-1, max-image-preview:large, max-video-preview:-1\" \/>\n<link rel=\"canonical\" href=\"https:\/\/fonsvinum.com\/de\/produkt\/oddero-barolo-2022\/\" \/>\n<meta property=\"og:locale\" content=\"de_DE\" \/>\n<meta property=\"og:type\" content=\"article\" \/>\n<meta property=\"og:title\" content=\"ODDERO Barolo 2022 online kaufen | FonsVinum\" \/>\n<meta property=\"og:description\" content=\"Kaufen Sie bei FonsVinum online ODDERO Barolo 2022: mit unverwechselbarem Duft, \u00e4u\u00dferst angenehm, intensiv und \u00e4therisch, sehr persistent.\" \/>\n<meta property=\"og:url\" content=\"https:\/\/fonsvinum.com\/de\/produkt\/oddero-barolo-2022\/\" \/>\n<meta property=\"og:site_name\" content=\"Fons Vinum\" \/>\n<meta property=\"article:modified_time\" content=\"2026-04-22T07:14:09+00:00\" \/>\n<meta property=\"og:image\" content=\"https:\/\/fonsvinum.com\/files\/2016\/01\/barolo-oddero.png\" \/>\n\t<meta property=\"og:image:width\" content=\"200\" \/>\n\t<meta property=\"og:image:height\" content=\"600\" \/>\n\t<meta property=\"og:image:type\" content=\"image\/png\" \/>\n<meta name=\"twitter:label1\" content=\"Gesch\u00e4tzte Lesezeit\" \/>\n\t<meta name=\"twitter:data1\" content=\"3\u00a0Minuten\" \/>\n<script type=\"application\/ld+json\" class=\"yoast-schema-graph\">{\"@context\":\"https:\\\/\\\/schema.org\",\"@graph\":[{\"@type\":\"WebPage\",\"@id\":\"https:\\\/\\\/fonsvinum.com\\\/de\\\/produkt\\\/oddero-barolo-2022\\\/\",\"url\":\"https:\\\/\\\/fonsvinum.com\\\/de\\\/produkt\\\/oddero-barolo-2022\\\/\",\"name\":\"ODDERO Barolo 2022 online kaufen | FonsVinum\",\"isPartOf\":{\"@id\":\"https:\\\/\\\/fonsvinum.com\\\/en\\\/#website\"},\"primaryImageOfPage\":{\"@id\":\"https:\\\/\\\/fonsvinum.com\\\/de\\\/produkt\\\/oddero-barolo-2022\\\/#primaryimage\"},\"image\":{\"@id\":\"https:\\\/\\\/fonsvinum.com\\\/de\\\/produkt\\\/oddero-barolo-2022\\\/#primaryimage\"},\"thumbnailUrl\":\"https:\\\/\\\/fonsvinum.com\\\/files\\\/2016\\\/01\\\/barolo-oddero.png\",\"datePublished\":\"2026-04-22T07:05:55+00:00\",\"dateModified\":\"2026-04-22T07:14:09+00:00\",\"description\":\"Kaufen Sie bei FonsVinum online ODDERO Barolo 2022: mit unverwechselbarem Duft, \u00e4u\u00dferst angenehm, intensiv und \u00e4therisch, sehr persistent.\",\"breadcrumb\":{\"@id\":\"https:\\\/\\\/fonsvinum.com\\\/de\\\/produkt\\\/oddero-barolo-2022\\\/#breadcrumb\"},\"inLanguage\":\"de\",\"potentialAction\":[{\"@type\":\"ReadAction\",\"target\":[\"https:\\\/\\\/fonsvinum.com\\\/de\\\/produkt\\\/oddero-barolo-2022\\\/\"]}]},{\"@type\":\"ImageObject\",\"inLanguage\":\"de\",\"@id\":\"https:\\\/\\\/fonsvinum.com\\\/de\\\/produkt\\\/oddero-barolo-2022\\\/#primaryimage\",\"url\":\"https:\\\/\\\/fonsvinum.com\\\/files\\\/2016\\\/01\\\/barolo-oddero.png\",\"contentUrl\":\"https:\\\/\\\/fonsvinum.com\\\/files\\\/2016\\\/01\\\/barolo-oddero.png\",\"width\":200,\"height\":600,\"caption\":\"barolo-oddero\"},{\"@type\":\"BreadcrumbList\",\"@id\":\"https:\\\/\\\/fonsvinum.com\\\/de\\\/produkt\\\/oddero-barolo-2022\\\/#breadcrumb\",\"itemListElement\":[{\"@type\":\"ListItem\",\"position\":1,\"name\":\"Startseite\",\"item\":\"https:\\\/\\\/fonsvinum.com\\\/de\\\/\"},{\"@type\":\"ListItem\",\"position\":2,\"name\":\"Shop\",\"item\":\"https:\\\/\\\/fonsvinum.com\\\/de\\\/shop\\\/\"},{\"@type\":\"ListItem\",\"position\":3,\"name\":\"ODDERO Barolo 2022\"}]},{\"@type\":\"WebSite\",\"@id\":\"https:\\\/\\\/fonsvinum.com\\\/en\\\/#website\",\"url\":\"https:\\\/\\\/fonsvinum.com\\\/en\\\/\",\"name\":\"Fons Vinum\",\"description\":\"Vendita Vino Online\",\"publisher\":{\"@id\":\"https:\\\/\\\/fonsvinum.com\\\/en\\\/#organization\"},\"potentialAction\":[{\"@type\":\"SearchAction\",\"target\":{\"@type\":\"EntryPoint\",\"urlTemplate\":\"https:\\\/\\\/fonsvinum.com\\\/en\\\/?s={search_term_string}\"},\"query-input\":{\"@type\":\"PropertyValueSpecification\",\"valueRequired\":true,\"valueName\":\"search_term_string\"}}],\"inLanguage\":\"de\"},{\"@type\":\"Organization\",\"@id\":\"https:\\\/\\\/fonsvinum.com\\\/en\\\/#organization\",\"name\":\"Fons Vinum\",\"url\":\"https:\\\/\\\/fonsvinum.com\\\/en\\\/\",\"logo\":{\"@type\":\"ImageObject\",\"inLanguage\":\"de\",\"@id\":\"https:\\\/\\\/fonsvinum.com\\\/en\\\/#\\\/schema\\\/logo\\\/image\\\/\",\"url\":\"\",\"contentUrl\":\"\",\"caption\":\"Fons Vinum\"},\"image\":{\"@id\":\"https:\\\/\\\/fonsvinum.com\\\/en\\\/#\\\/schema\\\/logo\\\/image\\\/\"}}]}<\/script>\n<!-- \/ Yoast SEO plugin. -->","yoast_head_json":{"title":"ODDERO Barolo 2022 online kaufen | FonsVinum","description":"Kaufen Sie bei FonsVinum online ODDERO Barolo 2022: mit unverwechselbarem Duft, \u00e4u\u00dferst angenehm, intensiv und \u00e4therisch, sehr persistent.","robots":{"index":"index","follow":"follow","max-snippet":"max-snippet:-1","max-image-preview":"max-image-preview:large","max-video-preview":"max-video-preview:-1"},"canonical":"https:\/\/fonsvinum.com\/de\/produkt\/oddero-barolo-2022\/","og_locale":"de_DE","og_type":"article","og_title":"ODDERO Barolo 2022 online kaufen | FonsVinum","og_description":"Kaufen Sie bei FonsVinum online ODDERO Barolo 2022: mit unverwechselbarem Duft, \u00e4u\u00dferst angenehm, intensiv und \u00e4therisch, sehr persistent.","og_url":"https:\/\/fonsvinum.com\/de\/produkt\/oddero-barolo-2022\/","og_site_name":"Fons Vinum","article_modified_time":"2026-04-22T07:14:09+00:00","og_image":[{"width":200,"height":600,"url":"https:\/\/fonsvinum.com\/files\/2016\/01\/barolo-oddero.png","type":"image\/png"}],"twitter_misc":{"Gesch\u00e4tzte Lesezeit":"3\u00a0Minuten"},"schema":{"@context":"https:\/\/schema.org","@graph":[{"@type":"WebPage","@id":"https:\/\/fonsvinum.com\/de\/produkt\/oddero-barolo-2022\/","url":"https:\/\/fonsvinum.com\/de\/produkt\/oddero-barolo-2022\/","name":"ODDERO Barolo 2022 online kaufen | FonsVinum","isPartOf":{"@id":"https:\/\/fonsvinum.com\/en\/#website"},"primaryImageOfPage":{"@id":"https:\/\/fonsvinum.com\/de\/produkt\/oddero-barolo-2022\/#primaryimage"},"image":{"@id":"https:\/\/fonsvinum.com\/de\/produkt\/oddero-barolo-2022\/#primaryimage"},"thumbnailUrl":"https:\/\/fonsvinum.com\/files\/2016\/01\/barolo-oddero.png","datePublished":"2026-04-22T07:05:55+00:00","dateModified":"2026-04-22T07:14:09+00:00","description":"Kaufen Sie bei FonsVinum online ODDERO Barolo 2022: mit unverwechselbarem Duft, \u00e4u\u00dferst angenehm, intensiv und \u00e4therisch, sehr persistent.","breadcrumb":{"@id":"https:\/\/fonsvinum.com\/de\/produkt\/oddero-barolo-2022\/#breadcrumb"},"inLanguage":"de","potentialAction":[{"@type":"ReadAction","target":["https:\/\/fonsvinum.com\/de\/produkt\/oddero-barolo-2022\/"]}]},{"@type":"ImageObject","inLanguage":"de","@id":"https:\/\/fonsvinum.com\/de\/produkt\/oddero-barolo-2022\/#primaryimage","url":"https:\/\/fonsvinum.com\/files\/2016\/01\/barolo-oddero.png","contentUrl":"https:\/\/fonsvinum.com\/files\/2016\/01\/barolo-oddero.png","width":200,"height":600,"caption":"barolo-oddero"},{"@type":"BreadcrumbList","@id":"https:\/\/fonsvinum.com\/de\/produkt\/oddero-barolo-2022\/#breadcrumb","itemListElement":[{"@type":"ListItem","position":1,"name":"Startseite","item":"https:\/\/fonsvinum.com\/de\/"},{"@type":"ListItem","position":2,"name":"Shop","item":"https:\/\/fonsvinum.com\/de\/shop\/"},{"@type":"ListItem","position":3,"name":"ODDERO Barolo 2022"}]},{"@type":"WebSite","@id":"https:\/\/fonsvinum.com\/en\/#website","url":"https:\/\/fonsvinum.com\/en\/","name":"Fons Vinum","description":"Vendita Vino Online","publisher":{"@id":"https:\/\/fonsvinum.com\/en\/#organization"},"potentialAction":[{"@type":"SearchAction","target":{"@type":"EntryPoint","urlTemplate":"https:\/\/fonsvinum.com\/en\/?s={search_term_string}"},"query-input":{"@type":"PropertyValueSpecification","valueRequired":true,"valueName":"search_term_string"}}],"inLanguage":"de"},{"@type":"Organization","@id":"https:\/\/fonsvinum.com\/en\/#organization","name":"Fons Vinum","url":"https:\/\/fonsvinum.com\/en\/","logo":{"@type":"ImageObject","inLanguage":"de","@id":"https:\/\/fonsvinum.com\/en\/#\/schema\/logo\/image\/","url":"","contentUrl":"","caption":"Fons Vinum"},"image":{"@id":"https:\/\/fonsvinum.com\/en\/#\/schema\/logo\/image\/"}}]}},"acf":[],"_links":{"self":[{"href":"https:\/\/fonsvinum.com\/de\/wp-json\/wp\/v2\/product\/49550","targetHints":{"allow":["GET"]}}],"collection":[{"href":"https:\/\/fonsvinum.com\/de\/wp-json\/wp\/v2\/product"}],"about":[{"href":"https:\/\/fonsvinum.com\/de\/wp-json\/wp\/v2\/types\/product"}],"replies":[{"embeddable":true,"href":"https:\/\/fonsvinum.com\/de\/wp-json\/wp\/v2\/comments?post=49550"}],"wp:featuredmedia":[{"embeddable":true,"href":"https:\/\/fonsvinum.com\/de\/wp-json\/wp\/v2\/media\/7209"}],"wp:attachment":[{"href":"https:\/\/fonsvinum.com\/de\/wp-json\/wp\/v2\/media?parent=49550"}],"wp:term":[{"taxonomy":"product_brand","embeddable":true,"href":"https:\/\/fonsvinum.com\/de\/wp-json\/wp\/v2\/product_brand?post=49550"},{"taxonomy":"product_cat","embeddable":true,"href":"https:\/\/fonsvinum.com\/de\/wp-json\/wp\/v2\/product_cat?post=49550"},{"taxonomy":"product_tag","embeddable":true,"href":"https:\/\/fonsvinum.com\/de\/wp-json\/wp\/v2\/product_tag?post=49550"}],"curies":[{"name":"wp","href":"https:\/\/api.w.org\/{rel}","templated":true}]}}