{"id":49544,"date":"2026-04-22T06:48:00","date_gmt":"2026-04-22T04:48:00","guid":{"rendered":"https:\/\/fonsvinum.com\/?post_type=product&#038;p=49544"},"modified":"2026-04-22T06:52:47","modified_gmt":"2026-04-22T04:52:47","slug":"barbaresco-martinenga-marchesi-di-gresy-2021","status":"publish","type":"product","link":"https:\/\/fonsvinum.com\/de\/produkt\/barbaresco-martinenga-marchesi-di-gresy-2021\/","title":{"rendered":"Barbaresco Martinenga Marchesi di Gresy 2021"},"content":{"rendered":"<h1><a href=\"https:\/\/fonsvinum.com\/de\/produkt-kategorie\/rotweine-de\/barbaresco-de\/\">Barbaresco<\/a> Martinenga Marchesi di <a href=\"https:\/\/fonsvinum.com\/?s=GRESY&amp;post_type=product\">Gresy<\/a> 2021<\/h1>\n<h2>Weinberg Martinenga<\/h2>\n<div class=\"intro_text\">\n<div class=\"italian\">Martinenga ist zweifellos der wichtigste Weinberg. Er ist zudem der Hauptsitz des Weinguts.<br \/>\nEs handelt sich um zw\u00f6lf Hektar, die in einem pr\u00e4chtigen nat\u00fcrlichen Amphitheater angeordnet sind. Dieses ist nach S\u00fcden zu den H\u00fcgeln von Barbaresco und nach Westen zum Fluss Tanaro ausgerichtet. Die perfekte Lage, die mikroklimatische Komplexit\u00e4t und die besondere Bodenbeschaffenheit \u2013 reich an Tuffstein und blauem Mergel der Langhe \u2013 verleihen den hier erzeugten Weinen selbst in schwierigen Jahrg\u00e4ngen eine unvergleichliche Harmonie und Eleganz.<br \/>\nWir befinden uns im Herzen des Barbaresco DOCG-Produktionsgebiets. Martinenga stellt die wichtigste und anerkannteste MeGA (Menzioni Geografiche Aggiuntive) dar.<\/div>\n<\/div>\n<div class=\"info-2 intro_text\">\n<div><\/div>\n<div class=\"italian\"><strong>Ein Weinberg, drei Ausdrucksformen des Barbaresco.<\/strong><\/div>\n<\/div>\n<div class=\"info-2 intro_text\">\n<div class=\"italian\">Das Terroir von Martinenga ist au\u00dferordentlich vielf\u00e4ltig. Dar\u00fcber hinaus besitzt die Rebsorte Nebbiolo die Sensibilit\u00e4t, den Boden, in den sie gepflanzt wird, pr\u00e4zise \u201ezu lesen\u201c. Aus diesem Grund wurden die nat\u00fcrlichen Unterschiede unseres geschwungenen Weinbergs respektiert. So wurden innerhalb des Weinbergs zwei weitere Selektionen identifiziert: Gaiun und Camp Gros, die an den entgegengesetzten Enden des Amphitheaters die h\u00f6chsten Ausdrucksformen von Martinenga hervorbringen.<\/div>\n<\/div>\n<div class=\"info-2 intro_text\">\n<div class=\"italian\">Die gesamte Produktion von Barbaresco Docg, die unter dem Namen \u201eMartinenga\u201c vermarktet wird, befindet sich seit 1797 im exklusiven Besitz der Familie und stellt bis heute das einzige Monopol f\u00fcr die Weinherstellung in der gesamten Zone dar.<\/div>\n<\/div>\n<div class=\"intro_text vini_coltivati\">\n<div class=\"italian\"><strong>Angebaute Sorten:<\/strong> Nebbiolo, Barbera, Cabernet Sauvignon, Chardonnay, Sauvignon Blanc.<\/div>\n<\/div>\n<div class=\"vigneti_map\">\n<div class=\"boxinfo info_8\">\n<div class=\"info\">\n<div class=\"border_wrap\">\n<div class=\"blockinfo\">\n<h2 class=\"italian\">BARBARESCO MARTINENGA<\/h2>\n<div class=\"intro_text\">\n<div class=\"italian\">\n<p>Barbaresco Martinenga <a href=\"https:\/\/www.marchesidigresy.com\/\">Marchesi di Gresy<\/a> 2021. Eigenschaften: Granatrot mit leichten orangefarbenen Reflexen. Bouquet: Intensive und angenehme Noten von Pflaume und Kirsche verschmelzen geschmeidig mit balsamischen Nuancen von Minze, Teebl\u00e4ttern, getrockneten Bl\u00fcten und hellem Pfeifentabak.<\/p>\n<p>Trinkreife: 10\u201315 Jahre.<\/p>\n<\/div>\n<\/div>\n<\/div>\n<\/div>\n<\/div>\n<\/div>\n<\/div>\n<div class=\"intro_text info-2\">\n<div>\n<div class=\"left\">\n<div class=\"italian\">\n<h3 class=\"left\">VINIFIKATION<\/h3>\n<\/div>\n<\/div>\n<\/div>\n<div>\n<div class=\"left\">\n<div class=\"italian\">\n<div class=\"left dettahlio-vino\">\n<p>Rotweinbereitung mit acht- bis zehnt\u00e4giger Maischeg\u00e4rung bei kontrollierter Temperatur und zwanzig- bis drei\u00dfigt\u00e4giger Maceration bei untergetauchtem Tresterhut. Malolaktische G\u00e4rung im Anschluss an die alkoholische G\u00e4rung.<\/p>\n<h3>FARBE<\/h3>\n<p>Brillantes Granatrot mit leichten orangefarbenen Reflexen<\/p>\n<h3>BOUQUET<\/h3>\n<p>Intensive und angenehme Noten von Pflaume und Kirsche verschmelzen harmonisch mit balsamischen Nuancen von Minze, Teebl\u00e4ttern, getrockneten Blumen und hellem Pfeifentabak<\/p>\n<h3>GESCHMACK<\/h3>\n<p>Der Barbaresco Martinenga Marchesi di Gresy 2021 besitzt eine feine und elegante Tanninstruktur, die in konstantem Gleichgewicht mit dem Fruchtfleisch und der mentholartigen Frische des Abgangs steht und dem Wein F\u00fclle und Harmonie verleihen<\/p>\n<h3>REIFUNG<\/h3>\n<p>Zw\u00f6lfmonatiger Ausbau in neuen Barriques sowie in Erst- und Zweitbelegung; anschlie\u00dfend zw\u00f6lf Monate in F\u00e4ssern aus slawonischer Eiche. Zw\u00f6lfmonatige Flaschenreifung vor der Markteinf\u00fchrung.<\/p>\n<h3 class=\"italian\">Gastronomische Kombinationen<\/h3>\n<\/div>\n<div class=\"left\">\n<div class=\"italian\">Idealer Wein zu allen Wildgerichten und rotem Fleisch mit reichhaltigen Saucen. Hervorragend auch zu bedeutenden gereiften K\u00e4sesorten.<\/div>\n<\/div>\n<\/div>\n<\/div>\n<\/div>\n<\/div>\n<p>Es wird empfohlen, den Wein bei einer Temperatur von 18 \u00b0C zu servieren<\/p>\n","protected":false},"excerpt":{"rendered":"<p>Barbaresco Martinenga Marchesi di Gresy 2021 Weinberg Martinenga Martinenga ist zweifellos der wichtigste Weinberg. Er ist zudem der Hauptsitz des Weinguts. Es handelt sich um zw\u00f6lf Hektar, die in einem pr\u00e4chtigen nat\u00fcrlichen Amphitheater angeordnet sind. Dieses ist nach S\u00fcden zu den H\u00fcgeln von Barbaresco und nach Westen zum Fluss Tanaro ausgerichtet. Die perfekte Lage, die [&hellip;]<\/p>\n","protected":false},"featured_media":22764,"comment_status":"open","ping_status":"closed","template":"","meta":{"_acf_changed":false,"_monsterinsights_skip_tracking":false,"_monsterinsights_sitenote_active":false,"_monsterinsights_sitenote_note":"","_monsterinsights_sitenote_category":0},"product_brand":[],"product_cat":[1773],"product_tag":[1751,15895],"class_list":{"0":"post-49544","1":"product","2":"type-product","3":"status-publish","4":"has-post-thumbnail","6":"product_cat-barbaresco-de","7":"product_tag-aussergewoehnliche-weine-aus-italien-de","8":"product_tag-barbaresco-de-2","9":"pa_appellation-barbaresco-docg-de","10":"pa_formato-0-75-l-flasche-de","11":"pa_producer-marchesi-di-gresy-de","12":"pa_region-piemont-de","13":"pa_vine-100-nebbiolo-de","14":"pa_vintage-18393","16":"first","17":"instock","18":"taxable","19":"shipping-taxable","20":"purchasable","21":"product-type-simple"},"bundled_by":[],"bundle_stock_status":"instock","bundle_stock_quantity":6,"bundle_virtual":false,"bundle_layout":"","bundle_add_to_cart_form_location":"","bundle_editable_in_cart":false,"bundle_sold_individually_context":"","bundle_item_grouping":"","bundle_min_size":"","bundle_max_size":"","bundle_price":[],"bundled_items":[],"bundle_sell_ids":[],"yoast_head":"<!-- This site is optimized with the Yoast SEO plugin v27.3 - https:\/\/yoast.com\/product\/yoast-seo-wordpress\/ -->\n<title>Barbaresco Martinenga Marchesi di Gresy 2021 kaufen<\/title>\n<meta name=\"description\" content=\"Kaufen Sie online bei FonsVinum Barbaresco Martinenga Marchesi di Gresy 2021, vollmundig, harmonisch und anhaltend. Empfohlene Serviertemperatur 18 Grad\" \/>\n<meta name=\"robots\" content=\"index, follow, max-snippet:-1, max-image-preview:large, max-video-preview:-1\" \/>\n<link rel=\"canonical\" href=\"https:\/\/fonsvinum.com\/de\/produkt\/barbaresco-martinenga-marchesi-di-gresy-2021\/\" \/>\n<meta property=\"og:locale\" content=\"de_DE\" \/>\n<meta property=\"og:type\" content=\"article\" \/>\n<meta property=\"og:title\" content=\"Barbaresco Martinenga Marchesi di Gresy 2021 kaufen\" \/>\n<meta property=\"og:description\" content=\"Kaufen Sie online bei FonsVinum Barbaresco Martinenga Marchesi di Gresy 2021, vollmundig, harmonisch und anhaltend. Empfohlene Serviertemperatur 18 Grad\" \/>\n<meta property=\"og:url\" content=\"https:\/\/fonsvinum.com\/de\/produkt\/barbaresco-martinenga-marchesi-di-gresy-2021\/\" \/>\n<meta property=\"og:site_name\" content=\"Fons Vinum\" \/>\n<meta property=\"article:modified_time\" content=\"2026-04-22T04:52:47+00:00\" \/>\n<meta property=\"og:image\" content=\"https:\/\/fonsvinum.com\/files\/2020\/03\/barbaresco-martinenga-marchesi-di-gresy.jpg\" \/>\n\t<meta property=\"og:image:width\" content=\"200\" \/>\n\t<meta property=\"og:image:height\" content=\"600\" \/>\n\t<meta property=\"og:image:type\" content=\"image\/jpeg\" \/>\n<meta name=\"twitter:label1\" content=\"Gesch\u00e4tzte Lesezeit\" \/>\n\t<meta name=\"twitter:data1\" content=\"3\u00a0Minuten\" \/>\n<script type=\"application\/ld+json\" class=\"yoast-schema-graph\">{\"@context\":\"https:\\\/\\\/schema.org\",\"@graph\":[{\"@type\":\"WebPage\",\"@id\":\"https:\\\/\\\/fonsvinum.com\\\/de\\\/produkt\\\/barbaresco-martinenga-marchesi-di-gresy-2021\\\/\",\"url\":\"https:\\\/\\\/fonsvinum.com\\\/de\\\/produkt\\\/barbaresco-martinenga-marchesi-di-gresy-2021\\\/\",\"name\":\"Barbaresco Martinenga Marchesi di Gresy 2021 kaufen\",\"isPartOf\":{\"@id\":\"https:\\\/\\\/fonsvinum.com\\\/en\\\/#website\"},\"primaryImageOfPage\":{\"@id\":\"https:\\\/\\\/fonsvinum.com\\\/de\\\/produkt\\\/barbaresco-martinenga-marchesi-di-gresy-2021\\\/#primaryimage\"},\"image\":{\"@id\":\"https:\\\/\\\/fonsvinum.com\\\/de\\\/produkt\\\/barbaresco-martinenga-marchesi-di-gresy-2021\\\/#primaryimage\"},\"thumbnailUrl\":\"https:\\\/\\\/fonsvinum.com\\\/files\\\/2020\\\/03\\\/barbaresco-martinenga-marchesi-di-gresy.jpg\",\"datePublished\":\"2026-04-22T04:48:00+00:00\",\"dateModified\":\"2026-04-22T04:52:47+00:00\",\"description\":\"Kaufen Sie online bei FonsVinum Barbaresco Martinenga Marchesi di Gresy 2021, vollmundig, harmonisch und anhaltend. Empfohlene Serviertemperatur 18 Grad\",\"breadcrumb\":{\"@id\":\"https:\\\/\\\/fonsvinum.com\\\/de\\\/produkt\\\/barbaresco-martinenga-marchesi-di-gresy-2021\\\/#breadcrumb\"},\"inLanguage\":\"de\",\"potentialAction\":[{\"@type\":\"ReadAction\",\"target\":[\"https:\\\/\\\/fonsvinum.com\\\/de\\\/produkt\\\/barbaresco-martinenga-marchesi-di-gresy-2021\\\/\"]}]},{\"@type\":\"ImageObject\",\"inLanguage\":\"de\",\"@id\":\"https:\\\/\\\/fonsvinum.com\\\/de\\\/produkt\\\/barbaresco-martinenga-marchesi-di-gresy-2021\\\/#primaryimage\",\"url\":\"https:\\\/\\\/fonsvinum.com\\\/files\\\/2020\\\/03\\\/barbaresco-martinenga-marchesi-di-gresy.jpg\",\"contentUrl\":\"https:\\\/\\\/fonsvinum.com\\\/files\\\/2020\\\/03\\\/barbaresco-martinenga-marchesi-di-gresy.jpg\",\"width\":200,\"height\":600},{\"@type\":\"BreadcrumbList\",\"@id\":\"https:\\\/\\\/fonsvinum.com\\\/de\\\/produkt\\\/barbaresco-martinenga-marchesi-di-gresy-2021\\\/#breadcrumb\",\"itemListElement\":[{\"@type\":\"ListItem\",\"position\":1,\"name\":\"Startseite\",\"item\":\"https:\\\/\\\/fonsvinum.com\\\/de\\\/\"},{\"@type\":\"ListItem\",\"position\":2,\"name\":\"Shop\",\"item\":\"https:\\\/\\\/fonsvinum.com\\\/de\\\/shop\\\/\"},{\"@type\":\"ListItem\",\"position\":3,\"name\":\"Barbaresco Martinenga Marchesi di Gresy 2021\"}]},{\"@type\":\"WebSite\",\"@id\":\"https:\\\/\\\/fonsvinum.com\\\/en\\\/#website\",\"url\":\"https:\\\/\\\/fonsvinum.com\\\/en\\\/\",\"name\":\"Fons Vinum\",\"description\":\"Vendita Vino Online\",\"publisher\":{\"@id\":\"https:\\\/\\\/fonsvinum.com\\\/en\\\/#organization\"},\"potentialAction\":[{\"@type\":\"SearchAction\",\"target\":{\"@type\":\"EntryPoint\",\"urlTemplate\":\"https:\\\/\\\/fonsvinum.com\\\/en\\\/?s={search_term_string}\"},\"query-input\":{\"@type\":\"PropertyValueSpecification\",\"valueRequired\":true,\"valueName\":\"search_term_string\"}}],\"inLanguage\":\"de\"},{\"@type\":\"Organization\",\"@id\":\"https:\\\/\\\/fonsvinum.com\\\/en\\\/#organization\",\"name\":\"Fons Vinum\",\"url\":\"https:\\\/\\\/fonsvinum.com\\\/en\\\/\",\"logo\":{\"@type\":\"ImageObject\",\"inLanguage\":\"de\",\"@id\":\"https:\\\/\\\/fonsvinum.com\\\/en\\\/#\\\/schema\\\/logo\\\/image\\\/\",\"url\":\"\",\"contentUrl\":\"\",\"caption\":\"Fons Vinum\"},\"image\":{\"@id\":\"https:\\\/\\\/fonsvinum.com\\\/en\\\/#\\\/schema\\\/logo\\\/image\\\/\"}}]}<\/script>\n<!-- \/ Yoast SEO plugin. -->","yoast_head_json":{"title":"Barbaresco Martinenga Marchesi di Gresy 2021 kaufen","description":"Kaufen Sie online bei FonsVinum Barbaresco Martinenga Marchesi di Gresy 2021, vollmundig, harmonisch und anhaltend. Empfohlene Serviertemperatur 18 Grad","robots":{"index":"index","follow":"follow","max-snippet":"max-snippet:-1","max-image-preview":"max-image-preview:large","max-video-preview":"max-video-preview:-1"},"canonical":"https:\/\/fonsvinum.com\/de\/produkt\/barbaresco-martinenga-marchesi-di-gresy-2021\/","og_locale":"de_DE","og_type":"article","og_title":"Barbaresco Martinenga Marchesi di Gresy 2021 kaufen","og_description":"Kaufen Sie online bei FonsVinum Barbaresco Martinenga Marchesi di Gresy 2021, vollmundig, harmonisch und anhaltend. Empfohlene Serviertemperatur 18 Grad","og_url":"https:\/\/fonsvinum.com\/de\/produkt\/barbaresco-martinenga-marchesi-di-gresy-2021\/","og_site_name":"Fons Vinum","article_modified_time":"2026-04-22T04:52:47+00:00","og_image":[{"width":200,"height":600,"url":"https:\/\/fonsvinum.com\/files\/2020\/03\/barbaresco-martinenga-marchesi-di-gresy.jpg","type":"image\/jpeg"}],"twitter_misc":{"Gesch\u00e4tzte Lesezeit":"3\u00a0Minuten"},"schema":{"@context":"https:\/\/schema.org","@graph":[{"@type":"WebPage","@id":"https:\/\/fonsvinum.com\/de\/produkt\/barbaresco-martinenga-marchesi-di-gresy-2021\/","url":"https:\/\/fonsvinum.com\/de\/produkt\/barbaresco-martinenga-marchesi-di-gresy-2021\/","name":"Barbaresco Martinenga Marchesi di Gresy 2021 kaufen","isPartOf":{"@id":"https:\/\/fonsvinum.com\/en\/#website"},"primaryImageOfPage":{"@id":"https:\/\/fonsvinum.com\/de\/produkt\/barbaresco-martinenga-marchesi-di-gresy-2021\/#primaryimage"},"image":{"@id":"https:\/\/fonsvinum.com\/de\/produkt\/barbaresco-martinenga-marchesi-di-gresy-2021\/#primaryimage"},"thumbnailUrl":"https:\/\/fonsvinum.com\/files\/2020\/03\/barbaresco-martinenga-marchesi-di-gresy.jpg","datePublished":"2026-04-22T04:48:00+00:00","dateModified":"2026-04-22T04:52:47+00:00","description":"Kaufen Sie online bei FonsVinum Barbaresco Martinenga Marchesi di Gresy 2021, vollmundig, harmonisch und anhaltend. Empfohlene Serviertemperatur 18 Grad","breadcrumb":{"@id":"https:\/\/fonsvinum.com\/de\/produkt\/barbaresco-martinenga-marchesi-di-gresy-2021\/#breadcrumb"},"inLanguage":"de","potentialAction":[{"@type":"ReadAction","target":["https:\/\/fonsvinum.com\/de\/produkt\/barbaresco-martinenga-marchesi-di-gresy-2021\/"]}]},{"@type":"ImageObject","inLanguage":"de","@id":"https:\/\/fonsvinum.com\/de\/produkt\/barbaresco-martinenga-marchesi-di-gresy-2021\/#primaryimage","url":"https:\/\/fonsvinum.com\/files\/2020\/03\/barbaresco-martinenga-marchesi-di-gresy.jpg","contentUrl":"https:\/\/fonsvinum.com\/files\/2020\/03\/barbaresco-martinenga-marchesi-di-gresy.jpg","width":200,"height":600},{"@type":"BreadcrumbList","@id":"https:\/\/fonsvinum.com\/de\/produkt\/barbaresco-martinenga-marchesi-di-gresy-2021\/#breadcrumb","itemListElement":[{"@type":"ListItem","position":1,"name":"Startseite","item":"https:\/\/fonsvinum.com\/de\/"},{"@type":"ListItem","position":2,"name":"Shop","item":"https:\/\/fonsvinum.com\/de\/shop\/"},{"@type":"ListItem","position":3,"name":"Barbaresco Martinenga Marchesi di Gresy 2021"}]},{"@type":"WebSite","@id":"https:\/\/fonsvinum.com\/en\/#website","url":"https:\/\/fonsvinum.com\/en\/","name":"Fons Vinum","description":"Vendita Vino Online","publisher":{"@id":"https:\/\/fonsvinum.com\/en\/#organization"},"potentialAction":[{"@type":"SearchAction","target":{"@type":"EntryPoint","urlTemplate":"https:\/\/fonsvinum.com\/en\/?s={search_term_string}"},"query-input":{"@type":"PropertyValueSpecification","valueRequired":true,"valueName":"search_term_string"}}],"inLanguage":"de"},{"@type":"Organization","@id":"https:\/\/fonsvinum.com\/en\/#organization","name":"Fons Vinum","url":"https:\/\/fonsvinum.com\/en\/","logo":{"@type":"ImageObject","inLanguage":"de","@id":"https:\/\/fonsvinum.com\/en\/#\/schema\/logo\/image\/","url":"","contentUrl":"","caption":"Fons Vinum"},"image":{"@id":"https:\/\/fonsvinum.com\/en\/#\/schema\/logo\/image\/"}}]}},"acf":[],"_links":{"self":[{"href":"https:\/\/fonsvinum.com\/de\/wp-json\/wp\/v2\/product\/49544","targetHints":{"allow":["GET"]}}],"collection":[{"href":"https:\/\/fonsvinum.com\/de\/wp-json\/wp\/v2\/product"}],"about":[{"href":"https:\/\/fonsvinum.com\/de\/wp-json\/wp\/v2\/types\/product"}],"replies":[{"embeddable":true,"href":"https:\/\/fonsvinum.com\/de\/wp-json\/wp\/v2\/comments?post=49544"}],"wp:featuredmedia":[{"embeddable":true,"href":"https:\/\/fonsvinum.com\/de\/wp-json\/wp\/v2\/media\/22764"}],"wp:attachment":[{"href":"https:\/\/fonsvinum.com\/de\/wp-json\/wp\/v2\/media?parent=49544"}],"wp:term":[{"taxonomy":"product_brand","embeddable":true,"href":"https:\/\/fonsvinum.com\/de\/wp-json\/wp\/v2\/product_brand?post=49544"},{"taxonomy":"product_cat","embeddable":true,"href":"https:\/\/fonsvinum.com\/de\/wp-json\/wp\/v2\/product_cat?post=49544"},{"taxonomy":"product_tag","embeddable":true,"href":"https:\/\/fonsvinum.com\/de\/wp-json\/wp\/v2\/product_tag?post=49544"}],"curies":[{"name":"wp","href":"https:\/\/api.w.org\/{rel}","templated":true}]}}