{"id":49532,"date":"2026-04-21T11:53:13","date_gmt":"2026-04-21T09:53:13","guid":{"rendered":"https:\/\/fonsvinum.com\/?post_type=product&#038;p=49532"},"modified":"2026-04-21T20:25:38","modified_gmt":"2026-04-21T18:25:38","slug":"zenato-amarone-classico-riserva-2019","status":"publish","type":"product","link":"https:\/\/fonsvinum.com\/de\/produkt\/zenato-amarone-classico-riserva-2019\/","title":{"rendered":"ZENATO Amarone Classico Riserva 2019"},"content":{"rendered":"<h2><a href=\"https:\/\/www.zenato.it\/en\/\">ZENATO<\/a> <a href=\"https:\/\/fonsvinum.com\/de\/produkt-kategorie\/rotweine-de\/amarone-de\/\">Amarone<\/a> Classico Riserva 2019<\/h2>\n<p>ZENATO Amarone Classico Riserva 2019<\/p>\n<h2><a href=\"https:\/\/fonsvinum.com\/de\/attributes\/producer\/zenato-de\/\">SERGIO ZENATO<\/a><\/h2>\n<p>Das Weingut Zenato stellt <strong>eine bedeutende Gr\u00f6\u00dfe in der Region des Gardasees und der Valpolicella<\/strong> dar: 70 Hektar in den besten Weinlagen Venetiens erm\u00f6glichen es Zenato, Flaschen von einzigartiger Qualit\u00e4t zu produzieren. Dieser pr\u00e4chtige Betrieb entstand 1960 aus der Leidenschaft und dem Unternehmergeist von Sergio Zenato und wird heute mit einem starken Sinn f\u00fcr famili\u00e4re Kontinuit\u00e4t und territoriale Verbundenheit von seinen Kindern Alberto und Nadio, unterst\u00fctzt von ihrer Mutter Carla, gef\u00fchrt. <\/p>\n<p>Die Mission des Weinguts Zenato war schon immer die <strong>Erzeugung von<\/strong> <strong>hochwertigen Weinen<\/strong>, die durch die Aufwertung einheimischer Rebsorten, den Respekt vor Traditionen und den Einsatz moderner Weinbautechniken erreicht wird. Der Besitz des Weinguts sowie die Produktion verteilen sich gleicherma\u00dfen auf das antike Mor\u00e4nenland von Lugana und die Valpolicella, wo die Familie Zenato der Vereinigung \u201eFamiglie dell&#8217;Amarone d&#8217;Arte\u201c beigetreten ist. Der Keller in Peschiera del Garda beherbergt \u00fcber tausend Barriques und Dutzende von gro\u00dfen Eichenf\u00e4ssern.  <\/p>\n<p>Der Erfolg und das Ansehen, das der Name Zenato in Italien und weltweit genie\u00dft, best\u00e4tigen, dass die Familie stets den richtigen Weg eingeschlagen hat, indem sie <strong>auf die<\/strong> <strong>Territorialit\u00e4t und einen modernen, eleganten Stil setzte<\/strong>. Heute kann Zenato auf ein sehr breites Weinsortiment blicken, aus dem der Amarone Classico und der Amarone Riserva \u201eSergio Zenato\u201c hervorstechen \u2013 ein Wein, der ein majest\u00e4tisches und prachtvolles Denkmal f\u00fcr den Gr\u00fcnder ist. <\/p>\n<h2><a href=\"https:\/\/fonsvinum.com\/de\/attributes\/producer\/zenato-de\/\">AMARONE<\/a> CLASSICO RISERVA ZENATO<\/h2>\n<p>Ein erstklassiger Wein, der nur in exzellenten Jahrg\u00e4ngen erzeugt wird. Die Corvina- und Rondinella-Trauben werden in den \u00e4ltesten Weinbergen der klassischen Valpolicella-Zone in der Gemeinde Sant\u2019Ambrogio ausgew\u00e4hlt. <\/p>\n<p>Auf die Vinifizierungstechnik des Amarone Zenato folgt ein langer Ausbau von mindestens 4 Jahren in F\u00e4ssern aus slawonischer Eiche.<\/p>\n<p>Er verk\u00f6rpert die absolute Identit\u00e4t, mit der sich die Erfahrung und Tradition von Zenato weltweit misst.<br \/>\nAufgrund seines besonderen Wertes kann er auch nach \u00fcber 20 Jahren noch genossen werden.<\/p>\n<p>Der Amarone Classico Riserva \u201eSergio Zenato\u201c ist das Aush\u00e4ngeschild des Weinguts Zenato; eines der solidesten und am meisten gesch\u00e4tzten italienischen Weinbauunternehmen, eine internationale Institution und der Stolz Venetiens. Die Bedeutung dieser Flasche innerhalb des preisgekr\u00f6nten Sortiments der Kellerei wird durch den Namen \u201eSergio Zenato\u201c unterstrichen, dem k\u00fcrzlich verstorbenen Gr\u00fcnder und Stammvater. <\/p>\n<h3>Verkostungsnotizen<\/h3>\n<div class=\"prodotto__descrizione__content__attributi\">\n<ul>\n<li><span class=\"prodotto__descrizione__content__attributi__title\"><strong>Farbe:<\/strong> <\/span><span class=\"prodotto__descrizione__content__attributi__text\">Tiefes Rubinrot, zu Granatrot neigend<\/span><\/li>\n<li><span class=\"prodotto__descrizione__content__attributi__title\"><strong>Bouquet:<\/strong> <\/span><span class=\"prodotto__descrizione__content__attributi__text\">Intensive Noten von Waldfr\u00fcchten mit einem w\u00fcrzigen Abgang<\/span><\/li>\n<li><span class=\"prodotto__descrizione__content__attributi__title\"><strong>Geschmack:<\/strong> <\/span><span class=\"prodotto__descrizione__content__attributi__text\">Warm, reichhaltig und intensiv, elegant, von au\u00dfergew\u00f6hnlicher Intensit\u00e4t und langem Nachhall<\/span><\/li>\n<\/ul>\n<p>&nbsp;<\/p>\n<\/div>\n","protected":false},"excerpt":{"rendered":"<p>ZENATO Amarone Classico Riserva 2019 ZENATO Amarone Classico Riserva 2019 SERGIO ZENATO Das Weingut Zenato stellt eine bedeutende Gr\u00f6\u00dfe in der Region des Gardasees und der Valpolicella dar: 70 Hektar in den besten Weinlagen Venetiens erm\u00f6glichen es Zenato, Flaschen von einzigartiger Qualit\u00e4t zu produzieren. Dieser pr\u00e4chtige Betrieb entstand 1960 aus der Leidenschaft und dem Unternehmergeist [&hellip;]<\/p>\n","protected":false},"featured_media":35252,"comment_status":"open","ping_status":"closed","template":"","meta":{"_acf_changed":false,"_monsterinsights_skip_tracking":false,"_monsterinsights_sitenote_active":false,"_monsterinsights_sitenote_note":"","_monsterinsights_sitenote_category":0},"product_brand":[],"product_cat":[2336],"product_tag":[15861,15959],"class_list":{"0":"post-49532","1":"product","2":"type-product","3":"status-publish","4":"has-post-thumbnail","6":"product_cat-amarone-de","7":"product_tag-amarone-de","8":"product_tag-vino-rosso-de","9":"pa_appellation-amarone-classico-riserva","10":"pa_formato-0-75-l-flasche-de","11":"pa_producer-zenato-de","12":"pa_region-venetien-de","13":"pa_vine-80-corvina-10-rondinella-10-oseleta-de","14":"pa_vintage-2019-de","16":"first","17":"instock","18":"sale","19":"taxable","20":"shipping-taxable","21":"purchasable","22":"product-type-simple"},"bundled_by":[],"bundle_stock_status":"instock","bundle_stock_quantity":5,"bundle_virtual":false,"bundle_layout":"","bundle_add_to_cart_form_location":"","bundle_editable_in_cart":false,"bundle_sold_individually_context":"","bundle_item_grouping":"","bundle_min_size":"","bundle_max_size":"","bundle_price":[],"bundled_items":[],"bundle_sell_ids":[],"yoast_head":"<!-- This site is optimized with the Yoast SEO plugin v27.3 - https:\/\/yoast.com\/product\/yoast-seo-wordpress\/ -->\n<title>Kaufen Sie ZENATO Amarone Classico Riserva 2019 bei FonsVinum<\/title>\n<meta name=\"description\" content=\"Kaufen Sie ZENATO Amarone Classico Riserva 2019 online bei FonsVinum \u2013 Ein kr\u00e4ftiger Rotwein mit elegantem Geschmack und au\u00dfergew\u00f6hnlicher Intensit\u00e4t.\" \/>\n<meta name=\"robots\" content=\"index, follow, max-snippet:-1, max-image-preview:large, max-video-preview:-1\" \/>\n<link rel=\"canonical\" href=\"https:\/\/fonsvinum.com\/de\/produkt\/zenato-amarone-classico-riserva-2019\/\" \/>\n<meta property=\"og:locale\" content=\"de_DE\" \/>\n<meta property=\"og:type\" content=\"article\" \/>\n<meta property=\"og:title\" content=\"Kaufen Sie ZENATO Amarone Classico Riserva 2019 bei FonsVinum\" \/>\n<meta property=\"og:description\" content=\"Kaufen Sie ZENATO Amarone Classico Riserva 2019 online bei FonsVinum \u2013 Ein kr\u00e4ftiger Rotwein mit elegantem Geschmack und au\u00dfergew\u00f6hnlicher Intensit\u00e4t.\" \/>\n<meta property=\"og:url\" content=\"https:\/\/fonsvinum.com\/de\/produkt\/zenato-amarone-classico-riserva-2019\/\" \/>\n<meta property=\"og:site_name\" content=\"Fons Vinum\" \/>\n<meta property=\"article:modified_time\" content=\"2026-04-21T18:25:38+00:00\" \/>\n<meta property=\"og:image\" content=\"https:\/\/fonsvinum.com\/files\/2021\/10\/sergio-zenato-amarone-riserva.jpg\" \/>\n\t<meta property=\"og:image:width\" content=\"200\" \/>\n\t<meta property=\"og:image:height\" content=\"600\" \/>\n\t<meta property=\"og:image:type\" content=\"image\/jpeg\" \/>\n<meta name=\"twitter:label1\" content=\"Gesch\u00e4tzte Lesezeit\" \/>\n\t<meta name=\"twitter:data1\" content=\"3\u00a0Minuten\" \/>\n<script type=\"application\/ld+json\" class=\"yoast-schema-graph\">{\"@context\":\"https:\\\/\\\/schema.org\",\"@graph\":[{\"@type\":\"WebPage\",\"@id\":\"https:\\\/\\\/fonsvinum.com\\\/de\\\/produkt\\\/zenato-amarone-classico-riserva-2019\\\/\",\"url\":\"https:\\\/\\\/fonsvinum.com\\\/de\\\/produkt\\\/zenato-amarone-classico-riserva-2019\\\/\",\"name\":\"Kaufen Sie ZENATO Amarone Classico Riserva 2019 bei FonsVinum\",\"isPartOf\":{\"@id\":\"https:\\\/\\\/fonsvinum.com\\\/en\\\/#website\"},\"primaryImageOfPage\":{\"@id\":\"https:\\\/\\\/fonsvinum.com\\\/de\\\/produkt\\\/zenato-amarone-classico-riserva-2019\\\/#primaryimage\"},\"image\":{\"@id\":\"https:\\\/\\\/fonsvinum.com\\\/de\\\/produkt\\\/zenato-amarone-classico-riserva-2019\\\/#primaryimage\"},\"thumbnailUrl\":\"https:\\\/\\\/fonsvinum.com\\\/files\\\/2021\\\/10\\\/sergio-zenato-amarone-riserva.jpg\",\"datePublished\":\"2026-04-21T09:53:13+00:00\",\"dateModified\":\"2026-04-21T18:25:38+00:00\",\"description\":\"Kaufen Sie ZENATO Amarone Classico Riserva 2019 online bei FonsVinum \u2013 Ein kr\u00e4ftiger Rotwein mit elegantem Geschmack und au\u00dfergew\u00f6hnlicher Intensit\u00e4t.\",\"breadcrumb\":{\"@id\":\"https:\\\/\\\/fonsvinum.com\\\/de\\\/produkt\\\/zenato-amarone-classico-riserva-2019\\\/#breadcrumb\"},\"inLanguage\":\"de\",\"potentialAction\":[{\"@type\":\"ReadAction\",\"target\":[\"https:\\\/\\\/fonsvinum.com\\\/de\\\/produkt\\\/zenato-amarone-classico-riserva-2019\\\/\"]}]},{\"@type\":\"ImageObject\",\"inLanguage\":\"de\",\"@id\":\"https:\\\/\\\/fonsvinum.com\\\/de\\\/produkt\\\/zenato-amarone-classico-riserva-2019\\\/#primaryimage\",\"url\":\"https:\\\/\\\/fonsvinum.com\\\/files\\\/2021\\\/10\\\/sergio-zenato-amarone-riserva.jpg\",\"contentUrl\":\"https:\\\/\\\/fonsvinum.com\\\/files\\\/2021\\\/10\\\/sergio-zenato-amarone-riserva.jpg\",\"width\":200,\"height\":600},{\"@type\":\"BreadcrumbList\",\"@id\":\"https:\\\/\\\/fonsvinum.com\\\/de\\\/produkt\\\/zenato-amarone-classico-riserva-2019\\\/#breadcrumb\",\"itemListElement\":[{\"@type\":\"ListItem\",\"position\":1,\"name\":\"Startseite\",\"item\":\"https:\\\/\\\/fonsvinum.com\\\/de\\\/\"},{\"@type\":\"ListItem\",\"position\":2,\"name\":\"Shop\",\"item\":\"https:\\\/\\\/fonsvinum.com\\\/de\\\/shop\\\/\"},{\"@type\":\"ListItem\",\"position\":3,\"name\":\"ZENATO Amarone Classico Riserva 2019\"}]},{\"@type\":\"WebSite\",\"@id\":\"https:\\\/\\\/fonsvinum.com\\\/en\\\/#website\",\"url\":\"https:\\\/\\\/fonsvinum.com\\\/en\\\/\",\"name\":\"Fons Vinum\",\"description\":\"Vendita Vino Online\",\"publisher\":{\"@id\":\"https:\\\/\\\/fonsvinum.com\\\/en\\\/#organization\"},\"potentialAction\":[{\"@type\":\"SearchAction\",\"target\":{\"@type\":\"EntryPoint\",\"urlTemplate\":\"https:\\\/\\\/fonsvinum.com\\\/en\\\/?s={search_term_string}\"},\"query-input\":{\"@type\":\"PropertyValueSpecification\",\"valueRequired\":true,\"valueName\":\"search_term_string\"}}],\"inLanguage\":\"de\"},{\"@type\":\"Organization\",\"@id\":\"https:\\\/\\\/fonsvinum.com\\\/en\\\/#organization\",\"name\":\"Fons Vinum\",\"url\":\"https:\\\/\\\/fonsvinum.com\\\/en\\\/\",\"logo\":{\"@type\":\"ImageObject\",\"inLanguage\":\"de\",\"@id\":\"https:\\\/\\\/fonsvinum.com\\\/en\\\/#\\\/schema\\\/logo\\\/image\\\/\",\"url\":\"\",\"contentUrl\":\"\",\"caption\":\"Fons Vinum\"},\"image\":{\"@id\":\"https:\\\/\\\/fonsvinum.com\\\/en\\\/#\\\/schema\\\/logo\\\/image\\\/\"}}]}<\/script>\n<!-- \/ Yoast SEO plugin. -->","yoast_head_json":{"title":"Kaufen Sie ZENATO Amarone Classico Riserva 2019 bei FonsVinum","description":"Kaufen Sie ZENATO Amarone Classico Riserva 2019 online bei FonsVinum \u2013 Ein kr\u00e4ftiger Rotwein mit elegantem Geschmack und au\u00dfergew\u00f6hnlicher Intensit\u00e4t.","robots":{"index":"index","follow":"follow","max-snippet":"max-snippet:-1","max-image-preview":"max-image-preview:large","max-video-preview":"max-video-preview:-1"},"canonical":"https:\/\/fonsvinum.com\/de\/produkt\/zenato-amarone-classico-riserva-2019\/","og_locale":"de_DE","og_type":"article","og_title":"Kaufen Sie ZENATO Amarone Classico Riserva 2019 bei FonsVinum","og_description":"Kaufen Sie ZENATO Amarone Classico Riserva 2019 online bei FonsVinum \u2013 Ein kr\u00e4ftiger Rotwein mit elegantem Geschmack und au\u00dfergew\u00f6hnlicher Intensit\u00e4t.","og_url":"https:\/\/fonsvinum.com\/de\/produkt\/zenato-amarone-classico-riserva-2019\/","og_site_name":"Fons Vinum","article_modified_time":"2026-04-21T18:25:38+00:00","og_image":[{"width":200,"height":600,"url":"https:\/\/fonsvinum.com\/files\/2021\/10\/sergio-zenato-amarone-riserva.jpg","type":"image\/jpeg"}],"twitter_misc":{"Gesch\u00e4tzte Lesezeit":"3\u00a0Minuten"},"schema":{"@context":"https:\/\/schema.org","@graph":[{"@type":"WebPage","@id":"https:\/\/fonsvinum.com\/de\/produkt\/zenato-amarone-classico-riserva-2019\/","url":"https:\/\/fonsvinum.com\/de\/produkt\/zenato-amarone-classico-riserva-2019\/","name":"Kaufen Sie ZENATO Amarone Classico Riserva 2019 bei FonsVinum","isPartOf":{"@id":"https:\/\/fonsvinum.com\/en\/#website"},"primaryImageOfPage":{"@id":"https:\/\/fonsvinum.com\/de\/produkt\/zenato-amarone-classico-riserva-2019\/#primaryimage"},"image":{"@id":"https:\/\/fonsvinum.com\/de\/produkt\/zenato-amarone-classico-riserva-2019\/#primaryimage"},"thumbnailUrl":"https:\/\/fonsvinum.com\/files\/2021\/10\/sergio-zenato-amarone-riserva.jpg","datePublished":"2026-04-21T09:53:13+00:00","dateModified":"2026-04-21T18:25:38+00:00","description":"Kaufen Sie ZENATO Amarone Classico Riserva 2019 online bei FonsVinum \u2013 Ein kr\u00e4ftiger Rotwein mit elegantem Geschmack und au\u00dfergew\u00f6hnlicher Intensit\u00e4t.","breadcrumb":{"@id":"https:\/\/fonsvinum.com\/de\/produkt\/zenato-amarone-classico-riserva-2019\/#breadcrumb"},"inLanguage":"de","potentialAction":[{"@type":"ReadAction","target":["https:\/\/fonsvinum.com\/de\/produkt\/zenato-amarone-classico-riserva-2019\/"]}]},{"@type":"ImageObject","inLanguage":"de","@id":"https:\/\/fonsvinum.com\/de\/produkt\/zenato-amarone-classico-riserva-2019\/#primaryimage","url":"https:\/\/fonsvinum.com\/files\/2021\/10\/sergio-zenato-amarone-riserva.jpg","contentUrl":"https:\/\/fonsvinum.com\/files\/2021\/10\/sergio-zenato-amarone-riserva.jpg","width":200,"height":600},{"@type":"BreadcrumbList","@id":"https:\/\/fonsvinum.com\/de\/produkt\/zenato-amarone-classico-riserva-2019\/#breadcrumb","itemListElement":[{"@type":"ListItem","position":1,"name":"Startseite","item":"https:\/\/fonsvinum.com\/de\/"},{"@type":"ListItem","position":2,"name":"Shop","item":"https:\/\/fonsvinum.com\/de\/shop\/"},{"@type":"ListItem","position":3,"name":"ZENATO Amarone Classico Riserva 2019"}]},{"@type":"WebSite","@id":"https:\/\/fonsvinum.com\/en\/#website","url":"https:\/\/fonsvinum.com\/en\/","name":"Fons Vinum","description":"Vendita Vino Online","publisher":{"@id":"https:\/\/fonsvinum.com\/en\/#organization"},"potentialAction":[{"@type":"SearchAction","target":{"@type":"EntryPoint","urlTemplate":"https:\/\/fonsvinum.com\/en\/?s={search_term_string}"},"query-input":{"@type":"PropertyValueSpecification","valueRequired":true,"valueName":"search_term_string"}}],"inLanguage":"de"},{"@type":"Organization","@id":"https:\/\/fonsvinum.com\/en\/#organization","name":"Fons Vinum","url":"https:\/\/fonsvinum.com\/en\/","logo":{"@type":"ImageObject","inLanguage":"de","@id":"https:\/\/fonsvinum.com\/en\/#\/schema\/logo\/image\/","url":"","contentUrl":"","caption":"Fons Vinum"},"image":{"@id":"https:\/\/fonsvinum.com\/en\/#\/schema\/logo\/image\/"}}]}},"acf":[],"_links":{"self":[{"href":"https:\/\/fonsvinum.com\/de\/wp-json\/wp\/v2\/product\/49532","targetHints":{"allow":["GET"]}}],"collection":[{"href":"https:\/\/fonsvinum.com\/de\/wp-json\/wp\/v2\/product"}],"about":[{"href":"https:\/\/fonsvinum.com\/de\/wp-json\/wp\/v2\/types\/product"}],"replies":[{"embeddable":true,"href":"https:\/\/fonsvinum.com\/de\/wp-json\/wp\/v2\/comments?post=49532"}],"wp:featuredmedia":[{"embeddable":true,"href":"https:\/\/fonsvinum.com\/de\/wp-json\/wp\/v2\/media\/35252"}],"wp:attachment":[{"href":"https:\/\/fonsvinum.com\/de\/wp-json\/wp\/v2\/media?parent=49532"}],"wp:term":[{"taxonomy":"product_brand","embeddable":true,"href":"https:\/\/fonsvinum.com\/de\/wp-json\/wp\/v2\/product_brand?post=49532"},{"taxonomy":"product_cat","embeddable":true,"href":"https:\/\/fonsvinum.com\/de\/wp-json\/wp\/v2\/product_cat?post=49532"},{"taxonomy":"product_tag","embeddable":true,"href":"https:\/\/fonsvinum.com\/de\/wp-json\/wp\/v2\/product_tag?post=49532"}],"curies":[{"name":"wp","href":"https:\/\/api.w.org\/{rel}","templated":true}]}}