{"id":49526,"date":"2026-04-20T15:58:39","date_gmt":"2026-04-20T13:58:39","guid":{"rendered":"https:\/\/fonsvinum.com\/?post_type=product&#038;p=49526"},"modified":"2026-04-20T16:09:57","modified_gmt":"2026-04-20T14:09:57","slug":"sottimano-basarin-barbaresco-2023","status":"publish","type":"product","link":"https:\/\/fonsvinum.com\/de\/produkt\/sottimano-basarin-barbaresco-2023\/","title":{"rendered":"SOTTIMANO Basarin Barbaresco 2023"},"content":{"rendered":"<h2>SOTTIMANO Basarin Barbaresco 2023<\/h2>\n<p>AZ. AGRICOLA SOTTIMANO Basarin <a href=\"https:\/\/www.shopinlanghe.com\/sellers?render_type=sellerview&amp;id_seller=5\">Barbaresco<\/a> 2023<\/p>\n<h2>DAS WEINGUT SOTTIMANO<\/h2>\n<p>Das Weingut Sottimano hat stets die gute Landwirtschaft in den Mittelpunkt seines <em>modus operandi<\/em> gestellt. Seit mehreren Jahren hat es den Kreis mit immer reineren und authentischeren Weinen geschlossen, w\u00fcrdige Botschafter eines besonderen Terroirs.<\/p>\n<p>Andrea Sottimano hat von seinem Vater Rino, der stets unerm\u00fcdlich in den Rebzeilen arbeitete, eine au\u00dfergew\u00f6hnliche landwirtschaftliche Sensibilit\u00e4t geerbt. Hinter den Kulissen, aber ebenso grundlegend, die akribische Arbeit von Elena und Claudia, Andreas Schwestern. Rino ist nie in die Falle der falschen Versprechen der Pflanzenschutzindustrie getappt: Hier wurde stets hart mit Kupfer, Schwefel, Hacke und viel Schwei\u00df gearbeitet. Heute gibt es gl\u00fccklicherweise weniger anstrengende und immer weniger belastende L\u00f6sungen, die Andrea weiterhin erforscht und anwendet \u2013 die beste M\u00f6glichkeit, ein wirklich herausragendes und vielf\u00e4ltiges Cru-Erbe zu w\u00fcrdigen und zu bewahren.<\/p>\n<h2><a href=\"https:\/\/fonsvinum.com\/de\/produkt-kategorie\/rotweine-de\/barbaresco-de\/\">BARBARESCO<\/a> BASARIN<\/h2>\n<p>Der Barbaresco Basarin zeichnet sich durch balsamische Kr\u00e4uter und Gew\u00fcrze aus. Am Gaumen nimmt man eine Note von Wildfr\u00fcchten zusammen mit einer intensiven floralen Textur wahr; die langen und samtigen Tannine begleiten eine w\u00fcrzige Note. Dieser Wein aus der renommierten Cru-Lage Basarin ist eine Ode an die Nebbiolo-Traube, die auf Lehm- und Kalkb\u00f6den w\u00e4chst, was dem Wein bereits in seinem jungen Jahrgang eine au\u00dfergew\u00f6hnliche Komplexit\u00e4t verleiht.<\/p>\n<h3>&#8211; VINIFIKATION UND REIFUNG &#8211;<\/h3>\n<p>Nach einer sorgf\u00e4ltigen Auswahl der Trauben erfolgt die alkoholische G\u00e4rung spontan. Nach langer Maischestandzeit und einer Phase mit untergetauchtem Tresterhut wird der Wein in Holzf\u00e4sser umgezogen, wo er die malolaktische G\u00e4rung abschlie\u00dft. Eine etwa einj\u00e4hrige Flaschenreife erm\u00f6glicht es dem Wein, seine volle Ausdruckskraft zu entfalten.<\/p>\n<h3>&#8211; ORGANOLEPTISCHE EIGENSCHAFTEN &#8211;<\/h3>\n<p>Optisch pr\u00e4sentiert er sich in einem intensiven Granatrot, aus dem ein reiches und umh\u00fcllendes aromatisches Bouquet hervorgeht. In der Nase folgen Noten von reifen roten Fr\u00fcchten wie Pflaumen und Kirschen, begleitet von floralen D\u00fcften von Veilchen und eleganten w\u00fcrzigen Noten von schwarzem Pfeffer und Leder. Im Mund zeigt der Barbaresco Basarin ein gut strukturiertes, aber geschmeidiges Tannin, das zu einem langen Schluck einl\u00e4dt. Die Frische, kombiniert mit einer bemerkenswerten Nachhaltigkeit, offenbart Ankl\u00e4nge von Zartbitterschokolade und Tabak und hinterl\u00e4sst eine anhaltende Spur von Lakritz und Mineralien am Gaumen.<\/p>\n<h3>&#8211; IDEALE KOMBINATIONEN &#8211;<\/h3>\n<p>Perfekt als Begleiter zu reichhaltigen und strukturierten Gerichten wie Schmorbraten in Barolo oder Tagliatelle mit Fleischragout, eignet sich dieser Wein auch f\u00fcr stimmungsvolle Abende, an denen er pur genossen werden kann, um seine Komplexit\u00e4t voll zur Geltung zu bringen.<\/p>\n<h3>&#8211; LAGERUNG &#8211;<\/h3>\n<p>Mit einem bemerkenswerten Alterungspotenzial ist ein Glas Barbaresco Basarin 2023 von Sottimano eine Einladung, die Tiefen und Nuancen der piemontesischen Weinbautradition zu entdecken \u2013 eine Reise durch Geschichte und Terroir, die mit jedem Schluck \u00fcberzeugt.<\/p>\n","protected":false},"excerpt":{"rendered":"<p>SOTTIMANO Basarin Barbaresco 2023 AZ. AGRICOLA SOTTIMANO Basarin Barbaresco 2023 DAS WEINGUT SOTTIMANO Das Weingut Sottimano hat stets die gute Landwirtschaft in den Mittelpunkt seines modus operandi gestellt. Seit mehreren Jahren hat es den Kreis mit immer reineren und authentischeren Weinen geschlossen, w\u00fcrdige Botschafter eines besonderen Terroirs. Andrea Sottimano hat von seinem Vater Rino, der [&hellip;]<\/p>\n","protected":false},"featured_media":45462,"comment_status":"open","ping_status":"closed","template":"","meta":{"_acf_changed":false,"_monsterinsights_skip_tracking":false,"_monsterinsights_sitenote_active":false,"_monsterinsights_sitenote_note":"","_monsterinsights_sitenote_category":0},"product_brand":[],"product_cat":[1773],"product_tag":[15895,18450,15959],"class_list":{"0":"post-49526","1":"product","2":"type-product","3":"status-publish","4":"has-post-thumbnail","6":"product_cat-barbaresco-de","7":"product_tag-barbaresco-de-2","8":"product_tag-langhe-weine","9":"product_tag-vino-rosso-de","10":"pa_appellation-barbaresco-docg-de","11":"pa_formato-0-75-l-flasche-de","12":"pa_producer-az-agricola-sottimano","13":"pa_region-piemont-de","14":"pa_vine-100-nebbiolo-de","15":"pa_vintage-18401","17":"first","18":"instock","19":"taxable","20":"shipping-taxable","21":"purchasable","22":"product-type-simple"},"bundled_by":[],"bundle_stock_status":"instock","bundle_stock_quantity":12,"bundle_virtual":false,"bundle_layout":"","bundle_add_to_cart_form_location":"","bundle_editable_in_cart":false,"bundle_sold_individually_context":"","bundle_item_grouping":"","bundle_min_size":"","bundle_max_size":"","bundle_price":[],"bundled_items":[],"bundle_sell_ids":[],"yoast_head":"<!-- This site is optimized with the Yoast SEO plugin v27.2 - https:\/\/yoast.com\/product\/yoast-seo-wordpress\/ -->\n<title>Kaufen Sie SOTTIMANO Basarin Barbaresco 2023 bei FonsVinum<\/title>\n<meta name=\"description\" content=\"Kaufen Sie SOTTIMANO Basarin Barbaresco 2023 bei FonsVinum, einen Wein, der ein w\u00fcrdiger Botschafter eines so besonderen Terroirs wie der Barbaresco-Crus ist\" \/>\n<meta name=\"robots\" content=\"index, follow, max-snippet:-1, max-image-preview:large, max-video-preview:-1\" \/>\n<link rel=\"canonical\" href=\"https:\/\/fonsvinum.com\/de\/produkt\/sottimano-basarin-barbaresco-2023\/\" \/>\n<meta property=\"og:locale\" content=\"de_DE\" \/>\n<meta property=\"og:type\" content=\"article\" \/>\n<meta property=\"og:title\" content=\"Kaufen Sie SOTTIMANO Basarin Barbaresco 2023 bei FonsVinum\" \/>\n<meta property=\"og:description\" content=\"Kaufen Sie SOTTIMANO Basarin Barbaresco 2023 bei FonsVinum, einen Wein, der ein w\u00fcrdiger Botschafter eines so besonderen Terroirs wie der Barbaresco-Crus ist\" \/>\n<meta property=\"og:url\" content=\"https:\/\/fonsvinum.com\/de\/produkt\/sottimano-basarin-barbaresco-2023\/\" \/>\n<meta property=\"og:site_name\" content=\"Fons Vinum\" \/>\n<meta property=\"article:modified_time\" content=\"2026-04-20T14:09:57+00:00\" \/>\n<meta property=\"og:image\" content=\"https:\/\/fonsvinum.com\/files\/2025\/02\/sottimano-barbaresco-basarin.png\" \/>\n\t<meta property=\"og:image:width\" content=\"200\" \/>\n\t<meta property=\"og:image:height\" content=\"600\" \/>\n\t<meta property=\"og:image:type\" content=\"image\/png\" \/>\n<meta name=\"twitter:label1\" content=\"Gesch\u00e4tzte Lesezeit\" \/>\n\t<meta name=\"twitter:data1\" content=\"3\u00a0Minuten\" \/>\n<script type=\"application\/ld+json\" class=\"yoast-schema-graph\">{\"@context\":\"https:\/\/schema.org\",\"@graph\":[{\"@type\":\"WebPage\",\"@id\":\"https:\/\/fonsvinum.com\/de\/produkt\/sottimano-basarin-barbaresco-2023\/\",\"url\":\"https:\/\/fonsvinum.com\/de\/produkt\/sottimano-basarin-barbaresco-2023\/\",\"name\":\"Kaufen Sie SOTTIMANO Basarin Barbaresco 2023 bei FonsVinum\",\"isPartOf\":{\"@id\":\"https:\/\/fonsvinum.com\/en\/#website\"},\"primaryImageOfPage\":{\"@id\":\"https:\/\/fonsvinum.com\/de\/produkt\/sottimano-basarin-barbaresco-2023\/#primaryimage\"},\"image\":{\"@id\":\"https:\/\/fonsvinum.com\/de\/produkt\/sottimano-basarin-barbaresco-2023\/#primaryimage\"},\"thumbnailUrl\":\"https:\/\/fonsvinum.com\/files\/2025\/02\/sottimano-barbaresco-basarin.png\",\"datePublished\":\"2026-04-20T13:58:39+00:00\",\"dateModified\":\"2026-04-20T14:09:57+00:00\",\"description\":\"Kaufen Sie SOTTIMANO Basarin Barbaresco 2023 bei FonsVinum, einen Wein, der ein w\u00fcrdiger Botschafter eines so besonderen Terroirs wie der Barbaresco-Crus ist\",\"breadcrumb\":{\"@id\":\"https:\/\/fonsvinum.com\/de\/produkt\/sottimano-basarin-barbaresco-2023\/#breadcrumb\"},\"inLanguage\":\"de\",\"potentialAction\":[{\"@type\":\"ReadAction\",\"target\":[\"https:\/\/fonsvinum.com\/de\/produkt\/sottimano-basarin-barbaresco-2023\/\"]}]},{\"@type\":\"ImageObject\",\"inLanguage\":\"de\",\"@id\":\"https:\/\/fonsvinum.com\/de\/produkt\/sottimano-basarin-barbaresco-2023\/#primaryimage\",\"url\":\"https:\/\/fonsvinum.com\/files\/2025\/02\/sottimano-barbaresco-basarin.png\",\"contentUrl\":\"https:\/\/fonsvinum.com\/files\/2025\/02\/sottimano-barbaresco-basarin.png\",\"width\":200,\"height\":600,\"caption\":\"sottimano barbaresco basarin\"},{\"@type\":\"BreadcrumbList\",\"@id\":\"https:\/\/fonsvinum.com\/de\/produkt\/sottimano-basarin-barbaresco-2023\/#breadcrumb\",\"itemListElement\":[{\"@type\":\"ListItem\",\"position\":1,\"name\":\"Startseite\",\"item\":\"https:\/\/fonsvinum.com\/de\/\"},{\"@type\":\"ListItem\",\"position\":2,\"name\":\"Shop\",\"item\":\"https:\/\/fonsvinum.com\/de\/shop\/\"},{\"@type\":\"ListItem\",\"position\":3,\"name\":\"SOTTIMANO Basarin Barbaresco 2023\"}]},{\"@type\":\"WebSite\",\"@id\":\"https:\/\/fonsvinum.com\/en\/#website\",\"url\":\"https:\/\/fonsvinum.com\/en\/\",\"name\":\"Fons Vinum\",\"description\":\"Vendita Vino Online\",\"publisher\":{\"@id\":\"https:\/\/fonsvinum.com\/en\/#organization\"},\"potentialAction\":[{\"@type\":\"SearchAction\",\"target\":{\"@type\":\"EntryPoint\",\"urlTemplate\":\"https:\/\/fonsvinum.com\/en\/?s={search_term_string}\"},\"query-input\":{\"@type\":\"PropertyValueSpecification\",\"valueRequired\":true,\"valueName\":\"search_term_string\"}}],\"inLanguage\":\"de\"},{\"@type\":\"Organization\",\"@id\":\"https:\/\/fonsvinum.com\/en\/#organization\",\"name\":\"Fons Vinum\",\"url\":\"https:\/\/fonsvinum.com\/en\/\",\"logo\":{\"@type\":\"ImageObject\",\"inLanguage\":\"de\",\"@id\":\"https:\/\/fonsvinum.com\/en\/#\/schema\/logo\/image\/\",\"url\":\"\",\"contentUrl\":\"\",\"caption\":\"Fons Vinum\"},\"image\":{\"@id\":\"https:\/\/fonsvinum.com\/en\/#\/schema\/logo\/image\/\"}}]}<\/script>\n<!-- \/ Yoast SEO plugin. -->","yoast_head_json":{"title":"Kaufen Sie SOTTIMANO Basarin Barbaresco 2023 bei FonsVinum","description":"Kaufen Sie SOTTIMANO Basarin Barbaresco 2023 bei FonsVinum, einen Wein, der ein w\u00fcrdiger Botschafter eines so besonderen Terroirs wie der Barbaresco-Crus ist","robots":{"index":"index","follow":"follow","max-snippet":"max-snippet:-1","max-image-preview":"max-image-preview:large","max-video-preview":"max-video-preview:-1"},"canonical":"https:\/\/fonsvinum.com\/de\/produkt\/sottimano-basarin-barbaresco-2023\/","og_locale":"de_DE","og_type":"article","og_title":"Kaufen Sie SOTTIMANO Basarin Barbaresco 2023 bei FonsVinum","og_description":"Kaufen Sie SOTTIMANO Basarin Barbaresco 2023 bei FonsVinum, einen Wein, der ein w\u00fcrdiger Botschafter eines so besonderen Terroirs wie der Barbaresco-Crus ist","og_url":"https:\/\/fonsvinum.com\/de\/produkt\/sottimano-basarin-barbaresco-2023\/","og_site_name":"Fons Vinum","article_modified_time":"2026-04-20T14:09:57+00:00","og_image":[{"width":200,"height":600,"url":"https:\/\/fonsvinum.com\/files\/2025\/02\/sottimano-barbaresco-basarin.png","type":"image\/png"}],"twitter_misc":{"Gesch\u00e4tzte Lesezeit":"3\u00a0Minuten"},"schema":{"@context":"https:\/\/schema.org","@graph":[{"@type":"WebPage","@id":"https:\/\/fonsvinum.com\/de\/produkt\/sottimano-basarin-barbaresco-2023\/","url":"https:\/\/fonsvinum.com\/de\/produkt\/sottimano-basarin-barbaresco-2023\/","name":"Kaufen Sie SOTTIMANO Basarin Barbaresco 2023 bei FonsVinum","isPartOf":{"@id":"https:\/\/fonsvinum.com\/en\/#website"},"primaryImageOfPage":{"@id":"https:\/\/fonsvinum.com\/de\/produkt\/sottimano-basarin-barbaresco-2023\/#primaryimage"},"image":{"@id":"https:\/\/fonsvinum.com\/de\/produkt\/sottimano-basarin-barbaresco-2023\/#primaryimage"},"thumbnailUrl":"https:\/\/fonsvinum.com\/files\/2025\/02\/sottimano-barbaresco-basarin.png","datePublished":"2026-04-20T13:58:39+00:00","dateModified":"2026-04-20T14:09:57+00:00","description":"Kaufen Sie SOTTIMANO Basarin Barbaresco 2023 bei FonsVinum, einen Wein, der ein w\u00fcrdiger Botschafter eines so besonderen Terroirs wie der Barbaresco-Crus ist","breadcrumb":{"@id":"https:\/\/fonsvinum.com\/de\/produkt\/sottimano-basarin-barbaresco-2023\/#breadcrumb"},"inLanguage":"de","potentialAction":[{"@type":"ReadAction","target":["https:\/\/fonsvinum.com\/de\/produkt\/sottimano-basarin-barbaresco-2023\/"]}]},{"@type":"ImageObject","inLanguage":"de","@id":"https:\/\/fonsvinum.com\/de\/produkt\/sottimano-basarin-barbaresco-2023\/#primaryimage","url":"https:\/\/fonsvinum.com\/files\/2025\/02\/sottimano-barbaresco-basarin.png","contentUrl":"https:\/\/fonsvinum.com\/files\/2025\/02\/sottimano-barbaresco-basarin.png","width":200,"height":600,"caption":"sottimano barbaresco basarin"},{"@type":"BreadcrumbList","@id":"https:\/\/fonsvinum.com\/de\/produkt\/sottimano-basarin-barbaresco-2023\/#breadcrumb","itemListElement":[{"@type":"ListItem","position":1,"name":"Startseite","item":"https:\/\/fonsvinum.com\/de\/"},{"@type":"ListItem","position":2,"name":"Shop","item":"https:\/\/fonsvinum.com\/de\/shop\/"},{"@type":"ListItem","position":3,"name":"SOTTIMANO Basarin Barbaresco 2023"}]},{"@type":"WebSite","@id":"https:\/\/fonsvinum.com\/en\/#website","url":"https:\/\/fonsvinum.com\/en\/","name":"Fons Vinum","description":"Vendita Vino Online","publisher":{"@id":"https:\/\/fonsvinum.com\/en\/#organization"},"potentialAction":[{"@type":"SearchAction","target":{"@type":"EntryPoint","urlTemplate":"https:\/\/fonsvinum.com\/en\/?s={search_term_string}"},"query-input":{"@type":"PropertyValueSpecification","valueRequired":true,"valueName":"search_term_string"}}],"inLanguage":"de"},{"@type":"Organization","@id":"https:\/\/fonsvinum.com\/en\/#organization","name":"Fons Vinum","url":"https:\/\/fonsvinum.com\/en\/","logo":{"@type":"ImageObject","inLanguage":"de","@id":"https:\/\/fonsvinum.com\/en\/#\/schema\/logo\/image\/","url":"","contentUrl":"","caption":"Fons Vinum"},"image":{"@id":"https:\/\/fonsvinum.com\/en\/#\/schema\/logo\/image\/"}}]}},"acf":[],"_links":{"self":[{"href":"https:\/\/fonsvinum.com\/de\/wp-json\/wp\/v2\/product\/49526","targetHints":{"allow":["GET"]}}],"collection":[{"href":"https:\/\/fonsvinum.com\/de\/wp-json\/wp\/v2\/product"}],"about":[{"href":"https:\/\/fonsvinum.com\/de\/wp-json\/wp\/v2\/types\/product"}],"replies":[{"embeddable":true,"href":"https:\/\/fonsvinum.com\/de\/wp-json\/wp\/v2\/comments?post=49526"}],"wp:featuredmedia":[{"embeddable":true,"href":"https:\/\/fonsvinum.com\/de\/wp-json\/wp\/v2\/media\/45462"}],"wp:attachment":[{"href":"https:\/\/fonsvinum.com\/de\/wp-json\/wp\/v2\/media?parent=49526"}],"wp:term":[{"taxonomy":"product_brand","embeddable":true,"href":"https:\/\/fonsvinum.com\/de\/wp-json\/wp\/v2\/product_brand?post=49526"},{"taxonomy":"product_cat","embeddable":true,"href":"https:\/\/fonsvinum.com\/de\/wp-json\/wp\/v2\/product_cat?post=49526"},{"taxonomy":"product_tag","embeddable":true,"href":"https:\/\/fonsvinum.com\/de\/wp-json\/wp\/v2\/product_tag?post=49526"}],"curies":[{"name":"wp","href":"https:\/\/api.w.org\/{rel}","templated":true}]}}