{"id":49512,"date":"2026-04-20T07:05:23","date_gmt":"2026-04-20T05:05:23","guid":{"rendered":"https:\/\/fonsvinum.com\/?post_type=product&#038;p=49512"},"modified":"2026-04-20T07:11:13","modified_gmt":"2026-04-20T05:11:13","slug":"produttori-del-barbaresco-riserva-montefico-barbaresco-2020","status":"publish","type":"product","link":"https:\/\/fonsvinum.com\/de\/produkt\/produttori-del-barbaresco-riserva-montefico-barbaresco-2020\/","title":{"rendered":"PRODUTTORI DEL BARBARESCO Riserva Montefico Barbaresco 2020"},"content":{"rendered":"<h1><a href=\"https:\/\/www.produttoridelbarbaresco.com\/\">PRODUTTORI<\/a> DEL BARBARESCO Riserva <a href=\"https:\/\/fonsvinum.com\/?s=montefico&amp;post_type=product\">Montefico<\/a> Barbaresco 2020<\/h1>\n<h2>DAS WEINGUT <a href=\"https:\/\/fonsvinum.com\/de\/attributes\/producer\/produttori-del-barbaresco-de\/\">PRODUTTORI DEL BARBARESCO<\/a><\/h2>\n<p>Gegr\u00fcndet im Jahr 1958, z\u00e4hlt sie heute 50 Mitglieder mit rund 110 Hektar Nebbiolo-Weinbergen (1\/7 des Ursprungsgebiets) und kontrolliert einen Gro\u00dfteil der historischen \u201eCrus\u201c der Region. Die Produttori del Barbaresco vinifiziert ausschlie\u00dflich Nebbiolo-Trauben und erzeugt einen Barbaresco D.O.C.G. aus Trauben verschiedener Lagen des Ursprungsgebiets sowie einen Nebbiolo Langhe D.O.C. aus Trauben derselben Weinberge, die als weniger geeignet f\u00fcr einen Lagerwein eingestuft wurden \u2013 einfacher und trinkfreudiger.<\/p>\n<p>In gro\u00dfen Jahrg\u00e4ngen werden 9 Barbaresco aus spezifischen Lagen produziert und als Barbaresco Riserva vermarktet: Asili, Rabaj\u00e0, Rio Sordo, Ovello, Montestefano, Paj\u00e9, Muncagota, Montefico, Pora \u2013 Gebiete, die seit jeher f\u00fcr die Erzeugung besonders wertvoller Trauben bekannt sind. Seit dem Jahrgang 2007 sind sie offiziell als \u201eMenzioni Geografiche Aggiuntive\u201c anerkannt. Der Name des Crus und der Weinbergbesitzer sind auf den nummerierten Etiketten aufgef\u00fchrt.<\/p>\n<h2>BARBARESCO Montefico<\/h2>\n<p><strong>Weinberg: Montefico<\/strong><\/p>\n<p>PRODUTTORI DEL BARBARESCO Riserva Montefico Barbaresco 2020. Der Barbaresco Riserva &#8222;Montefico&#8220; des Weinguts Produttori del Barbaresco ist ein eleganter, intensiver und strukturierter Rotwein, der auf den herrlichen und faszinierenden H\u00fcgeln von Barbaresco im Piemont erzeugt wird. Diese Etikette wird aus reinen Nebbiolo-Trauben der Cru-Lage Montefico gewonnen; einem einzelnen Weinberg auf einem nach Westen bzw. S\u00fcdwesten ausgerichteten H\u00fcgel in etwa 250 Metern H\u00f6he.<\/p>\n<p>Die Cru-Lage Montefico ist nach einer gewissen Reifezeit besonders ansprechend, wenn der Wein noch einen fruchtigen und frischen Gaumen bewahrt.<\/p>\n<h2><strong>JAHRGANG 2020<\/strong><\/h2>\n<p>Der Jahrgang 2020 begann mit einem Winter ohne besondere Schwierigkeiten, gepr\u00e4gt von milden Temperaturen und wenigen Niederschl\u00e4gen, insbesondere in Form von Schnee.<\/p>\n<h3>Die Temperaturen<\/h3>\n<p>Der erste Teil des Fr\u00fchlings war relativ trocken und sonnig, was eine gleichm\u00e4\u00dfige vegetative Erholung und den Austrieb in der ersten M\u00e4rzwoche gew\u00e4hrleistete.<\/p>\n<p>Die Monate M\u00e4rz und April verliefen im Zeichen von sch\u00f6nem Wetter und milden Temperaturen mit geringen Niederschl\u00e4gen, was zun\u00e4chst einen fr\u00fchen Jahrgang vermuten lie\u00df. Diese Prognose wurde jedoch im Mai widerlegt, als das instabile Klima eine betr\u00e4chtliche Anzahl regnerischer Tage verzeichnete, eine Situation, die sich bis weit in den Juni hinein fortsetzte.<\/p>\n<p>Dies f\u00fchrte einerseits zu einer Verlangsamung der vegetativen Entwicklung und machte damit den zu Beginn des Fr\u00fchlings angesammelten Vorsprung zunichte, andererseits erm\u00f6glichte es eine gute Wasseranreicherung im Boden, die zusammen mit den nicht \u00fcberm\u00e4\u00dfigen Sommertemperaturen Trockenstress verhinderte. Insgesamt war der Witterungsverlauf gut, mit einigen Schwierigkeiten in der agronomischen Bewirtschaftung gegen Ende des Fr\u00fchlings aufgrund fr\u00fcher Pilzbefall durch die Regenf\u00e4lle im Mai und Juni.<\/p>\n<p>Der Nebbiolo pr\u00e4sentierte sich Ende Sommer in optimalem Zustand: die nicht \u00fcberm\u00e4\u00dfigen Nachttemperaturen im September f\u00fchrten zu einer raschen Anreicherung von Polyphenolen. Das Wachstum war nicht exponentiell, sondern konstant, sodass die technologische Reife, d. h. der optimale Zuckergehalt, zwischen Ende September und Anfang Oktober erreicht wurde. Auch hinsichtlich des S\u00e4uregehalts zeigte der Nebbiolo nicht den f\u00fcr warme Jahrg\u00e4nge mit relativ kurzem Zyklus typischen R\u00fcckgang.<\/p>\n<h3>Die Weinlese<\/h3>\n<p>Die Lese begann in Barbaresco am 30. September und erstreckte sich \u00fcber zwei Wochen mit einer zweit\u00e4gigen Unterbrechung aufgrund leichter Regenf\u00e4lle am 5. Oktober.<\/p>\n","protected":false},"excerpt":{"rendered":"<p>PRODUTTORI DEL BARBARESCO Riserva Montefico Barbaresco 2020 DAS WEINGUT PRODUTTORI DEL BARBARESCO Gegr\u00fcndet im Jahr 1958, z\u00e4hlt sie heute 50 Mitglieder mit rund 110 Hektar Nebbiolo-Weinbergen (1\/7 des Ursprungsgebiets) und kontrolliert einen Gro\u00dfteil der historischen \u201eCrus\u201c der Region. Die Produttori del Barbaresco vinifiziert ausschlie\u00dflich Nebbiolo-Trauben und erzeugt einen Barbaresco D.O.C.G. aus Trauben verschiedener Lagen des [&hellip;]<\/p>\n","protected":false},"featured_media":8519,"comment_status":"open","ping_status":"closed","template":"","meta":{"_acf_changed":false,"_monsterinsights_skip_tracking":false,"_monsterinsights_sitenote_active":false,"_monsterinsights_sitenote_note":"","_monsterinsights_sitenote_category":0},"product_brand":[],"product_cat":[1773],"product_tag":[1751,15895,18450,15893,15959],"class_list":{"0":"post-49512","1":"product","2":"type-product","3":"status-publish","4":"has-post-thumbnail","6":"product_cat-barbaresco-de","7":"product_tag-aussergewoehnliche-weine-aus-italien-de","8":"product_tag-barbaresco-de-2","9":"product_tag-langhe-weine","10":"product_tag-piemonte-de","11":"product_tag-vino-rosso-de","12":"pa_appellation-barbaresco-docg-de","13":"pa_formato-0-75-l-flasche-de","14":"pa_producer-produttori-del-barbaresco-de","15":"pa_region-piemont-de","16":"pa_vine-100-nebbiolo-de","17":"pa_vintage-2020-de","19":"first","20":"instock","21":"taxable","22":"shipping-taxable","23":"purchasable","24":"product-type-simple"},"bundled_by":[],"bundle_stock_status":"instock","bundle_stock_quantity":6,"bundle_virtual":false,"bundle_layout":"","bundle_add_to_cart_form_location":"","bundle_editable_in_cart":false,"bundle_sold_individually_context":"","bundle_item_grouping":"","bundle_min_size":"","bundle_max_size":"","bundle_price":[],"bundled_items":[],"bundle_sell_ids":[],"yoast_head":"<!-- This site is optimized with the Yoast SEO plugin v27.2 - https:\/\/yoast.com\/product\/yoast-seo-wordpress\/ -->\n<title>PRODUTTORI DEL BARBARESCO Riserva Montefico Barbaresco 2020<\/title>\n<meta name=\"description\" content=\"Kaufen Sie online bei Fons Vinum PRODUTTORI DEL BARBARESCO Riserva Montefico Barbaresco neuer Jahrgang gerade erschienen der 2020\" \/>\n<meta name=\"robots\" content=\"index, follow, max-snippet:-1, max-image-preview:large, max-video-preview:-1\" \/>\n<link rel=\"canonical\" href=\"https:\/\/fonsvinum.com\/de\/produkt\/produttori-del-barbaresco-riserva-montefico-barbaresco-2020\/\" \/>\n<meta property=\"og:locale\" content=\"de_DE\" \/>\n<meta property=\"og:type\" content=\"article\" \/>\n<meta property=\"og:title\" content=\"PRODUTTORI DEL BARBARESCO Riserva Montefico Barbaresco 2020\" \/>\n<meta property=\"og:description\" content=\"Kaufen Sie online bei Fons Vinum PRODUTTORI DEL BARBARESCO Riserva Montefico Barbaresco neuer Jahrgang gerade erschienen der 2020\" \/>\n<meta property=\"og:url\" content=\"https:\/\/fonsvinum.com\/de\/produkt\/produttori-del-barbaresco-riserva-montefico-barbaresco-2020\/\" \/>\n<meta property=\"og:site_name\" content=\"Fons Vinum\" \/>\n<meta property=\"article:modified_time\" content=\"2026-04-20T05:11:13+00:00\" \/>\n<meta property=\"og:image\" content=\"https:\/\/fonsvinum.com\/files\/2013\/04\/barberesco-produttori-riserva-montefico.png\" \/>\n\t<meta property=\"og:image:width\" content=\"225\" \/>\n\t<meta property=\"og:image:height\" content=\"540\" \/>\n\t<meta property=\"og:image:type\" content=\"image\/png\" \/>\n<meta name=\"twitter:label1\" content=\"Gesch\u00e4tzte Lesezeit\" \/>\n\t<meta name=\"twitter:data1\" content=\"3\u00a0Minuten\" \/>\n<script type=\"application\/ld+json\" class=\"yoast-schema-graph\">{\"@context\":\"https:\/\/schema.org\",\"@graph\":[{\"@type\":\"WebPage\",\"@id\":\"https:\/\/fonsvinum.com\/de\/produkt\/produttori-del-barbaresco-riserva-montefico-barbaresco-2020\/\",\"url\":\"https:\/\/fonsvinum.com\/de\/produkt\/produttori-del-barbaresco-riserva-montefico-barbaresco-2020\/\",\"name\":\"PRODUTTORI DEL BARBARESCO Riserva Montefico Barbaresco 2020\",\"isPartOf\":{\"@id\":\"https:\/\/fonsvinum.com\/en\/#website\"},\"primaryImageOfPage\":{\"@id\":\"https:\/\/fonsvinum.com\/de\/produkt\/produttori-del-barbaresco-riserva-montefico-barbaresco-2020\/#primaryimage\"},\"image\":{\"@id\":\"https:\/\/fonsvinum.com\/de\/produkt\/produttori-del-barbaresco-riserva-montefico-barbaresco-2020\/#primaryimage\"},\"thumbnailUrl\":\"https:\/\/fonsvinum.com\/files\/2013\/04\/barberesco-produttori-riserva-montefico.png\",\"datePublished\":\"2026-04-20T05:05:23+00:00\",\"dateModified\":\"2026-04-20T05:11:13+00:00\",\"description\":\"Kaufen Sie online bei Fons Vinum PRODUTTORI DEL BARBARESCO Riserva Montefico Barbaresco neuer Jahrgang gerade erschienen der 2020\",\"breadcrumb\":{\"@id\":\"https:\/\/fonsvinum.com\/de\/produkt\/produttori-del-barbaresco-riserva-montefico-barbaresco-2020\/#breadcrumb\"},\"inLanguage\":\"de\",\"potentialAction\":[{\"@type\":\"ReadAction\",\"target\":[\"https:\/\/fonsvinum.com\/de\/produkt\/produttori-del-barbaresco-riserva-montefico-barbaresco-2020\/\"]}]},{\"@type\":\"ImageObject\",\"inLanguage\":\"de\",\"@id\":\"https:\/\/fonsvinum.com\/de\/produkt\/produttori-del-barbaresco-riserva-montefico-barbaresco-2020\/#primaryimage\",\"url\":\"https:\/\/fonsvinum.com\/files\/2013\/04\/barberesco-produttori-riserva-montefico.png\",\"contentUrl\":\"https:\/\/fonsvinum.com\/files\/2013\/04\/barberesco-produttori-riserva-montefico.png\",\"width\":225,\"height\":540,\"caption\":\"Barbaresco Riserva Montefico PRODUTTORI DEL BARBARESCO\"},{\"@type\":\"BreadcrumbList\",\"@id\":\"https:\/\/fonsvinum.com\/de\/produkt\/produttori-del-barbaresco-riserva-montefico-barbaresco-2020\/#breadcrumb\",\"itemListElement\":[{\"@type\":\"ListItem\",\"position\":1,\"name\":\"Startseite\",\"item\":\"https:\/\/fonsvinum.com\/de\/\"},{\"@type\":\"ListItem\",\"position\":2,\"name\":\"Shop\",\"item\":\"https:\/\/fonsvinum.com\/de\/shop\/\"},{\"@type\":\"ListItem\",\"position\":3,\"name\":\"PRODUTTORI DEL BARBARESCO Riserva Montefico Barbaresco 2020\"}]},{\"@type\":\"WebSite\",\"@id\":\"https:\/\/fonsvinum.com\/en\/#website\",\"url\":\"https:\/\/fonsvinum.com\/en\/\",\"name\":\"Fons Vinum\",\"description\":\"Vendita Vino Online\",\"publisher\":{\"@id\":\"https:\/\/fonsvinum.com\/en\/#organization\"},\"potentialAction\":[{\"@type\":\"SearchAction\",\"target\":{\"@type\":\"EntryPoint\",\"urlTemplate\":\"https:\/\/fonsvinum.com\/en\/?s={search_term_string}\"},\"query-input\":{\"@type\":\"PropertyValueSpecification\",\"valueRequired\":true,\"valueName\":\"search_term_string\"}}],\"inLanguage\":\"de\"},{\"@type\":\"Organization\",\"@id\":\"https:\/\/fonsvinum.com\/en\/#organization\",\"name\":\"Fons Vinum\",\"url\":\"https:\/\/fonsvinum.com\/en\/\",\"logo\":{\"@type\":\"ImageObject\",\"inLanguage\":\"de\",\"@id\":\"https:\/\/fonsvinum.com\/en\/#\/schema\/logo\/image\/\",\"url\":\"\",\"contentUrl\":\"\",\"caption\":\"Fons Vinum\"},\"image\":{\"@id\":\"https:\/\/fonsvinum.com\/en\/#\/schema\/logo\/image\/\"}}]}<\/script>\n<!-- \/ Yoast SEO plugin. -->","yoast_head_json":{"title":"PRODUTTORI DEL BARBARESCO Riserva Montefico Barbaresco 2020","description":"Kaufen Sie online bei Fons Vinum PRODUTTORI DEL BARBARESCO Riserva Montefico Barbaresco neuer Jahrgang gerade erschienen der 2020","robots":{"index":"index","follow":"follow","max-snippet":"max-snippet:-1","max-image-preview":"max-image-preview:large","max-video-preview":"max-video-preview:-1"},"canonical":"https:\/\/fonsvinum.com\/de\/produkt\/produttori-del-barbaresco-riserva-montefico-barbaresco-2020\/","og_locale":"de_DE","og_type":"article","og_title":"PRODUTTORI DEL BARBARESCO Riserva Montefico Barbaresco 2020","og_description":"Kaufen Sie online bei Fons Vinum PRODUTTORI DEL BARBARESCO Riserva Montefico Barbaresco neuer Jahrgang gerade erschienen der 2020","og_url":"https:\/\/fonsvinum.com\/de\/produkt\/produttori-del-barbaresco-riserva-montefico-barbaresco-2020\/","og_site_name":"Fons Vinum","article_modified_time":"2026-04-20T05:11:13+00:00","og_image":[{"width":225,"height":540,"url":"https:\/\/fonsvinum.com\/files\/2013\/04\/barberesco-produttori-riserva-montefico.png","type":"image\/png"}],"twitter_misc":{"Gesch\u00e4tzte Lesezeit":"3\u00a0Minuten"},"schema":{"@context":"https:\/\/schema.org","@graph":[{"@type":"WebPage","@id":"https:\/\/fonsvinum.com\/de\/produkt\/produttori-del-barbaresco-riserva-montefico-barbaresco-2020\/","url":"https:\/\/fonsvinum.com\/de\/produkt\/produttori-del-barbaresco-riserva-montefico-barbaresco-2020\/","name":"PRODUTTORI DEL BARBARESCO Riserva Montefico Barbaresco 2020","isPartOf":{"@id":"https:\/\/fonsvinum.com\/en\/#website"},"primaryImageOfPage":{"@id":"https:\/\/fonsvinum.com\/de\/produkt\/produttori-del-barbaresco-riserva-montefico-barbaresco-2020\/#primaryimage"},"image":{"@id":"https:\/\/fonsvinum.com\/de\/produkt\/produttori-del-barbaresco-riserva-montefico-barbaresco-2020\/#primaryimage"},"thumbnailUrl":"https:\/\/fonsvinum.com\/files\/2013\/04\/barberesco-produttori-riserva-montefico.png","datePublished":"2026-04-20T05:05:23+00:00","dateModified":"2026-04-20T05:11:13+00:00","description":"Kaufen Sie online bei Fons Vinum PRODUTTORI DEL BARBARESCO Riserva Montefico Barbaresco neuer Jahrgang gerade erschienen der 2020","breadcrumb":{"@id":"https:\/\/fonsvinum.com\/de\/produkt\/produttori-del-barbaresco-riserva-montefico-barbaresco-2020\/#breadcrumb"},"inLanguage":"de","potentialAction":[{"@type":"ReadAction","target":["https:\/\/fonsvinum.com\/de\/produkt\/produttori-del-barbaresco-riserva-montefico-barbaresco-2020\/"]}]},{"@type":"ImageObject","inLanguage":"de","@id":"https:\/\/fonsvinum.com\/de\/produkt\/produttori-del-barbaresco-riserva-montefico-barbaresco-2020\/#primaryimage","url":"https:\/\/fonsvinum.com\/files\/2013\/04\/barberesco-produttori-riserva-montefico.png","contentUrl":"https:\/\/fonsvinum.com\/files\/2013\/04\/barberesco-produttori-riserva-montefico.png","width":225,"height":540,"caption":"Barbaresco Riserva Montefico PRODUTTORI DEL BARBARESCO"},{"@type":"BreadcrumbList","@id":"https:\/\/fonsvinum.com\/de\/produkt\/produttori-del-barbaresco-riserva-montefico-barbaresco-2020\/#breadcrumb","itemListElement":[{"@type":"ListItem","position":1,"name":"Startseite","item":"https:\/\/fonsvinum.com\/de\/"},{"@type":"ListItem","position":2,"name":"Shop","item":"https:\/\/fonsvinum.com\/de\/shop\/"},{"@type":"ListItem","position":3,"name":"PRODUTTORI DEL BARBARESCO Riserva Montefico Barbaresco 2020"}]},{"@type":"WebSite","@id":"https:\/\/fonsvinum.com\/en\/#website","url":"https:\/\/fonsvinum.com\/en\/","name":"Fons Vinum","description":"Vendita Vino Online","publisher":{"@id":"https:\/\/fonsvinum.com\/en\/#organization"},"potentialAction":[{"@type":"SearchAction","target":{"@type":"EntryPoint","urlTemplate":"https:\/\/fonsvinum.com\/en\/?s={search_term_string}"},"query-input":{"@type":"PropertyValueSpecification","valueRequired":true,"valueName":"search_term_string"}}],"inLanguage":"de"},{"@type":"Organization","@id":"https:\/\/fonsvinum.com\/en\/#organization","name":"Fons Vinum","url":"https:\/\/fonsvinum.com\/en\/","logo":{"@type":"ImageObject","inLanguage":"de","@id":"https:\/\/fonsvinum.com\/en\/#\/schema\/logo\/image\/","url":"","contentUrl":"","caption":"Fons Vinum"},"image":{"@id":"https:\/\/fonsvinum.com\/en\/#\/schema\/logo\/image\/"}}]}},"acf":[],"_links":{"self":[{"href":"https:\/\/fonsvinum.com\/de\/wp-json\/wp\/v2\/product\/49512","targetHints":{"allow":["GET"]}}],"collection":[{"href":"https:\/\/fonsvinum.com\/de\/wp-json\/wp\/v2\/product"}],"about":[{"href":"https:\/\/fonsvinum.com\/de\/wp-json\/wp\/v2\/types\/product"}],"replies":[{"embeddable":true,"href":"https:\/\/fonsvinum.com\/de\/wp-json\/wp\/v2\/comments?post=49512"}],"wp:featuredmedia":[{"embeddable":true,"href":"https:\/\/fonsvinum.com\/de\/wp-json\/wp\/v2\/media\/8519"}],"wp:attachment":[{"href":"https:\/\/fonsvinum.com\/de\/wp-json\/wp\/v2\/media?parent=49512"}],"wp:term":[{"taxonomy":"product_brand","embeddable":true,"href":"https:\/\/fonsvinum.com\/de\/wp-json\/wp\/v2\/product_brand?post=49512"},{"taxonomy":"product_cat","embeddable":true,"href":"https:\/\/fonsvinum.com\/de\/wp-json\/wp\/v2\/product_cat?post=49512"},{"taxonomy":"product_tag","embeddable":true,"href":"https:\/\/fonsvinum.com\/de\/wp-json\/wp\/v2\/product_tag?post=49512"}],"curies":[{"name":"wp","href":"https:\/\/api.w.org\/{rel}","templated":true}]}}