{"id":49506,"date":"2026-04-20T06:53:25","date_gmt":"2026-04-20T04:53:25","guid":{"rendered":"https:\/\/fonsvinum.com\/?post_type=product&#038;p=49506"},"modified":"2026-04-20T07:02:24","modified_gmt":"2026-04-20T05:02:24","slug":"produttori-del-barbaresco-riserva-montefico-barbaresco-2019","status":"publish","type":"product","link":"https:\/\/fonsvinum.com\/de\/produkt\/produttori-del-barbaresco-riserva-montefico-barbaresco-2019\/","title":{"rendered":"PRODUTTORI DEL BARBARESCO Riserva Montefico Barbaresco 2019"},"content":{"rendered":"<h1><a href=\"https:\/\/www.produttoridelbarbaresco.com\/\">PRODUTTORI<\/a> DEL BARBARESCO Riserva <a href=\"https:\/\/fonsvinum.com\/?s=montefico&amp;post_type=product\">Montefico<\/a> Barbaresco 2019<\/h1>\n<h2>DAS WEINGUT <a href=\"https:\/\/fonsvinum.com\/de\/attributes\/producer\/produttori-del-barbaresco-de\/\">PRODUTTORI DEL BARBARESCO<\/a><\/h2>\n<p>Gegr\u00fcndet im Jahr 1958, z\u00e4hlt sie heute 50 Mitglieder mit rund 110 Hektar Nebbiolo-Weinbergen (1\/7 des Ursprungsgebiets) und kontrolliert einen Gro\u00dfteil der historischen \u201eCrus\u201c der Region. Die Produttori del Barbaresco vinifiziert ausschlie\u00dflich Nebbiolo-Trauben und erzeugt einen Barbaresco D.O.C.G. aus Trauben verschiedener Lagen des Ursprungsgebiets sowie einen Nebbiolo Langhe D.O.C. aus Trauben derselben Weinberge, die als weniger geeignet f\u00fcr einen Lagerwein eingestuft wurden \u2013 einfacher und trinkfreudiger.<\/p>\n<p>In gro\u00dfen Jahrg\u00e4ngen werden 9 Barbaresco aus spezifischen Lagen produziert und als Barbaresco Riserva vermarktet: Asili, Rabaj\u00e0, Rio Sordo, Ovello, Montestefano, Paj\u00e9, Muncagota, Montefico, Pora \u2013 Gebiete, die seit jeher f\u00fcr die Erzeugung besonders wertvoller Trauben bekannt sind. Seit dem Jahrgang 2007 sind sie offiziell als \u201eMenzioni Geografiche Aggiuntive\u201c anerkannt. Der Name des Crus und der Weinbergbesitzer sind auf den nummerierten Etiketten aufgef\u00fchrt.<\/p>\n<h2>BARBARESCO Montefico<\/h2>\n<p><strong>Weinberg: Montefico<\/strong><\/p>\n<p>PRODUTTORI DEL BARBARESCO Riserva Montefico Barbaresco 2019. Der Barbaresco Riserva \u201eMontefico\u201c der Kellerei Produttori del Barbaresco ist ein eleganter, intensiver und strukturierter Rotwein, der in den prachtvollen und faszinierenden H\u00fcgeln von Barbaresco im Piemont erzeugt wird. Dieses Etikett wird sortenrein aus Nebbiolo-Trauben der Cru-Lage Montefico gewonnen; einem einzelnen Weinberg auf einem nach Westen und S\u00fcdwesten ausgerichteten H\u00fcgel in etwa 250 Meter H\u00f6he.<\/p>\n<p>Die Cru-Lage Montefico ist nach einer gewissen Reifezeit besonders ansprechend, wenn der Wein noch einen fruchtigen und frischen Gaumen bewahrt.<\/p>\n<h2><strong>JAHRGANG 2019<\/strong><\/h2>\n<p>Das Landwirtschaftsjahr begann aufgrund des bis in den Februar andauernden Winters schleppend, was zu einer Verz\u00f6gerung des Fr\u00fchlings f\u00fchrte, der bis Mitte M\u00e4rz von Regen und niedrigen Temperaturen gepr\u00e4gt war. Dennoch verlief der Austrieb regul\u00e4r: Die reichlichen Niederschl\u00e4ge im April f\u00fchrten einerseits zu einem langsamen Start, sorgten andererseits aber f\u00fcr eine betr\u00e4chtliche Wasserspeicherung im Boden, was die geringen Winterniederschl\u00e4ge ausglich. Das unbest\u00e4ndige Wetter mit m\u00e4\u00dfigen Durchschnittstemperaturen setzte sich den gesamten Mai \u00fcber fort und best\u00e4tigte eine Verz\u00f6gerung der Vegetationsentwicklung von etwa zwei Wochen gegen\u00fcber den Vorjahren, was jedoch einem eher traditionellen Verlauf entspricht.<\/p>\n<h3>Die Temperaturen<\/h3>\n<p>Die hohen Temperaturen im Juni schufen zusammen mit der Wasserverf\u00fcgbarkeit im Boden die Bedingungen f\u00fcr eine schnelle Vegetationsentwicklung, was von den Winzern gro\u00dfe Aufmerksamkeit erforderte, um m\u00f6gliche pflanzengesundheitliche Probleme einzud\u00e4mmen. Die hei\u00dfeste Phase der Saison wurde zwischen der letzten Juniwoche und der ersten Juliwoche verzeichnet, gefolgt von Tagen mit milderen Temperaturen im Wechsel mit Regenf\u00e4llen. Ende Juli gab es die zweite Hitzewelle des Sommers, die mit teils heftigen, aber f\u00fcr die Reben unsch\u00e4dlichen Gewittern endete; der Rest des Sommers verlief bei mildem Klima mit sporadischen und regelm\u00e4\u00dfigen Niederschl\u00e4gen.<\/p>\n<h3>Die Weinlese<\/h3>\n<p>Der September verlief wechselhaft, aber positiv f\u00fcr die Reife des Nebbiolo. Eine eher kalte und graue erste Woche, die zweite perfekt mit klarem Himmel und gro\u00dfen Temperaturunterschieden zwischen Tag und Nacht, die dritte tendenziell warm und Ende des Monats sowie Anfang Oktober wieder ideal mit warmen Tagen und k\u00fchlen N\u00e4chten.<\/p>\n","protected":false},"excerpt":{"rendered":"<p>PRODUTTORI DEL BARBARESCO Riserva Montefico Barbaresco 2019 DAS WEINGUT PRODUTTORI DEL BARBARESCO Gegr\u00fcndet im Jahr 1958, z\u00e4hlt sie heute 50 Mitglieder mit rund 110 Hektar Nebbiolo-Weinbergen (1\/7 des Ursprungsgebiets) und kontrolliert einen Gro\u00dfteil der historischen \u201eCrus\u201c der Region. Die Produttori del Barbaresco vinifiziert ausschlie\u00dflich Nebbiolo-Trauben und erzeugt einen Barbaresco D.O.C.G. aus Trauben verschiedener Lagen des [&hellip;]<\/p>\n","protected":false},"featured_media":8519,"comment_status":"open","ping_status":"closed","template":"","meta":{"_acf_changed":false,"_monsterinsights_skip_tracking":false,"_monsterinsights_sitenote_active":false,"_monsterinsights_sitenote_note":"","_monsterinsights_sitenote_category":0},"product_brand":[],"product_cat":[1773],"product_tag":[1751,15895,18450,15893,15959],"class_list":{"0":"post-49506","1":"product","2":"type-product","3":"status-publish","4":"has-post-thumbnail","6":"product_cat-barbaresco-de","7":"product_tag-aussergewoehnliche-weine-aus-italien-de","8":"product_tag-barbaresco-de-2","9":"product_tag-langhe-weine","10":"product_tag-piemonte-de","11":"product_tag-vino-rosso-de","12":"pa_appellation-barbaresco-docg-de","13":"pa_formato-0-75-l-flasche-de","14":"pa_producer-produttori-del-barbaresco-de","15":"pa_region-piemont-de","16":"pa_vine-100-nebbiolo-de","17":"pa_vintage-2019-de","19":"first","20":"instock","21":"taxable","22":"shipping-taxable","23":"purchasable","24":"product-type-simple"},"bundled_by":[],"bundle_stock_status":"instock","bundle_stock_quantity":6,"bundle_virtual":false,"bundle_layout":"","bundle_add_to_cart_form_location":"","bundle_editable_in_cart":false,"bundle_sold_individually_context":"","bundle_item_grouping":"","bundle_min_size":"","bundle_max_size":"","bundle_price":[],"bundled_items":[],"bundle_sell_ids":[],"yoast_head":"<!-- This site is optimized with the Yoast SEO plugin v27.2 - https:\/\/yoast.com\/product\/yoast-seo-wordpress\/ -->\n<title>PRODUTTORI DEL BARBARESCO Riserva Montefico Barbaresco 2019<\/title>\n<meta name=\"description\" content=\"Kaufen Sie online bei Fons Vinum PRODUTTORI DEL BARBARESCO Riserva Montefico Barbaresco \u2013 der neue, gerade erschienene Jahrgang 2019\" \/>\n<meta name=\"robots\" content=\"index, follow, max-snippet:-1, max-image-preview:large, max-video-preview:-1\" \/>\n<link rel=\"canonical\" href=\"https:\/\/fonsvinum.com\/de\/produkt\/produttori-del-barbaresco-riserva-montefico-barbaresco-2019\/\" \/>\n<meta property=\"og:locale\" content=\"de_DE\" \/>\n<meta property=\"og:type\" content=\"article\" \/>\n<meta property=\"og:title\" content=\"PRODUTTORI DEL BARBARESCO Riserva Montefico Barbaresco 2019\" \/>\n<meta property=\"og:description\" content=\"Kaufen Sie online bei Fons Vinum PRODUTTORI DEL BARBARESCO Riserva Montefico Barbaresco \u2013 der neue, gerade erschienene Jahrgang 2019\" \/>\n<meta property=\"og:url\" content=\"https:\/\/fonsvinum.com\/de\/produkt\/produttori-del-barbaresco-riserva-montefico-barbaresco-2019\/\" \/>\n<meta property=\"og:site_name\" content=\"Fons Vinum\" \/>\n<meta property=\"article:modified_time\" content=\"2026-04-20T05:02:24+00:00\" \/>\n<meta property=\"og:image\" content=\"https:\/\/fonsvinum.com\/files\/2013\/04\/barberesco-produttori-riserva-montefico.png\" \/>\n\t<meta property=\"og:image:width\" content=\"225\" \/>\n\t<meta property=\"og:image:height\" content=\"540\" \/>\n\t<meta property=\"og:image:type\" content=\"image\/png\" \/>\n<meta name=\"twitter:label1\" content=\"Gesch\u00e4tzte Lesezeit\" \/>\n\t<meta name=\"twitter:data1\" content=\"3\u00a0Minuten\" \/>\n<script type=\"application\/ld+json\" class=\"yoast-schema-graph\">{\"@context\":\"https:\/\/schema.org\",\"@graph\":[{\"@type\":\"WebPage\",\"@id\":\"https:\/\/fonsvinum.com\/de\/produkt\/produttori-del-barbaresco-riserva-montefico-barbaresco-2019\/\",\"url\":\"https:\/\/fonsvinum.com\/de\/produkt\/produttori-del-barbaresco-riserva-montefico-barbaresco-2019\/\",\"name\":\"PRODUTTORI DEL BARBARESCO Riserva Montefico Barbaresco 2019\",\"isPartOf\":{\"@id\":\"https:\/\/fonsvinum.com\/en\/#website\"},\"primaryImageOfPage\":{\"@id\":\"https:\/\/fonsvinum.com\/de\/produkt\/produttori-del-barbaresco-riserva-montefico-barbaresco-2019\/#primaryimage\"},\"image\":{\"@id\":\"https:\/\/fonsvinum.com\/de\/produkt\/produttori-del-barbaresco-riserva-montefico-barbaresco-2019\/#primaryimage\"},\"thumbnailUrl\":\"https:\/\/fonsvinum.com\/files\/2013\/04\/barberesco-produttori-riserva-montefico.png\",\"datePublished\":\"2026-04-20T04:53:25+00:00\",\"dateModified\":\"2026-04-20T05:02:24+00:00\",\"description\":\"Kaufen Sie online bei Fons Vinum PRODUTTORI DEL BARBARESCO Riserva Montefico Barbaresco \u2013 der neue, gerade erschienene Jahrgang 2019\",\"breadcrumb\":{\"@id\":\"https:\/\/fonsvinum.com\/de\/produkt\/produttori-del-barbaresco-riserva-montefico-barbaresco-2019\/#breadcrumb\"},\"inLanguage\":\"de\",\"potentialAction\":[{\"@type\":\"ReadAction\",\"target\":[\"https:\/\/fonsvinum.com\/de\/produkt\/produttori-del-barbaresco-riserva-montefico-barbaresco-2019\/\"]}]},{\"@type\":\"ImageObject\",\"inLanguage\":\"de\",\"@id\":\"https:\/\/fonsvinum.com\/de\/produkt\/produttori-del-barbaresco-riserva-montefico-barbaresco-2019\/#primaryimage\",\"url\":\"https:\/\/fonsvinum.com\/files\/2013\/04\/barberesco-produttori-riserva-montefico.png\",\"contentUrl\":\"https:\/\/fonsvinum.com\/files\/2013\/04\/barberesco-produttori-riserva-montefico.png\",\"width\":225,\"height\":540,\"caption\":\"Barbaresco Riserva Montefico PRODUTTORI DEL BARBARESCO\"},{\"@type\":\"BreadcrumbList\",\"@id\":\"https:\/\/fonsvinum.com\/de\/produkt\/produttori-del-barbaresco-riserva-montefico-barbaresco-2019\/#breadcrumb\",\"itemListElement\":[{\"@type\":\"ListItem\",\"position\":1,\"name\":\"Startseite\",\"item\":\"https:\/\/fonsvinum.com\/de\/\"},{\"@type\":\"ListItem\",\"position\":2,\"name\":\"Shop\",\"item\":\"https:\/\/fonsvinum.com\/de\/shop\/\"},{\"@type\":\"ListItem\",\"position\":3,\"name\":\"PRODUTTORI DEL BARBARESCO Riserva Montefico Barbaresco 2019\"}]},{\"@type\":\"WebSite\",\"@id\":\"https:\/\/fonsvinum.com\/en\/#website\",\"url\":\"https:\/\/fonsvinum.com\/en\/\",\"name\":\"Fons Vinum\",\"description\":\"Vendita Vino Online\",\"publisher\":{\"@id\":\"https:\/\/fonsvinum.com\/en\/#organization\"},\"potentialAction\":[{\"@type\":\"SearchAction\",\"target\":{\"@type\":\"EntryPoint\",\"urlTemplate\":\"https:\/\/fonsvinum.com\/en\/?s={search_term_string}\"},\"query-input\":{\"@type\":\"PropertyValueSpecification\",\"valueRequired\":true,\"valueName\":\"search_term_string\"}}],\"inLanguage\":\"de\"},{\"@type\":\"Organization\",\"@id\":\"https:\/\/fonsvinum.com\/en\/#organization\",\"name\":\"Fons Vinum\",\"url\":\"https:\/\/fonsvinum.com\/en\/\",\"logo\":{\"@type\":\"ImageObject\",\"inLanguage\":\"de\",\"@id\":\"https:\/\/fonsvinum.com\/en\/#\/schema\/logo\/image\/\",\"url\":\"\",\"contentUrl\":\"\",\"caption\":\"Fons Vinum\"},\"image\":{\"@id\":\"https:\/\/fonsvinum.com\/en\/#\/schema\/logo\/image\/\"}}]}<\/script>\n<!-- \/ Yoast SEO plugin. -->","yoast_head_json":{"title":"PRODUTTORI DEL BARBARESCO Riserva Montefico Barbaresco 2019","description":"Kaufen Sie online bei Fons Vinum PRODUTTORI DEL BARBARESCO Riserva Montefico Barbaresco \u2013 der neue, gerade erschienene Jahrgang 2019","robots":{"index":"index","follow":"follow","max-snippet":"max-snippet:-1","max-image-preview":"max-image-preview:large","max-video-preview":"max-video-preview:-1"},"canonical":"https:\/\/fonsvinum.com\/de\/produkt\/produttori-del-barbaresco-riserva-montefico-barbaresco-2019\/","og_locale":"de_DE","og_type":"article","og_title":"PRODUTTORI DEL BARBARESCO Riserva Montefico Barbaresco 2019","og_description":"Kaufen Sie online bei Fons Vinum PRODUTTORI DEL BARBARESCO Riserva Montefico Barbaresco \u2013 der neue, gerade erschienene Jahrgang 2019","og_url":"https:\/\/fonsvinum.com\/de\/produkt\/produttori-del-barbaresco-riserva-montefico-barbaresco-2019\/","og_site_name":"Fons Vinum","article_modified_time":"2026-04-20T05:02:24+00:00","og_image":[{"width":225,"height":540,"url":"https:\/\/fonsvinum.com\/files\/2013\/04\/barberesco-produttori-riserva-montefico.png","type":"image\/png"}],"twitter_misc":{"Gesch\u00e4tzte Lesezeit":"3\u00a0Minuten"},"schema":{"@context":"https:\/\/schema.org","@graph":[{"@type":"WebPage","@id":"https:\/\/fonsvinum.com\/de\/produkt\/produttori-del-barbaresco-riserva-montefico-barbaresco-2019\/","url":"https:\/\/fonsvinum.com\/de\/produkt\/produttori-del-barbaresco-riserva-montefico-barbaresco-2019\/","name":"PRODUTTORI DEL BARBARESCO Riserva Montefico Barbaresco 2019","isPartOf":{"@id":"https:\/\/fonsvinum.com\/en\/#website"},"primaryImageOfPage":{"@id":"https:\/\/fonsvinum.com\/de\/produkt\/produttori-del-barbaresco-riserva-montefico-barbaresco-2019\/#primaryimage"},"image":{"@id":"https:\/\/fonsvinum.com\/de\/produkt\/produttori-del-barbaresco-riserva-montefico-barbaresco-2019\/#primaryimage"},"thumbnailUrl":"https:\/\/fonsvinum.com\/files\/2013\/04\/barberesco-produttori-riserva-montefico.png","datePublished":"2026-04-20T04:53:25+00:00","dateModified":"2026-04-20T05:02:24+00:00","description":"Kaufen Sie online bei Fons Vinum PRODUTTORI DEL BARBARESCO Riserva Montefico Barbaresco \u2013 der neue, gerade erschienene Jahrgang 2019","breadcrumb":{"@id":"https:\/\/fonsvinum.com\/de\/produkt\/produttori-del-barbaresco-riserva-montefico-barbaresco-2019\/#breadcrumb"},"inLanguage":"de","potentialAction":[{"@type":"ReadAction","target":["https:\/\/fonsvinum.com\/de\/produkt\/produttori-del-barbaresco-riserva-montefico-barbaresco-2019\/"]}]},{"@type":"ImageObject","inLanguage":"de","@id":"https:\/\/fonsvinum.com\/de\/produkt\/produttori-del-barbaresco-riserva-montefico-barbaresco-2019\/#primaryimage","url":"https:\/\/fonsvinum.com\/files\/2013\/04\/barberesco-produttori-riserva-montefico.png","contentUrl":"https:\/\/fonsvinum.com\/files\/2013\/04\/barberesco-produttori-riserva-montefico.png","width":225,"height":540,"caption":"Barbaresco Riserva Montefico PRODUTTORI DEL BARBARESCO"},{"@type":"BreadcrumbList","@id":"https:\/\/fonsvinum.com\/de\/produkt\/produttori-del-barbaresco-riserva-montefico-barbaresco-2019\/#breadcrumb","itemListElement":[{"@type":"ListItem","position":1,"name":"Startseite","item":"https:\/\/fonsvinum.com\/de\/"},{"@type":"ListItem","position":2,"name":"Shop","item":"https:\/\/fonsvinum.com\/de\/shop\/"},{"@type":"ListItem","position":3,"name":"PRODUTTORI DEL BARBARESCO Riserva Montefico Barbaresco 2019"}]},{"@type":"WebSite","@id":"https:\/\/fonsvinum.com\/en\/#website","url":"https:\/\/fonsvinum.com\/en\/","name":"Fons Vinum","description":"Vendita Vino Online","publisher":{"@id":"https:\/\/fonsvinum.com\/en\/#organization"},"potentialAction":[{"@type":"SearchAction","target":{"@type":"EntryPoint","urlTemplate":"https:\/\/fonsvinum.com\/en\/?s={search_term_string}"},"query-input":{"@type":"PropertyValueSpecification","valueRequired":true,"valueName":"search_term_string"}}],"inLanguage":"de"},{"@type":"Organization","@id":"https:\/\/fonsvinum.com\/en\/#organization","name":"Fons Vinum","url":"https:\/\/fonsvinum.com\/en\/","logo":{"@type":"ImageObject","inLanguage":"de","@id":"https:\/\/fonsvinum.com\/en\/#\/schema\/logo\/image\/","url":"","contentUrl":"","caption":"Fons Vinum"},"image":{"@id":"https:\/\/fonsvinum.com\/en\/#\/schema\/logo\/image\/"}}]}},"acf":[],"_links":{"self":[{"href":"https:\/\/fonsvinum.com\/de\/wp-json\/wp\/v2\/product\/49506","targetHints":{"allow":["GET"]}}],"collection":[{"href":"https:\/\/fonsvinum.com\/de\/wp-json\/wp\/v2\/product"}],"about":[{"href":"https:\/\/fonsvinum.com\/de\/wp-json\/wp\/v2\/types\/product"}],"replies":[{"embeddable":true,"href":"https:\/\/fonsvinum.com\/de\/wp-json\/wp\/v2\/comments?post=49506"}],"wp:featuredmedia":[{"embeddable":true,"href":"https:\/\/fonsvinum.com\/de\/wp-json\/wp\/v2\/media\/8519"}],"wp:attachment":[{"href":"https:\/\/fonsvinum.com\/de\/wp-json\/wp\/v2\/media?parent=49506"}],"wp:term":[{"taxonomy":"product_brand","embeddable":true,"href":"https:\/\/fonsvinum.com\/de\/wp-json\/wp\/v2\/product_brand?post=49506"},{"taxonomy":"product_cat","embeddable":true,"href":"https:\/\/fonsvinum.com\/de\/wp-json\/wp\/v2\/product_cat?post=49506"},{"taxonomy":"product_tag","embeddable":true,"href":"https:\/\/fonsvinum.com\/de\/wp-json\/wp\/v2\/product_tag?post=49506"}],"curies":[{"name":"wp","href":"https:\/\/api.w.org\/{rel}","templated":true}]}}