{"id":49496,"date":"2026-04-17T15:07:45","date_gmt":"2026-04-17T13:07:45","guid":{"rendered":"https:\/\/fonsvinum.com\/?post_type=product&#038;p=49496"},"modified":"2026-04-17T15:24:49","modified_gmt":"2026-04-17T13:24:49","slug":"marchesi-antinori-solaia-2022","status":"publish","type":"product","link":"https:\/\/fonsvinum.com\/de\/produkt\/marchesi-antinori-solaia-2022\/","title":{"rendered":"MARCHESI ANTINORI Solaia 2022"},"content":{"rendered":"<h2><a href=\"https:\/\/fonsvinum.com\/de\/attributes\/producer\/marchesi-antinori-de\/\">MARCHESI ANTINORI<\/a><\/h2>\n<h3>-Die Familie-<\/h3>\n<p>Die Familie Antinori ist seit 1385 im Weinbau t\u00e4tig. In jenem Jahr trat Giovanni Di Piero Antinori der Florentiner Zunft der Winzer bei. Seitdem wurde die Leitung \u00fcber 26 Generationen hinweg weitergegeben. Dies ist das Ergebnis innovativer und mutiger Entscheidungen, wobei stets der Respekt vor Tradition und Terroir gewahrt wurde.<\/p>\n<p>Heute wird das Unternehmen von Albiera Antinori geleitet, wobei ihre beiden Schwestern Allegra und Alessia ebenfalls im Betrieb involviert sind. Marchese Piero Antinori ist derzeit Ehrenpr\u00e4sident der Gesellschaft.<\/p>\n<p><em>Tradition, Leidenschaft<\/em> und <em>Intuition<\/em> haben dazu gef\u00fchrt, dass sich Marchesi Antinori als einer der f\u00fchrenden italienischen Weinproduzenten etabliert hat.<\/p>\n<p>Marchese Piero betont: \u201eDie alten Wurzeln spielen eine wichtige Rolle in unserer Philosophie, haben aber nie unseren Innovationsgeist gehemmt\u201c. Zu den Weing\u00fctern in der Toskana und in Umbrien, dem historischen Erbe der Familie, kamen im Laufe der Zeit Investitionen in andere Gebiete hinzu, die f\u00fcr die Erzeugung von Qualit\u00e4tsweinen in Italien und im Ausland pr\u00e4destiniert sind.<\/p>\n<h3 class=\"heading heading--h3 text-animated text-animated--active\">-Tenuta Tignanello-<\/h3>\n<p class=\"article paragraph text-animated text-animated--active\">Tenuta Tignanello liegt im Herzen des Chianti Classico, auf den sanften H\u00fcgeln zwischen den T\u00e4lern der Greve und der Pesa. Das Anwesen erstreckt sich \u00fcber 319 Hektar Land, davon 127 Hektar Weinberge. Darunter befinden sich zwei Sch\u00e4tze: die Lagen Tignanello und Solaia auf demselben H\u00fcgel. Die B\u00f6den bestehen aus plioz\u00e4nem Meeresmergel mit Kalkstein und Schiefer; die Reben genie\u00dfen warme Tage und k\u00fchle N\u00e4chte w\u00e4hrend der Wachstumsperiode. Aus diesen Lagen entstehen Solaia und Tignanello, die von der internationalen Presse als \u201eeinflussreichste Weine der italienischen Weinbaugeschichte\u201c bezeichnet wurden. F\u00fcr Marchesi Antinori stellen sie eine st\u00e4ndige Herausforderung und eine unendliche Leidenschaft dar. Die Weinberge der Tenuta Tignanello bestehen haupts\u00e4chlich aus der autochthonen Sangiovese sowie aus nicht-traditionellen Sorten wie Cabernet Sauvignon und Cabernet Franc.<\/p>\n<h2><a href=\"https:\/\/fonsvinum.com\/?s=SOLAIA&amp;post_type=product\">SOLAIA <\/a><\/h2>\n<p>Vom sonnigsten Teil des Tignanello-H\u00fcgels. Aus den besten Trauben des besten Weinbergs. Der Rest ist Leidenschaft, Sorgfalt, Aufmerksamkeit und Forschung. So entsteht Solaia, gekeltert aus den selektiertesten Cabernet Sauvignon-, Cabernet Franc- und Sangiovese-Trauben der gleichnamigen Lage.<\/p>\n<h3><strong>-JAHRGANG 2022-<\/strong><\/h3>\n<h3><strong>Verkostungsnotizen<\/strong><\/h3>\n<ul>\n<li>Solaia 2022 pr\u00e4sentiert sich in einer intensiven und tiefen rubinroten <strong>Farbe<\/strong>;<\/li>\n<li>In der <strong>Nase<\/strong> zeigt er sich sofort pr\u00e4sent, wobei die Fruchtaromen in perfekter Harmonie mit den Vanille- und Schokoladennoten des Holzes bewahrt werden;<\/li>\n<li>Am <strong>Gaumen<\/strong> von gro\u00dfer Kraft, unterst\u00fctzt durch eine deutliche Tanninstruktur, jedoch <span class=\"xwhighlight\">weich<\/span> und sehr langanhaltend nach einiger Zeit im Glas. Noten von reifen Fr\u00fcchten, Brombeeren und Kirschen bilden einen <span class=\"xwhighlight\">intensiven<\/span> <span class=\"xwhighlight\">Nachhall<\/span> und eine <span class=\"xwhighlight\">Persistenz<\/span>, die nahezu endlos scheinen.<\/li>\n<\/ul>\n<h3><\/h3>\n<p>&nbsp;<\/p>\n","protected":false},"excerpt":{"rendered":"<p>MARCHESI ANTINORI -Die Familie- Die Familie Antinori ist seit 1385 im Weinbau t\u00e4tig. In jenem Jahr trat Giovanni Di Piero Antinori der Florentiner Zunft der Winzer bei. Seitdem wurde die Leitung \u00fcber 26 Generationen hinweg weitergegeben. Dies ist das Ergebnis innovativer und mutiger Entscheidungen, wobei stets der Respekt vor Tradition und Terroir gewahrt wurde. Heute [&hellip;]<\/p>\n","protected":false},"featured_media":5002,"comment_status":"open","ping_status":"closed","template":"","meta":{"_acf_changed":false,"_monsterinsights_skip_tracking":false,"_monsterinsights_sitenote_active":false,"_monsterinsights_sitenote_note":"","_monsterinsights_sitenote_category":0},"product_brand":[],"product_cat":[1693],"product_tag":[15959,3583],"class_list":{"0":"post-49496","1":"product","2":"type-product","3":"status-publish","4":"has-post-thumbnail","6":"product_cat-blend-2-de","7":"product_tag-vino-rosso-de","8":"product_tag-vini-toscani-de","9":"pa_appellation-toscana-rosso-igt-de","10":"pa_formato-0-75-l-flasche-de","11":"pa_producer-marchesi-antinori-de","12":"pa_region-toskana-de","13":"pa_vine-75-cabernet-sauvignon-5-cabernet-franc-20-sangiovese-de","14":"pa_vintage-18397","16":"first","17":"instock","18":"taxable","19":"shipping-taxable","20":"purchasable","21":"product-type-simple"},"bundled_by":[],"bundle_stock_status":"instock","bundle_stock_quantity":6,"bundle_virtual":false,"bundle_layout":"","bundle_add_to_cart_form_location":"","bundle_editable_in_cart":false,"bundle_sold_individually_context":"","bundle_item_grouping":"","bundle_min_size":"","bundle_max_size":"","bundle_price":[],"bundled_items":[],"bundle_sell_ids":[],"yoast_head":"<!-- This site is optimized with the Yoast SEO plugin v27.2 - https:\/\/yoast.com\/product\/yoast-seo-wordpress\/ -->\n<title>MARCHESI ANTINORI Solaia 2022 online kaufen - Fons Vinum<\/title>\n<meta name=\"description\" content=\"Kaufen Sie MARCHESI ANTINORI Solaia 2022 online bei Fons Vinum \u2013 ein Wein, der mit Leidenschaft aus den besten Trauben des besten Weinbergs entsteht!!\" \/>\n<meta name=\"robots\" content=\"index, follow, max-snippet:-1, max-image-preview:large, max-video-preview:-1\" \/>\n<link rel=\"canonical\" href=\"https:\/\/fonsvinum.com\/de\/produkt\/marchesi-antinori-solaia-2022\/\" \/>\n<meta property=\"og:locale\" content=\"de_DE\" \/>\n<meta property=\"og:type\" content=\"article\" \/>\n<meta property=\"og:title\" content=\"MARCHESI ANTINORI Solaia 2022 online kaufen - Fons Vinum\" \/>\n<meta property=\"og:description\" content=\"Kaufen Sie MARCHESI ANTINORI Solaia 2022 online bei Fons Vinum \u2013 ein Wein, der mit Leidenschaft aus den besten Trauben des besten Weinbergs entsteht!!\" \/>\n<meta property=\"og:url\" content=\"https:\/\/fonsvinum.com\/de\/produkt\/marchesi-antinori-solaia-2022\/\" \/>\n<meta property=\"og:site_name\" content=\"Fons Vinum\" \/>\n<meta property=\"article:modified_time\" content=\"2026-04-17T13:24:49+00:00\" \/>\n<meta property=\"og:image\" content=\"https:\/\/fonsvinum.com\/files\/2013\/04\/solaia-marchesi-antinori.png\" \/>\n\t<meta property=\"og:image:width\" content=\"203\" \/>\n\t<meta property=\"og:image:height\" content=\"628\" \/>\n\t<meta property=\"og:image:type\" content=\"image\/png\" \/>\n<meta name=\"twitter:label1\" content=\"Gesch\u00e4tzte Lesezeit\" \/>\n\t<meta name=\"twitter:data1\" content=\"3\u00a0Minuten\" \/>\n<script type=\"application\/ld+json\" class=\"yoast-schema-graph\">{\"@context\":\"https:\/\/schema.org\",\"@graph\":[{\"@type\":\"WebPage\",\"@id\":\"https:\/\/fonsvinum.com\/de\/produkt\/marchesi-antinori-solaia-2022\/\",\"url\":\"https:\/\/fonsvinum.com\/de\/produkt\/marchesi-antinori-solaia-2022\/\",\"name\":\"MARCHESI ANTINORI Solaia 2022 online kaufen - Fons Vinum\",\"isPartOf\":{\"@id\":\"https:\/\/fonsvinum.com\/en\/#website\"},\"primaryImageOfPage\":{\"@id\":\"https:\/\/fonsvinum.com\/de\/produkt\/marchesi-antinori-solaia-2022\/#primaryimage\"},\"image\":{\"@id\":\"https:\/\/fonsvinum.com\/de\/produkt\/marchesi-antinori-solaia-2022\/#primaryimage\"},\"thumbnailUrl\":\"https:\/\/fonsvinum.com\/files\/2013\/04\/solaia-marchesi-antinori.png\",\"datePublished\":\"2026-04-17T13:07:45+00:00\",\"dateModified\":\"2026-04-17T13:24:49+00:00\",\"description\":\"Kaufen Sie MARCHESI ANTINORI Solaia 2022 online bei Fons Vinum \u2013 ein Wein, der mit Leidenschaft aus den besten Trauben des besten Weinbergs entsteht!!\",\"breadcrumb\":{\"@id\":\"https:\/\/fonsvinum.com\/de\/produkt\/marchesi-antinori-solaia-2022\/#breadcrumb\"},\"inLanguage\":\"de\",\"potentialAction\":[{\"@type\":\"ReadAction\",\"target\":[\"https:\/\/fonsvinum.com\/de\/produkt\/marchesi-antinori-solaia-2022\/\"]}]},{\"@type\":\"ImageObject\",\"inLanguage\":\"de\",\"@id\":\"https:\/\/fonsvinum.com\/de\/produkt\/marchesi-antinori-solaia-2022\/#primaryimage\",\"url\":\"https:\/\/fonsvinum.com\/files\/2013\/04\/solaia-marchesi-antinori.png\",\"contentUrl\":\"https:\/\/fonsvinum.com\/files\/2013\/04\/solaia-marchesi-antinori.png\",\"width\":203,\"height\":628,\"caption\":\"Solaia 2011 MARCHESI ANTINORI\"},{\"@type\":\"BreadcrumbList\",\"@id\":\"https:\/\/fonsvinum.com\/de\/produkt\/marchesi-antinori-solaia-2022\/#breadcrumb\",\"itemListElement\":[{\"@type\":\"ListItem\",\"position\":1,\"name\":\"Startseite\",\"item\":\"https:\/\/fonsvinum.com\/de\/\"},{\"@type\":\"ListItem\",\"position\":2,\"name\":\"Shop\",\"item\":\"https:\/\/fonsvinum.com\/de\/shop\/\"},{\"@type\":\"ListItem\",\"position\":3,\"name\":\"MARCHESI ANTINORI Solaia 2022\"}]},{\"@type\":\"WebSite\",\"@id\":\"https:\/\/fonsvinum.com\/en\/#website\",\"url\":\"https:\/\/fonsvinum.com\/en\/\",\"name\":\"Fons Vinum\",\"description\":\"Vendita Vino Online\",\"publisher\":{\"@id\":\"https:\/\/fonsvinum.com\/en\/#organization\"},\"potentialAction\":[{\"@type\":\"SearchAction\",\"target\":{\"@type\":\"EntryPoint\",\"urlTemplate\":\"https:\/\/fonsvinum.com\/en\/?s={search_term_string}\"},\"query-input\":{\"@type\":\"PropertyValueSpecification\",\"valueRequired\":true,\"valueName\":\"search_term_string\"}}],\"inLanguage\":\"de\"},{\"@type\":\"Organization\",\"@id\":\"https:\/\/fonsvinum.com\/en\/#organization\",\"name\":\"Fons Vinum\",\"url\":\"https:\/\/fonsvinum.com\/en\/\",\"logo\":{\"@type\":\"ImageObject\",\"inLanguage\":\"de\",\"@id\":\"https:\/\/fonsvinum.com\/en\/#\/schema\/logo\/image\/\",\"url\":\"\",\"contentUrl\":\"\",\"caption\":\"Fons Vinum\"},\"image\":{\"@id\":\"https:\/\/fonsvinum.com\/en\/#\/schema\/logo\/image\/\"}}]}<\/script>\n<!-- \/ Yoast SEO plugin. -->","yoast_head_json":{"title":"MARCHESI ANTINORI Solaia 2022 online kaufen - Fons Vinum","description":"Kaufen Sie MARCHESI ANTINORI Solaia 2022 online bei Fons Vinum \u2013 ein Wein, der mit Leidenschaft aus den besten Trauben des besten Weinbergs entsteht!!","robots":{"index":"index","follow":"follow","max-snippet":"max-snippet:-1","max-image-preview":"max-image-preview:large","max-video-preview":"max-video-preview:-1"},"canonical":"https:\/\/fonsvinum.com\/de\/produkt\/marchesi-antinori-solaia-2022\/","og_locale":"de_DE","og_type":"article","og_title":"MARCHESI ANTINORI Solaia 2022 online kaufen - Fons Vinum","og_description":"Kaufen Sie MARCHESI ANTINORI Solaia 2022 online bei Fons Vinum \u2013 ein Wein, der mit Leidenschaft aus den besten Trauben des besten Weinbergs entsteht!!","og_url":"https:\/\/fonsvinum.com\/de\/produkt\/marchesi-antinori-solaia-2022\/","og_site_name":"Fons Vinum","article_modified_time":"2026-04-17T13:24:49+00:00","og_image":[{"width":203,"height":628,"url":"https:\/\/fonsvinum.com\/files\/2013\/04\/solaia-marchesi-antinori.png","type":"image\/png"}],"twitter_misc":{"Gesch\u00e4tzte Lesezeit":"3\u00a0Minuten"},"schema":{"@context":"https:\/\/schema.org","@graph":[{"@type":"WebPage","@id":"https:\/\/fonsvinum.com\/de\/produkt\/marchesi-antinori-solaia-2022\/","url":"https:\/\/fonsvinum.com\/de\/produkt\/marchesi-antinori-solaia-2022\/","name":"MARCHESI ANTINORI Solaia 2022 online kaufen - Fons Vinum","isPartOf":{"@id":"https:\/\/fonsvinum.com\/en\/#website"},"primaryImageOfPage":{"@id":"https:\/\/fonsvinum.com\/de\/produkt\/marchesi-antinori-solaia-2022\/#primaryimage"},"image":{"@id":"https:\/\/fonsvinum.com\/de\/produkt\/marchesi-antinori-solaia-2022\/#primaryimage"},"thumbnailUrl":"https:\/\/fonsvinum.com\/files\/2013\/04\/solaia-marchesi-antinori.png","datePublished":"2026-04-17T13:07:45+00:00","dateModified":"2026-04-17T13:24:49+00:00","description":"Kaufen Sie MARCHESI ANTINORI Solaia 2022 online bei Fons Vinum \u2013 ein Wein, der mit Leidenschaft aus den besten Trauben des besten Weinbergs entsteht!!","breadcrumb":{"@id":"https:\/\/fonsvinum.com\/de\/produkt\/marchesi-antinori-solaia-2022\/#breadcrumb"},"inLanguage":"de","potentialAction":[{"@type":"ReadAction","target":["https:\/\/fonsvinum.com\/de\/produkt\/marchesi-antinori-solaia-2022\/"]}]},{"@type":"ImageObject","inLanguage":"de","@id":"https:\/\/fonsvinum.com\/de\/produkt\/marchesi-antinori-solaia-2022\/#primaryimage","url":"https:\/\/fonsvinum.com\/files\/2013\/04\/solaia-marchesi-antinori.png","contentUrl":"https:\/\/fonsvinum.com\/files\/2013\/04\/solaia-marchesi-antinori.png","width":203,"height":628,"caption":"Solaia 2011 MARCHESI ANTINORI"},{"@type":"BreadcrumbList","@id":"https:\/\/fonsvinum.com\/de\/produkt\/marchesi-antinori-solaia-2022\/#breadcrumb","itemListElement":[{"@type":"ListItem","position":1,"name":"Startseite","item":"https:\/\/fonsvinum.com\/de\/"},{"@type":"ListItem","position":2,"name":"Shop","item":"https:\/\/fonsvinum.com\/de\/shop\/"},{"@type":"ListItem","position":3,"name":"MARCHESI ANTINORI Solaia 2022"}]},{"@type":"WebSite","@id":"https:\/\/fonsvinum.com\/en\/#website","url":"https:\/\/fonsvinum.com\/en\/","name":"Fons Vinum","description":"Vendita Vino Online","publisher":{"@id":"https:\/\/fonsvinum.com\/en\/#organization"},"potentialAction":[{"@type":"SearchAction","target":{"@type":"EntryPoint","urlTemplate":"https:\/\/fonsvinum.com\/en\/?s={search_term_string}"},"query-input":{"@type":"PropertyValueSpecification","valueRequired":true,"valueName":"search_term_string"}}],"inLanguage":"de"},{"@type":"Organization","@id":"https:\/\/fonsvinum.com\/en\/#organization","name":"Fons Vinum","url":"https:\/\/fonsvinum.com\/en\/","logo":{"@type":"ImageObject","inLanguage":"de","@id":"https:\/\/fonsvinum.com\/en\/#\/schema\/logo\/image\/","url":"","contentUrl":"","caption":"Fons Vinum"},"image":{"@id":"https:\/\/fonsvinum.com\/en\/#\/schema\/logo\/image\/"}}]}},"acf":[],"_links":{"self":[{"href":"https:\/\/fonsvinum.com\/de\/wp-json\/wp\/v2\/product\/49496","targetHints":{"allow":["GET"]}}],"collection":[{"href":"https:\/\/fonsvinum.com\/de\/wp-json\/wp\/v2\/product"}],"about":[{"href":"https:\/\/fonsvinum.com\/de\/wp-json\/wp\/v2\/types\/product"}],"replies":[{"embeddable":true,"href":"https:\/\/fonsvinum.com\/de\/wp-json\/wp\/v2\/comments?post=49496"}],"wp:featuredmedia":[{"embeddable":true,"href":"https:\/\/fonsvinum.com\/de\/wp-json\/wp\/v2\/media\/5002"}],"wp:attachment":[{"href":"https:\/\/fonsvinum.com\/de\/wp-json\/wp\/v2\/media?parent=49496"}],"wp:term":[{"taxonomy":"product_brand","embeddable":true,"href":"https:\/\/fonsvinum.com\/de\/wp-json\/wp\/v2\/product_brand?post=49496"},{"taxonomy":"product_cat","embeddable":true,"href":"https:\/\/fonsvinum.com\/de\/wp-json\/wp\/v2\/product_cat?post=49496"},{"taxonomy":"product_tag","embeddable":true,"href":"https:\/\/fonsvinum.com\/de\/wp-json\/wp\/v2\/product_tag?post=49496"}],"curies":[{"name":"wp","href":"https:\/\/api.w.org\/{rel}","templated":true}]}}