{"id":49476,"date":"2026-04-17T09:52:20","date_gmt":"2026-04-17T07:52:20","guid":{"rendered":"https:\/\/fonsvinum.com\/?post_type=product&#038;p=49476"},"modified":"2026-04-17T10:14:52","modified_gmt":"2026-04-17T08:14:52","slug":"giuseppe-cortese-rabaja-barbaresco-2018","status":"publish","type":"product","link":"https:\/\/fonsvinum.com\/de\/produkt\/giuseppe-cortese-rabaja-barbaresco-2018\/","title":{"rendered":"GIUSEPPE CORTESE Rabaja Barbaresco 2018"},"content":{"rendered":"<h2>Barbaresco Rabaja Giuseppe Cortese 2018<\/h2>\n<h2 class=\"lead\">WEINGUT <a href=\"https:\/\/fonsvinum.com\/de\/attributes\/producer\/giuseppe-cortese-de\/\">GIUSEPPE CORTESE<\/a><\/h2>\n<div class=\"col-md-12\">\n<p>Das Weingut von Giuseppe Cortese befindet sich in der Strada Rabaj\u00e0 in Barbaresco, einem Dorf im <strong>Herzen der Langhe<\/strong>, auf der Kuppe eines sanften H\u00fcgels, an dessen Fu\u00df der Fluss Tanaro flie\u00dft. Die Familie Cortese, die diese Weinberge seit drei Generationen bewirtschaftet, besitzt acht Hektar Rebfl\u00e4che mitten in Rabaj\u00e0, <strong>einer der besten Lagen f\u00fcr die Produktion von Barbaresco<\/strong>, dank der g\u00fcnstigen S\u00fcdwest-Exposition, der 40 Jahre alten Reben und einer perfekten Drainage.<\/p>\n<p>Das Weingut Cortese beweist seit jeher eine gro\u00dfe Liebe und eine starke Verbundenheit zu seinem Land, dem es aufmerksame Pflege und Respekt widmet. In seinen Weinbergen <strong>verzichtet das Weingut Cortese auf chemische Herbizide oder invasive Behandlungen<\/strong>. Vor kurzem haben Pier Carlo und Tiziana, die Kinder von Giuseppe, den alten Keller renoviert. In den weitl\u00e4ufigen, vollst\u00e4ndig unterirdischen R\u00e4umen ruht der Wein nun in gro\u00dfen F\u00e4ssern aus slawonischer oder franz\u00f6sischer Eiche sowie in Barriques (30 % neu) und findet dort die ideale Feuchtigkeit und Temperatur f\u00fcr eine optimale Reifung, die ihm die typischen Merkmale gro\u00dfer Komplexit\u00e4t und Eleganz verleiht.<\/p>\n<p>Im Laufe der Zeit hat sich die Marke Giuseppe Cortese bei Liebhabern durch den echten und lebendigen Charakter eines klassischen Barbaresco nach alter Tradition etabliert. Neben der Produktion des Barbaresco Rabaj\u00e0, der auch als Riserva angeboten wird, sind weitere typische Weine der Region hinzugekommen: <strong>brillante und elegante Interpretationen<\/strong>, das Ergebnis einer einzigartigen Liebe zum eigenen Land.<\/p>\n<h2><a href=\"https:\/\/fonsvinum.com\/?s=BARBARESCO&amp;post_type=product\">BARBARESCO<\/a> <a href=\"https:\/\/fonsvinum.com\/?s=rabaja&amp;post_type=product\">RABAJA<\/a><\/h2>\n<p>Der Barbaresco \u201eRabaj\u00e0\u201c von Giuseppe Cortese ist einer jener Weine, die man nach dem ersten Probieren nie wieder vergisst. Einer jener Weine, die die Zeit pr\u00e4gen, die sich nicht von Moden beeinflussen lassen, die man bei den wichtigsten Abendessen wiederfindet und die man an kalten Winterabenden, vielleicht vor dem Kamin, immer weiter trinken m\u00f6chte. Ein Wein, dem man Respekt zollt, ein Wein mit gefestigtem Stil, best\u00e4ndig, voll und einzigartig.<\/p>\n<p>Der Barbaresco \u201eRabaj\u00e0\u201c von Giuseppe Cortese ist all das: einer der besten Ausdr\u00fccke des Langhe-Gebiets. Ein Wein, der die Geschichte einer gro\u00dfen Familie in sich tr\u00e4gt, die seit 1971 ihr Land verteidigt, bewahrt, f\u00f6rdert und aufwertet. Eine Tradition, die heute von Giuseppes Kindern, Pier Carlo und Tiziana, fortgef\u00fchrt wird.<\/p>\n<p>Die Gr\u00f6\u00dfe des Barbaresco \u201eRabaj\u00e0\u201c von Giuseppe Cortese liegt ganz im Nebbiolo; eine Traube, die im Barbaresco ihre h\u00f6chste aromatische Komplexit\u00e4t und ihren besten Ausdruck an Langlebigkeit findet.<\/p>\n<p>Barbaresco Rabaj\u00e0. Traditionelle Interpretation eines gro\u00dfen Weinbergs: Struktur und Eleganz f\u00fcr einen Wein mit gro\u00dfem Charakter. Der Barbaresco Rabaj\u00e0 ist der wichtigste Wein des Hauses Giuseppe Cortese, mit einem \u00e4therischen, angenehmen und intensiven Bouquet mit frischen Nuancen, die sich mit der Reifung zu Noten von Gew\u00fcrzen, Leder und Unterholz entwickeln; trockener, voller und robuster Geschmack mit einer reichen und harmonischen Struktur; granatrote Farbe.<\/p>\n<p>Hergestellt aus 100 % Nebbiolo-Trauben von etwa 50 Jahre alten Weinbergen in Barbaresco auf 4 Hektar in der Zone \u201eRabaj\u00e0\u201c, nach S\u00fcden und S\u00fcdwesten ausgerichtet, auf einer H\u00f6he von 235\u2013315 m \u00fc. d. M.<\/p>\n<p>Produktion ca. 17.000 Flaschen<\/p>\n<div class=\"table__row\">\n<div class=\"grid\">\n<div class=\"grid__item width-5-12 desk-4-12\">\n<ul>\n<li class=\"table__row__element--name\"><strong>Vinifikation: <\/strong>ca. 30 Tage G\u00e4rung in alten Betonbottichen<\/li>\n<li class=\"table__row__element--name\"><strong>Ausbau: <\/strong>20\u201322 Monate in F\u00e4ssern aus slawonischer Eiche mit einer Gr\u00f6\u00dfe von 17 bis 25 Hektolitern, die mindestens 5\u20136 Jahre alt sind. Mindestens 10 Monate Flaschenreife vor der Vermarktung.<\/li>\n<\/ul>\n<\/div>\n<\/div>\n<\/div>\n<div class=\"prodotto__descrizione__content__attributi\">\n<ul>\n<li><span class=\"prodotto__descrizione__content__attributi__title\"><strong>Farbe:<\/strong> <\/span><span class=\"prodotto__descrizione__content__attributi__text\">Intensives Granatrot<\/span><\/li>\n<li><span class=\"prodotto__descrizione__content__attributi__title\"><strong>Bouquet:<\/strong> <\/span><span class=\"prodotto__descrizione__content__attributi__text\">Beginnt mit pflanzlichen Ankl\u00e4ngen und entwickelt sich dann zu D\u00fcften von Walderdbeere, Minze und mineralischen Noten<\/span><\/li>\n<li><span class=\"prodotto__descrizione__content__attributi__title\"><strong>Geschmack:<\/strong> <\/span><span class=\"prodotto__descrizione__content__attributi__text\">Intensiv und warm, mit einer beachtlichen Tanninstruktur, lang und anhaltend<\/span><\/li>\n<\/ul>\n<\/div>\n<p>&nbsp;<\/p>\n<\/div>\n","protected":false},"excerpt":{"rendered":"<p>Barbaresco Rabaja Giuseppe Cortese 2018 WEINGUT GIUSEPPE CORTESE Das Weingut von Giuseppe Cortese befindet sich in der Strada Rabaj\u00e0 in Barbaresco, einem Dorf im Herzen der Langhe, auf der Kuppe eines sanften H\u00fcgels, an dessen Fu\u00df der Fluss Tanaro flie\u00dft. Die Familie Cortese, die diese Weinberge seit drei Generationen bewirtschaftet, besitzt acht Hektar Rebfl\u00e4che mitten [&hellip;]<\/p>\n","protected":false},"featured_media":24388,"comment_status":"open","ping_status":"closed","template":"","meta":{"_acf_changed":false,"_monsterinsights_skip_tracking":false,"_monsterinsights_sitenote_active":false,"_monsterinsights_sitenote_note":"","_monsterinsights_sitenote_category":0},"product_brand":[],"product_cat":[1773],"product_tag":[1751,15895],"class_list":{"0":"post-49476","1":"product","2":"type-product","3":"status-publish","4":"has-post-thumbnail","6":"product_cat-barbaresco-de","7":"product_tag-aussergewoehnliche-weine-aus-italien-de","8":"product_tag-barbaresco-de-2","9":"pa_appellation-barbaresco-docg-de","10":"pa_formato-0-75-l-flasche-de","11":"pa_producer-giuseppe-cortese-de","12":"pa_region-piemont-de","13":"pa_vine-100-nebbiolo-de","14":"pa_vintage-2018-de","16":"first","17":"instock","18":"taxable","19":"shipping-taxable","20":"purchasable","21":"product-type-simple"},"bundled_by":[],"bundle_stock_status":"instock","bundle_stock_quantity":6,"bundle_virtual":false,"bundle_layout":"","bundle_add_to_cart_form_location":"","bundle_editable_in_cart":false,"bundle_sold_individually_context":"","bundle_item_grouping":"","bundle_min_size":"","bundle_max_size":"","bundle_price":[],"bundled_items":[],"bundle_sell_ids":[],"yoast_head":"<!-- This site is optimized with the Yoast SEO plugin v27.2 - https:\/\/yoast.com\/product\/yoast-seo-wordpress\/ -->\n<title>Barbaresco Rabaja Giuseppe Cortese 2018 kaufen | FonsVinum<\/title>\n<meta name=\"description\" content=\"Kaufen Sie Barbaresco Rabaja Giuseppe Cortese 2018 -Fons Vinum- Ein Wein, dem man Respekt zollt, ein Wein mit gefestigtem Stil, best\u00e4ndig, voll und einzigartig\" \/>\n<meta name=\"robots\" content=\"index, follow, max-snippet:-1, max-image-preview:large, max-video-preview:-1\" \/>\n<link rel=\"canonical\" href=\"https:\/\/fonsvinum.com\/de\/produkt\/giuseppe-cortese-rabaja-barbaresco-2018\/\" \/>\n<meta property=\"og:locale\" content=\"de_DE\" \/>\n<meta property=\"og:type\" content=\"article\" \/>\n<meta property=\"og:title\" content=\"Barbaresco Rabaja Giuseppe Cortese 2018 kaufen | FonsVinum\" \/>\n<meta property=\"og:description\" content=\"Kaufen Sie Barbaresco Rabaja Giuseppe Cortese 2018 -Fons Vinum- Ein Wein, dem man Respekt zollt, ein Wein mit gefestigtem Stil, best\u00e4ndig, voll und einzigartig\" \/>\n<meta property=\"og:url\" content=\"https:\/\/fonsvinum.com\/de\/produkt\/giuseppe-cortese-rabaja-barbaresco-2018\/\" \/>\n<meta property=\"og:site_name\" content=\"Fons Vinum\" \/>\n<meta property=\"article:modified_time\" content=\"2026-04-17T08:14:52+00:00\" \/>\n<meta property=\"og:image\" content=\"https:\/\/fonsvinum.com\/files\/2020\/04\/barbaresco-rabaja-giuseppe-cortese.jpg\" \/>\n\t<meta property=\"og:image:width\" content=\"200\" \/>\n\t<meta property=\"og:image:height\" content=\"600\" \/>\n\t<meta property=\"og:image:type\" content=\"image\/jpeg\" \/>\n<meta name=\"twitter:label1\" content=\"Gesch\u00e4tzte Lesezeit\" \/>\n\t<meta name=\"twitter:data1\" content=\"4\u00a0Minuten\" \/>\n<script type=\"application\/ld+json\" class=\"yoast-schema-graph\">{\"@context\":\"https:\/\/schema.org\",\"@graph\":[{\"@type\":\"WebPage\",\"@id\":\"https:\/\/fonsvinum.com\/de\/produkt\/giuseppe-cortese-rabaja-barbaresco-2018\/\",\"url\":\"https:\/\/fonsvinum.com\/de\/produkt\/giuseppe-cortese-rabaja-barbaresco-2018\/\",\"name\":\"Barbaresco Rabaja Giuseppe Cortese 2018 kaufen | FonsVinum\",\"isPartOf\":{\"@id\":\"https:\/\/fonsvinum.com\/en\/#website\"},\"primaryImageOfPage\":{\"@id\":\"https:\/\/fonsvinum.com\/de\/produkt\/giuseppe-cortese-rabaja-barbaresco-2018\/#primaryimage\"},\"image\":{\"@id\":\"https:\/\/fonsvinum.com\/de\/produkt\/giuseppe-cortese-rabaja-barbaresco-2018\/#primaryimage\"},\"thumbnailUrl\":\"https:\/\/fonsvinum.com\/files\/2020\/04\/barbaresco-rabaja-giuseppe-cortese.jpg\",\"datePublished\":\"2026-04-17T07:52:20+00:00\",\"dateModified\":\"2026-04-17T08:14:52+00:00\",\"description\":\"Kaufen Sie Barbaresco Rabaja Giuseppe Cortese 2018 -Fons Vinum- Ein Wein, dem man Respekt zollt, ein Wein mit gefestigtem Stil, best\u00e4ndig, voll und einzigartig\",\"breadcrumb\":{\"@id\":\"https:\/\/fonsvinum.com\/de\/produkt\/giuseppe-cortese-rabaja-barbaresco-2018\/#breadcrumb\"},\"inLanguage\":\"de\",\"potentialAction\":[{\"@type\":\"ReadAction\",\"target\":[\"https:\/\/fonsvinum.com\/de\/produkt\/giuseppe-cortese-rabaja-barbaresco-2018\/\"]}]},{\"@type\":\"ImageObject\",\"inLanguage\":\"de\",\"@id\":\"https:\/\/fonsvinum.com\/de\/produkt\/giuseppe-cortese-rabaja-barbaresco-2018\/#primaryimage\",\"url\":\"https:\/\/fonsvinum.com\/files\/2020\/04\/barbaresco-rabaja-giuseppe-cortese.jpg\",\"contentUrl\":\"https:\/\/fonsvinum.com\/files\/2020\/04\/barbaresco-rabaja-giuseppe-cortese.jpg\",\"width\":200,\"height\":600},{\"@type\":\"BreadcrumbList\",\"@id\":\"https:\/\/fonsvinum.com\/de\/produkt\/giuseppe-cortese-rabaja-barbaresco-2018\/#breadcrumb\",\"itemListElement\":[{\"@type\":\"ListItem\",\"position\":1,\"name\":\"Startseite\",\"item\":\"https:\/\/fonsvinum.com\/de\/\"},{\"@type\":\"ListItem\",\"position\":2,\"name\":\"Shop\",\"item\":\"https:\/\/fonsvinum.com\/de\/shop\/\"},{\"@type\":\"ListItem\",\"position\":3,\"name\":\"GIUSEPPE CORTESE Rabaja Barbaresco 2018\"}]},{\"@type\":\"WebSite\",\"@id\":\"https:\/\/fonsvinum.com\/en\/#website\",\"url\":\"https:\/\/fonsvinum.com\/en\/\",\"name\":\"Fons Vinum\",\"description\":\"Vendita Vino Online\",\"publisher\":{\"@id\":\"https:\/\/fonsvinum.com\/en\/#organization\"},\"potentialAction\":[{\"@type\":\"SearchAction\",\"target\":{\"@type\":\"EntryPoint\",\"urlTemplate\":\"https:\/\/fonsvinum.com\/en\/?s={search_term_string}\"},\"query-input\":{\"@type\":\"PropertyValueSpecification\",\"valueRequired\":true,\"valueName\":\"search_term_string\"}}],\"inLanguage\":\"de\"},{\"@type\":\"Organization\",\"@id\":\"https:\/\/fonsvinum.com\/en\/#organization\",\"name\":\"Fons Vinum\",\"url\":\"https:\/\/fonsvinum.com\/en\/\",\"logo\":{\"@type\":\"ImageObject\",\"inLanguage\":\"de\",\"@id\":\"https:\/\/fonsvinum.com\/en\/#\/schema\/logo\/image\/\",\"url\":\"\",\"contentUrl\":\"\",\"caption\":\"Fons Vinum\"},\"image\":{\"@id\":\"https:\/\/fonsvinum.com\/en\/#\/schema\/logo\/image\/\"}}]}<\/script>\n<!-- \/ Yoast SEO plugin. -->","yoast_head_json":{"title":"Barbaresco Rabaja Giuseppe Cortese 2018 kaufen | FonsVinum","description":"Kaufen Sie Barbaresco Rabaja Giuseppe Cortese 2018 -Fons Vinum- Ein Wein, dem man Respekt zollt, ein Wein mit gefestigtem Stil, best\u00e4ndig, voll und einzigartig","robots":{"index":"index","follow":"follow","max-snippet":"max-snippet:-1","max-image-preview":"max-image-preview:large","max-video-preview":"max-video-preview:-1"},"canonical":"https:\/\/fonsvinum.com\/de\/produkt\/giuseppe-cortese-rabaja-barbaresco-2018\/","og_locale":"de_DE","og_type":"article","og_title":"Barbaresco Rabaja Giuseppe Cortese 2018 kaufen | FonsVinum","og_description":"Kaufen Sie Barbaresco Rabaja Giuseppe Cortese 2018 -Fons Vinum- Ein Wein, dem man Respekt zollt, ein Wein mit gefestigtem Stil, best\u00e4ndig, voll und einzigartig","og_url":"https:\/\/fonsvinum.com\/de\/produkt\/giuseppe-cortese-rabaja-barbaresco-2018\/","og_site_name":"Fons Vinum","article_modified_time":"2026-04-17T08:14:52+00:00","og_image":[{"width":200,"height":600,"url":"https:\/\/fonsvinum.com\/files\/2020\/04\/barbaresco-rabaja-giuseppe-cortese.jpg","type":"image\/jpeg"}],"twitter_misc":{"Gesch\u00e4tzte Lesezeit":"4\u00a0Minuten"},"schema":{"@context":"https:\/\/schema.org","@graph":[{"@type":"WebPage","@id":"https:\/\/fonsvinum.com\/de\/produkt\/giuseppe-cortese-rabaja-barbaresco-2018\/","url":"https:\/\/fonsvinum.com\/de\/produkt\/giuseppe-cortese-rabaja-barbaresco-2018\/","name":"Barbaresco Rabaja Giuseppe Cortese 2018 kaufen | FonsVinum","isPartOf":{"@id":"https:\/\/fonsvinum.com\/en\/#website"},"primaryImageOfPage":{"@id":"https:\/\/fonsvinum.com\/de\/produkt\/giuseppe-cortese-rabaja-barbaresco-2018\/#primaryimage"},"image":{"@id":"https:\/\/fonsvinum.com\/de\/produkt\/giuseppe-cortese-rabaja-barbaresco-2018\/#primaryimage"},"thumbnailUrl":"https:\/\/fonsvinum.com\/files\/2020\/04\/barbaresco-rabaja-giuseppe-cortese.jpg","datePublished":"2026-04-17T07:52:20+00:00","dateModified":"2026-04-17T08:14:52+00:00","description":"Kaufen Sie Barbaresco Rabaja Giuseppe Cortese 2018 -Fons Vinum- Ein Wein, dem man Respekt zollt, ein Wein mit gefestigtem Stil, best\u00e4ndig, voll und einzigartig","breadcrumb":{"@id":"https:\/\/fonsvinum.com\/de\/produkt\/giuseppe-cortese-rabaja-barbaresco-2018\/#breadcrumb"},"inLanguage":"de","potentialAction":[{"@type":"ReadAction","target":["https:\/\/fonsvinum.com\/de\/produkt\/giuseppe-cortese-rabaja-barbaresco-2018\/"]}]},{"@type":"ImageObject","inLanguage":"de","@id":"https:\/\/fonsvinum.com\/de\/produkt\/giuseppe-cortese-rabaja-barbaresco-2018\/#primaryimage","url":"https:\/\/fonsvinum.com\/files\/2020\/04\/barbaresco-rabaja-giuseppe-cortese.jpg","contentUrl":"https:\/\/fonsvinum.com\/files\/2020\/04\/barbaresco-rabaja-giuseppe-cortese.jpg","width":200,"height":600},{"@type":"BreadcrumbList","@id":"https:\/\/fonsvinum.com\/de\/produkt\/giuseppe-cortese-rabaja-barbaresco-2018\/#breadcrumb","itemListElement":[{"@type":"ListItem","position":1,"name":"Startseite","item":"https:\/\/fonsvinum.com\/de\/"},{"@type":"ListItem","position":2,"name":"Shop","item":"https:\/\/fonsvinum.com\/de\/shop\/"},{"@type":"ListItem","position":3,"name":"GIUSEPPE CORTESE Rabaja Barbaresco 2018"}]},{"@type":"WebSite","@id":"https:\/\/fonsvinum.com\/en\/#website","url":"https:\/\/fonsvinum.com\/en\/","name":"Fons Vinum","description":"Vendita Vino Online","publisher":{"@id":"https:\/\/fonsvinum.com\/en\/#organization"},"potentialAction":[{"@type":"SearchAction","target":{"@type":"EntryPoint","urlTemplate":"https:\/\/fonsvinum.com\/en\/?s={search_term_string}"},"query-input":{"@type":"PropertyValueSpecification","valueRequired":true,"valueName":"search_term_string"}}],"inLanguage":"de"},{"@type":"Organization","@id":"https:\/\/fonsvinum.com\/en\/#organization","name":"Fons Vinum","url":"https:\/\/fonsvinum.com\/en\/","logo":{"@type":"ImageObject","inLanguage":"de","@id":"https:\/\/fonsvinum.com\/en\/#\/schema\/logo\/image\/","url":"","contentUrl":"","caption":"Fons Vinum"},"image":{"@id":"https:\/\/fonsvinum.com\/en\/#\/schema\/logo\/image\/"}}]}},"acf":[],"_links":{"self":[{"href":"https:\/\/fonsvinum.com\/de\/wp-json\/wp\/v2\/product\/49476","targetHints":{"allow":["GET"]}}],"collection":[{"href":"https:\/\/fonsvinum.com\/de\/wp-json\/wp\/v2\/product"}],"about":[{"href":"https:\/\/fonsvinum.com\/de\/wp-json\/wp\/v2\/types\/product"}],"replies":[{"embeddable":true,"href":"https:\/\/fonsvinum.com\/de\/wp-json\/wp\/v2\/comments?post=49476"}],"wp:featuredmedia":[{"embeddable":true,"href":"https:\/\/fonsvinum.com\/de\/wp-json\/wp\/v2\/media\/24388"}],"wp:attachment":[{"href":"https:\/\/fonsvinum.com\/de\/wp-json\/wp\/v2\/media?parent=49476"}],"wp:term":[{"taxonomy":"product_brand","embeddable":true,"href":"https:\/\/fonsvinum.com\/de\/wp-json\/wp\/v2\/product_brand?post=49476"},{"taxonomy":"product_cat","embeddable":true,"href":"https:\/\/fonsvinum.com\/de\/wp-json\/wp\/v2\/product_cat?post=49476"},{"taxonomy":"product_tag","embeddable":true,"href":"https:\/\/fonsvinum.com\/de\/wp-json\/wp\/v2\/product_tag?post=49476"}],"curies":[{"name":"wp","href":"https:\/\/api.w.org\/{rel}","templated":true}]}}