{"id":49444,"date":"2026-04-16T20:46:54","date_gmt":"2026-04-16T18:46:54","guid":{"rendered":"https:\/\/fonsvinum.com\/?post_type=product&#038;p=49444"},"modified":"2026-04-17T06:44:09","modified_gmt":"2026-04-17T04:44:09","slug":"barbaresco-pio-cesare-2019","status":"publish","type":"product","link":"https:\/\/fonsvinum.com\/de\/produkt\/barbaresco-pio-cesare-2019\/","title":{"rendered":"PIO CESARE Barbaresco 2019"},"content":{"rendered":"<h1><a href=\"https:\/\/fonsvinum.com\/de\/produkt-kategorie\/rotweine-de\/barbaresco-de\/\">Barbaresco<\/a> PIO <a href=\"https:\/\/fonsvinum.com\/?s=PIO+CESARE&amp;post_type=product\">CESARE <\/a>2019<\/h1>\n<h2><a href=\"https:\/\/www.piocesare.it\/\">PIO CESARE<\/a> \u2013 GESCHICHTE<\/h2>\n<p>Das Weingut Pio Cesare blickt auf eine glorreiche, jahrhundertealte Geschichte zur\u00fcck und h\u00e4lt bedeutende Rekorde, die es zu einem der ber\u00fchmtesten und wichtigsten Erzeuger der Langhe machen.<\/p>\n<p>Es wurde 1881 in Alba vom Unternehmer Cesare Pio gegr\u00fcndet, einem gro\u00dfen Weinliebhaber und Pionier von Werten wie <strong>Qualit\u00e4t und stilistischer Originalit\u00e4t<\/strong>. Zu Beginn des 20. Jahrhunderts war seine Marke bereits in ganz Europa bekannt und wurde zu einer Referenz f\u00fcr piemontesischen Wein weltweit. Dieser Ruhm und das Prestige auf dem nationalen und internationalen Markt setzten sich erst unter der Leitung von Rosy Pio und ihrem Ehemann Giuseppe Boffa und heute unter der ihres Sohnes Pio Boffa fort. Derzeit exportiert das Weingut in \u00fcber 50 L\u00e4nder und z\u00e4hlt zu den renommiertesten italienischen Kellereien, die sowohl beim breiten Publikum als auch bei Kennern gesch\u00e4tzt werden.<\/p>\n<p>Der Weinbergbesitz erstreckt sich \u00fcber insgesamt 70 Hektar in den H\u00fcgeln von Barolo und Barbaresco und umfasst besonders beg\u00fcnstigte Parzellen wie die Lagen Bricco di Treiso und Ornato in Serralunga d\u2019Alba sowie viele <strong>bedeutende Crus<\/strong>. Jeder dieser Weinberge ist in der Liste der zus\u00e4tzlichen geografischen Angaben (Menzioni Geografiche Aggiuntive) der Barolo- und Barbaresco-Statuten aufgef\u00fchrt.<\/p>\n<h3>Keller und Produktion<\/h3>\n<p>Die im historischen Zentrum von Alba gelegene Kellerei erstreckt sich \u00fcber vier Etagen unter dem Niveau des Flusses Tanaro. Sie bietet nicht nur ideale Bedingungen f\u00fcr die Erzeugung, den Ausbau und die Lagerung des Weins, sondern ist auch ein bedeutendes St\u00fcck Zeitgeschichte. Sie wurde im 18. Jahrhundert ausgehoben und erbaut und wird von den antiken r\u00f6mischen Mauern von Alba Pompeia begrenzt. In diesem stimmungsvollen historischen Kontext werden die Weine nach der <strong>klassischen Tradition der Verm\u00e4hlung verschiedener Weinbergcharakteristiken<\/strong> erzeugt, anstatt sie separat nach Einzellagen auszubauen. So wurde es bereits im 19. Jahrhundert gehandhabt, und dies ist die Produktionsweise der Familie geblieben.<\/p>\n<p>Die Treue zum klassischen Stil, <strong>konsequente Qualit\u00e4t<\/strong> und gr\u00f6\u00dfte Sorgfalt in Weinberg und Keller pr\u00e4gen die gesamte Produktion. Die Weine von Pio Cesare sind ein wichtiges historisches Zeugnis und ein Beispiel f\u00fcr Qualit\u00e4t und Prestige, das bis heute Ma\u00dfst\u00e4be setzt. Sie repr\u00e4sentieren die Geschichte und Tradition der Langhe, aber auch deren Zukunft und Erfolg in Italien und weltweit.<\/p>\n<h2>BARBARESCO<\/h2>\n<div class=\"prodotto__descrizione__breve formatted-content\">\n<p>Der Barbaresco von Pio Cesare ist ein strukturierter Wein, der auf Eleganz und Klassik setzt. Er wird in Edelstahl vinifiziert und reift 30 Monate in gro\u00dfen F\u00e4ssern und Barriques. Er verstr\u00f6mt zarte, anmutige D\u00fcfte von Veilchen, Waldbeeren und s\u00fc\u00dfen Gew\u00fcrzen und besitzt einen energischen, reichen, frischen und grazilen Geschmack mit sch\u00f6ner balsamischer Nachhaltigkeit.<\/p>\n<\/div>\n<h3>Weinberge<\/h3>\n<p>Aus den Weinbergen unserer Familie in Treiso \u2013 Cascina Il Bricco, San Stefanetto und Bongiovanni \u2013 sowie in San Rocco Seno d\u2019Elvio \u2013 Rocche di Massalupo.<\/p>\n<h3>Vinifikation<\/h3>\n<p>In Edelstahl. Etwa 25\/30 Tage Maischestandzeit.<\/p>\n<h3>Ausbau<\/h3>\n<p>In F\u00e4ssern f\u00fcr etwa 30 Monate und zu einem kleinen Teil in Barriques.<\/p>\n<h3>Notizen<\/h3>\n<p>Ein Barbaresco in sehr klassischem Stil: Eleganz und Finesse, reife und w\u00fcrzige Frucht vermischen sich mit pr\u00e4senten, aber nicht dominierenden Tanninen. Von guter Struktur und Konzentration. Langlebig.<br \/>\nDer Barbaresco ist an sich ein gro\u00dfer Wein und darf nicht als \u201eBasis\u201c oder \u201egenerisch\u201c abgetan werden, nur weil kein Weinberg oder keine Unterzone auf dem Etikett angegeben ist.<\/p>\n<ul>\n<li><span class=\"prodotto__descrizione__content__attributi__title\"><em><strong>Farbe:<\/strong><\/em> <\/span><span class=\"prodotto__descrizione__content__attributi__text\">Rubinrot mit granatroten Reflexen<\/span><\/li>\n<li><em><strong>Duft:<\/strong><\/em> <span class=\"prodotto__descrizione__content__attributi__text\">Elegant und zart, mit Noten von Veilchen, Waldbeerkonfit\u00fcre, s\u00fc\u00dfen Gew\u00fcrzen und edlen H\u00f6lzern<\/span><\/li>\n<li><em><strong>Geschmack:<\/strong><\/em> <span class=\"prodotto__descrizione__content__attributi__text\">Reich, frisch, energisch und elegant, mit lebendigen Tanninen und langer balsamischer Nachhaltigkeit<\/span><\/li>\n<\/ul>\n","protected":false},"excerpt":{"rendered":"<p>Barbaresco PIO CESARE 2019 PIO CESARE \u2013 GESCHICHTE Das Weingut Pio Cesare blickt auf eine glorreiche, jahrhundertealte Geschichte zur\u00fcck und h\u00e4lt bedeutende Rekorde, die es zu einem der ber\u00fchmtesten und wichtigsten Erzeuger der Langhe machen. Es wurde 1881 in Alba vom Unternehmer Cesare Pio gegr\u00fcndet, einem gro\u00dfen Weinliebhaber und Pionier von Werten wie Qualit\u00e4t und [&hellip;]<\/p>\n","protected":false},"featured_media":7607,"comment_status":"open","ping_status":"closed","template":"","meta":{"_acf_changed":false,"_monsterinsights_skip_tracking":false,"_monsterinsights_sitenote_active":false,"_monsterinsights_sitenote_note":"","_monsterinsights_sitenote_category":0},"product_brand":[],"product_cat":[1773],"product_tag":[15895,18450,15893],"class_list":{"0":"post-49444","1":"product","2":"type-product","3":"status-publish","4":"has-post-thumbnail","6":"product_cat-barbaresco-de","7":"product_tag-barbaresco-de-2","8":"product_tag-langhe-weine","9":"product_tag-piemonte-de","10":"pa_appellation-barbaresco-docg-de","11":"pa_formato-0-75-l-flasche-de","12":"pa_producer-pio-cesare-de","13":"pa_region-piemont-de","14":"pa_vine-100-nebbiolo-de","15":"pa_vintage-2019-de","17":"first","18":"instock","19":"taxable","20":"shipping-taxable","21":"purchasable","22":"product-type-simple"},"bundled_by":[],"bundle_stock_status":"instock","bundle_stock_quantity":12,"bundle_virtual":false,"bundle_layout":"","bundle_add_to_cart_form_location":"","bundle_editable_in_cart":false,"bundle_sold_individually_context":"","bundle_item_grouping":"","bundle_min_size":"","bundle_max_size":"","bundle_price":[],"bundled_items":[],"bundle_sell_ids":[],"yoast_head":"<!-- This site is optimized with the Yoast SEO plugin v27.2 - https:\/\/yoast.com\/product\/yoast-seo-wordpress\/ -->\n<title>Barbaresco PIO CESARE 2019 online kaufen | FonsVinum<\/title>\n<meta name=\"description\" content=\"Kaufen Sie Barbaresco PIO CESARE 2019 online bei FonsVinum \u2013 Der Barbaresco von Pio Cesare ist ein strukturierter Wein, der auf Eleganz und Klassik setzt.\" \/>\n<meta name=\"robots\" content=\"index, follow, max-snippet:-1, max-image-preview:large, max-video-preview:-1\" \/>\n<link rel=\"canonical\" href=\"https:\/\/fonsvinum.com\/de\/produkt\/barbaresco-pio-cesare-2019\/\" \/>\n<meta property=\"og:locale\" content=\"de_DE\" \/>\n<meta property=\"og:type\" content=\"article\" \/>\n<meta property=\"og:title\" content=\"Barbaresco PIO CESARE 2019 online kaufen | FonsVinum\" \/>\n<meta property=\"og:description\" content=\"Kaufen Sie Barbaresco PIO CESARE 2019 online bei FonsVinum \u2013 Der Barbaresco von Pio Cesare ist ein strukturierter Wein, der auf Eleganz und Klassik setzt.\" \/>\n<meta property=\"og:url\" content=\"https:\/\/fonsvinum.com\/de\/produkt\/barbaresco-pio-cesare-2019\/\" \/>\n<meta property=\"og:site_name\" content=\"Fons Vinum\" \/>\n<meta property=\"article:modified_time\" content=\"2026-04-17T04:44:09+00:00\" \/>\n<meta property=\"og:image\" content=\"https:\/\/fonsvinum.com\/files\/2013\/04\/barbaresco-pio-cesare.png\" \/>\n\t<meta property=\"og:image:width\" content=\"258\" \/>\n\t<meta property=\"og:image:height\" content=\"700\" \/>\n\t<meta property=\"og:image:type\" content=\"image\/png\" \/>\n<meta name=\"twitter:label1\" content=\"Gesch\u00e4tzte Lesezeit\" \/>\n\t<meta name=\"twitter:data1\" content=\"4\u00a0Minuten\" \/>\n<script type=\"application\/ld+json\" class=\"yoast-schema-graph\">{\"@context\":\"https:\/\/schema.org\",\"@graph\":[{\"@type\":\"WebPage\",\"@id\":\"https:\/\/fonsvinum.com\/de\/produkt\/barbaresco-pio-cesare-2019\/\",\"url\":\"https:\/\/fonsvinum.com\/de\/produkt\/barbaresco-pio-cesare-2019\/\",\"name\":\"Barbaresco PIO CESARE 2019 online kaufen | FonsVinum\",\"isPartOf\":{\"@id\":\"https:\/\/fonsvinum.com\/en\/#website\"},\"primaryImageOfPage\":{\"@id\":\"https:\/\/fonsvinum.com\/de\/produkt\/barbaresco-pio-cesare-2019\/#primaryimage\"},\"image\":{\"@id\":\"https:\/\/fonsvinum.com\/de\/produkt\/barbaresco-pio-cesare-2019\/#primaryimage\"},\"thumbnailUrl\":\"https:\/\/fonsvinum.com\/files\/2013\/04\/barbaresco-pio-cesare.png\",\"datePublished\":\"2026-04-16T18:46:54+00:00\",\"dateModified\":\"2026-04-17T04:44:09+00:00\",\"description\":\"Kaufen Sie Barbaresco PIO CESARE 2019 online bei FonsVinum \u2013 Der Barbaresco von Pio Cesare ist ein strukturierter Wein, der auf Eleganz und Klassik setzt.\",\"breadcrumb\":{\"@id\":\"https:\/\/fonsvinum.com\/de\/produkt\/barbaresco-pio-cesare-2019\/#breadcrumb\"},\"inLanguage\":\"de\",\"potentialAction\":[{\"@type\":\"ReadAction\",\"target\":[\"https:\/\/fonsvinum.com\/de\/produkt\/barbaresco-pio-cesare-2019\/\"]}]},{\"@type\":\"ImageObject\",\"inLanguage\":\"de\",\"@id\":\"https:\/\/fonsvinum.com\/de\/produkt\/barbaresco-pio-cesare-2019\/#primaryimage\",\"url\":\"https:\/\/fonsvinum.com\/files\/2013\/04\/barbaresco-pio-cesare.png\",\"contentUrl\":\"https:\/\/fonsvinum.com\/files\/2013\/04\/barbaresco-pio-cesare.png\",\"width\":258,\"height\":700,\"caption\":\"barbaresco-pio-cesare\"},{\"@type\":\"BreadcrumbList\",\"@id\":\"https:\/\/fonsvinum.com\/de\/produkt\/barbaresco-pio-cesare-2019\/#breadcrumb\",\"itemListElement\":[{\"@type\":\"ListItem\",\"position\":1,\"name\":\"Startseite\",\"item\":\"https:\/\/fonsvinum.com\/de\/\"},{\"@type\":\"ListItem\",\"position\":2,\"name\":\"Shop\",\"item\":\"https:\/\/fonsvinum.com\/de\/shop\/\"},{\"@type\":\"ListItem\",\"position\":3,\"name\":\"PIO CESARE Barbaresco 2019\"}]},{\"@type\":\"WebSite\",\"@id\":\"https:\/\/fonsvinum.com\/en\/#website\",\"url\":\"https:\/\/fonsvinum.com\/en\/\",\"name\":\"Fons Vinum\",\"description\":\"Vendita Vino Online\",\"publisher\":{\"@id\":\"https:\/\/fonsvinum.com\/en\/#organization\"},\"potentialAction\":[{\"@type\":\"SearchAction\",\"target\":{\"@type\":\"EntryPoint\",\"urlTemplate\":\"https:\/\/fonsvinum.com\/en\/?s={search_term_string}\"},\"query-input\":{\"@type\":\"PropertyValueSpecification\",\"valueRequired\":true,\"valueName\":\"search_term_string\"}}],\"inLanguage\":\"de\"},{\"@type\":\"Organization\",\"@id\":\"https:\/\/fonsvinum.com\/en\/#organization\",\"name\":\"Fons Vinum\",\"url\":\"https:\/\/fonsvinum.com\/en\/\",\"logo\":{\"@type\":\"ImageObject\",\"inLanguage\":\"de\",\"@id\":\"https:\/\/fonsvinum.com\/en\/#\/schema\/logo\/image\/\",\"url\":\"\",\"contentUrl\":\"\",\"caption\":\"Fons Vinum\"},\"image\":{\"@id\":\"https:\/\/fonsvinum.com\/en\/#\/schema\/logo\/image\/\"}}]}<\/script>\n<!-- \/ Yoast SEO plugin. -->","yoast_head_json":{"title":"Barbaresco PIO CESARE 2019 online kaufen | FonsVinum","description":"Kaufen Sie Barbaresco PIO CESARE 2019 online bei FonsVinum \u2013 Der Barbaresco von Pio Cesare ist ein strukturierter Wein, der auf Eleganz und Klassik setzt.","robots":{"index":"index","follow":"follow","max-snippet":"max-snippet:-1","max-image-preview":"max-image-preview:large","max-video-preview":"max-video-preview:-1"},"canonical":"https:\/\/fonsvinum.com\/de\/produkt\/barbaresco-pio-cesare-2019\/","og_locale":"de_DE","og_type":"article","og_title":"Barbaresco PIO CESARE 2019 online kaufen | FonsVinum","og_description":"Kaufen Sie Barbaresco PIO CESARE 2019 online bei FonsVinum \u2013 Der Barbaresco von Pio Cesare ist ein strukturierter Wein, der auf Eleganz und Klassik setzt.","og_url":"https:\/\/fonsvinum.com\/de\/produkt\/barbaresco-pio-cesare-2019\/","og_site_name":"Fons Vinum","article_modified_time":"2026-04-17T04:44:09+00:00","og_image":[{"width":258,"height":700,"url":"https:\/\/fonsvinum.com\/files\/2013\/04\/barbaresco-pio-cesare.png","type":"image\/png"}],"twitter_misc":{"Gesch\u00e4tzte Lesezeit":"4\u00a0Minuten"},"schema":{"@context":"https:\/\/schema.org","@graph":[{"@type":"WebPage","@id":"https:\/\/fonsvinum.com\/de\/produkt\/barbaresco-pio-cesare-2019\/","url":"https:\/\/fonsvinum.com\/de\/produkt\/barbaresco-pio-cesare-2019\/","name":"Barbaresco PIO CESARE 2019 online kaufen | FonsVinum","isPartOf":{"@id":"https:\/\/fonsvinum.com\/en\/#website"},"primaryImageOfPage":{"@id":"https:\/\/fonsvinum.com\/de\/produkt\/barbaresco-pio-cesare-2019\/#primaryimage"},"image":{"@id":"https:\/\/fonsvinum.com\/de\/produkt\/barbaresco-pio-cesare-2019\/#primaryimage"},"thumbnailUrl":"https:\/\/fonsvinum.com\/files\/2013\/04\/barbaresco-pio-cesare.png","datePublished":"2026-04-16T18:46:54+00:00","dateModified":"2026-04-17T04:44:09+00:00","description":"Kaufen Sie Barbaresco PIO CESARE 2019 online bei FonsVinum \u2013 Der Barbaresco von Pio Cesare ist ein strukturierter Wein, der auf Eleganz und Klassik setzt.","breadcrumb":{"@id":"https:\/\/fonsvinum.com\/de\/produkt\/barbaresco-pio-cesare-2019\/#breadcrumb"},"inLanguage":"de","potentialAction":[{"@type":"ReadAction","target":["https:\/\/fonsvinum.com\/de\/produkt\/barbaresco-pio-cesare-2019\/"]}]},{"@type":"ImageObject","inLanguage":"de","@id":"https:\/\/fonsvinum.com\/de\/produkt\/barbaresco-pio-cesare-2019\/#primaryimage","url":"https:\/\/fonsvinum.com\/files\/2013\/04\/barbaresco-pio-cesare.png","contentUrl":"https:\/\/fonsvinum.com\/files\/2013\/04\/barbaresco-pio-cesare.png","width":258,"height":700,"caption":"barbaresco-pio-cesare"},{"@type":"BreadcrumbList","@id":"https:\/\/fonsvinum.com\/de\/produkt\/barbaresco-pio-cesare-2019\/#breadcrumb","itemListElement":[{"@type":"ListItem","position":1,"name":"Startseite","item":"https:\/\/fonsvinum.com\/de\/"},{"@type":"ListItem","position":2,"name":"Shop","item":"https:\/\/fonsvinum.com\/de\/shop\/"},{"@type":"ListItem","position":3,"name":"PIO CESARE Barbaresco 2019"}]},{"@type":"WebSite","@id":"https:\/\/fonsvinum.com\/en\/#website","url":"https:\/\/fonsvinum.com\/en\/","name":"Fons Vinum","description":"Vendita Vino Online","publisher":{"@id":"https:\/\/fonsvinum.com\/en\/#organization"},"potentialAction":[{"@type":"SearchAction","target":{"@type":"EntryPoint","urlTemplate":"https:\/\/fonsvinum.com\/en\/?s={search_term_string}"},"query-input":{"@type":"PropertyValueSpecification","valueRequired":true,"valueName":"search_term_string"}}],"inLanguage":"de"},{"@type":"Organization","@id":"https:\/\/fonsvinum.com\/en\/#organization","name":"Fons Vinum","url":"https:\/\/fonsvinum.com\/en\/","logo":{"@type":"ImageObject","inLanguage":"de","@id":"https:\/\/fonsvinum.com\/en\/#\/schema\/logo\/image\/","url":"","contentUrl":"","caption":"Fons Vinum"},"image":{"@id":"https:\/\/fonsvinum.com\/en\/#\/schema\/logo\/image\/"}}]}},"acf":[],"_links":{"self":[{"href":"https:\/\/fonsvinum.com\/de\/wp-json\/wp\/v2\/product\/49444","targetHints":{"allow":["GET"]}}],"collection":[{"href":"https:\/\/fonsvinum.com\/de\/wp-json\/wp\/v2\/product"}],"about":[{"href":"https:\/\/fonsvinum.com\/de\/wp-json\/wp\/v2\/types\/product"}],"replies":[{"embeddable":true,"href":"https:\/\/fonsvinum.com\/de\/wp-json\/wp\/v2\/comments?post=49444"}],"wp:featuredmedia":[{"embeddable":true,"href":"https:\/\/fonsvinum.com\/de\/wp-json\/wp\/v2\/media\/7607"}],"wp:attachment":[{"href":"https:\/\/fonsvinum.com\/de\/wp-json\/wp\/v2\/media?parent=49444"}],"wp:term":[{"taxonomy":"product_brand","embeddable":true,"href":"https:\/\/fonsvinum.com\/de\/wp-json\/wp\/v2\/product_brand?post=49444"},{"taxonomy":"product_cat","embeddable":true,"href":"https:\/\/fonsvinum.com\/de\/wp-json\/wp\/v2\/product_cat?post=49444"},{"taxonomy":"product_tag","embeddable":true,"href":"https:\/\/fonsvinum.com\/de\/wp-json\/wp\/v2\/product_tag?post=49444"}],"curies":[{"name":"wp","href":"https:\/\/api.w.org\/{rel}","templated":true}]}}