{"id":49424,"date":"2026-04-15T10:41:57","date_gmt":"2026-04-15T08:41:57","guid":{"rendered":"https:\/\/fonsvinum.com\/?post_type=product&#038;p=49424"},"modified":"2026-04-16T19:13:38","modified_gmt":"2026-04-16T17:13:38","slug":"mousse-fils-champagne-lextra-or-blanc-de-noirs-extra-brut","status":"publish","type":"product","link":"https:\/\/fonsvinum.com\/de\/produkt\/mousse-fils-champagne-lextra-or-blanc-de-noirs-extra-brut\/","title":{"rendered":"MOUSS\u00c9 FILS CHAMPAGNE L&#8217;EXTRA OR BLANC DE NOIRS EXTRA BRUT"},"content":{"rendered":"<h1>MOUSS\u00c9 FILS CHAMPAGNE L&#8217;EXTRA OR BLANC DE NOIRS EXTRA BRUT<\/h1>\n<p>&nbsp;<\/p>\n<p>MOUSS\u00c9 FILS CHAMPAGNE L&#8217;EXTRA OR BLANC DE NOIRS EXTRA BRUT<\/p>\n<h2><a href=\"https:\/\/fonsvinum.com\/de\/produkt\/claude-perrard-champagne-brut-tradition\/\">DAS HAUS<\/a><\/h2>\n<h2>MOUSS\u00c9 FILS<\/h2>\n<p>Die Familie Mouss\u00e9 stammt seit 1629 aus 12 Generationen von Winzern in Cuisles, im Herzen des Marne-Tals, wo die Weinberge auf 4 verschiedene D\u00f6rfer verteilt sind, aber alle am selben Hang liegen: eine ungew\u00f6hnliche Eigenschaft, die sich in allen Champagnern widerspiegelt.<\/p>\n<p>Dank der Bedeutung, die das Weingut der Umweltpflege beimisst (es war das erste in der Champagne, das geothermische Heizung nutzte) und seiner Pr\u00e4senz im Gebiet, kann man sagen, dass dieses Weingut die Widerspiegelung des Terroirs von Cuisles ist.<\/p>\n<p>1923 war Eug\u00e8ne Mouss\u00e9, Urgro\u00dfvater von C\u00e9dric, der erste, der einen Champagner unter eigenem Namen produzierte. Im Jahr 2000 begann C\u00e9dric, gerade Absolvent der Landwirtschaftsschule von Avize, verschiedene Erfahrungen zu sammeln, von denen die bedeutendste im experimentellen Weingut des CIVC, Comit\u00e9 Interprofessionnel des Vins de Champagne, war.<\/p>\n<p>2003 wurde ihm die Leitung dieses Weinguts angeboten \u2013 eine prestigetr\u00e4chtige Chance f\u00fcr einen jungen Mann wie ihn. Doch C\u00e9dric entschied sich, zur Maison zur\u00fcckzukehren und mit seinem Vater Jean-Marc zusammenzuarbeiten. \u201eVon 2003 bis 2007\u201c, erz\u00e4hlt C\u00e9dric, \u201ebat mich mein Vater, mich um die Weinberge zu k\u00fcmmern; er wollte mich nicht im Keller haben! Cuisles und die Nachbard\u00f6rfer sind einzigartig, und mir fehlte das Verst\u00e4ndnis f\u00fcr diese verschiedenen Terroirs.\u201c 2007 bauten Vater und Sohn (Mouss\u00e9 Fils) ihre neue Kellerei: \u201eDer wichtigste Aspekt war der Respekt vor der Natur. 70 % des genutzten Wassers stammen aus einer Quelle und werden \u00fcber Solarpaneele erw\u00e4rmt. Die H\u00e4lfte der Kellerei liegt unter der Erde, und ein automatisches Geothermiesystem h\u00e4lt die Temperatur konstant bei 12 Grad. Wir haben die erste Kellerei in der Champagne, die dieses System nutzt.\u201c<\/p>\n<p>Das historische Etikett, vor \u00fcber 90 Jahren von Eug\u00e8ne Mouss\u00e9 \u2013 C\u00e9drics Gro\u00dfvater \u2013 kreiert und zur wahren Ikone des Terroirs von Cuisles im Herzen der Marne geworden.<\/p>\n<p>Intensive Frucht in Nase und am Gaumen, Eleganz und Finesse machen ihn zu einem Champagner von bezauberndem und verf\u00fchrerischem Trinkgenuss.<\/p>\n<h2><a href=\"https:\/\/fonsvinum.com\/de\/produkt-kategorie\/champagne-de\/\">CHAMPAGNE<\/a> L&#8217;EXTRA OR BLANC DE NOIRS EXTRA BRUT<\/h2>\n<h2>LE CHAMPAGNE DES VIGNERONS<\/h2>\n<section id=\"anchor-2\" class=\"section section-2\">\n<section class=\"boxes\">\n<section class=\"box-3\">\n<div class=\"text\">\n<div class=\"cell\">\n<p>L&#8217;Extra Or Degorgement Tardif ist eine sp\u00e4te Version von L&#8217;Or d&#8217;Eug\u00e8ne. Wie bei L&#8217;Or D&#8217;Eug\u00e8ne wurde der hauseigene Blend verwendet, der mit Reserveweinen von 2003 bis 2014 produziert und jedes Jahr mit 50 % der neuen Ernte aktualisiert wurde. Er verbleibt 60 Monate auf der Hefe.<\/p>\n<p>Dies zeigt, wie die Meunier-Weine des Hauses herrlich altern k\u00f6nnen, w\u00e4hrend sie ihre Frische bewahren. Die Kunst des Anbaus von Pinot Meunier zu perfektionieren und ihn an die Spitze seines Potenzials zu bringen, ist das Leitprinzip des Hauses.<\/p>\n<p>Degorgierung Juni 2021<\/p>\n<\/div>\n<\/div>\n<\/section>\n<\/section>\n<\/section>\n<section id=\"anchor-3\" class=\"section section-3\">\n<section class=\"boxes\">\n<section class=\"box-2 overbox\">\n<div class=\"socialbox\">\n<div class=\"cell\">\n<h2>Verkostungsnotizen<\/h2>\n<p><strong>Farbe<\/strong>: Strohgelb mit goldenen bis bernsteinfarbenen Reflexen, feine und anhaltende Perlage.<\/p>\n<p><strong>Geschmack: <\/strong>Frisch, cremig, weich, umh\u00fcllend, entschieden und von ausgezeichneter Persistenz.<\/p>\n<p><strong>Duft: <\/strong>Intensiv, breit, komplex, Noten von getrockneten Fr\u00fcchten mit Zitrusnuancen, Ankl\u00e4nge von getrockneter Aprikose und Quitte.<\/p>\n<\/div>\n<\/div>\n<\/section>\n<\/section>\n<\/section>\n","protected":false},"excerpt":{"rendered":"<p>MOUSS\u00c9 FILS CHAMPAGNE L&#8217;EXTRA OR BLANC DE NOIRS EXTRA BRUT &nbsp; MOUSS\u00c9 FILS CHAMPAGNE L&#8217;EXTRA OR BLANC DE NOIRS EXTRA BRUT DAS HAUS MOUSS\u00c9 FILS Die Familie Mouss\u00e9 stammt seit 1629 aus 12 Generationen von Winzern in Cuisles, im Herzen des Marne-Tals, wo die Weinberge auf 4 verschiedene D\u00f6rfer verteilt sind, aber alle am selben [&hellip;]<\/p>\n","protected":false},"featured_media":49434,"comment_status":"open","ping_status":"closed","template":"","meta":{"_acf_changed":false,"_monsterinsights_skip_tracking":false,"_monsterinsights_sitenote_active":false,"_monsterinsights_sitenote_note":"","_monsterinsights_sitenote_category":0},"product_brand":[],"product_cat":[2160],"product_tag":[1733,1802],"class_list":{"0":"post-49424","1":"product","2":"type-product","3":"status-publish","4":"has-post-thumbnail","6":"product_cat-champagne-de","7":"product_tag-aussergewoehnliche-weine-de","8":"product_tag-champagne-de","9":"pa_appellation-champagne-aoc-de","10":"pa_formato-0-75-l-flasche-de","11":"pa_producer-claude-perrard","12":"pa_region-champagne-de","13":"pa_vine-69-pinot-noir-16-pinot-meunier-15-chardonnay","14":"pa_vintage-no-vintage-de","16":"first","17":"instock","18":"taxable","19":"shipping-taxable","20":"purchasable","21":"product-type-simple"},"bundled_by":[],"bundle_stock_status":"instock","bundle_stock_quantity":5,"bundle_virtual":false,"bundle_layout":"","bundle_add_to_cart_form_location":"","bundle_editable_in_cart":false,"bundle_sold_individually_context":"","bundle_item_grouping":"","bundle_min_size":"","bundle_max_size":"","bundle_price":[],"bundled_items":[],"bundle_sell_ids":[],"yoast_head":"<!-- This site is optimized with the Yoast SEO plugin v27.2 - https:\/\/yoast.com\/product\/yoast-seo-wordpress\/ -->\n<title>MOUSS\u00c9 FILS CHAMPAGNE L&#039;EXTRA OR BLANC DE NOIRS<\/title>\n<meta name=\"description\" content=\"Kaufen Sie online bei FonsVinum MOUSS\u00c9 FILS CHAMPAGNE L&#039;EXTRA OR BLANC DE NOIRS EXTRA BRUT vigneron de Champagne aus unserem Direktimport-Katalog\" \/>\n<meta name=\"robots\" content=\"index, follow, max-snippet:-1, max-image-preview:large, max-video-preview:-1\" \/>\n<link rel=\"canonical\" href=\"https:\/\/fonsvinum.com\/de\/produkt\/mousse-fils-champagne-lextra-or-blanc-de-noirs-extra-brut\/\" \/>\n<meta property=\"og:locale\" content=\"de_DE\" \/>\n<meta property=\"og:type\" content=\"article\" \/>\n<meta property=\"og:title\" content=\"MOUSS\u00c9 FILS CHAMPAGNE L&#039;EXTRA OR BLANC DE NOIRS\" \/>\n<meta property=\"og:description\" content=\"Kaufen Sie online bei FonsVinum MOUSS\u00c9 FILS CHAMPAGNE L&#039;EXTRA OR BLANC DE NOIRS EXTRA BRUT vigneron de Champagne aus unserem Direktimport-Katalog\" \/>\n<meta property=\"og:url\" content=\"https:\/\/fonsvinum.com\/de\/produkt\/mousse-fils-champagne-lextra-or-blanc-de-noirs-extra-brut\/\" \/>\n<meta property=\"og:site_name\" content=\"Fons Vinum\" \/>\n<meta property=\"article:modified_time\" content=\"2026-04-16T17:13:38+00:00\" \/>\n<meta property=\"og:image\" content=\"https:\/\/fonsvinum.com\/files\/2026\/04\/MOUSSE-FILS-CHAMPAGNE-LEXTRA-OR-BLANC-DE-NOIRS-EXTRA-BRUT.png\" \/>\n\t<meta property=\"og:image:width\" content=\"200\" \/>\n\t<meta property=\"og:image:height\" content=\"600\" \/>\n\t<meta property=\"og:image:type\" content=\"image\/png\" \/>\n<meta name=\"twitter:label1\" content=\"Gesch\u00e4tzte Lesezeit\" \/>\n\t<meta name=\"twitter:data1\" content=\"3\u00a0Minuten\" \/>\n<script type=\"application\/ld+json\" class=\"yoast-schema-graph\">{\"@context\":\"https:\/\/schema.org\",\"@graph\":[{\"@type\":\"WebPage\",\"@id\":\"https:\/\/fonsvinum.com\/de\/produkt\/mousse-fils-champagne-lextra-or-blanc-de-noirs-extra-brut\/\",\"url\":\"https:\/\/fonsvinum.com\/de\/produkt\/mousse-fils-champagne-lextra-or-blanc-de-noirs-extra-brut\/\",\"name\":\"MOUSS\u00c9 FILS CHAMPAGNE L'EXTRA OR BLANC DE NOIRS\",\"isPartOf\":{\"@id\":\"https:\/\/fonsvinum.com\/en\/#website\"},\"primaryImageOfPage\":{\"@id\":\"https:\/\/fonsvinum.com\/de\/produkt\/mousse-fils-champagne-lextra-or-blanc-de-noirs-extra-brut\/#primaryimage\"},\"image\":{\"@id\":\"https:\/\/fonsvinum.com\/de\/produkt\/mousse-fils-champagne-lextra-or-blanc-de-noirs-extra-brut\/#primaryimage\"},\"thumbnailUrl\":\"https:\/\/fonsvinum.com\/files\/2026\/04\/MOUSSE-FILS-CHAMPAGNE-LEXTRA-OR-BLANC-DE-NOIRS-EXTRA-BRUT.png\",\"datePublished\":\"2026-04-15T08:41:57+00:00\",\"dateModified\":\"2026-04-16T17:13:38+00:00\",\"description\":\"Kaufen Sie online bei FonsVinum MOUSS\u00c9 FILS CHAMPAGNE L'EXTRA OR BLANC DE NOIRS EXTRA BRUT vigneron de Champagne aus unserem Direktimport-Katalog\",\"breadcrumb\":{\"@id\":\"https:\/\/fonsvinum.com\/de\/produkt\/mousse-fils-champagne-lextra-or-blanc-de-noirs-extra-brut\/#breadcrumb\"},\"inLanguage\":\"de\",\"potentialAction\":[{\"@type\":\"ReadAction\",\"target\":[\"https:\/\/fonsvinum.com\/de\/produkt\/mousse-fils-champagne-lextra-or-blanc-de-noirs-extra-brut\/\"]}]},{\"@type\":\"ImageObject\",\"inLanguage\":\"de\",\"@id\":\"https:\/\/fonsvinum.com\/de\/produkt\/mousse-fils-champagne-lextra-or-blanc-de-noirs-extra-brut\/#primaryimage\",\"url\":\"https:\/\/fonsvinum.com\/files\/2026\/04\/MOUSSE-FILS-CHAMPAGNE-LEXTRA-OR-BLANC-DE-NOIRS-EXTRA-BRUT.png\",\"contentUrl\":\"https:\/\/fonsvinum.com\/files\/2026\/04\/MOUSSE-FILS-CHAMPAGNE-LEXTRA-OR-BLANC-DE-NOIRS-EXTRA-BRUT.png\",\"width\":200,\"height\":600,\"caption\":\"MOUSS\u00c9 FILS CHAMPAGNE L'EXTRA OR BLANC DE NOIRS EXTRA BRUT\"},{\"@type\":\"BreadcrumbList\",\"@id\":\"https:\/\/fonsvinum.com\/de\/produkt\/mousse-fils-champagne-lextra-or-blanc-de-noirs-extra-brut\/#breadcrumb\",\"itemListElement\":[{\"@type\":\"ListItem\",\"position\":1,\"name\":\"Startseite\",\"item\":\"https:\/\/fonsvinum.com\/de\/\"},{\"@type\":\"ListItem\",\"position\":2,\"name\":\"Shop\",\"item\":\"https:\/\/fonsvinum.com\/de\/shop\/\"},{\"@type\":\"ListItem\",\"position\":3,\"name\":\"MOUSS\u00c9 FILS CHAMPAGNE L&#8217;EXTRA OR BLANC DE NOIRS EXTRA BRUT\"}]},{\"@type\":\"WebSite\",\"@id\":\"https:\/\/fonsvinum.com\/en\/#website\",\"url\":\"https:\/\/fonsvinum.com\/en\/\",\"name\":\"Fons Vinum\",\"description\":\"Vendita Vino Online\",\"publisher\":{\"@id\":\"https:\/\/fonsvinum.com\/en\/#organization\"},\"potentialAction\":[{\"@type\":\"SearchAction\",\"target\":{\"@type\":\"EntryPoint\",\"urlTemplate\":\"https:\/\/fonsvinum.com\/en\/?s={search_term_string}\"},\"query-input\":{\"@type\":\"PropertyValueSpecification\",\"valueRequired\":true,\"valueName\":\"search_term_string\"}}],\"inLanguage\":\"de\"},{\"@type\":\"Organization\",\"@id\":\"https:\/\/fonsvinum.com\/en\/#organization\",\"name\":\"Fons Vinum\",\"url\":\"https:\/\/fonsvinum.com\/en\/\",\"logo\":{\"@type\":\"ImageObject\",\"inLanguage\":\"de\",\"@id\":\"https:\/\/fonsvinum.com\/en\/#\/schema\/logo\/image\/\",\"url\":\"\",\"contentUrl\":\"\",\"caption\":\"Fons Vinum\"},\"image\":{\"@id\":\"https:\/\/fonsvinum.com\/en\/#\/schema\/logo\/image\/\"}}]}<\/script>\n<!-- \/ Yoast SEO plugin. -->","yoast_head_json":{"title":"MOUSS\u00c9 FILS CHAMPAGNE L'EXTRA OR BLANC DE NOIRS","description":"Kaufen Sie online bei FonsVinum MOUSS\u00c9 FILS CHAMPAGNE L'EXTRA OR BLANC DE NOIRS EXTRA BRUT vigneron de Champagne aus unserem Direktimport-Katalog","robots":{"index":"index","follow":"follow","max-snippet":"max-snippet:-1","max-image-preview":"max-image-preview:large","max-video-preview":"max-video-preview:-1"},"canonical":"https:\/\/fonsvinum.com\/de\/produkt\/mousse-fils-champagne-lextra-or-blanc-de-noirs-extra-brut\/","og_locale":"de_DE","og_type":"article","og_title":"MOUSS\u00c9 FILS CHAMPAGNE L'EXTRA OR BLANC DE NOIRS","og_description":"Kaufen Sie online bei FonsVinum MOUSS\u00c9 FILS CHAMPAGNE L'EXTRA OR BLANC DE NOIRS EXTRA BRUT vigneron de Champagne aus unserem Direktimport-Katalog","og_url":"https:\/\/fonsvinum.com\/de\/produkt\/mousse-fils-champagne-lextra-or-blanc-de-noirs-extra-brut\/","og_site_name":"Fons Vinum","article_modified_time":"2026-04-16T17:13:38+00:00","og_image":[{"width":200,"height":600,"url":"https:\/\/fonsvinum.com\/files\/2026\/04\/MOUSSE-FILS-CHAMPAGNE-LEXTRA-OR-BLANC-DE-NOIRS-EXTRA-BRUT.png","type":"image\/png"}],"twitter_misc":{"Gesch\u00e4tzte Lesezeit":"3\u00a0Minuten"},"schema":{"@context":"https:\/\/schema.org","@graph":[{"@type":"WebPage","@id":"https:\/\/fonsvinum.com\/de\/produkt\/mousse-fils-champagne-lextra-or-blanc-de-noirs-extra-brut\/","url":"https:\/\/fonsvinum.com\/de\/produkt\/mousse-fils-champagne-lextra-or-blanc-de-noirs-extra-brut\/","name":"MOUSS\u00c9 FILS CHAMPAGNE L'EXTRA OR BLANC DE NOIRS","isPartOf":{"@id":"https:\/\/fonsvinum.com\/en\/#website"},"primaryImageOfPage":{"@id":"https:\/\/fonsvinum.com\/de\/produkt\/mousse-fils-champagne-lextra-or-blanc-de-noirs-extra-brut\/#primaryimage"},"image":{"@id":"https:\/\/fonsvinum.com\/de\/produkt\/mousse-fils-champagne-lextra-or-blanc-de-noirs-extra-brut\/#primaryimage"},"thumbnailUrl":"https:\/\/fonsvinum.com\/files\/2026\/04\/MOUSSE-FILS-CHAMPAGNE-LEXTRA-OR-BLANC-DE-NOIRS-EXTRA-BRUT.png","datePublished":"2026-04-15T08:41:57+00:00","dateModified":"2026-04-16T17:13:38+00:00","description":"Kaufen Sie online bei FonsVinum MOUSS\u00c9 FILS CHAMPAGNE L'EXTRA OR BLANC DE NOIRS EXTRA BRUT vigneron de Champagne aus unserem Direktimport-Katalog","breadcrumb":{"@id":"https:\/\/fonsvinum.com\/de\/produkt\/mousse-fils-champagne-lextra-or-blanc-de-noirs-extra-brut\/#breadcrumb"},"inLanguage":"de","potentialAction":[{"@type":"ReadAction","target":["https:\/\/fonsvinum.com\/de\/produkt\/mousse-fils-champagne-lextra-or-blanc-de-noirs-extra-brut\/"]}]},{"@type":"ImageObject","inLanguage":"de","@id":"https:\/\/fonsvinum.com\/de\/produkt\/mousse-fils-champagne-lextra-or-blanc-de-noirs-extra-brut\/#primaryimage","url":"https:\/\/fonsvinum.com\/files\/2026\/04\/MOUSSE-FILS-CHAMPAGNE-LEXTRA-OR-BLANC-DE-NOIRS-EXTRA-BRUT.png","contentUrl":"https:\/\/fonsvinum.com\/files\/2026\/04\/MOUSSE-FILS-CHAMPAGNE-LEXTRA-OR-BLANC-DE-NOIRS-EXTRA-BRUT.png","width":200,"height":600,"caption":"MOUSS\u00c9 FILS CHAMPAGNE L'EXTRA OR BLANC DE NOIRS EXTRA BRUT"},{"@type":"BreadcrumbList","@id":"https:\/\/fonsvinum.com\/de\/produkt\/mousse-fils-champagne-lextra-or-blanc-de-noirs-extra-brut\/#breadcrumb","itemListElement":[{"@type":"ListItem","position":1,"name":"Startseite","item":"https:\/\/fonsvinum.com\/de\/"},{"@type":"ListItem","position":2,"name":"Shop","item":"https:\/\/fonsvinum.com\/de\/shop\/"},{"@type":"ListItem","position":3,"name":"MOUSS\u00c9 FILS CHAMPAGNE L&#8217;EXTRA OR BLANC DE NOIRS EXTRA BRUT"}]},{"@type":"WebSite","@id":"https:\/\/fonsvinum.com\/en\/#website","url":"https:\/\/fonsvinum.com\/en\/","name":"Fons Vinum","description":"Vendita Vino Online","publisher":{"@id":"https:\/\/fonsvinum.com\/en\/#organization"},"potentialAction":[{"@type":"SearchAction","target":{"@type":"EntryPoint","urlTemplate":"https:\/\/fonsvinum.com\/en\/?s={search_term_string}"},"query-input":{"@type":"PropertyValueSpecification","valueRequired":true,"valueName":"search_term_string"}}],"inLanguage":"de"},{"@type":"Organization","@id":"https:\/\/fonsvinum.com\/en\/#organization","name":"Fons Vinum","url":"https:\/\/fonsvinum.com\/en\/","logo":{"@type":"ImageObject","inLanguage":"de","@id":"https:\/\/fonsvinum.com\/en\/#\/schema\/logo\/image\/","url":"","contentUrl":"","caption":"Fons Vinum"},"image":{"@id":"https:\/\/fonsvinum.com\/en\/#\/schema\/logo\/image\/"}}]}},"acf":[],"_links":{"self":[{"href":"https:\/\/fonsvinum.com\/de\/wp-json\/wp\/v2\/product\/49424","targetHints":{"allow":["GET"]}}],"collection":[{"href":"https:\/\/fonsvinum.com\/de\/wp-json\/wp\/v2\/product"}],"about":[{"href":"https:\/\/fonsvinum.com\/de\/wp-json\/wp\/v2\/types\/product"}],"replies":[{"embeddable":true,"href":"https:\/\/fonsvinum.com\/de\/wp-json\/wp\/v2\/comments?post=49424"}],"wp:featuredmedia":[{"embeddable":true,"href":"https:\/\/fonsvinum.com\/de\/wp-json\/wp\/v2\/media\/49434"}],"wp:attachment":[{"href":"https:\/\/fonsvinum.com\/de\/wp-json\/wp\/v2\/media?parent=49424"}],"wp:term":[{"taxonomy":"product_brand","embeddable":true,"href":"https:\/\/fonsvinum.com\/de\/wp-json\/wp\/v2\/product_brand?post=49424"},{"taxonomy":"product_cat","embeddable":true,"href":"https:\/\/fonsvinum.com\/de\/wp-json\/wp\/v2\/product_cat?post=49424"},{"taxonomy":"product_tag","embeddable":true,"href":"https:\/\/fonsvinum.com\/de\/wp-json\/wp\/v2\/product_tag?post=49424"}],"curies":[{"name":"wp","href":"https:\/\/api.w.org\/{rel}","templated":true}]}}