{"id":49412,"date":"2026-04-14T16:31:14","date_gmt":"2026-04-14T14:31:14","guid":{"rendered":"https:\/\/fonsvinum.com\/?post_type=product&#038;p=49412"},"modified":"2026-04-16T19:21:13","modified_gmt":"2026-04-16T17:21:13","slug":"produttori-del-barbaresco-riserva-montestefano-barbaresco-2021","status":"publish","type":"product","link":"https:\/\/fonsvinum.com\/de\/produkt\/produttori-del-barbaresco-riserva-montestefano-barbaresco-2021\/","title":{"rendered":"PRODUTTORI DEL BARBARESCO Riserva Montestefano Barbaresco 2021"},"content":{"rendered":"<h1><a href=\"http:\/\/produttoridelbarbaresco.com\">PRODUTTORI <\/a>DEL <a href=\"https:\/\/fonsvinum.com\/de\/produkt-kategorie\/rotweine-de\/barbaresco-de\/\">BARBARESCO<\/a> Riserva <a href=\"https:\/\/fonsvinum.com\/en\/?s=MONTESTEFANO&amp;post_type=product\">Montestefano<\/a> Barbaresco 2021<\/h1>\n<h3>Riserva Montestefano Barbaresco 2021<\/h3>\n<p>Bereits Ende des 19. Jahrhunderts war bekannt, dass der Nebbiolo in der Zone von Barbaresco ganz andere Eigenschaften aufwies als in anderen Gebieten des Piemont.<\/p>\n<p>Aus diesem Grund beschloss der damalige Direktor der k\u00f6niglichen \u00d6nologieschule von Alba, Domizio Cavazza, einige Winzer und Produzenten zu vereinen, um eine Winzergenossenschaft zu gr\u00fcnden, die einen besonderen Wein erzeugen konnte.<\/p>\n<p>Es war genau im Jahr 1894, als die \u201eCantine Sociali di Barbaresco\u201c zur \u201eErzeugung von Luxus- und Tafelweinen\u201c gegr\u00fcndet wurde. Zun\u00e4chst aus neun Winzern bestehend, begann die Genossenschaft mit der Weinbereitung. Genutzt wurden die Keller des Weinguts von Direktor Domizio Cavazza selbst. Er entschied in Absprache mit den anderen Mitgliedern, dem Wein denselben Namen wie dem Ort zu geben: Barbaresco.<\/p>\n<p>Die Kellerei blieb bis 1913 unter der Leitung von Cavazza, dem Jahr, in dem der Direktor verstarb. In der Folge musste die Genossenschaft nach weiteren sieben Jahren im Jahr 1920, zur Zeit des Faschismus, schlie\u00dfen. Nach dem Krieg war es jedoch der Pfarrer von Barbaresco, Don Fiorino Marengo, der 1958 beschloss, das von Cavazza begonnene Projekt fortzuf\u00fchren. So wurde die Genossenschaftskellerei des Ortes unter dem Namen \u201eProduttori del Barbaresco\u201c neu gegr\u00fcndet. Rund zwanzig Winzer schlossen sich zusammen, die von der Qualit\u00e4t des Nebbiolo ihrer Lagen \u00fcberzeugt waren und sich gemeinsam \u201ef\u00fcr die Qualifizierung und Garantie des Barbaresco\u201c einsetzten.<\/p>\n<p>Seitdem blickt die \u201eProduttori del Barbaresco\u201c auf eine erfolgreiche Geschichte zur\u00fcck. Sie z\u00e4hlt heute \u00fcber f\u00fcnfzig Mitglieder und verf\u00fcgt \u00fcber rund 100 Hektar Rebfl\u00e4che, die ausschlie\u00dflich mit Nebbiolo bestockt sind.<br \/>\nDank der steten Hingabe aller Winzer der Genossenschaft gilt die \u201eProduttori del Barbaresco\u201c nicht nur l\u00e4ngst als eines der renommiertesten Weing\u00fcter der piemontesischen Langhe, sondern wird weltweit oft als Paradebeispiel f\u00fcr eine Spitzen-Genossenschaft angef\u00fchrt.<\/p>\n<h2>Jahrgang 2021<\/h2>\n<p>JAHRGANG 2021<\/p>\n<p>Der Jahrgang 2021 begann mit einem milden, wenn auch niederschlagsreichen Winter mit teils Schneefall, der eine ausgezeichnete Wasserversorgung garantierte, die sich als wesentlich f\u00fcr den weiteren Verlauf der Kampagne erwies.<br \/>\nDer M\u00e4rz verzeichnete recht milde Temperaturen, wobei der Vegetationsbeginn regul\u00e4r gegen Ende des Monats einsetzte. Der April brachte hingegen eine R\u00fcckkehr k\u00e4lterer Temperaturen mit teils intensiver K\u00e4lte in den fr\u00fchen Morgenstunden. Der Nebbiolo, eine fr\u00fchreife Sorte und daher potenziell st\u00e4rker exponiert, litt jedoch nicht wesentlich unter dem Temperaturabfall, mit leichten und auf Weinberge in niedrigeren H\u00f6henlagen begrenzten Frostsch\u00e4den. Auch der Mai verzeichnete recht k\u00fchle Temperaturen unter dem saisonalen Durchschnitt. Das Ergebnis war ein nicht \u00fcberm\u00e4\u00dfiger Produktionsertrag, gesch\u00e4tzt auf -10 % gegen\u00fcber 2020.<\/p>\n<p>Mit dem Juni begann eine lange Sch\u00f6nwetterperiode, die den gesamten Sommer anhielt. Die Temperaturen lagen im Durchschnitt, ohne Extreme, besonders nachts. Nur in der zweiten und dritten Augustwoche erreichten die Tagesh\u00f6chstwerte 35 \u00b0C, w\u00e4hrend sie bereits Ende des Monats wieder unter 30 \u00b0C fielen. Das trockene Klima hielt den gesamten September an, mit nur einem kurzen Gewitter am 16.09. In der zweiten Monatsh\u00e4lfte wurden die N\u00e4chte k\u00fchler \u2013 ideal f\u00fcr die Reifung der Nebbiolo-Trauben. Anfang Oktober waren die Trauben gesund und wiesen eine optimale phenolische Reife auf, beg\u00fcnstigt durch die starken Temperaturschwankungen in der zweiten Septemberh\u00e4lfte und im Oktober.<\/p>\n<p>Die Weinlese in Barbaresco begann am 6. Oktober und dauerte bei mildem, trockenem Wetter bis zum 18. Oktober an. Quantitativ war der Ertrag optimal und ausgewogen, mit sichtlich kleineren Beeren als im Vorjahr. Dies f\u00fchrte zu einem sehr reichen Polyphenolgehalt, der essenziell f\u00fcr strukturierte, ausgewogene und langlebige Weine ist.<\/p>\n<p>Zusammenfassend l\u00e4sst sich sagen, dass wir Trauben von hoher Qualit\u00e4t geerntet haben, die sicherlich bedeutende, komplexe und genussvolle Weine mit guter Struktur und Langlebigkeit hervorbringen werden. Ein in jeder Hinsicht exzellenter Jahrgang.<\/p>\n","protected":false},"excerpt":{"rendered":"<p>PRODUTTORI DEL BARBARESCO Riserva Montestefano Barbaresco 2021 Riserva Montestefano Barbaresco 2021 Bereits Ende des 19. Jahrhunderts war bekannt, dass der Nebbiolo in der Zone von Barbaresco ganz andere Eigenschaften aufwies als in anderen Gebieten des Piemont. Aus diesem Grund beschloss der damalige Direktor der k\u00f6niglichen \u00d6nologieschule von Alba, Domizio Cavazza, einige Winzer und Produzenten zu [&hellip;]<\/p>\n","protected":false},"featured_media":7895,"comment_status":"open","ping_status":"closed","template":"","meta":{"_acf_changed":false,"_monsterinsights_skip_tracking":false,"_monsterinsights_sitenote_active":false,"_monsterinsights_sitenote_note":"","_monsterinsights_sitenote_category":0},"product_brand":[],"product_cat":[1773],"product_tag":[15895,2418],"class_list":{"0":"post-49412","1":"product","2":"type-product","3":"status-publish","4":"has-post-thumbnail","6":"product_cat-barbaresco-de","7":"product_tag-barbaresco-de-2","8":"product_tag-kleine-weinzeuger-de","9":"pa_appellation-barbaresco-docg-de","10":"pa_formato-0-75-l-flasche-de","11":"pa_producer-produttori-del-barbaresco-de","12":"pa_region-piemont-de","13":"pa_vine-100-nebbiolo-de","14":"pa_vintage-18393","16":"first","17":"instock","18":"taxable","19":"shipping-taxable","20":"purchasable","21":"product-type-simple"},"bundled_by":[],"bundle_stock_status":"instock","bundle_stock_quantity":6,"bundle_virtual":false,"bundle_layout":"","bundle_add_to_cart_form_location":"","bundle_editable_in_cart":false,"bundle_sold_individually_context":"","bundle_item_grouping":"","bundle_min_size":"","bundle_max_size":"","bundle_price":[],"bundled_items":[],"bundle_sell_ids":[],"yoast_head":"<!-- This site is optimized with the Yoast SEO plugin v27.2 - https:\/\/yoast.com\/product\/yoast-seo-wordpress\/ -->\n<title>PRODUTTORI DEL BARBARESCO Riserva Montestefano Barbaresco 2021<\/title>\n<meta name=\"description\" content=\"Kaufen Sie online bei FonsVinum PRODUTTORI DEL BARBARESCO Riserva Montestefano Barbaresco 2021 und profitieren Sie vom KOSTENLOSEN VERSAND!\" \/>\n<meta name=\"robots\" content=\"index, follow, max-snippet:-1, max-image-preview:large, max-video-preview:-1\" \/>\n<link rel=\"canonical\" href=\"https:\/\/fonsvinum.com\/de\/produkt\/produttori-del-barbaresco-riserva-montestefano-barbaresco-2021\/\" \/>\n<meta property=\"og:locale\" content=\"de_DE\" \/>\n<meta property=\"og:type\" content=\"article\" \/>\n<meta property=\"og:title\" content=\"PRODUTTORI DEL BARBARESCO Riserva Montestefano Barbaresco 2021\" \/>\n<meta property=\"og:description\" content=\"Kaufen Sie online bei FonsVinum PRODUTTORI DEL BARBARESCO Riserva Montestefano Barbaresco 2021 und profitieren Sie vom KOSTENLOSEN VERSAND!\" \/>\n<meta property=\"og:url\" content=\"https:\/\/fonsvinum.com\/de\/produkt\/produttori-del-barbaresco-riserva-montestefano-barbaresco-2021\/\" \/>\n<meta property=\"og:site_name\" content=\"Fons Vinum\" \/>\n<meta property=\"article:modified_time\" content=\"2026-04-16T17:21:13+00:00\" \/>\n<meta property=\"og:image\" content=\"https:\/\/fonsvinum.com\/files\/2013\/04\/barbaresco-produttori-riserva-montestefano.png\" \/>\n\t<meta property=\"og:image:width\" content=\"157\" \/>\n\t<meta property=\"og:image:height\" content=\"500\" \/>\n\t<meta property=\"og:image:type\" content=\"image\/png\" \/>\n<meta name=\"twitter:label1\" content=\"Gesch\u00e4tzte Lesezeit\" \/>\n\t<meta name=\"twitter:data1\" content=\"4\u00a0Minuten\" \/>\n<script type=\"application\/ld+json\" class=\"yoast-schema-graph\">{\"@context\":\"https:\/\/schema.org\",\"@graph\":[{\"@type\":\"WebPage\",\"@id\":\"https:\/\/fonsvinum.com\/de\/produkt\/produttori-del-barbaresco-riserva-montestefano-barbaresco-2021\/\",\"url\":\"https:\/\/fonsvinum.com\/de\/produkt\/produttori-del-barbaresco-riserva-montestefano-barbaresco-2021\/\",\"name\":\"PRODUTTORI DEL BARBARESCO Riserva Montestefano Barbaresco 2021\",\"isPartOf\":{\"@id\":\"https:\/\/fonsvinum.com\/en\/#website\"},\"primaryImageOfPage\":{\"@id\":\"https:\/\/fonsvinum.com\/de\/produkt\/produttori-del-barbaresco-riserva-montestefano-barbaresco-2021\/#primaryimage\"},\"image\":{\"@id\":\"https:\/\/fonsvinum.com\/de\/produkt\/produttori-del-barbaresco-riserva-montestefano-barbaresco-2021\/#primaryimage\"},\"thumbnailUrl\":\"https:\/\/fonsvinum.com\/files\/2013\/04\/barbaresco-produttori-riserva-montestefano.png\",\"datePublished\":\"2026-04-14T14:31:14+00:00\",\"dateModified\":\"2026-04-16T17:21:13+00:00\",\"description\":\"Kaufen Sie online bei FonsVinum PRODUTTORI DEL BARBARESCO Riserva Montestefano Barbaresco 2021 und profitieren Sie vom KOSTENLOSEN VERSAND!\",\"breadcrumb\":{\"@id\":\"https:\/\/fonsvinum.com\/de\/produkt\/produttori-del-barbaresco-riserva-montestefano-barbaresco-2021\/#breadcrumb\"},\"inLanguage\":\"de\",\"potentialAction\":[{\"@type\":\"ReadAction\",\"target\":[\"https:\/\/fonsvinum.com\/de\/produkt\/produttori-del-barbaresco-riserva-montestefano-barbaresco-2021\/\"]}]},{\"@type\":\"ImageObject\",\"inLanguage\":\"de\",\"@id\":\"https:\/\/fonsvinum.com\/de\/produkt\/produttori-del-barbaresco-riserva-montestefano-barbaresco-2021\/#primaryimage\",\"url\":\"https:\/\/fonsvinum.com\/files\/2013\/04\/barbaresco-produttori-riserva-montestefano.png\",\"contentUrl\":\"https:\/\/fonsvinum.com\/files\/2013\/04\/barbaresco-produttori-riserva-montestefano.png\",\"width\":157,\"height\":500,\"caption\":\"PRODUTTORI DEL BARBARESCO Barbaresco Riserva Montestefano 2019 Magnum\"},{\"@type\":\"BreadcrumbList\",\"@id\":\"https:\/\/fonsvinum.com\/de\/produkt\/produttori-del-barbaresco-riserva-montestefano-barbaresco-2021\/#breadcrumb\",\"itemListElement\":[{\"@type\":\"ListItem\",\"position\":1,\"name\":\"Startseite\",\"item\":\"https:\/\/fonsvinum.com\/de\/\"},{\"@type\":\"ListItem\",\"position\":2,\"name\":\"Shop\",\"item\":\"https:\/\/fonsvinum.com\/de\/shop\/\"},{\"@type\":\"ListItem\",\"position\":3,\"name\":\"PRODUTTORI DEL BARBARESCO Riserva Montestefano Barbaresco 2021\"}]},{\"@type\":\"WebSite\",\"@id\":\"https:\/\/fonsvinum.com\/en\/#website\",\"url\":\"https:\/\/fonsvinum.com\/en\/\",\"name\":\"Fons Vinum\",\"description\":\"Vendita Vino Online\",\"publisher\":{\"@id\":\"https:\/\/fonsvinum.com\/en\/#organization\"},\"potentialAction\":[{\"@type\":\"SearchAction\",\"target\":{\"@type\":\"EntryPoint\",\"urlTemplate\":\"https:\/\/fonsvinum.com\/en\/?s={search_term_string}\"},\"query-input\":{\"@type\":\"PropertyValueSpecification\",\"valueRequired\":true,\"valueName\":\"search_term_string\"}}],\"inLanguage\":\"de\"},{\"@type\":\"Organization\",\"@id\":\"https:\/\/fonsvinum.com\/en\/#organization\",\"name\":\"Fons Vinum\",\"url\":\"https:\/\/fonsvinum.com\/en\/\",\"logo\":{\"@type\":\"ImageObject\",\"inLanguage\":\"de\",\"@id\":\"https:\/\/fonsvinum.com\/en\/#\/schema\/logo\/image\/\",\"url\":\"\",\"contentUrl\":\"\",\"caption\":\"Fons Vinum\"},\"image\":{\"@id\":\"https:\/\/fonsvinum.com\/en\/#\/schema\/logo\/image\/\"}}]}<\/script>\n<!-- \/ Yoast SEO plugin. -->","yoast_head_json":{"title":"PRODUTTORI DEL BARBARESCO Riserva Montestefano Barbaresco 2021","description":"Kaufen Sie online bei FonsVinum PRODUTTORI DEL BARBARESCO Riserva Montestefano Barbaresco 2021 und profitieren Sie vom KOSTENLOSEN VERSAND!","robots":{"index":"index","follow":"follow","max-snippet":"max-snippet:-1","max-image-preview":"max-image-preview:large","max-video-preview":"max-video-preview:-1"},"canonical":"https:\/\/fonsvinum.com\/de\/produkt\/produttori-del-barbaresco-riserva-montestefano-barbaresco-2021\/","og_locale":"de_DE","og_type":"article","og_title":"PRODUTTORI DEL BARBARESCO Riserva Montestefano Barbaresco 2021","og_description":"Kaufen Sie online bei FonsVinum PRODUTTORI DEL BARBARESCO Riserva Montestefano Barbaresco 2021 und profitieren Sie vom KOSTENLOSEN VERSAND!","og_url":"https:\/\/fonsvinum.com\/de\/produkt\/produttori-del-barbaresco-riserva-montestefano-barbaresco-2021\/","og_site_name":"Fons Vinum","article_modified_time":"2026-04-16T17:21:13+00:00","og_image":[{"width":157,"height":500,"url":"https:\/\/fonsvinum.com\/files\/2013\/04\/barbaresco-produttori-riserva-montestefano.png","type":"image\/png"}],"twitter_misc":{"Gesch\u00e4tzte Lesezeit":"4\u00a0Minuten"},"schema":{"@context":"https:\/\/schema.org","@graph":[{"@type":"WebPage","@id":"https:\/\/fonsvinum.com\/de\/produkt\/produttori-del-barbaresco-riserva-montestefano-barbaresco-2021\/","url":"https:\/\/fonsvinum.com\/de\/produkt\/produttori-del-barbaresco-riserva-montestefano-barbaresco-2021\/","name":"PRODUTTORI DEL BARBARESCO Riserva Montestefano Barbaresco 2021","isPartOf":{"@id":"https:\/\/fonsvinum.com\/en\/#website"},"primaryImageOfPage":{"@id":"https:\/\/fonsvinum.com\/de\/produkt\/produttori-del-barbaresco-riserva-montestefano-barbaresco-2021\/#primaryimage"},"image":{"@id":"https:\/\/fonsvinum.com\/de\/produkt\/produttori-del-barbaresco-riserva-montestefano-barbaresco-2021\/#primaryimage"},"thumbnailUrl":"https:\/\/fonsvinum.com\/files\/2013\/04\/barbaresco-produttori-riserva-montestefano.png","datePublished":"2026-04-14T14:31:14+00:00","dateModified":"2026-04-16T17:21:13+00:00","description":"Kaufen Sie online bei FonsVinum PRODUTTORI DEL BARBARESCO Riserva Montestefano Barbaresco 2021 und profitieren Sie vom KOSTENLOSEN VERSAND!","breadcrumb":{"@id":"https:\/\/fonsvinum.com\/de\/produkt\/produttori-del-barbaresco-riserva-montestefano-barbaresco-2021\/#breadcrumb"},"inLanguage":"de","potentialAction":[{"@type":"ReadAction","target":["https:\/\/fonsvinum.com\/de\/produkt\/produttori-del-barbaresco-riserva-montestefano-barbaresco-2021\/"]}]},{"@type":"ImageObject","inLanguage":"de","@id":"https:\/\/fonsvinum.com\/de\/produkt\/produttori-del-barbaresco-riserva-montestefano-barbaresco-2021\/#primaryimage","url":"https:\/\/fonsvinum.com\/files\/2013\/04\/barbaresco-produttori-riserva-montestefano.png","contentUrl":"https:\/\/fonsvinum.com\/files\/2013\/04\/barbaresco-produttori-riserva-montestefano.png","width":157,"height":500,"caption":"PRODUTTORI DEL BARBARESCO Barbaresco Riserva Montestefano 2019 Magnum"},{"@type":"BreadcrumbList","@id":"https:\/\/fonsvinum.com\/de\/produkt\/produttori-del-barbaresco-riserva-montestefano-barbaresco-2021\/#breadcrumb","itemListElement":[{"@type":"ListItem","position":1,"name":"Startseite","item":"https:\/\/fonsvinum.com\/de\/"},{"@type":"ListItem","position":2,"name":"Shop","item":"https:\/\/fonsvinum.com\/de\/shop\/"},{"@type":"ListItem","position":3,"name":"PRODUTTORI DEL BARBARESCO Riserva Montestefano Barbaresco 2021"}]},{"@type":"WebSite","@id":"https:\/\/fonsvinum.com\/en\/#website","url":"https:\/\/fonsvinum.com\/en\/","name":"Fons Vinum","description":"Vendita Vino Online","publisher":{"@id":"https:\/\/fonsvinum.com\/en\/#organization"},"potentialAction":[{"@type":"SearchAction","target":{"@type":"EntryPoint","urlTemplate":"https:\/\/fonsvinum.com\/en\/?s={search_term_string}"},"query-input":{"@type":"PropertyValueSpecification","valueRequired":true,"valueName":"search_term_string"}}],"inLanguage":"de"},{"@type":"Organization","@id":"https:\/\/fonsvinum.com\/en\/#organization","name":"Fons Vinum","url":"https:\/\/fonsvinum.com\/en\/","logo":{"@type":"ImageObject","inLanguage":"de","@id":"https:\/\/fonsvinum.com\/en\/#\/schema\/logo\/image\/","url":"","contentUrl":"","caption":"Fons Vinum"},"image":{"@id":"https:\/\/fonsvinum.com\/en\/#\/schema\/logo\/image\/"}}]}},"acf":[],"_links":{"self":[{"href":"https:\/\/fonsvinum.com\/de\/wp-json\/wp\/v2\/product\/49412","targetHints":{"allow":["GET"]}}],"collection":[{"href":"https:\/\/fonsvinum.com\/de\/wp-json\/wp\/v2\/product"}],"about":[{"href":"https:\/\/fonsvinum.com\/de\/wp-json\/wp\/v2\/types\/product"}],"replies":[{"embeddable":true,"href":"https:\/\/fonsvinum.com\/de\/wp-json\/wp\/v2\/comments?post=49412"}],"wp:featuredmedia":[{"embeddable":true,"href":"https:\/\/fonsvinum.com\/de\/wp-json\/wp\/v2\/media\/7895"}],"wp:attachment":[{"href":"https:\/\/fonsvinum.com\/de\/wp-json\/wp\/v2\/media?parent=49412"}],"wp:term":[{"taxonomy":"product_brand","embeddable":true,"href":"https:\/\/fonsvinum.com\/de\/wp-json\/wp\/v2\/product_brand?post=49412"},{"taxonomy":"product_cat","embeddable":true,"href":"https:\/\/fonsvinum.com\/de\/wp-json\/wp\/v2\/product_cat?post=49412"},{"taxonomy":"product_tag","embeddable":true,"href":"https:\/\/fonsvinum.com\/de\/wp-json\/wp\/v2\/product_tag?post=49412"}],"curies":[{"name":"wp","href":"https:\/\/api.w.org\/{rel}","templated":true}]}}