{"id":49406,"date":"2026-04-14T16:02:31","date_gmt":"2026-04-14T14:02:31","guid":{"rendered":"https:\/\/fonsvinum.com\/?post_type=product&#038;p=49406"},"modified":"2026-04-16T19:15:40","modified_gmt":"2026-04-16T17:15:40","slug":"produttori-del-barbaresco-riserva-paje-barbaresco-2021","status":"publish","type":"product","link":"https:\/\/fonsvinum.com\/de\/produkt\/produttori-del-barbaresco-riserva-paje-barbaresco-2021\/","title":{"rendered":"PRODUTTORI DEL BARBARESCO Riserva Paje Barbaresco 2021"},"content":{"rendered":"<h1><a href=\"http:\/\/ttoridelbarbaresco.com\">PRODUTTORI<\/a> DEL BARBARESCO Riserva Paj\u00e9 Barbaresco 2021<\/h1>\n<p>PRODUTTORI DEL BARBARESCO Riserva Paj\u00e9 Barbaresco 2021<\/p>\n<h2>DAS WEINGUT <a href=\"https:\/\/fonsvinum.com\/de\/attributes\/producer\/produttori-del-barbaresco-de\/\">PRODUTTORI DEL BARBARESCO<\/a><\/h2>\n<p>Gegr\u00fcndet 1958, z\u00e4hlt sie heute 50 Mitglieder mit einer Rebfl\u00e4che, die 2020 auf 783 Hektar Nebbiolo-Weinberge anwuchs, und kontrolliert einen Gro\u00dfteil der historischen \u201eCrus\u201c der Region. Die Produttori del Barbaresco vinifiziert ausschlie\u00dflich Nebbiolo-Trauben und erzeugt einen Barbaresco D.O.C.G. aus verschiedenen Lagen des Ursprungsgebiets sowie einen Nebbiolo Langhe D.O.C. aus Trauben derselben Weinberge, die als weniger lagerf\u00e4hig eingestuft wurden \u2013 ein einfacherer, sofort trinkbarer Wein. <\/p>\n<p>In gro\u00dfen Jahrg\u00e4ngen werden 9 Barbaresco aus spezifischen Lagen produziert und als Barbaresco Riserva vermarktet: Asili, Rabaj\u00e0, Rio Sordo, Ovello, Montestefano, Paj\u00e9, Muncagota, Montefico, Pora \u2013 Gebiete, die seit jeher f\u00fcr die Erzeugung besonders wertvoller Trauben bekannt sind. Seit dem Jahrgang 2007 sind sie offiziell als \u201eMenzioni Geografiche Aggiuntive\u201c anerkannt. Der Name des Crus und der Weinbergbesitzer sind auf den nummerierten Etiketten aufgef\u00fchrt.  <\/p>\n<h2>BARBARESCO Paj\u00e9<\/h2>\n<p><strong>Weinberg: Paj\u00e9<\/strong><\/p>\n<p>Der Barbaresco Riserva \u201ePaj\u00e9\u201c des Weinguts Produttori del Barbaresco ist ein eleganter, intensiver und strukturierter Rotwein, der in den prachtvollen H\u00fcgeln von Barbaresco im Piemont erzeugt wird. Dieser Wein wird sortenrein aus Nebbiolo-Trauben der Lage Paj\u00e9 gewonnen; ein einzelner Weinberg auf einem nach Westen und S\u00fcdwesten ausgerichteten H\u00fcgel in etwa 250 Metern H\u00f6he. <\/p>\n<p>Die Lage Paj\u00e9 ist nach einer gewissen Reifezeit besonders attraktiv, wenn der Wein noch einen fruchtigen und frischen Gaumen bewahrt.<\/p>\n<h2><strong>JAHRGANG 2021<\/strong><\/h2>\n<p>Der Jahrgang 2021 begann mit einem milden, wenn auch niederschlagsreichen Winter, auch mit Schneef\u00e4llen, die eine hervorragende Wasserreserve garantierten, was f\u00fcr den weiteren Verlauf der Saison entscheidend war.<br \/>\nDer M\u00e4rz verzeichnete recht milde Temperaturen, wobei der Austrieb Ende des Monats regul\u00e4r einsetzte. Der April brachte jedoch k\u00fchlere Temperaturen mit teils intensivem Frost in den fr\u00fchen Morgenstunden. Der Nebbiolo, eine fr\u00fch austreibende Sorte, war zwar potenziell exponierter, litt jedoch nicht signifikant unter dem Temperaturabfall; Frostsch\u00e4den blieben gering und auf tiefer gelegene Weinberge beschr\u00e4nkt. Auch der Mai verzeichnete k\u00fchle Temperaturen unter dem saisonalen Durchschnitt. Dies f\u00fchrte zu einem moderaten Ertrag, der auf -10 % gegen\u00fcber 2020 gesch\u00e4tzt wird.    <\/p>\n<p>Mit dem Juni begann eine lange Sch\u00f6nwetterperiode, die den gesamten Sommer anhielt. Die Temperaturen lagen im Durchschnitt, ohne Extreme, besonders nachts. Nur in der zweiten und dritten Augustwoche erreichten die Tagesh\u00f6chstwerte 35 \u00b0C, w\u00e4hrend sie bereits Ende des Monats wieder unter 30 \u00b0C fielen. Das trockene Klima hielt den gesamten September an, mit nur einem kurzen Gewitter am 16.09. In der zweiten Monatsh\u00e4lfte wurden die N\u00e4chte k\u00fchler \u2013 ideal f\u00fcr die Reifung der Nebbiolo-Trauben. Anfang Oktober waren die Trauben gesund und wiesen eine optimale phenolische Reife auf, beg\u00fcnstigt durch die starken Temperaturschwankungen in der zweiten Septemberh\u00e4lfte und im Oktober.   <\/p>\n<p>Die Weinlese in Barbaresco begann am 6. Oktober und dauerte bei mildem, trockenem Wetter bis zum 18. Oktober an. Quantitativ war der Ertrag optimal und ausgewogen, mit sichtlich kleineren Beeren als im Vorjahr. Dies f\u00fchrte zu einem sehr reichen Polyphenolgehalt, der essenziell f\u00fcr strukturierte, ausgewogene und langlebige Weine ist.  <\/p>\n<p>Zusammenfassend l\u00e4sst sich sagen, dass wir Trauben von hoher Qualit\u00e4t geerntet haben, die sicherlich bedeutende, komplexe und genussvolle Weine mit guter Struktur und Langlebigkeit hervorbringen werden. Ein in jeder Hinsicht exzellenter Jahrgang. <\/p>\n","protected":false},"excerpt":{"rendered":"<p>PRODUTTORI DEL BARBARESCO Riserva Paj\u00e9 Barbaresco 2021 PRODUTTORI DEL BARBARESCO Riserva Paj\u00e9 Barbaresco 2021 DAS WEINGUT PRODUTTORI DEL BARBARESCO Gegr\u00fcndet 1958, z\u00e4hlt sie heute 50 Mitglieder mit einer Rebfl\u00e4che, die 2020 auf 783 Hektar Nebbiolo-Weinberge anwuchs, und kontrolliert einen Gro\u00dfteil der historischen \u201eCrus\u201c der Region. Die Produttori del Barbaresco vinifiziert ausschlie\u00dflich Nebbiolo-Trauben und erzeugt einen [&hellip;]<\/p>\n","protected":false},"featured_media":36048,"comment_status":"open","ping_status":"closed","template":"","meta":{"_acf_changed":false,"_monsterinsights_skip_tracking":false,"_monsterinsights_sitenote_active":false,"_monsterinsights_sitenote_note":"","_monsterinsights_sitenote_category":0},"product_brand":[],"product_cat":[1773],"product_tag":[1751,15895,18450,15893,15959],"class_list":{"0":"post-49406","1":"product","2":"type-product","3":"status-publish","4":"has-post-thumbnail","6":"product_cat-barbaresco-de","7":"product_tag-aussergewoehnliche-weine-aus-italien-de","8":"product_tag-barbaresco-de-2","9":"product_tag-langhe-weine","10":"product_tag-piemonte-de","11":"product_tag-vino-rosso-de","12":"pa_appellation-barbaresco-docg-de","13":"pa_formato-0-75-l-flasche-de","14":"pa_producer-produttori-del-barbaresco-de","15":"pa_region-piemont-de","16":"pa_vine-100-nebbiolo-de","17":"pa_vintage-18393","19":"first","20":"instock","21":"taxable","22":"shipping-taxable","23":"purchasable","24":"product-type-simple"},"bundled_by":[],"bundle_stock_status":"instock","bundle_stock_quantity":6,"bundle_virtual":false,"bundle_layout":"","bundle_add_to_cart_form_location":"","bundle_editable_in_cart":false,"bundle_sold_individually_context":"","bundle_item_grouping":"","bundle_min_size":"","bundle_max_size":"","bundle_price":[],"bundled_items":[],"bundle_sell_ids":[16573],"yoast_head":"<!-- This site is optimized with the Yoast SEO plugin v27.2 - https:\/\/yoast.com\/product\/yoast-seo-wordpress\/ -->\n<title>PRODUTTORI DEL BARBARESCO Riserva Paj\u00e9 Barbaresco 2021<\/title>\n<meta name=\"description\" content=\"PRODUTTORI DEL BARBARESCO Riserva Paj\u00e9 Barbaresco, neu erschienener Jahrgang 2021. Ein in jeder Hinsicht exzellenter Jahrgang.\" \/>\n<meta name=\"robots\" content=\"index, follow, max-snippet:-1, max-image-preview:large, max-video-preview:-1\" \/>\n<link rel=\"canonical\" href=\"https:\/\/fonsvinum.com\/de\/produkt\/produttori-del-barbaresco-riserva-paje-barbaresco-2021\/\" \/>\n<meta property=\"og:locale\" content=\"de_DE\" \/>\n<meta property=\"og:type\" content=\"article\" \/>\n<meta property=\"og:title\" content=\"PRODUTTORI DEL BARBARESCO Riserva Paj\u00e9 Barbaresco 2021\" \/>\n<meta property=\"og:description\" content=\"PRODUTTORI DEL BARBARESCO Riserva Paj\u00e9 Barbaresco, neu erschienener Jahrgang 2021. Ein in jeder Hinsicht exzellenter Jahrgang.\" \/>\n<meta property=\"og:url\" content=\"https:\/\/fonsvinum.com\/de\/produkt\/produttori-del-barbaresco-riserva-paje-barbaresco-2021\/\" \/>\n<meta property=\"og:site_name\" content=\"Fons Vinum\" \/>\n<meta property=\"article:modified_time\" content=\"2026-04-16T17:15:40+00:00\" \/>\n<meta property=\"og:image\" content=\"https:\/\/fonsvinum.com\/files\/2021\/11\/barbaresco-produttori-riserva-paje.jpg\" \/>\n\t<meta property=\"og:image:width\" content=\"200\" \/>\n\t<meta property=\"og:image:height\" content=\"600\" \/>\n\t<meta property=\"og:image:type\" content=\"image\/jpeg\" \/>\n<meta name=\"twitter:label1\" content=\"Gesch\u00e4tzte Lesezeit\" \/>\n\t<meta name=\"twitter:data1\" content=\"3\u00a0Minuten\" \/>\n<script type=\"application\/ld+json\" class=\"yoast-schema-graph\">{\"@context\":\"https:\/\/schema.org\",\"@graph\":[{\"@type\":\"WebPage\",\"@id\":\"https:\/\/fonsvinum.com\/de\/produkt\/produttori-del-barbaresco-riserva-paje-barbaresco-2021\/\",\"url\":\"https:\/\/fonsvinum.com\/de\/produkt\/produttori-del-barbaresco-riserva-paje-barbaresco-2021\/\",\"name\":\"PRODUTTORI DEL BARBARESCO Riserva Paj\u00e9 Barbaresco 2021\",\"isPartOf\":{\"@id\":\"https:\/\/fonsvinum.com\/en\/#website\"},\"primaryImageOfPage\":{\"@id\":\"https:\/\/fonsvinum.com\/de\/produkt\/produttori-del-barbaresco-riserva-paje-barbaresco-2021\/#primaryimage\"},\"image\":{\"@id\":\"https:\/\/fonsvinum.com\/de\/produkt\/produttori-del-barbaresco-riserva-paje-barbaresco-2021\/#primaryimage\"},\"thumbnailUrl\":\"https:\/\/fonsvinum.com\/files\/2021\/11\/barbaresco-produttori-riserva-paje.jpg\",\"datePublished\":\"2026-04-14T14:02:31+00:00\",\"dateModified\":\"2026-04-16T17:15:40+00:00\",\"description\":\"PRODUTTORI DEL BARBARESCO Riserva Paj\u00e9 Barbaresco, neu erschienener Jahrgang 2021. Ein in jeder Hinsicht exzellenter Jahrgang.\",\"breadcrumb\":{\"@id\":\"https:\/\/fonsvinum.com\/de\/produkt\/produttori-del-barbaresco-riserva-paje-barbaresco-2021\/#breadcrumb\"},\"inLanguage\":\"de\",\"potentialAction\":[{\"@type\":\"ReadAction\",\"target\":[\"https:\/\/fonsvinum.com\/de\/produkt\/produttori-del-barbaresco-riserva-paje-barbaresco-2021\/\"]}]},{\"@type\":\"ImageObject\",\"inLanguage\":\"de\",\"@id\":\"https:\/\/fonsvinum.com\/de\/produkt\/produttori-del-barbaresco-riserva-paje-barbaresco-2021\/#primaryimage\",\"url\":\"https:\/\/fonsvinum.com\/files\/2021\/11\/barbaresco-produttori-riserva-paje.jpg\",\"contentUrl\":\"https:\/\/fonsvinum.com\/files\/2021\/11\/barbaresco-produttori-riserva-paje.jpg\",\"width\":200,\"height\":600},{\"@type\":\"BreadcrumbList\",\"@id\":\"https:\/\/fonsvinum.com\/de\/produkt\/produttori-del-barbaresco-riserva-paje-barbaresco-2021\/#breadcrumb\",\"itemListElement\":[{\"@type\":\"ListItem\",\"position\":1,\"name\":\"Startseite\",\"item\":\"https:\/\/fonsvinum.com\/de\/\"},{\"@type\":\"ListItem\",\"position\":2,\"name\":\"Shop\",\"item\":\"https:\/\/fonsvinum.com\/de\/shop\/\"},{\"@type\":\"ListItem\",\"position\":3,\"name\":\"PRODUTTORI DEL BARBARESCO Riserva Paje Barbaresco 2021\"}]},{\"@type\":\"WebSite\",\"@id\":\"https:\/\/fonsvinum.com\/en\/#website\",\"url\":\"https:\/\/fonsvinum.com\/en\/\",\"name\":\"Fons Vinum\",\"description\":\"Vendita Vino Online\",\"publisher\":{\"@id\":\"https:\/\/fonsvinum.com\/en\/#organization\"},\"potentialAction\":[{\"@type\":\"SearchAction\",\"target\":{\"@type\":\"EntryPoint\",\"urlTemplate\":\"https:\/\/fonsvinum.com\/en\/?s={search_term_string}\"},\"query-input\":{\"@type\":\"PropertyValueSpecification\",\"valueRequired\":true,\"valueName\":\"search_term_string\"}}],\"inLanguage\":\"de\"},{\"@type\":\"Organization\",\"@id\":\"https:\/\/fonsvinum.com\/en\/#organization\",\"name\":\"Fons Vinum\",\"url\":\"https:\/\/fonsvinum.com\/en\/\",\"logo\":{\"@type\":\"ImageObject\",\"inLanguage\":\"de\",\"@id\":\"https:\/\/fonsvinum.com\/en\/#\/schema\/logo\/image\/\",\"url\":\"\",\"contentUrl\":\"\",\"caption\":\"Fons Vinum\"},\"image\":{\"@id\":\"https:\/\/fonsvinum.com\/en\/#\/schema\/logo\/image\/\"}}]}<\/script>\n<!-- \/ Yoast SEO plugin. -->","yoast_head_json":{"title":"PRODUTTORI DEL BARBARESCO Riserva Paj\u00e9 Barbaresco 2021","description":"PRODUTTORI DEL BARBARESCO Riserva Paj\u00e9 Barbaresco, neu erschienener Jahrgang 2021. Ein in jeder Hinsicht exzellenter Jahrgang.","robots":{"index":"index","follow":"follow","max-snippet":"max-snippet:-1","max-image-preview":"max-image-preview:large","max-video-preview":"max-video-preview:-1"},"canonical":"https:\/\/fonsvinum.com\/de\/produkt\/produttori-del-barbaresco-riserva-paje-barbaresco-2021\/","og_locale":"de_DE","og_type":"article","og_title":"PRODUTTORI DEL BARBARESCO Riserva Paj\u00e9 Barbaresco 2021","og_description":"PRODUTTORI DEL BARBARESCO Riserva Paj\u00e9 Barbaresco, neu erschienener Jahrgang 2021. Ein in jeder Hinsicht exzellenter Jahrgang.","og_url":"https:\/\/fonsvinum.com\/de\/produkt\/produttori-del-barbaresco-riserva-paje-barbaresco-2021\/","og_site_name":"Fons Vinum","article_modified_time":"2026-04-16T17:15:40+00:00","og_image":[{"width":200,"height":600,"url":"https:\/\/fonsvinum.com\/files\/2021\/11\/barbaresco-produttori-riserva-paje.jpg","type":"image\/jpeg"}],"twitter_misc":{"Gesch\u00e4tzte Lesezeit":"3\u00a0Minuten"},"schema":{"@context":"https:\/\/schema.org","@graph":[{"@type":"WebPage","@id":"https:\/\/fonsvinum.com\/de\/produkt\/produttori-del-barbaresco-riserva-paje-barbaresco-2021\/","url":"https:\/\/fonsvinum.com\/de\/produkt\/produttori-del-barbaresco-riserva-paje-barbaresco-2021\/","name":"PRODUTTORI DEL BARBARESCO Riserva Paj\u00e9 Barbaresco 2021","isPartOf":{"@id":"https:\/\/fonsvinum.com\/en\/#website"},"primaryImageOfPage":{"@id":"https:\/\/fonsvinum.com\/de\/produkt\/produttori-del-barbaresco-riserva-paje-barbaresco-2021\/#primaryimage"},"image":{"@id":"https:\/\/fonsvinum.com\/de\/produkt\/produttori-del-barbaresco-riserva-paje-barbaresco-2021\/#primaryimage"},"thumbnailUrl":"https:\/\/fonsvinum.com\/files\/2021\/11\/barbaresco-produttori-riserva-paje.jpg","datePublished":"2026-04-14T14:02:31+00:00","dateModified":"2026-04-16T17:15:40+00:00","description":"PRODUTTORI DEL BARBARESCO Riserva Paj\u00e9 Barbaresco, neu erschienener Jahrgang 2021. Ein in jeder Hinsicht exzellenter Jahrgang.","breadcrumb":{"@id":"https:\/\/fonsvinum.com\/de\/produkt\/produttori-del-barbaresco-riserva-paje-barbaresco-2021\/#breadcrumb"},"inLanguage":"de","potentialAction":[{"@type":"ReadAction","target":["https:\/\/fonsvinum.com\/de\/produkt\/produttori-del-barbaresco-riserva-paje-barbaresco-2021\/"]}]},{"@type":"ImageObject","inLanguage":"de","@id":"https:\/\/fonsvinum.com\/de\/produkt\/produttori-del-barbaresco-riserva-paje-barbaresco-2021\/#primaryimage","url":"https:\/\/fonsvinum.com\/files\/2021\/11\/barbaresco-produttori-riserva-paje.jpg","contentUrl":"https:\/\/fonsvinum.com\/files\/2021\/11\/barbaresco-produttori-riserva-paje.jpg","width":200,"height":600},{"@type":"BreadcrumbList","@id":"https:\/\/fonsvinum.com\/de\/produkt\/produttori-del-barbaresco-riserva-paje-barbaresco-2021\/#breadcrumb","itemListElement":[{"@type":"ListItem","position":1,"name":"Startseite","item":"https:\/\/fonsvinum.com\/de\/"},{"@type":"ListItem","position":2,"name":"Shop","item":"https:\/\/fonsvinum.com\/de\/shop\/"},{"@type":"ListItem","position":3,"name":"PRODUTTORI DEL BARBARESCO Riserva Paje Barbaresco 2021"}]},{"@type":"WebSite","@id":"https:\/\/fonsvinum.com\/en\/#website","url":"https:\/\/fonsvinum.com\/en\/","name":"Fons Vinum","description":"Vendita Vino Online","publisher":{"@id":"https:\/\/fonsvinum.com\/en\/#organization"},"potentialAction":[{"@type":"SearchAction","target":{"@type":"EntryPoint","urlTemplate":"https:\/\/fonsvinum.com\/en\/?s={search_term_string}"},"query-input":{"@type":"PropertyValueSpecification","valueRequired":true,"valueName":"search_term_string"}}],"inLanguage":"de"},{"@type":"Organization","@id":"https:\/\/fonsvinum.com\/en\/#organization","name":"Fons Vinum","url":"https:\/\/fonsvinum.com\/en\/","logo":{"@type":"ImageObject","inLanguage":"de","@id":"https:\/\/fonsvinum.com\/en\/#\/schema\/logo\/image\/","url":"","contentUrl":"","caption":"Fons Vinum"},"image":{"@id":"https:\/\/fonsvinum.com\/en\/#\/schema\/logo\/image\/"}}]}},"acf":[],"_links":{"self":[{"href":"https:\/\/fonsvinum.com\/de\/wp-json\/wp\/v2\/product\/49406","targetHints":{"allow":["GET"]}}],"collection":[{"href":"https:\/\/fonsvinum.com\/de\/wp-json\/wp\/v2\/product"}],"about":[{"href":"https:\/\/fonsvinum.com\/de\/wp-json\/wp\/v2\/types\/product"}],"replies":[{"embeddable":true,"href":"https:\/\/fonsvinum.com\/de\/wp-json\/wp\/v2\/comments?post=49406"}],"wp:featuredmedia":[{"embeddable":true,"href":"https:\/\/fonsvinum.com\/de\/wp-json\/wp\/v2\/media\/36048"}],"wp:attachment":[{"href":"https:\/\/fonsvinum.com\/de\/wp-json\/wp\/v2\/media?parent=49406"}],"wp:term":[{"taxonomy":"product_brand","embeddable":true,"href":"https:\/\/fonsvinum.com\/de\/wp-json\/wp\/v2\/product_brand?post=49406"},{"taxonomy":"product_cat","embeddable":true,"href":"https:\/\/fonsvinum.com\/de\/wp-json\/wp\/v2\/product_cat?post=49406"},{"taxonomy":"product_tag","embeddable":true,"href":"https:\/\/fonsvinum.com\/de\/wp-json\/wp\/v2\/product_tag?post=49406"}],"curies":[{"name":"wp","href":"https:\/\/api.w.org\/{rel}","templated":true}]}}