{"id":49402,"date":"2025-05-16T11:11:15","date_gmt":"2025-05-16T09:11:15","guid":{"rendered":"https:\/\/fonsvinum.com\/product\/barbera-dasti-superiore-bionzo-la-spinetta-2020\/"},"modified":"2025-05-16T11:11:15","modified_gmt":"2025-05-16T09:11:15","slug":"barbera-dasti-superiore-bionzo-la-spinetta-2020","status":"publish","type":"product","link":"https:\/\/fonsvinum.com\/de\/produkt\/barbera-dasti-superiore-bionzo-la-spinetta-2020\/","title":{"rendered":"Barbera d&#8217;Asti Superiore Bionzo LA SPINETTA 2020"},"content":{"rendered":"<h1>Barbera d&#8217;Asti Superiore Bionzo <a title=\"la spinetta\" href=\"https:\/\/fonsvinum.com\/produttore\/la-spinetta-vini-wines\/\" target=\"_blank\" rel=\"noopener noreferrer\">LA SPINETTA<\/a><\/h1>\n<h3>Barbera d&#8217;Asti Superiore Bionzo <a title=\"la spinetta\" href=\"https:\/\/fonsvinum.com\/produttore\/la-spinetta-vini-wines\/\" target=\"_blank\" rel=\"noopener noreferrer\">LA SPINETTA <\/a> 2020<\/h3>\n<p>Der Wein &#8222;Bionzo&#8220; stammt aus reinen Barbera-Trauben von 62 bis 72 Jahre alten Reben in der Gemeinde Costigliole d&#8217;Asti. Das Alter der Reben l\u00e4sst die Produktionsphilosophie der Rivettos erahnen, die den qualitativen Aspekt der Frucht dem produktiven vorziehen und alte Reben wertsch\u00e4tzen. Im Weinberg kein Einsatz von Pestiziden oder Herbiziden f\u00fcr eine nachhaltige Landwirtschaft. Die Lese erfolgt zwischen Ende September und Anfang Oktober mit sorgf\u00e4ltiger Auslese der Trauben. Die alkoholische G\u00e4rung dauert 6-7 Tage in Rotofermentern bei kontrollierter Temperatur, w\u00e4hrend der malolaktische Ausbau in kleinen franz\u00f6sischen Holzf\u00e4ssern erfolgt. Der Ausbau erfolgt 18 Monate in vollst\u00e4ndig neuen Barriques mit mittlerer R\u00f6stung. Nach weiteren 6 Monaten in Edelstahl wird der Wein abgef\u00fcllt und 6 Monate in der Flasche ruhen gelassen.<\/p>\n<p>Die Barbera &#8222;Bionzo&#8220; vereint Fruchtreichtum und einen samtweichen Trunk dank der modernen Interpretation der Familie Rivetti.<\/p>\n<p>\u00dcber 40 Jahre Geschichte, in denen die konstante Suche und qualitative Weiterentwicklung La Spinetta zu einem Bezugspunkt f\u00fcr einen klar erkennbaren Produktionsstil gemacht haben.<\/p>\n<p>Raum f\u00fcr die talentierten lokalen Rebsorten nat\u00fcrlich, mit einem Wechsel von Nebbiolo, Barbera, Moscato und einer kleinen Chardonnay-Anlage, die hier in der Langa hervorragende Weine hervorbringt.<\/p>\n<p>Man kann die Familie Rivetti als unerm\u00fcdlich bezeichnen, die schrittweise Parzellen in den berufensten piemontesischen Gemeinden, n\u00e4mlich Barolo und Barbaresco, erworben hat, bis zur heutigen Gr\u00f6\u00dfe von 100 Hektar.<\/p>\n<p>Gr\u00f6\u00dfte Aufmerksamkeit beim Einsatz chemischer Substanzen im Weinberg und keine Filtration oder Kl\u00e4rung vervollst\u00e4ndigen das Bild einer der interessantesten Weing\u00fcter der Langhe-Landschaft.<\/p>\n<h3>Verkostungsnotizen<\/h3>\n<h4>Farbe<\/h4>\n<ul>\n<li>Intensives Granatrot<\/li>\n<\/ul>\n<h4>Duft<\/h4>\n<ul>\n<li>Intensiv und komplex mit Noten von Waldbeeren, Veilchen, Kirschen<\/li>\n<li>Kakao und mentholiertem Abgang<\/li>\n<\/ul>\n<h4>Geschmack<\/h4>\n<ul>\n<li>Fleischig und ausgewogen<\/li>\n<li>strukturiert und anhaltend<\/li>\n<li>gepr\u00e4gt von angenehmer Frische<\/li>\n<\/ul>\n<h3>Kombinationen<\/h3>\n<ul>\n<li>Wei\u00dfes Fleisch geschmort<\/li>\n<li>Rotes Fleisch geschmort<\/li>\n<li>Fleisch gebraten-gegrillt<\/li>\n<li>Schlie\u00dflich zu Pasta mit Fleischsauce<\/li>\n<\/ul>\n","protected":false},"excerpt":{"rendered":"<p>Barbera d&#8217;Asti Superiore Bionzo LA SPINETTA Barbera d&#8217;Asti Superiore Bionzo LA SPINETTA 2020 Der Wein &#8222;Bionzo&#8220; stammt aus reinen Barbera-Trauben von 62 bis 72 Jahre alten Reben in der Gemeinde Costigliole d&#8217;Asti. Das Alter der Reben l\u00e4sst die Produktionsphilosophie der Rivettos erahnen, die den qualitativen Aspekt der Frucht dem produktiven vorziehen und alte Reben wertsch\u00e4tzen. [&hellip;]<\/p>\n","protected":false},"featured_media":6044,"comment_status":"open","ping_status":"closed","template":"","meta":{"_acf_changed":false,"_monsterinsights_skip_tracking":false,"_monsterinsights_sitenote_active":false,"_monsterinsights_sitenote_note":"","_monsterinsights_sitenote_category":0},"product_brand":[],"product_cat":[2170],"product_tag":[17714,18450,15893],"class_list":{"0":"post-49402","1":"product","2":"type-product","3":"status-publish","4":"has-post-thumbnail","6":"product_cat-barbera-de","7":"product_tag-barbera-superiore-de","8":"product_tag-langhe-weine","9":"product_tag-piemonte-de","10":"pa_appellation-barbera-dasti-superiore-docg-de","11":"pa_formato-0-75-l-flasche-de","12":"pa_producer-la-spinetta-de","13":"pa_region-piemont-de","14":"pa_vine-100-barbera-de","15":"pa_vintage-2020-de","17":"first","18":"instock","19":"sale","20":"taxable","21":"shipping-taxable","22":"purchasable","23":"product-type-simple"},"bundled_by":[],"bundle_stock_status":"instock","bundle_stock_quantity":9,"bundle_virtual":false,"bundle_layout":"","bundle_add_to_cart_form_location":"","bundle_editable_in_cart":false,"bundle_sold_individually_context":"","bundle_item_grouping":"","bundle_min_size":"","bundle_max_size":"","bundle_price":[],"bundled_items":[],"bundle_sell_ids":[],"yoast_head":"<!-- This site is optimized with the Yoast SEO plugin v27.2 - https:\/\/yoast.com\/product\/yoast-seo-wordpress\/ -->\n<title>Barbera d&#039;Asti Superiore Bionzo LA SPINETTA 2020<\/title>\n<meta name=\"description\" content=\"Barbera d&#039;Asti Superiore Bionzo LA SPINETTA 2020 Kostenloser Versand online kaufen bei Fons Vinum volle Struktur, mit langem und elegantem Abgang.\" \/>\n<meta name=\"robots\" content=\"index, follow, max-snippet:-1, max-image-preview:large, max-video-preview:-1\" \/>\n<link rel=\"canonical\" href=\"https:\/\/fonsvinum.com\/de\/produkt\/barbera-dasti-superiore-bionzo-la-spinetta-2020\/\" \/>\n<meta property=\"og:locale\" content=\"de_DE\" \/>\n<meta property=\"og:type\" content=\"article\" \/>\n<meta property=\"og:title\" content=\"Barbera d&#039;Asti Superiore Bionzo LA SPINETTA 2020\" \/>\n<meta property=\"og:description\" content=\"Barbera d&#039;Asti Superiore Bionzo LA SPINETTA 2020 Kostenloser Versand online kaufen bei Fons Vinum volle Struktur, mit langem und elegantem Abgang.\" \/>\n<meta property=\"og:url\" content=\"https:\/\/fonsvinum.com\/de\/produkt\/barbera-dasti-superiore-bionzo-la-spinetta-2020\/\" \/>\n<meta property=\"og:site_name\" content=\"Fons Vinum\" \/>\n<meta property=\"og:image\" content=\"https:\/\/fonsvinum.com\/files\/2013\/04\/barbera-d-asti-bionzo-la-spinetta.png\" \/>\n\t<meta property=\"og:image:width\" content=\"230\" \/>\n\t<meta property=\"og:image:height\" content=\"700\" \/>\n\t<meta property=\"og:image:type\" content=\"image\/png\" \/>\n<meta name=\"twitter:label1\" content=\"Gesch\u00e4tzte Lesezeit\" \/>\n\t<meta name=\"twitter:data1\" content=\"2\u00a0Minuten\" \/>\n<script type=\"application\/ld+json\" class=\"yoast-schema-graph\">{\"@context\":\"https:\/\/schema.org\",\"@graph\":[{\"@type\":\"WebPage\",\"@id\":\"https:\/\/fonsvinum.com\/de\/produkt\/barbera-dasti-superiore-bionzo-la-spinetta-2020\/\",\"url\":\"https:\/\/fonsvinum.com\/de\/produkt\/barbera-dasti-superiore-bionzo-la-spinetta-2020\/\",\"name\":\"Barbera d'Asti Superiore Bionzo LA SPINETTA 2020\",\"isPartOf\":{\"@id\":\"https:\/\/fonsvinum.com\/en\/#website\"},\"primaryImageOfPage\":{\"@id\":\"https:\/\/fonsvinum.com\/de\/produkt\/barbera-dasti-superiore-bionzo-la-spinetta-2020\/#primaryimage\"},\"image\":{\"@id\":\"https:\/\/fonsvinum.com\/de\/produkt\/barbera-dasti-superiore-bionzo-la-spinetta-2020\/#primaryimage\"},\"thumbnailUrl\":\"https:\/\/fonsvinum.com\/files\/2013\/04\/barbera-d-asti-bionzo-la-spinetta.png\",\"datePublished\":\"2025-05-16T09:11:15+00:00\",\"description\":\"Barbera d'Asti Superiore Bionzo LA SPINETTA 2020 Kostenloser Versand online kaufen bei Fons Vinum volle Struktur, mit langem und elegantem Abgang.\",\"breadcrumb\":{\"@id\":\"https:\/\/fonsvinum.com\/de\/produkt\/barbera-dasti-superiore-bionzo-la-spinetta-2020\/#breadcrumb\"},\"inLanguage\":\"de\",\"potentialAction\":[{\"@type\":\"ReadAction\",\"target\":[\"https:\/\/fonsvinum.com\/de\/produkt\/barbera-dasti-superiore-bionzo-la-spinetta-2020\/\"]}]},{\"@type\":\"ImageObject\",\"inLanguage\":\"de\",\"@id\":\"https:\/\/fonsvinum.com\/de\/produkt\/barbera-dasti-superiore-bionzo-la-spinetta-2020\/#primaryimage\",\"url\":\"https:\/\/fonsvinum.com\/files\/2013\/04\/barbera-d-asti-bionzo-la-spinetta.png\",\"contentUrl\":\"https:\/\/fonsvinum.com\/files\/2013\/04\/barbera-d-asti-bionzo-la-spinetta.png\",\"width\":230,\"height\":700,\"caption\":\"barbera-d-asti-bionzo-la-spinetta\"},{\"@type\":\"BreadcrumbList\",\"@id\":\"https:\/\/fonsvinum.com\/de\/produkt\/barbera-dasti-superiore-bionzo-la-spinetta-2020\/#breadcrumb\",\"itemListElement\":[{\"@type\":\"ListItem\",\"position\":1,\"name\":\"Startseite\",\"item\":\"https:\/\/fonsvinum.com\/de\/\"},{\"@type\":\"ListItem\",\"position\":2,\"name\":\"Shop\",\"item\":\"https:\/\/fonsvinum.com\/de\/shop\/\"},{\"@type\":\"ListItem\",\"position\":3,\"name\":\"Barbera d&#8217;Asti Superiore Bionzo LA SPINETTA 2020\"}]},{\"@type\":\"WebSite\",\"@id\":\"https:\/\/fonsvinum.com\/en\/#website\",\"url\":\"https:\/\/fonsvinum.com\/en\/\",\"name\":\"Fons Vinum\",\"description\":\"Vendita Vino Online\",\"publisher\":{\"@id\":\"https:\/\/fonsvinum.com\/en\/#organization\"},\"potentialAction\":[{\"@type\":\"SearchAction\",\"target\":{\"@type\":\"EntryPoint\",\"urlTemplate\":\"https:\/\/fonsvinum.com\/en\/?s={search_term_string}\"},\"query-input\":{\"@type\":\"PropertyValueSpecification\",\"valueRequired\":true,\"valueName\":\"search_term_string\"}}],\"inLanguage\":\"de\"},{\"@type\":\"Organization\",\"@id\":\"https:\/\/fonsvinum.com\/en\/#organization\",\"name\":\"Fons Vinum\",\"url\":\"https:\/\/fonsvinum.com\/en\/\",\"logo\":{\"@type\":\"ImageObject\",\"inLanguage\":\"de\",\"@id\":\"https:\/\/fonsvinum.com\/en\/#\/schema\/logo\/image\/\",\"url\":\"\",\"contentUrl\":\"\",\"caption\":\"Fons Vinum\"},\"image\":{\"@id\":\"https:\/\/fonsvinum.com\/en\/#\/schema\/logo\/image\/\"}}]}<\/script>\n<!-- \/ Yoast SEO plugin. -->","yoast_head_json":{"title":"Barbera d'Asti Superiore Bionzo LA SPINETTA 2020","description":"Barbera d'Asti Superiore Bionzo LA SPINETTA 2020 Kostenloser Versand online kaufen bei Fons Vinum volle Struktur, mit langem und elegantem Abgang.","robots":{"index":"index","follow":"follow","max-snippet":"max-snippet:-1","max-image-preview":"max-image-preview:large","max-video-preview":"max-video-preview:-1"},"canonical":"https:\/\/fonsvinum.com\/de\/produkt\/barbera-dasti-superiore-bionzo-la-spinetta-2020\/","og_locale":"de_DE","og_type":"article","og_title":"Barbera d'Asti Superiore Bionzo LA SPINETTA 2020","og_description":"Barbera d'Asti Superiore Bionzo LA SPINETTA 2020 Kostenloser Versand online kaufen bei Fons Vinum volle Struktur, mit langem und elegantem Abgang.","og_url":"https:\/\/fonsvinum.com\/de\/produkt\/barbera-dasti-superiore-bionzo-la-spinetta-2020\/","og_site_name":"Fons Vinum","og_image":[{"width":230,"height":700,"url":"https:\/\/fonsvinum.com\/files\/2013\/04\/barbera-d-asti-bionzo-la-spinetta.png","type":"image\/png"}],"twitter_misc":{"Gesch\u00e4tzte Lesezeit":"2\u00a0Minuten"},"schema":{"@context":"https:\/\/schema.org","@graph":[{"@type":"WebPage","@id":"https:\/\/fonsvinum.com\/de\/produkt\/barbera-dasti-superiore-bionzo-la-spinetta-2020\/","url":"https:\/\/fonsvinum.com\/de\/produkt\/barbera-dasti-superiore-bionzo-la-spinetta-2020\/","name":"Barbera d'Asti Superiore Bionzo LA SPINETTA 2020","isPartOf":{"@id":"https:\/\/fonsvinum.com\/en\/#website"},"primaryImageOfPage":{"@id":"https:\/\/fonsvinum.com\/de\/produkt\/barbera-dasti-superiore-bionzo-la-spinetta-2020\/#primaryimage"},"image":{"@id":"https:\/\/fonsvinum.com\/de\/produkt\/barbera-dasti-superiore-bionzo-la-spinetta-2020\/#primaryimage"},"thumbnailUrl":"https:\/\/fonsvinum.com\/files\/2013\/04\/barbera-d-asti-bionzo-la-spinetta.png","datePublished":"2025-05-16T09:11:15+00:00","description":"Barbera d'Asti Superiore Bionzo LA SPINETTA 2020 Kostenloser Versand online kaufen bei Fons Vinum volle Struktur, mit langem und elegantem Abgang.","breadcrumb":{"@id":"https:\/\/fonsvinum.com\/de\/produkt\/barbera-dasti-superiore-bionzo-la-spinetta-2020\/#breadcrumb"},"inLanguage":"de","potentialAction":[{"@type":"ReadAction","target":["https:\/\/fonsvinum.com\/de\/produkt\/barbera-dasti-superiore-bionzo-la-spinetta-2020\/"]}]},{"@type":"ImageObject","inLanguage":"de","@id":"https:\/\/fonsvinum.com\/de\/produkt\/barbera-dasti-superiore-bionzo-la-spinetta-2020\/#primaryimage","url":"https:\/\/fonsvinum.com\/files\/2013\/04\/barbera-d-asti-bionzo-la-spinetta.png","contentUrl":"https:\/\/fonsvinum.com\/files\/2013\/04\/barbera-d-asti-bionzo-la-spinetta.png","width":230,"height":700,"caption":"barbera-d-asti-bionzo-la-spinetta"},{"@type":"BreadcrumbList","@id":"https:\/\/fonsvinum.com\/de\/produkt\/barbera-dasti-superiore-bionzo-la-spinetta-2020\/#breadcrumb","itemListElement":[{"@type":"ListItem","position":1,"name":"Startseite","item":"https:\/\/fonsvinum.com\/de\/"},{"@type":"ListItem","position":2,"name":"Shop","item":"https:\/\/fonsvinum.com\/de\/shop\/"},{"@type":"ListItem","position":3,"name":"Barbera d&#8217;Asti Superiore Bionzo LA SPINETTA 2020"}]},{"@type":"WebSite","@id":"https:\/\/fonsvinum.com\/en\/#website","url":"https:\/\/fonsvinum.com\/en\/","name":"Fons Vinum","description":"Vendita Vino Online","publisher":{"@id":"https:\/\/fonsvinum.com\/en\/#organization"},"potentialAction":[{"@type":"SearchAction","target":{"@type":"EntryPoint","urlTemplate":"https:\/\/fonsvinum.com\/en\/?s={search_term_string}"},"query-input":{"@type":"PropertyValueSpecification","valueRequired":true,"valueName":"search_term_string"}}],"inLanguage":"de"},{"@type":"Organization","@id":"https:\/\/fonsvinum.com\/en\/#organization","name":"Fons Vinum","url":"https:\/\/fonsvinum.com\/en\/","logo":{"@type":"ImageObject","inLanguage":"de","@id":"https:\/\/fonsvinum.com\/en\/#\/schema\/logo\/image\/","url":"","contentUrl":"","caption":"Fons Vinum"},"image":{"@id":"https:\/\/fonsvinum.com\/en\/#\/schema\/logo\/image\/"}}]}},"acf":[],"_links":{"self":[{"href":"https:\/\/fonsvinum.com\/de\/wp-json\/wp\/v2\/product\/49402","targetHints":{"allow":["GET"]}}],"collection":[{"href":"https:\/\/fonsvinum.com\/de\/wp-json\/wp\/v2\/product"}],"about":[{"href":"https:\/\/fonsvinum.com\/de\/wp-json\/wp\/v2\/types\/product"}],"replies":[{"embeddable":true,"href":"https:\/\/fonsvinum.com\/de\/wp-json\/wp\/v2\/comments?post=49402"}],"wp:featuredmedia":[{"embeddable":true,"href":"https:\/\/fonsvinum.com\/de\/wp-json\/wp\/v2\/media\/6044"}],"wp:attachment":[{"href":"https:\/\/fonsvinum.com\/de\/wp-json\/wp\/v2\/media?parent=49402"}],"wp:term":[{"taxonomy":"product_brand","embeddable":true,"href":"https:\/\/fonsvinum.com\/de\/wp-json\/wp\/v2\/product_brand?post=49402"},{"taxonomy":"product_cat","embeddable":true,"href":"https:\/\/fonsvinum.com\/de\/wp-json\/wp\/v2\/product_cat?post=49402"},{"taxonomy":"product_tag","embeddable":true,"href":"https:\/\/fonsvinum.com\/de\/wp-json\/wp\/v2\/product_tag?post=49402"}],"curies":[{"name":"wp","href":"https:\/\/api.w.org\/{rel}","templated":true}]}}