{"id":49390,"date":"2025-07-01T17:07:22","date_gmt":"2025-07-01T15:07:22","guid":{"rendered":"https:\/\/fonsvinum.com\/product\/conterno-fantino-barolo-castelletto-vigna-pressenda-2020-2\/"},"modified":"2025-07-01T17:07:22","modified_gmt":"2025-07-01T15:07:22","slug":"conterno-fantino-barolo-castelletto-vigna-pressenda-2020-2","status":"publish","type":"product","link":"https:\/\/fonsvinum.com\/de\/produkt\/conterno-fantino-barolo-castelletto-vigna-pressenda-2020-2\/","title":{"rendered":"CONTERNO FANTINO Barolo Castelletto Vigna Pressenda 2020"},"content":{"rendered":"<h1>CONTERNO FANTINO Barolo Castelletto Vigna Pressenda 2020<\/h1>\n<h2>-BIOLOGISCHER WEIN-<\/h2>\n<blockquote><p><i>Dieser Weg, der nur scheinbar komplex ist, ist f\u00fcr uns der nat\u00fcrlichste.<br \/>\nDer Wein ist ein Kind der Erde, auf der die Rebe gewachsen ist, und muss im Keller Schritt f\u00fcr Schritt wie ein Familienmitglied begleitet werden.<br \/>\nUnser Wein ist einer von uns.<\/i><\/p><\/blockquote>\n<h2>DAS WEINGUT CONTERNO FANTINO<\/h2>\n<p>Das 1982 von Claudio Conterno und Guido Fantino gegr\u00fcndete Weingut Conterno Fantino bewirtschaftet heute 27 Hektar Weinberge, die auf die vier Rebsorten Nebbiolo, Barbera, Dolcetto und Chardonnay verteilt sind, und produziert j\u00e4hrlich 140.000 Flaschen. Im Laufe der Zeit kamen Alda, Fabio und Elisa Fantino in verschiedenen Rollen zu den beiden Gr\u00fcndern hinzu. Bald werden Noemi und Matteo Conterno folgen. Zudem sind rund zehn Mitarbeiter in Vollzeit im Betrieb besch\u00e4ftigt.   <\/p>\n<p>\u00d6kologische Nachhaltigkeit, der Schutz der Artenvielfalt sowie der Respekt vor dem Boden und seiner Geschichte sind die Leitlinien bei der Bewirtschaftung der Weinberge, die vollst\u00e4ndig biologisch (CCPB-zertifiziert) angebaut werden. Um die Umweltbelastung weiter zu reduzieren, wurde die Erweiterung des Kellers im Jahr 2008 unter Einsatz verschiedener Techniken realisiert, die sowohl auf Energieeinsparung als auch auf die Nutzung erneuerbarer Quellen wie Geothermie, Solaranlagen und schlie\u00dflich die Phytoreinigung von Abw\u00e4ssern abzielen. <\/p>\n<p>Das Weingut Conterno Fantino interpretiert seine Weine vor allem im Zeichen der Identit\u00e4t: von der sorgf\u00e4ltigen manuellen Selektion der Trauben bis zur Lese in Kisten; von der Bewahrung der Weinberg-Aromen bis zur Spontanverg\u00e4rung mit einheimischen Hefen; vom behutsamen Einsatz von Holz f\u00fcr den Ausbau \u00fcber die minimale Verwendung von Sulfiten bis hin zur Flaschenreife.<\/p>\n<h2><a href=\"https:\/\/fonsvinum.com\/de\/produkt-kategorie\/rotweine-de\/barolo-de\/\">BAROLO<\/a> CASTELLETTO VIGNA PRESSENDA<\/h2>\n<div class=\"prodotto__descrizione__content__attributi\">\n<ul>\n<li><span class=\"prodotto__descrizione__content__attributi__title\"><strong>Farbe<\/strong>: <\/span>Leuchtendes Granatrot<\/li>\n<li><span class=\"prodotto__descrizione__content__attributi__title\"><span class=\"prodotto__descrizione__content__attributi__title\"><strong>Bouquet<\/strong>: <span class=\"xwhighlight\" data-hasqtip=\"1\" aria-describedby=\"qtip-1\">Auster<\/span> in der Nase mit dunklen Gew\u00fcrzen und einer <span class=\"xwhighlight\" data-hasqtip=\"2\">fruchtigen<\/span> Note von Kirsche und Granatapfel, gut integriert mit floralen Noten und Nuancen von Unterholz.<\/span><\/span><\/li>\n<li><span class=\"prodotto__descrizione__content__attributi__title\"><strong>Geschmack<\/strong>: Der Schluck ist imposant, mit pr\u00e4senten, aber gut dosierten Tanninen, hervorragender Entwicklung und einem langen Abgang, der mit mineralischen Eindr\u00fccken schlie\u00dft.<\/span><\/li>\n<li><strong>Gemeinde<\/strong>: Monforte d\u2019Alba<\/li>\n<li><strong>Lage:<\/strong> Castelletto<\/li>\n<li><strong>Weinberg:<\/strong> Pressenda<\/li>\n<li><strong>Boden:<\/strong> 29 % Sand, 53 % Schluff, 18 % Ton<\/li>\n<li><strong>Ausrichtung:<\/strong> S\u00fcdost<\/li>\n<li><strong>Erziehungssystem:<\/strong> Guyot<\/li>\n<li><strong>Vinifikation:<\/strong> alkoholische G\u00e4rung und Mazeration in horizontalen Edelstahltanks f\u00fcr etwa 12\u201315 Tage<\/li>\n<li><strong>Ausbau:<\/strong> franz\u00f6sische Eiche<\/li>\n<\/ul>\n<\/div>\n","protected":false},"excerpt":{"rendered":"<p>CONTERNO FANTINO Barolo Castelletto Vigna Pressenda 2020 -BIOLOGISCHER WEIN- Dieser Weg, der nur scheinbar komplex ist, ist f\u00fcr uns der nat\u00fcrlichste. Der Wein ist ein Kind der Erde, auf der die Rebe gewachsen ist, und muss im Keller Schritt f\u00fcr Schritt wie ein Familienmitglied begleitet werden. Unser Wein ist einer von uns. DAS WEINGUT CONTERNO [&hellip;]<\/p>\n","protected":false},"featured_media":24116,"comment_status":"open","ping_status":"closed","template":"","meta":{"_acf_changed":false,"_monsterinsights_skip_tracking":false,"_monsterinsights_sitenote_active":false,"_monsterinsights_sitenote_note":"","_monsterinsights_sitenote_category":0},"product_brand":[],"product_cat":[1824,2332],"product_tag":[15903],"class_list":{"0":"post-49390","1":"product","2":"type-product","3":"status-publish","4":"has-post-thumbnail","6":"product_cat-barolo-de","7":"product_cat-rotweine-de","8":"product_tag-barolo-de","9":"pa_appellation-barolo-docg-de","10":"pa_formato-0-75-l-flasche-de","11":"pa_producer-fantino-conterno-de","12":"pa_region-piemont-de","13":"pa_vine-100-nebbiolo-de","14":"pa_vintage-2020-de","16":"first","17":"instock","18":"taxable","19":"shipping-taxable","20":"purchasable","21":"product-type-simple"},"bundled_by":[],"bundle_stock_status":"instock","bundle_stock_quantity":18,"bundle_virtual":false,"bundle_layout":"","bundle_add_to_cart_form_location":"","bundle_editable_in_cart":false,"bundle_sold_individually_context":"","bundle_item_grouping":"","bundle_min_size":"","bundle_max_size":"","bundle_price":[],"bundled_items":[],"bundle_sell_ids":[],"yoast_head":"<!-- This site is optimized with the Yoast SEO plugin v27.3 - https:\/\/yoast.com\/product\/yoast-seo-wordpress\/ -->\n<title>CONTERNO FANTINO Barolo Castelletto Vigna Pressenda 2020<\/title>\n<meta name=\"description\" content=\"CONTERNO FANTINO Barolo Castelletto Vigna Pressenda 2020 -Fons Vinum- Der Schluck ist imposant, mit pr\u00e4senten, aber gut dosierten Tanninen...\" \/>\n<meta name=\"robots\" content=\"index, follow, max-snippet:-1, max-image-preview:large, max-video-preview:-1\" \/>\n<link rel=\"canonical\" href=\"https:\/\/fonsvinum.com\/de\/produkt\/conterno-fantino-barolo-castelletto-vigna-pressenda-2020-2\/\" \/>\n<meta property=\"og:locale\" content=\"de_DE\" \/>\n<meta property=\"og:type\" content=\"article\" \/>\n<meta property=\"og:title\" content=\"CONTERNO FANTINO Barolo Castelletto Vigna Pressenda 2020\" \/>\n<meta property=\"og:description\" content=\"CONTERNO FANTINO Barolo Castelletto Vigna Pressenda 2020 -Fons Vinum- Der Schluck ist imposant, mit pr\u00e4senten, aber gut dosierten Tanninen...\" \/>\n<meta property=\"og:url\" content=\"https:\/\/fonsvinum.com\/de\/produkt\/conterno-fantino-barolo-castelletto-vigna-pressenda-2020-2\/\" \/>\n<meta property=\"og:site_name\" content=\"Fons Vinum\" \/>\n<meta property=\"og:image\" content=\"https:\/\/fonsvinum.com\/files\/2020\/04\/barolo-castelletto-vigna-pressenda-conterno-fantino.jpg\" \/>\n\t<meta property=\"og:image:width\" content=\"200\" \/>\n\t<meta property=\"og:image:height\" content=\"600\" \/>\n\t<meta property=\"og:image:type\" content=\"image\/jpeg\" \/>\n<meta name=\"twitter:label1\" content=\"Gesch\u00e4tzte Lesezeit\" \/>\n\t<meta name=\"twitter:data1\" content=\"2\u00a0Minuten\" \/>\n<script type=\"application\/ld+json\" class=\"yoast-schema-graph\">{\"@context\":\"https:\\\/\\\/schema.org\",\"@graph\":[{\"@type\":\"WebPage\",\"@id\":\"https:\\\/\\\/fonsvinum.com\\\/de\\\/produkt\\\/conterno-fantino-barolo-castelletto-vigna-pressenda-2020-2\\\/\",\"url\":\"https:\\\/\\\/fonsvinum.com\\\/de\\\/produkt\\\/conterno-fantino-barolo-castelletto-vigna-pressenda-2020-2\\\/\",\"name\":\"CONTERNO FANTINO Barolo Castelletto Vigna Pressenda 2020\",\"isPartOf\":{\"@id\":\"https:\\\/\\\/fonsvinum.com\\\/en\\\/#website\"},\"primaryImageOfPage\":{\"@id\":\"https:\\\/\\\/fonsvinum.com\\\/de\\\/produkt\\\/conterno-fantino-barolo-castelletto-vigna-pressenda-2020-2\\\/#primaryimage\"},\"image\":{\"@id\":\"https:\\\/\\\/fonsvinum.com\\\/de\\\/produkt\\\/conterno-fantino-barolo-castelletto-vigna-pressenda-2020-2\\\/#primaryimage\"},\"thumbnailUrl\":\"https:\\\/\\\/fonsvinum.com\\\/files\\\/2020\\\/04\\\/barolo-castelletto-vigna-pressenda-conterno-fantino.jpg\",\"datePublished\":\"2025-07-01T15:07:22+00:00\",\"description\":\"CONTERNO FANTINO Barolo Castelletto Vigna Pressenda 2020 -Fons Vinum- Der Schluck ist imposant, mit pr\u00e4senten, aber gut dosierten Tanninen...\",\"breadcrumb\":{\"@id\":\"https:\\\/\\\/fonsvinum.com\\\/de\\\/produkt\\\/conterno-fantino-barolo-castelletto-vigna-pressenda-2020-2\\\/#breadcrumb\"},\"inLanguage\":\"de\",\"potentialAction\":[{\"@type\":\"ReadAction\",\"target\":[\"https:\\\/\\\/fonsvinum.com\\\/de\\\/produkt\\\/conterno-fantino-barolo-castelletto-vigna-pressenda-2020-2\\\/\"]}]},{\"@type\":\"ImageObject\",\"inLanguage\":\"de\",\"@id\":\"https:\\\/\\\/fonsvinum.com\\\/de\\\/produkt\\\/conterno-fantino-barolo-castelletto-vigna-pressenda-2020-2\\\/#primaryimage\",\"url\":\"https:\\\/\\\/fonsvinum.com\\\/files\\\/2020\\\/04\\\/barolo-castelletto-vigna-pressenda-conterno-fantino.jpg\",\"contentUrl\":\"https:\\\/\\\/fonsvinum.com\\\/files\\\/2020\\\/04\\\/barolo-castelletto-vigna-pressenda-conterno-fantino.jpg\",\"width\":200,\"height\":600},{\"@type\":\"BreadcrumbList\",\"@id\":\"https:\\\/\\\/fonsvinum.com\\\/de\\\/produkt\\\/conterno-fantino-barolo-castelletto-vigna-pressenda-2020-2\\\/#breadcrumb\",\"itemListElement\":[{\"@type\":\"ListItem\",\"position\":1,\"name\":\"Startseite\",\"item\":\"https:\\\/\\\/fonsvinum.com\\\/de\\\/\"},{\"@type\":\"ListItem\",\"position\":2,\"name\":\"Shop\",\"item\":\"https:\\\/\\\/fonsvinum.com\\\/de\\\/shop\\\/\"},{\"@type\":\"ListItem\",\"position\":3,\"name\":\"CONTERNO FANTINO Barolo Castelletto Vigna Pressenda 2020\"}]},{\"@type\":\"WebSite\",\"@id\":\"https:\\\/\\\/fonsvinum.com\\\/en\\\/#website\",\"url\":\"https:\\\/\\\/fonsvinum.com\\\/en\\\/\",\"name\":\"Fons Vinum\",\"description\":\"Vendita Vino Online\",\"publisher\":{\"@id\":\"https:\\\/\\\/fonsvinum.com\\\/en\\\/#organization\"},\"potentialAction\":[{\"@type\":\"SearchAction\",\"target\":{\"@type\":\"EntryPoint\",\"urlTemplate\":\"https:\\\/\\\/fonsvinum.com\\\/en\\\/?s={search_term_string}\"},\"query-input\":{\"@type\":\"PropertyValueSpecification\",\"valueRequired\":true,\"valueName\":\"search_term_string\"}}],\"inLanguage\":\"de\"},{\"@type\":\"Organization\",\"@id\":\"https:\\\/\\\/fonsvinum.com\\\/en\\\/#organization\",\"name\":\"Fons Vinum\",\"url\":\"https:\\\/\\\/fonsvinum.com\\\/en\\\/\",\"logo\":{\"@type\":\"ImageObject\",\"inLanguage\":\"de\",\"@id\":\"https:\\\/\\\/fonsvinum.com\\\/en\\\/#\\\/schema\\\/logo\\\/image\\\/\",\"url\":\"\",\"contentUrl\":\"\",\"caption\":\"Fons Vinum\"},\"image\":{\"@id\":\"https:\\\/\\\/fonsvinum.com\\\/en\\\/#\\\/schema\\\/logo\\\/image\\\/\"}}]}<\/script>\n<!-- \/ Yoast SEO plugin. -->","yoast_head_json":{"title":"CONTERNO FANTINO Barolo Castelletto Vigna Pressenda 2020","description":"CONTERNO FANTINO Barolo Castelletto Vigna Pressenda 2020 -Fons Vinum- Der Schluck ist imposant, mit pr\u00e4senten, aber gut dosierten Tanninen...","robots":{"index":"index","follow":"follow","max-snippet":"max-snippet:-1","max-image-preview":"max-image-preview:large","max-video-preview":"max-video-preview:-1"},"canonical":"https:\/\/fonsvinum.com\/de\/produkt\/conterno-fantino-barolo-castelletto-vigna-pressenda-2020-2\/","og_locale":"de_DE","og_type":"article","og_title":"CONTERNO FANTINO Barolo Castelletto Vigna Pressenda 2020","og_description":"CONTERNO FANTINO Barolo Castelletto Vigna Pressenda 2020 -Fons Vinum- Der Schluck ist imposant, mit pr\u00e4senten, aber gut dosierten Tanninen...","og_url":"https:\/\/fonsvinum.com\/de\/produkt\/conterno-fantino-barolo-castelletto-vigna-pressenda-2020-2\/","og_site_name":"Fons Vinum","og_image":[{"width":200,"height":600,"url":"https:\/\/fonsvinum.com\/files\/2020\/04\/barolo-castelletto-vigna-pressenda-conterno-fantino.jpg","type":"image\/jpeg"}],"twitter_misc":{"Gesch\u00e4tzte Lesezeit":"2\u00a0Minuten"},"schema":{"@context":"https:\/\/schema.org","@graph":[{"@type":"WebPage","@id":"https:\/\/fonsvinum.com\/de\/produkt\/conterno-fantino-barolo-castelletto-vigna-pressenda-2020-2\/","url":"https:\/\/fonsvinum.com\/de\/produkt\/conterno-fantino-barolo-castelletto-vigna-pressenda-2020-2\/","name":"CONTERNO FANTINO Barolo Castelletto Vigna Pressenda 2020","isPartOf":{"@id":"https:\/\/fonsvinum.com\/en\/#website"},"primaryImageOfPage":{"@id":"https:\/\/fonsvinum.com\/de\/produkt\/conterno-fantino-barolo-castelletto-vigna-pressenda-2020-2\/#primaryimage"},"image":{"@id":"https:\/\/fonsvinum.com\/de\/produkt\/conterno-fantino-barolo-castelletto-vigna-pressenda-2020-2\/#primaryimage"},"thumbnailUrl":"https:\/\/fonsvinum.com\/files\/2020\/04\/barolo-castelletto-vigna-pressenda-conterno-fantino.jpg","datePublished":"2025-07-01T15:07:22+00:00","description":"CONTERNO FANTINO Barolo Castelletto Vigna Pressenda 2020 -Fons Vinum- Der Schluck ist imposant, mit pr\u00e4senten, aber gut dosierten Tanninen...","breadcrumb":{"@id":"https:\/\/fonsvinum.com\/de\/produkt\/conterno-fantino-barolo-castelletto-vigna-pressenda-2020-2\/#breadcrumb"},"inLanguage":"de","potentialAction":[{"@type":"ReadAction","target":["https:\/\/fonsvinum.com\/de\/produkt\/conterno-fantino-barolo-castelletto-vigna-pressenda-2020-2\/"]}]},{"@type":"ImageObject","inLanguage":"de","@id":"https:\/\/fonsvinum.com\/de\/produkt\/conterno-fantino-barolo-castelletto-vigna-pressenda-2020-2\/#primaryimage","url":"https:\/\/fonsvinum.com\/files\/2020\/04\/barolo-castelletto-vigna-pressenda-conterno-fantino.jpg","contentUrl":"https:\/\/fonsvinum.com\/files\/2020\/04\/barolo-castelletto-vigna-pressenda-conterno-fantino.jpg","width":200,"height":600},{"@type":"BreadcrumbList","@id":"https:\/\/fonsvinum.com\/de\/produkt\/conterno-fantino-barolo-castelletto-vigna-pressenda-2020-2\/#breadcrumb","itemListElement":[{"@type":"ListItem","position":1,"name":"Startseite","item":"https:\/\/fonsvinum.com\/de\/"},{"@type":"ListItem","position":2,"name":"Shop","item":"https:\/\/fonsvinum.com\/de\/shop\/"},{"@type":"ListItem","position":3,"name":"CONTERNO FANTINO Barolo Castelletto Vigna Pressenda 2020"}]},{"@type":"WebSite","@id":"https:\/\/fonsvinum.com\/en\/#website","url":"https:\/\/fonsvinum.com\/en\/","name":"Fons Vinum","description":"Vendita Vino Online","publisher":{"@id":"https:\/\/fonsvinum.com\/en\/#organization"},"potentialAction":[{"@type":"SearchAction","target":{"@type":"EntryPoint","urlTemplate":"https:\/\/fonsvinum.com\/en\/?s={search_term_string}"},"query-input":{"@type":"PropertyValueSpecification","valueRequired":true,"valueName":"search_term_string"}}],"inLanguage":"de"},{"@type":"Organization","@id":"https:\/\/fonsvinum.com\/en\/#organization","name":"Fons Vinum","url":"https:\/\/fonsvinum.com\/en\/","logo":{"@type":"ImageObject","inLanguage":"de","@id":"https:\/\/fonsvinum.com\/en\/#\/schema\/logo\/image\/","url":"","contentUrl":"","caption":"Fons Vinum"},"image":{"@id":"https:\/\/fonsvinum.com\/en\/#\/schema\/logo\/image\/"}}]}},"acf":[],"_links":{"self":[{"href":"https:\/\/fonsvinum.com\/de\/wp-json\/wp\/v2\/product\/49390","targetHints":{"allow":["GET"]}}],"collection":[{"href":"https:\/\/fonsvinum.com\/de\/wp-json\/wp\/v2\/product"}],"about":[{"href":"https:\/\/fonsvinum.com\/de\/wp-json\/wp\/v2\/types\/product"}],"replies":[{"embeddable":true,"href":"https:\/\/fonsvinum.com\/de\/wp-json\/wp\/v2\/comments?post=49390"}],"wp:featuredmedia":[{"embeddable":true,"href":"https:\/\/fonsvinum.com\/de\/wp-json\/wp\/v2\/media\/24116"}],"wp:attachment":[{"href":"https:\/\/fonsvinum.com\/de\/wp-json\/wp\/v2\/media?parent=49390"}],"wp:term":[{"taxonomy":"product_brand","embeddable":true,"href":"https:\/\/fonsvinum.com\/de\/wp-json\/wp\/v2\/product_brand?post=49390"},{"taxonomy":"product_cat","embeddable":true,"href":"https:\/\/fonsvinum.com\/de\/wp-json\/wp\/v2\/product_cat?post=49390"},{"taxonomy":"product_tag","embeddable":true,"href":"https:\/\/fonsvinum.com\/de\/wp-json\/wp\/v2\/product_tag?post=49390"}],"curies":[{"name":"wp","href":"https:\/\/api.w.org\/{rel}","templated":true}]}}