{"id":49356,"date":"2026-04-14T08:05:01","date_gmt":"2026-04-14T06:05:01","guid":{"rendered":"https:\/\/fonsvinum.com\/?post_type=product&#038;p=49356"},"modified":"2026-04-14T08:13:44","modified_gmt":"2026-04-14T06:13:44","slug":"oddero-gallina-barbaresco-2022","status":"publish","type":"product","link":"https:\/\/fonsvinum.com\/de\/produkt\/oddero-gallina-barbaresco-2022\/","title":{"rendered":"ODDERO Gallina Barbaresco 2022"},"content":{"rendered":"<h1><span class=\"a-size-medium a-color-base\"><a href=\"https:\/\/fonsvinum.com\/de\/?s=ODDERO&amp;post_type=product\">ODDERO<\/a> Gallina <a href=\"https:\/\/fonsvinum.com\/de\/produkt-kategorie\/rotweine-de\/barbaresco-de\/\">Barbaresco<\/a> 2022<\/span><\/h1>\n<h2>Weingut <a href=\"https:\/\/www.oddero.it\/\">Oddero<\/a><\/h2>\n<p>Wie eine nat\u00fcrliche Terrasse \u00fcber die H\u00fcgel der Langhe im Piemont blickend, produziert das Weingut Poderi e Cantine Oddero seit jeher Wein ausschlie\u00dflich aus Trauben eigener Weinberge. Die Weinberge und H\u00f6fe befinden sich seit vor 1700 im Besitz der Familie Oddero. Heute ist es eine traditionsreiche Marke unter den Barolo-Produzenten.<\/p>\n<p>Nachdem das Weingut \u00fcber Generationen in M\u00e4nnerhand war, wird es heute von Mariacristina und Mariavittoria, den T\u00f6chtern von Giacomo Oddero, einer bekannten Pers\u00f6nlichkeit in der Langhe und dar\u00fcber hinaus, gef\u00fchrt. Hier vereinen sich traditionelles Wissen und moderne Techniken. Jeder Produktionsschritt wird mit Geduld und Sorgfalt ausgef\u00fchrt.<\/p>\n<p>Das Anwesen umfasst 35 Hektar Rebfl\u00e4che, davon sind \u00fcber 16 Hektar mit Nebbiolo f\u00fcr Barolo bepflanzt. Aus diesen Trauben werden einige der besten Weine der Langhe-Region gekeltert, deren Geschichte auf \u00fcber zwei Jahrhunderte zur\u00fcckblickt: ein Beispiel daf\u00fcr, wie man die Vergangenheit bewahrt, die Gegenwart gestaltet und dank der Achtung vor der Tradition und der \u00e4u\u00dfersten Sorgfalt und Aufmerksamkeit, die den Weinbergen und Weinen gewidmet wird, die Grundlagen f\u00fcr die Zukunft legt.<\/p>\n<h3>BARBARESCO GALLINA<\/h3>\n<p>ODDERO Gallina Barbaresco 2022. Elegant und lagerf\u00e4hig, wird er aus 100 % Nebbiolo-Trauben hergestellt, reift 24 Monate in Eichenf\u00e4ssern und erh\u00e4lt anschlie\u00dfend weitere 6 Monate Flaschenreife. Als perfekter Ausdruck eines Terroirs, das besonders gut exzellente Weine hervorbringt, bringt der Barbaresco Gallina DOCG die charakteristischen Merkmale der prestigetr\u00e4chtigen Appellation, zu der er geh\u00f6rt, pr\u00e4zise und stolz zum Ausdruck.<\/p>\n<h3>Weingut und Ausbau<\/h3>\n<p>Der Bewirtschaftung der Weinberge wird gr\u00f6\u00dfte Bedeutung beigemessen. Dar\u00fcber hinaus erfolgt eine sorgf\u00e4ltige manuelle Selektion der Trauben sowohl im Weinberg als auch im Keller.<br \/>\nDie Trauben werden entrappt und gequetscht, die alkoholische G\u00e4rung und die Mazeration erfolgen 25 Tage lang in Edelstahltanks bei einer kontrollierten Temperatur von 28\u201329 \u00b0C.<br \/>\nIm Dezember findet die malolaktische G\u00e4rung statt.<\/p>\n<p>Der Ausbau erfolgt in 20\u201330 hl gro\u00dfen franz\u00f6sischen und \u00f6sterreichischen Eichenf\u00e4ssern. Die Reifezeit betr\u00e4gt ca. 24 Monate; die Abf\u00fcllung erfolgt im Sp\u00e4tsommer. Vor der Freigabe reift der Wein weitere sechs Monate in der Flasche.<\/p>\n<p>Verkostungsnotizen: Rubinrote Farbe mit subtilen granatroten Reflexen.<br \/>\nBesonders fein in der Nase, ausgewogen und komplex mit olfaktorischen Noten von reifen roten Fr\u00fcchten, Gew\u00fcrzen und Veilchen, typisch f\u00fcr Nebbiolo.<br \/>\nKompakte Tannine, ausgezeichneter, langer Abgang.<\/p>\n<p>&nbsp;<\/p>\n","protected":false},"excerpt":{"rendered":"<p>ODDERO Gallina Barbaresco 2022 Weingut Oddero Wie eine nat\u00fcrliche Terrasse \u00fcber die H\u00fcgel der Langhe im Piemont blickend, produziert das Weingut Poderi e Cantine Oddero seit jeher Wein ausschlie\u00dflich aus Trauben eigener Weinberge. Die Weinberge und H\u00f6fe befinden sich seit vor 1700 im Besitz der Familie Oddero. Heute ist es eine traditionsreiche Marke unter den [&hellip;]<\/p>\n","protected":false},"featured_media":7199,"comment_status":"open","ping_status":"closed","template":"","meta":{"_acf_changed":false,"_monsterinsights_skip_tracking":false,"_monsterinsights_sitenote_active":false,"_monsterinsights_sitenote_note":"","_monsterinsights_sitenote_category":0},"product_brand":[],"product_cat":[1773],"product_tag":[15895,15893,15959],"class_list":{"0":"post-49356","1":"product","2":"type-product","3":"status-publish","4":"has-post-thumbnail","6":"product_cat-barbaresco-de","7":"product_tag-barbaresco-de-2","8":"product_tag-piemonte-de","9":"product_tag-vino-rosso-de","10":"pa_appellation-barbaresco-docg-de","11":"pa_formato-0-75-l-flasche-de","12":"pa_producer-poderi-e-cantine-oddero-de-2","13":"pa_region-piemont-de","14":"pa_vine-100-nebbiolo-de","15":"pa_vintage-18397","17":"first","18":"instock","19":"taxable","20":"shipping-taxable","21":"purchasable","22":"product-type-simple"},"bundled_by":[],"bundle_stock_status":"instock","bundle_stock_quantity":6,"bundle_virtual":false,"bundle_layout":"","bundle_add_to_cart_form_location":"","bundle_editable_in_cart":false,"bundle_sold_individually_context":"","bundle_item_grouping":"","bundle_min_size":"","bundle_max_size":"","bundle_price":[],"bundled_items":[],"bundle_sell_ids":[],"yoast_head":"<!-- This site is optimized with the Yoast SEO plugin v27.2 - https:\/\/yoast.com\/product\/yoast-seo-wordpress\/ -->\n<title>ODDERO Gallina Barbaresco 2022<\/title>\n<meta name=\"description\" content=\"ODDERO Gallina Barbaresco 2022\" \/>\n<meta name=\"robots\" content=\"index, follow, max-snippet:-1, max-image-preview:large, max-video-preview:-1\" \/>\n<link rel=\"canonical\" href=\"https:\/\/fonsvinum.com\/de\/produkt\/oddero-gallina-barbaresco-2022\/\" \/>\n<meta property=\"og:locale\" content=\"de_DE\" \/>\n<meta property=\"og:type\" content=\"article\" \/>\n<meta property=\"og:title\" content=\"ODDERO Gallina Barbaresco 2022\" \/>\n<meta property=\"og:description\" content=\"ODDERO Gallina Barbaresco 2022\" \/>\n<meta property=\"og:url\" content=\"https:\/\/fonsvinum.com\/de\/produkt\/oddero-gallina-barbaresco-2022\/\" \/>\n<meta property=\"og:site_name\" content=\"Fons Vinum\" \/>\n<meta property=\"article:modified_time\" content=\"2026-04-14T06:13:44+00:00\" \/>\n<meta property=\"og:image\" content=\"https:\/\/fonsvinum.com\/files\/2016\/01\/Barbaresco-Gallina-Oddero.png\" \/>\n\t<meta property=\"og:image:width\" content=\"200\" \/>\n\t<meta property=\"og:image:height\" content=\"600\" \/>\n\t<meta property=\"og:image:type\" content=\"image\/png\" \/>\n<meta name=\"twitter:label1\" content=\"Gesch\u00e4tzte Lesezeit\" \/>\n\t<meta name=\"twitter:data1\" content=\"3\u00a0Minuten\" \/>\n<script type=\"application\/ld+json\" class=\"yoast-schema-graph\">{\"@context\":\"https:\/\/schema.org\",\"@graph\":[{\"@type\":\"WebPage\",\"@id\":\"https:\/\/fonsvinum.com\/de\/produkt\/oddero-gallina-barbaresco-2022\/\",\"url\":\"https:\/\/fonsvinum.com\/de\/produkt\/oddero-gallina-barbaresco-2022\/\",\"name\":\"ODDERO Gallina Barbaresco 2022\",\"isPartOf\":{\"@id\":\"https:\/\/fonsvinum.com\/en\/#website\"},\"primaryImageOfPage\":{\"@id\":\"https:\/\/fonsvinum.com\/de\/produkt\/oddero-gallina-barbaresco-2022\/#primaryimage\"},\"image\":{\"@id\":\"https:\/\/fonsvinum.com\/de\/produkt\/oddero-gallina-barbaresco-2022\/#primaryimage\"},\"thumbnailUrl\":\"https:\/\/fonsvinum.com\/files\/2016\/01\/Barbaresco-Gallina-Oddero.png\",\"datePublished\":\"2026-04-14T06:05:01+00:00\",\"dateModified\":\"2026-04-14T06:13:44+00:00\",\"description\":\"ODDERO Gallina Barbaresco 2022\",\"breadcrumb\":{\"@id\":\"https:\/\/fonsvinum.com\/de\/produkt\/oddero-gallina-barbaresco-2022\/#breadcrumb\"},\"inLanguage\":\"de\",\"potentialAction\":[{\"@type\":\"ReadAction\",\"target\":[\"https:\/\/fonsvinum.com\/de\/produkt\/oddero-gallina-barbaresco-2022\/\"]}]},{\"@type\":\"ImageObject\",\"inLanguage\":\"de\",\"@id\":\"https:\/\/fonsvinum.com\/de\/produkt\/oddero-gallina-barbaresco-2022\/#primaryimage\",\"url\":\"https:\/\/fonsvinum.com\/files\/2016\/01\/Barbaresco-Gallina-Oddero.png\",\"contentUrl\":\"https:\/\/fonsvinum.com\/files\/2016\/01\/Barbaresco-Gallina-Oddero.png\",\"width\":200,\"height\":600},{\"@type\":\"BreadcrumbList\",\"@id\":\"https:\/\/fonsvinum.com\/de\/produkt\/oddero-gallina-barbaresco-2022\/#breadcrumb\",\"itemListElement\":[{\"@type\":\"ListItem\",\"position\":1,\"name\":\"Startseite\",\"item\":\"https:\/\/fonsvinum.com\/de\/\"},{\"@type\":\"ListItem\",\"position\":2,\"name\":\"Shop\",\"item\":\"https:\/\/fonsvinum.com\/de\/shop\/\"},{\"@type\":\"ListItem\",\"position\":3,\"name\":\"ODDERO Gallina Barbaresco 2022\"}]},{\"@type\":\"WebSite\",\"@id\":\"https:\/\/fonsvinum.com\/en\/#website\",\"url\":\"https:\/\/fonsvinum.com\/en\/\",\"name\":\"Fons Vinum\",\"description\":\"Vendita Vino Online\",\"publisher\":{\"@id\":\"https:\/\/fonsvinum.com\/en\/#organization\"},\"potentialAction\":[{\"@type\":\"SearchAction\",\"target\":{\"@type\":\"EntryPoint\",\"urlTemplate\":\"https:\/\/fonsvinum.com\/en\/?s={search_term_string}\"},\"query-input\":{\"@type\":\"PropertyValueSpecification\",\"valueRequired\":true,\"valueName\":\"search_term_string\"}}],\"inLanguage\":\"de\"},{\"@type\":\"Organization\",\"@id\":\"https:\/\/fonsvinum.com\/en\/#organization\",\"name\":\"Fons Vinum\",\"url\":\"https:\/\/fonsvinum.com\/en\/\",\"logo\":{\"@type\":\"ImageObject\",\"inLanguage\":\"de\",\"@id\":\"https:\/\/fonsvinum.com\/en\/#\/schema\/logo\/image\/\",\"url\":\"\",\"contentUrl\":\"\",\"caption\":\"Fons Vinum\"},\"image\":{\"@id\":\"https:\/\/fonsvinum.com\/en\/#\/schema\/logo\/image\/\"}}]}<\/script>\n<!-- \/ Yoast SEO plugin. -->","yoast_head_json":{"title":"ODDERO Gallina Barbaresco 2022","description":"ODDERO Gallina Barbaresco 2022","robots":{"index":"index","follow":"follow","max-snippet":"max-snippet:-1","max-image-preview":"max-image-preview:large","max-video-preview":"max-video-preview:-1"},"canonical":"https:\/\/fonsvinum.com\/de\/produkt\/oddero-gallina-barbaresco-2022\/","og_locale":"de_DE","og_type":"article","og_title":"ODDERO Gallina Barbaresco 2022","og_description":"ODDERO Gallina Barbaresco 2022","og_url":"https:\/\/fonsvinum.com\/de\/produkt\/oddero-gallina-barbaresco-2022\/","og_site_name":"Fons Vinum","article_modified_time":"2026-04-14T06:13:44+00:00","og_image":[{"width":200,"height":600,"url":"https:\/\/fonsvinum.com\/files\/2016\/01\/Barbaresco-Gallina-Oddero.png","type":"image\/png"}],"twitter_misc":{"Gesch\u00e4tzte Lesezeit":"3\u00a0Minuten"},"schema":{"@context":"https:\/\/schema.org","@graph":[{"@type":"WebPage","@id":"https:\/\/fonsvinum.com\/de\/produkt\/oddero-gallina-barbaresco-2022\/","url":"https:\/\/fonsvinum.com\/de\/produkt\/oddero-gallina-barbaresco-2022\/","name":"ODDERO Gallina Barbaresco 2022","isPartOf":{"@id":"https:\/\/fonsvinum.com\/en\/#website"},"primaryImageOfPage":{"@id":"https:\/\/fonsvinum.com\/de\/produkt\/oddero-gallina-barbaresco-2022\/#primaryimage"},"image":{"@id":"https:\/\/fonsvinum.com\/de\/produkt\/oddero-gallina-barbaresco-2022\/#primaryimage"},"thumbnailUrl":"https:\/\/fonsvinum.com\/files\/2016\/01\/Barbaresco-Gallina-Oddero.png","datePublished":"2026-04-14T06:05:01+00:00","dateModified":"2026-04-14T06:13:44+00:00","description":"ODDERO Gallina Barbaresco 2022","breadcrumb":{"@id":"https:\/\/fonsvinum.com\/de\/produkt\/oddero-gallina-barbaresco-2022\/#breadcrumb"},"inLanguage":"de","potentialAction":[{"@type":"ReadAction","target":["https:\/\/fonsvinum.com\/de\/produkt\/oddero-gallina-barbaresco-2022\/"]}]},{"@type":"ImageObject","inLanguage":"de","@id":"https:\/\/fonsvinum.com\/de\/produkt\/oddero-gallina-barbaresco-2022\/#primaryimage","url":"https:\/\/fonsvinum.com\/files\/2016\/01\/Barbaresco-Gallina-Oddero.png","contentUrl":"https:\/\/fonsvinum.com\/files\/2016\/01\/Barbaresco-Gallina-Oddero.png","width":200,"height":600},{"@type":"BreadcrumbList","@id":"https:\/\/fonsvinum.com\/de\/produkt\/oddero-gallina-barbaresco-2022\/#breadcrumb","itemListElement":[{"@type":"ListItem","position":1,"name":"Startseite","item":"https:\/\/fonsvinum.com\/de\/"},{"@type":"ListItem","position":2,"name":"Shop","item":"https:\/\/fonsvinum.com\/de\/shop\/"},{"@type":"ListItem","position":3,"name":"ODDERO Gallina Barbaresco 2022"}]},{"@type":"WebSite","@id":"https:\/\/fonsvinum.com\/en\/#website","url":"https:\/\/fonsvinum.com\/en\/","name":"Fons Vinum","description":"Vendita Vino Online","publisher":{"@id":"https:\/\/fonsvinum.com\/en\/#organization"},"potentialAction":[{"@type":"SearchAction","target":{"@type":"EntryPoint","urlTemplate":"https:\/\/fonsvinum.com\/en\/?s={search_term_string}"},"query-input":{"@type":"PropertyValueSpecification","valueRequired":true,"valueName":"search_term_string"}}],"inLanguage":"de"},{"@type":"Organization","@id":"https:\/\/fonsvinum.com\/en\/#organization","name":"Fons Vinum","url":"https:\/\/fonsvinum.com\/en\/","logo":{"@type":"ImageObject","inLanguage":"de","@id":"https:\/\/fonsvinum.com\/en\/#\/schema\/logo\/image\/","url":"","contentUrl":"","caption":"Fons Vinum"},"image":{"@id":"https:\/\/fonsvinum.com\/en\/#\/schema\/logo\/image\/"}}]}},"acf":[],"_links":{"self":[{"href":"https:\/\/fonsvinum.com\/de\/wp-json\/wp\/v2\/product\/49356","targetHints":{"allow":["GET"]}}],"collection":[{"href":"https:\/\/fonsvinum.com\/de\/wp-json\/wp\/v2\/product"}],"about":[{"href":"https:\/\/fonsvinum.com\/de\/wp-json\/wp\/v2\/types\/product"}],"replies":[{"embeddable":true,"href":"https:\/\/fonsvinum.com\/de\/wp-json\/wp\/v2\/comments?post=49356"}],"wp:featuredmedia":[{"embeddable":true,"href":"https:\/\/fonsvinum.com\/de\/wp-json\/wp\/v2\/media\/7199"}],"wp:attachment":[{"href":"https:\/\/fonsvinum.com\/de\/wp-json\/wp\/v2\/media?parent=49356"}],"wp:term":[{"taxonomy":"product_brand","embeddable":true,"href":"https:\/\/fonsvinum.com\/de\/wp-json\/wp\/v2\/product_brand?post=49356"},{"taxonomy":"product_cat","embeddable":true,"href":"https:\/\/fonsvinum.com\/de\/wp-json\/wp\/v2\/product_cat?post=49356"},{"taxonomy":"product_tag","embeddable":true,"href":"https:\/\/fonsvinum.com\/de\/wp-json\/wp\/v2\/product_tag?post=49356"}],"curies":[{"name":"wp","href":"https:\/\/api.w.org\/{rel}","templated":true}]}}