{"id":49348,"date":"2026-04-14T07:40:26","date_gmt":"2026-04-14T05:40:26","guid":{"rendered":"https:\/\/fonsvinum.com\/?post_type=product&#038;p=49348"},"modified":"2026-04-14T07:44:00","modified_gmt":"2026-04-14T05:44:00","slug":"barbaresco-gaiun-martinenga-marchesi-di-gresy-2018","status":"publish","type":"product","link":"https:\/\/fonsvinum.com\/de\/produkt\/barbaresco-gaiun-martinenga-marchesi-di-gresy-2018\/","title":{"rendered":"Barbaresco Gaiun Martinenga Marchesi di Gresy 2018"},"content":{"rendered":"<h1><a href=\"https:\/\/fonsvinum.com\/de\/produkt-kategorie\/rotweine-de\/barbaresco-de\/\">Barbaresco<\/a> Gaiun Martinenga <a href=\"https:\/\/fonsvinum.com\/de\/?s=marchesi+di+gresy&amp;post_type=product\">Marchesi<\/a> di Gresy 2018<\/h1>\n<h3>Weingut Martinenga<\/h3>\n<h2>Tenuta Cisa Asinari <a href=\"https:\/\/www.marchesidigresy.com\/\">Marchesi di Gresy<\/a><\/h2>\n<p>Martinenga ist zweifellos das wichtigste Weingut. Es ist sogar der Hauptsitz des Unternehmens.<br \/>\nEs umfasst zw\u00f6lf Hektar, die sich in einem pr\u00e4chtigen nat\u00fcrlichen Amphitheater erstrecken. Im S\u00fcden \u00fcberblickt es die H\u00fcgel von Barbaresco und im Westen den Fluss Tanaro. Die perfekte Ausrichtung, das komplexe Mikroklima und die einzigartige Bodenbeschaffenheit \u2013 reich an Tuffstein und blauem Mergel aus der Langhe \u2013 verleihen den hier erzeugten Weinen unvergleichliche Harmonie und Eleganz, selbst in den schwierigsten Jahrg\u00e4ngen.<br \/>\nWir befinden uns im Herzen des Barbaresco DOCG-Anbaugebiets. Martinenga repr\u00e4sentiert die wichtigste und anerkannteste MeGA (Zus\u00e4tzliche Geografische Bezeichnung).<\/p>\n<h3>Ein Weingut, drei Ausdrucksformen von Barbaresco.<\/h3>\n<p>Das Terroir von Martinenga ist au\u00dferordentlich facettenreich. Dar\u00fcber hinaus besitzt die Nebbiolo-Traube die F\u00e4higkeit, den Boden, in dem sie w\u00e4chst, pr\u00e4zise zu \u201elesen\u201c. Aus diesem Grund wurde die nat\u00fcrliche Vielfalt unseres geschwungenen Weinbergs bewusst genutzt. Tats\u00e4chlich wurden zwei weitere Selektionen innerhalb des Weinbergs identifiziert: Gaiun und Camp Gros. Sie, von den gegen\u00fcberliegenden Enden des Amphitheaters gelegen, bringen die feinsten Auspr\u00e4gungen des Martinenga hervor.<br \/>\nDie gesamte Barbaresco DOCG-Produktion, die unter dem Namen \u201eMartinenga\u201c vermarktet wird, befindet sich seit 1797 im exklusiven Besitz der Familie und stellt heute das einzige Weinmonopol in der gesamten Region dar.<br \/>\nAngebaute Rebsorten: Nebbiolo, Barbera, Cabernet Sauvignon, Chardonnay, Sauvignon Blanc.<\/p>\n<h2>GAIUN MARTINENGA BARBARESCO DOCG<\/h2>\n<p>Barbaresco Gaiun Martinenga Marchesi di Gresy 2018. Dieser Wein wurde 1982 als Selektion eines Teils des Martinenga-Weinbergs bei Asili kreiert und wird nur in den besten Jahrg\u00e4ngen produziert. Sein etwas internationalerer Geschmack, der durch die Reifung in kleinen franz\u00f6sischen Eichenf\u00e4ssern entsteht, hat ihm beachtlichen Erfolg beschert. Seine bemerkenswerte Struktur verbindet sich stets mit der Klasse und Eleganz, die nur Martinenga bieten kann. Er besitzt gro\u00dfes Entwicklungspotenzial und harmoniert hervorragend mit Wildgerichten, aber auch mit kr\u00e4ftigen Hauptspeisen und gereiftem K\u00e4se.<\/p>\n<h3>Weinbereitung und Ausbau<\/h3>\n<p>Rotweinbereitung mit Maischeg\u00e4rung: Acht bis zehn Tage offen bei kontrollierter Temperatur, anschlie\u00dfend zwanzig bis drei\u00dfig Tage untergetaucht. Nach der alkoholischen G\u00e4rung folgt die malolaktische G\u00e4rung. 28 Monate Ausbau in franz\u00f6sischen Eichenf\u00e4ssern, gefolgt von Flaschenreifung vor dem Verkauf.<\/p>\n<h3>Sensorische Analyse<\/h3>\n<p>Farbe: Intensives, leuchtendes Granatrot mit kupferfarbenen Reflexen.<br \/>\nDuft: Ankl\u00e4nge von s\u00fc\u00dfem Tabak, Lakritz und schwarzem Pfeffer vermischen sich mit balsamischen und schokoladigen Noten.<br \/>\nGeschmack: Elegant strukturiert und harmonisch mit feinen, s\u00fc\u00dfen Tanninen. Speiseempfehlung<br \/>\nIdeal zu Wildgerichten, rotem Fleisch sowie gereiftem und Hartk\u00e4se. Probieren Sie ihn zu dunkler Schokolade.<\/p>\n","protected":false},"excerpt":{"rendered":"<p>Barbaresco Gaiun Martinenga Marchesi di Gresy 2018 Weingut Martinenga Tenuta Cisa Asinari Marchesi di Gresy Martinenga ist zweifellos das wichtigste Weingut. Es ist sogar der Hauptsitz des Unternehmens. Es umfasst zw\u00f6lf Hektar, die sich in einem pr\u00e4chtigen nat\u00fcrlichen Amphitheater erstrecken. Im S\u00fcden \u00fcberblickt es die H\u00fcgel von Barbaresco und im Westen den Fluss Tanaro. Die [&hellip;]<\/p>\n","protected":false},"featured_media":21914,"comment_status":"open","ping_status":"closed","template":"","meta":{"_acf_changed":false,"_monsterinsights_skip_tracking":false,"_monsterinsights_sitenote_active":false,"_monsterinsights_sitenote_note":"","_monsterinsights_sitenote_category":0},"product_brand":[],"product_cat":[1773],"product_tag":[1751,15895],"class_list":{"0":"post-49348","1":"product","2":"type-product","3":"status-publish","4":"has-post-thumbnail","6":"product_cat-barbaresco-de","7":"product_tag-aussergewoehnliche-weine-aus-italien-de","8":"product_tag-barbaresco-de-2","9":"pa_appellation-barbaresco-docg-de","10":"pa_formato-0-75-l-flasche-de","11":"pa_producer-marchesi-di-gresy-de","12":"pa_region-piemont-de","13":"pa_vine-100-nebbiolo-de","14":"pa_vintage-2018-de","16":"first","17":"instock","18":"taxable","19":"shipping-taxable","20":"purchasable","21":"product-type-simple"},"bundled_by":[],"bundle_stock_status":"instock","bundle_stock_quantity":6,"bundle_virtual":false,"bundle_layout":"","bundle_add_to_cart_form_location":"","bundle_editable_in_cart":false,"bundle_sold_individually_context":"","bundle_item_grouping":"","bundle_min_size":"","bundle_max_size":"","bundle_price":[],"bundled_items":[],"bundle_sell_ids":[],"yoast_head":"<!-- This site is optimized with the Yoast SEO plugin v27.2 - https:\/\/yoast.com\/product\/yoast-seo-wordpress\/ -->\n<title>Barbaresco Gaiun Martinenga Marchesi di Gresy 2018<\/title>\n<meta name=\"description\" content=\"Barbaresco Gaiun Martinenga Marchesi di Gresy 2018 - Fons Vinum\" \/>\n<meta name=\"robots\" content=\"index, follow, max-snippet:-1, max-image-preview:large, max-video-preview:-1\" \/>\n<link rel=\"canonical\" href=\"https:\/\/fonsvinum.com\/de\/produkt\/barbaresco-gaiun-martinenga-marchesi-di-gresy-2018\/\" \/>\n<meta property=\"og:locale\" content=\"de_DE\" \/>\n<meta property=\"og:type\" content=\"article\" \/>\n<meta property=\"og:title\" content=\"Barbaresco Gaiun Martinenga Marchesi di Gresy 2018\" \/>\n<meta property=\"og:description\" content=\"Barbaresco Gaiun Martinenga Marchesi di Gresy 2018 - Fons Vinum\" \/>\n<meta property=\"og:url\" content=\"https:\/\/fonsvinum.com\/de\/produkt\/barbaresco-gaiun-martinenga-marchesi-di-gresy-2018\/\" \/>\n<meta property=\"og:site_name\" content=\"Fons Vinum\" \/>\n<meta property=\"article:modified_time\" content=\"2026-04-14T05:44:00+00:00\" \/>\n<meta property=\"og:image\" content=\"https:\/\/fonsvinum.com\/files\/2020\/01\/barbaresco-gaiun-martinenga-marchesi-di-gresy.jpg\" \/>\n\t<meta property=\"og:image:width\" content=\"200\" \/>\n\t<meta property=\"og:image:height\" content=\"600\" \/>\n\t<meta property=\"og:image:type\" content=\"image\/jpeg\" \/>\n<meta name=\"twitter:label1\" content=\"Gesch\u00e4tzte Lesezeit\" \/>\n\t<meta name=\"twitter:data1\" content=\"3\u00a0Minuten\" \/>\n<script type=\"application\/ld+json\" class=\"yoast-schema-graph\">{\"@context\":\"https:\/\/schema.org\",\"@graph\":[{\"@type\":\"WebPage\",\"@id\":\"https:\/\/fonsvinum.com\/de\/produkt\/barbaresco-gaiun-martinenga-marchesi-di-gresy-2018\/\",\"url\":\"https:\/\/fonsvinum.com\/de\/produkt\/barbaresco-gaiun-martinenga-marchesi-di-gresy-2018\/\",\"name\":\"Barbaresco Gaiun Martinenga Marchesi di Gresy 2018\",\"isPartOf\":{\"@id\":\"https:\/\/fonsvinum.com\/en\/#website\"},\"primaryImageOfPage\":{\"@id\":\"https:\/\/fonsvinum.com\/de\/produkt\/barbaresco-gaiun-martinenga-marchesi-di-gresy-2018\/#primaryimage\"},\"image\":{\"@id\":\"https:\/\/fonsvinum.com\/de\/produkt\/barbaresco-gaiun-martinenga-marchesi-di-gresy-2018\/#primaryimage\"},\"thumbnailUrl\":\"https:\/\/fonsvinum.com\/files\/2020\/01\/barbaresco-gaiun-martinenga-marchesi-di-gresy.jpg\",\"datePublished\":\"2026-04-14T05:40:26+00:00\",\"dateModified\":\"2026-04-14T05:44:00+00:00\",\"description\":\"Barbaresco Gaiun Martinenga Marchesi di Gresy 2018 - Fons Vinum\",\"breadcrumb\":{\"@id\":\"https:\/\/fonsvinum.com\/de\/produkt\/barbaresco-gaiun-martinenga-marchesi-di-gresy-2018\/#breadcrumb\"},\"inLanguage\":\"de\",\"potentialAction\":[{\"@type\":\"ReadAction\",\"target\":[\"https:\/\/fonsvinum.com\/de\/produkt\/barbaresco-gaiun-martinenga-marchesi-di-gresy-2018\/\"]}]},{\"@type\":\"ImageObject\",\"inLanguage\":\"de\",\"@id\":\"https:\/\/fonsvinum.com\/de\/produkt\/barbaresco-gaiun-martinenga-marchesi-di-gresy-2018\/#primaryimage\",\"url\":\"https:\/\/fonsvinum.com\/files\/2020\/01\/barbaresco-gaiun-martinenga-marchesi-di-gresy.jpg\",\"contentUrl\":\"https:\/\/fonsvinum.com\/files\/2020\/01\/barbaresco-gaiun-martinenga-marchesi-di-gresy.jpg\",\"width\":200,\"height\":600},{\"@type\":\"BreadcrumbList\",\"@id\":\"https:\/\/fonsvinum.com\/de\/produkt\/barbaresco-gaiun-martinenga-marchesi-di-gresy-2018\/#breadcrumb\",\"itemListElement\":[{\"@type\":\"ListItem\",\"position\":1,\"name\":\"Startseite\",\"item\":\"https:\/\/fonsvinum.com\/de\/\"},{\"@type\":\"ListItem\",\"position\":2,\"name\":\"Shop\",\"item\":\"https:\/\/fonsvinum.com\/de\/shop\/\"},{\"@type\":\"ListItem\",\"position\":3,\"name\":\"Barbaresco Gaiun Martinenga Marchesi di Gresy 2018\"}]},{\"@type\":\"WebSite\",\"@id\":\"https:\/\/fonsvinum.com\/en\/#website\",\"url\":\"https:\/\/fonsvinum.com\/en\/\",\"name\":\"Fons Vinum\",\"description\":\"Vendita Vino Online\",\"publisher\":{\"@id\":\"https:\/\/fonsvinum.com\/en\/#organization\"},\"potentialAction\":[{\"@type\":\"SearchAction\",\"target\":{\"@type\":\"EntryPoint\",\"urlTemplate\":\"https:\/\/fonsvinum.com\/en\/?s={search_term_string}\"},\"query-input\":{\"@type\":\"PropertyValueSpecification\",\"valueRequired\":true,\"valueName\":\"search_term_string\"}}],\"inLanguage\":\"de\"},{\"@type\":\"Organization\",\"@id\":\"https:\/\/fonsvinum.com\/en\/#organization\",\"name\":\"Fons Vinum\",\"url\":\"https:\/\/fonsvinum.com\/en\/\",\"logo\":{\"@type\":\"ImageObject\",\"inLanguage\":\"de\",\"@id\":\"https:\/\/fonsvinum.com\/en\/#\/schema\/logo\/image\/\",\"url\":\"\",\"contentUrl\":\"\",\"caption\":\"Fons Vinum\"},\"image\":{\"@id\":\"https:\/\/fonsvinum.com\/en\/#\/schema\/logo\/image\/\"}}]}<\/script>\n<!-- \/ Yoast SEO plugin. -->","yoast_head_json":{"title":"Barbaresco Gaiun Martinenga Marchesi di Gresy 2018","description":"Barbaresco Gaiun Martinenga Marchesi di Gresy 2018 - Fons Vinum","robots":{"index":"index","follow":"follow","max-snippet":"max-snippet:-1","max-image-preview":"max-image-preview:large","max-video-preview":"max-video-preview:-1"},"canonical":"https:\/\/fonsvinum.com\/de\/produkt\/barbaresco-gaiun-martinenga-marchesi-di-gresy-2018\/","og_locale":"de_DE","og_type":"article","og_title":"Barbaresco Gaiun Martinenga Marchesi di Gresy 2018","og_description":"Barbaresco Gaiun Martinenga Marchesi di Gresy 2018 - Fons Vinum","og_url":"https:\/\/fonsvinum.com\/de\/produkt\/barbaresco-gaiun-martinenga-marchesi-di-gresy-2018\/","og_site_name":"Fons Vinum","article_modified_time":"2026-04-14T05:44:00+00:00","og_image":[{"width":200,"height":600,"url":"https:\/\/fonsvinum.com\/files\/2020\/01\/barbaresco-gaiun-martinenga-marchesi-di-gresy.jpg","type":"image\/jpeg"}],"twitter_misc":{"Gesch\u00e4tzte Lesezeit":"3\u00a0Minuten"},"schema":{"@context":"https:\/\/schema.org","@graph":[{"@type":"WebPage","@id":"https:\/\/fonsvinum.com\/de\/produkt\/barbaresco-gaiun-martinenga-marchesi-di-gresy-2018\/","url":"https:\/\/fonsvinum.com\/de\/produkt\/barbaresco-gaiun-martinenga-marchesi-di-gresy-2018\/","name":"Barbaresco Gaiun Martinenga Marchesi di Gresy 2018","isPartOf":{"@id":"https:\/\/fonsvinum.com\/en\/#website"},"primaryImageOfPage":{"@id":"https:\/\/fonsvinum.com\/de\/produkt\/barbaresco-gaiun-martinenga-marchesi-di-gresy-2018\/#primaryimage"},"image":{"@id":"https:\/\/fonsvinum.com\/de\/produkt\/barbaresco-gaiun-martinenga-marchesi-di-gresy-2018\/#primaryimage"},"thumbnailUrl":"https:\/\/fonsvinum.com\/files\/2020\/01\/barbaresco-gaiun-martinenga-marchesi-di-gresy.jpg","datePublished":"2026-04-14T05:40:26+00:00","dateModified":"2026-04-14T05:44:00+00:00","description":"Barbaresco Gaiun Martinenga Marchesi di Gresy 2018 - Fons Vinum","breadcrumb":{"@id":"https:\/\/fonsvinum.com\/de\/produkt\/barbaresco-gaiun-martinenga-marchesi-di-gresy-2018\/#breadcrumb"},"inLanguage":"de","potentialAction":[{"@type":"ReadAction","target":["https:\/\/fonsvinum.com\/de\/produkt\/barbaresco-gaiun-martinenga-marchesi-di-gresy-2018\/"]}]},{"@type":"ImageObject","inLanguage":"de","@id":"https:\/\/fonsvinum.com\/de\/produkt\/barbaresco-gaiun-martinenga-marchesi-di-gresy-2018\/#primaryimage","url":"https:\/\/fonsvinum.com\/files\/2020\/01\/barbaresco-gaiun-martinenga-marchesi-di-gresy.jpg","contentUrl":"https:\/\/fonsvinum.com\/files\/2020\/01\/barbaresco-gaiun-martinenga-marchesi-di-gresy.jpg","width":200,"height":600},{"@type":"BreadcrumbList","@id":"https:\/\/fonsvinum.com\/de\/produkt\/barbaresco-gaiun-martinenga-marchesi-di-gresy-2018\/#breadcrumb","itemListElement":[{"@type":"ListItem","position":1,"name":"Startseite","item":"https:\/\/fonsvinum.com\/de\/"},{"@type":"ListItem","position":2,"name":"Shop","item":"https:\/\/fonsvinum.com\/de\/shop\/"},{"@type":"ListItem","position":3,"name":"Barbaresco Gaiun Martinenga Marchesi di Gresy 2018"}]},{"@type":"WebSite","@id":"https:\/\/fonsvinum.com\/en\/#website","url":"https:\/\/fonsvinum.com\/en\/","name":"Fons Vinum","description":"Vendita Vino Online","publisher":{"@id":"https:\/\/fonsvinum.com\/en\/#organization"},"potentialAction":[{"@type":"SearchAction","target":{"@type":"EntryPoint","urlTemplate":"https:\/\/fonsvinum.com\/en\/?s={search_term_string}"},"query-input":{"@type":"PropertyValueSpecification","valueRequired":true,"valueName":"search_term_string"}}],"inLanguage":"de"},{"@type":"Organization","@id":"https:\/\/fonsvinum.com\/en\/#organization","name":"Fons Vinum","url":"https:\/\/fonsvinum.com\/en\/","logo":{"@type":"ImageObject","inLanguage":"de","@id":"https:\/\/fonsvinum.com\/en\/#\/schema\/logo\/image\/","url":"","contentUrl":"","caption":"Fons Vinum"},"image":{"@id":"https:\/\/fonsvinum.com\/en\/#\/schema\/logo\/image\/"}}]}},"acf":[],"_links":{"self":[{"href":"https:\/\/fonsvinum.com\/de\/wp-json\/wp\/v2\/product\/49348","targetHints":{"allow":["GET"]}}],"collection":[{"href":"https:\/\/fonsvinum.com\/de\/wp-json\/wp\/v2\/product"}],"about":[{"href":"https:\/\/fonsvinum.com\/de\/wp-json\/wp\/v2\/types\/product"}],"replies":[{"embeddable":true,"href":"https:\/\/fonsvinum.com\/de\/wp-json\/wp\/v2\/comments?post=49348"}],"wp:featuredmedia":[{"embeddable":true,"href":"https:\/\/fonsvinum.com\/de\/wp-json\/wp\/v2\/media\/21914"}],"wp:attachment":[{"href":"https:\/\/fonsvinum.com\/de\/wp-json\/wp\/v2\/media?parent=49348"}],"wp:term":[{"taxonomy":"product_brand","embeddable":true,"href":"https:\/\/fonsvinum.com\/de\/wp-json\/wp\/v2\/product_brand?post=49348"},{"taxonomy":"product_cat","embeddable":true,"href":"https:\/\/fonsvinum.com\/de\/wp-json\/wp\/v2\/product_cat?post=49348"},{"taxonomy":"product_tag","embeddable":true,"href":"https:\/\/fonsvinum.com\/de\/wp-json\/wp\/v2\/product_tag?post=49348"}],"curies":[{"name":"wp","href":"https:\/\/api.w.org\/{rel}","templated":true}]}}